{"id":5880,"date":"2023-05-09T08:31:05","date_gmt":"2023-05-09T08:31:05","guid":{"rendered":"https:\/\/www.safinel.fr\/?post_type=product&#038;p=5880"},"modified":"2025-07-27T01:19:37","modified_gmt":"2025-07-27T01:19:37","slug":"aceite-puro-de-azafran","status":"publish","type":"product","link":"https:\/\/www.safinel.fr\/es\/product-2\/aceite-puro-de-azafran\/","title":{"rendered":"Aceite puro de azafr\u00e1n 30 ml"},"content":{"rendered":"<p><strong>Aceite de azafr\u00e1n<\/strong>\u00a0es una aut\u00e9ntica innovaci\u00f3n que a\u00fan no se conoce ampliamente. Y sin embargo esta\u00a0<strong>especias<\/strong>\u00a0no es nada nuevo. \u00a1Y eso es quedarse corto! Descubra Vertus D'Orient, un producto con m\u00faltiples usos y sorprendentes beneficios.<\/p>\n<h2><strong>Aceite de azafr\u00e1n: oro rojo en forma l\u00edquida<\/strong><\/h2>\n<p>Recibe el apodo de \"oro rojo\" por su rareza y su precio, \u00a1casi 40.000 euros! El azafr\u00e1n se utiliza desde la antig\u00fcedad. Hoy en d\u00eda, Marruecos es uno de los pa\u00edses que m\u00e1s lo utiliza.<\/p>\n<p>Por estas y otras razones, hemos seleccionado\u00a0<strong>30 ml de aceite de azafr\u00e1n ecol\u00f3gico de Marruecos<\/strong>. Este aceite vegetal se extrae mec\u00e1nicamente.\u00a0<strong>No se utilizan disolventes ni conservantes<\/strong>\u00a0!<\/p>\n<h2><strong>Todos los beneficios del aceite puro de azafr\u00e1n<\/strong><\/h2>\n<p>Este\u00a0<strong>especias orientales<\/strong>, \u00a1No es s\u00f3lo el precio lo que nos sorprende! Por estas razones, he aqu\u00ed algunas virtudes derivadas del famoso aceite de azafr\u00e1n ecol\u00f3gico:<\/p>\n<ul>\n<li>\u00a0\u00a0\u00a0\u00a0\u00datil para dolores articulares y musculares; ;<\/li>\n<li>\u00a0\u00a0\u00a0\u00a0Es conocida por sus propiedades calmantes; ;<\/li>\n<li>\u00a0\u00a0\u00a0\u00a0Este aceite de azafr\u00e1n contiene antioxidantes, \u00fatiles contra el envejecimiento de la piel; ;<\/li>\n<li>\u00a0\u00a0\u00a0\u00a0Es conocida por sus efectos afrodis\u00edacos y estimulantes, especialmente en los hombres; ;<\/li>\n<li>\u00a0\u00a0\u00a0\u00a0Le permite\u00a0<a href=\"https:\/\/www.safinel.fr\/es\/product-2\/djeka-se-va\/\" rel=\"noreferrer noopener\"><strong>calmar los dolores menstruales<\/strong><\/a>\u00a0;<\/li>\n<li>\u00a0\u00a0\u00a0\u00a0Aporta flexibilidad a la piel y unifica la tez; ;<\/li>\n<li>\u00a0\u00a0\u00a0\u00a0Por \u00faltimo, ayuda al cabello a recuperar tono y vitalidad.<\/li>\n<\/ul>\n<h2><strong>Posibles usos del aceite de azafr\u00e1n<\/strong><\/h2>\n<p>Su nuevo cosm\u00e9tico tambi\u00e9n resulta ser un\u00a0<strong>complemento alimenticio natural\u00a0<\/strong>\u00a1de elecci\u00f3n!<\/p>\n<h3><strong>Internamente<\/strong><\/h3>\n<p>Este\u00a0<strong>aceite de azafr\u00e1n<\/strong>\u00a0puede utilizarse en la cocina, para sazonar sus platos. Para utilizarlo como remedio terap\u00e9utico, le aconsejamos que compruebe la dosis exacta con un profesional de la salud.<\/p>\n<h3><strong>Exterior<\/strong><\/h3>\n<p><strong>Este precioso elixir puede utilizarse de diversas maneras:<\/strong><\/p>\n<ul>\n<li><strong>Para el cabello :<\/strong>\u00a0como ba\u00f1o de aceite<\/li>\n<li><strong>En la piel :<\/strong>\u00a0para a\u00f1adir a otros aceites vegetales o a cosm\u00e9ticos caseros. Tambi\u00e9n puede utilizarse puro, directamente sobre la zona a tratar.<\/li>\n<li><strong>En el ba\u00f1o :\u00a0<\/strong>La fragancia de este superingrediente promete un momento relajante. Conservaci\u00f3n Este aceite de azafr\u00e1n es sensible a la oxidaci\u00f3n. Mant\u00e9ngalo alejado de la luz y la humedad.<\/li>\n<\/ul>\n<h3><strong>Precauciones que debe tomar con su aceite puro de azafr\u00e1n<\/strong><\/h3>\n<p>Aseg\u00farese de seguir las instrucciones de uso y dosificaci\u00f3n que figuran en el envase. No est\u00e1 recomendado para ni\u00f1os, mujeres embarazadas o en per\u00edodo de lactancia. Consulte a su m\u00e9dico antes de tomar cualquier suplemento diet\u00e9tico. Y para cualquier duda m\u00e9dica que pueda tener. \u00a1Azafr\u00e1n en todas sus formas!<\/p>\n<p>Por \u00faltimo, para los que disfrutan con el azafr\u00e1n, o quieren descubrirlo de una forma diferente, aqu\u00ed tienen algo para ustedes: -.<\/p>\n<ul>\n<li><strong>Jab\u00f3n natural de azafr\u00e1n\u00a0<\/strong>Un cosm\u00e9tico multifuncional que puede utilizarse para el rostro, el cuerpo y el cabello.<\/li>\n<li><strong>Azafr\u00e1n natural 1g\u00a0<\/strong>Estigmas de alta calidad para condimentar todos sus platos.<\/li>\n<\/ul>","protected":false},"excerpt":{"rendered":"<p><strong>*Foto no contractual.<\/strong><\/p>\n<p><img decoding=\"async\" class=\"size-full wp-image-5091 aligncenter\" src=\"https:\/\/www.safinel.fr\/wp-content\/uploads\/2021\/06\/BANNIERE-ICONE-SAFINEL.webp\" alt=\"reaseguro de sat\u00e9n\" width=\"800\" height=\"200\" srcset=\"https:\/\/www.safinel.fr\/wp-content\/uploads\/2021\/06\/BANNIERE-ICONE-SAFINEL.webp 800w, https:\/\/www.safinel.fr\/wp-content\/uploads\/2021\/06\/BANNIERE-ICONE-SAFINEL-600x150.webp 600w, https:\/\/www.safinel.fr\/wp-content\/uploads\/2021\/06\/BANNIERE-ICONE-SAFINEL-768x192.webp 768w\" sizes=\"(max-width: 800px) 100vw, 800px\" \/><\/p>","protected":false},"featured_media":5881,"template":"","meta":[],"product_brand":[],"product_cat":[146,122],"product_tag":[],"class_list":{"0":"post-5880","1":"product","2":"type-product","3":"status-publish","4":"has-post-thumbnail","6":"product_cat-produit-cheveux","7":"product_cat-huile-vegetale","9":"first","10":"instock","11":"shipping-taxable","12":"purchasable","13":"product-type-simple"},"yoast_head":"<!-- This site is optimized with the Yoast SEO plugin v26.6 - https:\/\/yoast.com\/wordpress\/plugins\/seo\/ -->\n<title>Huile de Safran I Un tr\u00e9sor pur aux multiples vertus<\/title>\n<meta name=\"description\" content=\"D\u00e9couvrez les bienfaits de l&#039;huile de safran, une huile pr\u00e9cieuse riche en antioxydants. Utilis\u00e9e en cuisine et en cosm\u00e9tique. Adoptez-l\u00e0 !\" \/>\n<meta name=\"robots\" content=\"index, follow, max-snippet:-1, max-image-preview:large, max-video-preview:-1\" \/>\n<link rel=\"canonical\" href=\"https:\/\/www.safinel.fr\/es\/product-2\/aceite-puro-de-azafran\/\" \/>\n<meta property=\"og:locale\" content=\"es_ES\" \/>\n<meta property=\"og:type\" content=\"article\" \/>\n<meta property=\"og:title\" content=\"Huile de Safran I Un tr\u00e9sor pur aux multiples vertus\" \/>\n<meta property=\"og:description\" content=\"D\u00e9couvrez les bienfaits de l&#039;huile de safran, une huile pr\u00e9cieuse riche en antioxydants. Utilis\u00e9e en cuisine et en cosm\u00e9tique. Adoptez-l\u00e0 !\" \/>\n<meta property=\"og:url\" content=\"https:\/\/www.safinel.fr\/es\/product-2\/aceite-puro-de-azafran\/\" \/>\n<meta property=\"og:site_name\" content=\"Safinel\" \/>\n<meta property=\"article:modified_time\" content=\"2025-07-27T01:19:37+00:00\" \/>\n<meta property=\"og:image\" content=\"https:\/\/www.safinel.fr\/wp-content\/uploads\/2023\/05\/huile-de-safran.jpg\" \/>\n\t<meta property=\"og:image:width\" content=\"600\" \/>\n\t<meta property=\"og:image:height\" content=\"600\" \/>\n\t<meta property=\"og:image:type\" content=\"image\/jpeg\" \/>\n<meta name=\"twitter:card\" content=\"summary_large_image\" \/>\n<meta name=\"twitter:label1\" content=\"Tiempo de lectura\" \/>\n\t<meta name=\"twitter:data1\" content=\"3 minutos\" \/>\n<script type=\"application\/ld+json\" class=\"yoast-schema-graph\">{\"@context\":\"https:\/\/schema.org\",\"@graph\":[{\"@type\":\"WebPage\",\"@id\":\"https:\/\/www.safinel.fr\/produit\/huile-de-safran-pur\/\",\"url\":\"https:\/\/www.safinel.fr\/produit\/huile-de-safran-pur\/\",\"name\":\"Huile de Safran I Un tr\u00e9sor pur aux multiples vertus\",\"isPartOf\":{\"@id\":\"https:\/\/www.safinel.fr\/#website\"},\"primaryImageOfPage\":{\"@id\":\"https:\/\/www.safinel.fr\/produit\/huile-de-safran-pur\/#primaryimage\"},\"image\":{\"@id\":\"https:\/\/www.safinel.fr\/produit\/huile-de-safran-pur\/#primaryimage\"},\"thumbnailUrl\":\"https:\/\/www.safinel.fr\/wp-content\/uploads\/2023\/05\/huile-de-safran.jpg\",\"datePublished\":\"2023-05-09T08:31:05+00:00\",\"dateModified\":\"2025-07-27T01:19:37+00:00\",\"description\":\"D\u00e9couvrez les bienfaits de l'huile de safran, une huile pr\u00e9cieuse riche en antioxydants. Utilis\u00e9e en cuisine et en cosm\u00e9tique. Adoptez-l\u00e0 !\",\"breadcrumb\":{\"@id\":\"https:\/\/www.safinel.fr\/produit\/huile-de-safran-pur\/#breadcrumb\"},\"inLanguage\":\"es\",\"potentialAction\":[{\"@type\":\"ReadAction\",\"target\":[\"https:\/\/www.safinel.fr\/produit\/huile-de-safran-pur\/\"]}]},{\"@type\":\"ImageObject\",\"inLanguage\":\"es\",\"@id\":\"https:\/\/www.safinel.fr\/produit\/huile-de-safran-pur\/#primaryimage\",\"url\":\"https:\/\/www.safinel.fr\/wp-content\/uploads\/2023\/05\/huile-de-safran.jpg\",\"contentUrl\":\"https:\/\/www.safinel.fr\/wp-content\/uploads\/2023\/05\/huile-de-safran.jpg\",\"width\":600,\"height\":600,\"caption\":\"Huile de safran pur 30 ml\"},{\"@type\":\"BreadcrumbList\",\"@id\":\"https:\/\/www.safinel.fr\/produit\/huile-de-safran-pur\/#breadcrumb\",\"itemListElement\":[{\"@type\":\"ListItem\",\"position\":1,\"name\":\"Accueil\",\"item\":\"https:\/\/www.safinel.fr\/\"},{\"@type\":\"ListItem\",\"position\":2,\"name\":\"Boutique\",\"item\":\"https:\/\/www.safinel.fr\/boutique\/\"},{\"@type\":\"ListItem\",\"position\":3,\"name\":\"Huile de safran pur 30 ml\"}]},{\"@type\":\"WebSite\",\"@id\":\"https:\/\/www.safinel.fr\/#website\",\"url\":\"https:\/\/www.safinel.fr\/\",\"name\":\"Safinel\",\"description\":\"\",\"publisher\":{\"@id\":\"https:\/\/www.safinel.fr\/#organization\"},\"potentialAction\":[{\"@type\":\"SearchAction\",\"target\":{\"@type\":\"EntryPoint\",\"urlTemplate\":\"https:\/\/www.safinel.fr\/?s={search_term_string}\"},\"query-input\":{\"@type\":\"PropertyValueSpecification\",\"valueRequired\":true,\"valueName\":\"search_term_string\"}}],\"inLanguage\":\"es\"},{\"@type\":\"Organization\",\"@id\":\"https:\/\/www.safinel.fr\/#organization\",\"name\":\"Safinel\",\"url\":\"https:\/\/www.safinel.fr\/\",\"logo\":{\"@type\":\"ImageObject\",\"inLanguage\":\"es\",\"@id\":\"https:\/\/www.safinel.fr\/#\/schema\/logo\/image\/\",\"url\":\"https:\/\/www.safinel.fr\/wp-content\/uploads\/2021\/05\/boutique-cosmetique.png\",\"contentUrl\":\"https:\/\/www.safinel.fr\/wp-content\/uploads\/2021\/05\/boutique-cosmetique.png\",\"width\":800,\"height\":200,\"caption\":\"Safinel\"},\"image\":{\"@id\":\"https:\/\/www.safinel.fr\/#\/schema\/logo\/image\/\"}}]}<\/script>\n<!-- \/ Yoast SEO plugin. -->","yoast_head_json":{"title":"Aceite de azafr\u00e1n I Un tesoro puro con muchas virtudes","description":"Descubra los beneficios del aceite de azafr\u00e1n, un aceite precioso rico en antioxidantes. Se utiliza en cocina y cosm\u00e9tica. \u00a1Ad\u00f3ptelo!","robots":{"index":"index","follow":"follow","max-snippet":"max-snippet:-1","max-image-preview":"max-image-preview:large","max-video-preview":"max-video-preview:-1"},"canonical":"https:\/\/www.safinel.fr\/es\/product-2\/aceite-puro-de-azafran\/","og_locale":"es_ES","og_type":"article","og_title":"Huile de Safran I Un tr\u00e9sor pur aux multiples vertus","og_description":"D\u00e9couvrez les bienfaits de l'huile de safran, une huile pr\u00e9cieuse riche en antioxydants. Utilis\u00e9e en cuisine et en cosm\u00e9tique. Adoptez-l\u00e0 !","og_url":"https:\/\/www.safinel.fr\/es\/product-2\/aceite-puro-de-azafran\/","og_site_name":"Safinel","article_modified_time":"2025-07-27T01:19:37+00:00","og_image":[{"width":600,"height":600,"url":"https:\/\/www.safinel.fr\/wp-content\/uploads\/2023\/05\/huile-de-safran.jpg","type":"image\/jpeg"}],"twitter_card":"summary_large_image","twitter_misc":{"Tiempo de lectura":"3 minutos"},"schema":{"@context":"https:\/\/schema.org","@graph":[{"@type":"WebPage","@id":"https:\/\/www.safinel.fr\/produit\/huile-de-safran-pur\/","url":"https:\/\/www.safinel.fr\/produit\/huile-de-safran-pur\/","name":"Aceite de azafr\u00e1n I Un tesoro puro con muchas virtudes","isPartOf":{"@id":"https:\/\/www.safinel.fr\/#website"},"primaryImageOfPage":{"@id":"https:\/\/www.safinel.fr\/produit\/huile-de-safran-pur\/#primaryimage"},"image":{"@id":"https:\/\/www.safinel.fr\/produit\/huile-de-safran-pur\/#primaryimage"},"thumbnailUrl":"https:\/\/www.safinel.fr\/wp-content\/uploads\/2023\/05\/huile-de-safran.jpg","datePublished":"2023-05-09T08:31:05+00:00","dateModified":"2025-07-27T01:19:37+00:00","description":"Descubra los beneficios del aceite de azafr\u00e1n, un aceite precioso rico en antioxidantes. Se utiliza en cocina y cosm\u00e9tica. \u00a1Ad\u00f3ptelo!","breadcrumb":{"@id":"https:\/\/www.safinel.fr\/produit\/huile-de-safran-pur\/#breadcrumb"},"inLanguage":"es","potentialAction":[{"@type":"ReadAction","target":["https:\/\/www.safinel.fr\/produit\/huile-de-safran-pur\/"]}]},{"@type":"ImageObject","inLanguage":"es","@id":"https:\/\/www.safinel.fr\/produit\/huile-de-safran-pur\/#primaryimage","url":"https:\/\/www.safinel.fr\/wp-content\/uploads\/2023\/05\/huile-de-safran.jpg","contentUrl":"https:\/\/www.safinel.fr\/wp-content\/uploads\/2023\/05\/huile-de-safran.jpg","width":600,"height":600,"caption":"Huile de safran pur 30 ml"},{"@type":"BreadcrumbList","@id":"https:\/\/www.safinel.fr\/produit\/huile-de-safran-pur\/#breadcrumb","itemListElement":[{"@type":"ListItem","position":1,"name":"Accueil","item":"https:\/\/www.safinel.fr\/"},{"@type":"ListItem","position":2,"name":"Boutique","item":"https:\/\/www.safinel.fr\/boutique\/"},{"@type":"ListItem","position":3,"name":"Huile de safran pur 30 ml"}]},{"@type":"WebSite","@id":"https:\/\/www.safinel.fr\/#website","url":"https:\/\/www.safinel.fr\/","name":"Safinel","description":"","publisher":{"@id":"https:\/\/www.safinel.fr\/#organization"},"potentialAction":[{"@type":"SearchAction","target":{"@type":"EntryPoint","urlTemplate":"https:\/\/www.safinel.fr\/?s={search_term_string}"},"query-input":{"@type":"PropertyValueSpecification","valueRequired":true,"valueName":"search_term_string"}}],"inLanguage":"es"},{"@type":"Organization","@id":"https:\/\/www.safinel.fr\/#organization","name":"Safinel","url":"https:\/\/www.safinel.fr\/","logo":{"@type":"ImageObject","inLanguage":"es","@id":"https:\/\/www.safinel.fr\/#\/schema\/logo\/image\/","url":"https:\/\/www.safinel.fr\/wp-content\/uploads\/2021\/05\/boutique-cosmetique.png","contentUrl":"https:\/\/www.safinel.fr\/wp-content\/uploads\/2021\/05\/boutique-cosmetique.png","width":800,"height":200,"caption":"Safinel"},"image":{"@id":"https:\/\/www.safinel.fr\/#\/schema\/logo\/image\/"}}]}},"_links":{"self":[{"href":"https:\/\/www.safinel.fr\/es\/wp-json\/wp\/v2\/product\/5880","targetHints":{"allow":["GET"]}}],"collection":[{"href":"https:\/\/www.safinel.fr\/es\/wp-json\/wp\/v2\/product"}],"about":[{"href":"https:\/\/www.safinel.fr\/es\/wp-json\/wp\/v2\/types\/product"}],"wp:featuredmedia":[{"embeddable":true,"href":"https:\/\/www.safinel.fr\/es\/wp-json\/wp\/v2\/media\/5881"}],"wp:attachment":[{"href":"https:\/\/www.safinel.fr\/es\/wp-json\/wp\/v2\/media?parent=5880"}],"wp:term":[{"taxonomy":"product_brand","embeddable":true,"href":"https:\/\/www.safinel.fr\/es\/wp-json\/wp\/v2\/product_brand?post=5880"},{"taxonomy":"product_cat","embeddable":true,"href":"https:\/\/www.safinel.fr\/es\/wp-json\/wp\/v2\/product_cat?post=5880"},{"taxonomy":"product_tag","embeddable":true,"href":"https:\/\/www.safinel.fr\/es\/wp-json\/wp\/v2\/product_tag?post=5880"}],"curies":[{"name":"wp","href":"https:\/\/api.w.org\/{rel}","templated":true}]}}