{"id":582,"date":"2021-12-03T11:21:58","date_gmt":"2021-12-03T11:21:58","guid":{"rendered":"https:\/\/www.safinel.fr\/?post_type=product&#038;p=582"},"modified":"2023-12-28T17:15:09","modified_gmt":"2023-12-28T17:15:09","slug":"kigelia-africana","status":"publish","type":"product","link":"https:\/\/www.safinel.fr\/es\/product-2\/kigelia-africana\/","title":{"rendered":"Kigelia africana 100g polvo"},"content":{"rendered":"<p>Le\u00a0<strong>Kigelia africana,<\/strong>\u00a0\u00bfte suena? Este \u00e1rbol, la kigelia africana o \u00e1rbol salchicha, \u00a1es asombroso! Lo que lo hace tan original es cuando est\u00e1 cubierto de frutos. Se pueden ver cientos de \u00absalchichas\u00bb colgando de largos tallos. Hay algo sorprendente en este \u00e1rbol...<\/p>\n<p>No perdamos tiempo y averig\u00fcemos qu\u00e9 hay detr\u00e1s de este producto.<\/p>\n<h2><strong>Descubrir la kigelia africana<\/strong><\/h2>\n<p>La kigelia es un \u00e1rbol semicaducifolio de crecimiento r\u00e1pido que puede alcanzar los 18 metros de altura. Tiene una corteza lisa y gris\u00e1cea y una copa compacta y redondeada. Sus frutos son r\u00edgidos y de un tama\u00f1o impresionante.<\/p>\n<p>Generalmente crece en ambientes tropicales, sobre todo en pa\u00edses como Costa de Marfil y Togo.<\/p>\n<p>Muy utilizada en toda \u00c1frica, la kigelia es un producto clave de la farmacopea africana. Es famosa por sus propiedades terap\u00e9uticas, que marcan la diferencia.<\/p>\n<h3><strong>Descubre los sorprendentes beneficios de la kigelia\u00a0<\/strong><\/h3>\n<p>Los beneficios de la kigelia perduran desde hace siglos. As\u00ed que vamos a echarles un vistazo juntos.<\/p>\n<ul>\n<li>Un tratamiento afrodis\u00edaco:<\/li>\n<\/ul>\n<p>En polvo o en aceite, este remedio natural se utiliza para eliminar los problemas relacionados con la sexualidad masculina. En otras palabras, aumenta la capacidad sexual del hombre.<\/p>\n<p>En segundo lugar, para las mujeres, el aceite ayuda a tonificar y reafirmar los senos y las nalgas. El fruto de este \u00e1rbol contiene esteroles. Estos se encuentran en las hormonas femeninas responsables del desarrollo de los senos y las nalgas.<\/p>\n<p>El peque\u00f1o extra: tambi\u00e9n puede encontrar en nuestro sitio web el\u00a0<strong><a href=\"https:\/\/www.safinel.fr\/es\/product-2\/kacip-fatimah\/\">Kacip Fatimah<\/a>\u00a0<\/strong>con propiedades afrodis\u00edacas.<\/p>\n<ul>\n<li>Un t\u00f3nico para la piel:<\/li>\n<\/ul>\n<p>Este tratamiento es muy recomendable para pieles sensibles y con tendencia at\u00f3pica. Reafirma el tejido cut\u00e1neo y ayuda a tonificar la piel. Tambi\u00e9n tiene propiedades calmantes para las pieles muy sensibles y delicadas. Tambi\u00e9n combate el r\u00e1pido envejecimiento de la piel y los efectos de los radicales libres.<\/p>\n<p>Las mujeres tambi\u00e9n lo utilizan para el cuidado del cabello, ya que estimula su crecimiento y lo reafirma.<\/p>\n<h2><strong>\u00bfC\u00f3mo se utiliza la kigelia africana?<\/strong><\/h2>\n<p>Puede utilizar este producto como mejor le parezca, en funci\u00f3n del acabado que elija.<\/p>\n<p>Si opta por las c\u00e1psulas, s\u00f3lo tiene que utilizarlas como se indica en el prospecto.<\/p>\n<p>Si elige el polvo que sugerimos, puede espolvorearlo directamente sobre la comida o disolverlo en leche.<\/p>\n<p>Y si optas por el aceite, puedes aplicarlo directamente sobre la piel.<\/p>\n<h3><strong>Precauciones<\/strong><\/h3>\n<p>Como todos los remedios naturales, la Kigelia africana debe utilizarse con precauci\u00f3n. Adem\u00e1s, se requiere un estilo de vida saludable para ver resultados.<\/p>\n<p>Cuando se trata de problemas relacionados con la sexualidad, es importante recordar que \u00e9stos pueden tener una causa m\u00e9dica que a veces requiere una consulta con un profesional.<\/p>\n<p>Por \u00faltimo, este producto natural no puede sustituir al tratamiento m\u00e9dico. Por eso es aconsejable acudir a un especialista antes de utilizarlo.<\/p>","protected":false},"excerpt":{"rendered":"<p>\u00bfLe suena el nombre Kigelia africana? \u00a1Este \u00e1rbol, el kigelia africana o \u00e1rbol de salchichas, es sorprendente! De hecho, lo que lo hace \u00fanico es cuando se cubre de frutos. Se pueden observar cientos de \u00absalchichas\u00bb colgando de largos tallos. Este \u00e1rbol le sorprender\u00e1... [\u2026]","protected":false},"featured_media":583,"template":"","meta":[],"product_brand":[],"product_cat":[27],"product_tag":[],"class_list":{"0":"post-582","1":"product","2":"type-product","3":"status-publish","4":"has-post-thumbnail","6":"product_cat-plantes-medicinales","8":"first","9":"instock","10":"shipping-taxable","11":"purchasable","12":"product-type-simple"},"yoast_head":"<!-- This site is optimized with the Yoast SEO plugin v26.6 - https:\/\/yoast.com\/wordpress\/plugins\/seo\/ -->\n<title>Kigelia aficana | Plante \u00e9galement nomm\u00e9e Arbre \u00e0 saucisse<\/title>\n<meta name=\"description\" content=\"Le\u00a0Kigelia africana,\u00a0cela vous dit quelque chose ? Cet arbre, le kigelia africana ou encore arbre \u00e0 saucisses est \u00e9tonnant !\" \/>\n<meta name=\"robots\" content=\"index, follow, max-snippet:-1, max-image-preview:large, max-video-preview:-1\" \/>\n<link rel=\"canonical\" href=\"https:\/\/www.safinel.fr\/es\/product-2\/kigelia-africana\/\" \/>\n<meta property=\"og:locale\" content=\"es_ES\" \/>\n<meta property=\"og:type\" content=\"article\" \/>\n<meta property=\"og:title\" content=\"Kigelia aficana | Plante \u00e9galement nomm\u00e9e Arbre \u00e0 saucisse\" \/>\n<meta property=\"og:description\" content=\"Le\u00a0Kigelia africana,\u00a0cela vous dit quelque chose ? Cet arbre, le kigelia africana ou encore arbre \u00e0 saucisses est \u00e9tonnant !\" \/>\n<meta property=\"og:url\" content=\"https:\/\/www.safinel.fr\/es\/product-2\/kigelia-africana\/\" \/>\n<meta property=\"og:site_name\" content=\"Safinel\" \/>\n<meta property=\"article:modified_time\" content=\"2023-12-28T17:15:09+00:00\" \/>\n<meta property=\"og:image\" content=\"https:\/\/www.safinel.fr\/wp-content\/uploads\/2021\/12\/kigelia-africana.jpg\" \/>\n\t<meta property=\"og:image:width\" content=\"600\" \/>\n\t<meta property=\"og:image:height\" content=\"600\" \/>\n\t<meta property=\"og:image:type\" content=\"image\/jpeg\" \/>\n<meta name=\"twitter:card\" content=\"summary_large_image\" \/>\n<meta name=\"twitter:label1\" content=\"Tiempo de lectura\" \/>\n\t<meta name=\"twitter:data1\" content=\"3 minutos\" \/>\n<script type=\"application\/ld+json\" class=\"yoast-schema-graph\">{\"@context\":\"https:\/\/schema.org\",\"@graph\":[{\"@type\":\"WebPage\",\"@id\":\"https:\/\/www.safinel.fr\/produit\/kigelia-africana\/\",\"url\":\"https:\/\/www.safinel.fr\/produit\/kigelia-africana\/\",\"name\":\"Kigelia aficana | Plante \u00e9galement nomm\u00e9e Arbre \u00e0 saucisse\",\"isPartOf\":{\"@id\":\"https:\/\/www.safinel.fr\/#website\"},\"primaryImageOfPage\":{\"@id\":\"https:\/\/www.safinel.fr\/produit\/kigelia-africana\/#primaryimage\"},\"image\":{\"@id\":\"https:\/\/www.safinel.fr\/produit\/kigelia-africana\/#primaryimage\"},\"thumbnailUrl\":\"https:\/\/www.safinel.fr\/wp-content\/uploads\/2021\/12\/kigelia-africana.jpg\",\"datePublished\":\"2021-12-03T11:21:58+00:00\",\"dateModified\":\"2023-12-28T17:15:09+00:00\",\"description\":\"Le\u00a0Kigelia africana,\u00a0cela vous dit quelque chose ? Cet arbre, le kigelia africana ou encore arbre \u00e0 saucisses est \u00e9tonnant !\",\"breadcrumb\":{\"@id\":\"https:\/\/www.safinel.fr\/produit\/kigelia-africana\/#breadcrumb\"},\"inLanguage\":\"es\",\"potentialAction\":[{\"@type\":\"ReadAction\",\"target\":[\"https:\/\/www.safinel.fr\/produit\/kigelia-africana\/\"]}]},{\"@type\":\"ImageObject\",\"inLanguage\":\"es\",\"@id\":\"https:\/\/www.safinel.fr\/produit\/kigelia-africana\/#primaryimage\",\"url\":\"https:\/\/www.safinel.fr\/wp-content\/uploads\/2021\/12\/kigelia-africana.jpg\",\"contentUrl\":\"https:\/\/www.safinel.fr\/wp-content\/uploads\/2021\/12\/kigelia-africana.jpg\",\"width\":600,\"height\":600,\"caption\":\"Kigelia africana 100g\"},{\"@type\":\"BreadcrumbList\",\"@id\":\"https:\/\/www.safinel.fr\/produit\/kigelia-africana\/#breadcrumb\",\"itemListElement\":[{\"@type\":\"ListItem\",\"position\":1,\"name\":\"Accueil\",\"item\":\"https:\/\/www.safinel.fr\/\"},{\"@type\":\"ListItem\",\"position\":2,\"name\":\"Boutique\",\"item\":\"https:\/\/www.safinel.fr\/boutique\/\"},{\"@type\":\"ListItem\",\"position\":3,\"name\":\"Kigelia africana 100g en poudre\"}]},{\"@type\":\"WebSite\",\"@id\":\"https:\/\/www.safinel.fr\/#website\",\"url\":\"https:\/\/www.safinel.fr\/\",\"name\":\"Safinel\",\"description\":\"\",\"publisher\":{\"@id\":\"https:\/\/www.safinel.fr\/#organization\"},\"potentialAction\":[{\"@type\":\"SearchAction\",\"target\":{\"@type\":\"EntryPoint\",\"urlTemplate\":\"https:\/\/www.safinel.fr\/?s={search_term_string}\"},\"query-input\":{\"@type\":\"PropertyValueSpecification\",\"valueRequired\":true,\"valueName\":\"search_term_string\"}}],\"inLanguage\":\"es\"},{\"@type\":\"Organization\",\"@id\":\"https:\/\/www.safinel.fr\/#organization\",\"name\":\"Safinel\",\"url\":\"https:\/\/www.safinel.fr\/\",\"logo\":{\"@type\":\"ImageObject\",\"inLanguage\":\"es\",\"@id\":\"https:\/\/www.safinel.fr\/#\/schema\/logo\/image\/\",\"url\":\"https:\/\/www.safinel.fr\/wp-content\/uploads\/2021\/05\/boutique-cosmetique.png\",\"contentUrl\":\"https:\/\/www.safinel.fr\/wp-content\/uploads\/2021\/05\/boutique-cosmetique.png\",\"width\":800,\"height\":200,\"caption\":\"Safinel\"},\"image\":{\"@id\":\"https:\/\/www.safinel.fr\/#\/schema\/logo\/image\/\"}}]}<\/script>\n<!-- \/ Yoast SEO plugin. -->","yoast_head_json":{"title":"Kigelia aficana | Planta tambi\u00e9n conocida como \u00e1rbol salchicha","description":"\u00bfLe suena la Kigelia africana? Este \u00e1rbol, la kigelia africana o \u00e1rbol salchicha, \u00a1es asombroso!","robots":{"index":"index","follow":"follow","max-snippet":"max-snippet:-1","max-image-preview":"max-image-preview:large","max-video-preview":"max-video-preview:-1"},"canonical":"https:\/\/www.safinel.fr\/es\/product-2\/kigelia-africana\/","og_locale":"es_ES","og_type":"article","og_title":"Kigelia aficana | Plante \u00e9galement nomm\u00e9e Arbre \u00e0 saucisse","og_description":"Le\u00a0Kigelia africana,\u00a0cela vous dit quelque chose ? Cet arbre, le kigelia africana ou encore arbre \u00e0 saucisses est \u00e9tonnant !","og_url":"https:\/\/www.safinel.fr\/es\/product-2\/kigelia-africana\/","og_site_name":"Safinel","article_modified_time":"2023-12-28T17:15:09+00:00","og_image":[{"width":600,"height":600,"url":"https:\/\/www.safinel.fr\/wp-content\/uploads\/2021\/12\/kigelia-africana.jpg","type":"image\/jpeg"}],"twitter_card":"summary_large_image","twitter_misc":{"Tiempo de lectura":"3 minutos"},"schema":{"@context":"https:\/\/schema.org","@graph":[{"@type":"WebPage","@id":"https:\/\/www.safinel.fr\/produit\/kigelia-africana\/","url":"https:\/\/www.safinel.fr\/produit\/kigelia-africana\/","name":"Kigelia aficana | Planta tambi\u00e9n conocida como \u00e1rbol salchicha","isPartOf":{"@id":"https:\/\/www.safinel.fr\/#website"},"primaryImageOfPage":{"@id":"https:\/\/www.safinel.fr\/produit\/kigelia-africana\/#primaryimage"},"image":{"@id":"https:\/\/www.safinel.fr\/produit\/kigelia-africana\/#primaryimage"},"thumbnailUrl":"https:\/\/www.safinel.fr\/wp-content\/uploads\/2021\/12\/kigelia-africana.jpg","datePublished":"2021-12-03T11:21:58+00:00","dateModified":"2023-12-28T17:15:09+00:00","description":"\u00bfLe suena la Kigelia africana? Este \u00e1rbol, la kigelia africana o \u00e1rbol salchicha, \u00a1es asombroso!","breadcrumb":{"@id":"https:\/\/www.safinel.fr\/produit\/kigelia-africana\/#breadcrumb"},"inLanguage":"es","potentialAction":[{"@type":"ReadAction","target":["https:\/\/www.safinel.fr\/produit\/kigelia-africana\/"]}]},{"@type":"ImageObject","inLanguage":"es","@id":"https:\/\/www.safinel.fr\/produit\/kigelia-africana\/#primaryimage","url":"https:\/\/www.safinel.fr\/wp-content\/uploads\/2021\/12\/kigelia-africana.jpg","contentUrl":"https:\/\/www.safinel.fr\/wp-content\/uploads\/2021\/12\/kigelia-africana.jpg","width":600,"height":600,"caption":"Kigelia africana 100g"},{"@type":"BreadcrumbList","@id":"https:\/\/www.safinel.fr\/produit\/kigelia-africana\/#breadcrumb","itemListElement":[{"@type":"ListItem","position":1,"name":"Accueil","item":"https:\/\/www.safinel.fr\/"},{"@type":"ListItem","position":2,"name":"Boutique","item":"https:\/\/www.safinel.fr\/boutique\/"},{"@type":"ListItem","position":3,"name":"Kigelia africana 100g en poudre"}]},{"@type":"WebSite","@id":"https:\/\/www.safinel.fr\/#website","url":"https:\/\/www.safinel.fr\/","name":"Safinel","description":"","publisher":{"@id":"https:\/\/www.safinel.fr\/#organization"},"potentialAction":[{"@type":"SearchAction","target":{"@type":"EntryPoint","urlTemplate":"https:\/\/www.safinel.fr\/?s={search_term_string}"},"query-input":{"@type":"PropertyValueSpecification","valueRequired":true,"valueName":"search_term_string"}}],"inLanguage":"es"},{"@type":"Organization","@id":"https:\/\/www.safinel.fr\/#organization","name":"Safinel","url":"https:\/\/www.safinel.fr\/","logo":{"@type":"ImageObject","inLanguage":"es","@id":"https:\/\/www.safinel.fr\/#\/schema\/logo\/image\/","url":"https:\/\/www.safinel.fr\/wp-content\/uploads\/2021\/05\/boutique-cosmetique.png","contentUrl":"https:\/\/www.safinel.fr\/wp-content\/uploads\/2021\/05\/boutique-cosmetique.png","width":800,"height":200,"caption":"Safinel"},"image":{"@id":"https:\/\/www.safinel.fr\/#\/schema\/logo\/image\/"}}]}},"_links":{"self":[{"href":"https:\/\/www.safinel.fr\/es\/wp-json\/wp\/v2\/product\/582","targetHints":{"allow":["GET"]}}],"collection":[{"href":"https:\/\/www.safinel.fr\/es\/wp-json\/wp\/v2\/product"}],"about":[{"href":"https:\/\/www.safinel.fr\/es\/wp-json\/wp\/v2\/types\/product"}],"wp:featuredmedia":[{"embeddable":true,"href":"https:\/\/www.safinel.fr\/es\/wp-json\/wp\/v2\/media\/583"}],"wp:attachment":[{"href":"https:\/\/www.safinel.fr\/es\/wp-json\/wp\/v2\/media?parent=582"}],"wp:term":[{"taxonomy":"product_brand","embeddable":true,"href":"https:\/\/www.safinel.fr\/es\/wp-json\/wp\/v2\/product_brand?post=582"},{"taxonomy":"product_cat","embeddable":true,"href":"https:\/\/www.safinel.fr\/es\/wp-json\/wp\/v2\/product_cat?post=582"},{"taxonomy":"product_tag","embeddable":true,"href":"https:\/\/www.safinel.fr\/es\/wp-json\/wp\/v2\/product_tag?post=582"}],"curies":[{"name":"wp","href":"https:\/\/api.w.org\/{rel}","templated":true}]}}