{"id":5685,"date":"2023-04-25T15:21:45","date_gmt":"2023-04-25T15:21:45","guid":{"rendered":"https:\/\/www.safinel.fr\/?post_type=product&#038;p=5685"},"modified":"2023-12-30T12:14:28","modified_gmt":"2023-12-30T12:14:28","slug":"corteza-de-quina-roja","status":"publish","type":"product","link":"https:\/\/www.safinel.fr\/es\/product-2\/corteza-de-quina-roja\/","title":{"rendered":"Corteza de quina roja (Cinchona-officinalis)"},"content":{"rendered":"<p>Visite la boutique Safinel, <strong>corteza de quinquina roja<\/strong>. Un remedio natural excepcional para ciertas dolencias cotidianas.<\/p>\n<p>Si no sabes lo que es, te explicamos enseguida las virtudes de este arbusto.<\/p>\n<h2><strong>Centrarse en Quinquina<\/strong><\/h2>\n<p>En primer lugar, veamos brevemente los or\u00edgenes de este producto natural. Se trata de un peque\u00f1o arbusto cultivado principalmente en Ecuador.<\/p>\n<p>Pertenece a la familia de las Rubi\u00e1ceas. Su nombre en lat\u00edn es\u00a0<strong>quina officinalis<\/strong>.<\/p>\n<p>En la actualidad, la parte de este arbusto que se utiliza es la corteza. Aqu\u00ed es donde la\u00a0<strong>Quinina<\/strong>. Es una sustancia natural con ciertos beneficios terap\u00e9uticos.<\/p>\n<h2><strong>\u00bfPor qu\u00e9 tener la planta de la fiebre en tus armarios?\u00a0<\/strong><\/h2>\n<p>En primer lugar, el\u00a0<strong>Quinquina<\/strong>, es un aliado natural contra los dolores de cabeza. Porque la\u00a0<strong>Quinina\u00a0<\/strong>puede utilizarse como\u00a0<strong>febr\u00edfugo\u00a0<\/strong>como<strong>\u00a0antipal\u00fadico\u00a0<\/strong>natural.<\/p>\n<p>No obstante, aunque el paludismo haya desaparecido de Europa, lo cierto es que esta enfermedad infecciosa sigue afectando a muchos pa\u00edses.<\/p>\n<p>Adem\u00e1s, es esencial que disponga de este\u00a0<strong>medicina natural\u00a0<\/strong>para combatir ciertos trastornos. Sobre todo si quiere evitar tener que recurrir a sustitutos moleculares.<\/p>\n<p><strong>Veamos ahora m\u00e1s de cerca los beneficios de la corteza de quinquina:<\/strong><\/p>\n<ul>\n<li><strong>Analg\u00e9sico<\/strong>\u00a0Es un potente analg\u00e9sico.<\/li>\n<li><strong>Antiinflamatorio<\/strong>, Ser\u00e1 muy eficaz para aliviar los calambres y dolores musculares.<\/li>\n<li><strong>Antigripal\u00a0<\/strong>natural. En este caso, act\u00faa como t\u00f3nico para combatir la astenia gripal (cansancio provocado por la gripe).<\/li>\n<li><strong>Antipal\u00fadico.<\/strong><\/li>\n<\/ul>\n<p>En conclusi\u00f3n, es f\u00e1cil ver que el\u00a0<strong>Cinchona Officinalis\u00a0<\/strong>puede ser \u00fatil en muchas circunstancias.<\/p>\n<h3><strong>C\u00f3mo utilizar la corteza de quina roja<\/strong><\/h3>\n<p>En primer lugar, tenga en cuenta que puede utilizar la funci\u00f3n\u00a0<strong>Quinquina<\/strong>\u00a0de diversas maneras. Todo depende del uso que le vayas a dar.<\/p>\n<p>Por ejemplo, es \u00fatil en infusi\u00f3n o decocci\u00f3n para aliviar la fiebre y los calambres. En particular, durante un resfriado o una gripe.<\/p>\n<p>En segundo lugar, este producto ser\u00e1 sin duda un aliado formidable para usted y los suyos si es propenso al estr\u00e9s y la fatiga.<\/p>\n<p>Adem\u00e1s, es preferible utilizar la funci\u00f3n\u2019<strong>Corteza de quinquina roja\u00a0<\/strong>en polvo. Especialmente si desea preparar su\u00a0<strong>colorante vegetal\u00a0<\/strong>basado en\u00a0<strong>henna.\u00a0<\/strong>Pero tambi\u00e9n para incorporar a sus champ\u00fas. Los champ\u00fas pueden ser en polvo o cl\u00e1sicos.<\/p>\n<p>En consecuencia, el\u00a0<strong>Quinquina<\/strong>\u00a0ser\u00e1 un gran complemento para tus mascarillas caseras. Tiene fama de fortificar y estimular el cuero cabelludo.<\/p>\n<p>En otras palabras, hace que el cabello sea menos quebradizo y reduce la irritaci\u00f3n causada por el estr\u00e9s y la fatiga.<\/p>\n<p>Como puede ver, sea cual sea su uso, le ser\u00e1 \u00fatil tanto interna como externamente para aliviar problemas comunes.<\/p>\n<p>Para concluir, le recomendamos que utilice el\u00a0<strong><a href=\"https:\/\/www.safinel.fr\/es\/product-2\/bhringaraj-polvo-100g\/\">Polvo Bhringaraj<\/a>\u00a0<\/strong>tambi\u00e9n disponible en la tienda en l\u00ednea\u00a0<strong>Safinel<\/strong>.<\/p>","protected":false},"excerpt":{"rendered":"<p><strong>Algunas ventajas:\u00a0<\/strong><\/p>\n<ul>\n<li><strong>Analg\u00e9sico<\/strong>\u00a0Es un potente analg\u00e9sico.<\/li>\n<li><strong>Antiinflamatorio<\/strong>, Ser\u00e1 muy eficaz para aliviar los calambres y dolores musculares.<\/li>\n<li><strong>Antigripal\u00a0<\/strong>natural. En este caso, act\u00faa como t\u00f3nico para combatir la astenia gripal (cansancio provocado por la gripe).<\/li>\n<\/ul>\n<p><img decoding=\"async\" class=\"size-full wp-image-5091 aligncenter\" src=\"https:\/\/www.safinel.fr\/wp-content\/uploads\/2021\/06\/BANNIERE-ICONE-SAFINEL.webp\" alt=\"reaseguro de sat\u00e9n\" width=\"800\" height=\"200\" srcset=\"https:\/\/www.safinel.fr\/wp-content\/uploads\/2021\/06\/BANNIERE-ICONE-SAFINEL.webp 800w, https:\/\/www.safinel.fr\/wp-content\/uploads\/2021\/06\/BANNIERE-ICONE-SAFINEL-600x150.webp 600w, https:\/\/www.safinel.fr\/wp-content\/uploads\/2021\/06\/BANNIERE-ICONE-SAFINEL-768x192.webp 768w\" sizes=\"(max-width: 800px) 100vw, 800px\" \/><\/p>","protected":false},"featured_media":5686,"template":"","meta":[],"product_brand":[],"product_cat":[27],"product_tag":[],"class_list":{"0":"post-5685","1":"product","2":"type-product","3":"status-publish","4":"has-post-thumbnail","6":"product_cat-plantes-medicinales","8":"first","9":"outofstock","10":"shipping-taxable","11":"purchasable","12":"product-type-variable"},"yoast_head":"<!-- This site is optimized with the Yoast SEO plugin v26.6 - https:\/\/yoast.com\/wordpress\/plugins\/seo\/ -->\n<title>Quinquina rouge I \u00c9corce Cinchona-officinalis I Bienfaits nombreux<\/title>\n<meta name=\"description\" content=\"Retrouvez sur la boutique\u00a0Safinel, les \u00e9corces de\u00a0Quinquina rouge. Exceptionnel rem\u00e8de naturel pour soulager certains maux du quotidien.\" \/>\n<meta name=\"robots\" content=\"index, follow, max-snippet:-1, max-image-preview:large, max-video-preview:-1\" \/>\n<link rel=\"canonical\" href=\"https:\/\/www.safinel.fr\/es\/product-2\/corteza-de-quina-roja\/\" \/>\n<meta property=\"og:locale\" content=\"es_ES\" \/>\n<meta property=\"og:type\" content=\"article\" \/>\n<meta property=\"og:title\" content=\"Quinquina rouge I \u00c9corce Cinchona-officinalis I Bienfaits nombreux\" \/>\n<meta property=\"og:description\" content=\"Retrouvez sur la boutique\u00a0Safinel, les \u00e9corces de\u00a0Quinquina rouge. Exceptionnel rem\u00e8de naturel pour soulager certains maux du quotidien.\" \/>\n<meta property=\"og:url\" content=\"https:\/\/www.safinel.fr\/es\/product-2\/corteza-de-quina-roja\/\" \/>\n<meta property=\"og:site_name\" content=\"Safinel\" \/>\n<meta property=\"article:modified_time\" content=\"2023-12-30T12:14:28+00:00\" \/>\n<meta property=\"og:image\" content=\"https:\/\/www.safinel.fr\/wp-content\/uploads\/2023\/04\/ecorce-de-quinquina-rouge-cinchona-officinalis-.jpg\" \/>\n\t<meta property=\"og:image:width\" content=\"600\" \/>\n\t<meta property=\"og:image:height\" content=\"600\" \/>\n\t<meta property=\"og:image:type\" content=\"image\/jpeg\" \/>\n<meta name=\"twitter:card\" content=\"summary_large_image\" \/>\n<meta name=\"twitter:label1\" content=\"Tiempo de lectura\" \/>\n\t<meta name=\"twitter:data1\" content=\"3 minutos\" \/>\n<script type=\"application\/ld+json\" class=\"yoast-schema-graph\">{\"@context\":\"https:\/\/schema.org\",\"@graph\":[{\"@type\":\"WebPage\",\"@id\":\"https:\/\/www.safinel.fr\/produit\/ecorce-de-quinquina-rouge\/\",\"url\":\"https:\/\/www.safinel.fr\/produit\/ecorce-de-quinquina-rouge\/\",\"name\":\"Quinquina rouge I \u00c9corce Cinchona-officinalis I Bienfaits nombreux\",\"isPartOf\":{\"@id\":\"https:\/\/www.safinel.fr\/#website\"},\"primaryImageOfPage\":{\"@id\":\"https:\/\/www.safinel.fr\/produit\/ecorce-de-quinquina-rouge\/#primaryimage\"},\"image\":{\"@id\":\"https:\/\/www.safinel.fr\/produit\/ecorce-de-quinquina-rouge\/#primaryimage\"},\"thumbnailUrl\":\"https:\/\/www.safinel.fr\/wp-content\/uploads\/2023\/04\/ecorce-de-quinquina-rouge-cinchona-officinalis-.jpg\",\"datePublished\":\"2023-04-25T15:21:45+00:00\",\"dateModified\":\"2023-12-30T12:14:28+00:00\",\"description\":\"Retrouvez sur la boutique\u00a0Safinel, les \u00e9corces de\u00a0Quinquina rouge. Exceptionnel rem\u00e8de naturel pour soulager certains maux du quotidien.\",\"breadcrumb\":{\"@id\":\"https:\/\/www.safinel.fr\/produit\/ecorce-de-quinquina-rouge\/#breadcrumb\"},\"inLanguage\":\"es\",\"potentialAction\":[{\"@type\":\"ReadAction\",\"target\":[\"https:\/\/www.safinel.fr\/produit\/ecorce-de-quinquina-rouge\/\"]}]},{\"@type\":\"ImageObject\",\"inLanguage\":\"es\",\"@id\":\"https:\/\/www.safinel.fr\/produit\/ecorce-de-quinquina-rouge\/#primaryimage\",\"url\":\"https:\/\/www.safinel.fr\/wp-content\/uploads\/2023\/04\/ecorce-de-quinquina-rouge-cinchona-officinalis-.jpg\",\"contentUrl\":\"https:\/\/www.safinel.fr\/wp-content\/uploads\/2023\/04\/ecorce-de-quinquina-rouge-cinchona-officinalis-.jpg\",\"width\":600,\"height\":600,\"caption\":\"ecorce de quinquina rouge - cinchona-officinalis\"},{\"@type\":\"BreadcrumbList\",\"@id\":\"https:\/\/www.safinel.fr\/produit\/ecorce-de-quinquina-rouge\/#breadcrumb\",\"itemListElement\":[{\"@type\":\"ListItem\",\"position\":1,\"name\":\"Accueil\",\"item\":\"https:\/\/www.safinel.fr\/\"},{\"@type\":\"ListItem\",\"position\":2,\"name\":\"Boutique\",\"item\":\"https:\/\/www.safinel.fr\/boutique\/\"},{\"@type\":\"ListItem\",\"position\":3,\"name\":\"\u00c9corce de quinquina rouge (Cinchona-officinalis)\"}]},{\"@type\":\"WebSite\",\"@id\":\"https:\/\/www.safinel.fr\/#website\",\"url\":\"https:\/\/www.safinel.fr\/\",\"name\":\"Safinel\",\"description\":\"\",\"publisher\":{\"@id\":\"https:\/\/www.safinel.fr\/#organization\"},\"potentialAction\":[{\"@type\":\"SearchAction\",\"target\":{\"@type\":\"EntryPoint\",\"urlTemplate\":\"https:\/\/www.safinel.fr\/?s={search_term_string}\"},\"query-input\":{\"@type\":\"PropertyValueSpecification\",\"valueRequired\":true,\"valueName\":\"search_term_string\"}}],\"inLanguage\":\"es\"},{\"@type\":\"Organization\",\"@id\":\"https:\/\/www.safinel.fr\/#organization\",\"name\":\"Safinel\",\"url\":\"https:\/\/www.safinel.fr\/\",\"logo\":{\"@type\":\"ImageObject\",\"inLanguage\":\"es\",\"@id\":\"https:\/\/www.safinel.fr\/#\/schema\/logo\/image\/\",\"url\":\"https:\/\/www.safinel.fr\/wp-content\/uploads\/2021\/05\/boutique-cosmetique.png\",\"contentUrl\":\"https:\/\/www.safinel.fr\/wp-content\/uploads\/2021\/05\/boutique-cosmetique.png\",\"width\":800,\"height\":200,\"caption\":\"Safinel\"},\"image\":{\"@id\":\"https:\/\/www.safinel.fr\/#\/schema\/logo\/image\/\"}}]}<\/script>\n<!-- \/ Yoast SEO plugin. -->","yoast_head_json":{"title":"Quina roja I Cinchona-officinalis corteza I Numerosos beneficios","description":"Compre en Safinel corteza de Quinquina Roja. Un remedio natural excepcional para aliviar ciertas dolencias cotidianas.","robots":{"index":"index","follow":"follow","max-snippet":"max-snippet:-1","max-image-preview":"max-image-preview:large","max-video-preview":"max-video-preview:-1"},"canonical":"https:\/\/www.safinel.fr\/es\/product-2\/corteza-de-quina-roja\/","og_locale":"es_ES","og_type":"article","og_title":"Quinquina rouge I \u00c9corce Cinchona-officinalis I Bienfaits nombreux","og_description":"Retrouvez sur la boutique\u00a0Safinel, les \u00e9corces de\u00a0Quinquina rouge. Exceptionnel rem\u00e8de naturel pour soulager certains maux du quotidien.","og_url":"https:\/\/www.safinel.fr\/es\/product-2\/corteza-de-quina-roja\/","og_site_name":"Safinel","article_modified_time":"2023-12-30T12:14:28+00:00","og_image":[{"width":600,"height":600,"url":"https:\/\/www.safinel.fr\/wp-content\/uploads\/2023\/04\/ecorce-de-quinquina-rouge-cinchona-officinalis-.jpg","type":"image\/jpeg"}],"twitter_card":"summary_large_image","twitter_misc":{"Tiempo de lectura":"3 minutos"},"schema":{"@context":"https:\/\/schema.org","@graph":[{"@type":"WebPage","@id":"https:\/\/www.safinel.fr\/produit\/ecorce-de-quinquina-rouge\/","url":"https:\/\/www.safinel.fr\/produit\/ecorce-de-quinquina-rouge\/","name":"Quina roja I Cinchona-officinalis corteza I Numerosos beneficios","isPartOf":{"@id":"https:\/\/www.safinel.fr\/#website"},"primaryImageOfPage":{"@id":"https:\/\/www.safinel.fr\/produit\/ecorce-de-quinquina-rouge\/#primaryimage"},"image":{"@id":"https:\/\/www.safinel.fr\/produit\/ecorce-de-quinquina-rouge\/#primaryimage"},"thumbnailUrl":"https:\/\/www.safinel.fr\/wp-content\/uploads\/2023\/04\/ecorce-de-quinquina-rouge-cinchona-officinalis-.jpg","datePublished":"2023-04-25T15:21:45+00:00","dateModified":"2023-12-30T12:14:28+00:00","description":"Compre en Safinel corteza de Quinquina Roja. Un remedio natural excepcional para aliviar ciertas dolencias cotidianas.","breadcrumb":{"@id":"https:\/\/www.safinel.fr\/produit\/ecorce-de-quinquina-rouge\/#breadcrumb"},"inLanguage":"es","potentialAction":[{"@type":"ReadAction","target":["https:\/\/www.safinel.fr\/produit\/ecorce-de-quinquina-rouge\/"]}]},{"@type":"ImageObject","inLanguage":"es","@id":"https:\/\/www.safinel.fr\/produit\/ecorce-de-quinquina-rouge\/#primaryimage","url":"https:\/\/www.safinel.fr\/wp-content\/uploads\/2023\/04\/ecorce-de-quinquina-rouge-cinchona-officinalis-.jpg","contentUrl":"https:\/\/www.safinel.fr\/wp-content\/uploads\/2023\/04\/ecorce-de-quinquina-rouge-cinchona-officinalis-.jpg","width":600,"height":600,"caption":"ecorce de quinquina rouge - cinchona-officinalis"},{"@type":"BreadcrumbList","@id":"https:\/\/www.safinel.fr\/produit\/ecorce-de-quinquina-rouge\/#breadcrumb","itemListElement":[{"@type":"ListItem","position":1,"name":"Accueil","item":"https:\/\/www.safinel.fr\/"},{"@type":"ListItem","position":2,"name":"Boutique","item":"https:\/\/www.safinel.fr\/boutique\/"},{"@type":"ListItem","position":3,"name":"\u00c9corce de quinquina rouge (Cinchona-officinalis)"}]},{"@type":"WebSite","@id":"https:\/\/www.safinel.fr\/#website","url":"https:\/\/www.safinel.fr\/","name":"Safinel","description":"","publisher":{"@id":"https:\/\/www.safinel.fr\/#organization"},"potentialAction":[{"@type":"SearchAction","target":{"@type":"EntryPoint","urlTemplate":"https:\/\/www.safinel.fr\/?s={search_term_string}"},"query-input":{"@type":"PropertyValueSpecification","valueRequired":true,"valueName":"search_term_string"}}],"inLanguage":"es"},{"@type":"Organization","@id":"https:\/\/www.safinel.fr\/#organization","name":"Safinel","url":"https:\/\/www.safinel.fr\/","logo":{"@type":"ImageObject","inLanguage":"es","@id":"https:\/\/www.safinel.fr\/#\/schema\/logo\/image\/","url":"https:\/\/www.safinel.fr\/wp-content\/uploads\/2021\/05\/boutique-cosmetique.png","contentUrl":"https:\/\/www.safinel.fr\/wp-content\/uploads\/2021\/05\/boutique-cosmetique.png","width":800,"height":200,"caption":"Safinel"},"image":{"@id":"https:\/\/www.safinel.fr\/#\/schema\/logo\/image\/"}}]}},"_links":{"self":[{"href":"https:\/\/www.safinel.fr\/es\/wp-json\/wp\/v2\/product\/5685","targetHints":{"allow":["GET"]}}],"collection":[{"href":"https:\/\/www.safinel.fr\/es\/wp-json\/wp\/v2\/product"}],"about":[{"href":"https:\/\/www.safinel.fr\/es\/wp-json\/wp\/v2\/types\/product"}],"wp:featuredmedia":[{"embeddable":true,"href":"https:\/\/www.safinel.fr\/es\/wp-json\/wp\/v2\/media\/5686"}],"wp:attachment":[{"href":"https:\/\/www.safinel.fr\/es\/wp-json\/wp\/v2\/media?parent=5685"}],"wp:term":[{"taxonomy":"product_brand","embeddable":true,"href":"https:\/\/www.safinel.fr\/es\/wp-json\/wp\/v2\/product_brand?post=5685"},{"taxonomy":"product_cat","embeddable":true,"href":"https:\/\/www.safinel.fr\/es\/wp-json\/wp\/v2\/product_cat?post=5685"},{"taxonomy":"product_tag","embeddable":true,"href":"https:\/\/www.safinel.fr\/es\/wp-json\/wp\/v2\/product_tag?post=5685"}],"curies":[{"name":"wp","href":"https:\/\/api.w.org\/{rel}","templated":true}]}}