{"id":5556,"date":"2023-04-18T12:07:24","date_gmt":"2023-04-18T12:07:24","guid":{"rendered":"https:\/\/www.safinel.fr\/?post_type=product&#038;p=5556"},"modified":"2025-11-06T10:36:19","modified_gmt":"2025-11-06T10:36:19","slug":"champu-chebe","status":"publish","type":"product","link":"https:\/\/www.safinel.fr\/es\/product-2\/champu-chebe\/","title":{"rendered":"Champ\u00fa de \u00e1rbol de t\u00e9 200 g"},"content":{"rendered":"<p>Por fin se ha desvelado el secreto de las mujeres del Chad, \u00a1para regocijo de nuestros cabellos! En\u00a0<strong>champ\u00fa chebe\u00a0<\/strong>hace su aparici\u00f3n en nuestros cuartos de ba\u00f1o, dispuesta a ofrecernos todas sus ventajas.<\/p>\n<p>Safinel le advierte: \u00a1no podr\u00e1 prescindir de \u00e9l!<\/p>\n<h2><strong>Champ\u00fa capilar: lo esencial para un cabello cuidado \u00a0<\/strong><\/h2>\n<p>El champ\u00fa con ch\u00e9b\u00e9 es un\u00a0<strong>productos capilares<\/strong>\u00a0cada vez m\u00e1s popular por sus m\u00faltiples beneficios para el cabello. Toma su nombre del ingrediente principal, el ch\u00e9b\u00e9. Se trata de un polvo tradicional utilizado durante generaciones por las mujeres del Chad para favorecer el crecimiento y la salud del cabello.<\/p>\n<p>Puede encontrar este producto en nuestra tienda en l\u00ednea en los siguientes formatos\u00a0<strong>aceite<\/strong>, de\u00a0<strong>polvo<\/strong>\u00a0sino tambi\u00e9n en el\u00a0<strong><a href=\"https:\/\/www.safinel.fr\/es\/product-2\/pack-chebe\/\">pack beb\u00e9<\/a>.\u00a0<\/strong><\/p>\n<h2><strong>Los beneficios del champ\u00fa con ch\u00e9b\u00e9\u00a0<\/strong><\/h2>\n<p>Este\u00a0<strong>champ\u00fa natural\u00a0<\/strong>est\u00e1 formulado con ingredientes naturales cuidadosamente seleccionados para proporcionar una soluci\u00f3n capilar completa. Contiene extractos de plantas, aceites esenciales y otros ingredientes beneficiosos para el cabello.<\/p>\n<p>Estos ingredientes act\u00faan en sinergia para limpiar en profundidad el cabello y el cuero cabelludo. Todo ello al tiempo que hidratan y nutren.<\/p>\n<p>Uno de los principales beneficios del ch\u00e9b\u00e9 es su capacidad para estimular el crecimiento del cabello.<\/p>\n<p><strong>Pero tambi\u00e9n es apreciado por :<\/strong><\/p>\n<ul>\n<li>propiedades fortificantes que ayudan a prevenir la rotura y las puntas abiertas, promoviendo un crecimiento sano<\/li>\n<li>Tambi\u00e9n ayuda a reducir la ca\u00edda del cabello al fortalecer los fol\u00edculos pilosos<\/li>\n<li>Mejora la circulaci\u00f3n sangu\u00ednea en el cuero cabelludo<\/li>\n<li>Fomenta el crecimiento<\/li>\n<li>Ayuda a mejorar la salud capilar<\/li>\n<li>Nutre en profundidad el cabello<\/li>\n<\/ul>\n<h3><strong>Nuestros consejos de uso\u00a0<\/strong><\/h3>\n<p>Este cosm\u00e9tico se utiliza como cualquier otro champ\u00fa. Basta con aplicar una cantidad suficiente sobre el cabello h\u00famedo, en funci\u00f3n de la longitud.<\/p>\n<p>A continuaci\u00f3n, lavar con las yemas de los dedos y aclarar abundantemente.<\/p>\n<p>Tambi\u00e9n recomendamos utilizar el\u00a0<a href=\"https:\/\/www.safinel.fr\/es\/product-2\/mascara-chebe\/\"><strong>m\u00e1scara ch\u00e9b\u00e9<\/strong><\/a>\u00a0disponible en nuestra tienda online. Para completar tu rutina de cuidado capilar y conseguir un resultado a\u00fan m\u00e1s satisfactorio.<\/p>","protected":false},"excerpt":{"rendered":"<p><img decoding=\"async\" class=\"size-full wp-image-5091 aligncenter\" src=\"https:\/\/www.safinel.fr\/wp-content\/uploads\/2021\/06\/BANNIERE-ICONE-SAFINEL.webp\" alt=\"reaseguro de sat\u00e9n\" width=\"800\" height=\"200\" srcset=\"https:\/\/www.safinel.fr\/wp-content\/uploads\/2021\/06\/BANNIERE-ICONE-SAFINEL.webp 800w, https:\/\/www.safinel.fr\/wp-content\/uploads\/2021\/06\/BANNIERE-ICONE-SAFINEL-600x150.webp 600w, https:\/\/www.safinel.fr\/wp-content\/uploads\/2021\/06\/BANNIERE-ICONE-SAFINEL-768x192.webp 768w\" sizes=\"(max-width: 800px) 100vw, 800px\" \/><\/p>","protected":false},"featured_media":5553,"template":"","meta":[],"product_brand":[],"product_cat":[148,146],"product_tag":[],"class_list":{"0":"post-5556","1":"product","2":"type-product","3":"status-publish","4":"has-post-thumbnail","6":"product_cat-chebe","7":"product_cat-produit-cheveux","9":"first","10":"outofstock","11":"shipping-taxable","12":"purchasable","13":"product-type-simple"},"yoast_head":"<!-- This site is optimized with the Yoast SEO plugin v26.6 - https:\/\/yoast.com\/wordpress\/plugins\/seo\/ -->\n<title>Shampoing au ch\u00e9b\u00e9 | Shampoing fortifiant | Bienfaits nombreux<\/title>\n<meta name=\"description\" content=\"Le shampoing au ch\u00e9b\u00e9 est un\u00a0produit capillaire\u00a0qui gagne en popularit\u00e9 en raison de ses nombreux bienfaits pour les cheveux.\" \/>\n<meta name=\"robots\" content=\"index, follow, max-snippet:-1, max-image-preview:large, max-video-preview:-1\" \/>\n<link rel=\"canonical\" href=\"https:\/\/www.safinel.fr\/es\/product-2\/champu-chebe\/\" \/>\n<meta property=\"og:locale\" content=\"es_ES\" \/>\n<meta property=\"og:type\" content=\"article\" \/>\n<meta property=\"og:title\" content=\"Shampoing au ch\u00e9b\u00e9 | Shampoing fortifiant | Bienfaits nombreux\" \/>\n<meta property=\"og:description\" content=\"Le shampoing au ch\u00e9b\u00e9 est un\u00a0produit capillaire\u00a0qui gagne en popularit\u00e9 en raison de ses nombreux bienfaits pour les cheveux.\" \/>\n<meta property=\"og:url\" content=\"https:\/\/www.safinel.fr\/es\/product-2\/champu-chebe\/\" \/>\n<meta property=\"og:site_name\" content=\"Safinel\" \/>\n<meta property=\"article:modified_time\" content=\"2025-11-06T10:36:19+00:00\" \/>\n<meta property=\"og:image\" content=\"https:\/\/www.safinel.fr\/wp-content\/uploads\/2023\/04\/shampoing-chebe.jpg\" \/>\n\t<meta property=\"og:image:width\" content=\"600\" \/>\n\t<meta property=\"og:image:height\" content=\"600\" \/>\n\t<meta property=\"og:image:type\" content=\"image\/jpeg\" \/>\n<meta name=\"twitter:card\" content=\"summary_large_image\" \/>\n<meta name=\"twitter:label1\" content=\"Tiempo de lectura\" \/>\n\t<meta name=\"twitter:data1\" content=\"2 minutos\" \/>\n<script type=\"application\/ld+json\" class=\"yoast-schema-graph\">{\"@context\":\"https:\/\/schema.org\",\"@graph\":[{\"@type\":\"WebPage\",\"@id\":\"https:\/\/www.safinel.fr\/produit\/shampoing-au-chebe\/\",\"url\":\"https:\/\/www.safinel.fr\/produit\/shampoing-au-chebe\/\",\"name\":\"Shampoing au ch\u00e9b\u00e9 | Shampoing fortifiant | Bienfaits nombreux\",\"isPartOf\":{\"@id\":\"https:\/\/www.safinel.fr\/#website\"},\"primaryImageOfPage\":{\"@id\":\"https:\/\/www.safinel.fr\/produit\/shampoing-au-chebe\/#primaryimage\"},\"image\":{\"@id\":\"https:\/\/www.safinel.fr\/produit\/shampoing-au-chebe\/#primaryimage\"},\"thumbnailUrl\":\"https:\/\/www.safinel.fr\/wp-content\/uploads\/2023\/04\/shampoing-chebe.jpg\",\"datePublished\":\"2023-04-18T12:07:24+00:00\",\"dateModified\":\"2025-11-06T10:36:19+00:00\",\"description\":\"Le shampoing au ch\u00e9b\u00e9 est un\u00a0produit capillaire\u00a0qui gagne en popularit\u00e9 en raison de ses nombreux bienfaits pour les cheveux.\",\"breadcrumb\":{\"@id\":\"https:\/\/www.safinel.fr\/produit\/shampoing-au-chebe\/#breadcrumb\"},\"inLanguage\":\"es\",\"potentialAction\":[{\"@type\":\"ReadAction\",\"target\":[\"https:\/\/www.safinel.fr\/produit\/shampoing-au-chebe\/\"]}]},{\"@type\":\"ImageObject\",\"inLanguage\":\"es\",\"@id\":\"https:\/\/www.safinel.fr\/produit\/shampoing-au-chebe\/#primaryimage\",\"url\":\"https:\/\/www.safinel.fr\/wp-content\/uploads\/2023\/04\/shampoing-chebe.jpg\",\"contentUrl\":\"https:\/\/www.safinel.fr\/wp-content\/uploads\/2023\/04\/shampoing-chebe.jpg\",\"width\":600,\"height\":600,\"caption\":\"Shampoing au ch\u00e9b\u00e9 200g\"},{\"@type\":\"BreadcrumbList\",\"@id\":\"https:\/\/www.safinel.fr\/produit\/shampoing-au-chebe\/#breadcrumb\",\"itemListElement\":[{\"@type\":\"ListItem\",\"position\":1,\"name\":\"Accueil\",\"item\":\"https:\/\/www.safinel.fr\/\"},{\"@type\":\"ListItem\",\"position\":2,\"name\":\"Boutique\",\"item\":\"https:\/\/www.safinel.fr\/boutique\/\"},{\"@type\":\"ListItem\",\"position\":3,\"name\":\"Shampoing au ch\u00e9b\u00e9 200g\"}]},{\"@type\":\"WebSite\",\"@id\":\"https:\/\/www.safinel.fr\/#website\",\"url\":\"https:\/\/www.safinel.fr\/\",\"name\":\"Safinel\",\"description\":\"\",\"publisher\":{\"@id\":\"https:\/\/www.safinel.fr\/#organization\"},\"potentialAction\":[{\"@type\":\"SearchAction\",\"target\":{\"@type\":\"EntryPoint\",\"urlTemplate\":\"https:\/\/www.safinel.fr\/?s={search_term_string}\"},\"query-input\":{\"@type\":\"PropertyValueSpecification\",\"valueRequired\":true,\"valueName\":\"search_term_string\"}}],\"inLanguage\":\"es\"},{\"@type\":\"Organization\",\"@id\":\"https:\/\/www.safinel.fr\/#organization\",\"name\":\"Safinel\",\"url\":\"https:\/\/www.safinel.fr\/\",\"logo\":{\"@type\":\"ImageObject\",\"inLanguage\":\"es\",\"@id\":\"https:\/\/www.safinel.fr\/#\/schema\/logo\/image\/\",\"url\":\"https:\/\/www.safinel.fr\/wp-content\/uploads\/2021\/05\/boutique-cosmetique.png\",\"contentUrl\":\"https:\/\/www.safinel.fr\/wp-content\/uploads\/2021\/05\/boutique-cosmetique.png\",\"width\":800,\"height\":200,\"caption\":\"Safinel\"},\"image\":{\"@id\":\"https:\/\/www.safinel.fr\/#\/schema\/logo\/image\/\"}}]}<\/script>\n<!-- \/ Yoast SEO plugin. -->","yoast_head_json":{"title":"Champ\u00fa de trigo | Champ\u00fa fortificante | Numerosos beneficios","description":"El champ\u00fa de \u00e1rbol de t\u00e9 es un producto capilar que est\u00e1 ganando popularidad por sus m\u00faltiples beneficios para el cabello.","robots":{"index":"index","follow":"follow","max-snippet":"max-snippet:-1","max-image-preview":"max-image-preview:large","max-video-preview":"max-video-preview:-1"},"canonical":"https:\/\/www.safinel.fr\/es\/product-2\/champu-chebe\/","og_locale":"es_ES","og_type":"article","og_title":"Shampoing au ch\u00e9b\u00e9 | Shampoing fortifiant | Bienfaits nombreux","og_description":"Le shampoing au ch\u00e9b\u00e9 est un\u00a0produit capillaire\u00a0qui gagne en popularit\u00e9 en raison de ses nombreux bienfaits pour les cheveux.","og_url":"https:\/\/www.safinel.fr\/es\/product-2\/champu-chebe\/","og_site_name":"Safinel","article_modified_time":"2025-11-06T10:36:19+00:00","og_image":[{"width":600,"height":600,"url":"https:\/\/www.safinel.fr\/wp-content\/uploads\/2023\/04\/shampoing-chebe.jpg","type":"image\/jpeg"}],"twitter_card":"summary_large_image","twitter_misc":{"Tiempo de lectura":"2 minutos"},"schema":{"@context":"https:\/\/schema.org","@graph":[{"@type":"WebPage","@id":"https:\/\/www.safinel.fr\/produit\/shampoing-au-chebe\/","url":"https:\/\/www.safinel.fr\/produit\/shampoing-au-chebe\/","name":"Champ\u00fa de trigo | Champ\u00fa fortificante | Numerosos beneficios","isPartOf":{"@id":"https:\/\/www.safinel.fr\/#website"},"primaryImageOfPage":{"@id":"https:\/\/www.safinel.fr\/produit\/shampoing-au-chebe\/#primaryimage"},"image":{"@id":"https:\/\/www.safinel.fr\/produit\/shampoing-au-chebe\/#primaryimage"},"thumbnailUrl":"https:\/\/www.safinel.fr\/wp-content\/uploads\/2023\/04\/shampoing-chebe.jpg","datePublished":"2023-04-18T12:07:24+00:00","dateModified":"2025-11-06T10:36:19+00:00","description":"El champ\u00fa de \u00e1rbol de t\u00e9 es un producto capilar que est\u00e1 ganando popularidad por sus m\u00faltiples beneficios para el cabello.","breadcrumb":{"@id":"https:\/\/www.safinel.fr\/produit\/shampoing-au-chebe\/#breadcrumb"},"inLanguage":"es","potentialAction":[{"@type":"ReadAction","target":["https:\/\/www.safinel.fr\/produit\/shampoing-au-chebe\/"]}]},{"@type":"ImageObject","inLanguage":"es","@id":"https:\/\/www.safinel.fr\/produit\/shampoing-au-chebe\/#primaryimage","url":"https:\/\/www.safinel.fr\/wp-content\/uploads\/2023\/04\/shampoing-chebe.jpg","contentUrl":"https:\/\/www.safinel.fr\/wp-content\/uploads\/2023\/04\/shampoing-chebe.jpg","width":600,"height":600,"caption":"Shampoing au ch\u00e9b\u00e9 200g"},{"@type":"BreadcrumbList","@id":"https:\/\/www.safinel.fr\/produit\/shampoing-au-chebe\/#breadcrumb","itemListElement":[{"@type":"ListItem","position":1,"name":"Accueil","item":"https:\/\/www.safinel.fr\/"},{"@type":"ListItem","position":2,"name":"Boutique","item":"https:\/\/www.safinel.fr\/boutique\/"},{"@type":"ListItem","position":3,"name":"Shampoing au ch\u00e9b\u00e9 200g"}]},{"@type":"WebSite","@id":"https:\/\/www.safinel.fr\/#website","url":"https:\/\/www.safinel.fr\/","name":"Safinel","description":"","publisher":{"@id":"https:\/\/www.safinel.fr\/#organization"},"potentialAction":[{"@type":"SearchAction","target":{"@type":"EntryPoint","urlTemplate":"https:\/\/www.safinel.fr\/?s={search_term_string}"},"query-input":{"@type":"PropertyValueSpecification","valueRequired":true,"valueName":"search_term_string"}}],"inLanguage":"es"},{"@type":"Organization","@id":"https:\/\/www.safinel.fr\/#organization","name":"Safinel","url":"https:\/\/www.safinel.fr\/","logo":{"@type":"ImageObject","inLanguage":"es","@id":"https:\/\/www.safinel.fr\/#\/schema\/logo\/image\/","url":"https:\/\/www.safinel.fr\/wp-content\/uploads\/2021\/05\/boutique-cosmetique.png","contentUrl":"https:\/\/www.safinel.fr\/wp-content\/uploads\/2021\/05\/boutique-cosmetique.png","width":800,"height":200,"caption":"Safinel"},"image":{"@id":"https:\/\/www.safinel.fr\/#\/schema\/logo\/image\/"}}]}},"_links":{"self":[{"href":"https:\/\/www.safinel.fr\/es\/wp-json\/wp\/v2\/product\/5556","targetHints":{"allow":["GET"]}}],"collection":[{"href":"https:\/\/www.safinel.fr\/es\/wp-json\/wp\/v2\/product"}],"about":[{"href":"https:\/\/www.safinel.fr\/es\/wp-json\/wp\/v2\/types\/product"}],"wp:featuredmedia":[{"embeddable":true,"href":"https:\/\/www.safinel.fr\/es\/wp-json\/wp\/v2\/media\/5553"}],"wp:attachment":[{"href":"https:\/\/www.safinel.fr\/es\/wp-json\/wp\/v2\/media?parent=5556"}],"wp:term":[{"taxonomy":"product_brand","embeddable":true,"href":"https:\/\/www.safinel.fr\/es\/wp-json\/wp\/v2\/product_brand?post=5556"},{"taxonomy":"product_cat","embeddable":true,"href":"https:\/\/www.safinel.fr\/es\/wp-json\/wp\/v2\/product_cat?post=5556"},{"taxonomy":"product_tag","embeddable":true,"href":"https:\/\/www.safinel.fr\/es\/wp-json\/wp\/v2\/product_tag?post=5556"}],"curies":[{"name":"wp","href":"https:\/\/api.w.org\/{rel}","templated":true}]}}