{"id":5490,"date":"2023-04-14T18:32:40","date_gmt":"2023-04-14T18:32:40","guid":{"rendered":"https:\/\/www.safinel.fr\/?post_type=product&#038;p=5490"},"modified":"2025-06-10T12:50:09","modified_gmt":"2025-06-10T12:50:09","slug":"hojas-de-guanabana","status":"publish","type":"product","link":"https:\/\/www.safinel.fr\/es\/product-2\/hojas-de-guanabana\/","title":{"rendered":"Hojas de guan\u00e1bana 50 g (Annona muricata)"},"content":{"rendered":"<p>Dentro de la gran familia de las plantas medicinales, las\u00a0<strong>hojas de guan\u00e1bana<\/strong>\u00a0\u00a1! Follaje lleno de beneficios para el organismo - \u00a1desc\u00fabralos ahora!<\/p>\n<h2><strong>Hojas de guan\u00e1bana: \u00bfqu\u00e9 son?<\/strong>\u2019<strong>es<\/strong>\u2019<strong>\u00bflo es?<\/strong><\/h2>\n<p>Las hojas de guan\u00e1bana proceden del \u00e1rbol frutal conocido por su nombre cient\u00edfico, \u00abcorossolier\".\u00ab\u00a0<strong>Annona muricata<\/strong>\u00a0\u00bb.<\/p>\n<p>Crece en regiones tropicales de Am\u00e9rica, Asia, Ocean\u00eda y \u00c1frica. Produce un ex\u00f3tico fruto verde espinoso llamado\u00a0<strong>guan\u00e1bana<\/strong>,\u00a0<strong>graviola<\/strong>,\u00a0<strong>sapotille<\/strong>\u00a0o incluso\u00a0<strong>coronsol<\/strong>, dependiendo del pa\u00eds.<\/p>\n<p>Esta fruta es conocida por sus innumerables beneficios y por su sabor \u00fanico, a medio camino entre el chicle Malabar y el caramelo Arlequ\u00edn, con un toque \u00e1cido de pi\u00f1a y lichi.<\/p>\n<p>Las hojas de guan\u00e1bana tambi\u00e9n son ricas en\u00a0<strong>beneficios para<\/strong>\u2019<strong>organizaci\u00f3n<\/strong>\u00a0y presente\u00a0<strong>cualidades terap\u00e9uticas<\/strong>\u00a0no es insignificante.<\/p>\n<h2><strong>Las m\u00faltiples virtudes de las hojas de guan\u00e1bana<\/strong><\/h2>\n<p>Las hojas de la guan\u00e1bana, un \u00e1rbol frutal, tienen muchas propiedades medicinales, entre ellas :<\/p>\n<ul>\n<li>Propiedades anticancer\u00edgenas (ayuda a resistir los efectos indeseables de la quimioterapia y frena la proliferaci\u00f3n de c\u00e9lulas cancerosas).\u00a0<strong>ver precauciones de uso<\/strong>)\u00a0;<\/li>\n<li>Propiedades antiinflamatorias ;<\/li>\n<li>Ayuda a conciliar el sue\u00f1o y es beneficioso en casos de estr\u00e9s;<\/li>\n<li>Favorece la digesti\u00f3n;<\/li>\n<li>Refuerza el sistema inmunitario;<\/li>\n<li>Alivia el dolor asociado a las hemorroides;<\/li>\n<li>Mantiene la pr\u00f3stata en buen estado de funcionamiento;<\/li>\n<li><a href=\"https:\/\/www.safinel.fr\/es\/product-2\/miel-de-dragon\/\"><strong>Alivia la tos seca y la tos nocturna<\/strong><\/a>\u00a0;<\/li>\n<li>Ayuda a prevenir y eliminar lombrices y par\u00e1sitos internos;<\/li>\n<li>Calma y ayuda a reducir los eczemas;<\/li>\n<li>Y as\u00ed sucesivamente.<\/li>\n<\/ul>\n<h2><strong>\u00bfC\u00f3mo los utiliza?<\/strong><\/h2>\n<p>La forma m\u00e1s sencilla de utilizar la planta internamente es como\u2019<strong>infusi\u00f3n<\/strong>.<\/p>\n<ul>\n<li>Para ello, basta con seguir el mismo procedimiento que para un<strong>\u00a0t\u00e9 de hierbas<\/strong>\u00a0Para preparar la infusi\u00f3n cl\u00e1sica, hierva de 5 a 10 hojas en 1 litro de agua durante unos diez minutos. A continuaci\u00f3n, filtre y beba la infusi\u00f3n, preferiblemente en pocos minutos u horas. De este modo\u00a0<strong>aprovechar todas las propiedades de la planta<\/strong>.<\/li>\n<li>Por ejemplo, una infusi\u00f3n de hojas de guan\u00e1bana\u00a0<strong>reforzar el sistema inmunitario<\/strong>\u00a0y puede utilizarse para\u00a0<strong>prevenir las dolencias invernales<\/strong>\u00a0(gripe, resfriados, tos) y\u00a0<strong>enfermedades infecciosas\u00a0<\/strong>en general.<\/li>\n<li>Tambi\u00e9n pueden ser\u00a0<strong>a\u00f1adir a platos y preparaciones cocidos a fuego lento<\/strong>.<\/li>\n<li>Las hojas de guan\u00e1bana pueden utilizarse externamente\u00a0<strong>como compresa<\/strong>\u00a0o\u00a0<strong>como cataplasma<\/strong>\u00a0para\u00a0<strong>apaciguar a los<\/strong>\u2019<strong>eczema<\/strong>\u00a0y\u00a0<strong>dolor inflamatorio<\/strong>.<\/li>\n<li>Por \u00faltimo, estas hojas son famosas por su\u00a0<strong>efecto calmante y relajante<\/strong>. Esto los hace especialmente interesantes para los ni\u00f1os inquietos o en caso de\u00a0<strong>estr\u00e9s<\/strong>, de\u00a0<strong>nerviosismo<\/strong>\u00a0y\u00a0<strong>problemas para dormir<\/strong>.<\/li>\n<li>A continuaci\u00f3n, puede arrugar unas cuantas hojas y a\u00f1adirlas a un ba\u00f1o caliente para disfrutar de una sensaci\u00f3n refrescante y calmante.\u00a0<strong>ba\u00f1o<\/strong>\u2019<strong>efecto calmante y relajante<\/strong>.<\/li>\n<\/ul>\n<h3><strong>Precauciones de seguridad<\/strong>\u2019<strong>utilice<\/strong><\/h3>\n<p>Las hojas de guan\u00e1bana no\u00a0<strong>no sustituyen al tratamiento m\u00e9dico<\/strong>\u00a0administrado por un profesional sanitario.<\/p>\n<p>Adem\u00e1s, contrariamente a lo que se puede leer en otros sitios\u00a0<strong>n<\/strong>\u2019<strong>no interrumpa nunca un tratamiento administrado por su m\u00e9dico sin su consentimiento<\/strong>\u00a0sustituirla por cualquier planta natural.<\/p>\n<p>Las hojas de guan\u00e1bana tambi\u00e9n son muy beneficiosas para la recuperaci\u00f3n. Por ejemplo, ayudan a los pacientes en la agon\u00eda de\u00a0<strong>quimioterapia<\/strong>\u00a0\u00e0\u00a0<strong>reducir los efectos indeseables<\/strong>\u00a0pero en ning\u00fan caso la sustituye.<\/p>\n<p><strong>Mujeres embarazadas y en periodo de lactancia<\/strong>\u00a0deben abstenerse de comer estas hojas como medida de precauci\u00f3n.<\/p>\n<p>Las hojas podr\u00edan\u00a0<strong>interactuar con determinados medicamentos<\/strong>. Para mayor seguridad, consulte a su m\u00e9dico antes de tomar este suplemento diet\u00e9tico.<\/p>\n<p>Por \u00faltimo, respete siempre la dosis diaria recomendada.<\/p>","protected":false},"excerpt":{"rendered":"<p><strong>Algunas ventajas:\u00a0<\/strong><\/p>\n<ul>\n<li>Propiedades anticancer\u00edgenas (ayuda a resistir los efectos indeseables de la quimioterapia y frena la proliferaci\u00f3n de c\u00e9lulas cancerosas).\u00a0<strong>ver precauciones de uso<\/strong>)\u00a0;<\/li>\n<li>Propiedades antiinflamatorias ;<\/li>\n<li>Ayuda a conciliar el sue\u00f1o y es beneficioso en casos de estr\u00e9s;<\/li>\n<li>Favorece la digesti\u00f3n;<\/li>\n<li>Refuerza el sistema inmunitario<\/li>\n<\/ul>\n<p><img decoding=\"async\" class=\"size-full wp-image-5091 aligncenter\" src=\"https:\/\/www.safinel.fr\/wp-content\/uploads\/2021\/06\/BANNIERE-ICONE-SAFINEL.webp\" alt=\"reaseguro de sat\u00e9n\" width=\"800\" height=\"200\" srcset=\"https:\/\/www.safinel.fr\/wp-content\/uploads\/2021\/06\/BANNIERE-ICONE-SAFINEL.webp 800w, https:\/\/www.safinel.fr\/wp-content\/uploads\/2021\/06\/BANNIERE-ICONE-SAFINEL-600x150.webp 600w, https:\/\/www.safinel.fr\/wp-content\/uploads\/2021\/06\/BANNIERE-ICONE-SAFINEL-768x192.webp 768w\" sizes=\"(max-width: 800px) 100vw, 800px\" \/><\/p>","protected":false},"featured_media":5491,"template":"","meta":[],"product_brand":[],"product_cat":[27],"product_tag":[],"class_list":{"0":"post-5490","1":"product","2":"type-product","3":"status-publish","4":"has-post-thumbnail","6":"product_cat-plantes-medicinales","8":"first","9":"outofstock","10":"shipping-taxable","11":"purchasable","12":"product-type-simple"},"yoast_head":"<!-- This site is optimized with the Yoast SEO plugin v26.6 - https:\/\/yoast.com\/wordpress\/plugins\/seo\/ -->\n<title>Feuilles de corossol I Bienfaits nombreux I Achat en ligne s\u00e9curis\u00e9<\/title>\n<meta name=\"description\" content=\"Dans la grande famille des plantes m\u00e9dicinales on a nomm\u00e9 les\u00a0feuilles de corossol\u00a0! Un feuillage plein de bienfaits pour l\u2019organisme, d\u00e9couvrez-les\u00a0!\" \/>\n<meta name=\"robots\" content=\"index, follow, max-snippet:-1, max-image-preview:large, max-video-preview:-1\" \/>\n<link rel=\"canonical\" href=\"https:\/\/www.safinel.fr\/es\/product-2\/hojas-de-guanabana\/\" \/>\n<meta property=\"og:locale\" content=\"es_ES\" \/>\n<meta property=\"og:type\" content=\"article\" \/>\n<meta property=\"og:title\" content=\"Feuilles de corossol I Bienfaits nombreux I Achat en ligne s\u00e9curis\u00e9\" \/>\n<meta property=\"og:description\" content=\"Dans la grande famille des plantes m\u00e9dicinales on a nomm\u00e9 les\u00a0feuilles de corossol\u00a0! Un feuillage plein de bienfaits pour l\u2019organisme, d\u00e9couvrez-les\u00a0!\" \/>\n<meta property=\"og:url\" content=\"https:\/\/www.safinel.fr\/es\/product-2\/hojas-de-guanabana\/\" \/>\n<meta property=\"og:site_name\" content=\"Safinel\" \/>\n<meta property=\"article:modified_time\" content=\"2025-06-10T12:50:09+00:00\" \/>\n<meta property=\"og:image\" content=\"https:\/\/www.safinel.fr\/wp-content\/uploads\/2023\/04\/feuilles-de-corrosol.jpg\" \/>\n\t<meta property=\"og:image:width\" content=\"600\" \/>\n\t<meta property=\"og:image:height\" content=\"600\" \/>\n\t<meta property=\"og:image:type\" content=\"image\/jpeg\" \/>\n<meta name=\"twitter:card\" content=\"summary_large_image\" \/>\n<meta name=\"twitter:label1\" content=\"Tiempo de lectura\" \/>\n\t<meta name=\"twitter:data1\" content=\"3 minutos\" \/>\n<script type=\"application\/ld+json\" class=\"yoast-schema-graph\">{\"@context\":\"https:\/\/schema.org\",\"@graph\":[{\"@type\":\"WebPage\",\"@id\":\"https:\/\/www.safinel.fr\/produit\/feuilles-de-corossol\/\",\"url\":\"https:\/\/www.safinel.fr\/produit\/feuilles-de-corossol\/\",\"name\":\"Feuilles de corossol I Bienfaits nombreux I Achat en ligne s\u00e9curis\u00e9\",\"isPartOf\":{\"@id\":\"https:\/\/www.safinel.fr\/#website\"},\"primaryImageOfPage\":{\"@id\":\"https:\/\/www.safinel.fr\/produit\/feuilles-de-corossol\/#primaryimage\"},\"image\":{\"@id\":\"https:\/\/www.safinel.fr\/produit\/feuilles-de-corossol\/#primaryimage\"},\"thumbnailUrl\":\"https:\/\/www.safinel.fr\/wp-content\/uploads\/2023\/04\/feuilles-de-corrosol.jpg\",\"datePublished\":\"2023-04-14T18:32:40+00:00\",\"dateModified\":\"2025-06-10T12:50:09+00:00\",\"description\":\"Dans la grande famille des plantes m\u00e9dicinales on a nomm\u00e9 les\u00a0feuilles de corossol\u00a0! Un feuillage plein de bienfaits pour l\u2019organisme, d\u00e9couvrez-les\u00a0!\",\"breadcrumb\":{\"@id\":\"https:\/\/www.safinel.fr\/produit\/feuilles-de-corossol\/#breadcrumb\"},\"inLanguage\":\"es\",\"potentialAction\":[{\"@type\":\"ReadAction\",\"target\":[\"https:\/\/www.safinel.fr\/produit\/feuilles-de-corossol\/\"]}]},{\"@type\":\"ImageObject\",\"inLanguage\":\"es\",\"@id\":\"https:\/\/www.safinel.fr\/produit\/feuilles-de-corossol\/#primaryimage\",\"url\":\"https:\/\/www.safinel.fr\/wp-content\/uploads\/2023\/04\/feuilles-de-corrosol.jpg\",\"contentUrl\":\"https:\/\/www.safinel.fr\/wp-content\/uploads\/2023\/04\/feuilles-de-corrosol.jpg\",\"width\":600,\"height\":600},{\"@type\":\"BreadcrumbList\",\"@id\":\"https:\/\/www.safinel.fr\/produit\/feuilles-de-corossol\/#breadcrumb\",\"itemListElement\":[{\"@type\":\"ListItem\",\"position\":1,\"name\":\"Accueil\",\"item\":\"https:\/\/www.safinel.fr\/\"},{\"@type\":\"ListItem\",\"position\":2,\"name\":\"Boutique\",\"item\":\"https:\/\/www.safinel.fr\/boutique\/\"},{\"@type\":\"ListItem\",\"position\":3,\"name\":\"Feuilles de corossol 50g (Annona muricata)\"}]},{\"@type\":\"WebSite\",\"@id\":\"https:\/\/www.safinel.fr\/#website\",\"url\":\"https:\/\/www.safinel.fr\/\",\"name\":\"Safinel\",\"description\":\"\",\"publisher\":{\"@id\":\"https:\/\/www.safinel.fr\/#organization\"},\"potentialAction\":[{\"@type\":\"SearchAction\",\"target\":{\"@type\":\"EntryPoint\",\"urlTemplate\":\"https:\/\/www.safinel.fr\/?s={search_term_string}\"},\"query-input\":{\"@type\":\"PropertyValueSpecification\",\"valueRequired\":true,\"valueName\":\"search_term_string\"}}],\"inLanguage\":\"es\"},{\"@type\":\"Organization\",\"@id\":\"https:\/\/www.safinel.fr\/#organization\",\"name\":\"Safinel\",\"url\":\"https:\/\/www.safinel.fr\/\",\"logo\":{\"@type\":\"ImageObject\",\"inLanguage\":\"es\",\"@id\":\"https:\/\/www.safinel.fr\/#\/schema\/logo\/image\/\",\"url\":\"https:\/\/www.safinel.fr\/wp-content\/uploads\/2021\/05\/boutique-cosmetique.png\",\"contentUrl\":\"https:\/\/www.safinel.fr\/wp-content\/uploads\/2021\/05\/boutique-cosmetique.png\",\"width\":800,\"height\":200,\"caption\":\"Safinel\"},\"image\":{\"@id\":\"https:\/\/www.safinel.fr\/#\/schema\/logo\/image\/\"}}]}<\/script>\n<!-- \/ Yoast SEO plugin. -->","yoast_head_json":{"title":"Hojas de guan\u00e1bana I Numerosos beneficios I Compra segura en l\u00ednea","description":"Las hojas de guan\u00e1bana son una de las grandes familias de plantas medicinales. Descubre m\u00e1s sobre estas hojas, \u00a1llenas de beneficios para el organismo!","robots":{"index":"index","follow":"follow","max-snippet":"max-snippet:-1","max-image-preview":"max-image-preview:large","max-video-preview":"max-video-preview:-1"},"canonical":"https:\/\/www.safinel.fr\/es\/product-2\/hojas-de-guanabana\/","og_locale":"es_ES","og_type":"article","og_title":"Feuilles de corossol I Bienfaits nombreux I Achat en ligne s\u00e9curis\u00e9","og_description":"Dans la grande famille des plantes m\u00e9dicinales on a nomm\u00e9 les\u00a0feuilles de corossol\u00a0! Un feuillage plein de bienfaits pour l\u2019organisme, d\u00e9couvrez-les\u00a0!","og_url":"https:\/\/www.safinel.fr\/es\/product-2\/hojas-de-guanabana\/","og_site_name":"Safinel","article_modified_time":"2025-06-10T12:50:09+00:00","og_image":[{"width":600,"height":600,"url":"https:\/\/www.safinel.fr\/wp-content\/uploads\/2023\/04\/feuilles-de-corrosol.jpg","type":"image\/jpeg"}],"twitter_card":"summary_large_image","twitter_misc":{"Tiempo de lectura":"3 minutos"},"schema":{"@context":"https:\/\/schema.org","@graph":[{"@type":"WebPage","@id":"https:\/\/www.safinel.fr\/produit\/feuilles-de-corossol\/","url":"https:\/\/www.safinel.fr\/produit\/feuilles-de-corossol\/","name":"Hojas de guan\u00e1bana I Numerosos beneficios I Compra segura en l\u00ednea","isPartOf":{"@id":"https:\/\/www.safinel.fr\/#website"},"primaryImageOfPage":{"@id":"https:\/\/www.safinel.fr\/produit\/feuilles-de-corossol\/#primaryimage"},"image":{"@id":"https:\/\/www.safinel.fr\/produit\/feuilles-de-corossol\/#primaryimage"},"thumbnailUrl":"https:\/\/www.safinel.fr\/wp-content\/uploads\/2023\/04\/feuilles-de-corrosol.jpg","datePublished":"2023-04-14T18:32:40+00:00","dateModified":"2025-06-10T12:50:09+00:00","description":"Las hojas de guan\u00e1bana son una de las grandes familias de plantas medicinales. Descubre m\u00e1s sobre estas hojas, \u00a1llenas de beneficios para el organismo!","breadcrumb":{"@id":"https:\/\/www.safinel.fr\/produit\/feuilles-de-corossol\/#breadcrumb"},"inLanguage":"es","potentialAction":[{"@type":"ReadAction","target":["https:\/\/www.safinel.fr\/produit\/feuilles-de-corossol\/"]}]},{"@type":"ImageObject","inLanguage":"es","@id":"https:\/\/www.safinel.fr\/produit\/feuilles-de-corossol\/#primaryimage","url":"https:\/\/www.safinel.fr\/wp-content\/uploads\/2023\/04\/feuilles-de-corrosol.jpg","contentUrl":"https:\/\/www.safinel.fr\/wp-content\/uploads\/2023\/04\/feuilles-de-corrosol.jpg","width":600,"height":600},{"@type":"BreadcrumbList","@id":"https:\/\/www.safinel.fr\/produit\/feuilles-de-corossol\/#breadcrumb","itemListElement":[{"@type":"ListItem","position":1,"name":"Accueil","item":"https:\/\/www.safinel.fr\/"},{"@type":"ListItem","position":2,"name":"Boutique","item":"https:\/\/www.safinel.fr\/boutique\/"},{"@type":"ListItem","position":3,"name":"Feuilles de corossol 50g (Annona muricata)"}]},{"@type":"WebSite","@id":"https:\/\/www.safinel.fr\/#website","url":"https:\/\/www.safinel.fr\/","name":"Safinel","description":"","publisher":{"@id":"https:\/\/www.safinel.fr\/#organization"},"potentialAction":[{"@type":"SearchAction","target":{"@type":"EntryPoint","urlTemplate":"https:\/\/www.safinel.fr\/?s={search_term_string}"},"query-input":{"@type":"PropertyValueSpecification","valueRequired":true,"valueName":"search_term_string"}}],"inLanguage":"es"},{"@type":"Organization","@id":"https:\/\/www.safinel.fr\/#organization","name":"Safinel","url":"https:\/\/www.safinel.fr\/","logo":{"@type":"ImageObject","inLanguage":"es","@id":"https:\/\/www.safinel.fr\/#\/schema\/logo\/image\/","url":"https:\/\/www.safinel.fr\/wp-content\/uploads\/2021\/05\/boutique-cosmetique.png","contentUrl":"https:\/\/www.safinel.fr\/wp-content\/uploads\/2021\/05\/boutique-cosmetique.png","width":800,"height":200,"caption":"Safinel"},"image":{"@id":"https:\/\/www.safinel.fr\/#\/schema\/logo\/image\/"}}]}},"_links":{"self":[{"href":"https:\/\/www.safinel.fr\/es\/wp-json\/wp\/v2\/product\/5490","targetHints":{"allow":["GET"]}}],"collection":[{"href":"https:\/\/www.safinel.fr\/es\/wp-json\/wp\/v2\/product"}],"about":[{"href":"https:\/\/www.safinel.fr\/es\/wp-json\/wp\/v2\/types\/product"}],"wp:featuredmedia":[{"embeddable":true,"href":"https:\/\/www.safinel.fr\/es\/wp-json\/wp\/v2\/media\/5491"}],"wp:attachment":[{"href":"https:\/\/www.safinel.fr\/es\/wp-json\/wp\/v2\/media?parent=5490"}],"wp:term":[{"taxonomy":"product_brand","embeddable":true,"href":"https:\/\/www.safinel.fr\/es\/wp-json\/wp\/v2\/product_brand?post=5490"},{"taxonomy":"product_cat","embeddable":true,"href":"https:\/\/www.safinel.fr\/es\/wp-json\/wp\/v2\/product_cat?post=5490"},{"taxonomy":"product_tag","embeddable":true,"href":"https:\/\/www.safinel.fr\/es\/wp-json\/wp\/v2\/product_tag?post=5490"}],"curies":[{"name":"wp","href":"https:\/\/api.w.org\/{rel}","templated":true}]}}