{"id":5465,"date":"2023-04-13T11:10:37","date_gmt":"2023-04-13T11:10:37","guid":{"rendered":"https:\/\/www.safinel.fr\/?post_type=product&#038;p=5465"},"modified":"2026-04-17T21:49:42","modified_gmt":"2026-04-17T21:49:42","slug":"miel-rosa-de-rusia","status":"publish","type":"product","link":"https:\/\/www.safinel.fr\/es\/product-2\/miel-rosa-de-rusia\/","title":{"rendered":"Miel rosa de Rusia 250g"},"content":{"rendered":"<p>La miel rosa de Rusia, tambi\u00e9n conocida como miel rusa, es un producto poco conocido en Francia. De hecho\u00a0<strong>merece la pena descubrirla por sus sabores \u00fanicos y sus virtudes excepcionales<\/strong>. Originaria de las vastas selvas de Rusia, esta miel se distingue por su color ros\u00e1ceo y su sabor delicado y ligeramente afrutado. En este art\u00edculo, nos gustar\u00eda contarle m\u00e1s cosas sobre este precioso n\u00e9ctar y los beneficios que puede aportar a su salud y bienestar.<\/p>\n<h2><strong>Miel rosa de Rusia: un origen \u00fanico y protegido<\/strong><\/h2>\n<p>Esta miel tan especial procede de los inmensos bosques de Rusia. Las abejas recolectan libremente flores silvestres como escaramujos, rosales, frambuesos y muchas otras. La excepcional biodiversidad de estas regiones permite producir una miel con una composici\u00f3n floral muy variada y rica en nutrientes.<\/p>\n<p>Adem\u00e1s, las rigurosas condiciones clim\u00e1ticas de estas tierras garantizan un entorno preservado, lejos de cualquier contaminaci\u00f3n o uso excesivo de pesticidas. La miel rosa de Rusia es, por tanto, un producto natural y sano, con un sabor y unas cualidades nutritivas notables.<\/p>\n<h2><strong>Un sabor inimitable<\/strong><\/h2>\n<p>La miel rosa de Rusia debe su color rosado a la presencia del escaramujo, el fruto de la rosa. Este fruto confiere a la miel un sabor dulce y ligeramente \u00e1cido y una textura cremosa muy agradable al paladar. Los amantes de la miel apreciar\u00e1n sin duda este delicado sabor. <strong>Combina perfectamente con una rebanada de pan fresco o yogur natural.<\/strong><\/p>\n<h3><strong>Un producto buscado por sus virtudes<\/strong><\/h3>\n<p>Adem\u00e1s de por su exquisito sabor, la miel rosa rusa tambi\u00e9n es apreciada por los numerosos beneficios que aporta. Contiene una amplia gama de vitaminas, minerales y antioxidantes, todos ellos esenciales para el buen funcionamiento de nuestro organismo. Los principales beneficios para la salud de esta miel son<\/p>\n<ul>\n<li><strong>Una acci\u00f3n antiinflamatoria<\/strong>\u00a0gracias a su contenido en flavonoides. La miel rosa rusa ayuda a combatir la inflamaci\u00f3n y el dolor articular.<\/li>\n<li><strong>Un sistema inmunitario m\u00e1s fuerte<\/strong>\u00a0Miel: rica en vitamina C y otros nutrientes. Esta miel ayuda a mantener las defensas naturales del organismo.<\/li>\n<li><strong>Propiedades antibacterianas y antivirales<\/strong>\u00a0Las enzimas y otros compuestos bioactivos de la miel ayudan a eliminar bacterias y virus pat\u00f3genos.<\/li>\n<li><strong>Mejora de la digesti\u00f3n<\/strong>\u00a0La miel rosa rusa facilita el tr\u00e1nsito intestinal. Previene problemas digestivos como la hinchaz\u00f3n y los trastornos digestivos. <a href=\"https:\/\/www.safinel.fr\/es\/product-2\/habbat-al-moulouk\/\"><strong>estre\u00f1imiento<\/strong><\/a>.<\/li>\n<li><strong>Un efecto revitalizante y energizante<\/strong>t: gracias a su alto contenido en fructosa, glucosa y otros az\u00facares, esta miel proporciona una dosis inmediata de energ\u00eda, ideal para combatir el cansancio y la p\u00e9rdida de energ\u00eda.<\/li>\n<\/ul>\n<h2><strong>\u00bfC\u00f3mo debe consumirse y conservarse la miel de Rusia rosa?<\/strong><\/h2>\n<p>Para aprovechar todos los beneficios de la miel rosa rusa, se recomienda consumirla a diario, <strong>Una o dos cucharaditas al d\u00eda.<\/strong><\/p>\n<p>Puede a\u00f1adirlo a recetas dulces (pasteles, tortitas, etc.). M\u00e9zclalo en tus bebidas calientes (t\u00e9, infusiones) o simplemente disfr\u00fatalo solo, con una cucharadita. <strong>Sin embargo, tenga cuidado de no consumir esta miel con alimentos demasiado calientes. El calor puede destruir algunos de sus valiosos nutrientes.<\/strong><\/p>\n<p>A la hora de conservar la miel rosada rusa, es importante seguir unas sencillas normas para preservar su calidad y sus beneficios:<\/p>\n<ol>\n<li>Guarde la miel en un lugar fresco y seco. Prot\u00e9jala de la luz solar directa y de las fluctuaciones de temperatura.<\/li>\n<li>Guarde la miel en un recipiente herm\u00e9tico, preferiblemente de cristal. As\u00ed evitar\u00e1s que absorba olores o humedad de su entorno.<\/li>\n<li>No introduzcas utensilios h\u00famedos en la miel. Esto podr\u00eda provocar la fermentaci\u00f3n y acortar su vida \u00fatil.<\/li>\n<\/ol>\n<h3><strong>En conclusi\u00f3n<\/strong><\/h3>\n<p>La miel rosa de Rusia es un producto natural con m\u00faltiples beneficios. Tanto para su salud como para su paladar.<strong> Su sabor \u00fanico, su color brillante y sus virtudes excepcionales lo convierten en un aut\u00e9ntico tesoro que hay que descubrir sin demora.<\/strong>.<\/p>\n<p>As\u00ed que no dude en comprar esta preciada miel e incluirla en su dieta diaria para beneficiarse de todas las ventajas que le ofrece.<\/p>","protected":false},"excerpt":{"rendered":"<p><strong>Algunas ventajas:\u00a0<\/strong><\/p>\n<ul>\n<li><strong>Una acci\u00f3n antiinflamatoria<\/strong>\u00a0Miel rosa rusa: gracias a su contenido en flavonoides, la miel rosa rusa ayuda a combatir la inflamaci\u00f3n y el dolor articular.<\/li>\n<li><strong>Un sistema inmunitario m\u00e1s fuerte<\/strong>\u00a0Rica en vitamina C y otros nutrientes, esta miel ayuda a mantener las defensas naturales del organismo.<\/li>\n<li><strong>Propiedades antibacterianas y antivirales<\/strong>\u00a0Las enzimas y otros compuestos bioactivos de la miel ayudan a eliminar bacterias y virus pat\u00f3genos.<\/li>\n<\/ul>\n<p><img decoding=\"async\" class=\"size-full wp-image-5091 aligncenter\" src=\"https:\/\/www.safinel.fr\/wp-content\/uploads\/2021\/06\/BANNIERE-ICONE-SAFINEL.webp\" alt=\"reaseguro de sat\u00e9n\" width=\"800\" height=\"200\" srcset=\"https:\/\/www.safinel.fr\/wp-content\/uploads\/2021\/06\/BANNIERE-ICONE-SAFINEL.webp 800w, https:\/\/www.safinel.fr\/wp-content\/uploads\/2021\/06\/BANNIERE-ICONE-SAFINEL-600x150.webp 600w, https:\/\/www.safinel.fr\/wp-content\/uploads\/2021\/06\/BANNIERE-ICONE-SAFINEL-768x192.webp 768w\" sizes=\"(max-width: 800px) 100vw, 800px\" \/><\/p>","protected":false},"featured_media":5466,"template":"","meta":[],"product_brand":[],"product_cat":[24],"product_tag":[],"class_list":{"0":"post-5465","1":"product","2":"type-product","3":"status-publish","4":"has-post-thumbnail","6":"product_cat-apiculture","8":"first","9":"instock","10":"shipping-taxable","11":"purchasable","12":"product-type-simple"},"yoast_head":"<!-- This site is optimized with the Yoast SEO plugin v26.6 - https:\/\/yoast.com\/wordpress\/plugins\/seo\/ -->\n<title>Miel rose de Russie I Produit de la ruche russe au go\u00fbt exquis<\/title>\n<meta name=\"description\" content=\"Le\u00a0miel rose de Russie, \u00e9galement connu sous le nom de\u00a0miel de Russie, est un produit unique avec des vertus exceptionnelles.\" \/>\n<meta name=\"robots\" content=\"index, follow, max-snippet:-1, max-image-preview:large, max-video-preview:-1\" \/>\n<link rel=\"canonical\" href=\"https:\/\/www.safinel.fr\/es\/product-2\/miel-rosa-de-rusia\/\" \/>\n<meta property=\"og:locale\" content=\"es_ES\" \/>\n<meta property=\"og:type\" content=\"article\" \/>\n<meta property=\"og:title\" content=\"Miel rose de Russie I Produit de la ruche russe au go\u00fbt exquis\" \/>\n<meta property=\"og:description\" content=\"Le\u00a0miel rose de Russie, \u00e9galement connu sous le nom de\u00a0miel de Russie, est un produit unique avec des vertus exceptionnelles.\" \/>\n<meta property=\"og:url\" content=\"https:\/\/www.safinel.fr\/es\/product-2\/miel-rosa-de-rusia\/\" \/>\n<meta property=\"og:site_name\" content=\"Safinel\" \/>\n<meta property=\"article:modified_time\" content=\"2026-04-17T21:49:42+00:00\" \/>\n<meta property=\"og:image\" content=\"https:\/\/www.safinel.fr\/wp-content\/uploads\/2023\/04\/miel-rose-de-russie.jpg\" \/>\n\t<meta property=\"og:image:width\" content=\"600\" \/>\n\t<meta property=\"og:image:height\" content=\"600\" \/>\n\t<meta property=\"og:image:type\" content=\"image\/jpeg\" \/>\n<meta name=\"twitter:card\" content=\"summary_large_image\" \/>\n<meta name=\"twitter:label1\" content=\"Tiempo de lectura\" \/>\n\t<meta name=\"twitter:data1\" content=\"4 minutos\" \/>\n<script type=\"application\/ld+json\" class=\"yoast-schema-graph\">{\"@context\":\"https:\/\/schema.org\",\"@graph\":[{\"@type\":\"WebPage\",\"@id\":\"https:\/\/www.safinel.fr\/produit\/miel-rose-de-russie\/\",\"url\":\"https:\/\/www.safinel.fr\/produit\/miel-rose-de-russie\/\",\"name\":\"Miel rose de Russie I Produit de la ruche russe au go\u00fbt exquis\",\"isPartOf\":{\"@id\":\"https:\/\/www.safinel.fr\/#website\"},\"primaryImageOfPage\":{\"@id\":\"https:\/\/www.safinel.fr\/produit\/miel-rose-de-russie\/#primaryimage\"},\"image\":{\"@id\":\"https:\/\/www.safinel.fr\/produit\/miel-rose-de-russie\/#primaryimage\"},\"thumbnailUrl\":\"https:\/\/www.safinel.fr\/wp-content\/uploads\/2023\/04\/miel-rose-de-russie.jpg\",\"datePublished\":\"2023-04-13T11:10:37+00:00\",\"dateModified\":\"2026-04-17T21:49:42+00:00\",\"description\":\"Le\u00a0miel rose de Russie, \u00e9galement connu sous le nom de\u00a0miel de Russie, est un produit unique avec des vertus exceptionnelles.\",\"breadcrumb\":{\"@id\":\"https:\/\/www.safinel.fr\/produit\/miel-rose-de-russie\/#breadcrumb\"},\"inLanguage\":\"es\",\"potentialAction\":[{\"@type\":\"ReadAction\",\"target\":[\"https:\/\/www.safinel.fr\/produit\/miel-rose-de-russie\/\"]}]},{\"@type\":\"ImageObject\",\"inLanguage\":\"es\",\"@id\":\"https:\/\/www.safinel.fr\/produit\/miel-rose-de-russie\/#primaryimage\",\"url\":\"https:\/\/www.safinel.fr\/wp-content\/uploads\/2023\/04\/miel-rose-de-russie.jpg\",\"contentUrl\":\"https:\/\/www.safinel.fr\/wp-content\/uploads\/2023\/04\/miel-rose-de-russie.jpg\",\"width\":600,\"height\":600,\"caption\":\"Miel rose de Russie \u2013 250g\"},{\"@type\":\"BreadcrumbList\",\"@id\":\"https:\/\/www.safinel.fr\/produit\/miel-rose-de-russie\/#breadcrumb\",\"itemListElement\":[{\"@type\":\"ListItem\",\"position\":1,\"name\":\"Accueil\",\"item\":\"https:\/\/www.safinel.fr\/\"},{\"@type\":\"ListItem\",\"position\":2,\"name\":\"Boutique\",\"item\":\"https:\/\/www.safinel.fr\/boutique\/\"},{\"@type\":\"ListItem\",\"position\":3,\"name\":\"Miel rose de Russie 250g\"}]},{\"@type\":\"WebSite\",\"@id\":\"https:\/\/www.safinel.fr\/#website\",\"url\":\"https:\/\/www.safinel.fr\/\",\"name\":\"Safinel\",\"description\":\"\",\"publisher\":{\"@id\":\"https:\/\/www.safinel.fr\/#organization\"},\"potentialAction\":[{\"@type\":\"SearchAction\",\"target\":{\"@type\":\"EntryPoint\",\"urlTemplate\":\"https:\/\/www.safinel.fr\/?s={search_term_string}\"},\"query-input\":{\"@type\":\"PropertyValueSpecification\",\"valueRequired\":true,\"valueName\":\"search_term_string\"}}],\"inLanguage\":\"es\"},{\"@type\":\"Organization\",\"@id\":\"https:\/\/www.safinel.fr\/#organization\",\"name\":\"Safinel\",\"url\":\"https:\/\/www.safinel.fr\/\",\"logo\":{\"@type\":\"ImageObject\",\"inLanguage\":\"es\",\"@id\":\"https:\/\/www.safinel.fr\/#\/schema\/logo\/image\/\",\"url\":\"https:\/\/www.safinel.fr\/wp-content\/uploads\/2021\/05\/boutique-cosmetique.png\",\"contentUrl\":\"https:\/\/www.safinel.fr\/wp-content\/uploads\/2021\/05\/boutique-cosmetique.png\",\"width\":800,\"height\":200,\"caption\":\"Safinel\"},\"image\":{\"@id\":\"https:\/\/www.safinel.fr\/#\/schema\/logo\/image\/\"}}]}<\/script>\n<!-- \/ Yoast SEO plugin. -->","yoast_head_json":{"title":"Miel rosa de Rusia I Producto de la colmena rusa de exquisito sabor","description":"La miel rosa de Rusia, tambi\u00e9n conocida como miel rusa, es un producto \u00fanico con virtudes excepcionales.","robots":{"index":"index","follow":"follow","max-snippet":"max-snippet:-1","max-image-preview":"max-image-preview:large","max-video-preview":"max-video-preview:-1"},"canonical":"https:\/\/www.safinel.fr\/es\/product-2\/miel-rosa-de-rusia\/","og_locale":"es_ES","og_type":"article","og_title":"Miel rose de Russie I Produit de la ruche russe au go\u00fbt exquis","og_description":"Le\u00a0miel rose de Russie, \u00e9galement connu sous le nom de\u00a0miel de Russie, est un produit unique avec des vertus exceptionnelles.","og_url":"https:\/\/www.safinel.fr\/es\/product-2\/miel-rosa-de-rusia\/","og_site_name":"Safinel","article_modified_time":"2026-04-17T21:49:42+00:00","og_image":[{"width":600,"height":600,"url":"https:\/\/www.safinel.fr\/wp-content\/uploads\/2023\/04\/miel-rose-de-russie.jpg","type":"image\/jpeg"}],"twitter_card":"summary_large_image","twitter_misc":{"Tiempo de lectura":"4 minutos"},"schema":{"@context":"https:\/\/schema.org","@graph":[{"@type":"WebPage","@id":"https:\/\/www.safinel.fr\/produit\/miel-rose-de-russie\/","url":"https:\/\/www.safinel.fr\/produit\/miel-rose-de-russie\/","name":"Miel rosa de Rusia I Producto de la colmena rusa de exquisito sabor","isPartOf":{"@id":"https:\/\/www.safinel.fr\/#website"},"primaryImageOfPage":{"@id":"https:\/\/www.safinel.fr\/produit\/miel-rose-de-russie\/#primaryimage"},"image":{"@id":"https:\/\/www.safinel.fr\/produit\/miel-rose-de-russie\/#primaryimage"},"thumbnailUrl":"https:\/\/www.safinel.fr\/wp-content\/uploads\/2023\/04\/miel-rose-de-russie.jpg","datePublished":"2023-04-13T11:10:37+00:00","dateModified":"2026-04-17T21:49:42+00:00","description":"La miel rosa de Rusia, tambi\u00e9n conocida como miel rusa, es un producto \u00fanico con virtudes excepcionales.","breadcrumb":{"@id":"https:\/\/www.safinel.fr\/produit\/miel-rose-de-russie\/#breadcrumb"},"inLanguage":"es","potentialAction":[{"@type":"ReadAction","target":["https:\/\/www.safinel.fr\/produit\/miel-rose-de-russie\/"]}]},{"@type":"ImageObject","inLanguage":"es","@id":"https:\/\/www.safinel.fr\/produit\/miel-rose-de-russie\/#primaryimage","url":"https:\/\/www.safinel.fr\/wp-content\/uploads\/2023\/04\/miel-rose-de-russie.jpg","contentUrl":"https:\/\/www.safinel.fr\/wp-content\/uploads\/2023\/04\/miel-rose-de-russie.jpg","width":600,"height":600,"caption":"Miel rose de Russie \u2013 250g"},{"@type":"BreadcrumbList","@id":"https:\/\/www.safinel.fr\/produit\/miel-rose-de-russie\/#breadcrumb","itemListElement":[{"@type":"ListItem","position":1,"name":"Accueil","item":"https:\/\/www.safinel.fr\/"},{"@type":"ListItem","position":2,"name":"Boutique","item":"https:\/\/www.safinel.fr\/boutique\/"},{"@type":"ListItem","position":3,"name":"Miel rose de Russie 250g"}]},{"@type":"WebSite","@id":"https:\/\/www.safinel.fr\/#website","url":"https:\/\/www.safinel.fr\/","name":"Safinel","description":"","publisher":{"@id":"https:\/\/www.safinel.fr\/#organization"},"potentialAction":[{"@type":"SearchAction","target":{"@type":"EntryPoint","urlTemplate":"https:\/\/www.safinel.fr\/?s={search_term_string}"},"query-input":{"@type":"PropertyValueSpecification","valueRequired":true,"valueName":"search_term_string"}}],"inLanguage":"es"},{"@type":"Organization","@id":"https:\/\/www.safinel.fr\/#organization","name":"Safinel","url":"https:\/\/www.safinel.fr\/","logo":{"@type":"ImageObject","inLanguage":"es","@id":"https:\/\/www.safinel.fr\/#\/schema\/logo\/image\/","url":"https:\/\/www.safinel.fr\/wp-content\/uploads\/2021\/05\/boutique-cosmetique.png","contentUrl":"https:\/\/www.safinel.fr\/wp-content\/uploads\/2021\/05\/boutique-cosmetique.png","width":800,"height":200,"caption":"Safinel"},"image":{"@id":"https:\/\/www.safinel.fr\/#\/schema\/logo\/image\/"}}]}},"_links":{"self":[{"href":"https:\/\/www.safinel.fr\/es\/wp-json\/wp\/v2\/product\/5465","targetHints":{"allow":["GET"]}}],"collection":[{"href":"https:\/\/www.safinel.fr\/es\/wp-json\/wp\/v2\/product"}],"about":[{"href":"https:\/\/www.safinel.fr\/es\/wp-json\/wp\/v2\/types\/product"}],"wp:featuredmedia":[{"embeddable":true,"href":"https:\/\/www.safinel.fr\/es\/wp-json\/wp\/v2\/media\/5466"}],"wp:attachment":[{"href":"https:\/\/www.safinel.fr\/es\/wp-json\/wp\/v2\/media?parent=5465"}],"wp:term":[{"taxonomy":"product_brand","embeddable":true,"href":"https:\/\/www.safinel.fr\/es\/wp-json\/wp\/v2\/product_brand?post=5465"},{"taxonomy":"product_cat","embeddable":true,"href":"https:\/\/www.safinel.fr\/es\/wp-json\/wp\/v2\/product_cat?post=5465"},{"taxonomy":"product_tag","embeddable":true,"href":"https:\/\/www.safinel.fr\/es\/wp-json\/wp\/v2\/product_tag?post=5465"}],"curies":[{"name":"wp","href":"https:\/\/api.w.org\/{rel}","templated":true}]}}