{"id":5463,"date":"2023-04-13T10:17:37","date_gmt":"2023-04-13T10:17:37","guid":{"rendered":"https:\/\/www.safinel.fr\/?post_type=product&#038;p=5463"},"modified":"2024-04-04T19:09:25","modified_gmt":"2024-04-04T19:09:25","slug":"hojas-de-timitimi","status":"publish","type":"product","link":"https:\/\/www.safinel.fr\/es\/product-2\/hojas-de-timitimi\/","title":{"rendered":"Hojas de timitimi 50 g"},"content":{"rendered":"<p>Estimados clientes, vamos a explorar el fascinante mundo de las hojas de Timitimi, una planta con muchas virtudes y usos. Vamos a ver los or\u00edgenes de esta planta, sus hojas, sus propiedades y c\u00f3mo utilizarlas para disfrutar de todos sus beneficios.<\/p>\n<h2><strong>\u00bfQu\u00e9 es Timitimi?<\/strong><\/h2>\n<p>El timitimi es una planta medicinal originaria de \u00c1frica Occidental, m\u00e1s concretamente de las regiones tropicales y subtropicales del continente. <strong>Pertenece a la familia de las euforbi\u00e1ceas y tambi\u00e9n se conoce como Jatropha curcas.<\/strong>. Esta planta se utiliza tradicionalmente para tratar diversas dolencias gracias a sus propiedades terap\u00e9uticas.<\/p>\n<p>Algunas partes de la planta de timitimi se utilizan como remedio natural, en particular las hojas de timitimi, famosas por sus potentes propiedades antiinflamatorias, antivirales y antibacterianas. Otras partes de la planta, como las semillas y las ra\u00edces, tambi\u00e9n tienen aplicaciones medicinales, pero deben utilizarse con precauci\u00f3n debido a su potencial toxicidad.<\/p>\n<h2><strong>Hojas de timitimi y sus propiedades<\/strong><\/h2>\n<p>Las hojas de timitimi se utilizan a menudo en la medicina tradicional africana para tratar diversas enfermedades y trastornos. Suelen prepararse en decocciones, infusiones o cataplasmas y pueden emplearse para tratar una amplia gama de afecciones cut\u00e1neas, como :<\/p>\n<ul>\n<li><strong>Sarampi\u00f3n<\/strong><\/li>\n<li><strong>Quemaduras<\/strong><\/li>\n<li><strong>Infecciones f\u00fangicas<\/strong><\/li>\n<li><strong>Dermatitis<\/strong><\/li>\n<li><strong>Heridas infectadas<\/strong><\/li>\n<\/ul>\n<p>Las hojas tambi\u00e9n tienen propiedades antiinflamatorias y antivirales que pueden ayudar a aliviar los s\u00edntomas asociados a ciertas afecciones v\u00edricas, como la gripe y los resfriados. Tambi\u00e9n tienen fama de reforzar el sistema inmunitario y favorecer la cicatrizaci\u00f3n de heridas.<\/p>\n<h3><strong>C\u00f3mo utilizar las hojas de timitimi<\/strong><\/h3>\n<p>Hay varias formas de preparar y utilizar las hojas de timitimi para aprovechar sus beneficios:<\/p>\n<ol>\n<li><strong>Decocci\u00f3n<\/strong> Las hojas se hierven en agua durante unos 10 minutos. El l\u00edquido obtenido puede beberse como tisana, utilizarse como ba\u00f1o de asiento para aliviar irritaciones cut\u00e1neas o aplicarse localmente sobre la piel en caso de infecciones f\u00fangicas o heridas infectadas.<\/li>\n<li><a href=\"https:\/\/www.safinel.fr\/es\/product-category-2\/infusiones\/\"><strong>Infusi\u00f3n<\/strong><\/a> Las hojas se ponen en infusi\u00f3n en agua caliente durante unos minutos antes de colarlas. La infusi\u00f3n resultante puede beberse para estimular el sistema inmunitario. Se aplica localmente sobre la piel para tratar diversas afecciones cut\u00e1neas.<\/li>\n<li><strong>Cataplasma<\/strong> Las hojas se machacan y se mezclan con agua caliente para formar una pasta espesa. Esta pasta puede aplicarse directamente sobre la piel para aliviar la inflamaci\u00f3n y favorecer la cicatrizaci\u00f3n de las heridas.<\/li>\n<\/ol>\n<p>Es importante tener en cuenta que algunas partes del Timitimi pueden ser t\u00f3xicas, sobre todo las semillas y las ra\u00edces. Por ello, es esencial utilizar s\u00f3lo las hojas para preparar estos remedios naturales y lavarlas bien antes de usarlas.<\/p>\n<h3><strong>Los or\u00edgenes de las hojas de timitimi<\/strong><\/h3>\n<p>El timitimi es originario de \u00c1frica Occidental, donde se cultiva desde hace siglos por sus propiedades medicinales y otros usos. <strong>Con el tiempo, la poblaci\u00f3n local ha descubierto las virtudes de esta planta. Han desarrollado diversos m\u00e9todos para aprovechar sus beneficios.<\/strong><\/p>\n<p>La medicina tradicional africana ha recurrido durante mucho tiempo a las plantas para tratar una amplia gama de enfermedades y trastornos, en particular los relacionados con la piel. Entre estas plantas, el Timitimi ocupa un lugar importante por sus m\u00faltiples propiedades terap\u00e9uticas. A\u00fan hoy, las hojas de Timitimi se utilizan ampliamente en varios pa\u00edses de \u00c1frica Occidental para tratar <strong>diversas dolencias y mejorar la salud general.<\/strong><\/p>\n<p>El timitimi es una planta fascinante con muchos usos posibles para mejorar nuestra salud y bienestar.<\/p>\n<p>Las hojas de timitimi son especialmente interesantes por sus propiedades antiinflamatorias, antivirales y antibacterianas. <strong>En decocci\u00f3n, infusi\u00f3n o cataplasma<\/strong>, Pueden utilizarse para tratar diversas afecciones cut\u00e1neas, reforzar el sistema inmunitario y favorecer la cicatrizaci\u00f3n de heridas.<\/p>\n<p><strong>No dude en explorar esta planta poco conocida por sus numerosas virtudes.<\/strong><\/p>","protected":false},"excerpt":{"rendered":"<p><strong>Usos :\u00a0<\/strong><\/p>\n<ol>\n<li><strong>Decocci\u00f3n<\/strong> Las hojas se hierven en agua durante unos 10 minutos. El l\u00edquido obtenido puede beberse como tisana, utilizarse como ba\u00f1o de asiento para aliviar irritaciones cut\u00e1neas o aplicarse localmente sobre la piel en caso de infecciones f\u00fangicas o heridas infectadas.<\/li>\n<li><strong>Infusi\u00f3n<\/strong> Las hojas se infusionan en agua caliente durante unos minutos antes de colarlas. La infusi\u00f3n resultante puede consumirse para estimular el sistema inmunitario o aplicarse localmente sobre la piel para tratar diversas afecciones cut\u00e1neas.<\/li>\n<li><strong>Cataplasma<\/strong> Las hojas se machacan y se mezclan con agua caliente para formar una pasta espesa. Esta pasta puede aplicarse directamente sobre la piel para aliviar la inflamaci\u00f3n y favorecer la cicatrizaci\u00f3n de las heridas.<\/li>\n<\/ol>\n<p><img decoding=\"async\" class=\"size-full wp-image-5091 aligncenter\" src=\"https:\/\/www.safinel.fr\/wp-content\/uploads\/2021\/06\/BANNIERE-ICONE-SAFINEL.webp\" alt=\"reaseguro de sat\u00e9n\" width=\"800\" height=\"200\" srcset=\"https:\/\/www.safinel.fr\/wp-content\/uploads\/2021\/06\/BANNIERE-ICONE-SAFINEL.webp 800w, https:\/\/www.safinel.fr\/wp-content\/uploads\/2021\/06\/BANNIERE-ICONE-SAFINEL-600x150.webp 600w, https:\/\/www.safinel.fr\/wp-content\/uploads\/2021\/06\/BANNIERE-ICONE-SAFINEL-768x192.webp 768w\" sizes=\"(max-width: 800px) 100vw, 800px\" \/><\/p>","protected":false},"featured_media":5464,"template":"","meta":[],"product_brand":[],"product_cat":[27],"product_tag":[],"class_list":{"0":"post-5463","1":"product","2":"type-product","3":"status-publish","4":"has-post-thumbnail","6":"product_cat-plantes-medicinales","8":"first","9":"outofstock","10":"shipping-taxable","11":"purchasable","12":"product-type-simple"},"yoast_head":"<!-- This site is optimized with the Yoast SEO plugin v26.6 - https:\/\/yoast.com\/wordpress\/plugins\/seo\/ -->\n<title>Feuilles de Timitimi I Lubrifiant naturelle pour femme<\/title>\n<meta name=\"description\" content=\"Ch\u00e8res clientes, nous allons explorer le monde fascinant des feuilles de\u00a0Timitimi, une plante aux nombreuses vertus et utilisations.\" \/>\n<meta name=\"robots\" content=\"index, follow, max-snippet:-1, max-image-preview:large, max-video-preview:-1\" \/>\n<link rel=\"canonical\" href=\"https:\/\/www.safinel.fr\/es\/product-2\/hojas-de-timitimi\/\" \/>\n<meta property=\"og:locale\" content=\"es_ES\" \/>\n<meta property=\"og:type\" content=\"article\" \/>\n<meta property=\"og:title\" content=\"Feuilles de Timitimi I Lubrifiant naturelle pour femme\" \/>\n<meta property=\"og:description\" content=\"Ch\u00e8res clientes, nous allons explorer le monde fascinant des feuilles de\u00a0Timitimi, une plante aux nombreuses vertus et utilisations.\" \/>\n<meta property=\"og:url\" content=\"https:\/\/www.safinel.fr\/es\/product-2\/hojas-de-timitimi\/\" \/>\n<meta property=\"og:site_name\" content=\"Safinel\" \/>\n<meta property=\"article:modified_time\" content=\"2024-04-04T19:09:25+00:00\" \/>\n<meta property=\"og:image\" content=\"https:\/\/www.safinel.fr\/wp-content\/uploads\/2023\/04\/Feuilles-de-Timitimi.jpg\" \/>\n\t<meta property=\"og:image:width\" content=\"600\" \/>\n\t<meta property=\"og:image:height\" content=\"600\" \/>\n\t<meta property=\"og:image:type\" content=\"image\/jpeg\" \/>\n<meta name=\"twitter:card\" content=\"summary_large_image\" \/>\n<meta name=\"twitter:label1\" content=\"Tiempo de lectura\" \/>\n\t<meta name=\"twitter:data1\" content=\"4 minutos\" \/>\n<script type=\"application\/ld+json\" class=\"yoast-schema-graph\">{\"@context\":\"https:\/\/schema.org\",\"@graph\":[{\"@type\":\"WebPage\",\"@id\":\"https:\/\/www.safinel.fr\/produit\/feuilles-de-timitimi\/\",\"url\":\"https:\/\/www.safinel.fr\/produit\/feuilles-de-timitimi\/\",\"name\":\"Feuilles de Timitimi I Lubrifiant naturelle pour femme\",\"isPartOf\":{\"@id\":\"https:\/\/www.safinel.fr\/#website\"},\"primaryImageOfPage\":{\"@id\":\"https:\/\/www.safinel.fr\/produit\/feuilles-de-timitimi\/#primaryimage\"},\"image\":{\"@id\":\"https:\/\/www.safinel.fr\/produit\/feuilles-de-timitimi\/#primaryimage\"},\"thumbnailUrl\":\"https:\/\/www.safinel.fr\/wp-content\/uploads\/2023\/04\/Feuilles-de-Timitimi.jpg\",\"datePublished\":\"2023-04-13T10:17:37+00:00\",\"dateModified\":\"2024-04-04T19:09:25+00:00\",\"description\":\"Ch\u00e8res clientes, nous allons explorer le monde fascinant des feuilles de\u00a0Timitimi, une plante aux nombreuses vertus et utilisations.\",\"breadcrumb\":{\"@id\":\"https:\/\/www.safinel.fr\/produit\/feuilles-de-timitimi\/#breadcrumb\"},\"inLanguage\":\"es\",\"potentialAction\":[{\"@type\":\"ReadAction\",\"target\":[\"https:\/\/www.safinel.fr\/produit\/feuilles-de-timitimi\/\"]}]},{\"@type\":\"ImageObject\",\"inLanguage\":\"es\",\"@id\":\"https:\/\/www.safinel.fr\/produit\/feuilles-de-timitimi\/#primaryimage\",\"url\":\"https:\/\/www.safinel.fr\/wp-content\/uploads\/2023\/04\/Feuilles-de-Timitimi.jpg\",\"contentUrl\":\"https:\/\/www.safinel.fr\/wp-content\/uploads\/2023\/04\/Feuilles-de-Timitimi.jpg\",\"width\":600,\"height\":600,\"caption\":\"Feuilles de Timitimi 100g\"},{\"@type\":\"BreadcrumbList\",\"@id\":\"https:\/\/www.safinel.fr\/produit\/feuilles-de-timitimi\/#breadcrumb\",\"itemListElement\":[{\"@type\":\"ListItem\",\"position\":1,\"name\":\"Accueil\",\"item\":\"https:\/\/www.safinel.fr\/\"},{\"@type\":\"ListItem\",\"position\":2,\"name\":\"Boutique\",\"item\":\"https:\/\/www.safinel.fr\/boutique\/\"},{\"@type\":\"ListItem\",\"position\":3,\"name\":\"Feuilles de Timitimi 50g\"}]},{\"@type\":\"WebSite\",\"@id\":\"https:\/\/www.safinel.fr\/#website\",\"url\":\"https:\/\/www.safinel.fr\/\",\"name\":\"Safinel\",\"description\":\"\",\"publisher\":{\"@id\":\"https:\/\/www.safinel.fr\/#organization\"},\"potentialAction\":[{\"@type\":\"SearchAction\",\"target\":{\"@type\":\"EntryPoint\",\"urlTemplate\":\"https:\/\/www.safinel.fr\/?s={search_term_string}\"},\"query-input\":{\"@type\":\"PropertyValueSpecification\",\"valueRequired\":true,\"valueName\":\"search_term_string\"}}],\"inLanguage\":\"es\"},{\"@type\":\"Organization\",\"@id\":\"https:\/\/www.safinel.fr\/#organization\",\"name\":\"Safinel\",\"url\":\"https:\/\/www.safinel.fr\/\",\"logo\":{\"@type\":\"ImageObject\",\"inLanguage\":\"es\",\"@id\":\"https:\/\/www.safinel.fr\/#\/schema\/logo\/image\/\",\"url\":\"https:\/\/www.safinel.fr\/wp-content\/uploads\/2021\/05\/boutique-cosmetique.png\",\"contentUrl\":\"https:\/\/www.safinel.fr\/wp-content\/uploads\/2021\/05\/boutique-cosmetique.png\",\"width\":800,\"height\":200,\"caption\":\"Safinel\"},\"image\":{\"@id\":\"https:\/\/www.safinel.fr\/#\/schema\/logo\/image\/\"}}]}<\/script>\n<!-- \/ Yoast SEO plugin. -->","yoast_head_json":{"title":"Timitimi hojas I Lubricante natural para mujeres","description":"Estimados clientes, vamos a explorar el fascinante mundo de las hojas de Timitimi, una planta con muchas virtudes y usos.","robots":{"index":"index","follow":"follow","max-snippet":"max-snippet:-1","max-image-preview":"max-image-preview:large","max-video-preview":"max-video-preview:-1"},"canonical":"https:\/\/www.safinel.fr\/es\/product-2\/hojas-de-timitimi\/","og_locale":"es_ES","og_type":"article","og_title":"Feuilles de Timitimi I Lubrifiant naturelle pour femme","og_description":"Ch\u00e8res clientes, nous allons explorer le monde fascinant des feuilles de\u00a0Timitimi, une plante aux nombreuses vertus et utilisations.","og_url":"https:\/\/www.safinel.fr\/es\/product-2\/hojas-de-timitimi\/","og_site_name":"Safinel","article_modified_time":"2024-04-04T19:09:25+00:00","og_image":[{"width":600,"height":600,"url":"https:\/\/www.safinel.fr\/wp-content\/uploads\/2023\/04\/Feuilles-de-Timitimi.jpg","type":"image\/jpeg"}],"twitter_card":"summary_large_image","twitter_misc":{"Tiempo de lectura":"4 minutos"},"schema":{"@context":"https:\/\/schema.org","@graph":[{"@type":"WebPage","@id":"https:\/\/www.safinel.fr\/produit\/feuilles-de-timitimi\/","url":"https:\/\/www.safinel.fr\/produit\/feuilles-de-timitimi\/","name":"Timitimi hojas I Lubricante natural para mujeres","isPartOf":{"@id":"https:\/\/www.safinel.fr\/#website"},"primaryImageOfPage":{"@id":"https:\/\/www.safinel.fr\/produit\/feuilles-de-timitimi\/#primaryimage"},"image":{"@id":"https:\/\/www.safinel.fr\/produit\/feuilles-de-timitimi\/#primaryimage"},"thumbnailUrl":"https:\/\/www.safinel.fr\/wp-content\/uploads\/2023\/04\/Feuilles-de-Timitimi.jpg","datePublished":"2023-04-13T10:17:37+00:00","dateModified":"2024-04-04T19:09:25+00:00","description":"Estimados clientes, vamos a explorar el fascinante mundo de las hojas de Timitimi, una planta con muchas virtudes y usos.","breadcrumb":{"@id":"https:\/\/www.safinel.fr\/produit\/feuilles-de-timitimi\/#breadcrumb"},"inLanguage":"es","potentialAction":[{"@type":"ReadAction","target":["https:\/\/www.safinel.fr\/produit\/feuilles-de-timitimi\/"]}]},{"@type":"ImageObject","inLanguage":"es","@id":"https:\/\/www.safinel.fr\/produit\/feuilles-de-timitimi\/#primaryimage","url":"https:\/\/www.safinel.fr\/wp-content\/uploads\/2023\/04\/Feuilles-de-Timitimi.jpg","contentUrl":"https:\/\/www.safinel.fr\/wp-content\/uploads\/2023\/04\/Feuilles-de-Timitimi.jpg","width":600,"height":600,"caption":"Feuilles de Timitimi 100g"},{"@type":"BreadcrumbList","@id":"https:\/\/www.safinel.fr\/produit\/feuilles-de-timitimi\/#breadcrumb","itemListElement":[{"@type":"ListItem","position":1,"name":"Accueil","item":"https:\/\/www.safinel.fr\/"},{"@type":"ListItem","position":2,"name":"Boutique","item":"https:\/\/www.safinel.fr\/boutique\/"},{"@type":"ListItem","position":3,"name":"Feuilles de Timitimi 50g"}]},{"@type":"WebSite","@id":"https:\/\/www.safinel.fr\/#website","url":"https:\/\/www.safinel.fr\/","name":"Safinel","description":"","publisher":{"@id":"https:\/\/www.safinel.fr\/#organization"},"potentialAction":[{"@type":"SearchAction","target":{"@type":"EntryPoint","urlTemplate":"https:\/\/www.safinel.fr\/?s={search_term_string}"},"query-input":{"@type":"PropertyValueSpecification","valueRequired":true,"valueName":"search_term_string"}}],"inLanguage":"es"},{"@type":"Organization","@id":"https:\/\/www.safinel.fr\/#organization","name":"Safinel","url":"https:\/\/www.safinel.fr\/","logo":{"@type":"ImageObject","inLanguage":"es","@id":"https:\/\/www.safinel.fr\/#\/schema\/logo\/image\/","url":"https:\/\/www.safinel.fr\/wp-content\/uploads\/2021\/05\/boutique-cosmetique.png","contentUrl":"https:\/\/www.safinel.fr\/wp-content\/uploads\/2021\/05\/boutique-cosmetique.png","width":800,"height":200,"caption":"Safinel"},"image":{"@id":"https:\/\/www.safinel.fr\/#\/schema\/logo\/image\/"}}]}},"_links":{"self":[{"href":"https:\/\/www.safinel.fr\/es\/wp-json\/wp\/v2\/product\/5463","targetHints":{"allow":["GET"]}}],"collection":[{"href":"https:\/\/www.safinel.fr\/es\/wp-json\/wp\/v2\/product"}],"about":[{"href":"https:\/\/www.safinel.fr\/es\/wp-json\/wp\/v2\/types\/product"}],"wp:featuredmedia":[{"embeddable":true,"href":"https:\/\/www.safinel.fr\/es\/wp-json\/wp\/v2\/media\/5464"}],"wp:attachment":[{"href":"https:\/\/www.safinel.fr\/es\/wp-json\/wp\/v2\/media?parent=5463"}],"wp:term":[{"taxonomy":"product_brand","embeddable":true,"href":"https:\/\/www.safinel.fr\/es\/wp-json\/wp\/v2\/product_brand?post=5463"},{"taxonomy":"product_cat","embeddable":true,"href":"https:\/\/www.safinel.fr\/es\/wp-json\/wp\/v2\/product_cat?post=5463"},{"taxonomy":"product_tag","embeddable":true,"href":"https:\/\/www.safinel.fr\/es\/wp-json\/wp\/v2\/product_tag?post=5463"}],"curies":[{"name":"wp","href":"https:\/\/api.w.org\/{rel}","templated":true}]}}