{"id":5404,"date":"2023-04-09T17:45:09","date_gmt":"2023-04-09T17:45:09","guid":{"rendered":"https:\/\/www.safinel.fr\/?post_type=product&#038;p=5404"},"modified":"2024-02-27T21:18:52","modified_gmt":"2024-02-27T21:18:52","slug":"lauroil-metil-isetionato-de-sodio-slmi","status":"publish","type":"product","link":"https:\/\/www.safinel.fr\/es\/product-2\/lauroil-metil-isetionato-de-sodio-slmi\/","title":{"rendered":"Lauroil metil isetionato s\u00f3dico (SLMI)"},"content":{"rendered":"<p>\u00bfBusca Lauroil metil isetionato s\u00f3dico (SLMI), un tensioactivo natural para sus productos cosm\u00e9ticos? Entonces ha llegado al lugar adecuado. En este art\u00edculo, le ofrecemos una gu\u00eda completa para comprar y utilizar este vers\u00e1til producto con sus m\u00faltiples beneficios. Descubra por qu\u00e9 el SLMI se ha convertido en un ingrediente esencial en la industria cosm\u00e9tica.<\/p>\n<h2><strong>\u00bfQu\u00e9 es el lauroil metil isetionato s\u00f3dico (SLMI)?<\/strong><\/h2>\n<p>El lauroil metil isetionato s\u00f3dico, tambi\u00e9n conocido como SLMI, es un tensioactivo suave de origen natural. Se utiliza principalmente como agente limpiador y espumante en champ\u00fas y geles de ducha, <a href=\"https:\/\/www.safinel.fr\/es\/product-category-2\/jabon\/\"><strong>jabones l\u00edquidos<\/strong><\/a> y otros productos para el cuidado de la piel y el cabello.<\/p>\n<p>El SLMI se fabrica generalmente a partir de \u00e1cido l\u00e1urico, un \u00e1cido graso que se encuentra en el aceite de coco. Gracias a su estructura qu\u00edmica espec\u00edfica, tiene propiedades altamente solubles que le permiten crear una espuma rica y cremosa, al tiempo que es suave con la piel y respetuoso con el medio ambiente.<\/p>\n<h3><strong>Ventajas del lauroil metil isetionato de sodio<\/strong><\/h3>\n<p>La SLMI ofrece una serie de ventajas para los productos cosm\u00e9ticos, entre ellas:<\/p>\n<ul>\n<li><strong>Su suavidad<\/strong> SLMI: A diferencia de otros tensioactivos m\u00e1s agresivos que pueden irritar la piel o el cuero cabelludo. SLMI es famoso por su suavidad y respeto por la piel sensible.<\/li>\n<li><strong>Espuma cremosa<\/strong> SLMI: SLMI crea una espuma rica y cremosa que limpia eficazmente la piel y resulta agradable al tacto.<\/li>\n<li><strong>Su biodegradabilidad<\/strong> El SLMI es un ingrediente ecol\u00f3gico que se degrada f\u00e1cilmente en el medio ambiente. Lo que lo convierte en una elecci\u00f3n responsable para preservar nuestro planeta.<\/li>\n<li><strong>Su origen natural<\/strong> Elaborado con \u00e1cido l\u00e1urico del\u2019<a href=\"https:\/\/www.safinel.fr\/es\/product-2\/aceite-de-coco-vegetal-virgen-extra-ecologico-certificado-100ml\/\"><strong>aceite de coco<\/strong><\/a>, El SLMI es un producto renovable de origen vegetal.<\/li>\n<\/ul>\n<h2><strong>\u00bfD\u00f3nde puedo comprar lauroil metil isetionato de sodio en l\u00ednea?<\/strong><\/h2>\n<p>Existen varias opciones a su disposici\u00f3n para obtener SLMI. Hemos seleccionado las mejores alternativas para comprar tu Sodium Lauroyl Methyl Isethionate online, de forma segura y al mejor precio.<\/p>\n<h3><strong>Tiendas especializadas en ingredientes cosm\u00e9ticos<\/strong><\/h3>\n<p>Muchas tiendas en l\u00ednea ofrecen ingredientes cosm\u00e9ticos naturales de alta calidad, incluido el Lauroil Metil Isetionato de Sodio. Estos sitios suelen ofrecer una amplia gama de productos y permiten comparar precios para encontrar la mejor oferta.<\/p>\n<h3><strong>Plataformas de venta en l\u00ednea<\/strong><\/h3>\n<p>Plataformas como Amazon, eBay y Alibaba tambi\u00e9n ponen a la venta SLMI. Es importante comprobar la informaci\u00f3n facilitada por el vendedor y consultar las opiniones de los clientes antes de realizar la compra. As\u00ed te aseguras de la calidad del producto.<\/p>\n<h3><strong>Proveedores industriales<\/strong><\/h3>\n<p>Si representa a una empresa y desea comprar SLMI en grandes cantidades. Lo mejor es ponerse en contacto directamente con los fabricantes y proveedores industriales. Podr\u00e1n ofrecerle precios ventajosos y condiciones de entrega adaptadas a sus necesidades.<\/p>\n<h2><strong>\u00bfC\u00f3mo utiliza SLMI en sus cosm\u00e9ticos?<\/strong><\/h2>\n<p>El SLMI es un ingrediente vers\u00e1til que puede utilizarse en diversas f\u00f3rmulas cosm\u00e9ticas. Aqu\u00ed tienes algunos consejos para aprovechar al m\u00e1ximo sus propiedades:<\/p>\n<h3><strong>Utilizar en champ\u00fas y geles de ducha<\/strong><\/h3>\n<p>Para crear un champ\u00fa o gel de ducha suave y eficaz, mezcle el lauroil metil isetionato s\u00f3dico con otros tensioactivos y a\u00f1ada los ingredientes activos de su elecci\u00f3n (aceites esenciales, extractos de plantas, etc.). La concentraci\u00f3n recomendada de SLMI en estas f\u00f3rmulas suele variar entre 10% y 25%.<\/p>\n<h3><strong>Uso en jabones l\u00edquidos<\/strong><\/h3>\n<p>El SLMI puede utilizarse para sustituir o complementar los tensioactivos que normalmente se encuentran en los jabones l\u00edquidos. Su poder espumante y suavidad lo convierten en un producto respetuoso con la piel y el medio ambiente.<\/p>\n<h3><strong>Uso en productos para pieles sensibles<\/strong><\/h3>\n<p>Gracias a su suavidad, el SLMI es especialmente adecuado para productos destinados a pieles sensibles o propensas a la irritaci\u00f3n. Puede incorporarse a limpiadores faciales, cremas de lavado para beb\u00e9s o productos de cuidado espec\u00edficos para pieles reactivas.<\/p>\n<p>En conclusi\u00f3n, el lauroil metil isetionato s\u00f3dico es un tensioactivo natural con m\u00faltiples beneficios. Su suavidad, poder espumante y biodegradabilidad lo convierten en el ingrediente preferido para sus productos cosm\u00e9ticos. Son respetuosos con la piel y el medio ambiente. No dude en consultar las opiniones y b\u00fasquedas en Google para asegurarse de que elige el proveedor adecuado para su compra de SLMI en l\u00ednea.<\/p>","protected":false},"excerpt":{"rendered":"<p><img decoding=\"async\" class=\"size-full wp-image-5091 aligncenter\" src=\"https:\/\/www.safinel.fr\/wp-content\/uploads\/2021\/06\/BANNIERE-ICONE-SAFINEL.webp\" alt=\"reaseguro de sat\u00e9n\" width=\"800\" height=\"200\" srcset=\"https:\/\/www.safinel.fr\/wp-content\/uploads\/2021\/06\/BANNIERE-ICONE-SAFINEL.webp 800w, https:\/\/www.safinel.fr\/wp-content\/uploads\/2021\/06\/BANNIERE-ICONE-SAFINEL-600x150.webp 600w, https:\/\/www.safinel.fr\/wp-content\/uploads\/2021\/06\/BANNIERE-ICONE-SAFINEL-768x192.webp 768w\" sizes=\"(max-width: 800px) 100vw, 800px\" \/><\/p>","protected":false},"featured_media":5409,"template":"","meta":[],"product_brand":[],"product_cat":[28],"product_tag":[],"class_list":{"0":"post-5404","1":"product","2":"type-product","3":"status-publish","4":"has-post-thumbnail","6":"product_cat-divers","8":"first","9":"outofstock","10":"shipping-taxable","11":"purchasable","12":"product-type-variable"},"yoast_head":"<!-- This site is optimized with the Yoast SEO plugin v26.6 - https:\/\/yoast.com\/wordpress\/plugins\/seo\/ -->\n<title>Sodium Lauroyl Methyl Isethionate I (SLMI) I Ses bienfaits<\/title>\n<meta name=\"description\" content=\"Vous \u00eates \u00e0 la recherche du\u00a0Sodium Lauroyl Methyl Isethionate (SLMI), un compos\u00e9 tensioactif naturel pour vos produits cosm\u00e9tiques ?\" \/>\n<meta name=\"robots\" content=\"index, follow, max-snippet:-1, max-image-preview:large, max-video-preview:-1\" \/>\n<link rel=\"canonical\" href=\"https:\/\/www.safinel.fr\/es\/product-2\/lauroil-metil-isetionato-de-sodio-slmi\/\" \/>\n<meta property=\"og:locale\" content=\"es_ES\" \/>\n<meta property=\"og:type\" content=\"article\" \/>\n<meta property=\"og:title\" content=\"Sodium Lauroyl Methyl Isethionate I (SLMI) I Ses bienfaits\" \/>\n<meta property=\"og:description\" content=\"Vous \u00eates \u00e0 la recherche du\u00a0Sodium Lauroyl Methyl Isethionate (SLMI), un compos\u00e9 tensioactif naturel pour vos produits cosm\u00e9tiques ?\" \/>\n<meta property=\"og:url\" content=\"https:\/\/www.safinel.fr\/es\/product-2\/lauroil-metil-isetionato-de-sodio-slmi\/\" \/>\n<meta property=\"og:site_name\" content=\"Safinel\" \/>\n<meta property=\"article:modified_time\" content=\"2024-02-27T21:18:52+00:00\" \/>\n<meta property=\"og:image\" content=\"https:\/\/www.safinel.fr\/wp-content\/uploads\/2023\/04\/Sodium-Lauroyl-Methyl-Isethionate.jpg\" \/>\n\t<meta property=\"og:image:width\" content=\"600\" \/>\n\t<meta property=\"og:image:height\" content=\"600\" \/>\n\t<meta property=\"og:image:type\" content=\"image\/jpeg\" \/>\n<meta name=\"twitter:card\" content=\"summary_large_image\" \/>\n<meta name=\"twitter:label1\" content=\"Tiempo de lectura\" \/>\n\t<meta name=\"twitter:data1\" content=\"4 minutos\" \/>\n<script type=\"application\/ld+json\" class=\"yoast-schema-graph\">{\"@context\":\"https:\/\/schema.org\",\"@graph\":[{\"@type\":\"WebPage\",\"@id\":\"https:\/\/www.safinel.fr\/produit\/sodium-lauroyl-methyl-isethionate-slmi\/\",\"url\":\"https:\/\/www.safinel.fr\/produit\/sodium-lauroyl-methyl-isethionate-slmi\/\",\"name\":\"Sodium Lauroyl Methyl Isethionate I (SLMI) I Ses bienfaits\",\"isPartOf\":{\"@id\":\"https:\/\/www.safinel.fr\/#website\"},\"primaryImageOfPage\":{\"@id\":\"https:\/\/www.safinel.fr\/produit\/sodium-lauroyl-methyl-isethionate-slmi\/#primaryimage\"},\"image\":{\"@id\":\"https:\/\/www.safinel.fr\/produit\/sodium-lauroyl-methyl-isethionate-slmi\/#primaryimage\"},\"thumbnailUrl\":\"https:\/\/www.safinel.fr\/wp-content\/uploads\/2023\/04\/Sodium-Lauroyl-Methyl-Isethionate.jpg\",\"datePublished\":\"2023-04-09T17:45:09+00:00\",\"dateModified\":\"2024-02-27T21:18:52+00:00\",\"description\":\"Vous \u00eates \u00e0 la recherche du\u00a0Sodium Lauroyl Methyl Isethionate (SLMI), un compos\u00e9 tensioactif naturel pour vos produits cosm\u00e9tiques ?\",\"breadcrumb\":{\"@id\":\"https:\/\/www.safinel.fr\/produit\/sodium-lauroyl-methyl-isethionate-slmi\/#breadcrumb\"},\"inLanguage\":\"es\",\"potentialAction\":[{\"@type\":\"ReadAction\",\"target\":[\"https:\/\/www.safinel.fr\/produit\/sodium-lauroyl-methyl-isethionate-slmi\/\"]}]},{\"@type\":\"ImageObject\",\"inLanguage\":\"es\",\"@id\":\"https:\/\/www.safinel.fr\/produit\/sodium-lauroyl-methyl-isethionate-slmi\/#primaryimage\",\"url\":\"https:\/\/www.safinel.fr\/wp-content\/uploads\/2023\/04\/Sodium-Lauroyl-Methyl-Isethionate.jpg\",\"contentUrl\":\"https:\/\/www.safinel.fr\/wp-content\/uploads\/2023\/04\/Sodium-Lauroyl-Methyl-Isethionate.jpg\",\"width\":600,\"height\":600,\"caption\":\"Sodium Lauroyl Methyl Isethionate (SLMI)\"},{\"@type\":\"BreadcrumbList\",\"@id\":\"https:\/\/www.safinel.fr\/produit\/sodium-lauroyl-methyl-isethionate-slmi\/#breadcrumb\",\"itemListElement\":[{\"@type\":\"ListItem\",\"position\":1,\"name\":\"Accueil\",\"item\":\"https:\/\/www.safinel.fr\/\"},{\"@type\":\"ListItem\",\"position\":2,\"name\":\"Boutique\",\"item\":\"https:\/\/www.safinel.fr\/boutique\/\"},{\"@type\":\"ListItem\",\"position\":3,\"name\":\"Sodium Lauroyl Methyl Isethionate (SLMI)\"}]},{\"@type\":\"WebSite\",\"@id\":\"https:\/\/www.safinel.fr\/#website\",\"url\":\"https:\/\/www.safinel.fr\/\",\"name\":\"Safinel\",\"description\":\"\",\"publisher\":{\"@id\":\"https:\/\/www.safinel.fr\/#organization\"},\"potentialAction\":[{\"@type\":\"SearchAction\",\"target\":{\"@type\":\"EntryPoint\",\"urlTemplate\":\"https:\/\/www.safinel.fr\/?s={search_term_string}\"},\"query-input\":{\"@type\":\"PropertyValueSpecification\",\"valueRequired\":true,\"valueName\":\"search_term_string\"}}],\"inLanguage\":\"es\"},{\"@type\":\"Organization\",\"@id\":\"https:\/\/www.safinel.fr\/#organization\",\"name\":\"Safinel\",\"url\":\"https:\/\/www.safinel.fr\/\",\"logo\":{\"@type\":\"ImageObject\",\"inLanguage\":\"es\",\"@id\":\"https:\/\/www.safinel.fr\/#\/schema\/logo\/image\/\",\"url\":\"https:\/\/www.safinel.fr\/wp-content\/uploads\/2021\/05\/boutique-cosmetique.png\",\"contentUrl\":\"https:\/\/www.safinel.fr\/wp-content\/uploads\/2021\/05\/boutique-cosmetique.png\",\"width\":800,\"height\":200,\"caption\":\"Safinel\"},\"image\":{\"@id\":\"https:\/\/www.safinel.fr\/#\/schema\/logo\/image\/\"}}]}<\/script>\n<!-- \/ Yoast SEO plugin. -->","yoast_head_json":{"title":"Lauroil metil isetionato de sodio I (SLMI) I Sus ventajas","description":"\u00bfBusca Lauroil metil isetionato s\u00f3dico (SLMI), un tensioactivo natural para sus productos cosm\u00e9ticos?","robots":{"index":"index","follow":"follow","max-snippet":"max-snippet:-1","max-image-preview":"max-image-preview:large","max-video-preview":"max-video-preview:-1"},"canonical":"https:\/\/www.safinel.fr\/es\/product-2\/lauroil-metil-isetionato-de-sodio-slmi\/","og_locale":"es_ES","og_type":"article","og_title":"Sodium Lauroyl Methyl Isethionate I (SLMI) I Ses bienfaits","og_description":"Vous \u00eates \u00e0 la recherche du\u00a0Sodium Lauroyl Methyl Isethionate (SLMI), un compos\u00e9 tensioactif naturel pour vos produits cosm\u00e9tiques ?","og_url":"https:\/\/www.safinel.fr\/es\/product-2\/lauroil-metil-isetionato-de-sodio-slmi\/","og_site_name":"Safinel","article_modified_time":"2024-02-27T21:18:52+00:00","og_image":[{"width":600,"height":600,"url":"https:\/\/www.safinel.fr\/wp-content\/uploads\/2023\/04\/Sodium-Lauroyl-Methyl-Isethionate.jpg","type":"image\/jpeg"}],"twitter_card":"summary_large_image","twitter_misc":{"Tiempo de lectura":"4 minutos"},"schema":{"@context":"https:\/\/schema.org","@graph":[{"@type":"WebPage","@id":"https:\/\/www.safinel.fr\/produit\/sodium-lauroyl-methyl-isethionate-slmi\/","url":"https:\/\/www.safinel.fr\/produit\/sodium-lauroyl-methyl-isethionate-slmi\/","name":"Lauroil metil isetionato de sodio I (SLMI) I Sus ventajas","isPartOf":{"@id":"https:\/\/www.safinel.fr\/#website"},"primaryImageOfPage":{"@id":"https:\/\/www.safinel.fr\/produit\/sodium-lauroyl-methyl-isethionate-slmi\/#primaryimage"},"image":{"@id":"https:\/\/www.safinel.fr\/produit\/sodium-lauroyl-methyl-isethionate-slmi\/#primaryimage"},"thumbnailUrl":"https:\/\/www.safinel.fr\/wp-content\/uploads\/2023\/04\/Sodium-Lauroyl-Methyl-Isethionate.jpg","datePublished":"2023-04-09T17:45:09+00:00","dateModified":"2024-02-27T21:18:52+00:00","description":"\u00bfBusca Lauroil metil isetionato s\u00f3dico (SLMI), un tensioactivo natural para sus productos cosm\u00e9ticos?","breadcrumb":{"@id":"https:\/\/www.safinel.fr\/produit\/sodium-lauroyl-methyl-isethionate-slmi\/#breadcrumb"},"inLanguage":"es","potentialAction":[{"@type":"ReadAction","target":["https:\/\/www.safinel.fr\/produit\/sodium-lauroyl-methyl-isethionate-slmi\/"]}]},{"@type":"ImageObject","inLanguage":"es","@id":"https:\/\/www.safinel.fr\/produit\/sodium-lauroyl-methyl-isethionate-slmi\/#primaryimage","url":"https:\/\/www.safinel.fr\/wp-content\/uploads\/2023\/04\/Sodium-Lauroyl-Methyl-Isethionate.jpg","contentUrl":"https:\/\/www.safinel.fr\/wp-content\/uploads\/2023\/04\/Sodium-Lauroyl-Methyl-Isethionate.jpg","width":600,"height":600,"caption":"Sodium Lauroyl Methyl Isethionate (SLMI)"},{"@type":"BreadcrumbList","@id":"https:\/\/www.safinel.fr\/produit\/sodium-lauroyl-methyl-isethionate-slmi\/#breadcrumb","itemListElement":[{"@type":"ListItem","position":1,"name":"Accueil","item":"https:\/\/www.safinel.fr\/"},{"@type":"ListItem","position":2,"name":"Boutique","item":"https:\/\/www.safinel.fr\/boutique\/"},{"@type":"ListItem","position":3,"name":"Sodium Lauroyl Methyl Isethionate (SLMI)"}]},{"@type":"WebSite","@id":"https:\/\/www.safinel.fr\/#website","url":"https:\/\/www.safinel.fr\/","name":"Safinel","description":"","publisher":{"@id":"https:\/\/www.safinel.fr\/#organization"},"potentialAction":[{"@type":"SearchAction","target":{"@type":"EntryPoint","urlTemplate":"https:\/\/www.safinel.fr\/?s={search_term_string}"},"query-input":{"@type":"PropertyValueSpecification","valueRequired":true,"valueName":"search_term_string"}}],"inLanguage":"es"},{"@type":"Organization","@id":"https:\/\/www.safinel.fr\/#organization","name":"Safinel","url":"https:\/\/www.safinel.fr\/","logo":{"@type":"ImageObject","inLanguage":"es","@id":"https:\/\/www.safinel.fr\/#\/schema\/logo\/image\/","url":"https:\/\/www.safinel.fr\/wp-content\/uploads\/2021\/05\/boutique-cosmetique.png","contentUrl":"https:\/\/www.safinel.fr\/wp-content\/uploads\/2021\/05\/boutique-cosmetique.png","width":800,"height":200,"caption":"Safinel"},"image":{"@id":"https:\/\/www.safinel.fr\/#\/schema\/logo\/image\/"}}]}},"_links":{"self":[{"href":"https:\/\/www.safinel.fr\/es\/wp-json\/wp\/v2\/product\/5404","targetHints":{"allow":["GET"]}}],"collection":[{"href":"https:\/\/www.safinel.fr\/es\/wp-json\/wp\/v2\/product"}],"about":[{"href":"https:\/\/www.safinel.fr\/es\/wp-json\/wp\/v2\/types\/product"}],"wp:featuredmedia":[{"embeddable":true,"href":"https:\/\/www.safinel.fr\/es\/wp-json\/wp\/v2\/media\/5409"}],"wp:attachment":[{"href":"https:\/\/www.safinel.fr\/es\/wp-json\/wp\/v2\/media?parent=5404"}],"wp:term":[{"taxonomy":"product_brand","embeddable":true,"href":"https:\/\/www.safinel.fr\/es\/wp-json\/wp\/v2\/product_brand?post=5404"},{"taxonomy":"product_cat","embeddable":true,"href":"https:\/\/www.safinel.fr\/es\/wp-json\/wp\/v2\/product_cat?post=5404"},{"taxonomy":"product_tag","embeddable":true,"href":"https:\/\/www.safinel.fr\/es\/wp-json\/wp\/v2\/product_tag?post=5404"}],"curies":[{"name":"wp","href":"https:\/\/api.w.org\/{rel}","templated":true}]}}