{"id":5402,"date":"2023-04-09T17:20:46","date_gmt":"2023-04-09T17:20:46","guid":{"rendered":"https:\/\/www.safinel.fr\/?post_type=product&#038;p=5402"},"modified":"2025-01-12T20:12:46","modified_gmt":"2025-01-12T20:12:46","slug":"okra-en-polvo","status":"publish","type":"product","link":"https:\/\/www.safinel.fr\/es\/product-2\/okra-en-polvo\/","title":{"rendered":"Okra en polvo 100g"},"content":{"rendered":"<p>Los productos naturales ofrecen una experiencia gustativa aut\u00e9ntica y placentera. Sus ricos y variados sabores deleitan las papilas gustativas al tiempo que aportan beneficios para la salud. Al elegir<strong>\u00a0alimentos no elaborados<\/strong>, Con Safinel, est\u00e1 un paso m\u00e1s cerca de unos h\u00e1bitos alimentarios m\u00e1s sanos y sostenibles. Por eso tu tienda online Safinel quiere presentarte el\u00a0<strong>okra en polvo<\/strong>\u00a0!<\/p>\n<h2><strong>\u00bfQu\u00e9 es la okra en polvo?<\/strong><\/h2>\n<p>La okra en polvo es un producto natural cada vez m\u00e1s popular por sus numerosos beneficios para la salud. Este polvo se elabora a partir de\u00a0<strong>quingomb\u00f3 seco<\/strong>\u00a0y molido en un polvo fino, haciendo un excelente\u00a0<strong>complemento alimenticio<\/strong>.<\/p>\n<p>La okra es rica en nutrientes esenciales como fibra, vitamina C, vitamina K y magnesio. Tambi\u00e9n es fuente de calcio, hierro y vitamina B. E Rica en antioxidantes, puede ser una ventaja contra los radicales libres.<\/p>\n<h2><strong>Descubra los beneficios de la okra en polvo<\/strong><\/h2>\n<p>Una de las principales ventajas de<strong>\u00a0okra en polvo<\/strong>\u00a0es su capacidad para regular los niveles de az\u00facar en sangre. La fibra presente en la okra ayuda a ralentizar el <strong><a href=\"https:\/\/www.safinel.fr\/es\/product-2\/milenrama\/\">digesti\u00f3n<\/a><\/strong> hidratos de carbono, ayudando a mantener estables los niveles de az\u00facar en sangre y a prevenir los picos de az\u00facar en sangre. Esto lo convierte en un suplemento diet\u00e9tico especialmente beneficioso para las personas diab\u00e9ticas.<\/p>\n<p>Tambi\u00e9n es conocida por sus propiedades antiinflamatorias. Puede ayudar a reducir la inflamaci\u00f3n en el cuerpo, lo que puede reducir el riesgo de enfermedades cr\u00f3nicas como la artritis, enfermedades del coraz\u00f3n y ciertos tipos de c\u00e1ncer.<\/p>\n<p>Por \u00faltimo, este<strong>\u00a0polvo natural<\/strong>\u00a0puede ayudar a mejorar la digesti\u00f3n. La fibra que contiene ayuda a regular el tr\u00e1nsito intestinal y a prevenir el estre\u00f1imiento.<\/p>\n<h3><strong>\u00a1A por lo natural!<\/strong><\/h3>\n<p>Ahora que has conocido a este\u00a0<strong>tesoro natural<\/strong>, \u00bfpor qu\u00e9 no utilizarlo como\u00a0<strong>complemento alimenticio natural\u00a0<\/strong>? T\u00fa decides.<\/p>\n<p>Adem\u00e1s, su boutique Safinel tambi\u00e9n desea que descubra el\u00a0<strong>Harina Placali<\/strong>. Si a\u00fan no ha o\u00eddo hablar de \u00e9l, b\u00fasquelo en un pr\u00f3ximo art\u00edculo.<\/p>\n<p>No dude en venir a disfrutar de productos naturales buenos para la salud.<\/p>","protected":false},"excerpt":{"rendered":"<p><img decoding=\"async\" class=\"size-full wp-image-5091 aligncenter\" src=\"https:\/\/www.safinel.fr\/wp-content\/uploads\/2021\/06\/BANNIERE-ICONE-SAFINEL.webp\" alt=\"reaseguro de sat\u00e9n\" width=\"800\" height=\"200\" srcset=\"https:\/\/www.safinel.fr\/wp-content\/uploads\/2021\/06\/BANNIERE-ICONE-SAFINEL.webp 800w, https:\/\/www.safinel.fr\/wp-content\/uploads\/2021\/06\/BANNIERE-ICONE-SAFINEL-600x150.webp 600w, https:\/\/www.safinel.fr\/wp-content\/uploads\/2021\/06\/BANNIERE-ICONE-SAFINEL-768x192.webp 768w\" sizes=\"(max-width: 800px) 100vw, 800px\" \/><\/p>","protected":false},"featured_media":5403,"template":"","meta":[],"product_brand":[],"product_cat":[59,150],"product_tag":[],"class_list":{"0":"post-5402","1":"product","2":"type-product","3":"status-publish","4":"has-post-thumbnail","6":"product_cat-fruit-tropical","7":"product_cat-legume-africain","9":"first","10":"instock","11":"shipping-taxable","12":"purchasable","13":"product-type-simple"},"yoast_head":"<!-- This site is optimized with the Yoast SEO plugin v26.6 - https:\/\/yoast.com\/wordpress\/plugins\/seo\/ -->\n<title>Poudre de gombo I Bienfaits nombreux I Vertus aphrodisiaque<\/title>\n<meta name=\"description\" content=\"La poudre de gombo est un produit naturel qui gagne en popularit\u00e9 en raison de ses nombreux avantages pour la sant\u00e9. Adoptez-l\u00e0 !\" \/>\n<meta name=\"robots\" content=\"index, follow, max-snippet:-1, max-image-preview:large, max-video-preview:-1\" \/>\n<link rel=\"canonical\" href=\"https:\/\/www.safinel.fr\/es\/product-2\/okra-en-polvo\/\" \/>\n<meta property=\"og:locale\" content=\"es_ES\" \/>\n<meta property=\"og:type\" content=\"article\" \/>\n<meta property=\"og:title\" content=\"Poudre de gombo I Bienfaits nombreux I Vertus aphrodisiaque\" \/>\n<meta property=\"og:description\" content=\"La poudre de gombo est un produit naturel qui gagne en popularit\u00e9 en raison de ses nombreux avantages pour la sant\u00e9. Adoptez-l\u00e0 !\" \/>\n<meta property=\"og:url\" content=\"https:\/\/www.safinel.fr\/es\/product-2\/okra-en-polvo\/\" \/>\n<meta property=\"og:site_name\" content=\"Safinel\" \/>\n<meta property=\"article:modified_time\" content=\"2025-01-12T20:12:46+00:00\" \/>\n<meta property=\"og:image\" content=\"https:\/\/www.safinel.fr\/wp-content\/uploads\/2023\/04\/poudre-de-gombo.jpg\" \/>\n\t<meta property=\"og:image:width\" content=\"600\" \/>\n\t<meta property=\"og:image:height\" content=\"600\" \/>\n\t<meta property=\"og:image:type\" content=\"image\/jpeg\" \/>\n<meta name=\"twitter:card\" content=\"summary_large_image\" \/>\n<meta name=\"twitter:label1\" content=\"Tiempo de lectura\" \/>\n\t<meta name=\"twitter:data1\" content=\"2 minutos\" \/>\n<script type=\"application\/ld+json\" class=\"yoast-schema-graph\">{\"@context\":\"https:\/\/schema.org\",\"@graph\":[{\"@type\":\"WebPage\",\"@id\":\"https:\/\/www.safinel.fr\/produit\/poudre-de-gombo\/\",\"url\":\"https:\/\/www.safinel.fr\/produit\/poudre-de-gombo\/\",\"name\":\"Poudre de gombo I Bienfaits nombreux I Vertus aphrodisiaque\",\"isPartOf\":{\"@id\":\"https:\/\/www.safinel.fr\/#website\"},\"primaryImageOfPage\":{\"@id\":\"https:\/\/www.safinel.fr\/produit\/poudre-de-gombo\/#primaryimage\"},\"image\":{\"@id\":\"https:\/\/www.safinel.fr\/produit\/poudre-de-gombo\/#primaryimage\"},\"thumbnailUrl\":\"https:\/\/www.safinel.fr\/wp-content\/uploads\/2023\/04\/poudre-de-gombo.jpg\",\"datePublished\":\"2023-04-09T17:20:46+00:00\",\"dateModified\":\"2025-01-12T20:12:46+00:00\",\"description\":\"La poudre de gombo est un produit naturel qui gagne en popularit\u00e9 en raison de ses nombreux avantages pour la sant\u00e9. Adoptez-l\u00e0 !\",\"breadcrumb\":{\"@id\":\"https:\/\/www.safinel.fr\/produit\/poudre-de-gombo\/#breadcrumb\"},\"inLanguage\":\"es\",\"potentialAction\":[{\"@type\":\"ReadAction\",\"target\":[\"https:\/\/www.safinel.fr\/produit\/poudre-de-gombo\/\"]}]},{\"@type\":\"ImageObject\",\"inLanguage\":\"es\",\"@id\":\"https:\/\/www.safinel.fr\/produit\/poudre-de-gombo\/#primaryimage\",\"url\":\"https:\/\/www.safinel.fr\/wp-content\/uploads\/2023\/04\/poudre-de-gombo.jpg\",\"contentUrl\":\"https:\/\/www.safinel.fr\/wp-content\/uploads\/2023\/04\/poudre-de-gombo.jpg\",\"width\":600,\"height\":600,\"caption\":\"Poudre de gombo 100g\"},{\"@type\":\"BreadcrumbList\",\"@id\":\"https:\/\/www.safinel.fr\/produit\/poudre-de-gombo\/#breadcrumb\",\"itemListElement\":[{\"@type\":\"ListItem\",\"position\":1,\"name\":\"Accueil\",\"item\":\"https:\/\/www.safinel.fr\/\"},{\"@type\":\"ListItem\",\"position\":2,\"name\":\"Boutique\",\"item\":\"https:\/\/www.safinel.fr\/boutique\/\"},{\"@type\":\"ListItem\",\"position\":3,\"name\":\"Poudre de gombo 100g\"}]},{\"@type\":\"WebSite\",\"@id\":\"https:\/\/www.safinel.fr\/#website\",\"url\":\"https:\/\/www.safinel.fr\/\",\"name\":\"Safinel\",\"description\":\"\",\"publisher\":{\"@id\":\"https:\/\/www.safinel.fr\/#organization\"},\"potentialAction\":[{\"@type\":\"SearchAction\",\"target\":{\"@type\":\"EntryPoint\",\"urlTemplate\":\"https:\/\/www.safinel.fr\/?s={search_term_string}\"},\"query-input\":{\"@type\":\"PropertyValueSpecification\",\"valueRequired\":true,\"valueName\":\"search_term_string\"}}],\"inLanguage\":\"es\"},{\"@type\":\"Organization\",\"@id\":\"https:\/\/www.safinel.fr\/#organization\",\"name\":\"Safinel\",\"url\":\"https:\/\/www.safinel.fr\/\",\"logo\":{\"@type\":\"ImageObject\",\"inLanguage\":\"es\",\"@id\":\"https:\/\/www.safinel.fr\/#\/schema\/logo\/image\/\",\"url\":\"https:\/\/www.safinel.fr\/wp-content\/uploads\/2021\/05\/boutique-cosmetique.png\",\"contentUrl\":\"https:\/\/www.safinel.fr\/wp-content\/uploads\/2021\/05\/boutique-cosmetique.png\",\"width\":800,\"height\":200,\"caption\":\"Safinel\"},\"image\":{\"@id\":\"https:\/\/www.safinel.fr\/#\/schema\/logo\/image\/\"}}]}<\/script>\n<!-- \/ Yoast SEO plugin. -->","yoast_head_json":{"title":"Polvo de okra I Numerosos beneficios I Propiedades afrodis\u00edacas","description":"La okra en polvo es un producto natural que est\u00e1 ganando popularidad por sus numerosos beneficios para la salud. \u00a1A por \u00e9l!","robots":{"index":"index","follow":"follow","max-snippet":"max-snippet:-1","max-image-preview":"max-image-preview:large","max-video-preview":"max-video-preview:-1"},"canonical":"https:\/\/www.safinel.fr\/es\/product-2\/okra-en-polvo\/","og_locale":"es_ES","og_type":"article","og_title":"Poudre de gombo I Bienfaits nombreux I Vertus aphrodisiaque","og_description":"La poudre de gombo est un produit naturel qui gagne en popularit\u00e9 en raison de ses nombreux avantages pour la sant\u00e9. Adoptez-l\u00e0 !","og_url":"https:\/\/www.safinel.fr\/es\/product-2\/okra-en-polvo\/","og_site_name":"Safinel","article_modified_time":"2025-01-12T20:12:46+00:00","og_image":[{"width":600,"height":600,"url":"https:\/\/www.safinel.fr\/wp-content\/uploads\/2023\/04\/poudre-de-gombo.jpg","type":"image\/jpeg"}],"twitter_card":"summary_large_image","twitter_misc":{"Tiempo de lectura":"2 minutos"},"schema":{"@context":"https:\/\/schema.org","@graph":[{"@type":"WebPage","@id":"https:\/\/www.safinel.fr\/produit\/poudre-de-gombo\/","url":"https:\/\/www.safinel.fr\/produit\/poudre-de-gombo\/","name":"Polvo de okra I Numerosos beneficios I Propiedades afrodis\u00edacas","isPartOf":{"@id":"https:\/\/www.safinel.fr\/#website"},"primaryImageOfPage":{"@id":"https:\/\/www.safinel.fr\/produit\/poudre-de-gombo\/#primaryimage"},"image":{"@id":"https:\/\/www.safinel.fr\/produit\/poudre-de-gombo\/#primaryimage"},"thumbnailUrl":"https:\/\/www.safinel.fr\/wp-content\/uploads\/2023\/04\/poudre-de-gombo.jpg","datePublished":"2023-04-09T17:20:46+00:00","dateModified":"2025-01-12T20:12:46+00:00","description":"La okra en polvo es un producto natural que est\u00e1 ganando popularidad por sus numerosos beneficios para la salud. \u00a1A por \u00e9l!","breadcrumb":{"@id":"https:\/\/www.safinel.fr\/produit\/poudre-de-gombo\/#breadcrumb"},"inLanguage":"es","potentialAction":[{"@type":"ReadAction","target":["https:\/\/www.safinel.fr\/produit\/poudre-de-gombo\/"]}]},{"@type":"ImageObject","inLanguage":"es","@id":"https:\/\/www.safinel.fr\/produit\/poudre-de-gombo\/#primaryimage","url":"https:\/\/www.safinel.fr\/wp-content\/uploads\/2023\/04\/poudre-de-gombo.jpg","contentUrl":"https:\/\/www.safinel.fr\/wp-content\/uploads\/2023\/04\/poudre-de-gombo.jpg","width":600,"height":600,"caption":"Poudre de gombo 100g"},{"@type":"BreadcrumbList","@id":"https:\/\/www.safinel.fr\/produit\/poudre-de-gombo\/#breadcrumb","itemListElement":[{"@type":"ListItem","position":1,"name":"Accueil","item":"https:\/\/www.safinel.fr\/"},{"@type":"ListItem","position":2,"name":"Boutique","item":"https:\/\/www.safinel.fr\/boutique\/"},{"@type":"ListItem","position":3,"name":"Poudre de gombo 100g"}]},{"@type":"WebSite","@id":"https:\/\/www.safinel.fr\/#website","url":"https:\/\/www.safinel.fr\/","name":"Safinel","description":"","publisher":{"@id":"https:\/\/www.safinel.fr\/#organization"},"potentialAction":[{"@type":"SearchAction","target":{"@type":"EntryPoint","urlTemplate":"https:\/\/www.safinel.fr\/?s={search_term_string}"},"query-input":{"@type":"PropertyValueSpecification","valueRequired":true,"valueName":"search_term_string"}}],"inLanguage":"es"},{"@type":"Organization","@id":"https:\/\/www.safinel.fr\/#organization","name":"Safinel","url":"https:\/\/www.safinel.fr\/","logo":{"@type":"ImageObject","inLanguage":"es","@id":"https:\/\/www.safinel.fr\/#\/schema\/logo\/image\/","url":"https:\/\/www.safinel.fr\/wp-content\/uploads\/2021\/05\/boutique-cosmetique.png","contentUrl":"https:\/\/www.safinel.fr\/wp-content\/uploads\/2021\/05\/boutique-cosmetique.png","width":800,"height":200,"caption":"Safinel"},"image":{"@id":"https:\/\/www.safinel.fr\/#\/schema\/logo\/image\/"}}]}},"_links":{"self":[{"href":"https:\/\/www.safinel.fr\/es\/wp-json\/wp\/v2\/product\/5402","targetHints":{"allow":["GET"]}}],"collection":[{"href":"https:\/\/www.safinel.fr\/es\/wp-json\/wp\/v2\/product"}],"about":[{"href":"https:\/\/www.safinel.fr\/es\/wp-json\/wp\/v2\/types\/product"}],"wp:featuredmedia":[{"embeddable":true,"href":"https:\/\/www.safinel.fr\/es\/wp-json\/wp\/v2\/media\/5403"}],"wp:attachment":[{"href":"https:\/\/www.safinel.fr\/es\/wp-json\/wp\/v2\/media?parent=5402"}],"wp:term":[{"taxonomy":"product_brand","embeddable":true,"href":"https:\/\/www.safinel.fr\/es\/wp-json\/wp\/v2\/product_brand?post=5402"},{"taxonomy":"product_cat","embeddable":true,"href":"https:\/\/www.safinel.fr\/es\/wp-json\/wp\/v2\/product_cat?post=5402"},{"taxonomy":"product_tag","embeddable":true,"href":"https:\/\/www.safinel.fr\/es\/wp-json\/wp\/v2\/product_tag?post=5402"}],"curies":[{"name":"wp","href":"https:\/\/api.w.org\/{rel}","templated":true}]}}