{"id":5394,"date":"2023-04-09T12:36:40","date_gmt":"2023-04-09T12:36:40","guid":{"rendered":"https:\/\/www.safinel.fr\/?post_type=product&#038;p=5394"},"modified":"2025-12-02T10:34:56","modified_gmt":"2025-12-02T10:34:56","slug":"caramelos-de-jengibre-begue","status":"publish","type":"product","link":"https:\/\/www.safinel.fr\/es\/product-2\/caramelos-de-jengibre-begue\/","title":{"rendered":"Dulces de jengibre"},"content":{"rendered":"<p>Los golosos est\u00e1n de enhorabuena... \u00a1Descubra el jengibre! Es un ingrediente vers\u00e1til que puede a\u00f1adir un toque picante a cualquier golosina. Cuando pruebe un\u00a0<strong>caramelos de jengibre<\/strong>, Ser\u00e1 recibido por una explosi\u00f3n de sabores que tentar\u00e1n sus papilas gustativas, pero eso no es todo... Tome asiento y descubra el<strong>\u00a0Caramelos de jengibre B\u00e9gu\u00e9<\/strong>\u00a0!<\/p>\n<h2><strong>Descubre por fin\u00a0<\/strong><strong>b<\/strong><strong>Caramelos de jengibre B\u00e9gu\u00e9<\/strong><strong>\u00a0!<\/strong><\/h2>\n<p>Los caramelos de jengibre B\u00e9gu\u00e9 son un<strong>\u00a0Especialidad senegalesa<\/strong>\u00a0elaborado con jengibre fresco y az\u00facar. Este dulce tradicional se utiliza para aliviar\u00a0<strong>malestar estomacal<\/strong>\u00a0y n\u00e1useas. El sabor c\u00e1lido y picante del jengibre combina a la perfecci\u00f3n con el az\u00facar y la suave textura del caramelo. Es una experiencia gustativa \u00fanica que deleitar\u00e1 sus sentidos y le dejar\u00e1 con ganas de m\u00e1s...<\/p>\n<h2><strong>La b<\/strong><strong>Caramelos de jengibre B\u00e9gu\u00e9, \u00a1un delicioso afrodis\u00edaco!<\/strong><\/h2>\n<p>En\u00a0<strong>Safinel<\/strong>, En nuestra tienda encontrar\u00e1 caramelos de jengibre B\u00e9gu\u00e9 de gran calidad. Convenientemente envasados, est\u00e1n disponibles en nuestra tienda para satisfacer sus necesidades.<\/p>\n<p>Adem\u00e1s de sus propiedades medicinales, el Bonbon Gingembre B\u00e9gu\u00e9 tiene un\u00a0<strong>sabor \u00fanico y delicioso<\/strong>\u00a0que gustar\u00e1 a todos los amantes de los dulces. Es dulce y ligeramente picante, con una textura que se deshace en la boca.<\/p>\n<p>Prueba esto\u00a0<strong>caramelos de jengibre<\/strong>\u00a0y descubra por qu\u00e9 es uno de los dulces favoritos de los senegaleses.<\/p>\n<h3><strong>\u00bfUn poco de ayuda para tu libido?<\/strong><\/h3>\n<p>El jengibre suele ser alabado por sus numerosos beneficios para la salud, pero pocas personas conocen sus beneficios para la intimidad. Los caramelos de jengibre pueden ayudar a\u00a0<strong><a href=\"https:\/\/www.safinel.fr\/es\/product-2\/caramelos-caballo-negro\/\">estimular la libido<\/a>\u00a0<\/strong>y mejorar el rendimiento sexual. Tambi\u00e9n se sabe que aumenta la circulaci\u00f3n sangu\u00ednea, lo que puede ayudar a<strong>\u00a0mantener una erecci\u00f3n<\/strong>\u00a0m\u00e1s tiempo e intensificar el orgasmo.<\/p>\n<p>Por \u00faltimo, el jengibre puede ayudar a reducir el estr\u00e9s y la ansiedad, lo que puede mejorar el estado de \u00e1nimo y las relaciones \u00edntimas. No obstante, es importante consultar a un profesional de la salud antes de utilizar el jengibre para tratar problemas m\u00e9dicos.<\/p>","protected":false},"excerpt":{"rendered":"<p><img decoding=\"async\" class=\"size-full wp-image-5091 aligncenter\" src=\"https:\/\/www.safinel.fr\/wp-content\/uploads\/2021\/06\/BANNIERE-ICONE-SAFINEL.webp\" alt=\"reaseguro de sat\u00e9n\" width=\"800\" height=\"200\" srcset=\"https:\/\/www.safinel.fr\/wp-content\/uploads\/2021\/06\/BANNIERE-ICONE-SAFINEL.webp 800w, https:\/\/www.safinel.fr\/wp-content\/uploads\/2021\/06\/BANNIERE-ICONE-SAFINEL-600x150.webp 600w, https:\/\/www.safinel.fr\/wp-content\/uploads\/2021\/06\/BANNIERE-ICONE-SAFINEL-768x192.webp 768w\" sizes=\"(max-width: 800px) 100vw, 800px\" \/><\/p>","protected":false},"featured_media":5395,"template":"","meta":[],"product_brand":[],"product_cat":[102],"product_tag":[],"class_list":{"0":"post-5394","1":"product","2":"type-product","3":"status-publish","4":"has-post-thumbnail","6":"product_cat-bonbon-aphrodisiaque","8":"first","9":"outofstock","10":"shipping-taxable","11":"purchasable","12":"product-type-variable"},"yoast_head":"<!-- This site is optimized with the Yoast SEO plugin v26.6 - https:\/\/yoast.com\/wordpress\/plugins\/seo\/ -->\n<title>Bonbons au gingembre b\u00e9gu\u00e9 I Bonbon aphrodisiaque<\/title>\n<meta name=\"description\" content=\"Les bonbons au gingembre B\u00e9gu\u00e9 sont une\u00a0sp\u00e9cialit\u00e9 s\u00e9n\u00e9galaise\u00a0fabriqu\u00e9e \u00e0 partir de gingembre frais et de sucre. Bonne d\u00e9gustation !\" \/>\n<meta name=\"robots\" content=\"index, follow, max-snippet:-1, max-image-preview:large, max-video-preview:-1\" \/>\n<link rel=\"canonical\" href=\"https:\/\/www.safinel.fr\/es\/product-2\/caramelos-de-jengibre-begue\/\" \/>\n<meta property=\"og:locale\" content=\"es_ES\" \/>\n<meta property=\"og:type\" content=\"article\" \/>\n<meta property=\"og:title\" content=\"Bonbons au gingembre b\u00e9gu\u00e9 I Bonbon aphrodisiaque\" \/>\n<meta property=\"og:description\" content=\"Les bonbons au gingembre B\u00e9gu\u00e9 sont une\u00a0sp\u00e9cialit\u00e9 s\u00e9n\u00e9galaise\u00a0fabriqu\u00e9e \u00e0 partir de gingembre frais et de sucre. Bonne d\u00e9gustation !\" \/>\n<meta property=\"og:url\" content=\"https:\/\/www.safinel.fr\/es\/product-2\/caramelos-de-jengibre-begue\/\" \/>\n<meta property=\"og:site_name\" content=\"Safinel\" \/>\n<meta property=\"article:modified_time\" content=\"2025-12-02T10:34:56+00:00\" \/>\n<meta property=\"og:image\" content=\"https:\/\/www.safinel.fr\/wp-content\/uploads\/2023\/04\/Bonbon-Gingembre-Begue.jpg\" \/>\n\t<meta property=\"og:image:width\" content=\"600\" \/>\n\t<meta property=\"og:image:height\" content=\"600\" \/>\n\t<meta property=\"og:image:type\" content=\"image\/jpeg\" \/>\n<meta name=\"twitter:card\" content=\"summary_large_image\" \/>\n<meta name=\"twitter:label1\" content=\"Tiempo de lectura\" \/>\n\t<meta name=\"twitter:data1\" content=\"2 minutos\" \/>\n<script type=\"application\/ld+json\" class=\"yoast-schema-graph\">{\"@context\":\"https:\/\/schema.org\",\"@graph\":[{\"@type\":\"WebPage\",\"@id\":\"https:\/\/www.safinel.fr\/produit\/bonbons-au-gingembre-begue\/\",\"url\":\"https:\/\/www.safinel.fr\/produit\/bonbons-au-gingembre-begue\/\",\"name\":\"Bonbons au gingembre b\u00e9gu\u00e9 I Bonbon aphrodisiaque\",\"isPartOf\":{\"@id\":\"https:\/\/www.safinel.fr\/#website\"},\"primaryImageOfPage\":{\"@id\":\"https:\/\/www.safinel.fr\/produit\/bonbons-au-gingembre-begue\/#primaryimage\"},\"image\":{\"@id\":\"https:\/\/www.safinel.fr\/produit\/bonbons-au-gingembre-begue\/#primaryimage\"},\"thumbnailUrl\":\"https:\/\/www.safinel.fr\/wp-content\/uploads\/2023\/04\/Bonbon-Gingembre-Begue.jpg\",\"datePublished\":\"2023-04-09T12:36:40+00:00\",\"dateModified\":\"2025-12-02T10:34:56+00:00\",\"description\":\"Les bonbons au gingembre B\u00e9gu\u00e9 sont une\u00a0sp\u00e9cialit\u00e9 s\u00e9n\u00e9galaise\u00a0fabriqu\u00e9e \u00e0 partir de gingembre frais et de sucre. Bonne d\u00e9gustation !\",\"breadcrumb\":{\"@id\":\"https:\/\/www.safinel.fr\/produit\/bonbons-au-gingembre-begue\/#breadcrumb\"},\"inLanguage\":\"es\",\"potentialAction\":[{\"@type\":\"ReadAction\",\"target\":[\"https:\/\/www.safinel.fr\/produit\/bonbons-au-gingembre-begue\/\"]}]},{\"@type\":\"ImageObject\",\"inLanguage\":\"es\",\"@id\":\"https:\/\/www.safinel.fr\/produit\/bonbons-au-gingembre-begue\/#primaryimage\",\"url\":\"https:\/\/www.safinel.fr\/wp-content\/uploads\/2023\/04\/Bonbon-Gingembre-Begue.jpg\",\"contentUrl\":\"https:\/\/www.safinel.fr\/wp-content\/uploads\/2023\/04\/Bonbon-Gingembre-Begue.jpg\",\"width\":600,\"height\":600,\"caption\":\"Bonbons au gingembre b\u00e9gu\u00e9\"},{\"@type\":\"BreadcrumbList\",\"@id\":\"https:\/\/www.safinel.fr\/produit\/bonbons-au-gingembre-begue\/#breadcrumb\",\"itemListElement\":[{\"@type\":\"ListItem\",\"position\":1,\"name\":\"Accueil\",\"item\":\"https:\/\/www.safinel.fr\/\"},{\"@type\":\"ListItem\",\"position\":2,\"name\":\"Boutique\",\"item\":\"https:\/\/www.safinel.fr\/boutique\/\"},{\"@type\":\"ListItem\",\"position\":3,\"name\":\"Bonbons au gingembre b\u00e9gu\u00e9\"}]},{\"@type\":\"WebSite\",\"@id\":\"https:\/\/www.safinel.fr\/#website\",\"url\":\"https:\/\/www.safinel.fr\/\",\"name\":\"Safinel\",\"description\":\"\",\"publisher\":{\"@id\":\"https:\/\/www.safinel.fr\/#organization\"},\"potentialAction\":[{\"@type\":\"SearchAction\",\"target\":{\"@type\":\"EntryPoint\",\"urlTemplate\":\"https:\/\/www.safinel.fr\/?s={search_term_string}\"},\"query-input\":{\"@type\":\"PropertyValueSpecification\",\"valueRequired\":true,\"valueName\":\"search_term_string\"}}],\"inLanguage\":\"es\"},{\"@type\":\"Organization\",\"@id\":\"https:\/\/www.safinel.fr\/#organization\",\"name\":\"Safinel\",\"url\":\"https:\/\/www.safinel.fr\/\",\"logo\":{\"@type\":\"ImageObject\",\"inLanguage\":\"es\",\"@id\":\"https:\/\/www.safinel.fr\/#\/schema\/logo\/image\/\",\"url\":\"https:\/\/www.safinel.fr\/wp-content\/uploads\/2021\/05\/boutique-cosmetique.png\",\"contentUrl\":\"https:\/\/www.safinel.fr\/wp-content\/uploads\/2021\/05\/boutique-cosmetique.png\",\"width\":800,\"height\":200,\"caption\":\"Safinel\"},\"image\":{\"@id\":\"https:\/\/www.safinel.fr\/#\/schema\/logo\/image\/\"}}]}<\/script>\n<!-- \/ Yoast SEO plugin. -->","yoast_head_json":{"title":"Caramelos de jengibre I Caramelos afrodis\u00edacos","description":"Los dulces de jengibre B\u00e9gu\u00e9 son una especialidad senegalesa elaborada con jengibre fresco y az\u00facar. \u00a1Disfr\u00fatelos!","robots":{"index":"index","follow":"follow","max-snippet":"max-snippet:-1","max-image-preview":"max-image-preview:large","max-video-preview":"max-video-preview:-1"},"canonical":"https:\/\/www.safinel.fr\/es\/product-2\/caramelos-de-jengibre-begue\/","og_locale":"es_ES","og_type":"article","og_title":"Bonbons au gingembre b\u00e9gu\u00e9 I Bonbon aphrodisiaque","og_description":"Les bonbons au gingembre B\u00e9gu\u00e9 sont une\u00a0sp\u00e9cialit\u00e9 s\u00e9n\u00e9galaise\u00a0fabriqu\u00e9e \u00e0 partir de gingembre frais et de sucre. Bonne d\u00e9gustation !","og_url":"https:\/\/www.safinel.fr\/es\/product-2\/caramelos-de-jengibre-begue\/","og_site_name":"Safinel","article_modified_time":"2025-12-02T10:34:56+00:00","og_image":[{"width":600,"height":600,"url":"https:\/\/www.safinel.fr\/wp-content\/uploads\/2023\/04\/Bonbon-Gingembre-Begue.jpg","type":"image\/jpeg"}],"twitter_card":"summary_large_image","twitter_misc":{"Tiempo de lectura":"2 minutos"},"schema":{"@context":"https:\/\/schema.org","@graph":[{"@type":"WebPage","@id":"https:\/\/www.safinel.fr\/produit\/bonbons-au-gingembre-begue\/","url":"https:\/\/www.safinel.fr\/produit\/bonbons-au-gingembre-begue\/","name":"Caramelos de jengibre I Caramelos afrodis\u00edacos","isPartOf":{"@id":"https:\/\/www.safinel.fr\/#website"},"primaryImageOfPage":{"@id":"https:\/\/www.safinel.fr\/produit\/bonbons-au-gingembre-begue\/#primaryimage"},"image":{"@id":"https:\/\/www.safinel.fr\/produit\/bonbons-au-gingembre-begue\/#primaryimage"},"thumbnailUrl":"https:\/\/www.safinel.fr\/wp-content\/uploads\/2023\/04\/Bonbon-Gingembre-Begue.jpg","datePublished":"2023-04-09T12:36:40+00:00","dateModified":"2025-12-02T10:34:56+00:00","description":"Los dulces de jengibre B\u00e9gu\u00e9 son una especialidad senegalesa elaborada con jengibre fresco y az\u00facar. \u00a1Disfr\u00fatelos!","breadcrumb":{"@id":"https:\/\/www.safinel.fr\/produit\/bonbons-au-gingembre-begue\/#breadcrumb"},"inLanguage":"es","potentialAction":[{"@type":"ReadAction","target":["https:\/\/www.safinel.fr\/produit\/bonbons-au-gingembre-begue\/"]}]},{"@type":"ImageObject","inLanguage":"es","@id":"https:\/\/www.safinel.fr\/produit\/bonbons-au-gingembre-begue\/#primaryimage","url":"https:\/\/www.safinel.fr\/wp-content\/uploads\/2023\/04\/Bonbon-Gingembre-Begue.jpg","contentUrl":"https:\/\/www.safinel.fr\/wp-content\/uploads\/2023\/04\/Bonbon-Gingembre-Begue.jpg","width":600,"height":600,"caption":"Bonbons au gingembre b\u00e9gu\u00e9"},{"@type":"BreadcrumbList","@id":"https:\/\/www.safinel.fr\/produit\/bonbons-au-gingembre-begue\/#breadcrumb","itemListElement":[{"@type":"ListItem","position":1,"name":"Accueil","item":"https:\/\/www.safinel.fr\/"},{"@type":"ListItem","position":2,"name":"Boutique","item":"https:\/\/www.safinel.fr\/boutique\/"},{"@type":"ListItem","position":3,"name":"Bonbons au gingembre b\u00e9gu\u00e9"}]},{"@type":"WebSite","@id":"https:\/\/www.safinel.fr\/#website","url":"https:\/\/www.safinel.fr\/","name":"Safinel","description":"","publisher":{"@id":"https:\/\/www.safinel.fr\/#organization"},"potentialAction":[{"@type":"SearchAction","target":{"@type":"EntryPoint","urlTemplate":"https:\/\/www.safinel.fr\/?s={search_term_string}"},"query-input":{"@type":"PropertyValueSpecification","valueRequired":true,"valueName":"search_term_string"}}],"inLanguage":"es"},{"@type":"Organization","@id":"https:\/\/www.safinel.fr\/#organization","name":"Safinel","url":"https:\/\/www.safinel.fr\/","logo":{"@type":"ImageObject","inLanguage":"es","@id":"https:\/\/www.safinel.fr\/#\/schema\/logo\/image\/","url":"https:\/\/www.safinel.fr\/wp-content\/uploads\/2021\/05\/boutique-cosmetique.png","contentUrl":"https:\/\/www.safinel.fr\/wp-content\/uploads\/2021\/05\/boutique-cosmetique.png","width":800,"height":200,"caption":"Safinel"},"image":{"@id":"https:\/\/www.safinel.fr\/#\/schema\/logo\/image\/"}}]}},"_links":{"self":[{"href":"https:\/\/www.safinel.fr\/es\/wp-json\/wp\/v2\/product\/5394","targetHints":{"allow":["GET"]}}],"collection":[{"href":"https:\/\/www.safinel.fr\/es\/wp-json\/wp\/v2\/product"}],"about":[{"href":"https:\/\/www.safinel.fr\/es\/wp-json\/wp\/v2\/types\/product"}],"wp:featuredmedia":[{"embeddable":true,"href":"https:\/\/www.safinel.fr\/es\/wp-json\/wp\/v2\/media\/5395"}],"wp:attachment":[{"href":"https:\/\/www.safinel.fr\/es\/wp-json\/wp\/v2\/media?parent=5394"}],"wp:term":[{"taxonomy":"product_brand","embeddable":true,"href":"https:\/\/www.safinel.fr\/es\/wp-json\/wp\/v2\/product_brand?post=5394"},{"taxonomy":"product_cat","embeddable":true,"href":"https:\/\/www.safinel.fr\/es\/wp-json\/wp\/v2\/product_cat?post=5394"},{"taxonomy":"product_tag","embeddable":true,"href":"https:\/\/www.safinel.fr\/es\/wp-json\/wp\/v2\/product_tag?post=5394"}],"curies":[{"name":"wp","href":"https:\/\/api.w.org\/{rel}","templated":true}]}}