{"id":538,"date":"2021-11-13T14:05:00","date_gmt":"2021-11-13T14:05:00","guid":{"rendered":"https:\/\/www.safinel.fr\/?post_type=product&#038;p=538"},"modified":"2025-10-14T15:12:33","modified_gmt":"2025-10-14T15:12:33","slug":"hisopo","status":"publish","type":"product","link":"https:\/\/www.safinel.fr\/es\/product-2\/hisopo\/","title":{"rendered":"Bolsa de hojas de hisopo 45g"},"content":{"rendered":"<p><strong>Hisopo<\/strong>\u00a0es una planta arom\u00e1tica perenne con un delicioso sabor a menta. Lo que la hace perfecta para infusiones y otros remedios herbales.<\/p>\n<p>Tambi\u00e9n se utiliza como especia culinaria, incorporada a aceites perfumados para jabones, velas y popurr\u00ed.<\/p>\n<p>Las hojas se utilizan en algunos jarabes para la tos, mientras que las ra\u00edces tienen propiedades antibi\u00f3ticas. Si buscas una hierba polivalente, \u00a1no busques m\u00e1s!<\/p>\n<h2><strong>\u00bfQu\u00e9 es el hisopo y c\u00f3mo puede ayudarte?<\/strong><\/h2>\n<p>El hisopo es un arbusto utilizado desde hace siglos en Oriente Pr\u00f3ximo y la regi\u00f3n mediterr\u00e1nea. Tambi\u00e9n es com\u00fan en la India, China y Norteam\u00e9rica.<\/p>\n<p>La familia de las lami\u00e1ceas incluye muchas plantas, entre ellas el hisopo. La palabra \u00bbhisopo\u00bb procede de una antigua expresi\u00f3n griega que significa \u00bbcurar\u00ab. Este peque\u00f1o arbusto, de hasta 70 cm de altura, tiene bonitas hojas y flores perfumadas.<\/p>\n<p>De hecho, existen dos variedades diferentes: Hyssopus officinalis var. officinalis, una variedad m\u00e1s com\u00fan conocida como hisopo officinalis. En segundo lugar, est\u00e1 el Hyssopus montana, antiguamente conocido como Decumbensia, cuyas ramas son planas.<\/p>\n<p>En primer lugar, esta planta arom\u00e1tica es conocida por sus potentes propiedades terap\u00e9uticas. Una infusi\u00f3n de hisopo mejora la respiraci\u00f3n y favorece la relajaci\u00f3n.<\/p>\n<p>Se cree que act\u00faa liberando unas sustancias qu\u00edmicas cerebrales llamadas neurotransmisores. \u00c9stos transmiten impulsos nerviosos al cerebro, provocando somnolencia y facilitando as\u00ed la conciliaci\u00f3n del sue\u00f1o.<\/p>\n<p>Esta planta medicinal se utiliza tanto por v\u00eda interna como externa. Cuando se toma internamente, es decir, cuando se ingiere, favorece la claridad mental y la memoria.<\/p>\n<p>A menudo se utiliza terap\u00e9uticamente como tisana para inducir la transpiraci\u00f3n y mejorar la circulaci\u00f3n sangu\u00ednea. Especialmente en casos de apoplej\u00eda y fiebre alta.<\/p>\n<p>Las hojas de hisopo contienen \u00e1cido rosmar\u00ednico, que tiene propiedades antiinflamatorias. Por ello se recomienda su uso contra ciertas infecciones pulmonares y la tos.<\/p>\n<p>Tambi\u00e9n tienen actividad antibacteriana contra determinados tipos de microbios, como neumococos, estafilococos, meningitis y gonococos. Pero tambi\u00e9n Bacillus subtilis, pseudomonas aeruginosa y otros.<\/p>\n<p>Por \u00faltimo, a nivel externo, la planta tiene propiedades antis\u00e9pticas y desobstructivas. Su aceite esencial puede aplicarse t\u00f3picamente para tratar heridas. Los estudios han demostrado que inhibe el crecimiento de bacterias y virus.<\/p>\n<h3><strong>Los beneficios del hisopo<\/strong><\/h3>\n<p>Se sabe que las hojas de hisopo refuerzan el sistema inmunitario. Tiene muchos beneficios, entre ellos los siguientes:<\/p>\n<ul>\n<li>Reduce la congesti\u00f3n pulmonar; ;<\/li>\n<li>Ayuda a despejar el sistema respiratorio; ;<\/li>\n<li>Reduce el crecimiento de candida albicans ;<\/li>\n<li>Se utiliza como diur\u00e9tico para eliminar las toxinas del organismo; ;<\/li>\n<li>Aumenta el n\u00famero de eritrocitos en caso de anemia; ;<\/li>\n<li>Es antiinflamatorio y ayuda a tratar la artritis; ;<\/li>\n<li>Ayuda contra el c\u00e1ncer ;<\/li>\n<li>Elimina las lombrices intestinales y los par\u00e1sitos; ;<\/li>\n<li>Estimula los fluidos digestivos y aumenta su movimiento a trav\u00e9s del intestino; ;<\/li>\n<li>Regula la tensi\u00f3n arterial y el ritmo card\u00edaco; ;<\/li>\n<li>Ayuda a prevenir muchas enfermedades y trastornos, como alergias, arteriosclerosis, bronquitis, neumon\u00eda, arteriosclerosis y meningitis; ;<\/li>\n<li>Es un antioxidante que protege al organismo contra los radicales libres; ;<\/li>\n<li>Protege contra virus y bacterias gracias a sus propiedades antis\u00e9pticas<\/li>\n<li>Elimina el mal aliento; ;<\/li>\n<li>Trata herpes, verrugas, \u00falceras bucales, herpes labial y llagas en la piel; ;<\/li>\n<li>Ayuda a aliviar <a href=\"https:\/\/www.cancer.be\/les-cancers\/effets-secondaires\/que-faire-en-cas-de-naus-es\" target=\"_blank\" rel=\"noopener\"><strong>n\u00e1useas causadas por la quimioterapia<\/strong><\/a> u otros tratamientos.<\/li>\n<\/ul>\n<p>El hisopo se ha utilizado para aliviar el dolor desde el antiguo Egipto. Los investigadores est\u00e1n empezando a comprender por qu\u00e9. Tanto los enfermos de SIDA como los que padecen enfermedades autoinmunes se benefician de la terapia a base de hisopo.<\/p>\n<p>Las propiedades antiinflamatorias de esta hierba la hacen ideal para tratar el asma, las alergias, la urticaria y los problemas cut\u00e1neos.<\/p>\n<p>Los tratamientos a base de hierbas pueden aplicarse por v\u00eda t\u00f3pica. De hecho, para las inflamaciones cut\u00e1neas puede administrarse una pomada a base de aceite combinado con otras hierbas.<\/p>\n<h2><strong>Recetas de la abuela para aprovechar al m\u00e1ximo el hisopo\u00a0<\/strong><\/h2>\n<p>Una forma de beneficiarse del hisopo es utilizarlo para tratar los resfriados.<\/p>\n<p>Pon un pu\u00f1ado de hojas secas de hisopo en 4 tazas de agua hirviendo. A continuaci\u00f3n, reduzca el fuego y deje cocer a fuego lento durante 10 minutos. A continuaci\u00f3n, cuele la mezcla en una taza y a\u00f1ada miel al gusto.<\/p>\n<p>Beber 2 tazas al d\u00eda para aliviar el dolor de garganta y combatir el exceso de mucosidad. Este remedio tambi\u00e9n es eficaz para aliviar problemas respiratorios como el asma, la bronquitis y la tos ferina.<\/p>\n<p>El hisopo tambi\u00e9n es un excelente enjuague bucal antis\u00e9ptico. A\u00f1ade 1 cucharada de hisopo seco a una taza (240 ml) de agua hervida y d\u00e9jalo en infusi\u00f3n durante 5 minutos.<\/p>\n<p>A continuaci\u00f3n, utiliza esta soluci\u00f3n como enjuague bucal o para lavar heridas recientes para prevenir infecciones. Tambi\u00e9n es buena idea cepillarse los dientes con un\u00a0<strong>cepillo de dientes de bamb\u00fa<\/strong>.<\/p>\n<p>Para obtener los mejores resultados, utilice nuestro\u00a0<a href=\"https:\/\/www.safinel.fr\/es\/product-2\/dentifrico-natural-mentolado-en-polvo-de-clavo-30g\/\"><strong>dent\u00edfrico natural de polvo de clavo mentolado<\/strong><\/a>. As\u00ed como nuestro\u00a0<strong><a href=\"https:\/\/www.safinel.fr\/es\/product-2\/dentifrico-natural-mentolado-con-polvo-de-siwak-30g\/\">polvo dent\u00edfrico natural siwak menta<\/a>\u00a0<\/strong>o nuestro\u00a0<a href=\"https:\/\/www.safinel.fr\/es\/product-2\/pasta-dentifrica-solida-field-mint\/\"><strong>pasta dent\u00edfrica s\u00f3lida field mint<\/strong><\/a>.<\/p>\n<p>Se puede a\u00f1adir una cucharadita de hojas al agua del ba\u00f1o para aliviar el dolor muscular. Tambi\u00e9n alivia el reumatismo y reduce la aparici\u00f3n de cicatrices y manchas de larga duraci\u00f3n. Justo lo que necesitas para darte un peque\u00f1o cambio de imagen.<\/p>\n<p>Disponer de este remedio natural en el botiqu\u00edn permite intervenir en caso de malestar pasajero.<\/p>\n<h2><strong>Conservaci\u00f3n\u00a0<\/strong><\/h2>\n<p>Para conservar este producto en buen estado, es importante mantener una temperatura constante. Si las condiciones fluct\u00faan demasiado, puede aparecer moho.<\/p>\n<p>Guarda la bolsita de hojas secas en un lugar oscuro y seco. Por ejemplo, en la despensa o en el armario de la cocina, hasta que lo necesites.<\/p>\n<p>Tambi\u00e9n es posible congelar las hojas. Sin embargo, este proceso hace que la hierba pierda alrededor de 25% de su sabor.<\/p>\n<p>Precauciones<\/p>\n<p>Es importante evitar su uso durante el embarazo y la lactancia. Las personas con hipertensi\u00f3n tambi\u00e9n deben evitarlo.<\/p>\n<p>Contraindicado si ha estado expuesto a un calor excesivo. Puede desencadenar convulsiones febriles, sobre todo en ni\u00f1os.<\/p>\n<p>No recomendado para personas que sufran reflujo gastroesof\u00e1gico o una infecci\u00f3n del tracto gastrointestinal.<\/p>","protected":false},"excerpt":{"rendered":"<p>L&rsquo;hysope\u00a0est une plante vivace \u00e0 la saveur aromatique au d\u00e9licieux go\u00fbt de menthe. Ce qui la rend parfaite pour les th\u00e9s et autres rem\u00e8des \u00e0 base d\u2019herbes. Elle est aussi consomm\u00e9e comme \u00e9pice culinaire, incorpor\u00e9e dans les huiles de parfum pour savons, les bougies et les pots-pourris. Les feuilles sont pr\u00e9sentes dans certains sirops contre [&#8230;]","protected":false},"featured_media":539,"template":"","meta":[],"product_brand":[],"product_cat":[27],"product_tag":[],"class_list":{"0":"post-538","1":"product","2":"type-product","3":"status-publish","4":"has-post-thumbnail","6":"product_cat-plantes-medicinales","8":"first","9":"outofstock","10":"shipping-taxable","11":"purchasable","12":"product-type-simple"},"yoast_head":"<!-- This site is optimized with the Yoast SEO plugin v26.6 - https:\/\/yoast.com\/wordpress\/plugins\/seo\/ -->\n<title>Hysope | Plante aux bienfaits nombreux | Achat s\u00e9curis\u00e9 en ligne<\/title>\n<meta name=\"description\" content=\"L&#039;hysope\u00a0est une plante vivace \u00e0 la saveur aromatique au d\u00e9licieux go\u00fbt de menthe. Ce qui la rend parfaite pour les th\u00e9s.\" \/>\n<meta name=\"robots\" content=\"index, follow, max-snippet:-1, max-image-preview:large, max-video-preview:-1\" \/>\n<link rel=\"canonical\" href=\"https:\/\/www.safinel.fr\/es\/product-2\/hisopo\/\" \/>\n<meta property=\"og:locale\" content=\"es_ES\" \/>\n<meta property=\"og:type\" content=\"article\" \/>\n<meta property=\"og:title\" content=\"Hysope | Plante aux bienfaits nombreux | Achat s\u00e9curis\u00e9 en ligne\" \/>\n<meta property=\"og:description\" content=\"L&#039;hysope\u00a0est une plante vivace \u00e0 la saveur aromatique au d\u00e9licieux go\u00fbt de menthe. Ce qui la rend parfaite pour les th\u00e9s.\" \/>\n<meta property=\"og:url\" content=\"https:\/\/www.safinel.fr\/es\/product-2\/hisopo\/\" \/>\n<meta property=\"og:site_name\" content=\"Safinel\" \/>\n<meta property=\"article:modified_time\" content=\"2025-10-14T15:12:33+00:00\" \/>\n<meta property=\"og:image\" content=\"https:\/\/www.safinel.fr\/wp-content\/uploads\/2021\/11\/feuilles-d-hysope.jpg\" \/>\n\t<meta property=\"og:image:width\" content=\"600\" \/>\n\t<meta property=\"og:image:height\" content=\"600\" \/>\n\t<meta property=\"og:image:type\" content=\"image\/jpeg\" \/>\n<meta name=\"twitter:card\" content=\"summary_large_image\" \/>\n<meta name=\"twitter:label1\" content=\"Tiempo de lectura\" \/>\n\t<meta name=\"twitter:data1\" content=\"5 minutos\" \/>\n<script type=\"application\/ld+json\" class=\"yoast-schema-graph\">{\"@context\":\"https:\/\/schema.org\",\"@graph\":[{\"@type\":\"WebPage\",\"@id\":\"https:\/\/www.safinel.fr\/produit\/hysope\/\",\"url\":\"https:\/\/www.safinel.fr\/produit\/hysope\/\",\"name\":\"Hysope | Plante aux bienfaits nombreux | Achat s\u00e9curis\u00e9 en ligne\",\"isPartOf\":{\"@id\":\"https:\/\/www.safinel.fr\/#website\"},\"primaryImageOfPage\":{\"@id\":\"https:\/\/www.safinel.fr\/produit\/hysope\/#primaryimage\"},\"image\":{\"@id\":\"https:\/\/www.safinel.fr\/produit\/hysope\/#primaryimage\"},\"thumbnailUrl\":\"https:\/\/www.safinel.fr\/wp-content\/uploads\/2021\/11\/feuilles-d-hysope.jpg\",\"datePublished\":\"2021-11-13T14:05:00+00:00\",\"dateModified\":\"2025-10-14T15:12:33+00:00\",\"description\":\"L'hysope\u00a0est une plante vivace \u00e0 la saveur aromatique au d\u00e9licieux go\u00fbt de menthe. Ce qui la rend parfaite pour les th\u00e9s.\",\"breadcrumb\":{\"@id\":\"https:\/\/www.safinel.fr\/produit\/hysope\/#breadcrumb\"},\"inLanguage\":\"es\",\"potentialAction\":[{\"@type\":\"ReadAction\",\"target\":[\"https:\/\/www.safinel.fr\/produit\/hysope\/\"]}]},{\"@type\":\"ImageObject\",\"inLanguage\":\"es\",\"@id\":\"https:\/\/www.safinel.fr\/produit\/hysope\/#primaryimage\",\"url\":\"https:\/\/www.safinel.fr\/wp-content\/uploads\/2021\/11\/feuilles-d-hysope.jpg\",\"contentUrl\":\"https:\/\/www.safinel.fr\/wp-content\/uploads\/2021\/11\/feuilles-d-hysope.jpg\",\"width\":600,\"height\":600,\"caption\":\"Sachet de feuilles d\u2019hysope 45g\"},{\"@type\":\"BreadcrumbList\",\"@id\":\"https:\/\/www.safinel.fr\/produit\/hysope\/#breadcrumb\",\"itemListElement\":[{\"@type\":\"ListItem\",\"position\":1,\"name\":\"Accueil\",\"item\":\"https:\/\/www.safinel.fr\/\"},{\"@type\":\"ListItem\",\"position\":2,\"name\":\"Boutique\",\"item\":\"https:\/\/www.safinel.fr\/boutique\/\"},{\"@type\":\"ListItem\",\"position\":3,\"name\":\"Sachet de feuilles d&#8217;hysope 45g\"}]},{\"@type\":\"WebSite\",\"@id\":\"https:\/\/www.safinel.fr\/#website\",\"url\":\"https:\/\/www.safinel.fr\/\",\"name\":\"Safinel\",\"description\":\"\",\"publisher\":{\"@id\":\"https:\/\/www.safinel.fr\/#organization\"},\"potentialAction\":[{\"@type\":\"SearchAction\",\"target\":{\"@type\":\"EntryPoint\",\"urlTemplate\":\"https:\/\/www.safinel.fr\/?s={search_term_string}\"},\"query-input\":{\"@type\":\"PropertyValueSpecification\",\"valueRequired\":true,\"valueName\":\"search_term_string\"}}],\"inLanguage\":\"es\"},{\"@type\":\"Organization\",\"@id\":\"https:\/\/www.safinel.fr\/#organization\",\"name\":\"Safinel\",\"url\":\"https:\/\/www.safinel.fr\/\",\"logo\":{\"@type\":\"ImageObject\",\"inLanguage\":\"es\",\"@id\":\"https:\/\/www.safinel.fr\/#\/schema\/logo\/image\/\",\"url\":\"https:\/\/www.safinel.fr\/wp-content\/uploads\/2021\/05\/boutique-cosmetique.png\",\"contentUrl\":\"https:\/\/www.safinel.fr\/wp-content\/uploads\/2021\/05\/boutique-cosmetique.png\",\"width\":800,\"height\":200,\"caption\":\"Safinel\"},\"image\":{\"@id\":\"https:\/\/www.safinel.fr\/#\/schema\/logo\/image\/\"}}]}<\/script>\n<!-- \/ Yoast SEO plugin. -->","yoast_head_json":{"title":"Hisopo | Planta con muchos beneficios | Compra segura en l\u00ednea","description":"El hisopo es una planta perenne arom\u00e1tica con un delicioso sabor a menta. Lo que lo hace perfecto para infusiones.","robots":{"index":"index","follow":"follow","max-snippet":"max-snippet:-1","max-image-preview":"max-image-preview:large","max-video-preview":"max-video-preview:-1"},"canonical":"https:\/\/www.safinel.fr\/es\/product-2\/hisopo\/","og_locale":"es_ES","og_type":"article","og_title":"Hysope | Plante aux bienfaits nombreux | Achat s\u00e9curis\u00e9 en ligne","og_description":"L'hysope\u00a0est une plante vivace \u00e0 la saveur aromatique au d\u00e9licieux go\u00fbt de menthe. Ce qui la rend parfaite pour les th\u00e9s.","og_url":"https:\/\/www.safinel.fr\/es\/product-2\/hisopo\/","og_site_name":"Safinel","article_modified_time":"2025-10-14T15:12:33+00:00","og_image":[{"width":600,"height":600,"url":"https:\/\/www.safinel.fr\/wp-content\/uploads\/2021\/11\/feuilles-d-hysope.jpg","type":"image\/jpeg"}],"twitter_card":"summary_large_image","twitter_misc":{"Tiempo de lectura":"5 minutos"},"schema":{"@context":"https:\/\/schema.org","@graph":[{"@type":"WebPage","@id":"https:\/\/www.safinel.fr\/produit\/hysope\/","url":"https:\/\/www.safinel.fr\/produit\/hysope\/","name":"Hisopo | Planta con muchos beneficios | Compra segura en l\u00ednea","isPartOf":{"@id":"https:\/\/www.safinel.fr\/#website"},"primaryImageOfPage":{"@id":"https:\/\/www.safinel.fr\/produit\/hysope\/#primaryimage"},"image":{"@id":"https:\/\/www.safinel.fr\/produit\/hysope\/#primaryimage"},"thumbnailUrl":"https:\/\/www.safinel.fr\/wp-content\/uploads\/2021\/11\/feuilles-d-hysope.jpg","datePublished":"2021-11-13T14:05:00+00:00","dateModified":"2025-10-14T15:12:33+00:00","description":"El hisopo es una planta perenne arom\u00e1tica con un delicioso sabor a menta. Lo que lo hace perfecto para infusiones.","breadcrumb":{"@id":"https:\/\/www.safinel.fr\/produit\/hysope\/#breadcrumb"},"inLanguage":"es","potentialAction":[{"@type":"ReadAction","target":["https:\/\/www.safinel.fr\/produit\/hysope\/"]}]},{"@type":"ImageObject","inLanguage":"es","@id":"https:\/\/www.safinel.fr\/produit\/hysope\/#primaryimage","url":"https:\/\/www.safinel.fr\/wp-content\/uploads\/2021\/11\/feuilles-d-hysope.jpg","contentUrl":"https:\/\/www.safinel.fr\/wp-content\/uploads\/2021\/11\/feuilles-d-hysope.jpg","width":600,"height":600,"caption":"Sachet de feuilles d\u2019hysope 45g"},{"@type":"BreadcrumbList","@id":"https:\/\/www.safinel.fr\/produit\/hysope\/#breadcrumb","itemListElement":[{"@type":"ListItem","position":1,"name":"Accueil","item":"https:\/\/www.safinel.fr\/"},{"@type":"ListItem","position":2,"name":"Boutique","item":"https:\/\/www.safinel.fr\/boutique\/"},{"@type":"ListItem","position":3,"name":"Sachet de feuilles d&#8217;hysope 45g"}]},{"@type":"WebSite","@id":"https:\/\/www.safinel.fr\/#website","url":"https:\/\/www.safinel.fr\/","name":"Safinel","description":"","publisher":{"@id":"https:\/\/www.safinel.fr\/#organization"},"potentialAction":[{"@type":"SearchAction","target":{"@type":"EntryPoint","urlTemplate":"https:\/\/www.safinel.fr\/?s={search_term_string}"},"query-input":{"@type":"PropertyValueSpecification","valueRequired":true,"valueName":"search_term_string"}}],"inLanguage":"es"},{"@type":"Organization","@id":"https:\/\/www.safinel.fr\/#organization","name":"Safinel","url":"https:\/\/www.safinel.fr\/","logo":{"@type":"ImageObject","inLanguage":"es","@id":"https:\/\/www.safinel.fr\/#\/schema\/logo\/image\/","url":"https:\/\/www.safinel.fr\/wp-content\/uploads\/2021\/05\/boutique-cosmetique.png","contentUrl":"https:\/\/www.safinel.fr\/wp-content\/uploads\/2021\/05\/boutique-cosmetique.png","width":800,"height":200,"caption":"Safinel"},"image":{"@id":"https:\/\/www.safinel.fr\/#\/schema\/logo\/image\/"}}]}},"_links":{"self":[{"href":"https:\/\/www.safinel.fr\/es\/wp-json\/wp\/v2\/product\/538","targetHints":{"allow":["GET"]}}],"collection":[{"href":"https:\/\/www.safinel.fr\/es\/wp-json\/wp\/v2\/product"}],"about":[{"href":"https:\/\/www.safinel.fr\/es\/wp-json\/wp\/v2\/types\/product"}],"wp:featuredmedia":[{"embeddable":true,"href":"https:\/\/www.safinel.fr\/es\/wp-json\/wp\/v2\/media\/539"}],"wp:attachment":[{"href":"https:\/\/www.safinel.fr\/es\/wp-json\/wp\/v2\/media?parent=538"}],"wp:term":[{"taxonomy":"product_brand","embeddable":true,"href":"https:\/\/www.safinel.fr\/es\/wp-json\/wp\/v2\/product_brand?post=538"},{"taxonomy":"product_cat","embeddable":true,"href":"https:\/\/www.safinel.fr\/es\/wp-json\/wp\/v2\/product_cat?post=538"},{"taxonomy":"product_tag","embeddable":true,"href":"https:\/\/www.safinel.fr\/es\/wp-json\/wp\/v2\/product_tag?post=538"}],"curies":[{"name":"wp","href":"https:\/\/api.w.org\/{rel}","templated":true}]}}