{"id":5375,"date":"2023-04-09T10:49:38","date_gmt":"2023-04-09T10:49:38","guid":{"rendered":"https:\/\/www.safinel.fr\/?post_type=product&#038;p=5375"},"modified":"2023-12-28T17:15:52","modified_gmt":"2023-12-28T17:15:52","slug":"harpagophytum-garra-del-diablo-ecologico","status":"publish","type":"product","link":"https:\/\/www.safinel.fr\/es\/product-2\/harpagophytum-garra-del-diablo-ecologico\/","title":{"rendered":"Harpagophytum org\u00e1nico (garra del diablo)"},"content":{"rendered":"<p>La\u00a0<strong>Garra del diablo (Harpagophytum)<\/strong>\u00a0es una planta con muchos beneficios del desierto de Kalahari. Si quiere saber m\u00e1s sobre esta planta de intrigante nombre, siga leyendo. Continuar\u00e1.<\/p>\n<h2><strong>Harpagophytum: \u00bfqu\u00e9 es?\u00a0<\/strong><\/h2>\n<p>L\u2019<strong>harpagophytum<\/strong>\u00a0es una planta herb\u00e1cea perenne. Originaria de \u00c1frica, m\u00e1s concretamente de Namibia, Madagascar y Sud\u00e1frica, esta planta tiene la particularidad de crecer en zonas incultas.<\/p>\n<p>Sus ra\u00edces se recolectan tradicionalmente a mano. Es m\u00e1s, la parte utilizada en fitoterapia es la ra\u00edz.<\/p>\n<p>Esta planta se puede comer como <a href=\"https:\/\/www.safinel.fr\/es\/product-category-2\/infusiones\/\"><strong>t\u00e9 de hierbas<\/strong><\/a>, En c\u00e1psulas, comprimidos, b\u00e1lsamo o crema.<\/p>\n<h2><strong>Los beneficios de la garra del diablo\u00a0<\/strong><b>bio<\/b><\/h2>\n<p>Harpagophytum contiene\u00a0<strong>numerosos principios activos<\/strong>\u00a0incluyendo harpag\u00f3sido, fenoles, flavonoides y vitamina B1.<\/p>\n<p>Gracias a estos diversos principios activos, posee numerosas propiedades reconocidas a nivel cient\u00edfico y m\u00e9dico. De hecho, esta planta es :<\/p>\n<ul>\n<li>Antiinflamatorio, analg\u00e9sico y antirreum\u00e1tico; ;<\/li>\n<li>Colagogo y coler\u00e9tico.<\/li>\n<\/ul>\n<p>Entre otras acciones beneficiosas, esta planta tiene un :<\/p>\n<ul>\n<li><strong>Acci\u00f3n sobre las articulaciones:\u00a0<\/strong><\/li>\n<\/ul>\n<p>La garra del diablo act\u00faa principalmente sobre las articulaciones reduciendo la inflamaci\u00f3n. Este efecto reductor de la inflamaci\u00f3n convierte a esta planta en un potente analg\u00e9sico para las articulaciones. As\u00ed que si sufres reumatismo, la garra del diablo ser\u00e1 una aliada para reducir tus dolores y molestias.<\/p>\n<p>\u00bfQu\u00e9 es el reumatismo? Es el dolor en las articulaciones, los m\u00fasculos y los ligamentos. Se trata de la artrosis, la artritis, la osteoporosis, la artritis reumatoide, etc.<\/p>\n<ul>\n<li><strong>Acci\u00f3n sobre la digesti\u00f3n :\u00a0<\/strong><\/li>\n<\/ul>\n<p>La garra del diablo act\u00faa sobre la digesti\u00f3n y m\u00e1s concretamente sobre el h\u00edgado y la ves\u00edcula biliar. Su acci\u00f3n colagoga ayuda al h\u00edgado a producir bilis. La acci\u00f3n coler\u00e9tica estimula la eliminaci\u00f3n de la bilis por contracci\u00f3n de la ves\u00edcula biliar. Esto ayuda a drenar el h\u00edgado.<\/p>\n<p>Ventajas que marcan la diferencia.<\/p>\n<h2><strong>\u00bfC\u00f3mo utilizar la planta Harpagophytum?\u00a0<\/strong><\/h2>\n<p>Si desea hacer uso de las propiedades de la Garra del Diablo, visite nuestra p\u00e1gina web. Hay varias formas de utilizarla, como :<\/p>\n<ul>\n<li><strong>En infusi\u00f3n:<\/strong>\u00a0Puede combinar la planta con cola de caballo de campo por su acci\u00f3n remineralizante. 1 gramo de planta por cada 200 ml de agua.<\/li>\n<\/ul>\n<ul>\n<li><strong>Tintura madre :<\/strong>\u00a0De 5 a 15 gotas diluidas en un vaso de agua, una vez al d\u00eda. Utilizar como tratamiento de 3 semanas.<\/li>\n<\/ul>\n<ul>\n<li><strong>C\u00e1psulas o comprimidos :<\/strong>\u00a0En cuanto a la posolog\u00eda, consulte el prospecto.<\/li>\n<\/ul>\n<ul>\n<li>O por\u00a0<strong>b\u00e1lsamo o crema :<\/strong>\u00a0Puede aplicarlo 2 \u00f3 3 veces al d\u00eda sobre las articulaciones doloridas, masajeando con bastante fuerza para facilitar la penetraci\u00f3n de los principios activos.<\/li>\n<\/ul>\n<h3><strong>Algunas precauciones con el Harpagophytum<\/strong><\/h3>\n<p>Es importante seguir las dosis recomendadas. Una sobredosis puede causar efectos indeseables.<\/p>\n<p>Adem\u00e1s, si est\u00e1s siguiendo un tratamiento m\u00e9dico, debes consultar a tu m\u00e9dico antes de iniciar un tratamiento.<\/p>\n<p>Por \u00faltimo, si tiene el est\u00f3mago sensible y desea tomar harpagofito por v\u00eda oral, recuerde tomarlo con alimentos.<\/p>","protected":false},"excerpt":{"rendered":"<p><strong>Usos :\u00a0<\/strong><\/p>\n<ul>\n<li><strong>En infusi\u00f3n:<\/strong>\u00a0Puede combinar la planta con cola de caballo de campo por su acci\u00f3n remineralizante. 1 gramo de planta por cada 200 ml de agua.<\/li>\n<li><strong>Tintura madre :<\/strong>\u00a0De 5 a 15 gotas diluidas en un vaso de agua, una vez al d\u00eda. Utilizar como tratamiento de 3 semanas.<\/li>\n<li><strong>C\u00e1psulas o comprimidos :<\/strong>\u00a0En cuanto a la posolog\u00eda, consulte el prospecto.<\/li>\n<li>O por\u00a0<strong>b\u00e1lsamo o crema :<\/strong>\u00a0Puede aplicarlo 2 \u00f3 3 veces al d\u00eda sobre las articulaciones doloridas, masajeando con bastante fuerza para facilitar la penetraci\u00f3n de los principios activos.<\/li>\n<\/ul>\n<p><img decoding=\"async\" class=\"size-full wp-image-5091 aligncenter\" src=\"https:\/\/www.safinel.fr\/wp-content\/uploads\/2021\/06\/BANNIERE-ICONE-SAFINEL.webp\" alt=\"reaseguro de sat\u00e9n\" width=\"800\" height=\"200\" srcset=\"https:\/\/www.safinel.fr\/wp-content\/uploads\/2021\/06\/BANNIERE-ICONE-SAFINEL.webp 800w, https:\/\/www.safinel.fr\/wp-content\/uploads\/2021\/06\/BANNIERE-ICONE-SAFINEL-600x150.webp 600w, https:\/\/www.safinel.fr\/wp-content\/uploads\/2021\/06\/BANNIERE-ICONE-SAFINEL-768x192.webp 768w\" sizes=\"(max-width: 800px) 100vw, 800px\" \/><\/p>","protected":false},"featured_media":5376,"template":"","meta":[],"product_brand":[],"product_cat":[27],"product_tag":[],"class_list":{"0":"post-5375","1":"product","2":"type-product","3":"status-publish","4":"has-post-thumbnail","6":"product_cat-plantes-medicinales","8":"first","9":"instock","10":"shipping-taxable","11":"purchasable","12":"product-type-variable"},"yoast_head":"<!-- This site is optimized with the Yoast SEO plugin v26.6 - https:\/\/yoast.com\/wordpress\/plugins\/seo\/ -->\n<title>Harpagophytum bio I Griffe du diable I Racines coup\u00e9es &amp; G\u00e9lules<\/title>\n<meta name=\"description\" content=\"La\u00a0griffe du diable (Harpagophytum)\u00a0est une plante aux nombreux bienfaits venant du d\u00e9sert du Kalahari. Adoptez-l\u00e0 sans plus attendre !\" \/>\n<meta name=\"robots\" content=\"index, follow, max-snippet:-1, max-image-preview:large, max-video-preview:-1\" \/>\n<link rel=\"canonical\" href=\"https:\/\/www.safinel.fr\/es\/product-2\/harpagophytum-garra-del-diablo-ecologico\/\" \/>\n<meta property=\"og:locale\" content=\"es_ES\" \/>\n<meta property=\"og:type\" content=\"article\" \/>\n<meta property=\"og:title\" content=\"Harpagophytum bio I Griffe du diable I Racines coup\u00e9es &amp; G\u00e9lules\" \/>\n<meta property=\"og:description\" content=\"La\u00a0griffe du diable (Harpagophytum)\u00a0est une plante aux nombreux bienfaits venant du d\u00e9sert du Kalahari. Adoptez-l\u00e0 sans plus attendre !\" \/>\n<meta property=\"og:url\" content=\"https:\/\/www.safinel.fr\/es\/product-2\/harpagophytum-garra-del-diablo-ecologico\/\" \/>\n<meta property=\"og:site_name\" content=\"Safinel\" \/>\n<meta property=\"article:modified_time\" content=\"2023-12-28T17:15:52+00:00\" \/>\n<meta property=\"og:image\" content=\"https:\/\/www.safinel.fr\/wp-content\/uploads\/2023\/04\/gelule-Harpagophytum.jpg\" \/>\n\t<meta property=\"og:image:width\" content=\"600\" \/>\n\t<meta property=\"og:image:height\" content=\"600\" \/>\n\t<meta property=\"og:image:type\" content=\"image\/jpeg\" \/>\n<meta name=\"twitter:card\" content=\"summary_large_image\" \/>\n<meta name=\"twitter:label1\" content=\"Tiempo de lectura\" \/>\n\t<meta name=\"twitter:data1\" content=\"3 minutos\" \/>\n<script type=\"application\/ld+json\" class=\"yoast-schema-graph\">{\"@context\":\"https:\/\/schema.org\",\"@graph\":[{\"@type\":\"WebPage\",\"@id\":\"https:\/\/www.safinel.fr\/produit\/harpagophytum-bio-griffe-du-diable\/\",\"url\":\"https:\/\/www.safinel.fr\/produit\/harpagophytum-bio-griffe-du-diable\/\",\"name\":\"Harpagophytum bio I Griffe du diable I Racines coup\u00e9es & G\u00e9lules\",\"isPartOf\":{\"@id\":\"https:\/\/www.safinel.fr\/#website\"},\"primaryImageOfPage\":{\"@id\":\"https:\/\/www.safinel.fr\/produit\/harpagophytum-bio-griffe-du-diable\/#primaryimage\"},\"image\":{\"@id\":\"https:\/\/www.safinel.fr\/produit\/harpagophytum-bio-griffe-du-diable\/#primaryimage\"},\"thumbnailUrl\":\"https:\/\/www.safinel.fr\/wp-content\/uploads\/2023\/04\/gelule-Harpagophytum.jpg\",\"datePublished\":\"2023-04-09T10:49:38+00:00\",\"dateModified\":\"2023-12-28T17:15:52+00:00\",\"description\":\"La\u00a0griffe du diable (Harpagophytum)\u00a0est une plante aux nombreux bienfaits venant du d\u00e9sert du Kalahari. Adoptez-l\u00e0 sans plus attendre !\",\"breadcrumb\":{\"@id\":\"https:\/\/www.safinel.fr\/produit\/harpagophytum-bio-griffe-du-diable\/#breadcrumb\"},\"inLanguage\":\"es\",\"potentialAction\":[{\"@type\":\"ReadAction\",\"target\":[\"https:\/\/www.safinel.fr\/produit\/harpagophytum-bio-griffe-du-diable\/\"]}]},{\"@type\":\"ImageObject\",\"inLanguage\":\"es\",\"@id\":\"https:\/\/www.safinel.fr\/produit\/harpagophytum-bio-griffe-du-diable\/#primaryimage\",\"url\":\"https:\/\/www.safinel.fr\/wp-content\/uploads\/2023\/04\/gelule-Harpagophytum.jpg\",\"contentUrl\":\"https:\/\/www.safinel.fr\/wp-content\/uploads\/2023\/04\/gelule-Harpagophytum.jpg\",\"width\":600,\"height\":600,\"caption\":\"g\u00e9lule Harpagophytum\"},{\"@type\":\"BreadcrumbList\",\"@id\":\"https:\/\/www.safinel.fr\/produit\/harpagophytum-bio-griffe-du-diable\/#breadcrumb\",\"itemListElement\":[{\"@type\":\"ListItem\",\"position\":1,\"name\":\"Accueil\",\"item\":\"https:\/\/www.safinel.fr\/\"},{\"@type\":\"ListItem\",\"position\":2,\"name\":\"Boutique\",\"item\":\"https:\/\/www.safinel.fr\/boutique\/\"},{\"@type\":\"ListItem\",\"position\":3,\"name\":\"Harpagophytum bio (Griffe du diable)\"}]},{\"@type\":\"WebSite\",\"@id\":\"https:\/\/www.safinel.fr\/#website\",\"url\":\"https:\/\/www.safinel.fr\/\",\"name\":\"Safinel\",\"description\":\"\",\"publisher\":{\"@id\":\"https:\/\/www.safinel.fr\/#organization\"},\"potentialAction\":[{\"@type\":\"SearchAction\",\"target\":{\"@type\":\"EntryPoint\",\"urlTemplate\":\"https:\/\/www.safinel.fr\/?s={search_term_string}\"},\"query-input\":{\"@type\":\"PropertyValueSpecification\",\"valueRequired\":true,\"valueName\":\"search_term_string\"}}],\"inLanguage\":\"es\"},{\"@type\":\"Organization\",\"@id\":\"https:\/\/www.safinel.fr\/#organization\",\"name\":\"Safinel\",\"url\":\"https:\/\/www.safinel.fr\/\",\"logo\":{\"@type\":\"ImageObject\",\"inLanguage\":\"es\",\"@id\":\"https:\/\/www.safinel.fr\/#\/schema\/logo\/image\/\",\"url\":\"https:\/\/www.safinel.fr\/wp-content\/uploads\/2021\/05\/boutique-cosmetique.png\",\"contentUrl\":\"https:\/\/www.safinel.fr\/wp-content\/uploads\/2021\/05\/boutique-cosmetique.png\",\"width\":800,\"height\":200,\"caption\":\"Safinel\"},\"image\":{\"@id\":\"https:\/\/www.safinel.fr\/#\/schema\/logo\/image\/\"}}]}<\/script>\n<!-- \/ Yoast SEO plugin. -->","yoast_head_json":{"title":"Harpagophytum ecol\u00f3gico I Garra del Diablo I Ra\u00edces cortadas y c\u00e1psulas","description":"La garra del diablo (Harpagophytum) es una planta con muchos beneficios del desierto del Kalahari. \u00a1Ad\u00f3ptela ahora!","robots":{"index":"index","follow":"follow","max-snippet":"max-snippet:-1","max-image-preview":"max-image-preview:large","max-video-preview":"max-video-preview:-1"},"canonical":"https:\/\/www.safinel.fr\/es\/product-2\/harpagophytum-garra-del-diablo-ecologico\/","og_locale":"es_ES","og_type":"article","og_title":"Harpagophytum bio I Griffe du diable I Racines coup\u00e9es & G\u00e9lules","og_description":"La\u00a0griffe du diable (Harpagophytum)\u00a0est une plante aux nombreux bienfaits venant du d\u00e9sert du Kalahari. Adoptez-l\u00e0 sans plus attendre !","og_url":"https:\/\/www.safinel.fr\/es\/product-2\/harpagophytum-garra-del-diablo-ecologico\/","og_site_name":"Safinel","article_modified_time":"2023-12-28T17:15:52+00:00","og_image":[{"width":600,"height":600,"url":"https:\/\/www.safinel.fr\/wp-content\/uploads\/2023\/04\/gelule-Harpagophytum.jpg","type":"image\/jpeg"}],"twitter_card":"summary_large_image","twitter_misc":{"Tiempo de lectura":"3 minutos"},"schema":{"@context":"https:\/\/schema.org","@graph":[{"@type":"WebPage","@id":"https:\/\/www.safinel.fr\/produit\/harpagophytum-bio-griffe-du-diable\/","url":"https:\/\/www.safinel.fr\/produit\/harpagophytum-bio-griffe-du-diable\/","name":"Harpagophytum ecol\u00f3gico I Garra del Diablo I Ra\u00edces cortadas y c\u00e1psulas","isPartOf":{"@id":"https:\/\/www.safinel.fr\/#website"},"primaryImageOfPage":{"@id":"https:\/\/www.safinel.fr\/produit\/harpagophytum-bio-griffe-du-diable\/#primaryimage"},"image":{"@id":"https:\/\/www.safinel.fr\/produit\/harpagophytum-bio-griffe-du-diable\/#primaryimage"},"thumbnailUrl":"https:\/\/www.safinel.fr\/wp-content\/uploads\/2023\/04\/gelule-Harpagophytum.jpg","datePublished":"2023-04-09T10:49:38+00:00","dateModified":"2023-12-28T17:15:52+00:00","description":"La garra del diablo (Harpagophytum) es una planta con muchos beneficios del desierto del Kalahari. \u00a1Ad\u00f3ptela ahora!","breadcrumb":{"@id":"https:\/\/www.safinel.fr\/produit\/harpagophytum-bio-griffe-du-diable\/#breadcrumb"},"inLanguage":"es","potentialAction":[{"@type":"ReadAction","target":["https:\/\/www.safinel.fr\/produit\/harpagophytum-bio-griffe-du-diable\/"]}]},{"@type":"ImageObject","inLanguage":"es","@id":"https:\/\/www.safinel.fr\/produit\/harpagophytum-bio-griffe-du-diable\/#primaryimage","url":"https:\/\/www.safinel.fr\/wp-content\/uploads\/2023\/04\/gelule-Harpagophytum.jpg","contentUrl":"https:\/\/www.safinel.fr\/wp-content\/uploads\/2023\/04\/gelule-Harpagophytum.jpg","width":600,"height":600,"caption":"g\u00e9lule Harpagophytum"},{"@type":"BreadcrumbList","@id":"https:\/\/www.safinel.fr\/produit\/harpagophytum-bio-griffe-du-diable\/#breadcrumb","itemListElement":[{"@type":"ListItem","position":1,"name":"Accueil","item":"https:\/\/www.safinel.fr\/"},{"@type":"ListItem","position":2,"name":"Boutique","item":"https:\/\/www.safinel.fr\/boutique\/"},{"@type":"ListItem","position":3,"name":"Harpagophytum bio (Griffe du diable)"}]},{"@type":"WebSite","@id":"https:\/\/www.safinel.fr\/#website","url":"https:\/\/www.safinel.fr\/","name":"Safinel","description":"","publisher":{"@id":"https:\/\/www.safinel.fr\/#organization"},"potentialAction":[{"@type":"SearchAction","target":{"@type":"EntryPoint","urlTemplate":"https:\/\/www.safinel.fr\/?s={search_term_string}"},"query-input":{"@type":"PropertyValueSpecification","valueRequired":true,"valueName":"search_term_string"}}],"inLanguage":"es"},{"@type":"Organization","@id":"https:\/\/www.safinel.fr\/#organization","name":"Safinel","url":"https:\/\/www.safinel.fr\/","logo":{"@type":"ImageObject","inLanguage":"es","@id":"https:\/\/www.safinel.fr\/#\/schema\/logo\/image\/","url":"https:\/\/www.safinel.fr\/wp-content\/uploads\/2021\/05\/boutique-cosmetique.png","contentUrl":"https:\/\/www.safinel.fr\/wp-content\/uploads\/2021\/05\/boutique-cosmetique.png","width":800,"height":200,"caption":"Safinel"},"image":{"@id":"https:\/\/www.safinel.fr\/#\/schema\/logo\/image\/"}}]}},"_links":{"self":[{"href":"https:\/\/www.safinel.fr\/es\/wp-json\/wp\/v2\/product\/5375","targetHints":{"allow":["GET"]}}],"collection":[{"href":"https:\/\/www.safinel.fr\/es\/wp-json\/wp\/v2\/product"}],"about":[{"href":"https:\/\/www.safinel.fr\/es\/wp-json\/wp\/v2\/types\/product"}],"wp:featuredmedia":[{"embeddable":true,"href":"https:\/\/www.safinel.fr\/es\/wp-json\/wp\/v2\/media\/5376"}],"wp:attachment":[{"href":"https:\/\/www.safinel.fr\/es\/wp-json\/wp\/v2\/media?parent=5375"}],"wp:term":[{"taxonomy":"product_brand","embeddable":true,"href":"https:\/\/www.safinel.fr\/es\/wp-json\/wp\/v2\/product_brand?post=5375"},{"taxonomy":"product_cat","embeddable":true,"href":"https:\/\/www.safinel.fr\/es\/wp-json\/wp\/v2\/product_cat?post=5375"},{"taxonomy":"product_tag","embeddable":true,"href":"https:\/\/www.safinel.fr\/es\/wp-json\/wp\/v2\/product_tag?post=5375"}],"curies":[{"name":"wp","href":"https:\/\/api.w.org\/{rel}","templated":true}]}}