{"id":4955,"date":"2023-03-08T15:21:03","date_gmt":"2023-03-08T15:21:03","guid":{"rendered":"https:\/\/www.safinel.fr\/?post_type=product&#038;p=4955"},"modified":"2025-11-24T16:07:58","modified_gmt":"2025-11-24T16:07:58","slug":"hojas-de-kinkeliba","status":"publish","type":"product","link":"https:\/\/www.safinel.fr\/es\/product-2\/hojas-de-kinkeliba\/","title":{"rendered":"Hojas de kinkeliba"},"content":{"rendered":"<p>Poco conocida en Occidente, la kinkeliba es una planta originaria de \u00c1frica Occidental. Utilizada desde hace siglos en la medicina africana, posee asombrosas virtudes, lo que le ha valido el sobrenombre de\u00a0<strong>tisana larga vida<\/strong>.<\/p>\n<p>Reductor de la tensi\u00f3n arterial, diur\u00e9tico, antidiab\u00e9tico, antioxidante, adelgazante... la kinkeliba tiene algo para sorprendernos.\u00a0<strong>Venga a descubrir esta planta de inestimables virtudes.<\/strong><\/p>\n<h2><strong>Kinkeliba: beneficios para la tensi\u00f3n arterial<\/strong><\/h2>\n<p>La hipertensi\u00f3n es un fen\u00f3meno frecuente en Europa. El estr\u00e9s, la alimentaci\u00f3n y la herencia son factores que favorecen su desarrollo. La quinqu\u00e9liba tiene propiedades hipertensoras.<\/p>\n<p>Se han realizado estudios en pacientes con hipertensi\u00f3n. Tras 4 semanas de tratamiento con una c\u00e1psula de polvo de planta kinkeliba, recuperaron su tensi\u00f3n arterial normal.<\/p>\n<h2><strong>Tisana de larga duraci\u00f3n: propiedades diur\u00e9ticas<\/strong><\/h2>\n<p>\u00c9sta es sin duda su virtud m\u00e1s conocida. Se cree que su concentraci\u00f3n en nitrato pot\u00e1sico y flavonoides es la raz\u00f3n de su\u00a0<strong>propiedades diur\u00e9ticas.<\/strong><\/p>\n<p>Al favorecer la producci\u00f3n y la eliminaci\u00f3n de orina, tiende a ayudar a eliminar el sodio del organismo. El exceso de sodio se considera especialmente perjudicial para el organismo.<\/p>\n<p>Los diur\u00e9ticos influyen en afecciones como\u00a0<strong>insuficiencia renal e insuficiencia card\u00edaca.<\/strong>\u00a0As\u00ed que kinkeliba puede ayudarte a combatirlo.<\/p>\n<p>Pero ten cuidado:\u00a0<strong>la toma de quinqu\u00e9liba no dispensa del consejo m\u00e9dico y del tratamiento adecuado.<\/strong><\/p>\n<h2><strong>Los beneficios de la kinkeliba para la diabetes<\/strong><\/h2>\n<p>La diabetes se caracteriza por un exceso de az\u00facar en sangre y una intolerancia a la glucosa. Por este motivo, los diab\u00e9ticos deben controlar constantemente sus niveles de glucosa. Las personas que la padecen se lo dir\u00e1n: la diabetes es m\u00e1s que un impedimento en la vida cotidiana.<\/p>\n<p><strong>La kinkeliba reduce los niveles de glucosa en sangre y puede incluso aumentar la tolerancia de una persona a la glucosa.<\/strong>. Esto la convierte en un gran aliado en la lucha contra la diabetes. Los estudios tienden a demostrar que 7 semanas de toma de quinqu\u00e9liba aumentan la tolerancia a la glucosa.<\/p>\n<h2><strong>Las virtudes antioxidantes del t\u00e9 de hierbas de larga duraci\u00f3n<\/strong><\/h2>\n<p>Los radicales libres envejecen las c\u00e9lulas y tienen efectos nocivos en el organismo. Est\u00e1n causados por el estr\u00e9s, el envejecimiento, la contaminaci\u00f3n y otros factores externos.\u00a0<strong>Los antioxidantes combaten los efectos nocivos de los radicales libres<\/strong>. Act\u00faan como una barrera a prueba de balas para el organismo, ayudando a evitar graves problemas de salud.<\/p>\n<p>La kinkeliba contiene compuestos activos, en particular flavonoides. \u00c9stos act\u00faan como antioxidantes para el organismo. Por tanto, la planta puede utilizarse en el tratamiento de diversas patolog\u00edas relacionadas con los radicales libres.<\/p>\n<h3><strong>\u00bfEs la kinkeliba una planta adelgazante?<\/strong><\/h3>\n<p>Tradicionalmente, el t\u00e9 de hierbas de larga duraci\u00f3n se considera un excelente\u00a0<a href=\"https:\/\/www.safinel.fr\/es\/product-2\/tallos-de-cerezo\/\"><strong>aliado para adelgazar<\/strong><\/a>.<\/p>\n<p>Los estudios demuestran lo contrario. Un estudio sobre los efectos de la kinkeliba en la grasa corporal no mostr\u00f3 ning\u00fan efecto significativo.<\/p>\n<p>Sin embargo, sus propiedades diur\u00e9ticas facilitan la descongesti\u00f3n del organismo y\u00a0<strong>combate la retenci\u00f3n de l\u00edquidos.<\/strong>\u00a0Con el cuerpo depurado y m\u00e1s ligero de agua, \u00a1es m\u00e1s f\u00e1cil deshacerse de esos kilos de m\u00e1s!<\/p>\n<p><strong>\u00a1Adoptar la kinkeliba a diario significa aprovechar una planta con muchas virtudes ancestrales! \u00bfQui\u00e9n sigue?<\/strong><\/p>","protected":false},"excerpt":{"rendered":"<p><img decoding=\"async\" class=\"size-full wp-image-5091 aligncenter\" src=\"https:\/\/www.safinel.fr\/wp-content\/uploads\/2021\/06\/BANNIERE-ICONE-SAFINEL.webp\" alt=\"reaseguro de sat\u00e9n\" width=\"800\" height=\"200\" srcset=\"https:\/\/www.safinel.fr\/wp-content\/uploads\/2021\/06\/BANNIERE-ICONE-SAFINEL.webp 800w, https:\/\/www.safinel.fr\/wp-content\/uploads\/2021\/06\/BANNIERE-ICONE-SAFINEL-600x150.webp 600w, https:\/\/www.safinel.fr\/wp-content\/uploads\/2021\/06\/BANNIERE-ICONE-SAFINEL-768x192.webp 768w\" sizes=\"(max-width: 800px) 100vw, 800px\" \/><\/p>","protected":false},"featured_media":4958,"template":"","meta":[],"product_brand":[],"product_cat":[15],"product_tag":[],"class_list":{"0":"post-4955","1":"product","2":"type-product","3":"status-publish","4":"has-post-thumbnail","6":"product_cat-fertilite","8":"first","9":"outofstock","10":"shipping-taxable","11":"purchasable","12":"product-type-variable"},"yoast_head":"<!-- This site is optimized with the Yoast SEO plugin v26.6 - https:\/\/yoast.com\/wordpress\/plugins\/seo\/ -->\n<title>Kinkeliba | Bienfaits nombreux | Id\u00e9al pour la perte de poids<\/title>\n<meta name=\"description\" content=\"M\u00e9connu en occident, le kinkeliba est une plante originaire d\u2019Afrique de l\u2019Ouest. Utilis\u00e9e depuis des si\u00e8cles dans la m\u00e9decine africaine.\" \/>\n<meta name=\"robots\" content=\"index, follow, max-snippet:-1, max-image-preview:large, max-video-preview:-1\" \/>\n<link rel=\"canonical\" href=\"https:\/\/www.safinel.fr\/es\/product-2\/hojas-de-kinkeliba\/\" \/>\n<meta property=\"og:locale\" content=\"es_ES\" \/>\n<meta property=\"og:type\" content=\"article\" \/>\n<meta property=\"og:title\" content=\"Kinkeliba | Bienfaits nombreux | Id\u00e9al pour la perte de poids\" \/>\n<meta property=\"og:description\" content=\"M\u00e9connu en occident, le kinkeliba est une plante originaire d\u2019Afrique de l\u2019Ouest. Utilis\u00e9e depuis des si\u00e8cles dans la m\u00e9decine africaine.\" \/>\n<meta property=\"og:url\" content=\"https:\/\/www.safinel.fr\/es\/product-2\/hojas-de-kinkeliba\/\" \/>\n<meta property=\"og:site_name\" content=\"Safinel\" \/>\n<meta property=\"article:modified_time\" content=\"2025-11-24T16:07:58+00:00\" \/>\n<meta property=\"og:image\" content=\"https:\/\/www.safinel.fr\/wp-content\/uploads\/2023\/03\/kinkeliba.jpg\" \/>\n\t<meta property=\"og:image:width\" content=\"600\" \/>\n\t<meta property=\"og:image:height\" content=\"600\" \/>\n\t<meta property=\"og:image:type\" content=\"image\/jpeg\" \/>\n<meta name=\"twitter:card\" content=\"summary_large_image\" \/>\n<meta name=\"twitter:label1\" content=\"Tiempo de lectura\" \/>\n\t<meta name=\"twitter:data1\" content=\"3 minutos\" \/>\n<script type=\"application\/ld+json\" class=\"yoast-schema-graph\">{\"@context\":\"https:\/\/schema.org\",\"@graph\":[{\"@type\":\"WebPage\",\"@id\":\"https:\/\/www.safinel.fr\/produit\/feuilles-de-kinkeliba\/\",\"url\":\"https:\/\/www.safinel.fr\/produit\/feuilles-de-kinkeliba\/\",\"name\":\"Kinkeliba | Bienfaits nombreux | Id\u00e9al pour la perte de poids\",\"isPartOf\":{\"@id\":\"https:\/\/www.safinel.fr\/#website\"},\"primaryImageOfPage\":{\"@id\":\"https:\/\/www.safinel.fr\/produit\/feuilles-de-kinkeliba\/#primaryimage\"},\"image\":{\"@id\":\"https:\/\/www.safinel.fr\/produit\/feuilles-de-kinkeliba\/#primaryimage\"},\"thumbnailUrl\":\"https:\/\/www.safinel.fr\/wp-content\/uploads\/2023\/03\/kinkeliba.jpg\",\"datePublished\":\"2023-03-08T15:21:03+00:00\",\"dateModified\":\"2025-11-24T16:07:58+00:00\",\"description\":\"M\u00e9connu en occident, le kinkeliba est une plante originaire d\u2019Afrique de l\u2019Ouest. Utilis\u00e9e depuis des si\u00e8cles dans la m\u00e9decine africaine.\",\"breadcrumb\":{\"@id\":\"https:\/\/www.safinel.fr\/produit\/feuilles-de-kinkeliba\/#breadcrumb\"},\"inLanguage\":\"es\",\"potentialAction\":[{\"@type\":\"ReadAction\",\"target\":[\"https:\/\/www.safinel.fr\/produit\/feuilles-de-kinkeliba\/\"]}]},{\"@type\":\"ImageObject\",\"inLanguage\":\"es\",\"@id\":\"https:\/\/www.safinel.fr\/produit\/feuilles-de-kinkeliba\/#primaryimage\",\"url\":\"https:\/\/www.safinel.fr\/wp-content\/uploads\/2023\/03\/kinkeliba.jpg\",\"contentUrl\":\"https:\/\/www.safinel.fr\/wp-content\/uploads\/2023\/03\/kinkeliba.jpg\",\"width\":600,\"height\":600,\"caption\":\"Kinkeliba\"},{\"@type\":\"BreadcrumbList\",\"@id\":\"https:\/\/www.safinel.fr\/produit\/feuilles-de-kinkeliba\/#breadcrumb\",\"itemListElement\":[{\"@type\":\"ListItem\",\"position\":1,\"name\":\"Accueil\",\"item\":\"https:\/\/www.safinel.fr\/\"},{\"@type\":\"ListItem\",\"position\":2,\"name\":\"Boutique\",\"item\":\"https:\/\/www.safinel.fr\/boutique\/\"},{\"@type\":\"ListItem\",\"position\":3,\"name\":\"Feuilles de Kinkeliba\"}]},{\"@type\":\"WebSite\",\"@id\":\"https:\/\/www.safinel.fr\/#website\",\"url\":\"https:\/\/www.safinel.fr\/\",\"name\":\"Safinel\",\"description\":\"\",\"publisher\":{\"@id\":\"https:\/\/www.safinel.fr\/#organization\"},\"potentialAction\":[{\"@type\":\"SearchAction\",\"target\":{\"@type\":\"EntryPoint\",\"urlTemplate\":\"https:\/\/www.safinel.fr\/?s={search_term_string}\"},\"query-input\":{\"@type\":\"PropertyValueSpecification\",\"valueRequired\":true,\"valueName\":\"search_term_string\"}}],\"inLanguage\":\"es\"},{\"@type\":\"Organization\",\"@id\":\"https:\/\/www.safinel.fr\/#organization\",\"name\":\"Safinel\",\"url\":\"https:\/\/www.safinel.fr\/\",\"logo\":{\"@type\":\"ImageObject\",\"inLanguage\":\"es\",\"@id\":\"https:\/\/www.safinel.fr\/#\/schema\/logo\/image\/\",\"url\":\"https:\/\/www.safinel.fr\/wp-content\/uploads\/2021\/05\/boutique-cosmetique.png\",\"contentUrl\":\"https:\/\/www.safinel.fr\/wp-content\/uploads\/2021\/05\/boutique-cosmetique.png\",\"width\":800,\"height\":200,\"caption\":\"Safinel\"},\"image\":{\"@id\":\"https:\/\/www.safinel.fr\/#\/schema\/logo\/image\/\"}}]}<\/script>\n<!-- \/ Yoast SEO plugin. -->","yoast_head_json":{"title":"Kinkeliba | Numerosos beneficios | Ideal para adelgazar","description":"Poco conocida en Occidente, la kinkeliba es una planta originaria de \u00c1frica Occidental. Se utiliza desde hace siglos en la medicina africana.","robots":{"index":"index","follow":"follow","max-snippet":"max-snippet:-1","max-image-preview":"max-image-preview:large","max-video-preview":"max-video-preview:-1"},"canonical":"https:\/\/www.safinel.fr\/es\/product-2\/hojas-de-kinkeliba\/","og_locale":"es_ES","og_type":"article","og_title":"Kinkeliba | Bienfaits nombreux | Id\u00e9al pour la perte de poids","og_description":"M\u00e9connu en occident, le kinkeliba est une plante originaire d\u2019Afrique de l\u2019Ouest. Utilis\u00e9e depuis des si\u00e8cles dans la m\u00e9decine africaine.","og_url":"https:\/\/www.safinel.fr\/es\/product-2\/hojas-de-kinkeliba\/","og_site_name":"Safinel","article_modified_time":"2025-11-24T16:07:58+00:00","og_image":[{"width":600,"height":600,"url":"https:\/\/www.safinel.fr\/wp-content\/uploads\/2023\/03\/kinkeliba.jpg","type":"image\/jpeg"}],"twitter_card":"summary_large_image","twitter_misc":{"Tiempo de lectura":"3 minutos"},"schema":{"@context":"https:\/\/schema.org","@graph":[{"@type":"WebPage","@id":"https:\/\/www.safinel.fr\/produit\/feuilles-de-kinkeliba\/","url":"https:\/\/www.safinel.fr\/produit\/feuilles-de-kinkeliba\/","name":"Kinkeliba | Numerosos beneficios | Ideal para adelgazar","isPartOf":{"@id":"https:\/\/www.safinel.fr\/#website"},"primaryImageOfPage":{"@id":"https:\/\/www.safinel.fr\/produit\/feuilles-de-kinkeliba\/#primaryimage"},"image":{"@id":"https:\/\/www.safinel.fr\/produit\/feuilles-de-kinkeliba\/#primaryimage"},"thumbnailUrl":"https:\/\/www.safinel.fr\/wp-content\/uploads\/2023\/03\/kinkeliba.jpg","datePublished":"2023-03-08T15:21:03+00:00","dateModified":"2025-11-24T16:07:58+00:00","description":"Poco conocida en Occidente, la kinkeliba es una planta originaria de \u00c1frica Occidental. Se utiliza desde hace siglos en la medicina africana.","breadcrumb":{"@id":"https:\/\/www.safinel.fr\/produit\/feuilles-de-kinkeliba\/#breadcrumb"},"inLanguage":"es","potentialAction":[{"@type":"ReadAction","target":["https:\/\/www.safinel.fr\/produit\/feuilles-de-kinkeliba\/"]}]},{"@type":"ImageObject","inLanguage":"es","@id":"https:\/\/www.safinel.fr\/produit\/feuilles-de-kinkeliba\/#primaryimage","url":"https:\/\/www.safinel.fr\/wp-content\/uploads\/2023\/03\/kinkeliba.jpg","contentUrl":"https:\/\/www.safinel.fr\/wp-content\/uploads\/2023\/03\/kinkeliba.jpg","width":600,"height":600,"caption":"Kinkeliba"},{"@type":"BreadcrumbList","@id":"https:\/\/www.safinel.fr\/produit\/feuilles-de-kinkeliba\/#breadcrumb","itemListElement":[{"@type":"ListItem","position":1,"name":"Accueil","item":"https:\/\/www.safinel.fr\/"},{"@type":"ListItem","position":2,"name":"Boutique","item":"https:\/\/www.safinel.fr\/boutique\/"},{"@type":"ListItem","position":3,"name":"Feuilles de Kinkeliba"}]},{"@type":"WebSite","@id":"https:\/\/www.safinel.fr\/#website","url":"https:\/\/www.safinel.fr\/","name":"Safinel","description":"","publisher":{"@id":"https:\/\/www.safinel.fr\/#organization"},"potentialAction":[{"@type":"SearchAction","target":{"@type":"EntryPoint","urlTemplate":"https:\/\/www.safinel.fr\/?s={search_term_string}"},"query-input":{"@type":"PropertyValueSpecification","valueRequired":true,"valueName":"search_term_string"}}],"inLanguage":"es"},{"@type":"Organization","@id":"https:\/\/www.safinel.fr\/#organization","name":"Safinel","url":"https:\/\/www.safinel.fr\/","logo":{"@type":"ImageObject","inLanguage":"es","@id":"https:\/\/www.safinel.fr\/#\/schema\/logo\/image\/","url":"https:\/\/www.safinel.fr\/wp-content\/uploads\/2021\/05\/boutique-cosmetique.png","contentUrl":"https:\/\/www.safinel.fr\/wp-content\/uploads\/2021\/05\/boutique-cosmetique.png","width":800,"height":200,"caption":"Safinel"},"image":{"@id":"https:\/\/www.safinel.fr\/#\/schema\/logo\/image\/"}}]}},"_links":{"self":[{"href":"https:\/\/www.safinel.fr\/es\/wp-json\/wp\/v2\/product\/4955","targetHints":{"allow":["GET"]}}],"collection":[{"href":"https:\/\/www.safinel.fr\/es\/wp-json\/wp\/v2\/product"}],"about":[{"href":"https:\/\/www.safinel.fr\/es\/wp-json\/wp\/v2\/types\/product"}],"wp:featuredmedia":[{"embeddable":true,"href":"https:\/\/www.safinel.fr\/es\/wp-json\/wp\/v2\/media\/4958"}],"wp:attachment":[{"href":"https:\/\/www.safinel.fr\/es\/wp-json\/wp\/v2\/media?parent=4955"}],"wp:term":[{"taxonomy":"product_brand","embeddable":true,"href":"https:\/\/www.safinel.fr\/es\/wp-json\/wp\/v2\/product_brand?post=4955"},{"taxonomy":"product_cat","embeddable":true,"href":"https:\/\/www.safinel.fr\/es\/wp-json\/wp\/v2\/product_cat?post=4955"},{"taxonomy":"product_tag","embeddable":true,"href":"https:\/\/www.safinel.fr\/es\/wp-json\/wp\/v2\/product_tag?post=4955"}],"curies":[{"name":"wp","href":"https:\/\/api.w.org\/{rel}","templated":true}]}}