{"id":4688,"date":"2023-01-18T11:46:28","date_gmt":"2023-01-18T11:46:28","guid":{"rendered":"https:\/\/www.safinel.fr\/?post_type=product&#038;p=4688"},"modified":"2023-12-28T17:15:48","modified_gmt":"2023-12-28T17:15:48","slug":"astaxantina","status":"publish","type":"product","link":"https:\/\/www.safinel.fr\/es\/product-2\/astaxantina\/","title":{"rendered":"Astaxantina en polvo 100 g"},"content":{"rendered":"<p>L\u2019<strong>astaxantina<\/strong>\u00a0es un pigmento natural de color rojo anaranjado que pertenece a la familia de los carotenoides y desempe\u00f1a un papel importante en la protecci\u00f3n de las c\u00e9lulas contra los da\u00f1os causados por los radicales libres. Tambi\u00e9n es conocido por sus propiedades antiinflamatorias y antioxidantes, y se utiliza en el tratamiento de ciertas enfermedades autoinmunes. Se suele utilizar como suplemento nutricional en forma de c\u00e1psulas o comprimidos.<\/p>\n<h2><strong>Todo lo que debe saber sobre la astaxantina<\/strong><\/h2>\n<p>L\u2019<strong>astaxantina<\/strong>\u00a0es una mol\u00e9cula producida naturalmente por ciertos organismos vivos para protegerlos contra el estr\u00e9s oxidativo. Se encuentra principalmente en las algas, pero tambi\u00e9n est\u00e1 presente en el salm\u00f3n, las gambas, los cangrejos y las langostas. Es un carotenoide, es decir, una mol\u00e9cula similar a la vitamina A.<\/p>\n<h2><strong>Astaxantina: un potente antioxidante para su salud<\/strong><\/h2>\n<p>L\u2019<strong>astaxantina<\/strong>\u00a0es un potente antioxidante natural con numerosos beneficios para la salud. Esta mol\u00e9cula est\u00e1 presente en ciertos alimentos como el salm\u00f3n, las gambas y el marisco, y tambi\u00e9n est\u00e1 disponible en forma de suplemento. Los estudios han demostrado que esta mol\u00e9cula puede mejorar la salud de los ojos, el coraz\u00f3n y el cerebro, y puede ayudar a proteger las c\u00e9lulas contra el estr\u00e9s oxidativo. Descubramos c\u00f3mo este potente antioxidante puede ayudarle a mantener una buena salud.<\/p>\n<h3><strong>Beneficios de la astaxantina para la salud\u00a0<\/strong><\/h3>\n<p>L\u2019<strong>astaxantina<\/strong>\u00a0puede ofrecer diversos beneficios para la salud, incluida una mejor salud ocular. Los estudios han demostrado que puede reducir el riesgo de degeneraci\u00f3n macular asociada a la edad, una enfermedad que puede conducir a la p\u00e9rdida de visi\u00f3n. Algunos estudios tambi\u00e9n demuestran que ayuda a proteger el coraz\u00f3n y a reducir el colesterol malo y la inflamaci\u00f3n.<\/p>\n<h2><strong>\u00bfC\u00f3mo puedo obtener niveles \u00f3ptimos de astaxantina?\u00a0<\/strong><\/h2>\n<p>Hay muchas formas de alcanzar niveles \u00f3ptimos de\u2019<strong>astaxantina.<\/strong>\u00a0Lo mejor es comer alimentos que contengan muchas de ellas. Por ejemplo, salm\u00f3n, gambas, cangrejos y langostas. Si su <a href=\"https:\/\/www.safinel.fr\/es\/product-category-2\/fruta-tropical\/\"><strong>suministro el\u00e9ctrico<\/strong><\/a> es pobre, es aconsejable tomar suplementos. Puede tomar\u2019<strong>astaxantina<\/strong>\u00a0seleccionado por\u00a0<strong>SAFINEL<\/strong>.<\/p>\n<h3><strong>Contraindicaciones de la astaxantina\u00a0<\/strong><\/h3>\n<p>En primer lugar, el\u2019<strong>astaxantina<\/strong>\u00a0es conocido por ser un potente antioxidante y, por tanto, puede interferir con otros medicamentos antioxidantes. Por lo tanto, es importante hablar con su m\u00e9dico antes de tomar suplementos que contengan esta mol\u00e9cula.<\/p>\n<p>Los estudios han demostrado que la toma de suplementos puede provocar un aumento significativo de las enzimas hep\u00e1ticas en determinadas personas. Por tanto, no se recomienda a personas que padezcan enfermedades hep\u00e1ticas o tomen medicamentos que afecten al h\u00edgado.<\/p>\n<p>L\u2019<strong>astaxantina<\/strong>\u00a0tambi\u00e9n puede interferir con la acci\u00f3n de ciertos medicamentos, en particular los utilizados para tratar la depresi\u00f3n y la ansiedad. En consecuencia, quienes toman estos tratamientos tambi\u00e9n deben evitar combinar ambos.<\/p>\n<p>Adem\u00e1s, puede aumentar el riesgo de hemorragias y sangrados en determinadas personas. Los estudios han demostrado que quienes toman anticoagulantes o corren riesgo de hemorragia deben evitar tomar estos suplementos.<\/p>\n<p>Por \u00faltimo, otros estudios han demostrado que puede bajar la tensi\u00f3n arterial. De hecho, cualquier persona que tome medicaci\u00f3n para bajar la tensi\u00f3n arterial no deber\u00eda utilizar este remedio natural.<\/p>\n<h3><strong>Enfermedades que la astaxantina puede ayudar a tratar :\u00a0<\/strong><\/h3>\n<ul>\n<li>Enfermedades cardiovasculares\u2019<strong>astaxantina\u00a0<\/strong>puede ayudar a reducir el estr\u00e9s oxidativo en las c\u00e9lulas y a controlar los niveles de colesterol, lo que puede reducir el riesgo de cardiopat\u00edas y accidentes cerebrovasculares.<\/li>\n<\/ul>\n<ul>\n<li><strong>Diabetes :<\/strong>\u00a0eficaz para regular los niveles de glucosa en sangre y mantener unos niveles saludables, y tambi\u00e9n puede ayudar a reducir el riesgo de complicaciones relacionadas con la diabetes, como da\u00f1os renales, neuropat\u00eda y retinopat\u00eda.<\/li>\n<\/ul>\n<ul>\n<li><strong>AMD :\u00a0<\/strong>ayuda a prevenir y tratar la DMAE (degeneraci\u00f3n macular asociada a la edad) y a mantener la salud ocular en general.<\/li>\n<\/ul>\n<ul>\n<li>Artritis: puede ayudar a reducir los s\u00edntomas de la artritis y aliviar el dolor articular y muscular.<\/li>\n<\/ul>\n<ul>\n<li><strong>Psoriasis y eczema:\u00a0<\/strong>ayuda a reducir la inflamaci\u00f3n y el picor asociados a estas afecciones cut\u00e1neas.<\/li>\n<\/ul>\n<ul>\n<li><strong>Refuerzo del sistema inmunitario :<\/strong>\u00a0ayuda a reforzar el sistema inmunitario y a combatir las infecciones bacterianas y v\u00edricas.<\/li>\n<\/ul>\n<ul>\n<li><strong>C\u00e1ncer:\u00a0<\/strong>puede prevenir el c\u00e1ncer y tambi\u00e9n ayudar a reducir los efectos secundarios de los tratamientos oncol\u00f3gicos.<\/li>\n<\/ul>\n<ul>\n<li><strong>Prevenir el envejecimiento:\u00a0<\/strong>Este potente antioxidante protege las c\u00e9lulas contra el estr\u00e9s oxidativo y el envejecimiento prematuro. Tambi\u00e9n puede reducir el da\u00f1o causado por los rayos UV, lo que puede ayudarle a mantener una piel joven y sana.<\/li>\n<\/ul>\n<ul>\n<li><strong>Mejorar la salud cognitiva:\u00a0<\/strong>ayuda a mejorar la salud cognitiva y a reducir el riesgo de enfermedades neurol\u00f3gicas. Los estudios han demostrado que puede mejorar la memoria y la concentraci\u00f3n. Tambi\u00e9n puede proteger el cerebro contra el estr\u00e9s oxidativo y la degeneraci\u00f3n relacionada con la edad.<\/li>\n<\/ul>\n<h3><strong>\u00bfEs eficaz para la fertilidad?<\/strong><\/h3>\n<p>L\u2019<strong>astaxantina<\/strong>\u00a0es un antioxidante que tiene efectos beneficiosos sobre la fertilidad. Los estudios han demostrado que puede ayudar a mejorar la calidad del esperma y aumentar su recuento. Las investigaciones tambi\u00e9n han demostrado que esta mol\u00e9cula puede ayudar a reducir la inflamaci\u00f3n y mejorar la funci\u00f3n inmunitaria. De hecho, puede contribuir a la fertilidad. Los ensayos tambi\u00e9n han demostrado que puede ayudar a reducir el estr\u00e9s oxidativo y mejorar la funci\u00f3n de los \u00f3vulos.<\/p>\n<h3><strong>Conclusi\u00f3n\u00a0<\/strong><\/h3>\n<p>L\u2019<strong>astaxantina<\/strong>\u00a0es un potente antioxidante que puede ofrecer diversos beneficios para la salud. Puede <a href=\"https:\/\/www.mon-khol.com\" target=\"_blank\" rel=\"noopener\"><strong>mejorar la salud ocular<\/strong><\/a> y el coraz\u00f3n, y tambi\u00e9n puede prevenir el envejecimiento prematuro y mejorar la salud cognitiva. Para alcanzar niveles \u00f3ptimos, puede consumir alimentos ricos en el principio activo o tomar suplementos.<\/p>\n<p>En resumen, aunque esta sustancia es conocida por sus beneficios para la salud, tambi\u00e9n existen contraindicaciones. Por lo tanto, estos complementos alimenticios no se recomiendan a las personas que toman :<\/p>\n<ul>\n<li>antioxidantes<\/li>\n<li>anticoagulantes<\/li>\n<li>medicaci\u00f3n para tratar la depresi\u00f3n y la ansiedad<\/li>\n<li>medicaci\u00f3n para bajar la tensi\u00f3n arterial<\/li>\n<\/ul>\n<p>Siempre es aconsejable consultar a un m\u00e9dico antes de tomar remedios naturales. Sobre todo si padece alguna enfermedad o toma medicamentos con receta. Los remedios naturales pueden interactuar con los medicamentos o agravar una afecci\u00f3n m\u00e9dica.<\/p>","protected":false},"excerpt":{"rendered":"<p>La astaxantina es un pigmento natural de color rojo anaranjado que pertenece a la familia de los carotenoides y que desempe\u00f1a un papel importante en la protecci\u00f3n de las c\u00e9lulas contra el da\u00f1o causado por los radicales libres. Tambi\u00e9n es conocida por sus propiedades antiinflamatorias y antioxidantes, y se utiliza en el tratamiento de ciertas enfermedades autoinmunes. Se utiliza habitualmente [\u2026]","protected":false},"featured_media":4689,"template":"","meta":[],"product_brand":[],"product_cat":[28],"product_tag":[],"class_list":{"0":"post-4688","1":"product","2":"type-product","3":"status-publish","4":"has-post-thumbnail","6":"product_cat-divers","8":"first","9":"outofstock","10":"shipping-taxable","11":"purchasable","12":"product-type-simple"},"yoast_head":"<!-- This site is optimized with the Yoast SEO plugin v26.6 - https:\/\/yoast.com\/wordpress\/plugins\/seo\/ -->\n<title>Astaxanthine I Poudre naturelle I Bienfaits nombreux<\/title>\n<meta name=\"description\" content=\"L\u2019astaxanthine\u00a0est un puissant antioxydant qui peut offrir une vari\u00e9t\u00e9 de bienfaits pour la sant\u00e9. Elle peut am\u00e9liorer la sant\u00e9 des yeux et du c\u0153ur.\" \/>\n<meta name=\"robots\" content=\"index, follow, max-snippet:-1, max-image-preview:large, max-video-preview:-1\" \/>\n<link rel=\"canonical\" href=\"https:\/\/www.safinel.fr\/es\/product-2\/astaxantina\/\" \/>\n<meta property=\"og:locale\" content=\"es_ES\" \/>\n<meta property=\"og:type\" content=\"article\" \/>\n<meta property=\"og:title\" content=\"Astaxanthine I Poudre naturelle I Bienfaits nombreux\" \/>\n<meta property=\"og:description\" content=\"L\u2019astaxanthine\u00a0est un puissant antioxydant qui peut offrir une vari\u00e9t\u00e9 de bienfaits pour la sant\u00e9. Elle peut am\u00e9liorer la sant\u00e9 des yeux et du c\u0153ur.\" \/>\n<meta property=\"og:url\" content=\"https:\/\/www.safinel.fr\/es\/product-2\/astaxantina\/\" \/>\n<meta property=\"og:site_name\" content=\"Safinel\" \/>\n<meta property=\"article:modified_time\" content=\"2023-12-28T17:15:48+00:00\" \/>\n<meta property=\"og:image\" content=\"https:\/\/www.safinel.fr\/wp-content\/uploads\/2023\/02\/Poudre-dastaxanthine-100g.jpg\" \/>\n\t<meta property=\"og:image:width\" content=\"600\" \/>\n\t<meta property=\"og:image:height\" content=\"600\" \/>\n\t<meta property=\"og:image:type\" content=\"image\/jpeg\" \/>\n<meta name=\"twitter:card\" content=\"summary_large_image\" \/>\n<meta name=\"twitter:label1\" content=\"Tiempo de lectura\" \/>\n\t<meta name=\"twitter:data1\" content=\"6 minutos\" \/>\n<script type=\"application\/ld+json\" class=\"yoast-schema-graph\">{\"@context\":\"https:\/\/schema.org\",\"@graph\":[{\"@type\":\"WebPage\",\"@id\":\"https:\/\/www.safinel.fr\/produit\/astaxanthine\/\",\"url\":\"https:\/\/www.safinel.fr\/produit\/astaxanthine\/\",\"name\":\"Astaxanthine I Poudre naturelle I Bienfaits nombreux\",\"isPartOf\":{\"@id\":\"https:\/\/www.safinel.fr\/#website\"},\"primaryImageOfPage\":{\"@id\":\"https:\/\/www.safinel.fr\/produit\/astaxanthine\/#primaryimage\"},\"image\":{\"@id\":\"https:\/\/www.safinel.fr\/produit\/astaxanthine\/#primaryimage\"},\"thumbnailUrl\":\"https:\/\/www.safinel.fr\/wp-content\/uploads\/2023\/02\/Poudre-dastaxanthine-100g.jpg\",\"datePublished\":\"2023-01-18T11:46:28+00:00\",\"dateModified\":\"2023-12-28T17:15:48+00:00\",\"description\":\"L\u2019astaxanthine\u00a0est un puissant antioxydant qui peut offrir une vari\u00e9t\u00e9 de bienfaits pour la sant\u00e9. Elle peut am\u00e9liorer la sant\u00e9 des yeux et du c\u0153ur.\",\"breadcrumb\":{\"@id\":\"https:\/\/www.safinel.fr\/produit\/astaxanthine\/#breadcrumb\"},\"inLanguage\":\"es\",\"potentialAction\":[{\"@type\":\"ReadAction\",\"target\":[\"https:\/\/www.safinel.fr\/produit\/astaxanthine\/\"]}]},{\"@type\":\"ImageObject\",\"inLanguage\":\"es\",\"@id\":\"https:\/\/www.safinel.fr\/produit\/astaxanthine\/#primaryimage\",\"url\":\"https:\/\/www.safinel.fr\/wp-content\/uploads\/2023\/02\/Poudre-dastaxanthine-100g.jpg\",\"contentUrl\":\"https:\/\/www.safinel.fr\/wp-content\/uploads\/2023\/02\/Poudre-dastaxanthine-100g.jpg\",\"width\":600,\"height\":600,\"caption\":\"Poudre d'astaxanthine 100g\"},{\"@type\":\"BreadcrumbList\",\"@id\":\"https:\/\/www.safinel.fr\/produit\/astaxanthine\/#breadcrumb\",\"itemListElement\":[{\"@type\":\"ListItem\",\"position\":1,\"name\":\"Accueil\",\"item\":\"https:\/\/www.safinel.fr\/\"},{\"@type\":\"ListItem\",\"position\":2,\"name\":\"Boutique\",\"item\":\"https:\/\/www.safinel.fr\/boutique\/\"},{\"@type\":\"ListItem\",\"position\":3,\"name\":\"Poudre d&rsquo;astaxanthine 100g\"}]},{\"@type\":\"WebSite\",\"@id\":\"https:\/\/www.safinel.fr\/#website\",\"url\":\"https:\/\/www.safinel.fr\/\",\"name\":\"Safinel\",\"description\":\"\",\"publisher\":{\"@id\":\"https:\/\/www.safinel.fr\/#organization\"},\"potentialAction\":[{\"@type\":\"SearchAction\",\"target\":{\"@type\":\"EntryPoint\",\"urlTemplate\":\"https:\/\/www.safinel.fr\/?s={search_term_string}\"},\"query-input\":{\"@type\":\"PropertyValueSpecification\",\"valueRequired\":true,\"valueName\":\"search_term_string\"}}],\"inLanguage\":\"es\"},{\"@type\":\"Organization\",\"@id\":\"https:\/\/www.safinel.fr\/#organization\",\"name\":\"Safinel\",\"url\":\"https:\/\/www.safinel.fr\/\",\"logo\":{\"@type\":\"ImageObject\",\"inLanguage\":\"es\",\"@id\":\"https:\/\/www.safinel.fr\/#\/schema\/logo\/image\/\",\"url\":\"https:\/\/www.safinel.fr\/wp-content\/uploads\/2021\/05\/boutique-cosmetique.png\",\"contentUrl\":\"https:\/\/www.safinel.fr\/wp-content\/uploads\/2021\/05\/boutique-cosmetique.png\",\"width\":800,\"height\":200,\"caption\":\"Safinel\"},\"image\":{\"@id\":\"https:\/\/www.safinel.fr\/#\/schema\/logo\/image\/\"}}]}<\/script>\n<!-- \/ Yoast SEO plugin. -->","yoast_head_json":{"title":"Astaxantina I Polvo natural I Numerosos beneficios","description":"La astaxantina es un potente antioxidante que puede ofrecer diversos beneficios para la salud. Puede mejorar la salud ocular y card\u00edaca.","robots":{"index":"index","follow":"follow","max-snippet":"max-snippet:-1","max-image-preview":"max-image-preview:large","max-video-preview":"max-video-preview:-1"},"canonical":"https:\/\/www.safinel.fr\/es\/product-2\/astaxantina\/","og_locale":"es_ES","og_type":"article","og_title":"Astaxanthine I Poudre naturelle I Bienfaits nombreux","og_description":"L\u2019astaxanthine\u00a0est un puissant antioxydant qui peut offrir une vari\u00e9t\u00e9 de bienfaits pour la sant\u00e9. Elle peut am\u00e9liorer la sant\u00e9 des yeux et du c\u0153ur.","og_url":"https:\/\/www.safinel.fr\/es\/product-2\/astaxantina\/","og_site_name":"Safinel","article_modified_time":"2023-12-28T17:15:48+00:00","og_image":[{"width":600,"height":600,"url":"https:\/\/www.safinel.fr\/wp-content\/uploads\/2023\/02\/Poudre-dastaxanthine-100g.jpg","type":"image\/jpeg"}],"twitter_card":"summary_large_image","twitter_misc":{"Tiempo de lectura":"6 minutos"},"schema":{"@context":"https:\/\/schema.org","@graph":[{"@type":"WebPage","@id":"https:\/\/www.safinel.fr\/produit\/astaxanthine\/","url":"https:\/\/www.safinel.fr\/produit\/astaxanthine\/","name":"Astaxantina I Polvo natural I Numerosos beneficios","isPartOf":{"@id":"https:\/\/www.safinel.fr\/#website"},"primaryImageOfPage":{"@id":"https:\/\/www.safinel.fr\/produit\/astaxanthine\/#primaryimage"},"image":{"@id":"https:\/\/www.safinel.fr\/produit\/astaxanthine\/#primaryimage"},"thumbnailUrl":"https:\/\/www.safinel.fr\/wp-content\/uploads\/2023\/02\/Poudre-dastaxanthine-100g.jpg","datePublished":"2023-01-18T11:46:28+00:00","dateModified":"2023-12-28T17:15:48+00:00","description":"La astaxantina es un potente antioxidante que puede ofrecer diversos beneficios para la salud. Puede mejorar la salud ocular y card\u00edaca.","breadcrumb":{"@id":"https:\/\/www.safinel.fr\/produit\/astaxanthine\/#breadcrumb"},"inLanguage":"es","potentialAction":[{"@type":"ReadAction","target":["https:\/\/www.safinel.fr\/produit\/astaxanthine\/"]}]},{"@type":"ImageObject","inLanguage":"es","@id":"https:\/\/www.safinel.fr\/produit\/astaxanthine\/#primaryimage","url":"https:\/\/www.safinel.fr\/wp-content\/uploads\/2023\/02\/Poudre-dastaxanthine-100g.jpg","contentUrl":"https:\/\/www.safinel.fr\/wp-content\/uploads\/2023\/02\/Poudre-dastaxanthine-100g.jpg","width":600,"height":600,"caption":"Poudre d'astaxanthine 100g"},{"@type":"BreadcrumbList","@id":"https:\/\/www.safinel.fr\/produit\/astaxanthine\/#breadcrumb","itemListElement":[{"@type":"ListItem","position":1,"name":"Accueil","item":"https:\/\/www.safinel.fr\/"},{"@type":"ListItem","position":2,"name":"Boutique","item":"https:\/\/www.safinel.fr\/boutique\/"},{"@type":"ListItem","position":3,"name":"Poudre d&rsquo;astaxanthine 100g"}]},{"@type":"WebSite","@id":"https:\/\/www.safinel.fr\/#website","url":"https:\/\/www.safinel.fr\/","name":"Safinel","description":"","publisher":{"@id":"https:\/\/www.safinel.fr\/#organization"},"potentialAction":[{"@type":"SearchAction","target":{"@type":"EntryPoint","urlTemplate":"https:\/\/www.safinel.fr\/?s={search_term_string}"},"query-input":{"@type":"PropertyValueSpecification","valueRequired":true,"valueName":"search_term_string"}}],"inLanguage":"es"},{"@type":"Organization","@id":"https:\/\/www.safinel.fr\/#organization","name":"Safinel","url":"https:\/\/www.safinel.fr\/","logo":{"@type":"ImageObject","inLanguage":"es","@id":"https:\/\/www.safinel.fr\/#\/schema\/logo\/image\/","url":"https:\/\/www.safinel.fr\/wp-content\/uploads\/2021\/05\/boutique-cosmetique.png","contentUrl":"https:\/\/www.safinel.fr\/wp-content\/uploads\/2021\/05\/boutique-cosmetique.png","width":800,"height":200,"caption":"Safinel"},"image":{"@id":"https:\/\/www.safinel.fr\/#\/schema\/logo\/image\/"}}]}},"_links":{"self":[{"href":"https:\/\/www.safinel.fr\/es\/wp-json\/wp\/v2\/product\/4688","targetHints":{"allow":["GET"]}}],"collection":[{"href":"https:\/\/www.safinel.fr\/es\/wp-json\/wp\/v2\/product"}],"about":[{"href":"https:\/\/www.safinel.fr\/es\/wp-json\/wp\/v2\/types\/product"}],"wp:featuredmedia":[{"embeddable":true,"href":"https:\/\/www.safinel.fr\/es\/wp-json\/wp\/v2\/media\/4689"}],"wp:attachment":[{"href":"https:\/\/www.safinel.fr\/es\/wp-json\/wp\/v2\/media?parent=4688"}],"wp:term":[{"taxonomy":"product_brand","embeddable":true,"href":"https:\/\/www.safinel.fr\/es\/wp-json\/wp\/v2\/product_brand?post=4688"},{"taxonomy":"product_cat","embeddable":true,"href":"https:\/\/www.safinel.fr\/es\/wp-json\/wp\/v2\/product_cat?post=4688"},{"taxonomy":"product_tag","embeddable":true,"href":"https:\/\/www.safinel.fr\/es\/wp-json\/wp\/v2\/product_tag?post=4688"}],"curies":[{"name":"wp","href":"https:\/\/api.w.org\/{rel}","templated":true}]}}