{"id":4659,"date":"2023-02-15T15:34:00","date_gmt":"2023-02-15T15:34:00","guid":{"rendered":"https:\/\/www.safinel.fr\/?post_type=product&#038;p=4659"},"modified":"2023-12-28T17:15:48","modified_gmt":"2023-12-28T17:15:48","slug":"almizcle-tahara-jazmin","status":"publish","type":"product","link":"https:\/\/www.safinel.fr\/es\/product-2\/almizcle-tahara-jazmin\/","title":{"rendered":"Almizcle Tahara jazm\u00edn 3ml"},"content":{"rendered":"<p>En la categor\u00eda de almizcle de Tahara, hablamos de una peque\u00f1a pepita polifac\u00e9tica, y esa es por supuesto la<strong>\u00a0Almizcle de jazm\u00edn Tahara y su excepcional fragancia.<\/strong><\/p>\n<p>Estamos encantados de poder compartirlo con usted aqu\u00ed, porque estamos seguros de que a usted tambi\u00e9n le conquistar\u00e1. Zoom sobre Musc Tahara Jasmin, un delicado perfume que nos transporta a tierras lejanas.<\/p>\n<h2><strong>Musc Tahara Jasmin, un aroma que esconde m\u00e1s de un secreto<\/strong><\/h2>\n<p>Sin duda, el jazm\u00edn te conquistar\u00e1, porque nos ofrece un maravilloso y alocado abanico de facetas. Adem\u00e1s de su inimitable frescura, este almizcle te regalar\u00e1 multitud de preciosos aromas.<\/p>\n<p>Entre las exquisiteces que ofrece,\u00a0<strong>El jazm\u00edn nos ofrece un abanico de facetas, sobre todo soleadas y afrutadas. Pero tambi\u00e9n es tan meloso y sensual como se pueda desear.<\/strong><\/p>\n<p>Jasmine tambi\u00e9n proporciona\u00a0<strong>reflejos frescos y florales.\u00a0<\/strong>En nuestro caso, garantizar\u00e1 que\u00a0<strong>una sensaci\u00f3n de limpieza inigualable.<\/strong>\u00a0Su uso en la zona \u00edntima garantiza a la mujer un frescor duradero.<\/p>\n<h2><strong>El almizcle de jazm\u00edn de Tahara es tu compa\u00f1ero de la ma\u00f1ana a la noche.<\/strong><\/h2>\n<p>As\u00ed es. Es bien sabido que el almizcle dura. As\u00ed es,\u00a0<strong>El almizcle de Tahara es famoso tanto por su textura cremosa, que facilita su aplicaci\u00f3n, como por su inconfundible tenacidad.<\/strong><\/p>\n<p>As\u00ed que despu\u00e9s de un d\u00eda ajetreado. Y una buena ducha para arrancar. <strong>Unas gotas de almizcle Tahara con jazm\u00edn te mantendr\u00e1n sensual y fresca hasta el d\u00eda siguiente.\u00a0<\/strong><\/p>\n<p>As\u00ed que est\u00e1s fresca y disponible. Justo lo que necesitas si quieres pasar un rato relajado con tu maridito.<\/p>\n<h3><strong>\u00bfY con esto?<\/strong><\/h3>\n<p>Con esta joya perfumada de jazm\u00edn, descubre toda una gama de deliciosas fragancias que te ayudar\u00e1n a\u00a0<strong>perf\u00famate seg\u00fan tu estado de \u00e1nimo.<\/strong>\u00a0Cereza, coco, mango, \u00e1mbar y m\u00e1s <a href=\"https:\/\/www.safinel.fr\/es\/product-2\/almizcle-tahara-frutos-rojos\/\"><strong>bayas rojas<\/strong><\/a>, Hay para todos los gustos.<\/p>\n<p>Y con sus bajos precios, \u00a1casi podr\u00edas llev\u00e1rtelos todos!<\/p>","protected":false},"excerpt":{"rendered":"<p><img decoding=\"async\" class=\"size-full wp-image-5091 aligncenter\" src=\"https:\/\/www.safinel.fr\/wp-content\/uploads\/2021\/06\/BANNIERE-ICONE-SAFINEL.webp\" alt=\"reaseguro de sat\u00e9n\" width=\"800\" height=\"200\" srcset=\"https:\/\/www.safinel.fr\/wp-content\/uploads\/2021\/06\/BANNIERE-ICONE-SAFINEL.webp 800w, https:\/\/www.safinel.fr\/wp-content\/uploads\/2021\/06\/BANNIERE-ICONE-SAFINEL-600x150.webp 600w, https:\/\/www.safinel.fr\/wp-content\/uploads\/2021\/06\/BANNIERE-ICONE-SAFINEL-768x192.webp 768w\" sizes=\"(max-width: 800px) 100vw, 800px\" \/><\/p>","protected":false},"featured_media":4646,"template":"","meta":[],"product_brand":[],"product_cat":[127],"product_tag":[],"class_list":{"0":"post-4659","1":"product","2":"type-product","3":"status-publish","4":"has-post-thumbnail","6":"product_cat-musc-tahara-intime","8":"first","9":"instock","10":"shipping-taxable","11":"purchasable","12":"product-type-simple"},"yoast_head":"<!-- This site is optimized with the Yoast SEO plugin v26.6 - https:\/\/yoast.com\/wordpress\/plugins\/seo\/ -->\n<title>Musc Tahara Jasmin I Fiole 3ml I Parfum frais<\/title>\n<meta name=\"description\" content=\"Dans la cat\u00e9gorie musc Tahara nous appelons une petite p\u00e9pite aux multiples facettes, il s&#039;agit bien \u00e9videment du\u00a0musc Tahara Jasmin.\" \/>\n<meta name=\"robots\" content=\"index, follow, max-snippet:-1, max-image-preview:large, max-video-preview:-1\" \/>\n<link rel=\"canonical\" href=\"https:\/\/www.safinel.fr\/es\/product-2\/almizcle-tahara-jazmin\/\" \/>\n<meta property=\"og:locale\" content=\"es_ES\" \/>\n<meta property=\"og:type\" content=\"article\" \/>\n<meta property=\"og:title\" content=\"Musc Tahara Jasmin I Fiole 3ml I Parfum frais\" \/>\n<meta property=\"og:description\" content=\"Dans la cat\u00e9gorie musc Tahara nous appelons une petite p\u00e9pite aux multiples facettes, il s&#039;agit bien \u00e9videment du\u00a0musc Tahara Jasmin.\" \/>\n<meta property=\"og:url\" content=\"https:\/\/www.safinel.fr\/es\/product-2\/almizcle-tahara-jazmin\/\" \/>\n<meta property=\"og:site_name\" content=\"Safinel\" \/>\n<meta property=\"article:modified_time\" content=\"2023-12-28T17:15:48+00:00\" \/>\n<meta property=\"og:image\" content=\"https:\/\/www.safinel.fr\/wp-content\/uploads\/2023\/02\/musc-tahara-jasmin.jpg\" \/>\n\t<meta property=\"og:image:width\" content=\"600\" \/>\n\t<meta property=\"og:image:height\" content=\"600\" \/>\n\t<meta property=\"og:image:type\" content=\"image\/jpeg\" \/>\n<meta name=\"twitter:card\" content=\"summary_large_image\" \/>\n<meta name=\"twitter:label1\" content=\"Tiempo de lectura\" \/>\n\t<meta name=\"twitter:data1\" content=\"2 minutos\" \/>\n<script type=\"application\/ld+json\" class=\"yoast-schema-graph\">{\"@context\":\"https:\/\/schema.org\",\"@graph\":[{\"@type\":\"WebPage\",\"@id\":\"https:\/\/www.safinel.fr\/produit\/musc-tahara-jasmin\/\",\"url\":\"https:\/\/www.safinel.fr\/produit\/musc-tahara-jasmin\/\",\"name\":\"Musc Tahara Jasmin I Fiole 3ml I Parfum frais\",\"isPartOf\":{\"@id\":\"https:\/\/www.safinel.fr\/#website\"},\"primaryImageOfPage\":{\"@id\":\"https:\/\/www.safinel.fr\/produit\/musc-tahara-jasmin\/#primaryimage\"},\"image\":{\"@id\":\"https:\/\/www.safinel.fr\/produit\/musc-tahara-jasmin\/#primaryimage\"},\"thumbnailUrl\":\"https:\/\/www.safinel.fr\/wp-content\/uploads\/2023\/02\/musc-tahara-jasmin.jpg\",\"datePublished\":\"2023-02-15T15:34:00+00:00\",\"dateModified\":\"2023-12-28T17:15:48+00:00\",\"description\":\"Dans la cat\u00e9gorie musc Tahara nous appelons une petite p\u00e9pite aux multiples facettes, il s'agit bien \u00e9videment du\u00a0musc Tahara Jasmin.\",\"breadcrumb\":{\"@id\":\"https:\/\/www.safinel.fr\/produit\/musc-tahara-jasmin\/#breadcrumb\"},\"inLanguage\":\"es\",\"potentialAction\":[{\"@type\":\"ReadAction\",\"target\":[\"https:\/\/www.safinel.fr\/produit\/musc-tahara-jasmin\/\"]}]},{\"@type\":\"ImageObject\",\"inLanguage\":\"es\",\"@id\":\"https:\/\/www.safinel.fr\/produit\/musc-tahara-jasmin\/#primaryimage\",\"url\":\"https:\/\/www.safinel.fr\/wp-content\/uploads\/2023\/02\/musc-tahara-jasmin.jpg\",\"contentUrl\":\"https:\/\/www.safinel.fr\/wp-content\/uploads\/2023\/02\/musc-tahara-jasmin.jpg\",\"width\":600,\"height\":600,\"caption\":\"musc tahara jasmin\"},{\"@type\":\"BreadcrumbList\",\"@id\":\"https:\/\/www.safinel.fr\/produit\/musc-tahara-jasmin\/#breadcrumb\",\"itemListElement\":[{\"@type\":\"ListItem\",\"position\":1,\"name\":\"Accueil\",\"item\":\"https:\/\/www.safinel.fr\/\"},{\"@type\":\"ListItem\",\"position\":2,\"name\":\"Boutique\",\"item\":\"https:\/\/www.safinel.fr\/boutique\/\"},{\"@type\":\"ListItem\",\"position\":3,\"name\":\"Musc Tahara jasmin 3ml\"}]},{\"@type\":\"WebSite\",\"@id\":\"https:\/\/www.safinel.fr\/#website\",\"url\":\"https:\/\/www.safinel.fr\/\",\"name\":\"Safinel\",\"description\":\"\",\"publisher\":{\"@id\":\"https:\/\/www.safinel.fr\/#organization\"},\"potentialAction\":[{\"@type\":\"SearchAction\",\"target\":{\"@type\":\"EntryPoint\",\"urlTemplate\":\"https:\/\/www.safinel.fr\/?s={search_term_string}\"},\"query-input\":{\"@type\":\"PropertyValueSpecification\",\"valueRequired\":true,\"valueName\":\"search_term_string\"}}],\"inLanguage\":\"es\"},{\"@type\":\"Organization\",\"@id\":\"https:\/\/www.safinel.fr\/#organization\",\"name\":\"Safinel\",\"url\":\"https:\/\/www.safinel.fr\/\",\"logo\":{\"@type\":\"ImageObject\",\"inLanguage\":\"es\",\"@id\":\"https:\/\/www.safinel.fr\/#\/schema\/logo\/image\/\",\"url\":\"https:\/\/www.safinel.fr\/wp-content\/uploads\/2021\/05\/boutique-cosmetique.png\",\"contentUrl\":\"https:\/\/www.safinel.fr\/wp-content\/uploads\/2021\/05\/boutique-cosmetique.png\",\"width\":800,\"height\":200,\"caption\":\"Safinel\"},\"image\":{\"@id\":\"https:\/\/www.safinel.fr\/#\/schema\/logo\/image\/\"}}]}<\/script>\n<!-- \/ Yoast SEO plugin. -->","yoast_head_json":{"title":"Almizcle Tahara Jazm\u00edn I Frasco 3ml I Fragancia fresca","description":"En la categor\u00eda de almizcles Tahara, hablamos de una peque\u00f1a pepita polifac\u00e9tica: el almizcle Tahara Jasmine.","robots":{"index":"index","follow":"follow","max-snippet":"max-snippet:-1","max-image-preview":"max-image-preview:large","max-video-preview":"max-video-preview:-1"},"canonical":"https:\/\/www.safinel.fr\/es\/product-2\/almizcle-tahara-jazmin\/","og_locale":"es_ES","og_type":"article","og_title":"Musc Tahara Jasmin I Fiole 3ml I Parfum frais","og_description":"Dans la cat\u00e9gorie musc Tahara nous appelons une petite p\u00e9pite aux multiples facettes, il s'agit bien \u00e9videment du\u00a0musc Tahara Jasmin.","og_url":"https:\/\/www.safinel.fr\/es\/product-2\/almizcle-tahara-jazmin\/","og_site_name":"Safinel","article_modified_time":"2023-12-28T17:15:48+00:00","og_image":[{"width":600,"height":600,"url":"https:\/\/www.safinel.fr\/wp-content\/uploads\/2023\/02\/musc-tahara-jasmin.jpg","type":"image\/jpeg"}],"twitter_card":"summary_large_image","twitter_misc":{"Tiempo de lectura":"2 minutos"},"schema":{"@context":"https:\/\/schema.org","@graph":[{"@type":"WebPage","@id":"https:\/\/www.safinel.fr\/produit\/musc-tahara-jasmin\/","url":"https:\/\/www.safinel.fr\/produit\/musc-tahara-jasmin\/","name":"Almizcle Tahara Jazm\u00edn I Frasco 3ml I Fragancia fresca","isPartOf":{"@id":"https:\/\/www.safinel.fr\/#website"},"primaryImageOfPage":{"@id":"https:\/\/www.safinel.fr\/produit\/musc-tahara-jasmin\/#primaryimage"},"image":{"@id":"https:\/\/www.safinel.fr\/produit\/musc-tahara-jasmin\/#primaryimage"},"thumbnailUrl":"https:\/\/www.safinel.fr\/wp-content\/uploads\/2023\/02\/musc-tahara-jasmin.jpg","datePublished":"2023-02-15T15:34:00+00:00","dateModified":"2023-12-28T17:15:48+00:00","description":"En la categor\u00eda de almizcles Tahara, hablamos de una peque\u00f1a pepita polifac\u00e9tica: el almizcle Tahara Jasmine.","breadcrumb":{"@id":"https:\/\/www.safinel.fr\/produit\/musc-tahara-jasmin\/#breadcrumb"},"inLanguage":"es","potentialAction":[{"@type":"ReadAction","target":["https:\/\/www.safinel.fr\/produit\/musc-tahara-jasmin\/"]}]},{"@type":"ImageObject","inLanguage":"es","@id":"https:\/\/www.safinel.fr\/produit\/musc-tahara-jasmin\/#primaryimage","url":"https:\/\/www.safinel.fr\/wp-content\/uploads\/2023\/02\/musc-tahara-jasmin.jpg","contentUrl":"https:\/\/www.safinel.fr\/wp-content\/uploads\/2023\/02\/musc-tahara-jasmin.jpg","width":600,"height":600,"caption":"musc tahara jasmin"},{"@type":"BreadcrumbList","@id":"https:\/\/www.safinel.fr\/produit\/musc-tahara-jasmin\/#breadcrumb","itemListElement":[{"@type":"ListItem","position":1,"name":"Accueil","item":"https:\/\/www.safinel.fr\/"},{"@type":"ListItem","position":2,"name":"Boutique","item":"https:\/\/www.safinel.fr\/boutique\/"},{"@type":"ListItem","position":3,"name":"Musc Tahara jasmin 3ml"}]},{"@type":"WebSite","@id":"https:\/\/www.safinel.fr\/#website","url":"https:\/\/www.safinel.fr\/","name":"Safinel","description":"","publisher":{"@id":"https:\/\/www.safinel.fr\/#organization"},"potentialAction":[{"@type":"SearchAction","target":{"@type":"EntryPoint","urlTemplate":"https:\/\/www.safinel.fr\/?s={search_term_string}"},"query-input":{"@type":"PropertyValueSpecification","valueRequired":true,"valueName":"search_term_string"}}],"inLanguage":"es"},{"@type":"Organization","@id":"https:\/\/www.safinel.fr\/#organization","name":"Safinel","url":"https:\/\/www.safinel.fr\/","logo":{"@type":"ImageObject","inLanguage":"es","@id":"https:\/\/www.safinel.fr\/#\/schema\/logo\/image\/","url":"https:\/\/www.safinel.fr\/wp-content\/uploads\/2021\/05\/boutique-cosmetique.png","contentUrl":"https:\/\/www.safinel.fr\/wp-content\/uploads\/2021\/05\/boutique-cosmetique.png","width":800,"height":200,"caption":"Safinel"},"image":{"@id":"https:\/\/www.safinel.fr\/#\/schema\/logo\/image\/"}}]}},"_links":{"self":[{"href":"https:\/\/www.safinel.fr\/es\/wp-json\/wp\/v2\/product\/4659","targetHints":{"allow":["GET"]}}],"collection":[{"href":"https:\/\/www.safinel.fr\/es\/wp-json\/wp\/v2\/product"}],"about":[{"href":"https:\/\/www.safinel.fr\/es\/wp-json\/wp\/v2\/types\/product"}],"wp:featuredmedia":[{"embeddable":true,"href":"https:\/\/www.safinel.fr\/es\/wp-json\/wp\/v2\/media\/4646"}],"wp:attachment":[{"href":"https:\/\/www.safinel.fr\/es\/wp-json\/wp\/v2\/media?parent=4659"}],"wp:term":[{"taxonomy":"product_brand","embeddable":true,"href":"https:\/\/www.safinel.fr\/es\/wp-json\/wp\/v2\/product_brand?post=4659"},{"taxonomy":"product_cat","embeddable":true,"href":"https:\/\/www.safinel.fr\/es\/wp-json\/wp\/v2\/product_cat?post=4659"},{"taxonomy":"product_tag","embeddable":true,"href":"https:\/\/www.safinel.fr\/es\/wp-json\/wp\/v2\/product_tag?post=4659"}],"curies":[{"name":"wp","href":"https:\/\/api.w.org\/{rel}","templated":true}]}}