{"id":4658,"date":"2023-02-15T15:32:08","date_gmt":"2023-02-15T15:32:08","guid":{"rendered":"https:\/\/www.safinel.fr\/?post_type=product&#038;p=4658"},"modified":"2026-01-29T12:49:36","modified_gmt":"2026-01-29T12:49:36","slug":"almizcle-tahara-frutos-rojos","status":"publish","type":"product","link":"https:\/\/www.safinel.fr\/es\/product-2\/almizcle-tahara-frutos-rojos\/","title":{"rendered":"Almizcle Tahara frutos rojos 3ml"},"content":{"rendered":"<p><strong>Prep\u00e1rate. Te espera un aut\u00e9ntico c\u00f3ctel \u00e1cido en esta botellita con tap\u00f3n dorado.<\/strong>\u00a0As\u00ed es. Es un gran placer compartir con ustedes este excepcional descubrimiento del\u00a0<strong>El almizcle de frutos rojos de Tahara y sus sublimes facetas<\/strong>\u00a0\u00a1! Vamos a cont\u00e1rtelo todo ahora mismo.<\/p>\n<p><strong>Ac\u00e9rquese a este almizcle de incre\u00edble textura e incomparable aroma.\u00a0<\/strong><\/p>\n<h2><strong>El almizcle de frutos rojos de Tahara y su textura \u00fanica que nos seduce a todos<\/strong><\/h2>\n<p>El almizcle de frutos rojos de Tahara es ante todo un imprescindible, gracias a su textura \u00fanica. De hecho, tiene\u00a0<strong>un aspecto deliciosamente cremoso y generoso.<\/strong><\/p>\n<p>Adem\u00e1s, su inconfundible aroma nos hace sucumbir a sus encantos. Este almizcle es amado en todo el mundo. Sobre todo\u00a0<strong>su penetrante fragancia.<\/strong><\/p>\n<p>Las mujeres empapan un algod\u00f3n en \u00e9l para limpiar sus partes \u00edntimas, dejando s\u00f3lo ese exquisito aroma. \u00bfQu\u00e9 se puede esperar exactamente?<\/p>\n<h2><strong>Disfrute del suave frescor del huerto<\/strong><\/h2>\n<p>Al fin y al cabo, los frutos rojos han formado parte de nuestra infancia. Y en la edad adulta siguen seduciendo nuestro paladar. En reposter\u00eda, sin duda nos seducen.<\/p>\n<p>Y tambi\u00e9n en perfumer\u00eda, \u00a1sus fragancias nos deleitan! Los frutos rojos nos ofrecen\u00a0<strong>Una fragancia afrutada y dulce que el almizcle de Tahara realza a la perfecci\u00f3n.<\/strong><\/p>\n<p>Es un puro placer poder aplicar este delicado y sublime perfume en la zona \u00edntima. Y saber que vas a disfrutarlo durante mucho tiempo. \u00a1As\u00ed que es dif\u00edcil resistirse!<\/p>\n<h3><strong>La tenacidad del almizcle de Tahara, realmente incomparable<\/strong><\/h3>\n<p>En efecto, si hay una caracter\u00edstica del almizcle que seduce al mundo de la perfumer\u00eda, es sin duda su poder de fijaci\u00f3n. Y sin ninguna opulencia en su aroma.\u00a0<strong>El almizcle de Tahara es una fragancia ligera y algodonosa, llena de ternura y delicadeza.<\/strong><\/p>\n<p>Combinado con fruta roja \u00e1cida, este\u00a0<strong>nos transportar\u00e1 a una atm\u00f3sfera suave y c\u00e1lida. <a href=\"https:\/\/www.safinel.fr\/es\/product-2\/algodon-de-azucar-musk-tahara\/\">dulce<\/a>.<\/strong>\u00a0Le dejaremos descubrir esta sublime creaci\u00f3n aqu\u00ed mismo.<\/p>","protected":false},"excerpt":{"rendered":"<p>Prep\u00e1rate. Te espera un aut\u00e9ntico c\u00f3ctel \u00e1cido en esta botellita con tap\u00f3n dorado. As\u00ed es. Es un inmenso placer compartir con usted este excepcional descubrimiento del almizcle de frutos rojos de Tahara y sus sublimes facetas. Te lo contamos todo enseguida. Zoom sobre este [...]","protected":false},"featured_media":4647,"template":"","meta":[],"product_brand":[],"product_cat":[127],"product_tag":[],"class_list":{"0":"post-4658","1":"product","2":"type-product","3":"status-publish","4":"has-post-thumbnail","6":"product_cat-musc-tahara-intime","8":"first","9":"instock","10":"shipping-taxable","11":"purchasable","12":"product-type-simple"},"yoast_head":"<!-- This site is optimized with the Yoast SEO plugin v26.6 - https:\/\/yoast.com\/wordpress\/plugins\/seo\/ -->\n<title>Musc Tahara fruits rouges I Odeur exquise I Contenance 3ml<\/title>\n<meta name=\"description\" content=\"Le musc Tahara fruits rouges c&#039;est avant tout un incontournable par sa texture unique. En effet, il arbore\u00a0un aspect d\u00e9licieusement onctueux et g\u00e9n\u00e9reux.\" \/>\n<meta name=\"robots\" content=\"index, follow, max-snippet:-1, max-image-preview:large, max-video-preview:-1\" \/>\n<link rel=\"canonical\" href=\"https:\/\/www.safinel.fr\/es\/product-2\/almizcle-tahara-frutos-rojos\/\" \/>\n<meta property=\"og:locale\" content=\"es_ES\" \/>\n<meta property=\"og:type\" content=\"article\" \/>\n<meta property=\"og:title\" content=\"Musc Tahara fruits rouges I Odeur exquise I Contenance 3ml\" \/>\n<meta property=\"og:description\" content=\"Le musc Tahara fruits rouges c&#039;est avant tout un incontournable par sa texture unique. En effet, il arbore\u00a0un aspect d\u00e9licieusement onctueux et g\u00e9n\u00e9reux.\" \/>\n<meta property=\"og:url\" content=\"https:\/\/www.safinel.fr\/es\/product-2\/almizcle-tahara-frutos-rojos\/\" \/>\n<meta property=\"og:site_name\" content=\"Safinel\" \/>\n<meta property=\"article:modified_time\" content=\"2026-01-29T12:49:36+00:00\" \/>\n<meta property=\"og:image\" content=\"https:\/\/www.safinel.fr\/wp-content\/uploads\/2023\/02\/musc-tahara-fruits-rouges.jpg\" \/>\n\t<meta property=\"og:image:width\" content=\"600\" \/>\n\t<meta property=\"og:image:height\" content=\"600\" \/>\n\t<meta property=\"og:image:type\" content=\"image\/jpeg\" \/>\n<meta name=\"twitter:card\" content=\"summary_large_image\" \/>\n<meta name=\"twitter:label1\" content=\"Tiempo de lectura\" \/>\n\t<meta name=\"twitter:data1\" content=\"2 minutos\" \/>\n<script type=\"application\/ld+json\" class=\"yoast-schema-graph\">{\"@context\":\"https:\/\/schema.org\",\"@graph\":[{\"@type\":\"WebPage\",\"@id\":\"https:\/\/www.safinel.fr\/produit\/musc-tahara-fruits-rouges\/\",\"url\":\"https:\/\/www.safinel.fr\/produit\/musc-tahara-fruits-rouges\/\",\"name\":\"Musc Tahara fruits rouges I Odeur exquise I Contenance 3ml\",\"isPartOf\":{\"@id\":\"https:\/\/www.safinel.fr\/#website\"},\"primaryImageOfPage\":{\"@id\":\"https:\/\/www.safinel.fr\/produit\/musc-tahara-fruits-rouges\/#primaryimage\"},\"image\":{\"@id\":\"https:\/\/www.safinel.fr\/produit\/musc-tahara-fruits-rouges\/#primaryimage\"},\"thumbnailUrl\":\"https:\/\/www.safinel.fr\/wp-content\/uploads\/2023\/02\/musc-tahara-fruits-rouges.jpg\",\"datePublished\":\"2023-02-15T15:32:08+00:00\",\"dateModified\":\"2026-01-29T12:49:36+00:00\",\"description\":\"Le musc Tahara fruits rouges c'est avant tout un incontournable par sa texture unique. En effet, il arbore\u00a0un aspect d\u00e9licieusement onctueux et g\u00e9n\u00e9reux.\",\"breadcrumb\":{\"@id\":\"https:\/\/www.safinel.fr\/produit\/musc-tahara-fruits-rouges\/#breadcrumb\"},\"inLanguage\":\"es\",\"potentialAction\":[{\"@type\":\"ReadAction\",\"target\":[\"https:\/\/www.safinel.fr\/produit\/musc-tahara-fruits-rouges\/\"]}]},{\"@type\":\"ImageObject\",\"inLanguage\":\"es\",\"@id\":\"https:\/\/www.safinel.fr\/produit\/musc-tahara-fruits-rouges\/#primaryimage\",\"url\":\"https:\/\/www.safinel.fr\/wp-content\/uploads\/2023\/02\/musc-tahara-fruits-rouges.jpg\",\"contentUrl\":\"https:\/\/www.safinel.fr\/wp-content\/uploads\/2023\/02\/musc-tahara-fruits-rouges.jpg\",\"width\":600,\"height\":600,\"caption\":\"Musc Tahara fruits rouges\"},{\"@type\":\"BreadcrumbList\",\"@id\":\"https:\/\/www.safinel.fr\/produit\/musc-tahara-fruits-rouges\/#breadcrumb\",\"itemListElement\":[{\"@type\":\"ListItem\",\"position\":1,\"name\":\"Accueil\",\"item\":\"https:\/\/www.safinel.fr\/\"},{\"@type\":\"ListItem\",\"position\":2,\"name\":\"Boutique\",\"item\":\"https:\/\/www.safinel.fr\/boutique\/\"},{\"@type\":\"ListItem\",\"position\":3,\"name\":\"Musc Tahara fruits rouges 3ml\"}]},{\"@type\":\"WebSite\",\"@id\":\"https:\/\/www.safinel.fr\/#website\",\"url\":\"https:\/\/www.safinel.fr\/\",\"name\":\"Safinel\",\"description\":\"\",\"publisher\":{\"@id\":\"https:\/\/www.safinel.fr\/#organization\"},\"potentialAction\":[{\"@type\":\"SearchAction\",\"target\":{\"@type\":\"EntryPoint\",\"urlTemplate\":\"https:\/\/www.safinel.fr\/?s={search_term_string}\"},\"query-input\":{\"@type\":\"PropertyValueSpecification\",\"valueRequired\":true,\"valueName\":\"search_term_string\"}}],\"inLanguage\":\"es\"},{\"@type\":\"Organization\",\"@id\":\"https:\/\/www.safinel.fr\/#organization\",\"name\":\"Safinel\",\"url\":\"https:\/\/www.safinel.fr\/\",\"logo\":{\"@type\":\"ImageObject\",\"inLanguage\":\"es\",\"@id\":\"https:\/\/www.safinel.fr\/#\/schema\/logo\/image\/\",\"url\":\"https:\/\/www.safinel.fr\/wp-content\/uploads\/2021\/05\/boutique-cosmetique.png\",\"contentUrl\":\"https:\/\/www.safinel.fr\/wp-content\/uploads\/2021\/05\/boutique-cosmetique.png\",\"width\":800,\"height\":200,\"caption\":\"Safinel\"},\"image\":{\"@id\":\"https:\/\/www.safinel.fr\/#\/schema\/logo\/image\/\"}}]}<\/script>\n<!-- \/ Yoast SEO plugin. -->","yoast_head_json":{"title":"Almizcle Tahara frutos rojos I Exquisita fragancia I Capacidad 3ml","description":"El almizcle de frutos rojos Tahara es, ante todo, un imprescindible, gracias a su textura \u00fanica. Es deliciosamente suave y generoso.","robots":{"index":"index","follow":"follow","max-snippet":"max-snippet:-1","max-image-preview":"max-image-preview:large","max-video-preview":"max-video-preview:-1"},"canonical":"https:\/\/www.safinel.fr\/es\/product-2\/almizcle-tahara-frutos-rojos\/","og_locale":"es_ES","og_type":"article","og_title":"Musc Tahara fruits rouges I Odeur exquise I Contenance 3ml","og_description":"Le musc Tahara fruits rouges c'est avant tout un incontournable par sa texture unique. En effet, il arbore\u00a0un aspect d\u00e9licieusement onctueux et g\u00e9n\u00e9reux.","og_url":"https:\/\/www.safinel.fr\/es\/product-2\/almizcle-tahara-frutos-rojos\/","og_site_name":"Safinel","article_modified_time":"2026-01-29T12:49:36+00:00","og_image":[{"width":600,"height":600,"url":"https:\/\/www.safinel.fr\/wp-content\/uploads\/2023\/02\/musc-tahara-fruits-rouges.jpg","type":"image\/jpeg"}],"twitter_card":"summary_large_image","twitter_misc":{"Tiempo de lectura":"2 minutos"},"schema":{"@context":"https:\/\/schema.org","@graph":[{"@type":"WebPage","@id":"https:\/\/www.safinel.fr\/produit\/musc-tahara-fruits-rouges\/","url":"https:\/\/www.safinel.fr\/produit\/musc-tahara-fruits-rouges\/","name":"Almizcle Tahara frutos rojos I Exquisita fragancia I Capacidad 3ml","isPartOf":{"@id":"https:\/\/www.safinel.fr\/#website"},"primaryImageOfPage":{"@id":"https:\/\/www.safinel.fr\/produit\/musc-tahara-fruits-rouges\/#primaryimage"},"image":{"@id":"https:\/\/www.safinel.fr\/produit\/musc-tahara-fruits-rouges\/#primaryimage"},"thumbnailUrl":"https:\/\/www.safinel.fr\/wp-content\/uploads\/2023\/02\/musc-tahara-fruits-rouges.jpg","datePublished":"2023-02-15T15:32:08+00:00","dateModified":"2026-01-29T12:49:36+00:00","description":"El almizcle de frutos rojos Tahara es, ante todo, un imprescindible, gracias a su textura \u00fanica. Es deliciosamente suave y generoso.","breadcrumb":{"@id":"https:\/\/www.safinel.fr\/produit\/musc-tahara-fruits-rouges\/#breadcrumb"},"inLanguage":"es","potentialAction":[{"@type":"ReadAction","target":["https:\/\/www.safinel.fr\/produit\/musc-tahara-fruits-rouges\/"]}]},{"@type":"ImageObject","inLanguage":"es","@id":"https:\/\/www.safinel.fr\/produit\/musc-tahara-fruits-rouges\/#primaryimage","url":"https:\/\/www.safinel.fr\/wp-content\/uploads\/2023\/02\/musc-tahara-fruits-rouges.jpg","contentUrl":"https:\/\/www.safinel.fr\/wp-content\/uploads\/2023\/02\/musc-tahara-fruits-rouges.jpg","width":600,"height":600,"caption":"Musc Tahara fruits rouges"},{"@type":"BreadcrumbList","@id":"https:\/\/www.safinel.fr\/produit\/musc-tahara-fruits-rouges\/#breadcrumb","itemListElement":[{"@type":"ListItem","position":1,"name":"Accueil","item":"https:\/\/www.safinel.fr\/"},{"@type":"ListItem","position":2,"name":"Boutique","item":"https:\/\/www.safinel.fr\/boutique\/"},{"@type":"ListItem","position":3,"name":"Musc Tahara fruits rouges 3ml"}]},{"@type":"WebSite","@id":"https:\/\/www.safinel.fr\/#website","url":"https:\/\/www.safinel.fr\/","name":"Safinel","description":"","publisher":{"@id":"https:\/\/www.safinel.fr\/#organization"},"potentialAction":[{"@type":"SearchAction","target":{"@type":"EntryPoint","urlTemplate":"https:\/\/www.safinel.fr\/?s={search_term_string}"},"query-input":{"@type":"PropertyValueSpecification","valueRequired":true,"valueName":"search_term_string"}}],"inLanguage":"es"},{"@type":"Organization","@id":"https:\/\/www.safinel.fr\/#organization","name":"Safinel","url":"https:\/\/www.safinel.fr\/","logo":{"@type":"ImageObject","inLanguage":"es","@id":"https:\/\/www.safinel.fr\/#\/schema\/logo\/image\/","url":"https:\/\/www.safinel.fr\/wp-content\/uploads\/2021\/05\/boutique-cosmetique.png","contentUrl":"https:\/\/www.safinel.fr\/wp-content\/uploads\/2021\/05\/boutique-cosmetique.png","width":800,"height":200,"caption":"Safinel"},"image":{"@id":"https:\/\/www.safinel.fr\/#\/schema\/logo\/image\/"}}]}},"_links":{"self":[{"href":"https:\/\/www.safinel.fr\/es\/wp-json\/wp\/v2\/product\/4658","targetHints":{"allow":["GET"]}}],"collection":[{"href":"https:\/\/www.safinel.fr\/es\/wp-json\/wp\/v2\/product"}],"about":[{"href":"https:\/\/www.safinel.fr\/es\/wp-json\/wp\/v2\/types\/product"}],"wp:featuredmedia":[{"embeddable":true,"href":"https:\/\/www.safinel.fr\/es\/wp-json\/wp\/v2\/media\/4647"}],"wp:attachment":[{"href":"https:\/\/www.safinel.fr\/es\/wp-json\/wp\/v2\/media?parent=4658"}],"wp:term":[{"taxonomy":"product_brand","embeddable":true,"href":"https:\/\/www.safinel.fr\/es\/wp-json\/wp\/v2\/product_brand?post=4658"},{"taxonomy":"product_cat","embeddable":true,"href":"https:\/\/www.safinel.fr\/es\/wp-json\/wp\/v2\/product_cat?post=4658"},{"taxonomy":"product_tag","embeddable":true,"href":"https:\/\/www.safinel.fr\/es\/wp-json\/wp\/v2\/product_tag?post=4658"}],"curies":[{"name":"wp","href":"https:\/\/api.w.org\/{rel}","templated":true}]}}