{"id":4654,"date":"2023-02-15T15:13:25","date_gmt":"2023-02-15T15:13:25","guid":{"rendered":"https:\/\/www.safinel.fr\/?post_type=product&#038;p=4654"},"modified":"2024-01-13T16:53:14","modified_gmt":"2024-01-13T16:53:14","slug":"almizcle-tahara-ambar","status":"publish","type":"product","link":"https:\/\/www.safinel.fr\/es\/product-2\/almizcle-tahara-ambar\/","title":{"rendered":"Almizcle Tahara \u00e1mbar 3ml"},"content":{"rendered":"<p>Perfume\u00a0<strong>Almizcle Tahara \u00c1mbar<\/strong>\u00a0encarna la esencia de la intimidad y la pureza, ofreciendo una experiencia olfativa refinada y sensual. Envuelta en notas de \u00edntimo almizcle y \u00e1mbar, esta fragancia captura la delicadeza y la sofisticaci\u00f3n, evocando una higiene impecable y un exquisito placer sensorial.<\/p>\n<h2><strong>El almizcle \u00edntimo y su fragancia Tahara Ambre<\/strong><\/h2>\n<p>Musc Tahara Ambre mezcla sutilmente la suavidad del almizcle \u00edntimo con la sorprendente calidez del \u00e1mbar. Las notas de almizcle a\u00f1aden una dimensi\u00f3n delicada y sensual, que evoca la pureza y la elegancia, mientras que las notas de \u00e1mbar a\u00f1aden una dimensi\u00f3n delicada y sensual, que evoca la pureza y la elegancia, mientras que las notas de \u00e1mbar a\u00f1aden una dimensi\u00f3n delicada y sensual, que evoca la pureza y la elegancia. <strong>matices de \u00e1mbar<\/strong>\u00a0a\u00f1aden profundidad a la fragancia. Esta combinaci\u00f3n \u00fanica crea una fragancia \u00edntima que captura la esencia misma de la feminidad y la sofisticaci\u00f3n.<\/p>\n<h2><strong>El placer de una higiene impecable<\/strong><\/h2>\n<p>Adem\u00e1s de su seductora fragancia, este perfume \u00edntimo encarna la idea de una higiene impecable. Al combinarse con el ritual de la limpieza diaria, esta fragancia a\u00f1ade un toque de lujo y refinamiento a la experiencia del cuidado personal. Adem\u00e1s, su <strong>oler <a href=\"https:\/\/www.safinel.fr\/es\/product-2\/almizcle-tahara-surrati\/\">sutil y elegante<\/a>\u00a0<\/strong>Deja una huella olfativa discreta, evocando limpieza y frescor. Para una sensaci\u00f3n de bienestar y confianza durante todo el d\u00eda.<\/p>\n<h3><strong>Apl\u00edcate el almizcle Tahara Ambre despu\u00e9s de lavarte.<\/strong><\/h3>\n<p>Para una experiencia sensorial completa, aplique su almizcle \u00edntimo despu\u00e9s del lavado. Depositando unas gotas en una toalla, podr\u00e1 aplicar la fragancia con facilidad. El aroma se mezclar\u00e1 suavemente con la calidez de tu piel, liberando sus refinadas notas durante todo el d\u00eda.<\/p>\n<p>La combinaci\u00f3n del frescor post-limpieza con la sutileza del almizcle y el \u00e1mbar crea sin duda una sensaci\u00f3n de pureza.\u00a0<strong>Tahara Ambre<\/strong>\u00a0es imprescindible para quienes buscan un toque de lujo \u00edntimo a diario.<\/p>\n<p>En resumen, el almizcle\u00a0<strong>Tahara aromatizada<\/strong>\u00a0es mucho m\u00e1s que una fragancia \u00edntima. Es una experiencia sensorial que evoca pureza, feminidad y refinamiento. Al aplicarla despu\u00e9s de la limpieza, te sumerges en su delicadeza, creando una huella olfativa inconfundible.<\/p>","protected":false},"excerpt":{"rendered":"<p>El perfume Musc Tahara Ambre encarna la esencia de la intimidad y la pureza, ofreciendo una experiencia olfativa refinada y sensual. Envuelto en notas de almizcle \u00edntimo y \u00e1mbar, este perfume captura la delicadeza y la sofisticaci\u00f3n, evocando una higiene impecable y un placer sensorial exquisito. El almizcle \u00edntimo y su aroma Tahara Ambre El Musc Tahara [\u2026]","protected":false},"featured_media":4652,"template":"","meta":[],"product_brand":[],"product_cat":[127],"product_tag":[],"class_list":{"0":"post-4654","1":"product","2":"type-product","3":"status-publish","4":"has-post-thumbnail","6":"product_cat-musc-tahara-intime","8":"first","9":"instock","10":"shipping-taxable","11":"purchasable","12":"product-type-simple"},"yoast_head":"<!-- This site is optimized with the Yoast SEO plugin v26.6 - https:\/\/yoast.com\/wordpress\/plugins\/seo\/ -->\n<title>Musc Tahara ambre | Parfum intime senteur ambre | 3ml<\/title>\n<meta name=\"description\" content=\"Le parfum\u00a0Musc Tahara Ambre\u00a0incarne l&#039;essence de l&#039;intimit\u00e9 et de la puret\u00e9, offrant une exp\u00e9rience olfactive raffin\u00e9e et sensuelle.\" \/>\n<meta name=\"robots\" content=\"index, follow, max-snippet:-1, max-image-preview:large, max-video-preview:-1\" \/>\n<link rel=\"canonical\" href=\"https:\/\/www.safinel.fr\/es\/product-2\/almizcle-tahara-ambar\/\" \/>\n<meta property=\"og:locale\" content=\"es_ES\" \/>\n<meta property=\"og:type\" content=\"article\" \/>\n<meta property=\"og:title\" content=\"Musc Tahara ambre | Parfum intime senteur ambre | 3ml\" \/>\n<meta property=\"og:description\" content=\"Le parfum\u00a0Musc Tahara Ambre\u00a0incarne l&#039;essence de l&#039;intimit\u00e9 et de la puret\u00e9, offrant une exp\u00e9rience olfactive raffin\u00e9e et sensuelle.\" \/>\n<meta property=\"og:url\" content=\"https:\/\/www.safinel.fr\/es\/product-2\/almizcle-tahara-ambar\/\" \/>\n<meta property=\"og:site_name\" content=\"Safinel\" \/>\n<meta property=\"article:modified_time\" content=\"2024-01-13T16:53:14+00:00\" \/>\n<meta property=\"og:image\" content=\"https:\/\/www.safinel.fr\/wp-content\/uploads\/2023\/02\/musc-tahara-ambre.jpg\" \/>\n\t<meta property=\"og:image:width\" content=\"600\" \/>\n\t<meta property=\"og:image:height\" content=\"600\" \/>\n\t<meta property=\"og:image:type\" content=\"image\/jpeg\" \/>\n<meta name=\"twitter:card\" content=\"summary_large_image\" \/>\n<meta name=\"twitter:label1\" content=\"Tiempo de lectura\" \/>\n\t<meta name=\"twitter:data1\" content=\"2 minutos\" \/>\n<script type=\"application\/ld+json\" class=\"yoast-schema-graph\">{\"@context\":\"https:\/\/schema.org\",\"@graph\":[{\"@type\":\"WebPage\",\"@id\":\"https:\/\/www.safinel.fr\/produit\/musc-tahara-ambre\/\",\"url\":\"https:\/\/www.safinel.fr\/produit\/musc-tahara-ambre\/\",\"name\":\"Musc Tahara ambre | Parfum intime senteur ambre | 3ml\",\"isPartOf\":{\"@id\":\"https:\/\/www.safinel.fr\/#website\"},\"primaryImageOfPage\":{\"@id\":\"https:\/\/www.safinel.fr\/produit\/musc-tahara-ambre\/#primaryimage\"},\"image\":{\"@id\":\"https:\/\/www.safinel.fr\/produit\/musc-tahara-ambre\/#primaryimage\"},\"thumbnailUrl\":\"https:\/\/www.safinel.fr\/wp-content\/uploads\/2023\/02\/musc-tahara-ambre.jpg\",\"datePublished\":\"2023-02-15T15:13:25+00:00\",\"dateModified\":\"2024-01-13T16:53:14+00:00\",\"description\":\"Le parfum\u00a0Musc Tahara Ambre\u00a0incarne l'essence de l'intimit\u00e9 et de la puret\u00e9, offrant une exp\u00e9rience olfactive raffin\u00e9e et sensuelle.\",\"breadcrumb\":{\"@id\":\"https:\/\/www.safinel.fr\/produit\/musc-tahara-ambre\/#breadcrumb\"},\"inLanguage\":\"es\",\"potentialAction\":[{\"@type\":\"ReadAction\",\"target\":[\"https:\/\/www.safinel.fr\/produit\/musc-tahara-ambre\/\"]}]},{\"@type\":\"ImageObject\",\"inLanguage\":\"es\",\"@id\":\"https:\/\/www.safinel.fr\/produit\/musc-tahara-ambre\/#primaryimage\",\"url\":\"https:\/\/www.safinel.fr\/wp-content\/uploads\/2023\/02\/musc-tahara-ambre.jpg\",\"contentUrl\":\"https:\/\/www.safinel.fr\/wp-content\/uploads\/2023\/02\/musc-tahara-ambre.jpg\",\"width\":600,\"height\":600,\"caption\":\"musc tahara ambre\"},{\"@type\":\"BreadcrumbList\",\"@id\":\"https:\/\/www.safinel.fr\/produit\/musc-tahara-ambre\/#breadcrumb\",\"itemListElement\":[{\"@type\":\"ListItem\",\"position\":1,\"name\":\"Accueil\",\"item\":\"https:\/\/www.safinel.fr\/\"},{\"@type\":\"ListItem\",\"position\":2,\"name\":\"Boutique\",\"item\":\"https:\/\/www.safinel.fr\/boutique\/\"},{\"@type\":\"ListItem\",\"position\":3,\"name\":\"Musc Tahara ambre 3ml\"}]},{\"@type\":\"WebSite\",\"@id\":\"https:\/\/www.safinel.fr\/#website\",\"url\":\"https:\/\/www.safinel.fr\/\",\"name\":\"Safinel\",\"description\":\"\",\"publisher\":{\"@id\":\"https:\/\/www.safinel.fr\/#organization\"},\"potentialAction\":[{\"@type\":\"SearchAction\",\"target\":{\"@type\":\"EntryPoint\",\"urlTemplate\":\"https:\/\/www.safinel.fr\/?s={search_term_string}\"},\"query-input\":{\"@type\":\"PropertyValueSpecification\",\"valueRequired\":true,\"valueName\":\"search_term_string\"}}],\"inLanguage\":\"es\"},{\"@type\":\"Organization\",\"@id\":\"https:\/\/www.safinel.fr\/#organization\",\"name\":\"Safinel\",\"url\":\"https:\/\/www.safinel.fr\/\",\"logo\":{\"@type\":\"ImageObject\",\"inLanguage\":\"es\",\"@id\":\"https:\/\/www.safinel.fr\/#\/schema\/logo\/image\/\",\"url\":\"https:\/\/www.safinel.fr\/wp-content\/uploads\/2021\/05\/boutique-cosmetique.png\",\"contentUrl\":\"https:\/\/www.safinel.fr\/wp-content\/uploads\/2021\/05\/boutique-cosmetique.png\",\"width\":800,\"height\":200,\"caption\":\"Safinel\"},\"image\":{\"@id\":\"https:\/\/www.safinel.fr\/#\/schema\/logo\/image\/\"}}]}<\/script>\n<!-- \/ Yoast SEO plugin. -->","yoast_head_json":{"title":"Almizcle Tahara \u00e1mbar | Fragancia \u00edntima \u00e1mbar | 3ml","description":"Musc Tahara Ambre encarna la esencia de la intimidad y la pureza, ofreciendo una experiencia olfativa refinada y sensual.","robots":{"index":"index","follow":"follow","max-snippet":"max-snippet:-1","max-image-preview":"max-image-preview:large","max-video-preview":"max-video-preview:-1"},"canonical":"https:\/\/www.safinel.fr\/es\/product-2\/almizcle-tahara-ambar\/","og_locale":"es_ES","og_type":"article","og_title":"Musc Tahara ambre | Parfum intime senteur ambre | 3ml","og_description":"Le parfum\u00a0Musc Tahara Ambre\u00a0incarne l'essence de l'intimit\u00e9 et de la puret\u00e9, offrant une exp\u00e9rience olfactive raffin\u00e9e et sensuelle.","og_url":"https:\/\/www.safinel.fr\/es\/product-2\/almizcle-tahara-ambar\/","og_site_name":"Safinel","article_modified_time":"2024-01-13T16:53:14+00:00","og_image":[{"width":600,"height":600,"url":"https:\/\/www.safinel.fr\/wp-content\/uploads\/2023\/02\/musc-tahara-ambre.jpg","type":"image\/jpeg"}],"twitter_card":"summary_large_image","twitter_misc":{"Tiempo de lectura":"2 minutos"},"schema":{"@context":"https:\/\/schema.org","@graph":[{"@type":"WebPage","@id":"https:\/\/www.safinel.fr\/produit\/musc-tahara-ambre\/","url":"https:\/\/www.safinel.fr\/produit\/musc-tahara-ambre\/","name":"Almizcle Tahara \u00e1mbar | Fragancia \u00edntima \u00e1mbar | 3ml","isPartOf":{"@id":"https:\/\/www.safinel.fr\/#website"},"primaryImageOfPage":{"@id":"https:\/\/www.safinel.fr\/produit\/musc-tahara-ambre\/#primaryimage"},"image":{"@id":"https:\/\/www.safinel.fr\/produit\/musc-tahara-ambre\/#primaryimage"},"thumbnailUrl":"https:\/\/www.safinel.fr\/wp-content\/uploads\/2023\/02\/musc-tahara-ambre.jpg","datePublished":"2023-02-15T15:13:25+00:00","dateModified":"2024-01-13T16:53:14+00:00","description":"Musc Tahara Ambre encarna la esencia de la intimidad y la pureza, ofreciendo una experiencia olfativa refinada y sensual.","breadcrumb":{"@id":"https:\/\/www.safinel.fr\/produit\/musc-tahara-ambre\/#breadcrumb"},"inLanguage":"es","potentialAction":[{"@type":"ReadAction","target":["https:\/\/www.safinel.fr\/produit\/musc-tahara-ambre\/"]}]},{"@type":"ImageObject","inLanguage":"es","@id":"https:\/\/www.safinel.fr\/produit\/musc-tahara-ambre\/#primaryimage","url":"https:\/\/www.safinel.fr\/wp-content\/uploads\/2023\/02\/musc-tahara-ambre.jpg","contentUrl":"https:\/\/www.safinel.fr\/wp-content\/uploads\/2023\/02\/musc-tahara-ambre.jpg","width":600,"height":600,"caption":"musc tahara ambre"},{"@type":"BreadcrumbList","@id":"https:\/\/www.safinel.fr\/produit\/musc-tahara-ambre\/#breadcrumb","itemListElement":[{"@type":"ListItem","position":1,"name":"Accueil","item":"https:\/\/www.safinel.fr\/"},{"@type":"ListItem","position":2,"name":"Boutique","item":"https:\/\/www.safinel.fr\/boutique\/"},{"@type":"ListItem","position":3,"name":"Musc Tahara ambre 3ml"}]},{"@type":"WebSite","@id":"https:\/\/www.safinel.fr\/#website","url":"https:\/\/www.safinel.fr\/","name":"Safinel","description":"","publisher":{"@id":"https:\/\/www.safinel.fr\/#organization"},"potentialAction":[{"@type":"SearchAction","target":{"@type":"EntryPoint","urlTemplate":"https:\/\/www.safinel.fr\/?s={search_term_string}"},"query-input":{"@type":"PropertyValueSpecification","valueRequired":true,"valueName":"search_term_string"}}],"inLanguage":"es"},{"@type":"Organization","@id":"https:\/\/www.safinel.fr\/#organization","name":"Safinel","url":"https:\/\/www.safinel.fr\/","logo":{"@type":"ImageObject","inLanguage":"es","@id":"https:\/\/www.safinel.fr\/#\/schema\/logo\/image\/","url":"https:\/\/www.safinel.fr\/wp-content\/uploads\/2021\/05\/boutique-cosmetique.png","contentUrl":"https:\/\/www.safinel.fr\/wp-content\/uploads\/2021\/05\/boutique-cosmetique.png","width":800,"height":200,"caption":"Safinel"},"image":{"@id":"https:\/\/www.safinel.fr\/#\/schema\/logo\/image\/"}}]}},"_links":{"self":[{"href":"https:\/\/www.safinel.fr\/es\/wp-json\/wp\/v2\/product\/4654","targetHints":{"allow":["GET"]}}],"collection":[{"href":"https:\/\/www.safinel.fr\/es\/wp-json\/wp\/v2\/product"}],"about":[{"href":"https:\/\/www.safinel.fr\/es\/wp-json\/wp\/v2\/types\/product"}],"wp:featuredmedia":[{"embeddable":true,"href":"https:\/\/www.safinel.fr\/es\/wp-json\/wp\/v2\/media\/4652"}],"wp:attachment":[{"href":"https:\/\/www.safinel.fr\/es\/wp-json\/wp\/v2\/media?parent=4654"}],"wp:term":[{"taxonomy":"product_brand","embeddable":true,"href":"https:\/\/www.safinel.fr\/es\/wp-json\/wp\/v2\/product_brand?post=4654"},{"taxonomy":"product_cat","embeddable":true,"href":"https:\/\/www.safinel.fr\/es\/wp-json\/wp\/v2\/product_cat?post=4654"},{"taxonomy":"product_tag","embeddable":true,"href":"https:\/\/www.safinel.fr\/es\/wp-json\/wp\/v2\/product_tag?post=4654"}],"curies":[{"name":"wp","href":"https:\/\/api.w.org\/{rel}","templated":true}]}}