{"id":4617,"date":"2023-02-14T19:34:56","date_gmt":"2023-02-14T19:34:56","guid":{"rendered":"https:\/\/www.safinel.fr\/?post_type=product&#038;p=4617"},"modified":"2023-12-28T17:15:47","modified_gmt":"2023-12-28T17:15:47","slug":"aceite-dorado","status":"publish","type":"product","link":"https:\/\/www.safinel.fr\/es\/product-2\/aceite-dorado\/","title":{"rendered":"Aceite de ortiga 30ml"},"content":{"rendered":"<p><strong>Aceite de ortiga\u00a0<\/strong>se estrena en nuestra tienda de bienestar en l\u00ednea, y ya le advierto: tiene car\u00e1cter. Conocida como una planta a evitar, esta<strong>\u00a0macerado oleoso<\/strong>\u00a0\u00a1es el cosm\u00e9tico que hay que tener! Y por muchas razones... te contamos m\u00e1s.<\/p>\n<h2><strong>Aceite de ortiga: \u00a1un aliado picante!\u00a0<\/strong><\/h2>\n<p>El aceite de ortiga se obtiene de hojas frescas de ortiga. Las hojas se hierven al vapor o se maceran con aceite vegetal. La maceraci\u00f3n se filtra a continuaci\u00f3n para obtener el preciado elixir.<\/p>\n<h2><strong>Los componentes de este aceite vegetal<\/strong><\/h2>\n<p>El aceite de ortiga contiene varios componentes beneficiosos para la salud. Los principales principios activos son flavonoides, taninos, saponinas, fenoles y alcaloides. Juntos, act\u00faan reduciendo el estr\u00e9s oxidativo y la inflamaci\u00f3n, adem\u00e1s de regular el sistema inmunitario.<\/p>\n<h2><strong>Beneficios del aceite de ortiga para la salud<\/strong><\/h2>\n<p>El aceite de ortiga es beneficioso para muchos problemas de salud. He aqu\u00ed algunos de los beneficios que puede aportar:<\/p>\n<ul>\n<li>Alivio de dolores de cabeza y migra\u00f1as<\/li>\n<li>Reducci\u00f3n de la inflamaci\u00f3n<\/li>\n<li>Contra el dolor articular y <a href=\"https:\/\/www.safinel.fr\/es\/product-2\/grasa-de-camello\/\"><strong>muscular<\/strong><\/a><\/li>\n<li>Mejora de la inmunidad<\/li>\n<li>Tambi\u00e9n regula los niveles de az\u00facar en sangre<\/li>\n<li>Reducci\u00f3n de los s\u00edntomas de la gota<\/li>\n<li>\u00datil para el cuidado y la mejora de la salud de la piel<\/li>\n<li>Rica en \u00e1cidos grasos poliinsaturados y vitaminas A, C y E, suele utilizarse por sus propiedades antioxidantes.<\/li>\n<li>Conocido como un excelente remedio natural para los dolores articulares y musculares, los problemas cut\u00e1neos y las afecciones respiratorias.<\/li>\n<li>Por \u00faltimo, es un remedio natural muy potente que puede utilizarse con diversos fines terap\u00e9uticos.<\/li>\n<\/ul>\n<p>El uso de este\u00a0<strong>producto natural<\/strong>\u00a0es seguro y puede\u00a0<strong>complemento<\/strong>\u00a0muy eficaz para dolencias comunes y afecciones cr\u00f3nicas.<\/p>\n<h3><strong>Nuestros consejos de uso\u00a0<\/strong><\/h3>\n<p>Este remedio natural es muy eficaz para aliviar diversos dolores.<\/p>\n<p>Para utilizarlo, puede aplicar el aceite directamente sobre la zona a tratar con un bastoncillo de algod\u00f3n. Tambi\u00e9n puede verter unas gotas en una cataplasma y aplicarla sobre la zona dolorida.<\/p>\n<p>Por \u00faltimo, puedes a\u00f1adir unas gotas de aceite de ortiga al agua del ba\u00f1o para aliviar los dolores musculares y articulares.<\/p>\n<p><strong>Aseg\u00farese de seguir siempre las dosis recomendadas para prevenir cualquier riesgo de irritaci\u00f3n o alergia.<\/strong><\/p>","protected":false},"excerpt":{"rendered":"<p>L\u2019huile d\u2019ortie\u00a0fait son entr\u00e9e sur notre boutique bien-\u00eatre en ligne, et autant vous pr\u00e9venir : elle a du caract\u00e8re. Connue pour \u00eatre une plante dont il faut \u00e9viter de s\u2019approcher, ce\u00a0mac\u00e9r\u00e2t huileux\u00a0est pourtant le cosm\u00e9tique \u00e0 avoir ! Et ce, pour de nombreuses raisons\u2026 on vous en dit davantage. L\u2019huile d\u2019ortie : une alli\u00e9e qui [&#8230;]","protected":false},"featured_media":4618,"template":"","meta":[],"product_brand":[],"product_cat":[122],"product_tag":[],"class_list":{"0":"post-4617","1":"product","2":"type-product","3":"status-publish","4":"has-post-thumbnail","6":"product_cat-huile-vegetale","8":"first","9":"instock","10":"shipping-taxable","11":"purchasable","12":"product-type-simple"},"yoast_head":"<!-- This site is optimized with the Yoast SEO plugin v26.6 - https:\/\/yoast.com\/wordpress\/plugins\/seo\/ -->\n<title>Huile d&#039;ortie 30ml I Huile bio I Bienfaits nombreux<\/title>\n<meta name=\"description\" content=\"L\u2019huile d\u2019ortie\u00a0fait son entr\u00e9e sur notre boutique bien-\u00eatre en ligne, et autant vous pr\u00e9venir : elle a du caract\u00e8re. Adoptez-l\u00e0 !\" \/>\n<meta name=\"robots\" content=\"index, follow, max-snippet:-1, max-image-preview:large, max-video-preview:-1\" \/>\n<link rel=\"canonical\" href=\"https:\/\/www.safinel.fr\/es\/product-2\/aceite-dorado\/\" \/>\n<meta property=\"og:locale\" content=\"es_ES\" \/>\n<meta property=\"og:type\" content=\"article\" \/>\n<meta property=\"og:title\" content=\"Huile d&#039;ortie 30ml I Huile bio I Bienfaits nombreux\" \/>\n<meta property=\"og:description\" content=\"L\u2019huile d\u2019ortie\u00a0fait son entr\u00e9e sur notre boutique bien-\u00eatre en ligne, et autant vous pr\u00e9venir : elle a du caract\u00e8re. Adoptez-l\u00e0 !\" \/>\n<meta property=\"og:url\" content=\"https:\/\/www.safinel.fr\/es\/product-2\/aceite-dorado\/\" \/>\n<meta property=\"og:site_name\" content=\"Safinel\" \/>\n<meta property=\"article:modified_time\" content=\"2023-12-28T17:15:47+00:00\" \/>\n<meta property=\"og:image\" content=\"https:\/\/www.safinel.fr\/wp-content\/uploads\/2023\/02\/huile-dortie.jpg\" \/>\n\t<meta property=\"og:image:width\" content=\"600\" \/>\n\t<meta property=\"og:image:height\" content=\"600\" \/>\n\t<meta property=\"og:image:type\" content=\"image\/jpeg\" \/>\n<meta name=\"twitter:card\" content=\"summary_large_image\" \/>\n<meta name=\"twitter:label1\" content=\"Tiempo de lectura\" \/>\n\t<meta name=\"twitter:data1\" content=\"2 minutos\" \/>\n<script type=\"application\/ld+json\" class=\"yoast-schema-graph\">{\"@context\":\"https:\/\/schema.org\",\"@graph\":[{\"@type\":\"WebPage\",\"@id\":\"https:\/\/www.safinel.fr\/produit\/huile-dortie\/\",\"url\":\"https:\/\/www.safinel.fr\/produit\/huile-dortie\/\",\"name\":\"Huile d'ortie 30ml I Huile bio I Bienfaits nombreux\",\"isPartOf\":{\"@id\":\"https:\/\/www.safinel.fr\/#website\"},\"primaryImageOfPage\":{\"@id\":\"https:\/\/www.safinel.fr\/produit\/huile-dortie\/#primaryimage\"},\"image\":{\"@id\":\"https:\/\/www.safinel.fr\/produit\/huile-dortie\/#primaryimage\"},\"thumbnailUrl\":\"https:\/\/www.safinel.fr\/wp-content\/uploads\/2023\/02\/huile-dortie.jpg\",\"datePublished\":\"2023-02-14T19:34:56+00:00\",\"dateModified\":\"2023-12-28T17:15:47+00:00\",\"description\":\"L\u2019huile d\u2019ortie\u00a0fait son entr\u00e9e sur notre boutique bien-\u00eatre en ligne, et autant vous pr\u00e9venir : elle a du caract\u00e8re. Adoptez-l\u00e0 !\",\"breadcrumb\":{\"@id\":\"https:\/\/www.safinel.fr\/produit\/huile-dortie\/#breadcrumb\"},\"inLanguage\":\"es\",\"potentialAction\":[{\"@type\":\"ReadAction\",\"target\":[\"https:\/\/www.safinel.fr\/produit\/huile-dortie\/\"]}]},{\"@type\":\"ImageObject\",\"inLanguage\":\"es\",\"@id\":\"https:\/\/www.safinel.fr\/produit\/huile-dortie\/#primaryimage\",\"url\":\"https:\/\/www.safinel.fr\/wp-content\/uploads\/2023\/02\/huile-dortie.jpg\",\"contentUrl\":\"https:\/\/www.safinel.fr\/wp-content\/uploads\/2023\/02\/huile-dortie.jpg\",\"width\":600,\"height\":600,\"caption\":\"huile d'ortie\"},{\"@type\":\"BreadcrumbList\",\"@id\":\"https:\/\/www.safinel.fr\/produit\/huile-dortie\/#breadcrumb\",\"itemListElement\":[{\"@type\":\"ListItem\",\"position\":1,\"name\":\"Accueil\",\"item\":\"https:\/\/www.safinel.fr\/\"},{\"@type\":\"ListItem\",\"position\":2,\"name\":\"Boutique\",\"item\":\"https:\/\/www.safinel.fr\/boutique\/\"},{\"@type\":\"ListItem\",\"position\":3,\"name\":\"Huile d&#8217;ortie 30ml\"}]},{\"@type\":\"WebSite\",\"@id\":\"https:\/\/www.safinel.fr\/#website\",\"url\":\"https:\/\/www.safinel.fr\/\",\"name\":\"Safinel\",\"description\":\"\",\"publisher\":{\"@id\":\"https:\/\/www.safinel.fr\/#organization\"},\"potentialAction\":[{\"@type\":\"SearchAction\",\"target\":{\"@type\":\"EntryPoint\",\"urlTemplate\":\"https:\/\/www.safinel.fr\/?s={search_term_string}\"},\"query-input\":{\"@type\":\"PropertyValueSpecification\",\"valueRequired\":true,\"valueName\":\"search_term_string\"}}],\"inLanguage\":\"es\"},{\"@type\":\"Organization\",\"@id\":\"https:\/\/www.safinel.fr\/#organization\",\"name\":\"Safinel\",\"url\":\"https:\/\/www.safinel.fr\/\",\"logo\":{\"@type\":\"ImageObject\",\"inLanguage\":\"es\",\"@id\":\"https:\/\/www.safinel.fr\/#\/schema\/logo\/image\/\",\"url\":\"https:\/\/www.safinel.fr\/wp-content\/uploads\/2021\/05\/boutique-cosmetique.png\",\"contentUrl\":\"https:\/\/www.safinel.fr\/wp-content\/uploads\/2021\/05\/boutique-cosmetique.png\",\"width\":800,\"height\":200,\"caption\":\"Safinel\"},\"image\":{\"@id\":\"https:\/\/www.safinel.fr\/#\/schema\/logo\/image\/\"}}]}<\/script>\n<!-- \/ Yoast SEO plugin. -->","yoast_head_json":{"title":"Aceite de ortiga 30ml I Aceite ecol\u00f3gico I Numerosos beneficios","description":"El aceite de ortiga se estrena en nuestra tienda de bienestar online, y ya te aviso: tiene car\u00e1cter. \u00a1H\u00e1galo suyo!","robots":{"index":"index","follow":"follow","max-snippet":"max-snippet:-1","max-image-preview":"max-image-preview:large","max-video-preview":"max-video-preview:-1"},"canonical":"https:\/\/www.safinel.fr\/es\/product-2\/aceite-dorado\/","og_locale":"es_ES","og_type":"article","og_title":"Huile d'ortie 30ml I Huile bio I Bienfaits nombreux","og_description":"L\u2019huile d\u2019ortie\u00a0fait son entr\u00e9e sur notre boutique bien-\u00eatre en ligne, et autant vous pr\u00e9venir : elle a du caract\u00e8re. Adoptez-l\u00e0 !","og_url":"https:\/\/www.safinel.fr\/es\/product-2\/aceite-dorado\/","og_site_name":"Safinel","article_modified_time":"2023-12-28T17:15:47+00:00","og_image":[{"width":600,"height":600,"url":"https:\/\/www.safinel.fr\/wp-content\/uploads\/2023\/02\/huile-dortie.jpg","type":"image\/jpeg"}],"twitter_card":"summary_large_image","twitter_misc":{"Tiempo de lectura":"2 minutos"},"schema":{"@context":"https:\/\/schema.org","@graph":[{"@type":"WebPage","@id":"https:\/\/www.safinel.fr\/produit\/huile-dortie\/","url":"https:\/\/www.safinel.fr\/produit\/huile-dortie\/","name":"Aceite de ortiga 30ml I Aceite ecol\u00f3gico I Numerosos beneficios","isPartOf":{"@id":"https:\/\/www.safinel.fr\/#website"},"primaryImageOfPage":{"@id":"https:\/\/www.safinel.fr\/produit\/huile-dortie\/#primaryimage"},"image":{"@id":"https:\/\/www.safinel.fr\/produit\/huile-dortie\/#primaryimage"},"thumbnailUrl":"https:\/\/www.safinel.fr\/wp-content\/uploads\/2023\/02\/huile-dortie.jpg","datePublished":"2023-02-14T19:34:56+00:00","dateModified":"2023-12-28T17:15:47+00:00","description":"El aceite de ortiga se estrena en nuestra tienda de bienestar online, y ya te aviso: tiene car\u00e1cter. \u00a1H\u00e1galo suyo!","breadcrumb":{"@id":"https:\/\/www.safinel.fr\/produit\/huile-dortie\/#breadcrumb"},"inLanguage":"es","potentialAction":[{"@type":"ReadAction","target":["https:\/\/www.safinel.fr\/produit\/huile-dortie\/"]}]},{"@type":"ImageObject","inLanguage":"es","@id":"https:\/\/www.safinel.fr\/produit\/huile-dortie\/#primaryimage","url":"https:\/\/www.safinel.fr\/wp-content\/uploads\/2023\/02\/huile-dortie.jpg","contentUrl":"https:\/\/www.safinel.fr\/wp-content\/uploads\/2023\/02\/huile-dortie.jpg","width":600,"height":600,"caption":"huile d'ortie"},{"@type":"BreadcrumbList","@id":"https:\/\/www.safinel.fr\/produit\/huile-dortie\/#breadcrumb","itemListElement":[{"@type":"ListItem","position":1,"name":"Accueil","item":"https:\/\/www.safinel.fr\/"},{"@type":"ListItem","position":2,"name":"Boutique","item":"https:\/\/www.safinel.fr\/boutique\/"},{"@type":"ListItem","position":3,"name":"Huile d&#8217;ortie 30ml"}]},{"@type":"WebSite","@id":"https:\/\/www.safinel.fr\/#website","url":"https:\/\/www.safinel.fr\/","name":"Safinel","description":"","publisher":{"@id":"https:\/\/www.safinel.fr\/#organization"},"potentialAction":[{"@type":"SearchAction","target":{"@type":"EntryPoint","urlTemplate":"https:\/\/www.safinel.fr\/?s={search_term_string}"},"query-input":{"@type":"PropertyValueSpecification","valueRequired":true,"valueName":"search_term_string"}}],"inLanguage":"es"},{"@type":"Organization","@id":"https:\/\/www.safinel.fr\/#organization","name":"Safinel","url":"https:\/\/www.safinel.fr\/","logo":{"@type":"ImageObject","inLanguage":"es","@id":"https:\/\/www.safinel.fr\/#\/schema\/logo\/image\/","url":"https:\/\/www.safinel.fr\/wp-content\/uploads\/2021\/05\/boutique-cosmetique.png","contentUrl":"https:\/\/www.safinel.fr\/wp-content\/uploads\/2021\/05\/boutique-cosmetique.png","width":800,"height":200,"caption":"Safinel"},"image":{"@id":"https:\/\/www.safinel.fr\/#\/schema\/logo\/image\/"}}]}},"_links":{"self":[{"href":"https:\/\/www.safinel.fr\/es\/wp-json\/wp\/v2\/product\/4617","targetHints":{"allow":["GET"]}}],"collection":[{"href":"https:\/\/www.safinel.fr\/es\/wp-json\/wp\/v2\/product"}],"about":[{"href":"https:\/\/www.safinel.fr\/es\/wp-json\/wp\/v2\/types\/product"}],"wp:featuredmedia":[{"embeddable":true,"href":"https:\/\/www.safinel.fr\/es\/wp-json\/wp\/v2\/media\/4618"}],"wp:attachment":[{"href":"https:\/\/www.safinel.fr\/es\/wp-json\/wp\/v2\/media?parent=4617"}],"wp:term":[{"taxonomy":"product_brand","embeddable":true,"href":"https:\/\/www.safinel.fr\/es\/wp-json\/wp\/v2\/product_brand?post=4617"},{"taxonomy":"product_cat","embeddable":true,"href":"https:\/\/www.safinel.fr\/es\/wp-json\/wp\/v2\/product_cat?post=4617"},{"taxonomy":"product_tag","embeddable":true,"href":"https:\/\/www.safinel.fr\/es\/wp-json\/wp\/v2\/product_tag?post=4617"}],"curies":[{"name":"wp","href":"https:\/\/api.w.org\/{rel}","templated":true}]}}