{"id":4606,"date":"2023-02-13T11:18:11","date_gmt":"2023-02-13T11:18:11","guid":{"rendered":"https:\/\/www.safinel.fr\/?post_type=product&#038;p=4606"},"modified":"2024-11-07T15:26:50","modified_gmt":"2024-11-07T15:26:50","slug":"dragon-de-caramelo","status":"publish","type":"product","link":"https:\/\/www.safinel.fr\/es\/product-2\/dragon-de-caramelo\/","title":{"rendered":"Candy power dragon (Caramelo afrodis\u00edaco)"},"content":{"rendered":"<p>Si te apetece probar un nuevo capricho que despierte tus habilidades sexuales,\u00a0<strong>Safinel\u00a0<\/strong>le invita a descubrir el caramelo\u00a0<strong>Drag\u00f3n de poder de caramelo.<\/strong><\/p>\n<p>Se guarda en el bolsillo para que est\u00e9s preparado est\u00e9s donde est\u00e9s.<\/p>\n<h2><strong>Candy power dragon, la soluci\u00f3n de caramelo a la disfunci\u00f3n er\u00e9ctil<\/strong><\/h2>\n<p>La tienda\u00a0<strong>Safinel,\u00a0<\/strong>ha venido al rescate de los hombres necesitados de poder y energ\u00eda sexual.<\/p>\n<p>Esta frustraci\u00f3n tiene soluci\u00f3n.<\/p>\n<p>\u00c9ste no es otro que el famoso dulce afrodis\u00edaco\u00a0<strong>Drag\u00f3n de caramelo<\/strong>.<\/p>\n<p>Concentrado natural de principios activos afrodis\u00edacos.<\/p>\n<p>Sin duda, le ayudar\u00e1n a aumentar su energ\u00eda y vitalidad. Pero tambi\u00e9n te ayudar\u00e1n a ser m\u00e1s activo sexualmente al remediar la disfunci\u00f3n er\u00e9ctil.<\/p>\n<p>No s\u00f3lo le ayudar\u00e1 a combatir la impotencia en algunos hombres, sino que tambi\u00e9n le permitir\u00e1 controlar los problemas de eyaculaci\u00f3n precoz que algunos padecen.<\/p>\n<p>Por \u00faltimo, gracias a su receta natural, te recuperar\u00e1s m\u00e1s r\u00e1pidamente tras el orgasmo, por lo que podr\u00e1s repetirlo sin dejar insatisfecha a tu pareja.<\/p>\n<h2><strong>Candy power dragon, un afrodis\u00edaco discreto<\/strong><\/h2>\n<p>No cabe duda de que este peque\u00f1o dulce afrodis\u00edaco satisfar\u00e1 a m\u00e1s de uno.<\/p>\n<p>Nos llega directamente de Malaise, y est\u00e1 dise\u00f1ado en forma de caramelo chupador.<\/p>\n<p>Adem\u00e1s, es muy discreto, un concentrado de ingredientes naturales conocidos por sus efectos afrodis\u00edacos. Ll\u00e9velo en el bolsillo o en el bolso y estar\u00e1 listo en cualquier momento.<\/p>\n<h3><strong>Resumen de la composici\u00f3n<\/strong><\/h3>\n<ul>\n<li>En\u00a0<strong>Miel pura,<\/strong><\/li>\n<li>En<strong>\u00a0<a href=\"https:\/\/www.safinel.fr\/es\/product-2\/tongkat-ali\/\">Tongkat Ali<\/a>,\u00a0<\/strong>que tambi\u00e9n puedes encontrar en polvo en la tienda.<\/li>\n<li>Pero tambi\u00e9n\u00a0<strong>Ginseng,<\/strong><\/li>\n<li>As\u00ed como\u00a0<strong>Caf\u00e9,<\/strong><\/li>\n<li>En\u00a0<strong>Caramelo,<\/strong><\/li>\n<li>Y por \u00faltimo, un\u00a0<strong>Mezclas de hierbas.<\/strong><\/li>\n<\/ul>\n<p>Por \u00faltimo, Le\u00a0<strong>Drag\u00f3n de caramelo<\/strong>\u00a0debe tomarse al menos 2\/3h antes del coito.<\/p>\n<p>No hace falta que te recuerde que debes mantenerte bien hidratado. Seguro que tienes mucha energ\u00eda que quemar despu\u00e9s de terminar tu capricho.<\/p>","protected":false},"excerpt":{"rendered":"<p><img decoding=\"async\" class=\"size-full wp-image-5091 aligncenter\" src=\"https:\/\/www.safinel.fr\/wp-content\/uploads\/2021\/06\/BANNIERE-ICONE-SAFINEL.webp\" alt=\"reaseguro de sat\u00e9n\" width=\"800\" height=\"200\" srcset=\"https:\/\/www.safinel.fr\/wp-content\/uploads\/2021\/06\/BANNIERE-ICONE-SAFINEL.webp 800w, https:\/\/www.safinel.fr\/wp-content\/uploads\/2021\/06\/BANNIERE-ICONE-SAFINEL-600x150.webp 600w, https:\/\/www.safinel.fr\/wp-content\/uploads\/2021\/06\/BANNIERE-ICONE-SAFINEL-768x192.webp 768w\" sizes=\"(max-width: 800px) 100vw, 800px\" \/><\/p>","protected":false},"featured_media":4603,"template":"","meta":[],"product_brand":[],"product_cat":[102],"product_tag":[],"class_list":{"0":"post-4606","1":"product","2":"type-product","3":"status-publish","4":"has-post-thumbnail","6":"product_cat-bonbon-aphrodisiaque","8":"first","9":"outofstock","10":"shipping-taxable","11":"purchasable","12":"product-type-variable"},"yoast_head":"<!-- This site is optimized with the Yoast SEO plugin v26.6 - https:\/\/yoast.com\/wordpress\/plugins\/seo\/ -->\n<title>Candy power dragon I Bonbon aphrodisiaque I Stimule la libido<\/title>\n<meta name=\"description\" content=\"Si vous avez envie d\u2019essayer une nouvelle gourmandise qui r\u00e9veillera vos comp\u00e9tences sexuelles,\u00a0d\u00e9couvrez le bonbon\u00a0Candy power dragon.\" \/>\n<meta name=\"robots\" content=\"index, follow, max-snippet:-1, max-image-preview:large, max-video-preview:-1\" \/>\n<link rel=\"canonical\" href=\"https:\/\/www.safinel.fr\/es\/product-2\/dragon-de-caramelo\/\" \/>\n<meta property=\"og:locale\" content=\"es_ES\" \/>\n<meta property=\"og:type\" content=\"article\" \/>\n<meta property=\"og:title\" content=\"Candy power dragon I Bonbon aphrodisiaque I Stimule la libido\" \/>\n<meta property=\"og:description\" content=\"Si vous avez envie d\u2019essayer une nouvelle gourmandise qui r\u00e9veillera vos comp\u00e9tences sexuelles,\u00a0d\u00e9couvrez le bonbon\u00a0Candy power dragon.\" \/>\n<meta property=\"og:url\" content=\"https:\/\/www.safinel.fr\/es\/product-2\/dragon-de-caramelo\/\" \/>\n<meta property=\"og:site_name\" content=\"Safinel\" \/>\n<meta property=\"article:modified_time\" content=\"2024-11-07T15:26:50+00:00\" \/>\n<meta property=\"og:image\" content=\"https:\/\/www.safinel.fr\/wp-content\/uploads\/2023\/02\/candy-power-dragon.jpg\" \/>\n\t<meta property=\"og:image:width\" content=\"600\" \/>\n\t<meta property=\"og:image:height\" content=\"600\" \/>\n\t<meta property=\"og:image:type\" content=\"image\/jpeg\" \/>\n<meta name=\"twitter:card\" content=\"summary_large_image\" \/>\n<meta name=\"twitter:label1\" content=\"Tiempo de lectura\" \/>\n\t<meta name=\"twitter:data1\" content=\"2 minutos\" \/>\n<script type=\"application\/ld+json\" class=\"yoast-schema-graph\">{\"@context\":\"https:\/\/schema.org\",\"@graph\":[{\"@type\":\"WebPage\",\"@id\":\"https:\/\/www.safinel.fr\/produit\/candy-power-dragon\/\",\"url\":\"https:\/\/www.safinel.fr\/produit\/candy-power-dragon\/\",\"name\":\"Candy power dragon I Bonbon aphrodisiaque I Stimule la libido\",\"isPartOf\":{\"@id\":\"https:\/\/www.safinel.fr\/#website\"},\"primaryImageOfPage\":{\"@id\":\"https:\/\/www.safinel.fr\/produit\/candy-power-dragon\/#primaryimage\"},\"image\":{\"@id\":\"https:\/\/www.safinel.fr\/produit\/candy-power-dragon\/#primaryimage\"},\"thumbnailUrl\":\"https:\/\/www.safinel.fr\/wp-content\/uploads\/2023\/02\/candy-power-dragon.jpg\",\"datePublished\":\"2023-02-13T11:18:11+00:00\",\"dateModified\":\"2024-11-07T15:26:50+00:00\",\"description\":\"Si vous avez envie d\u2019essayer une nouvelle gourmandise qui r\u00e9veillera vos comp\u00e9tences sexuelles,\u00a0d\u00e9couvrez le bonbon\u00a0Candy power dragon.\",\"breadcrumb\":{\"@id\":\"https:\/\/www.safinel.fr\/produit\/candy-power-dragon\/#breadcrumb\"},\"inLanguage\":\"es\",\"potentialAction\":[{\"@type\":\"ReadAction\",\"target\":[\"https:\/\/www.safinel.fr\/produit\/candy-power-dragon\/\"]}]},{\"@type\":\"ImageObject\",\"inLanguage\":\"es\",\"@id\":\"https:\/\/www.safinel.fr\/produit\/candy-power-dragon\/#primaryimage\",\"url\":\"https:\/\/www.safinel.fr\/wp-content\/uploads\/2023\/02\/candy-power-dragon.jpg\",\"contentUrl\":\"https:\/\/www.safinel.fr\/wp-content\/uploads\/2023\/02\/candy-power-dragon.jpg\",\"width\":600,\"height\":600,\"caption\":\"Candy power dragon (Bonbon aphrodisiaque)\"},{\"@type\":\"BreadcrumbList\",\"@id\":\"https:\/\/www.safinel.fr\/produit\/candy-power-dragon\/#breadcrumb\",\"itemListElement\":[{\"@type\":\"ListItem\",\"position\":1,\"name\":\"Accueil\",\"item\":\"https:\/\/www.safinel.fr\/\"},{\"@type\":\"ListItem\",\"position\":2,\"name\":\"Boutique\",\"item\":\"https:\/\/www.safinel.fr\/boutique\/\"},{\"@type\":\"ListItem\",\"position\":3,\"name\":\"Candy power dragon (Bonbon aphrodisiaque)\"}]},{\"@type\":\"WebSite\",\"@id\":\"https:\/\/www.safinel.fr\/#website\",\"url\":\"https:\/\/www.safinel.fr\/\",\"name\":\"Safinel\",\"description\":\"\",\"publisher\":{\"@id\":\"https:\/\/www.safinel.fr\/#organization\"},\"potentialAction\":[{\"@type\":\"SearchAction\",\"target\":{\"@type\":\"EntryPoint\",\"urlTemplate\":\"https:\/\/www.safinel.fr\/?s={search_term_string}\"},\"query-input\":{\"@type\":\"PropertyValueSpecification\",\"valueRequired\":true,\"valueName\":\"search_term_string\"}}],\"inLanguage\":\"es\"},{\"@type\":\"Organization\",\"@id\":\"https:\/\/www.safinel.fr\/#organization\",\"name\":\"Safinel\",\"url\":\"https:\/\/www.safinel.fr\/\",\"logo\":{\"@type\":\"ImageObject\",\"inLanguage\":\"es\",\"@id\":\"https:\/\/www.safinel.fr\/#\/schema\/logo\/image\/\",\"url\":\"https:\/\/www.safinel.fr\/wp-content\/uploads\/2021\/05\/boutique-cosmetique.png\",\"contentUrl\":\"https:\/\/www.safinel.fr\/wp-content\/uploads\/2021\/05\/boutique-cosmetique.png\",\"width\":800,\"height\":200,\"caption\":\"Safinel\"},\"image\":{\"@id\":\"https:\/\/www.safinel.fr\/#\/schema\/logo\/image\/\"}}]}<\/script>\n<!-- \/ Yoast SEO plugin. -->","yoast_head_json":{"title":"Caramelo power dragon I Caramelo afrodis\u00edaco I Aumenta la libido","description":"Si te apetece un nuevo capricho que despierte tus poderes sexuales, descubre Candy power dragon.","robots":{"index":"index","follow":"follow","max-snippet":"max-snippet:-1","max-image-preview":"max-image-preview:large","max-video-preview":"max-video-preview:-1"},"canonical":"https:\/\/www.safinel.fr\/es\/product-2\/dragon-de-caramelo\/","og_locale":"es_ES","og_type":"article","og_title":"Candy power dragon I Bonbon aphrodisiaque I Stimule la libido","og_description":"Si vous avez envie d\u2019essayer une nouvelle gourmandise qui r\u00e9veillera vos comp\u00e9tences sexuelles,\u00a0d\u00e9couvrez le bonbon\u00a0Candy power dragon.","og_url":"https:\/\/www.safinel.fr\/es\/product-2\/dragon-de-caramelo\/","og_site_name":"Safinel","article_modified_time":"2024-11-07T15:26:50+00:00","og_image":[{"width":600,"height":600,"url":"https:\/\/www.safinel.fr\/wp-content\/uploads\/2023\/02\/candy-power-dragon.jpg","type":"image\/jpeg"}],"twitter_card":"summary_large_image","twitter_misc":{"Tiempo de lectura":"2 minutos"},"schema":{"@context":"https:\/\/schema.org","@graph":[{"@type":"WebPage","@id":"https:\/\/www.safinel.fr\/produit\/candy-power-dragon\/","url":"https:\/\/www.safinel.fr\/produit\/candy-power-dragon\/","name":"Caramelo power dragon I Caramelo afrodis\u00edaco I Aumenta la libido","isPartOf":{"@id":"https:\/\/www.safinel.fr\/#website"},"primaryImageOfPage":{"@id":"https:\/\/www.safinel.fr\/produit\/candy-power-dragon\/#primaryimage"},"image":{"@id":"https:\/\/www.safinel.fr\/produit\/candy-power-dragon\/#primaryimage"},"thumbnailUrl":"https:\/\/www.safinel.fr\/wp-content\/uploads\/2023\/02\/candy-power-dragon.jpg","datePublished":"2023-02-13T11:18:11+00:00","dateModified":"2024-11-07T15:26:50+00:00","description":"Si te apetece un nuevo capricho que despierte tus poderes sexuales, descubre Candy power dragon.","breadcrumb":{"@id":"https:\/\/www.safinel.fr\/produit\/candy-power-dragon\/#breadcrumb"},"inLanguage":"es","potentialAction":[{"@type":"ReadAction","target":["https:\/\/www.safinel.fr\/produit\/candy-power-dragon\/"]}]},{"@type":"ImageObject","inLanguage":"es","@id":"https:\/\/www.safinel.fr\/produit\/candy-power-dragon\/#primaryimage","url":"https:\/\/www.safinel.fr\/wp-content\/uploads\/2023\/02\/candy-power-dragon.jpg","contentUrl":"https:\/\/www.safinel.fr\/wp-content\/uploads\/2023\/02\/candy-power-dragon.jpg","width":600,"height":600,"caption":"Candy power dragon (Bonbon aphrodisiaque)"},{"@type":"BreadcrumbList","@id":"https:\/\/www.safinel.fr\/produit\/candy-power-dragon\/#breadcrumb","itemListElement":[{"@type":"ListItem","position":1,"name":"Accueil","item":"https:\/\/www.safinel.fr\/"},{"@type":"ListItem","position":2,"name":"Boutique","item":"https:\/\/www.safinel.fr\/boutique\/"},{"@type":"ListItem","position":3,"name":"Candy power dragon (Bonbon aphrodisiaque)"}]},{"@type":"WebSite","@id":"https:\/\/www.safinel.fr\/#website","url":"https:\/\/www.safinel.fr\/","name":"Safinel","description":"","publisher":{"@id":"https:\/\/www.safinel.fr\/#organization"},"potentialAction":[{"@type":"SearchAction","target":{"@type":"EntryPoint","urlTemplate":"https:\/\/www.safinel.fr\/?s={search_term_string}"},"query-input":{"@type":"PropertyValueSpecification","valueRequired":true,"valueName":"search_term_string"}}],"inLanguage":"es"},{"@type":"Organization","@id":"https:\/\/www.safinel.fr\/#organization","name":"Safinel","url":"https:\/\/www.safinel.fr\/","logo":{"@type":"ImageObject","inLanguage":"es","@id":"https:\/\/www.safinel.fr\/#\/schema\/logo\/image\/","url":"https:\/\/www.safinel.fr\/wp-content\/uploads\/2021\/05\/boutique-cosmetique.png","contentUrl":"https:\/\/www.safinel.fr\/wp-content\/uploads\/2021\/05\/boutique-cosmetique.png","width":800,"height":200,"caption":"Safinel"},"image":{"@id":"https:\/\/www.safinel.fr\/#\/schema\/logo\/image\/"}}]}},"_links":{"self":[{"href":"https:\/\/www.safinel.fr\/es\/wp-json\/wp\/v2\/product\/4606","targetHints":{"allow":["GET"]}}],"collection":[{"href":"https:\/\/www.safinel.fr\/es\/wp-json\/wp\/v2\/product"}],"about":[{"href":"https:\/\/www.safinel.fr\/es\/wp-json\/wp\/v2\/types\/product"}],"wp:featuredmedia":[{"embeddable":true,"href":"https:\/\/www.safinel.fr\/es\/wp-json\/wp\/v2\/media\/4603"}],"wp:attachment":[{"href":"https:\/\/www.safinel.fr\/es\/wp-json\/wp\/v2\/media?parent=4606"}],"wp:term":[{"taxonomy":"product_brand","embeddable":true,"href":"https:\/\/www.safinel.fr\/es\/wp-json\/wp\/v2\/product_brand?post=4606"},{"taxonomy":"product_cat","embeddable":true,"href":"https:\/\/www.safinel.fr\/es\/wp-json\/wp\/v2\/product_cat?post=4606"},{"taxonomy":"product_tag","embeddable":true,"href":"https:\/\/www.safinel.fr\/es\/wp-json\/wp\/v2\/product_tag?post=4606"}],"curies":[{"name":"wp","href":"https:\/\/api.w.org\/{rel}","templated":true}]}}