{"id":4601,"date":"2023-02-13T11:15:21","date_gmt":"2023-02-13T11:15:21","guid":{"rendered":"https:\/\/www.safinel.fr\/?post_type=product&#038;p=4601"},"modified":"2023-12-28T17:15:48","modified_gmt":"2023-12-28T17:15:48","slug":"caramelos-caballo-negro","status":"publish","type":"product","link":"https:\/\/www.safinel.fr\/es\/product-2\/caramelos-caballo-negro\/","title":{"rendered":"Caramelo de caballo negro (caramelo afrodis\u00edaco)"},"content":{"rendered":"<p>En\u00a0<strong>Caramelos Black Horse<\/strong>\u00a0son\u00a0<strong>dulces<\/strong>\u00a0\u00a1como ning\u00fan otro! Si quieres darle un toque especial a tu vida \u00edntima, \u00a1estas delicias son lo que necesitas!<\/p>\n<h2><strong>Caramelos Black Horse: un afrodis\u00edaco para todos los gustos\u00a0<\/strong><\/h2>\n<p>Black Horse Candy es un suplemento que mejora la fertilidad, la circulaci\u00f3n y el sistema inmunitario. Tambi\u00e9n aumentan la energ\u00eda sexual, el deseo y la libido. Esta caja viene con 6 o 12 caramelos a elegir, seg\u00fan sus necesidades.<\/p>\n<p>Los ingredientes de estos\u00a0<strong>dulces afrodis\u00edacos\u00a0<\/strong>incluyen: malta, az\u00facar, caf\u00e9, granada, extracto de ginseng, prote\u00ednas hidrolizadas, enzimas y polisac\u00e1ridos de la planta de ginseng Cynomorium songaricum.<\/p>\n<p>Para tomarlos, se recomienda ingerir un chicle cada dos d\u00edas antes de acostarse, para sentir sus efectos a la ma\u00f1ana siguiente y empezar el d\u00eda con energ\u00eda. De este modo, estos\u00a0<strong>dulces estimulantes<\/strong>\u00a0son una soluci\u00f3n para aumentar el placer sexual y estimular el deseo.<\/p>\n<p>No dude en descubrir la\u00a0<strong><a href=\"https:\/\/www.safinel.fr\/es\/product-2\/caramelo-de-mango-caramelo-afrodisiaco\/\">Caramelos de mango<\/a>,<\/strong>\u00a0deliciosos y estimulantes dulces. O los\u00a0<strong><a href=\"https:\/\/www.safinel.fr\/es\/product-2\/caramelo-afrodisiaco-de-terron-de-azucar\/\">Az\u00facar en terrones<\/a> !\u00a0<\/strong><\/p>\n<h2><strong>\u00bfQu\u00e9 efectos tienen los dulces afrodis\u00edacos?<\/strong><\/h2>\n<p>El caramelo de caballo negro es un delicioso potenciador que funciona:<\/p>\n<ul>\n<li>Mejoran la circulaci\u00f3n sangu\u00ednea<\/li>\n<li>Tambi\u00e9n son beneficiosos para el sistema inmunitario en general<\/li>\n<li>Aliados musculares<\/li>\n<li>Ayuda a combatir la eyaculaci\u00f3n precoz<\/li>\n<li>Tienen propiedades beneficiosas para favorecer la fertilidad<\/li>\n<li>Mejorar el rendimiento sexual<\/li>\n<li>Por \u00faltimo, tambi\u00e9n pueden ayudar a tratar ciertos problemas relacionados con la eyaculaci\u00f3n precoz y los niveles de energ\u00eda tras la actividad sexual.<\/li>\n<\/ul>\n<h3><strong>Precauciones\u00a0<\/strong><\/h3>\n<p>Consulte siempre a su m\u00e9dico antes de tomar complementos alimenticios. Adem\u00e1s, estos dulces afrodis\u00edacos no deben ser consumidos por personas con problemas de tensi\u00f3n arterial o card\u00edacos.<\/p>","protected":false},"excerpt":{"rendered":"<p>\u00a1Los caramelos Black Horse Candy son dulces realmente \u00fanicos! Si quieres darle un poco de sabor a tu vida \u00edntima, \u00a1estas delicias est\u00e1n hechas para ti! Caramelos Black Horse Candy: afrodis\u00edacos para todos los gustos. Los caramelos Black Horse Candy son complementos que mejoran la fertilidad, la circulaci\u00f3n, [\u2026]","protected":false},"featured_media":4602,"template":"","meta":[],"product_brand":[],"product_cat":[102],"product_tag":[],"class_list":{"0":"post-4601","1":"product","2":"type-product","3":"status-publish","4":"has-post-thumbnail","6":"product_cat-bonbon-aphrodisiaque","8":"first","9":"outofstock","10":"shipping-taxable","11":"purchasable","12":"product-type-variable"},"yoast_head":"<!-- This site is optimized with the Yoast SEO plugin v26.6 - https:\/\/yoast.com\/wordpress\/plugins\/seo\/ -->\n<title>Black horse candy I Bonbon aphrodisiaque I Achat s\u00e9curis\u00e9<\/title>\n<meta name=\"description\" content=\"Les\u00a0bonbons Black Horse Candy\u00a0sont des\u00a0sucreries\u00a0vraiment pas comme les autres ! Id\u00e9al pour pimenter un peu votre vie intime !\" \/>\n<meta name=\"robots\" content=\"index, follow, max-snippet:-1, max-image-preview:large, max-video-preview:-1\" \/>\n<link rel=\"canonical\" href=\"https:\/\/www.safinel.fr\/es\/product-2\/caramelos-caballo-negro\/\" \/>\n<meta property=\"og:locale\" content=\"es_ES\" \/>\n<meta property=\"og:type\" content=\"article\" \/>\n<meta property=\"og:title\" content=\"Black horse candy I Bonbon aphrodisiaque I Achat s\u00e9curis\u00e9\" \/>\n<meta property=\"og:description\" content=\"Les\u00a0bonbons Black Horse Candy\u00a0sont des\u00a0sucreries\u00a0vraiment pas comme les autres ! Id\u00e9al pour pimenter un peu votre vie intime !\" \/>\n<meta property=\"og:url\" content=\"https:\/\/www.safinel.fr\/es\/product-2\/caramelos-caballo-negro\/\" \/>\n<meta property=\"og:site_name\" content=\"Safinel\" \/>\n<meta property=\"article:modified_time\" content=\"2023-12-28T17:15:48+00:00\" \/>\n<meta property=\"og:image\" content=\"https:\/\/www.safinel.fr\/wp-content\/uploads\/2023\/02\/black-horse-candy.jpg\" \/>\n\t<meta property=\"og:image:width\" content=\"600\" \/>\n\t<meta property=\"og:image:height\" content=\"600\" \/>\n\t<meta property=\"og:image:type\" content=\"image\/jpeg\" \/>\n<meta name=\"twitter:card\" content=\"summary_large_image\" \/>\n<meta name=\"twitter:label1\" content=\"Tiempo de lectura\" \/>\n\t<meta name=\"twitter:data1\" content=\"2 minutos\" \/>\n<script type=\"application\/ld+json\" class=\"yoast-schema-graph\">{\"@context\":\"https:\/\/schema.org\",\"@graph\":[{\"@type\":\"WebPage\",\"@id\":\"https:\/\/www.safinel.fr\/produit\/black-horse-candy\/\",\"url\":\"https:\/\/www.safinel.fr\/produit\/black-horse-candy\/\",\"name\":\"Black horse candy I Bonbon aphrodisiaque I Achat s\u00e9curis\u00e9\",\"isPartOf\":{\"@id\":\"https:\/\/www.safinel.fr\/#website\"},\"primaryImageOfPage\":{\"@id\":\"https:\/\/www.safinel.fr\/produit\/black-horse-candy\/#primaryimage\"},\"image\":{\"@id\":\"https:\/\/www.safinel.fr\/produit\/black-horse-candy\/#primaryimage\"},\"thumbnailUrl\":\"https:\/\/www.safinel.fr\/wp-content\/uploads\/2023\/02\/black-horse-candy.jpg\",\"datePublished\":\"2023-02-13T11:15:21+00:00\",\"dateModified\":\"2023-12-28T17:15:48+00:00\",\"description\":\"Les\u00a0bonbons Black Horse Candy\u00a0sont des\u00a0sucreries\u00a0vraiment pas comme les autres ! Id\u00e9al pour pimenter un peu votre vie intime !\",\"breadcrumb\":{\"@id\":\"https:\/\/www.safinel.fr\/produit\/black-horse-candy\/#breadcrumb\"},\"inLanguage\":\"es\",\"potentialAction\":[{\"@type\":\"ReadAction\",\"target\":[\"https:\/\/www.safinel.fr\/produit\/black-horse-candy\/\"]}]},{\"@type\":\"ImageObject\",\"inLanguage\":\"es\",\"@id\":\"https:\/\/www.safinel.fr\/produit\/black-horse-candy\/#primaryimage\",\"url\":\"https:\/\/www.safinel.fr\/wp-content\/uploads\/2023\/02\/black-horse-candy.jpg\",\"contentUrl\":\"https:\/\/www.safinel.fr\/wp-content\/uploads\/2023\/02\/black-horse-candy.jpg\",\"width\":600,\"height\":600,\"caption\":\"black horse candy\"},{\"@type\":\"BreadcrumbList\",\"@id\":\"https:\/\/www.safinel.fr\/produit\/black-horse-candy\/#breadcrumb\",\"itemListElement\":[{\"@type\":\"ListItem\",\"position\":1,\"name\":\"Accueil\",\"item\":\"https:\/\/www.safinel.fr\/\"},{\"@type\":\"ListItem\",\"position\":2,\"name\":\"Boutique\",\"item\":\"https:\/\/www.safinel.fr\/boutique\/\"},{\"@type\":\"ListItem\",\"position\":3,\"name\":\"Black horse candy (Bonbon aphrodisiaque)\"}]},{\"@type\":\"WebSite\",\"@id\":\"https:\/\/www.safinel.fr\/#website\",\"url\":\"https:\/\/www.safinel.fr\/\",\"name\":\"Safinel\",\"description\":\"\",\"publisher\":{\"@id\":\"https:\/\/www.safinel.fr\/#organization\"},\"potentialAction\":[{\"@type\":\"SearchAction\",\"target\":{\"@type\":\"EntryPoint\",\"urlTemplate\":\"https:\/\/www.safinel.fr\/?s={search_term_string}\"},\"query-input\":{\"@type\":\"PropertyValueSpecification\",\"valueRequired\":true,\"valueName\":\"search_term_string\"}}],\"inLanguage\":\"es\"},{\"@type\":\"Organization\",\"@id\":\"https:\/\/www.safinel.fr\/#organization\",\"name\":\"Safinel\",\"url\":\"https:\/\/www.safinel.fr\/\",\"logo\":{\"@type\":\"ImageObject\",\"inLanguage\":\"es\",\"@id\":\"https:\/\/www.safinel.fr\/#\/schema\/logo\/image\/\",\"url\":\"https:\/\/www.safinel.fr\/wp-content\/uploads\/2021\/05\/boutique-cosmetique.png\",\"contentUrl\":\"https:\/\/www.safinel.fr\/wp-content\/uploads\/2021\/05\/boutique-cosmetique.png\",\"width\":800,\"height\":200,\"caption\":\"Safinel\"},\"image\":{\"@id\":\"https:\/\/www.safinel.fr\/#\/schema\/logo\/image\/\"}}]}<\/script>\n<!-- \/ Yoast SEO plugin. -->","yoast_head_json":{"title":"Caramelos caballo negro I Caramelos afrodis\u00edacos I Compra segura","description":"\u00a1Black Horse Candy es un caramelo como ning\u00fan otro! \u00a1Ideal para condimentar tu vida \u00edntima!","robots":{"index":"index","follow":"follow","max-snippet":"max-snippet:-1","max-image-preview":"max-image-preview:large","max-video-preview":"max-video-preview:-1"},"canonical":"https:\/\/www.safinel.fr\/es\/product-2\/caramelos-caballo-negro\/","og_locale":"es_ES","og_type":"article","og_title":"Black horse candy I Bonbon aphrodisiaque I Achat s\u00e9curis\u00e9","og_description":"Les\u00a0bonbons Black Horse Candy\u00a0sont des\u00a0sucreries\u00a0vraiment pas comme les autres ! Id\u00e9al pour pimenter un peu votre vie intime !","og_url":"https:\/\/www.safinel.fr\/es\/product-2\/caramelos-caballo-negro\/","og_site_name":"Safinel","article_modified_time":"2023-12-28T17:15:48+00:00","og_image":[{"width":600,"height":600,"url":"https:\/\/www.safinel.fr\/wp-content\/uploads\/2023\/02\/black-horse-candy.jpg","type":"image\/jpeg"}],"twitter_card":"summary_large_image","twitter_misc":{"Tiempo de lectura":"2 minutos"},"schema":{"@context":"https:\/\/schema.org","@graph":[{"@type":"WebPage","@id":"https:\/\/www.safinel.fr\/produit\/black-horse-candy\/","url":"https:\/\/www.safinel.fr\/produit\/black-horse-candy\/","name":"Caramelos caballo negro I Caramelos afrodis\u00edacos I Compra segura","isPartOf":{"@id":"https:\/\/www.safinel.fr\/#website"},"primaryImageOfPage":{"@id":"https:\/\/www.safinel.fr\/produit\/black-horse-candy\/#primaryimage"},"image":{"@id":"https:\/\/www.safinel.fr\/produit\/black-horse-candy\/#primaryimage"},"thumbnailUrl":"https:\/\/www.safinel.fr\/wp-content\/uploads\/2023\/02\/black-horse-candy.jpg","datePublished":"2023-02-13T11:15:21+00:00","dateModified":"2023-12-28T17:15:48+00:00","description":"\u00a1Black Horse Candy es un caramelo como ning\u00fan otro! \u00a1Ideal para condimentar tu vida \u00edntima!","breadcrumb":{"@id":"https:\/\/www.safinel.fr\/produit\/black-horse-candy\/#breadcrumb"},"inLanguage":"es","potentialAction":[{"@type":"ReadAction","target":["https:\/\/www.safinel.fr\/produit\/black-horse-candy\/"]}]},{"@type":"ImageObject","inLanguage":"es","@id":"https:\/\/www.safinel.fr\/produit\/black-horse-candy\/#primaryimage","url":"https:\/\/www.safinel.fr\/wp-content\/uploads\/2023\/02\/black-horse-candy.jpg","contentUrl":"https:\/\/www.safinel.fr\/wp-content\/uploads\/2023\/02\/black-horse-candy.jpg","width":600,"height":600,"caption":"black horse candy"},{"@type":"BreadcrumbList","@id":"https:\/\/www.safinel.fr\/produit\/black-horse-candy\/#breadcrumb","itemListElement":[{"@type":"ListItem","position":1,"name":"Accueil","item":"https:\/\/www.safinel.fr\/"},{"@type":"ListItem","position":2,"name":"Boutique","item":"https:\/\/www.safinel.fr\/boutique\/"},{"@type":"ListItem","position":3,"name":"Black horse candy (Bonbon aphrodisiaque)"}]},{"@type":"WebSite","@id":"https:\/\/www.safinel.fr\/#website","url":"https:\/\/www.safinel.fr\/","name":"Safinel","description":"","publisher":{"@id":"https:\/\/www.safinel.fr\/#organization"},"potentialAction":[{"@type":"SearchAction","target":{"@type":"EntryPoint","urlTemplate":"https:\/\/www.safinel.fr\/?s={search_term_string}"},"query-input":{"@type":"PropertyValueSpecification","valueRequired":true,"valueName":"search_term_string"}}],"inLanguage":"es"},{"@type":"Organization","@id":"https:\/\/www.safinel.fr\/#organization","name":"Safinel","url":"https:\/\/www.safinel.fr\/","logo":{"@type":"ImageObject","inLanguage":"es","@id":"https:\/\/www.safinel.fr\/#\/schema\/logo\/image\/","url":"https:\/\/www.safinel.fr\/wp-content\/uploads\/2021\/05\/boutique-cosmetique.png","contentUrl":"https:\/\/www.safinel.fr\/wp-content\/uploads\/2021\/05\/boutique-cosmetique.png","width":800,"height":200,"caption":"Safinel"},"image":{"@id":"https:\/\/www.safinel.fr\/#\/schema\/logo\/image\/"}}]}},"_links":{"self":[{"href":"https:\/\/www.safinel.fr\/es\/wp-json\/wp\/v2\/product\/4601","targetHints":{"allow":["GET"]}}],"collection":[{"href":"https:\/\/www.safinel.fr\/es\/wp-json\/wp\/v2\/product"}],"about":[{"href":"https:\/\/www.safinel.fr\/es\/wp-json\/wp\/v2\/types\/product"}],"wp:featuredmedia":[{"embeddable":true,"href":"https:\/\/www.safinel.fr\/es\/wp-json\/wp\/v2\/media\/4602"}],"wp:attachment":[{"href":"https:\/\/www.safinel.fr\/es\/wp-json\/wp\/v2\/media?parent=4601"}],"wp:term":[{"taxonomy":"product_brand","embeddable":true,"href":"https:\/\/www.safinel.fr\/es\/wp-json\/wp\/v2\/product_brand?post=4601"},{"taxonomy":"product_cat","embeddable":true,"href":"https:\/\/www.safinel.fr\/es\/wp-json\/wp\/v2\/product_cat?post=4601"},{"taxonomy":"product_tag","embeddable":true,"href":"https:\/\/www.safinel.fr\/es\/wp-json\/wp\/v2\/product_tag?post=4601"}],"curies":[{"name":"wp","href":"https:\/\/api.w.org\/{rel}","templated":true}]}}