{"id":4588,"date":"2023-02-12T19:32:09","date_gmt":"2023-02-12T19:32:09","guid":{"rendered":"https:\/\/www.safinel.fr\/?post_type=product&#038;p=4588"},"modified":"2023-12-28T17:15:45","modified_gmt":"2023-12-28T17:15:45","slug":"serghina","status":"publish","type":"product","link":"https:\/\/www.safinel.fr\/es\/product-2\/serghina\/","title":{"rendered":"Serghina (Corrigiola Telephiifolia)"},"content":{"rendered":"<p>Serghina es una variedad de<strong>\u00a0carapate\u00a0<\/strong>Esta variedad especial crece en las regiones \u00e1ridas de \u00c1frica Occidental. Es conocida por su sabor \u00fanico y fresco, que puede variar seg\u00fan la regi\u00f3n donde crezca.<\/p>\n<h2><strong>\u00bfQu\u00e9 es Serghina?\u00a0<\/strong><\/h2>\n<p>En primer lugar, \u00a1vamos con las presentaciones! La\u00a0<strong>Serghina<\/strong>\u00a0(nombre bot\u00e1nico: Corrigiola telephiifolia) es una planta de la familia de las Caryophyllaceae originaria de \u00c1frica occidental y septentrional.<\/p>\n<p>Tradicionalmente, los herboristas marroqu\u00edes han utilizado las ra\u00edces de esta planta con fines medicinales.\u00a0<strong>ra\u00edces de sarghina<\/strong>\u00a0y lo vend\u00edan como incienso.<\/p>\n<p>La planta tambi\u00e9n se encuentra en otras partes del mundo, como Sudam\u00e9rica y Europa. Sin embargo, recibe nombres diferentes en las distintas regiones, como Polygonifolia Fabr,<strong>\u00a0Furera Bubani<\/strong>, Corrigiola litoralis.<\/p>\n<h2><strong>\u00a1Tu boutique del bienestar quiere que descubras Serghina!\u00a0<\/strong><\/h2>\n<p>Serghina: una variedad de caparaz\u00f3n con un sabor \u00fanico<\/p>\n<p>La Serghina carapate es de color amarillo verdoso y parece una manzana peque\u00f1a. Su carne es muy blanda y dulce, y suele utilizarse para hacer mermeladas y jaleas.<\/p>\n<p>Le<strong>\u00a0sarghina\u00a0<\/strong>tambi\u00e9n es muy nutritiva. Es rica en vitaminas A, B y C, y contiene muchas variedades de antioxidantes beneficiosos. Adem\u00e1s, es rica en minerales como hierro, potasio y magnesio, y contiene \u00e1cidos grasos esenciales, lo que la convierte en una excelente fuente de energ\u00eda.<\/p>\n<p>L\u2019<a href=\"https:\/\/www.safinel.fr\/es\/product-2\/aceite-de-carapato\/\"><strong>aceite de carapato<\/strong><\/a>\u00a0La serghina tambi\u00e9n es muy popular y muy nutritiva. Es conocida por sus propiedades hidratantes y nutritivas. Tambi\u00e9n es muy eficaz para hidratar el cabello y darle brillo.<\/p>\n<h2><strong>Los beneficios de Serghina\u00a0<\/strong><\/h2>\n<p>Le\u00a0<strong>Corrigiola telephiifolia<\/strong>\u00a0tiene propiedades antis\u00e9pticas, antiinflamatorias y analg\u00e9sicas. Lo que la convierte en una planta \u00fatil para aliviar dolores y molestias. Por ejemplo, dolores de cabeza, de muelas, resfriados y dolores de garganta. La planta tambi\u00e9n puede ayudar a aliviar los s\u00edntomas de la gripe y el asma.<\/p>\n<p>La Serghina carapata tiene muchos beneficios. Es rica en vitaminas y minerales, y contiene muchos antioxidantes beneficiosos. Tambi\u00e9n es rica en \u00e1cidos grasos esenciales, lo que la convierte en una excelente fuente de energ\u00eda. Adem\u00e1s, la serghina es muy popular por sus propiedades hidratantes y nutritivas, y puede utilizarse para tratar diversos tipos de piel y cabello.<\/p>\n<p>Tambi\u00e9n es muy eficaz para hidratar y dar brillo al cabello, y puede utilizarse para crear mascarillas faciales y ba\u00f1os de leche.<\/p>\n<p>Adem\u00e1s, el\u00a0<strong>Corrigiola telephiifolia\u00a0<\/strong>tambi\u00e9n puede utilizarse para aliviar los s\u00edntomas de ciertas enfermedades, como la diabetes, la hipertensi\u00f3n, los trastornos digestivos y los problemas de tiroides.<\/p>\n<h3><strong>C\u00f3mo utilizar esta planta<\/strong><\/h3>\n<p>La serghina puede utilizarse de varias formas:<\/p>\n<ul>\n<li>Infusiones<\/li>\n<li>Decocciones<\/li>\n<li>En polvo<\/li>\n<li>Tinturas madre<\/li>\n<li><strong>En c\u00e1psulas<\/strong><\/li>\n<li>Cataplasmas<\/li>\n<li>En compresas<\/li>\n<li>Aceites esenciales.<\/li>\n<\/ul>\n<p>Para el\u00a0<strong>tratamiento del dolor<\/strong>, Las hojas y los tallos se preparan generalmente en forma de infusi\u00f3n o decocci\u00f3n y se toman por v\u00eda oral. Para el tratamiento de la piel, las hojas y los tallos se utilizan generalmente en forma de polvo, tintura madre o aceite esencial, y se aplican directamente sobre la piel.<\/p>\n<p>No obstante, es importante consultar al m\u00e9dico antes de utilizarlo.<\/p>","protected":false},"excerpt":{"rendered":"<p>Le Serghina est une vari\u00e9t\u00e9 de\u00a0carapate\u00a0sp\u00e9ciale, qui pousse dans les zones arides de l\u2019Afrique de l\u2019Ouest. Elle est connue pour son go\u00fbt unique et frais, qui peut varier en fonction de la r\u00e9gion o\u00f9 elle pousse. Qu\u2019est-ce que le Serghina ?\u00a0 Tout d\u2019abord, commen\u00e7ons les pr\u00e9sentations ! Le\u00a0Serghina\u00a0(nom botanique: Corrigiola telephiifolia) est une plante de [&#8230;]","protected":false},"featured_media":4590,"template":"","meta":[],"product_brand":[],"product_cat":[27],"product_tag":[],"class_list":{"0":"post-4588","1":"product","2":"type-product","3":"status-publish","4":"has-post-thumbnail","6":"product_cat-plantes-medicinales","8":"first","9":"instock","10":"shipping-taxable","11":"purchasable","12":"product-type-variable"},"yoast_head":"<!-- This site is optimized with the Yoast SEO plugin v26.6 - https:\/\/yoast.com\/wordpress\/plugins\/seo\/ -->\n<title>Serghina (Corrigiola Telephiifolia) I Bienfaits nombreux<\/title>\n<meta name=\"description\" content=\"Le Serghina est une vari\u00e9t\u00e9 de\u00a0carapate\u00a0sp\u00e9ciale, qui pousse dans les zones arides de l\u2019Afrique de l\u2019Ouest. D\u00e9couvrez-l\u00e0 rapidement !\" \/>\n<meta name=\"robots\" content=\"index, follow, max-snippet:-1, max-image-preview:large, max-video-preview:-1\" \/>\n<link rel=\"canonical\" href=\"https:\/\/www.safinel.fr\/es\/product-2\/serghina\/\" \/>\n<meta property=\"og:locale\" content=\"es_ES\" \/>\n<meta property=\"og:type\" content=\"article\" \/>\n<meta property=\"og:title\" content=\"Serghina (Corrigiola Telephiifolia) I Bienfaits nombreux\" \/>\n<meta property=\"og:description\" content=\"Le Serghina est une vari\u00e9t\u00e9 de\u00a0carapate\u00a0sp\u00e9ciale, qui pousse dans les zones arides de l\u2019Afrique de l\u2019Ouest. D\u00e9couvrez-l\u00e0 rapidement !\" \/>\n<meta property=\"og:url\" content=\"https:\/\/www.safinel.fr\/es\/product-2\/serghina\/\" \/>\n<meta property=\"og:site_name\" content=\"Safinel\" \/>\n<meta property=\"article:modified_time\" content=\"2023-12-28T17:15:45+00:00\" \/>\n<meta property=\"og:image\" content=\"https:\/\/www.safinel.fr\/wp-content\/uploads\/2023\/02\/serghina.jpg\" \/>\n\t<meta property=\"og:image:width\" content=\"600\" \/>\n\t<meta property=\"og:image:height\" content=\"600\" \/>\n\t<meta property=\"og:image:type\" content=\"image\/jpeg\" \/>\n<meta name=\"twitter:card\" content=\"summary_large_image\" \/>\n<meta name=\"twitter:label1\" content=\"Tiempo de lectura\" \/>\n\t<meta name=\"twitter:data1\" content=\"3 minutos\" \/>\n<script type=\"application\/ld+json\" class=\"yoast-schema-graph\">{\"@context\":\"https:\/\/schema.org\",\"@graph\":[{\"@type\":\"WebPage\",\"@id\":\"https:\/\/www.safinel.fr\/produit\/serghina\/\",\"url\":\"https:\/\/www.safinel.fr\/produit\/serghina\/\",\"name\":\"Serghina (Corrigiola Telephiifolia) I Bienfaits nombreux\",\"isPartOf\":{\"@id\":\"https:\/\/www.safinel.fr\/#website\"},\"primaryImageOfPage\":{\"@id\":\"https:\/\/www.safinel.fr\/produit\/serghina\/#primaryimage\"},\"image\":{\"@id\":\"https:\/\/www.safinel.fr\/produit\/serghina\/#primaryimage\"},\"thumbnailUrl\":\"https:\/\/www.safinel.fr\/wp-content\/uploads\/2023\/02\/serghina.jpg\",\"datePublished\":\"2023-02-12T19:32:09+00:00\",\"dateModified\":\"2023-12-28T17:15:45+00:00\",\"description\":\"Le Serghina est une vari\u00e9t\u00e9 de\u00a0carapate\u00a0sp\u00e9ciale, qui pousse dans les zones arides de l\u2019Afrique de l\u2019Ouest. D\u00e9couvrez-l\u00e0 rapidement !\",\"breadcrumb\":{\"@id\":\"https:\/\/www.safinel.fr\/produit\/serghina\/#breadcrumb\"},\"inLanguage\":\"es\",\"potentialAction\":[{\"@type\":\"ReadAction\",\"target\":[\"https:\/\/www.safinel.fr\/produit\/serghina\/\"]}]},{\"@type\":\"ImageObject\",\"inLanguage\":\"es\",\"@id\":\"https:\/\/www.safinel.fr\/produit\/serghina\/#primaryimage\",\"url\":\"https:\/\/www.safinel.fr\/wp-content\/uploads\/2023\/02\/serghina.jpg\",\"contentUrl\":\"https:\/\/www.safinel.fr\/wp-content\/uploads\/2023\/02\/serghina.jpg\",\"width\":600,\"height\":600,\"caption\":\"Serghina (Corrigiola Telephiifolia)\"},{\"@type\":\"BreadcrumbList\",\"@id\":\"https:\/\/www.safinel.fr\/produit\/serghina\/#breadcrumb\",\"itemListElement\":[{\"@type\":\"ListItem\",\"position\":1,\"name\":\"Accueil\",\"item\":\"https:\/\/www.safinel.fr\/\"},{\"@type\":\"ListItem\",\"position\":2,\"name\":\"Boutique\",\"item\":\"https:\/\/www.safinel.fr\/boutique\/\"},{\"@type\":\"ListItem\",\"position\":3,\"name\":\"Serghina (Corrigiola Telephiifolia)\"}]},{\"@type\":\"WebSite\",\"@id\":\"https:\/\/www.safinel.fr\/#website\",\"url\":\"https:\/\/www.safinel.fr\/\",\"name\":\"Safinel\",\"description\":\"\",\"publisher\":{\"@id\":\"https:\/\/www.safinel.fr\/#organization\"},\"potentialAction\":[{\"@type\":\"SearchAction\",\"target\":{\"@type\":\"EntryPoint\",\"urlTemplate\":\"https:\/\/www.safinel.fr\/?s={search_term_string}\"},\"query-input\":{\"@type\":\"PropertyValueSpecification\",\"valueRequired\":true,\"valueName\":\"search_term_string\"}}],\"inLanguage\":\"es\"},{\"@type\":\"Organization\",\"@id\":\"https:\/\/www.safinel.fr\/#organization\",\"name\":\"Safinel\",\"url\":\"https:\/\/www.safinel.fr\/\",\"logo\":{\"@type\":\"ImageObject\",\"inLanguage\":\"es\",\"@id\":\"https:\/\/www.safinel.fr\/#\/schema\/logo\/image\/\",\"url\":\"https:\/\/www.safinel.fr\/wp-content\/uploads\/2021\/05\/boutique-cosmetique.png\",\"contentUrl\":\"https:\/\/www.safinel.fr\/wp-content\/uploads\/2021\/05\/boutique-cosmetique.png\",\"width\":800,\"height\":200,\"caption\":\"Safinel\"},\"image\":{\"@id\":\"https:\/\/www.safinel.fr\/#\/schema\/logo\/image\/\"}}]}<\/script>\n<!-- \/ Yoast SEO plugin. -->","yoast_head_json":{"title":"Serghina (Corrigiola Telephiifolia) I Numerosos beneficios","description":"La serghina es una variedad especial de carapacho que crece en las regiones \u00e1ridas de \u00c1frica Occidental. \u00a1Desc\u00fabrala r\u00e1pidamente!","robots":{"index":"index","follow":"follow","max-snippet":"max-snippet:-1","max-image-preview":"max-image-preview:large","max-video-preview":"max-video-preview:-1"},"canonical":"https:\/\/www.safinel.fr\/es\/product-2\/serghina\/","og_locale":"es_ES","og_type":"article","og_title":"Serghina (Corrigiola Telephiifolia) I Bienfaits nombreux","og_description":"Le Serghina est une vari\u00e9t\u00e9 de\u00a0carapate\u00a0sp\u00e9ciale, qui pousse dans les zones arides de l\u2019Afrique de l\u2019Ouest. D\u00e9couvrez-l\u00e0 rapidement !","og_url":"https:\/\/www.safinel.fr\/es\/product-2\/serghina\/","og_site_name":"Safinel","article_modified_time":"2023-12-28T17:15:45+00:00","og_image":[{"width":600,"height":600,"url":"https:\/\/www.safinel.fr\/wp-content\/uploads\/2023\/02\/serghina.jpg","type":"image\/jpeg"}],"twitter_card":"summary_large_image","twitter_misc":{"Tiempo de lectura":"3 minutos"},"schema":{"@context":"https:\/\/schema.org","@graph":[{"@type":"WebPage","@id":"https:\/\/www.safinel.fr\/produit\/serghina\/","url":"https:\/\/www.safinel.fr\/produit\/serghina\/","name":"Serghina (Corrigiola Telephiifolia) I Numerosos beneficios","isPartOf":{"@id":"https:\/\/www.safinel.fr\/#website"},"primaryImageOfPage":{"@id":"https:\/\/www.safinel.fr\/produit\/serghina\/#primaryimage"},"image":{"@id":"https:\/\/www.safinel.fr\/produit\/serghina\/#primaryimage"},"thumbnailUrl":"https:\/\/www.safinel.fr\/wp-content\/uploads\/2023\/02\/serghina.jpg","datePublished":"2023-02-12T19:32:09+00:00","dateModified":"2023-12-28T17:15:45+00:00","description":"La serghina es una variedad especial de carapacho que crece en las regiones \u00e1ridas de \u00c1frica Occidental. \u00a1Desc\u00fabrala r\u00e1pidamente!","breadcrumb":{"@id":"https:\/\/www.safinel.fr\/produit\/serghina\/#breadcrumb"},"inLanguage":"es","potentialAction":[{"@type":"ReadAction","target":["https:\/\/www.safinel.fr\/produit\/serghina\/"]}]},{"@type":"ImageObject","inLanguage":"es","@id":"https:\/\/www.safinel.fr\/produit\/serghina\/#primaryimage","url":"https:\/\/www.safinel.fr\/wp-content\/uploads\/2023\/02\/serghina.jpg","contentUrl":"https:\/\/www.safinel.fr\/wp-content\/uploads\/2023\/02\/serghina.jpg","width":600,"height":600,"caption":"Serghina (Corrigiola Telephiifolia)"},{"@type":"BreadcrumbList","@id":"https:\/\/www.safinel.fr\/produit\/serghina\/#breadcrumb","itemListElement":[{"@type":"ListItem","position":1,"name":"Accueil","item":"https:\/\/www.safinel.fr\/"},{"@type":"ListItem","position":2,"name":"Boutique","item":"https:\/\/www.safinel.fr\/boutique\/"},{"@type":"ListItem","position":3,"name":"Serghina (Corrigiola Telephiifolia)"}]},{"@type":"WebSite","@id":"https:\/\/www.safinel.fr\/#website","url":"https:\/\/www.safinel.fr\/","name":"Safinel","description":"","publisher":{"@id":"https:\/\/www.safinel.fr\/#organization"},"potentialAction":[{"@type":"SearchAction","target":{"@type":"EntryPoint","urlTemplate":"https:\/\/www.safinel.fr\/?s={search_term_string}"},"query-input":{"@type":"PropertyValueSpecification","valueRequired":true,"valueName":"search_term_string"}}],"inLanguage":"es"},{"@type":"Organization","@id":"https:\/\/www.safinel.fr\/#organization","name":"Safinel","url":"https:\/\/www.safinel.fr\/","logo":{"@type":"ImageObject","inLanguage":"es","@id":"https:\/\/www.safinel.fr\/#\/schema\/logo\/image\/","url":"https:\/\/www.safinel.fr\/wp-content\/uploads\/2021\/05\/boutique-cosmetique.png","contentUrl":"https:\/\/www.safinel.fr\/wp-content\/uploads\/2021\/05\/boutique-cosmetique.png","width":800,"height":200,"caption":"Safinel"},"image":{"@id":"https:\/\/www.safinel.fr\/#\/schema\/logo\/image\/"}}]}},"_links":{"self":[{"href":"https:\/\/www.safinel.fr\/es\/wp-json\/wp\/v2\/product\/4588","targetHints":{"allow":["GET"]}}],"collection":[{"href":"https:\/\/www.safinel.fr\/es\/wp-json\/wp\/v2\/product"}],"about":[{"href":"https:\/\/www.safinel.fr\/es\/wp-json\/wp\/v2\/types\/product"}],"wp:featuredmedia":[{"embeddable":true,"href":"https:\/\/www.safinel.fr\/es\/wp-json\/wp\/v2\/media\/4590"}],"wp:attachment":[{"href":"https:\/\/www.safinel.fr\/es\/wp-json\/wp\/v2\/media?parent=4588"}],"wp:term":[{"taxonomy":"product_brand","embeddable":true,"href":"https:\/\/www.safinel.fr\/es\/wp-json\/wp\/v2\/product_brand?post=4588"},{"taxonomy":"product_cat","embeddable":true,"href":"https:\/\/www.safinel.fr\/es\/wp-json\/wp\/v2\/product_cat?post=4588"},{"taxonomy":"product_tag","embeddable":true,"href":"https:\/\/www.safinel.fr\/es\/wp-json\/wp\/v2\/product_tag?post=4588"}],"curies":[{"name":"wp","href":"https:\/\/api.w.org\/{rel}","templated":true}]}}