{"id":4579,"date":"2023-02-12T12:04:51","date_gmt":"2023-02-12T12:04:51","guid":{"rendered":"https:\/\/www.safinel.fr\/?post_type=product&#038;p=4579"},"modified":"2023-12-28T17:15:44","modified_gmt":"2023-12-28T17:15:44","slug":"aceite-de-jazmin","status":"publish","type":"product","link":"https:\/\/www.safinel.fr\/es\/product-2\/aceite-de-jazmin\/","title":{"rendered":"Aceite de jazm\u00edn 30ml"},"content":{"rendered":"<p><strong>Aceite de jazm\u00edn\u00a0<\/strong>es un aceite esencial con numerosos beneficios para la salud y la belleza. Ya sea para la piel o el cabello, este aceite vegetal es un aut\u00e9ntico aliado diario.<\/p>\n<p>Ac\u00e9rquese a esta bonita flor blanca, que tiene mucho m\u00e1s que ofrecer que su belleza.<\/p>\n<h2><strong>Aceite de jazm\u00edn: presentaci\u00f3n\u00a0<\/strong><\/h2>\n<p>Este<strong>\u00a0aceite ecol\u00f3gico\u00a0<\/strong>es 100% natural. Con su nombre en \u00e1rabe \u00abZeytoun al y\u00e2sm\u00een\u00bb, \u00a1este frasco de 30 ml se convertir\u00e1 en parte de su vida cotidiana!<\/p>\n<p>El aceite de jazm\u00edn contiene compuestos que act\u00faan como antioxidantes. Como resultado, tiene propiedades antiinflamatorias, antis\u00e9pticas y antif\u00fangicas que pueden ayudar en varias \u00e1reas. Entre ellos, el acn\u00e9, los eczemas y la depresi\u00f3n.<\/p>\n<p>Adem\u00e1s, este\u00a0<strong>aceite vegetal de jazm\u00edn<\/strong>\u00a0tambi\u00e9n es conocido por sus propiedades calmantes para el cuerpo y la mente, y puede aplicarse por v\u00eda t\u00f3pica o inhalarse. A menudo se a\u00f1ade a cosm\u00e9ticos, perfumes y aceites de masaje.<\/p>\n<h3><strong>La mejor opci\u00f3n para su piel\u00a0<\/strong><\/h3>\n<p>Es una excelente opci\u00f3n para mejorar el aspecto y la salud de la piel. Este aceite tiene propiedades hidratantes y antioxidantes \u00fanicas que resultan muy beneficiosas.<\/p>\n<p>Puntos clave:<\/p>\n<ul>\n<li>Se sabe que ayuda a reducir la inflamaci\u00f3n y el enrojecimiento, lo que es beneficioso para la piel sensible o irritada.<\/li>\n<li>Tambi\u00e9n puede ayudar a tratar el acn\u00e9 y reducir la aparici\u00f3n de cicatrices y arrugas.<\/li>\n<li>Por \u00faltimo, este aceite tiene propiedades antibacterianas que pueden ayudar a prevenir y tratar infecciones y granos.<\/li>\n<li>Este aceite esencial es perfecto para las pieles secas, ya que es muy hidratante y nutritivo.<\/li>\n<li>Tambi\u00e9n es rico en vitaminas A, E y F, por lo que resulta muy eficaz para hidratar y reparar la piel.<\/li>\n<\/ul>\n<h3><strong>El aceite de jazm\u00edn tambi\u00e9n es bueno para el cabello...\u00a0<\/strong><\/h3>\n<p>El aceite de jazm\u00edn es un ingrediente popular por sus propiedades nutritivas y revitalizantes, especialmente para el cabello. Ayuda a nutrir y proteger la fibra capilar y el cuero cabelludo, proporcionando al cabello un brillo saludable y una salud \u00f3ptima.<\/p>\n<p>Adem\u00e1s, este\u00a0<strong>ingrediente natural<\/strong>\u00a0ayuda a prevenir y reducir las puntas abiertas y el cabello quebradizo. Incluso puede ayudar a combatir la ca\u00edda del cabello y retrasar la formaci\u00f3n de caspa.<\/p>\n<p>Descubre tambi\u00e9n para el cabello:\u00a0<strong><a href=\"https:\/\/www.safinel.fr\/es\/product-2\/aceite-de-damla\/\">aceite de amla<\/a>.\u00a0<\/strong><\/p>\n<h3><strong>\u00bfC\u00f3mo debe utilizarse el aceite de jazm\u00edn?\u00a0<\/strong><\/h3>\n<p>Para aprovechar los beneficios del aceite de jazm\u00edn para la piel, aplique una peque\u00f1a cantidad sobre la piel limpia y seca una o dos veces al d\u00eda. Tambi\u00e9n puedes a\u00f1adir unas gotas de aceite a tu crema hidratante para potenciar sus efectos hidratantes y nutritivos.<\/p>\n<p>Para obtener los mejores resultados, masajee el cabello con este producto.\u00a0<strong>macerado oleoso\u00a0<\/strong>directamente sobre el cuero cabelludo y el cabello. A continuaci\u00f3n, dejar reposar durante una hora para que se absorban las propiedades nutritivas.<\/p>","protected":false},"excerpt":{"rendered":"<p>El aceite de jazm\u00edn es un aceite esencial que tiene m\u00faltiples beneficios para la salud y la belleza. Tanto para la piel como para el cabello, este aceite vegetal es un aut\u00e9ntico aliado en el d\u00eda a d\u00eda. \u00a1Descubramos esta bonita flor blanca que no solo destaca por su belleza! El aceite de jazm\u00edn: [\u2026]","protected":false},"featured_media":4580,"template":"","meta":[],"product_brand":[],"product_cat":[122],"product_tag":[],"class_list":{"0":"post-4579","1":"product","2":"type-product","3":"status-publish","4":"has-post-thumbnail","6":"product_cat-huile-vegetale","8":"first","9":"outofstock","10":"shipping-taxable","11":"purchasable","12":"product-type-simple"},"yoast_head":"<!-- This site is optimized with the Yoast SEO plugin v26.6 - https:\/\/yoast.com\/wordpress\/plugins\/seo\/ -->\n<title>Huile de jasmin I 100% naturelle I Bienfaits nombreux<\/title>\n<meta name=\"description\" content=\"L&#039;huile de jasmin\u00a0est une huile essentielle qui a plusieurs bienfaits pour la sant\u00e9 et la beaut\u00e9. Adoptez-l\u00e0 sans plus attendre notre e-boutique !\" \/>\n<meta name=\"robots\" content=\"index, follow, max-snippet:-1, max-image-preview:large, max-video-preview:-1\" \/>\n<link rel=\"canonical\" href=\"https:\/\/www.safinel.fr\/es\/product-2\/aceite-de-jazmin\/\" \/>\n<meta property=\"og:locale\" content=\"es_ES\" \/>\n<meta property=\"og:type\" content=\"article\" \/>\n<meta property=\"og:title\" content=\"Huile de jasmin I 100% naturelle I Bienfaits nombreux\" \/>\n<meta property=\"og:description\" content=\"L&#039;huile de jasmin\u00a0est une huile essentielle qui a plusieurs bienfaits pour la sant\u00e9 et la beaut\u00e9. Adoptez-l\u00e0 sans plus attendre notre e-boutique !\" \/>\n<meta property=\"og:url\" content=\"https:\/\/www.safinel.fr\/es\/product-2\/aceite-de-jazmin\/\" \/>\n<meta property=\"og:site_name\" content=\"Safinel\" \/>\n<meta property=\"article:modified_time\" content=\"2023-12-28T17:15:44+00:00\" \/>\n<meta property=\"og:image\" content=\"https:\/\/www.safinel.fr\/wp-content\/uploads\/2023\/02\/huile-de-jasmin.jpg\" \/>\n\t<meta property=\"og:image:width\" content=\"600\" \/>\n\t<meta property=\"og:image:height\" content=\"600\" \/>\n\t<meta property=\"og:image:type\" content=\"image\/jpeg\" \/>\n<meta name=\"twitter:card\" content=\"summary_large_image\" \/>\n<meta name=\"twitter:label1\" content=\"Tiempo de lectura\" \/>\n\t<meta name=\"twitter:data1\" content=\"3 minutos\" \/>\n<script type=\"application\/ld+json\" class=\"yoast-schema-graph\">{\"@context\":\"https:\/\/schema.org\",\"@graph\":[{\"@type\":\"WebPage\",\"@id\":\"https:\/\/www.safinel.fr\/produit\/huile-de-jasmin\/\",\"url\":\"https:\/\/www.safinel.fr\/produit\/huile-de-jasmin\/\",\"name\":\"Huile de jasmin I 100% naturelle I Bienfaits nombreux\",\"isPartOf\":{\"@id\":\"https:\/\/www.safinel.fr\/#website\"},\"primaryImageOfPage\":{\"@id\":\"https:\/\/www.safinel.fr\/produit\/huile-de-jasmin\/#primaryimage\"},\"image\":{\"@id\":\"https:\/\/www.safinel.fr\/produit\/huile-de-jasmin\/#primaryimage\"},\"thumbnailUrl\":\"https:\/\/www.safinel.fr\/wp-content\/uploads\/2023\/02\/huile-de-jasmin.jpg\",\"datePublished\":\"2023-02-12T12:04:51+00:00\",\"dateModified\":\"2023-12-28T17:15:44+00:00\",\"description\":\"L'huile de jasmin\u00a0est une huile essentielle qui a plusieurs bienfaits pour la sant\u00e9 et la beaut\u00e9. Adoptez-l\u00e0 sans plus attendre notre e-boutique !\",\"breadcrumb\":{\"@id\":\"https:\/\/www.safinel.fr\/produit\/huile-de-jasmin\/#breadcrumb\"},\"inLanguage\":\"es\",\"potentialAction\":[{\"@type\":\"ReadAction\",\"target\":[\"https:\/\/www.safinel.fr\/produit\/huile-de-jasmin\/\"]}]},{\"@type\":\"ImageObject\",\"inLanguage\":\"es\",\"@id\":\"https:\/\/www.safinel.fr\/produit\/huile-de-jasmin\/#primaryimage\",\"url\":\"https:\/\/www.safinel.fr\/wp-content\/uploads\/2023\/02\/huile-de-jasmin.jpg\",\"contentUrl\":\"https:\/\/www.safinel.fr\/wp-content\/uploads\/2023\/02\/huile-de-jasmin.jpg\",\"width\":600,\"height\":600,\"caption\":\"Huile de jasmin 30ml\"},{\"@type\":\"BreadcrumbList\",\"@id\":\"https:\/\/www.safinel.fr\/produit\/huile-de-jasmin\/#breadcrumb\",\"itemListElement\":[{\"@type\":\"ListItem\",\"position\":1,\"name\":\"Accueil\",\"item\":\"https:\/\/www.safinel.fr\/\"},{\"@type\":\"ListItem\",\"position\":2,\"name\":\"Boutique\",\"item\":\"https:\/\/www.safinel.fr\/boutique\/\"},{\"@type\":\"ListItem\",\"position\":3,\"name\":\"Huile de jasmin 30ml\"}]},{\"@type\":\"WebSite\",\"@id\":\"https:\/\/www.safinel.fr\/#website\",\"url\":\"https:\/\/www.safinel.fr\/\",\"name\":\"Safinel\",\"description\":\"\",\"publisher\":{\"@id\":\"https:\/\/www.safinel.fr\/#organization\"},\"potentialAction\":[{\"@type\":\"SearchAction\",\"target\":{\"@type\":\"EntryPoint\",\"urlTemplate\":\"https:\/\/www.safinel.fr\/?s={search_term_string}\"},\"query-input\":{\"@type\":\"PropertyValueSpecification\",\"valueRequired\":true,\"valueName\":\"search_term_string\"}}],\"inLanguage\":\"es\"},{\"@type\":\"Organization\",\"@id\":\"https:\/\/www.safinel.fr\/#organization\",\"name\":\"Safinel\",\"url\":\"https:\/\/www.safinel.fr\/\",\"logo\":{\"@type\":\"ImageObject\",\"inLanguage\":\"es\",\"@id\":\"https:\/\/www.safinel.fr\/#\/schema\/logo\/image\/\",\"url\":\"https:\/\/www.safinel.fr\/wp-content\/uploads\/2021\/05\/boutique-cosmetique.png\",\"contentUrl\":\"https:\/\/www.safinel.fr\/wp-content\/uploads\/2021\/05\/boutique-cosmetique.png\",\"width\":800,\"height\":200,\"caption\":\"Safinel\"},\"image\":{\"@id\":\"https:\/\/www.safinel.fr\/#\/schema\/logo\/image\/\"}}]}<\/script>\n<!-- \/ Yoast SEO plugin. -->","yoast_head_json":{"title":"Aceite de jazm\u00edn I 100% natural I Numerosos beneficios","description":"El aceite de jazm\u00edn es un aceite esencial con muchos beneficios para la salud y la belleza. \u00a1No esperes m\u00e1s para probarlo en nuestra e-shop!","robots":{"index":"index","follow":"follow","max-snippet":"max-snippet:-1","max-image-preview":"max-image-preview:large","max-video-preview":"max-video-preview:-1"},"canonical":"https:\/\/www.safinel.fr\/es\/product-2\/aceite-de-jazmin\/","og_locale":"es_ES","og_type":"article","og_title":"Huile de jasmin I 100% naturelle I Bienfaits nombreux","og_description":"L'huile de jasmin\u00a0est une huile essentielle qui a plusieurs bienfaits pour la sant\u00e9 et la beaut\u00e9. Adoptez-l\u00e0 sans plus attendre notre e-boutique !","og_url":"https:\/\/www.safinel.fr\/es\/product-2\/aceite-de-jazmin\/","og_site_name":"Safinel","article_modified_time":"2023-12-28T17:15:44+00:00","og_image":[{"width":600,"height":600,"url":"https:\/\/www.safinel.fr\/wp-content\/uploads\/2023\/02\/huile-de-jasmin.jpg","type":"image\/jpeg"}],"twitter_card":"summary_large_image","twitter_misc":{"Tiempo de lectura":"3 minutos"},"schema":{"@context":"https:\/\/schema.org","@graph":[{"@type":"WebPage","@id":"https:\/\/www.safinel.fr\/produit\/huile-de-jasmin\/","url":"https:\/\/www.safinel.fr\/produit\/huile-de-jasmin\/","name":"Aceite de jazm\u00edn I 100% natural I Numerosos beneficios","isPartOf":{"@id":"https:\/\/www.safinel.fr\/#website"},"primaryImageOfPage":{"@id":"https:\/\/www.safinel.fr\/produit\/huile-de-jasmin\/#primaryimage"},"image":{"@id":"https:\/\/www.safinel.fr\/produit\/huile-de-jasmin\/#primaryimage"},"thumbnailUrl":"https:\/\/www.safinel.fr\/wp-content\/uploads\/2023\/02\/huile-de-jasmin.jpg","datePublished":"2023-02-12T12:04:51+00:00","dateModified":"2023-12-28T17:15:44+00:00","description":"El aceite de jazm\u00edn es un aceite esencial con muchos beneficios para la salud y la belleza. \u00a1No esperes m\u00e1s para probarlo en nuestra e-shop!","breadcrumb":{"@id":"https:\/\/www.safinel.fr\/produit\/huile-de-jasmin\/#breadcrumb"},"inLanguage":"es","potentialAction":[{"@type":"ReadAction","target":["https:\/\/www.safinel.fr\/produit\/huile-de-jasmin\/"]}]},{"@type":"ImageObject","inLanguage":"es","@id":"https:\/\/www.safinel.fr\/produit\/huile-de-jasmin\/#primaryimage","url":"https:\/\/www.safinel.fr\/wp-content\/uploads\/2023\/02\/huile-de-jasmin.jpg","contentUrl":"https:\/\/www.safinel.fr\/wp-content\/uploads\/2023\/02\/huile-de-jasmin.jpg","width":600,"height":600,"caption":"Huile de jasmin 30ml"},{"@type":"BreadcrumbList","@id":"https:\/\/www.safinel.fr\/produit\/huile-de-jasmin\/#breadcrumb","itemListElement":[{"@type":"ListItem","position":1,"name":"Accueil","item":"https:\/\/www.safinel.fr\/"},{"@type":"ListItem","position":2,"name":"Boutique","item":"https:\/\/www.safinel.fr\/boutique\/"},{"@type":"ListItem","position":3,"name":"Huile de jasmin 30ml"}]},{"@type":"WebSite","@id":"https:\/\/www.safinel.fr\/#website","url":"https:\/\/www.safinel.fr\/","name":"Safinel","description":"","publisher":{"@id":"https:\/\/www.safinel.fr\/#organization"},"potentialAction":[{"@type":"SearchAction","target":{"@type":"EntryPoint","urlTemplate":"https:\/\/www.safinel.fr\/?s={search_term_string}"},"query-input":{"@type":"PropertyValueSpecification","valueRequired":true,"valueName":"search_term_string"}}],"inLanguage":"es"},{"@type":"Organization","@id":"https:\/\/www.safinel.fr\/#organization","name":"Safinel","url":"https:\/\/www.safinel.fr\/","logo":{"@type":"ImageObject","inLanguage":"es","@id":"https:\/\/www.safinel.fr\/#\/schema\/logo\/image\/","url":"https:\/\/www.safinel.fr\/wp-content\/uploads\/2021\/05\/boutique-cosmetique.png","contentUrl":"https:\/\/www.safinel.fr\/wp-content\/uploads\/2021\/05\/boutique-cosmetique.png","width":800,"height":200,"caption":"Safinel"},"image":{"@id":"https:\/\/www.safinel.fr\/#\/schema\/logo\/image\/"}}]}},"_links":{"self":[{"href":"https:\/\/www.safinel.fr\/es\/wp-json\/wp\/v2\/product\/4579","targetHints":{"allow":["GET"]}}],"collection":[{"href":"https:\/\/www.safinel.fr\/es\/wp-json\/wp\/v2\/product"}],"about":[{"href":"https:\/\/www.safinel.fr\/es\/wp-json\/wp\/v2\/types\/product"}],"wp:featuredmedia":[{"embeddable":true,"href":"https:\/\/www.safinel.fr\/es\/wp-json\/wp\/v2\/media\/4580"}],"wp:attachment":[{"href":"https:\/\/www.safinel.fr\/es\/wp-json\/wp\/v2\/media?parent=4579"}],"wp:term":[{"taxonomy":"product_brand","embeddable":true,"href":"https:\/\/www.safinel.fr\/es\/wp-json\/wp\/v2\/product_brand?post=4579"},{"taxonomy":"product_cat","embeddable":true,"href":"https:\/\/www.safinel.fr\/es\/wp-json\/wp\/v2\/product_cat?post=4579"},{"taxonomy":"product_tag","embeddable":true,"href":"https:\/\/www.safinel.fr\/es\/wp-json\/wp\/v2\/product_tag?post=4579"}],"curies":[{"name":"wp","href":"https:\/\/api.w.org\/{rel}","templated":true}]}}