{"id":4567,"date":"2023-02-10T12:00:38","date_gmt":"2023-02-10T12:00:38","guid":{"rendered":"https:\/\/www.safinel.fr\/?post_type=product&#038;p=4567"},"modified":"2024-03-30T18:12:09","modified_gmt":"2024-03-30T18:12:09","slug":"aceite-de-baobab","status":"publish","type":"product","link":"https:\/\/www.safinel.fr\/es\/product-2\/aceite-de-baobab\/","title":{"rendered":"Aceite de baobab 50ml"},"content":{"rendered":"<p>L<strong>\u2019aceite de baobab\u00a0<\/strong>es un\u00a0<strong>producto vegetal<\/strong>\u00a0rico en antioxidantes, obtenido del fruto del \u00e1rbol baobab. Originario de \u00c1frica occidental y meridional, el aceite de baobab es conocido por sus numerosas propiedades beneficiosas para la piel, el cabello y la salud en general.<\/p>\n<h2><strong>Descubrir el aceite de baobab<\/strong><\/h2>\n<p>El aceite de baobab es originario de \u00c1frica y Madagascar. Se extrae de las semillas del fruto del \u00e1rbol baobab, un enorme y legendario miembro de la familia Bombacaceae. Su nombre procede del \u00e1rabe \u00abbu hibab\u00bb, que significa \u00abfruto con muchas semillas\u00bb.<\/p>\n<p>El aceite de baobab es un producto que\u00a0<strong>100% natural<\/strong>\u00a0que ofrece m\u00faltiples beneficios para el rostro. Su composici\u00f3n, rica en vitamina E, \u00e1cidos grasos esenciales y antioxidantes, hidrata, nutre y protege la piel contra los radicales libres, contribuyendo a que la tez est\u00e9 m\u00e1s luminosa y sana.<\/p>\n<p>Este aceite tambi\u00e9n puede\u00a0<strong>aliviar el picor<\/strong>\u00a0y favorece la regeneraci\u00f3n de las c\u00e9lulas cut\u00e1neas. Es ideal para tratar estr\u00edas, labios agrietados y cicatrices, y prevenir el envejecimiento prematuro de la piel.<\/p>\n<h2><strong>Aceite de baobab: un cosm\u00e9tico natural\u00a0<\/strong><\/h2>\n<p>El aceite de baobab se considera un tratamiento cosm\u00e9tico natural muy eficaz. Tiene propiedades suavizantes, nutritivas e hidratantes que pueden ayudar a nutrir la piel y el cabello. Tambi\u00e9n ayuda a calmar la piel seca y a proteger las u\u00f1as y el pelo partidos. Tambi\u00e9n es rico en\u00a0<strong>vitamina E<\/strong>\u00a0y \u00e1cidos grasos esenciales, que ayudan a estimular la renovaci\u00f3n celular y a regenerar la piel. Tambi\u00e9n es rico en antioxidantes, lo que lo convierte en un producto muy apreciado por sus propiedades antienvejecimiento.<\/p>\n<p>Por eso, su tienda online especializada en productos naturales quiere que lo descubra. Disponible en diferentes tama\u00f1os, 50 ml, 100 ml o incluso 500 ml, este magn\u00edfico aceite podr\u00eda convertirse r\u00e1pidamente en uno de sus imprescindibles.<\/p>\n<h3><strong>Los beneficios del aceite de baobab\u00a0<\/strong><\/h3>\n<p>Ahora que sabe m\u00e1s sobre este producto natural, \u00bfqu\u00e9 le parece hablar de sus muchas virtudes?<\/p>\n<p>De hecho, el aceite de baobab est\u00e1 repleto de<strong>\u00a0beneficios para la piel\u00a0<\/strong>y el cabello. Es antioxidante, antiinflamatorio e hidratante, y favorece la renovaci\u00f3n celular. Adem\u00e1s, para los interesados, tambi\u00e9n es<strong>\u00a0regenerando<\/strong>, cicatrizante, suavizante, emoliente, nutritiva y calmante.<\/p>\n<p>Tambi\u00e9n suaviza el cabello seco y encrespado y puede utilizarse como limpiador natural. Por \u00faltimo, frena los efectos del envejecimiento y es ideal para pieles sensibles, secas e irritadas, as\u00ed como para u\u00f1as quebradizas.<\/p>\n<h3><strong>Tambi\u00e9n disponible en su tienda Safinel...\u00a0<\/strong><\/h3>\n<p>Si le atrae el aceite de baobab, perm\u00edtanos sugerirle un producto que podr\u00eda convertirse en uno de sus favoritos.<\/p>\n<p>\u00bfHa o\u00eddo hablar alguna vez de\u2019<strong><a href=\"https:\/\/www.safinel.fr\/es\/product-2\/aceite-de-onagra-ecologico\/\">aceite de onagra ecol\u00f3gico<\/a>\u00a0<\/strong>? Si no es as\u00ed, no se preocupe, \u00a1se lo contaremos todo!<\/p>\n<p>Tambi\u00e9n producto natural, este elixir puede utilizarse tanto en remedios naturales como en cosm\u00e9tica. Adem\u00e1s, tiene propiedades similares a las del aceite de Baobab, aunque es muy diferente. Le dejamos que lo descubra en su tienda online...<\/p>","protected":false},"excerpt":{"rendered":"<p>L\u2019huile de baobab\u00a0est un\u00a0produit v\u00e9g\u00e9tal\u00a0riche en antioxydants qui est obtenu \u00e0 partir des fruits de l\u2019arbre baobab. Originaire d\u2019Afrique de l\u2019Ouest et d\u2019Afrique australe, l\u2019huile de baobab est connue pour ses nombreuses propri\u00e9t\u00e9s b\u00e9n\u00e9fiques pour la peau, les cheveux et la sant\u00e9 en g\u00e9n\u00e9ral. A la d\u00e9couverte de l\u2019huile de baobab L\u2019huile de baobab est [&#8230;]","protected":false},"featured_media":4568,"template":"","meta":[],"product_brand":[],"product_cat":[122],"product_tag":[],"class_list":{"0":"post-4567","1":"product","2":"type-product","3":"status-publish","4":"has-post-thumbnail","6":"product_cat-huile-vegetale","8":"first","9":"instock","10":"shipping-taxable","11":"purchasable","12":"product-type-simple"},"yoast_head":"<!-- This site is optimized with the Yoast SEO plugin v26.6 - https:\/\/yoast.com\/wordpress\/plugins\/seo\/ -->\n<title>Huile de baobab I Bienfaits nombreux I Visage &amp; Cheveux<\/title>\n<meta name=\"description\" content=\"L\u2019huile de baobab\u00a0est un\u00a0produit v\u00e9g\u00e9tal\u00a0riche en antioxydants qui est obtenu \u00e0 partir des fruits de l\u2019arbre baobab. Adoptez-l\u00e0 sans plus attendre !\" \/>\n<meta name=\"robots\" content=\"index, follow, max-snippet:-1, max-image-preview:large, max-video-preview:-1\" \/>\n<link rel=\"canonical\" href=\"https:\/\/www.safinel.fr\/es\/product-2\/aceite-de-baobab\/\" \/>\n<meta property=\"og:locale\" content=\"es_ES\" \/>\n<meta property=\"og:type\" content=\"article\" \/>\n<meta property=\"og:title\" content=\"Huile de baobab I Bienfaits nombreux I Visage &amp; Cheveux\" \/>\n<meta property=\"og:description\" content=\"L\u2019huile de baobab\u00a0est un\u00a0produit v\u00e9g\u00e9tal\u00a0riche en antioxydants qui est obtenu \u00e0 partir des fruits de l\u2019arbre baobab. Adoptez-l\u00e0 sans plus attendre !\" \/>\n<meta property=\"og:url\" content=\"https:\/\/www.safinel.fr\/es\/product-2\/aceite-de-baobab\/\" \/>\n<meta property=\"og:site_name\" content=\"Safinel\" \/>\n<meta property=\"article:modified_time\" content=\"2024-03-30T18:12:09+00:00\" \/>\n<meta property=\"og:image\" content=\"https:\/\/www.safinel.fr\/wp-content\/uploads\/2023\/02\/huile-de-baobab.jpg.webp\" \/>\n\t<meta property=\"og:image:width\" content=\"600\" \/>\n\t<meta property=\"og:image:height\" content=\"600\" \/>\n\t<meta property=\"og:image:type\" content=\"image\/webp\" \/>\n<meta name=\"twitter:card\" content=\"summary_large_image\" \/>\n<meta name=\"twitter:label1\" content=\"Tiempo de lectura\" \/>\n\t<meta name=\"twitter:data1\" content=\"3 minutos\" \/>\n<script type=\"application\/ld+json\" class=\"yoast-schema-graph\">{\"@context\":\"https:\/\/schema.org\",\"@graph\":[{\"@type\":\"WebPage\",\"@id\":\"https:\/\/www.safinel.fr\/produit\/huile-de-baobab\/\",\"url\":\"https:\/\/www.safinel.fr\/produit\/huile-de-baobab\/\",\"name\":\"Huile de baobab I Bienfaits nombreux I Visage & Cheveux\",\"isPartOf\":{\"@id\":\"https:\/\/www.safinel.fr\/#website\"},\"primaryImageOfPage\":{\"@id\":\"https:\/\/www.safinel.fr\/produit\/huile-de-baobab\/#primaryimage\"},\"image\":{\"@id\":\"https:\/\/www.safinel.fr\/produit\/huile-de-baobab\/#primaryimage\"},\"thumbnailUrl\":\"https:\/\/www.safinel.fr\/wp-content\/uploads\/2023\/02\/huile-de-baobab.jpg.webp\",\"datePublished\":\"2023-02-10T12:00:38+00:00\",\"dateModified\":\"2024-03-30T18:12:09+00:00\",\"description\":\"L\u2019huile de baobab\u00a0est un\u00a0produit v\u00e9g\u00e9tal\u00a0riche en antioxydants qui est obtenu \u00e0 partir des fruits de l\u2019arbre baobab. Adoptez-l\u00e0 sans plus attendre !\",\"breadcrumb\":{\"@id\":\"https:\/\/www.safinel.fr\/produit\/huile-de-baobab\/#breadcrumb\"},\"inLanguage\":\"es\",\"potentialAction\":[{\"@type\":\"ReadAction\",\"target\":[\"https:\/\/www.safinel.fr\/produit\/huile-de-baobab\/\"]}]},{\"@type\":\"ImageObject\",\"inLanguage\":\"es\",\"@id\":\"https:\/\/www.safinel.fr\/produit\/huile-de-baobab\/#primaryimage\",\"url\":\"https:\/\/www.safinel.fr\/wp-content\/uploads\/2023\/02\/huile-de-baobab.jpg.webp\",\"contentUrl\":\"https:\/\/www.safinel.fr\/wp-content\/uploads\/2023\/02\/huile-de-baobab.jpg.webp\",\"width\":600,\"height\":600,\"caption\":\"Huile de baobab 50ml\"},{\"@type\":\"BreadcrumbList\",\"@id\":\"https:\/\/www.safinel.fr\/produit\/huile-de-baobab\/#breadcrumb\",\"itemListElement\":[{\"@type\":\"ListItem\",\"position\":1,\"name\":\"Accueil\",\"item\":\"https:\/\/www.safinel.fr\/\"},{\"@type\":\"ListItem\",\"position\":2,\"name\":\"Boutique\",\"item\":\"https:\/\/www.safinel.fr\/boutique\/\"},{\"@type\":\"ListItem\",\"position\":3,\"name\":\"Huile de baobab 50ml\"}]},{\"@type\":\"WebSite\",\"@id\":\"https:\/\/www.safinel.fr\/#website\",\"url\":\"https:\/\/www.safinel.fr\/\",\"name\":\"Safinel\",\"description\":\"\",\"publisher\":{\"@id\":\"https:\/\/www.safinel.fr\/#organization\"},\"potentialAction\":[{\"@type\":\"SearchAction\",\"target\":{\"@type\":\"EntryPoint\",\"urlTemplate\":\"https:\/\/www.safinel.fr\/?s={search_term_string}\"},\"query-input\":{\"@type\":\"PropertyValueSpecification\",\"valueRequired\":true,\"valueName\":\"search_term_string\"}}],\"inLanguage\":\"es\"},{\"@type\":\"Organization\",\"@id\":\"https:\/\/www.safinel.fr\/#organization\",\"name\":\"Safinel\",\"url\":\"https:\/\/www.safinel.fr\/\",\"logo\":{\"@type\":\"ImageObject\",\"inLanguage\":\"es\",\"@id\":\"https:\/\/www.safinel.fr\/#\/schema\/logo\/image\/\",\"url\":\"https:\/\/www.safinel.fr\/wp-content\/uploads\/2021\/05\/boutique-cosmetique.png\",\"contentUrl\":\"https:\/\/www.safinel.fr\/wp-content\/uploads\/2021\/05\/boutique-cosmetique.png\",\"width\":800,\"height\":200,\"caption\":\"Safinel\"},\"image\":{\"@id\":\"https:\/\/www.safinel.fr\/#\/schema\/logo\/image\/\"}}]}<\/script>\n<!-- \/ Yoast SEO plugin. -->","yoast_head_json":{"title":"Aceite de baobab I Numerosos beneficios I Rostro y cabello","description":"El aceite de baobab es un producto vegetal rico en antioxidantes que se obtiene del fruto del \u00e1rbol baobab. \u00a1No espere m\u00e1s!","robots":{"index":"index","follow":"follow","max-snippet":"max-snippet:-1","max-image-preview":"max-image-preview:large","max-video-preview":"max-video-preview:-1"},"canonical":"https:\/\/www.safinel.fr\/es\/product-2\/aceite-de-baobab\/","og_locale":"es_ES","og_type":"article","og_title":"Huile de baobab I Bienfaits nombreux I Visage & Cheveux","og_description":"L\u2019huile de baobab\u00a0est un\u00a0produit v\u00e9g\u00e9tal\u00a0riche en antioxydants qui est obtenu \u00e0 partir des fruits de l\u2019arbre baobab. Adoptez-l\u00e0 sans plus attendre !","og_url":"https:\/\/www.safinel.fr\/es\/product-2\/aceite-de-baobab\/","og_site_name":"Safinel","article_modified_time":"2024-03-30T18:12:09+00:00","og_image":[{"width":600,"height":600,"url":"https:\/\/www.safinel.fr\/wp-content\/uploads\/2023\/02\/huile-de-baobab.jpg.webp","type":"image\/webp"}],"twitter_card":"summary_large_image","twitter_misc":{"Tiempo de lectura":"3 minutos"},"schema":{"@context":"https:\/\/schema.org","@graph":[{"@type":"WebPage","@id":"https:\/\/www.safinel.fr\/produit\/huile-de-baobab\/","url":"https:\/\/www.safinel.fr\/produit\/huile-de-baobab\/","name":"Aceite de baobab I Numerosos beneficios I Rostro y cabello","isPartOf":{"@id":"https:\/\/www.safinel.fr\/#website"},"primaryImageOfPage":{"@id":"https:\/\/www.safinel.fr\/produit\/huile-de-baobab\/#primaryimage"},"image":{"@id":"https:\/\/www.safinel.fr\/produit\/huile-de-baobab\/#primaryimage"},"thumbnailUrl":"https:\/\/www.safinel.fr\/wp-content\/uploads\/2023\/02\/huile-de-baobab.jpg.webp","datePublished":"2023-02-10T12:00:38+00:00","dateModified":"2024-03-30T18:12:09+00:00","description":"El aceite de baobab es un producto vegetal rico en antioxidantes que se obtiene del fruto del \u00e1rbol baobab. \u00a1No espere m\u00e1s!","breadcrumb":{"@id":"https:\/\/www.safinel.fr\/produit\/huile-de-baobab\/#breadcrumb"},"inLanguage":"es","potentialAction":[{"@type":"ReadAction","target":["https:\/\/www.safinel.fr\/produit\/huile-de-baobab\/"]}]},{"@type":"ImageObject","inLanguage":"es","@id":"https:\/\/www.safinel.fr\/produit\/huile-de-baobab\/#primaryimage","url":"https:\/\/www.safinel.fr\/wp-content\/uploads\/2023\/02\/huile-de-baobab.jpg.webp","contentUrl":"https:\/\/www.safinel.fr\/wp-content\/uploads\/2023\/02\/huile-de-baobab.jpg.webp","width":600,"height":600,"caption":"Huile de baobab 50ml"},{"@type":"BreadcrumbList","@id":"https:\/\/www.safinel.fr\/produit\/huile-de-baobab\/#breadcrumb","itemListElement":[{"@type":"ListItem","position":1,"name":"Accueil","item":"https:\/\/www.safinel.fr\/"},{"@type":"ListItem","position":2,"name":"Boutique","item":"https:\/\/www.safinel.fr\/boutique\/"},{"@type":"ListItem","position":3,"name":"Huile de baobab 50ml"}]},{"@type":"WebSite","@id":"https:\/\/www.safinel.fr\/#website","url":"https:\/\/www.safinel.fr\/","name":"Safinel","description":"","publisher":{"@id":"https:\/\/www.safinel.fr\/#organization"},"potentialAction":[{"@type":"SearchAction","target":{"@type":"EntryPoint","urlTemplate":"https:\/\/www.safinel.fr\/?s={search_term_string}"},"query-input":{"@type":"PropertyValueSpecification","valueRequired":true,"valueName":"search_term_string"}}],"inLanguage":"es"},{"@type":"Organization","@id":"https:\/\/www.safinel.fr\/#organization","name":"Safinel","url":"https:\/\/www.safinel.fr\/","logo":{"@type":"ImageObject","inLanguage":"es","@id":"https:\/\/www.safinel.fr\/#\/schema\/logo\/image\/","url":"https:\/\/www.safinel.fr\/wp-content\/uploads\/2021\/05\/boutique-cosmetique.png","contentUrl":"https:\/\/www.safinel.fr\/wp-content\/uploads\/2021\/05\/boutique-cosmetique.png","width":800,"height":200,"caption":"Safinel"},"image":{"@id":"https:\/\/www.safinel.fr\/#\/schema\/logo\/image\/"}}]}},"_links":{"self":[{"href":"https:\/\/www.safinel.fr\/es\/wp-json\/wp\/v2\/product\/4567","targetHints":{"allow":["GET"]}}],"collection":[{"href":"https:\/\/www.safinel.fr\/es\/wp-json\/wp\/v2\/product"}],"about":[{"href":"https:\/\/www.safinel.fr\/es\/wp-json\/wp\/v2\/types\/product"}],"wp:featuredmedia":[{"embeddable":true,"href":"https:\/\/www.safinel.fr\/es\/wp-json\/wp\/v2\/media\/4568"}],"wp:attachment":[{"href":"https:\/\/www.safinel.fr\/es\/wp-json\/wp\/v2\/media?parent=4567"}],"wp:term":[{"taxonomy":"product_brand","embeddable":true,"href":"https:\/\/www.safinel.fr\/es\/wp-json\/wp\/v2\/product_brand?post=4567"},{"taxonomy":"product_cat","embeddable":true,"href":"https:\/\/www.safinel.fr\/es\/wp-json\/wp\/v2\/product_cat?post=4567"},{"taxonomy":"product_tag","embeddable":true,"href":"https:\/\/www.safinel.fr\/es\/wp-json\/wp\/v2\/product_tag?post=4567"}],"curies":[{"name":"wp","href":"https:\/\/api.w.org\/{rel}","templated":true}]}}