{"id":4562,"date":"2023-02-09T18:47:18","date_gmt":"2023-02-09T18:47:18","guid":{"rendered":"https:\/\/www.safinel.fr\/?post_type=product&#038;p=4562"},"modified":"2024-04-09T20:37:45","modified_gmt":"2024-04-09T20:37:45","slug":"jabon-kojico","status":"publish","type":"product","link":"https:\/\/www.safinel.fr\/es\/product-2\/jabon-kojico\/","title":{"rendered":"Jab\u00f3n de \u00e1cido k\u00f3jico 100 g"},"content":{"rendered":"<p>\u00bfTienes algunos problemas de piel y no sabes c\u00f3mo solucionarlos? Tu boutique de bienestar puede tener la soluci\u00f3n que estabas esperando. Haz un peque\u00f1o hueco en tus cosm\u00e9ticos para dar cabida a los\u00a0<strong>jab\u00f3n k\u00f3jico\u00a0<\/strong>!<\/p>\n<h2><strong>Todo lo que debe saber sobre el jab\u00f3n k\u00f3jico<\/strong><\/h2>\n<p>El jab\u00f3n k\u00f3jico es un producto de\u00a0<strong>cuidado corporal<\/strong>\u00a0contiene \u00e1cido k\u00f3jico, un agente antibacteriano natural que puede utilizarse en una amplia gama de aplicaciones.<strong>\u00a0<a href=\"https:\/\/www.safinel.fr\/es\/product-2\/jabon-de-zanahoria\/\">aclarar la piel<\/a><\/strong>. Suele utilizarse para limpiar la piel en profundidad y eliminar las c\u00e9lulas muertas y el maquillaje. Tambi\u00e9n es conocido por combatir el acn\u00e9, las manchas marrones, las cicatrices del acn\u00e9 y las manchas de la edad.<\/p>\n<p>El jab\u00f3n k\u00f3jico es muy suave y no irrita, por lo que es un producto excelente para pieles sensibles y propensas al acn\u00e9. Adem\u00e1s, contiene antioxidantes que pueden ayudar a ralentizar el proceso de envejecimiento de la piel y mantener su juventud y elasticidad.<\/p>\n<h2><strong>Queremos saber m\u00e1s sobre el jab\u00f3n k\u00f3jico.\u00a0<\/strong><\/h2>\n<p>Si te interesa y quieres saber m\u00e1s, \u00a1es normal! Hay quien la utiliza mucho porque tiene muchas virtudes.<\/p>\n<p>De hecho, el\u00a0<strong>jab\u00f3n Kojie San\u00a0<\/strong>es muy suave y no irrita, por lo que es un producto muy popular para pieles sensibles y propensas al acn\u00e9,<\/p>\n<p>Al contener \u00e1cido k\u00f3jico, su pH se adapta a las necesidades espec\u00edficas de la piel y puede ayudar a restaurar el equilibrio y la elasticidad de la piel.<strong>\u00a0SALUD DE LA PIEL<\/strong>. Tambi\u00e9n se puede utilizar para eliminar el maquillaje y las impurezas, dejando la piel suave e hidratada. Ahora que ya has picado la curiosidad, pasemos a los beneficios...<\/p>\n<h2><strong>Beneficios del jab\u00f3n k\u00f3jico\u00a0<\/strong><\/h2>\n<p>La apariencia a veces puede convertirse en una obsesi\u00f3n, \u00a1y los problemas de piel no ayudan! Esta es una de las razones por las que su tienda de bienestar desea presentarle un nuevo producto para el cuidado de la piel.\u00a0<strong>producto cosm\u00e9tico<\/strong>\u00a0\u00a1del tipo m\u00e1s beneficioso!<\/p>\n<p>Es el jab\u00f3n k\u00f3jico, y si no lo conoc\u00edas antes de este art\u00edculo, se ha convertido en un imprescindible en las casas de algunas personas.<strong>\u00a0cuidados cosm\u00e9ticos<\/strong>.<\/p>\n<p>Altamente beneficioso para la piel, se sabe que es una ventaja contra los granos de acn\u00e9. Pero tambi\u00e9n contra las manchas marrones. Adem\u00e1s, es popular para aclarar las zonas oscuras del cuerpo, como las axilas. Purifica, limpia e hidrata la piel. Como ves, este tesoro cosm\u00e9tico puede convertirse r\u00e1pidamente en uno de tus imprescindibles.<\/p>\n<h3><strong>\u00bfC\u00f3mo disfrutar de este cosm\u00e9tico?<\/strong><\/h3>\n<p>\u00bfLe ha convencido esta pastilla de jab\u00f3n con sus m\u00faltiples beneficios? \u00bfLe gustar\u00eda ahora saber m\u00e1s sobre c\u00f3mo utilizarla?<\/p>\n<p>Pasemos a los consejos cosm\u00e9ticos.<\/p>\n<p>Si quieres aprovechar sus beneficios aclarantes, primero tienes que humedecer tu cosm\u00e9tico y no la zona objetivo. La mayor\u00eda de la gente humedece la zona antes de usar el jab\u00f3n, \u00a1pero es m\u00e1s eficaz sobre la piel seca!<\/p>\n<p>A continuaci\u00f3n, aplique su<strong>\u00a0jab\u00f3n k\u00f3jico s\u00f3lido<\/strong>\u00a0con movimientos circulares. Dejar actuar unos minutos y aclarar con agua tibia.<\/p>","protected":false},"excerpt":{"rendered":"<p>Vous avez quelques probl\u00e8mes de peau et vous ne savez pas comment les r\u00e9soudre ? Votre boutique de bien-\u00eatre a peut-\u00eatre la solution que vous attendiez tant ! Faites un peu de place au sein de vos produits cosm\u00e9tiques afin d&rsquo;accueillir le\u00a0savon kojic\u00a0! Tout savoir sur le savon Kojic ! Le savon Kojic est un [&#8230;]","protected":false},"featured_media":4563,"template":"","meta":[],"product_brand":[],"product_cat":[123],"product_tag":[],"class_list":{"0":"post-4562","1":"product","2":"type-product","3":"status-publish","4":"has-post-thumbnail","6":"product_cat-savon","8":"first","9":"outofstock","10":"shipping-taxable","11":"purchasable","12":"product-type-simple"},"yoast_head":"<!-- This site is optimized with the Yoast SEO plugin v26.6 - https:\/\/yoast.com\/wordpress\/plugins\/seo\/ -->\n<title>Savon Kojic I Savon \u00e0 l&#039;acide Kojic I Contenance 100g<\/title>\n<meta name=\"description\" content=\"Faites un peu de place au sein de vos produits cosm\u00e9tiques afin d&#039;accueillir le\u00a0savon kojic\u00a0! Id\u00e9al pour \u00e9claircir la peau !\" \/>\n<meta name=\"robots\" content=\"index, follow, max-snippet:-1, max-image-preview:large, max-video-preview:-1\" \/>\n<link rel=\"canonical\" href=\"https:\/\/www.safinel.fr\/es\/product-2\/jabon-kojico\/\" \/>\n<meta property=\"og:locale\" content=\"es_ES\" \/>\n<meta property=\"og:type\" content=\"article\" \/>\n<meta property=\"og:title\" content=\"Savon Kojic I Savon \u00e0 l&#039;acide Kojic I Contenance 100g\" \/>\n<meta property=\"og:description\" content=\"Faites un peu de place au sein de vos produits cosm\u00e9tiques afin d&#039;accueillir le\u00a0savon kojic\u00a0! Id\u00e9al pour \u00e9claircir la peau !\" \/>\n<meta property=\"og:url\" content=\"https:\/\/www.safinel.fr\/es\/product-2\/jabon-kojico\/\" \/>\n<meta property=\"og:site_name\" content=\"Safinel\" \/>\n<meta property=\"article:modified_time\" content=\"2024-04-09T20:37:45+00:00\" \/>\n<meta property=\"og:image\" content=\"https:\/\/www.safinel.fr\/wp-content\/uploads\/2023\/02\/savon-Kojic.jpg\" \/>\n\t<meta property=\"og:image:width\" content=\"600\" \/>\n\t<meta property=\"og:image:height\" content=\"600\" \/>\n\t<meta property=\"og:image:type\" content=\"image\/jpeg\" \/>\n<meta name=\"twitter:card\" content=\"summary_large_image\" \/>\n<meta name=\"twitter:label1\" content=\"Tiempo de lectura\" \/>\n\t<meta name=\"twitter:data1\" content=\"3 minutos\" \/>\n<script type=\"application\/ld+json\" class=\"yoast-schema-graph\">{\"@context\":\"https:\/\/schema.org\",\"@graph\":[{\"@type\":\"WebPage\",\"@id\":\"https:\/\/www.safinel.fr\/produit\/savon-kojic\/\",\"url\":\"https:\/\/www.safinel.fr\/produit\/savon-kojic\/\",\"name\":\"Savon Kojic I Savon \u00e0 l'acide Kojic I Contenance 100g\",\"isPartOf\":{\"@id\":\"https:\/\/www.safinel.fr\/#website\"},\"primaryImageOfPage\":{\"@id\":\"https:\/\/www.safinel.fr\/produit\/savon-kojic\/#primaryimage\"},\"image\":{\"@id\":\"https:\/\/www.safinel.fr\/produit\/savon-kojic\/#primaryimage\"},\"thumbnailUrl\":\"https:\/\/www.safinel.fr\/wp-content\/uploads\/2023\/02\/savon-Kojic.jpg\",\"datePublished\":\"2023-02-09T18:47:18+00:00\",\"dateModified\":\"2024-04-09T20:37:45+00:00\",\"description\":\"Faites un peu de place au sein de vos produits cosm\u00e9tiques afin d'accueillir le\u00a0savon kojic\u00a0! Id\u00e9al pour \u00e9claircir la peau !\",\"breadcrumb\":{\"@id\":\"https:\/\/www.safinel.fr\/produit\/savon-kojic\/#breadcrumb\"},\"inLanguage\":\"es\",\"potentialAction\":[{\"@type\":\"ReadAction\",\"target\":[\"https:\/\/www.safinel.fr\/produit\/savon-kojic\/\"]}]},{\"@type\":\"ImageObject\",\"inLanguage\":\"es\",\"@id\":\"https:\/\/www.safinel.fr\/produit\/savon-kojic\/#primaryimage\",\"url\":\"https:\/\/www.safinel.fr\/wp-content\/uploads\/2023\/02\/savon-Kojic.jpg\",\"contentUrl\":\"https:\/\/www.safinel.fr\/wp-content\/uploads\/2023\/02\/savon-Kojic.jpg\",\"width\":600,\"height\":600,\"caption\":\"savon Kojic\"},{\"@type\":\"BreadcrumbList\",\"@id\":\"https:\/\/www.safinel.fr\/produit\/savon-kojic\/#breadcrumb\",\"itemListElement\":[{\"@type\":\"ListItem\",\"position\":1,\"name\":\"Accueil\",\"item\":\"https:\/\/www.safinel.fr\/\"},{\"@type\":\"ListItem\",\"position\":2,\"name\":\"Boutique\",\"item\":\"https:\/\/www.safinel.fr\/boutique\/\"},{\"@type\":\"ListItem\",\"position\":3,\"name\":\"Savon \u00e0 l&#8217;acide kojic 100g\"}]},{\"@type\":\"WebSite\",\"@id\":\"https:\/\/www.safinel.fr\/#website\",\"url\":\"https:\/\/www.safinel.fr\/\",\"name\":\"Safinel\",\"description\":\"\",\"publisher\":{\"@id\":\"https:\/\/www.safinel.fr\/#organization\"},\"potentialAction\":[{\"@type\":\"SearchAction\",\"target\":{\"@type\":\"EntryPoint\",\"urlTemplate\":\"https:\/\/www.safinel.fr\/?s={search_term_string}\"},\"query-input\":{\"@type\":\"PropertyValueSpecification\",\"valueRequired\":true,\"valueName\":\"search_term_string\"}}],\"inLanguage\":\"es\"},{\"@type\":\"Organization\",\"@id\":\"https:\/\/www.safinel.fr\/#organization\",\"name\":\"Safinel\",\"url\":\"https:\/\/www.safinel.fr\/\",\"logo\":{\"@type\":\"ImageObject\",\"inLanguage\":\"es\",\"@id\":\"https:\/\/www.safinel.fr\/#\/schema\/logo\/image\/\",\"url\":\"https:\/\/www.safinel.fr\/wp-content\/uploads\/2021\/05\/boutique-cosmetique.png\",\"contentUrl\":\"https:\/\/www.safinel.fr\/wp-content\/uploads\/2021\/05\/boutique-cosmetique.png\",\"width\":800,\"height\":200,\"caption\":\"Safinel\"},\"image\":{\"@id\":\"https:\/\/www.safinel.fr\/#\/schema\/logo\/image\/\"}}]}<\/script>\n<!-- \/ Yoast SEO plugin. -->","yoast_head_json":{"title":"Jab\u00f3n K\u00f3jico I Jab\u00f3n de \u00e1cido k\u00f3jico I Capacidad 100g","description":"\u00a1Haz sitio en tus cosm\u00e9ticos para el jab\u00f3n k\u00f3jico! \u00a1Ideal para iluminar la piel!","robots":{"index":"index","follow":"follow","max-snippet":"max-snippet:-1","max-image-preview":"max-image-preview:large","max-video-preview":"max-video-preview:-1"},"canonical":"https:\/\/www.safinel.fr\/es\/product-2\/jabon-kojico\/","og_locale":"es_ES","og_type":"article","og_title":"Savon Kojic I Savon \u00e0 l'acide Kojic I Contenance 100g","og_description":"Faites un peu de place au sein de vos produits cosm\u00e9tiques afin d'accueillir le\u00a0savon kojic\u00a0! Id\u00e9al pour \u00e9claircir la peau !","og_url":"https:\/\/www.safinel.fr\/es\/product-2\/jabon-kojico\/","og_site_name":"Safinel","article_modified_time":"2024-04-09T20:37:45+00:00","og_image":[{"width":600,"height":600,"url":"https:\/\/www.safinel.fr\/wp-content\/uploads\/2023\/02\/savon-Kojic.jpg","type":"image\/jpeg"}],"twitter_card":"summary_large_image","twitter_misc":{"Tiempo de lectura":"3 minutos"},"schema":{"@context":"https:\/\/schema.org","@graph":[{"@type":"WebPage","@id":"https:\/\/www.safinel.fr\/produit\/savon-kojic\/","url":"https:\/\/www.safinel.fr\/produit\/savon-kojic\/","name":"Jab\u00f3n K\u00f3jico I Jab\u00f3n de \u00e1cido k\u00f3jico I Capacidad 100g","isPartOf":{"@id":"https:\/\/www.safinel.fr\/#website"},"primaryImageOfPage":{"@id":"https:\/\/www.safinel.fr\/produit\/savon-kojic\/#primaryimage"},"image":{"@id":"https:\/\/www.safinel.fr\/produit\/savon-kojic\/#primaryimage"},"thumbnailUrl":"https:\/\/www.safinel.fr\/wp-content\/uploads\/2023\/02\/savon-Kojic.jpg","datePublished":"2023-02-09T18:47:18+00:00","dateModified":"2024-04-09T20:37:45+00:00","description":"\u00a1Haz sitio en tus cosm\u00e9ticos para el jab\u00f3n k\u00f3jico! \u00a1Ideal para iluminar la piel!","breadcrumb":{"@id":"https:\/\/www.safinel.fr\/produit\/savon-kojic\/#breadcrumb"},"inLanguage":"es","potentialAction":[{"@type":"ReadAction","target":["https:\/\/www.safinel.fr\/produit\/savon-kojic\/"]}]},{"@type":"ImageObject","inLanguage":"es","@id":"https:\/\/www.safinel.fr\/produit\/savon-kojic\/#primaryimage","url":"https:\/\/www.safinel.fr\/wp-content\/uploads\/2023\/02\/savon-Kojic.jpg","contentUrl":"https:\/\/www.safinel.fr\/wp-content\/uploads\/2023\/02\/savon-Kojic.jpg","width":600,"height":600,"caption":"savon Kojic"},{"@type":"BreadcrumbList","@id":"https:\/\/www.safinel.fr\/produit\/savon-kojic\/#breadcrumb","itemListElement":[{"@type":"ListItem","position":1,"name":"Accueil","item":"https:\/\/www.safinel.fr\/"},{"@type":"ListItem","position":2,"name":"Boutique","item":"https:\/\/www.safinel.fr\/boutique\/"},{"@type":"ListItem","position":3,"name":"Savon \u00e0 l&#8217;acide kojic 100g"}]},{"@type":"WebSite","@id":"https:\/\/www.safinel.fr\/#website","url":"https:\/\/www.safinel.fr\/","name":"Safinel","description":"","publisher":{"@id":"https:\/\/www.safinel.fr\/#organization"},"potentialAction":[{"@type":"SearchAction","target":{"@type":"EntryPoint","urlTemplate":"https:\/\/www.safinel.fr\/?s={search_term_string}"},"query-input":{"@type":"PropertyValueSpecification","valueRequired":true,"valueName":"search_term_string"}}],"inLanguage":"es"},{"@type":"Organization","@id":"https:\/\/www.safinel.fr\/#organization","name":"Safinel","url":"https:\/\/www.safinel.fr\/","logo":{"@type":"ImageObject","inLanguage":"es","@id":"https:\/\/www.safinel.fr\/#\/schema\/logo\/image\/","url":"https:\/\/www.safinel.fr\/wp-content\/uploads\/2021\/05\/boutique-cosmetique.png","contentUrl":"https:\/\/www.safinel.fr\/wp-content\/uploads\/2021\/05\/boutique-cosmetique.png","width":800,"height":200,"caption":"Safinel"},"image":{"@id":"https:\/\/www.safinel.fr\/#\/schema\/logo\/image\/"}}]}},"_links":{"self":[{"href":"https:\/\/www.safinel.fr\/es\/wp-json\/wp\/v2\/product\/4562","targetHints":{"allow":["GET"]}}],"collection":[{"href":"https:\/\/www.safinel.fr\/es\/wp-json\/wp\/v2\/product"}],"about":[{"href":"https:\/\/www.safinel.fr\/es\/wp-json\/wp\/v2\/types\/product"}],"wp:featuredmedia":[{"embeddable":true,"href":"https:\/\/www.safinel.fr\/es\/wp-json\/wp\/v2\/media\/4563"}],"wp:attachment":[{"href":"https:\/\/www.safinel.fr\/es\/wp-json\/wp\/v2\/media?parent=4562"}],"wp:term":[{"taxonomy":"product_brand","embeddable":true,"href":"https:\/\/www.safinel.fr\/es\/wp-json\/wp\/v2\/product_brand?post=4562"},{"taxonomy":"product_cat","embeddable":true,"href":"https:\/\/www.safinel.fr\/es\/wp-json\/wp\/v2\/product_cat?post=4562"},{"taxonomy":"product_tag","embeddable":true,"href":"https:\/\/www.safinel.fr\/es\/wp-json\/wp\/v2\/product_tag?post=4562"}],"curies":[{"name":"wp","href":"https:\/\/api.w.org\/{rel}","templated":true}]}}