{"id":456,"date":"2021-09-29T12:29:18","date_gmt":"2021-09-29T12:29:18","guid":{"rendered":"https:\/\/www.safinel.fr\/?post_type=product&#038;p=456"},"modified":"2026-01-14T09:42:30","modified_gmt":"2026-01-14T09:42:30","slug":"cola-pequena","status":"publish","type":"product","link":"https:\/\/www.safinel.fr\/es\/product-2\/cola-pequena\/","title":{"rendered":"Petit Cola"},"content":{"rendered":"<p>Esta peque\u00f1a nuez llamada\u201c<b>cola peque\u00f1a<\/b>\u201dEs muy conocido y est\u00e1 muy extendido en el continente africano. Pero tiene virtudes que todos deber\u00edamos conocer. En cualquier caso, se populariz\u00f3 por primera vez gracias a la bebida efervescente de un farmac\u00e9utico de Atlanta. Hoy en d\u00eda, sus propiedades ya no son un misterio, sobre todo sus propiedades estimulantes y antifatiga.<\/p>\n<p>Venga a descubrirlo <a href=\"https:\/\/www.safinel.fr\/es\/nuez-africana\/\"><b>Nuez africana<\/b><\/a> con virtudes excepcionales, en <i>Safinel<\/i> !<\/p>\n<h2><b>Una visi\u00f3n general de la \u201cpetit cola\u201d, este atrevido fruto seco africano<span class=\"Apple-converted-space\">\u00a0<\/span><\/b><\/h2>\n<p>En primer lugar, el nombre cient\u00edfico de este peque\u00f1o fruto seco es <b>Garnicia Kola, Cola nitida<\/b> o <b>Cola acuminada<\/b>. Tambi\u00e9n se denomina <b>kola, nueces de kola, nueces de cola.<\/b> Su nombre procede de una mala traducci\u00f3n del ingl\u00e9s \u201c<b>cola amarga<\/b>\u201dlo que significa\u201c<b>cola amarga<\/b>\u201d.<span class=\"Apple-converted-space\">\u00a0<\/span><\/p>\n<p>Asimismo, esta nuez, que pertenece a la familia bot\u00e1nica de las esterculi\u00e1ceas, es en realidad la semilla del<b> kolatier<\/b>. Este \u00faltimo es un \u00e1rbol de hojas verde oscuro y flores blanco-amarillentas que puede alcanzar los 20 m de altura. La nuez tiene un sabor amargo y una forma alargada. Si es usted aficionado a los productos locales africanos, le invitamos a descubrir el <a href=\"https:\/\/www.pause-au-naturelle.com\/cat\u00e9gorie-produit\/sellou-marocain-zamita-marocaine\/\" target=\"_blank\" rel=\"noopener\"><strong>Zamita marroqu\u00ed<\/strong><\/a> !<\/p>\n<p>En resumen, es originaria de \u00c1frica Central y Occidental, donde est\u00e1 muy extendida. Pero ahora tambi\u00e9n se encuentra en Am\u00e9rica del Sur y Central, Sri Lanka, el Caribe y Malasia.<\/p>\n<p>Por \u00faltimo, la parte de la nuez utilizada en fitoterapia es la semilla, sin c\u00e1scara. Tambi\u00e9n se puede moler hasta convertirla en polvo despu\u00e9s de secarla al sol. Se utiliza a menudo en la medicina tradicional para tratar diversas dolencias.<\/p>\n<h2><b>Petit cola: una composici\u00f3n incre\u00edble y rica<span class=\"Apple-converted-space\">\u00a0<\/span><\/b><\/h2>\n<p>Debido a su excepcional composici\u00f3n, esta semilla se utiliza en la medicina moderna para elaborar diversos medicamentos.<\/p>\n<ul>\n<li>Esta fruta de sabor amargo contiene minerales como potasio y magnesio; ;<span class=\"Apple-converted-space\">\u00a0<\/span><\/li>\n<\/ul>\n<ul>\n<li>Tambi\u00e9n se compone de nutrientes y micronutrientes como <a href=\"https:\/\/www.safinel.fr\/es\/product-2\/chebe-en-polvo-100g\/\"><strong>vitamina A<\/strong><\/a>, carotenos y antioxidantes; ;<\/li>\n<\/ul>\n<ul>\n<li>Adem\u00e1s de estos elementos, esta semilla contiene otros componentes como alcaloides y taninos; ;<\/li>\n<\/ul>\n<ul>\n<li>Por \u00faltimo, entre sus principios activos se encuentran la cafe\u00edna y la kolatina.<\/li>\n<\/ul>\n<h2><b>Sorprendentes propiedades medicinales de la petit cola<\/b><\/h2>\n<p>Esta semilla amarga tiene muchas virtudes, que vamos a descubrir juntos. La kola es s\u00f3lo para uso interno.<\/p>\n<h3><b>Una semilla estimulante y un soporte bucal<\/b><\/h3>\n<ul>\n<li>En primer lugar, es estimulante, astringente, afrodis\u00edaco, diur\u00e9tico, favorece la p\u00e9rdida de peso y aumenta la presi\u00f3n arterial; ;<\/li>\n<\/ul>\n<ul>\n<li>Tambi\u00e9n ayuda a aumentar la atenci\u00f3n y el rendimiento, como la memorizaci\u00f3n, el aprendizaje y el esfuerzo; ;<\/li>\n<\/ul>\n<ul>\n<li>Tambi\u00e9n ayuda a combatir la somnolencia, la fatiga f\u00edsica y mental, la depresi\u00f3n y la ansiedad. <strong>dolores de cabeza<\/strong> ;<\/li>\n<\/ul>\n<ul>\n<li>Tambi\u00e9n ayuda a combatir el mal aliento y a tratar enfermedades bucales.<\/li>\n<\/ul>\n<h3><b>Una semilla aliada para las mujeres<span class=\"Apple-converted-space\">\u00a0<\/span><\/b><\/h3>\n<ul>\n<li>En primer lugar, tiene propiedades analg\u00e9sicas que ayudan a aliviar los per\u00edodos dolorosos; ;<\/li>\n<\/ul>\n<ul>\n<li>Por \u00faltimo, ayuda a tratar los quistes ov\u00e1ricos, los fibromas y la obstrucci\u00f3n de las trompas de Falopio, favoreciendo as\u00ed la fertilidad.<\/li>\n<\/ul>\n<h3><b>Los hombres tampoco se quedan atr\u00e1s con esta semilla.<\/b><\/h3>\n<ul>\n<li>De hecho, ayuda a tonificar la virilidad y a recuperar el vigor; ;<\/li>\n<\/ul>\n<ul>\n<li>Adem\u00e1s, ayuda a tratar la impotencia sexual, <strong>eyaculaci\u00f3n precoz<\/strong>, azoospermia y oligospermia.<\/li>\n<\/ul>\n<h3><b>Una semilla buena para la digesti\u00f3n y los deportistas<\/b><\/h3>\n<ul>\n<li>Se utiliza como supresor del apetito y regula el apetito, por lo que es ideal para su uso en programas deportivos; ;<span class=\"Apple-converted-space\">\u00a0<\/span><\/li>\n<\/ul>\n<ul>\n<li>Por \u00faltimo, regula el sistema digestivo y alivia eficazmente la diarrea y la indigesti\u00f3n.<span class=\"Apple-converted-space\">\u00a0<\/span><\/li>\n<\/ul>\n<h2><b>\u00bfC\u00f3mo utilizar petit cola para disfrutar de sus beneficios?<\/b><\/h2>\n<p>Internamente, esta beneficiosa semilla puede consumirse de varias maneras.<\/p>\n<ul>\n<li>En primer lugar, esta semilla puede masticarse, aunque es muy amarga, con un m\u00e1ximo de dos nueces al d\u00eda; ;<\/li>\n<\/ul>\n<ul>\n<li>Tambi\u00e9n puede molerse en polvo y mezclarse con bebidas como el caf\u00e9 o el t\u00e9. Tambi\u00e9n puede a\u00f1adirse a infusiones disponibles en Safinel, como Kacip Fatimah. De hecho, esta \u00faltima reforzar\u00e1 sus virtudes para las mujeres. Tambi\u00e9n sugerimos a\u00f1adirlo a la infusi\u00f3n de rabo de cereza por su acci\u00f3n diur\u00e9tica. En este caso, a\u00f1ada 1 cucharadita a la bebida de su elecci\u00f3n; ;<span class=\"Apple-converted-space\">\u00a0<\/span><\/li>\n<\/ul>\n<ul>\n<li>Tambi\u00e9n se puede dejar en infusi\u00f3n durante 10 minutos. En este caso, se puede a\u00f1adir 1 o 2 g de polvo de kola a una taza de agua hirviendo. Si lo desea, a\u00f1ada miel o lim\u00f3n para limitar el amargor.<\/li>\n<\/ul>\n<p>La dosis es de 3 tazas y la dosis m\u00e1xima de polvo es de 1 \u00f3 2 g.<\/p>\n<h3><strong>Petit Cola Africain: Un aliado insospechado antes de hacer el amor<\/strong><\/h3>\n<p>Descubra los beneficios poco conocidos de la petit cola africana, un remedio natural que sin duda condimentar\u00e1 sus momentos \u00edntimos. Originario de \u00c1frica Occidental, este fruto seco de propiedades sorprendentes se utiliza desde hace siglos para estimular la vitalidad y mejorar el rendimiento amoroso.<\/p>\n<p><strong>Rico en alcaloides y otros compuestos activos,<\/strong> La petit cola africana es famosa por sus propiedades afrodis\u00edacas y energizantes. <strong>Al consumir este fruto seco antes de hacer el amor, aumentas el deseo y la resistencia<\/strong>. El resultado son momentos de complicidad intensos e inolvidables.<\/p>\n<p>Adem\u00e1s, el Petit Cola ayuda a combatir la fatiga y el estr\u00e9s, favoreciendo la relajaci\u00f3n.<strong> Le ayudar\u00e1 a sentirse m\u00e1s a gusto con su pareja y a abrirse m\u00e1s a los momentos de placer intenso.<\/strong>.<\/p>\n<p><strong>A\u00f1adir un poco de cola antes de hacer el amor es una forma natural y original de reforzar tu v\u00ednculo \u00edntimo<\/strong>. No dudes en probar este truco para vivir una experiencia \u00fanica, llena de pasi\u00f3n y emoci\u00f3n.<\/p>\n<p>En definitiva, el petit cola africano es el aliado ideal para potenciar tu vida amorosa y compartir momentos de intimidad inolvidables. D\u00e9jate tentar por este fruto seco de propiedades excepcionales y descubre las exquisitas sensaciones que ofrece.<\/p>\n<h3><b>Precauciones<\/b><\/h3>\n<p>Se requiere una cierta vigilancia con respecto a los posibles efectos adversos de la kola, as\u00ed como a las interacciones con otros medicamentos.<span class=\"Apple-converted-space\">\u00a0<\/span><\/p>\n<p>Debe pedirse consejo m\u00e9dico antes de tomar este fruto seco, que debe consumirse con moderaci\u00f3n. Cualquier sobredosis no es inocua, e incluso puede ser peligrosa.<\/p>","protected":false},"excerpt":{"rendered":"<p>Cette petite noix appel\u00e9e \u201cpetit cola\u201d est tr\u00e8s connue et r\u00e9pandue sur le continent africain. Mais elle renferme des vertus que chacun de nous devrions conna\u00eetre ! En tout cas, elle a \u00e9t\u00e9, auparavant, rendue populaire par la boisson gazeuse d&rsquo;un pharmacien d&rsquo;Atlanta. A l\u2019heure d\u2019aujourd\u2019hui, ses propri\u00e9t\u00e9s ne sont plus un myst\u00e8re, notamment ses [&#8230;]","protected":false},"featured_media":457,"template":"","meta":[],"product_brand":[],"product_cat":[27],"product_tag":[],"class_list":{"0":"post-456","1":"product","2":"type-product","3":"status-publish","4":"has-post-thumbnail","6":"product_cat-plantes-medicinales","8":"first","9":"instock","10":"shipping-taxable","11":"purchasable","12":"product-type-variable"},"yoast_head":"<!-- This site is optimized with the Yoast SEO plugin v26.6 - https:\/\/yoast.com\/wordpress\/plugins\/seo\/ -->\n<title>Petit Cola | La noix africaine par excellence | Bienfaits nombreux<\/title>\n<meta name=\"description\" content=\"Cette petite noix appel\u00e9e \u201cpetit cola\u201d est tr\u00e8s connue et r\u00e9pandue sur le continent africain. D\u00e9couvrez-l\u00e0 sans plus attendre !\" \/>\n<meta name=\"robots\" content=\"index, follow, max-snippet:-1, max-image-preview:large, max-video-preview:-1\" \/>\n<link rel=\"canonical\" href=\"https:\/\/www.safinel.fr\/es\/product-2\/cola-pequena\/\" \/>\n<meta property=\"og:locale\" content=\"es_ES\" \/>\n<meta property=\"og:type\" content=\"article\" \/>\n<meta property=\"og:title\" content=\"Petit Cola | La noix africaine par excellence | Bienfaits nombreux\" \/>\n<meta property=\"og:description\" content=\"Cette petite noix appel\u00e9e \u201cpetit cola\u201d est tr\u00e8s connue et r\u00e9pandue sur le continent africain. D\u00e9couvrez-l\u00e0 sans plus attendre !\" \/>\n<meta property=\"og:url\" content=\"https:\/\/www.safinel.fr\/es\/product-2\/cola-pequena\/\" \/>\n<meta property=\"og:site_name\" content=\"Safinel\" \/>\n<meta property=\"article:modified_time\" content=\"2026-01-14T09:42:30+00:00\" \/>\n<meta property=\"og:image\" content=\"https:\/\/www.safinel.fr\/wp-content\/uploads\/2021\/09\/petit-cola.jpg\" \/>\n\t<meta property=\"og:image:width\" content=\"600\" \/>\n\t<meta property=\"og:image:height\" content=\"600\" \/>\n\t<meta property=\"og:image:type\" content=\"image\/jpeg\" \/>\n<meta name=\"twitter:card\" content=\"summary_large_image\" \/>\n<meta name=\"twitter:label1\" content=\"Tiempo de lectura\" \/>\n\t<meta name=\"twitter:data1\" content=\"5 minutos\" \/>\n<script type=\"application\/ld+json\" class=\"yoast-schema-graph\">{\"@context\":\"https:\/\/schema.org\",\"@graph\":[{\"@type\":\"WebPage\",\"@id\":\"https:\/\/www.safinel.fr\/produit\/petit-cola\/\",\"url\":\"https:\/\/www.safinel.fr\/produit\/petit-cola\/\",\"name\":\"Petit Cola | La noix africaine par excellence | Bienfaits nombreux\",\"isPartOf\":{\"@id\":\"https:\/\/www.safinel.fr\/#website\"},\"primaryImageOfPage\":{\"@id\":\"https:\/\/www.safinel.fr\/produit\/petit-cola\/#primaryimage\"},\"image\":{\"@id\":\"https:\/\/www.safinel.fr\/produit\/petit-cola\/#primaryimage\"},\"thumbnailUrl\":\"https:\/\/www.safinel.fr\/wp-content\/uploads\/2021\/09\/petit-cola.jpg\",\"datePublished\":\"2021-09-29T12:29:18+00:00\",\"dateModified\":\"2026-01-14T09:42:30+00:00\",\"description\":\"Cette petite noix appel\u00e9e \u201cpetit cola\u201d est tr\u00e8s connue et r\u00e9pandue sur le continent africain. D\u00e9couvrez-l\u00e0 sans plus attendre !\",\"breadcrumb\":{\"@id\":\"https:\/\/www.safinel.fr\/produit\/petit-cola\/#breadcrumb\"},\"inLanguage\":\"es\",\"potentialAction\":[{\"@type\":\"ReadAction\",\"target\":[\"https:\/\/www.safinel.fr\/produit\/petit-cola\/\"]}]},{\"@type\":\"ImageObject\",\"inLanguage\":\"es\",\"@id\":\"https:\/\/www.safinel.fr\/produit\/petit-cola\/#primaryimage\",\"url\":\"https:\/\/www.safinel.fr\/wp-content\/uploads\/2021\/09\/petit-cola.jpg\",\"contentUrl\":\"https:\/\/www.safinel.fr\/wp-content\/uploads\/2021\/09\/petit-cola.jpg\",\"width\":600,\"height\":600,\"caption\":\"Petit Cola noix africaine\"},{\"@type\":\"BreadcrumbList\",\"@id\":\"https:\/\/www.safinel.fr\/produit\/petit-cola\/#breadcrumb\",\"itemListElement\":[{\"@type\":\"ListItem\",\"position\":1,\"name\":\"Accueil\",\"item\":\"https:\/\/www.safinel.fr\/\"},{\"@type\":\"ListItem\",\"position\":2,\"name\":\"Boutique\",\"item\":\"https:\/\/www.safinel.fr\/boutique\/\"},{\"@type\":\"ListItem\",\"position\":3,\"name\":\"Petit Cola\"}]},{\"@type\":\"WebSite\",\"@id\":\"https:\/\/www.safinel.fr\/#website\",\"url\":\"https:\/\/www.safinel.fr\/\",\"name\":\"Safinel\",\"description\":\"\",\"publisher\":{\"@id\":\"https:\/\/www.safinel.fr\/#organization\"},\"potentialAction\":[{\"@type\":\"SearchAction\",\"target\":{\"@type\":\"EntryPoint\",\"urlTemplate\":\"https:\/\/www.safinel.fr\/?s={search_term_string}\"},\"query-input\":{\"@type\":\"PropertyValueSpecification\",\"valueRequired\":true,\"valueName\":\"search_term_string\"}}],\"inLanguage\":\"es\"},{\"@type\":\"Organization\",\"@id\":\"https:\/\/www.safinel.fr\/#organization\",\"name\":\"Safinel\",\"url\":\"https:\/\/www.safinel.fr\/\",\"logo\":{\"@type\":\"ImageObject\",\"inLanguage\":\"es\",\"@id\":\"https:\/\/www.safinel.fr\/#\/schema\/logo\/image\/\",\"url\":\"https:\/\/www.safinel.fr\/wp-content\/uploads\/2021\/05\/boutique-cosmetique.png\",\"contentUrl\":\"https:\/\/www.safinel.fr\/wp-content\/uploads\/2021\/05\/boutique-cosmetique.png\",\"width\":800,\"height\":200,\"caption\":\"Safinel\"},\"image\":{\"@id\":\"https:\/\/www.safinel.fr\/#\/schema\/logo\/image\/\"}}]}<\/script>\n<!-- \/ Yoast SEO plugin. -->","yoast_head_json":{"title":"Petit Cola | El fruto seco africano por excelencia | Numerosos beneficios","description":"Este peque\u00f1o fruto seco, conocido como \u201cpetit cola\u201d, es muy conocido y est\u00e1 muy extendido en el continente africano. \u00a1Desc\u00fabrala ahora!","robots":{"index":"index","follow":"follow","max-snippet":"max-snippet:-1","max-image-preview":"max-image-preview:large","max-video-preview":"max-video-preview:-1"},"canonical":"https:\/\/www.safinel.fr\/es\/product-2\/cola-pequena\/","og_locale":"es_ES","og_type":"article","og_title":"Petit Cola | La noix africaine par excellence | Bienfaits nombreux","og_description":"Cette petite noix appel\u00e9e \u201cpetit cola\u201d est tr\u00e8s connue et r\u00e9pandue sur le continent africain. D\u00e9couvrez-l\u00e0 sans plus attendre !","og_url":"https:\/\/www.safinel.fr\/es\/product-2\/cola-pequena\/","og_site_name":"Safinel","article_modified_time":"2026-01-14T09:42:30+00:00","og_image":[{"width":600,"height":600,"url":"https:\/\/www.safinel.fr\/wp-content\/uploads\/2021\/09\/petit-cola.jpg","type":"image\/jpeg"}],"twitter_card":"summary_large_image","twitter_misc":{"Tiempo de lectura":"5 minutos"},"schema":{"@context":"https:\/\/schema.org","@graph":[{"@type":"WebPage","@id":"https:\/\/www.safinel.fr\/produit\/petit-cola\/","url":"https:\/\/www.safinel.fr\/produit\/petit-cola\/","name":"Petit Cola | El fruto seco africano por excelencia | Numerosos beneficios","isPartOf":{"@id":"https:\/\/www.safinel.fr\/#website"},"primaryImageOfPage":{"@id":"https:\/\/www.safinel.fr\/produit\/petit-cola\/#primaryimage"},"image":{"@id":"https:\/\/www.safinel.fr\/produit\/petit-cola\/#primaryimage"},"thumbnailUrl":"https:\/\/www.safinel.fr\/wp-content\/uploads\/2021\/09\/petit-cola.jpg","datePublished":"2021-09-29T12:29:18+00:00","dateModified":"2026-01-14T09:42:30+00:00","description":"Este peque\u00f1o fruto seco, conocido como \u201cpetit cola\u201d, es muy conocido y est\u00e1 muy extendido en el continente africano. \u00a1Desc\u00fabrala ahora!","breadcrumb":{"@id":"https:\/\/www.safinel.fr\/produit\/petit-cola\/#breadcrumb"},"inLanguage":"es","potentialAction":[{"@type":"ReadAction","target":["https:\/\/www.safinel.fr\/produit\/petit-cola\/"]}]},{"@type":"ImageObject","inLanguage":"es","@id":"https:\/\/www.safinel.fr\/produit\/petit-cola\/#primaryimage","url":"https:\/\/www.safinel.fr\/wp-content\/uploads\/2021\/09\/petit-cola.jpg","contentUrl":"https:\/\/www.safinel.fr\/wp-content\/uploads\/2021\/09\/petit-cola.jpg","width":600,"height":600,"caption":"Petit Cola noix africaine"},{"@type":"BreadcrumbList","@id":"https:\/\/www.safinel.fr\/produit\/petit-cola\/#breadcrumb","itemListElement":[{"@type":"ListItem","position":1,"name":"Accueil","item":"https:\/\/www.safinel.fr\/"},{"@type":"ListItem","position":2,"name":"Boutique","item":"https:\/\/www.safinel.fr\/boutique\/"},{"@type":"ListItem","position":3,"name":"Petit Cola"}]},{"@type":"WebSite","@id":"https:\/\/www.safinel.fr\/#website","url":"https:\/\/www.safinel.fr\/","name":"Safinel","description":"","publisher":{"@id":"https:\/\/www.safinel.fr\/#organization"},"potentialAction":[{"@type":"SearchAction","target":{"@type":"EntryPoint","urlTemplate":"https:\/\/www.safinel.fr\/?s={search_term_string}"},"query-input":{"@type":"PropertyValueSpecification","valueRequired":true,"valueName":"search_term_string"}}],"inLanguage":"es"},{"@type":"Organization","@id":"https:\/\/www.safinel.fr\/#organization","name":"Safinel","url":"https:\/\/www.safinel.fr\/","logo":{"@type":"ImageObject","inLanguage":"es","@id":"https:\/\/www.safinel.fr\/#\/schema\/logo\/image\/","url":"https:\/\/www.safinel.fr\/wp-content\/uploads\/2021\/05\/boutique-cosmetique.png","contentUrl":"https:\/\/www.safinel.fr\/wp-content\/uploads\/2021\/05\/boutique-cosmetique.png","width":800,"height":200,"caption":"Safinel"},"image":{"@id":"https:\/\/www.safinel.fr\/#\/schema\/logo\/image\/"}}]}},"_links":{"self":[{"href":"https:\/\/www.safinel.fr\/es\/wp-json\/wp\/v2\/product\/456","targetHints":{"allow":["GET"]}}],"collection":[{"href":"https:\/\/www.safinel.fr\/es\/wp-json\/wp\/v2\/product"}],"about":[{"href":"https:\/\/www.safinel.fr\/es\/wp-json\/wp\/v2\/types\/product"}],"wp:featuredmedia":[{"embeddable":true,"href":"https:\/\/www.safinel.fr\/es\/wp-json\/wp\/v2\/media\/457"}],"wp:attachment":[{"href":"https:\/\/www.safinel.fr\/es\/wp-json\/wp\/v2\/media?parent=456"}],"wp:term":[{"taxonomy":"product_brand","embeddable":true,"href":"https:\/\/www.safinel.fr\/es\/wp-json\/wp\/v2\/product_brand?post=456"},{"taxonomy":"product_cat","embeddable":true,"href":"https:\/\/www.safinel.fr\/es\/wp-json\/wp\/v2\/product_cat?post=456"},{"taxonomy":"product_tag","embeddable":true,"href":"https:\/\/www.safinel.fr\/es\/wp-json\/wp\/v2\/product_tag?post=456"}],"curies":[{"name":"wp","href":"https:\/\/api.w.org\/{rel}","templated":true}]}}