{"id":4551,"date":"2023-02-09T06:40:38","date_gmt":"2023-02-09T06:40:38","guid":{"rendered":"https:\/\/www.safinel.fr\/?post_type=product&#038;p=4551"},"modified":"2023-12-28T17:15:44","modified_gmt":"2023-12-28T17:15:44","slug":"alholva-en-polvo","status":"publish","type":"product","link":"https:\/\/www.safinel.fr\/es\/product-2\/alholva-en-polvo\/","title":{"rendered":"Alholva en polvo 100 g"},"content":{"rendered":"<p>La paciencia es una virtud, \u00a1y la naturaleza tambi\u00e9n! D\u00e9jese llevar por el misterioso mundo de los productos naturales. Si a usted tambi\u00e9n le gustar\u00eda disfrutar de los tesoros de la naturaleza, conozca los<strong>\u00a0alholva en polvo<\/strong>.<\/p>\n<h2><strong>\u00bfConoce el fenogreco en polvo?\u00a0<\/strong><\/h2>\n<p>La naturaleza reina en su boutique en l\u00ednea especializada en<strong>\u00a0bienestar<\/strong>\u00a0\u00a1! La popularidad de los productos naturales ha aumentado considerablemente, y con raz\u00f3n. Puesto que la salud es un equilibrio entre dieta y actividad, es esencial prestar atenci\u00f3n a lo que se come. Esa es una de las razones por las que su tienda quiere presentarle los\u00a0<strong>alholva en polvo<\/strong>...<\/p>\n<p>Pero, \u00bfha o\u00eddo hablar de \u00e9l alguna vez? Si no es as\u00ed, \u00a1prep\u00e1rate para asombrarte!<strong>\u00a0Producto 100% natural<\/strong>, Esperamos que est\u00e9 listo para descubrir realmente lo que este tesoro natural puede ofrecerle.<\/p>\n<h2><strong>Los beneficios del fenogreco en polvo<\/strong><\/h2>\n<p>Tiene curiosidad, \u00a1y eso nos gusta! De hecho, tu boutique del bienestar est\u00e1 encantada de poder ofrecerte productos que puedan interesarte. Si el fenogreco en polvo te intriga tanto, d\u00e9jate llevar por sus m\u00faltiples beneficios...<\/p>\n<p>En primer lugar, este polvo natural es conocido por sus numerosos beneficios para el cabello. De hecho, si quieres un\u00a0<strong>cuidado del cabello<\/strong>, Entonces ha llegado al lugar adecuado. El polvo de alholva es especialmente conocido por sus beneficios contra la ca\u00edda del cabello. Utilizado a menudo en productos para el cuidado del cabello, puede ayudar a combatir\u00a0<strong>cabello fr\u00e1gil.\u00a0<\/strong>Este polvo anticaspa natural es probablemente el producto para el cuidado del cabello que te faltaba.<\/p>\n<p>\u00a1Y eso no es todo! Utilizado por algunos deportistas de \u00e9lite para la<strong>\u00a0aumento de peso.\u00a0<\/strong>Es una ventaja para quienes desean perder algunos kilos. Conocido por estimular el apetito, este magn\u00edfico tesoro natural es muy apreciado.<\/p>\n<p>Tambi\u00e9n lo consumen quienes quieren<strong>\u00a0regular sus niveles de az\u00facar en sangre\u00a0<\/strong>en la sangre, como los diab\u00e9ticos.<\/p>\n<h3><strong>\u00bfPor qu\u00e9 no descubrir el fenogreco en polvo en las tiendas?\u00a0<\/strong><\/h3>\n<p>A estas alturas ya conoce su tienda online. Y como de costumbre, \u00a1quiere compartir contigo productos naturales de calidad! Y hoy, \u00a1se trata del fenogreco en polvo! Ahora que sabes todo sobre sus maravillosos beneficios, \u00bfqu\u00e9 tal si lo conoces mejor?<\/p>\n<p>Tu tienda quiere que est\u00e9s equipado con los mejores productos para tu salud. As\u00ed que adelante, haz sitio para este famoso polvo.<\/p>\n<h3><strong>Si no est\u00e1 roto, no est\u00e1 roto: \u00a1deja paso al polvo Akpi!<\/strong><\/h3>\n<p>Seguro que ya ha disfrutado de nuestro famoso polvo de alholva, \u00a1pues nos gustar\u00eda ofrecerle un polvo igual de enriquecedor! \u00bfLo adivina? Se trata de\u2019<a href=\"https:\/\/www.safinel.fr\/es\/product-2\/akpi-en-polvo\/\"><strong>Polvo de akpi<\/strong><\/a>...<\/p>\n<p>Se sabe que favorece la ovulaci\u00f3n, pero tambi\u00e9n que sirve para tratar ciertos problemas digestivos. No entremos en demasiados detalles, \u00a1y d\u00e9jese llevar por la multitud de productos naturales que le esperan en la tienda!<\/p>","protected":false},"excerpt":{"rendered":"<p>La paciencia es una virtud, \u00a1y la naturaleza tambi\u00e9n! D\u00e9jese llevar por el misterioso mundo de los productos naturales. Si a usted tambi\u00e9n le gustar\u00eda beneficiarse de los tesoros de la naturaleza, conozca el fenogreco en polvo. \u00bfHa o\u00eddo hablar del fenogreco en polvo?  La naturaleza reclama el lugar que le corresponde en nuestro [...]","protected":false},"featured_media":4552,"template":"","meta":[],"product_brand":[],"product_cat":[169,53,110],"product_tag":[],"class_list":{"0":"post-4551","1":"product","2":"type-product","3":"status-publish","4":"has-post-thumbnail","6":"product_cat-epices-du-monde","7":"product_cat-epices-marocaines","8":"product_cat-poudre-cheveux-ayurvedique","10":"first","11":"instock","12":"shipping-taxable","13":"purchasable","14":"product-type-simple"},"yoast_head":"<!-- This site is optimized with the Yoast SEO plugin v26.6 - https:\/\/yoast.com\/wordpress\/plugins\/seo\/ -->\n<title>Poudre de fenugrec I Poudre naturelle I Bienfaits nombreux<\/title>\n<meta name=\"description\" content=\"Si vous aussi vous souhaitez profiter de tr\u00e9sors de la nature, alors faites la rencontre avec la\u00a0poudre de fenugrec. Adoptez-l\u00e0 sans plus attendre !\" \/>\n<meta name=\"robots\" content=\"index, follow, max-snippet:-1, max-image-preview:large, max-video-preview:-1\" \/>\n<link rel=\"canonical\" href=\"https:\/\/www.safinel.fr\/es\/product-2\/alholva-en-polvo\/\" \/>\n<meta property=\"og:locale\" content=\"es_ES\" \/>\n<meta property=\"og:type\" content=\"article\" \/>\n<meta property=\"og:title\" content=\"Poudre de fenugrec I Poudre naturelle I Bienfaits nombreux\" \/>\n<meta property=\"og:description\" content=\"Si vous aussi vous souhaitez profiter de tr\u00e9sors de la nature, alors faites la rencontre avec la\u00a0poudre de fenugrec. Adoptez-l\u00e0 sans plus attendre !\" \/>\n<meta property=\"og:url\" content=\"https:\/\/www.safinel.fr\/es\/product-2\/alholva-en-polvo\/\" \/>\n<meta property=\"og:site_name\" content=\"Safinel\" \/>\n<meta property=\"article:modified_time\" content=\"2023-12-28T17:15:44+00:00\" \/>\n<meta property=\"og:image\" content=\"https:\/\/www.safinel.fr\/wp-content\/uploads\/2023\/02\/poudre-de-fenugrec.jpg\" \/>\n\t<meta property=\"og:image:width\" content=\"600\" \/>\n\t<meta property=\"og:image:height\" content=\"600\" \/>\n\t<meta property=\"og:image:type\" content=\"image\/jpeg\" \/>\n<meta name=\"twitter:card\" content=\"summary_large_image\" \/>\n<meta name=\"twitter:label1\" content=\"Tiempo de lectura\" \/>\n\t<meta name=\"twitter:data1\" content=\"3 minutos\" \/>\n<script type=\"application\/ld+json\" class=\"yoast-schema-graph\">{\"@context\":\"https:\/\/schema.org\",\"@graph\":[{\"@type\":\"WebPage\",\"@id\":\"https:\/\/www.safinel.fr\/produit\/poudre-de-fenugrec\/\",\"url\":\"https:\/\/www.safinel.fr\/produit\/poudre-de-fenugrec\/\",\"name\":\"Poudre de fenugrec I Poudre naturelle I Bienfaits nombreux\",\"isPartOf\":{\"@id\":\"https:\/\/www.safinel.fr\/#website\"},\"primaryImageOfPage\":{\"@id\":\"https:\/\/www.safinel.fr\/produit\/poudre-de-fenugrec\/#primaryimage\"},\"image\":{\"@id\":\"https:\/\/www.safinel.fr\/produit\/poudre-de-fenugrec\/#primaryimage\"},\"thumbnailUrl\":\"https:\/\/www.safinel.fr\/wp-content\/uploads\/2023\/02\/poudre-de-fenugrec.jpg\",\"datePublished\":\"2023-02-09T06:40:38+00:00\",\"dateModified\":\"2023-12-28T17:15:44+00:00\",\"description\":\"Si vous aussi vous souhaitez profiter de tr\u00e9sors de la nature, alors faites la rencontre avec la\u00a0poudre de fenugrec. Adoptez-l\u00e0 sans plus attendre !\",\"breadcrumb\":{\"@id\":\"https:\/\/www.safinel.fr\/produit\/poudre-de-fenugrec\/#breadcrumb\"},\"inLanguage\":\"es\",\"potentialAction\":[{\"@type\":\"ReadAction\",\"target\":[\"https:\/\/www.safinel.fr\/produit\/poudre-de-fenugrec\/\"]}]},{\"@type\":\"ImageObject\",\"inLanguage\":\"es\",\"@id\":\"https:\/\/www.safinel.fr\/produit\/poudre-de-fenugrec\/#primaryimage\",\"url\":\"https:\/\/www.safinel.fr\/wp-content\/uploads\/2023\/02\/poudre-de-fenugrec.jpg\",\"contentUrl\":\"https:\/\/www.safinel.fr\/wp-content\/uploads\/2023\/02\/poudre-de-fenugrec.jpg\",\"width\":600,\"height\":600,\"caption\":\"Poudre de fenugrec 100g\"},{\"@type\":\"BreadcrumbList\",\"@id\":\"https:\/\/www.safinel.fr\/produit\/poudre-de-fenugrec\/#breadcrumb\",\"itemListElement\":[{\"@type\":\"ListItem\",\"position\":1,\"name\":\"Accueil\",\"item\":\"https:\/\/www.safinel.fr\/\"},{\"@type\":\"ListItem\",\"position\":2,\"name\":\"Boutique\",\"item\":\"https:\/\/www.safinel.fr\/boutique\/\"},{\"@type\":\"ListItem\",\"position\":3,\"name\":\"Poudre de fenugrec 100g\"}]},{\"@type\":\"WebSite\",\"@id\":\"https:\/\/www.safinel.fr\/#website\",\"url\":\"https:\/\/www.safinel.fr\/\",\"name\":\"Safinel\",\"description\":\"\",\"publisher\":{\"@id\":\"https:\/\/www.safinel.fr\/#organization\"},\"potentialAction\":[{\"@type\":\"SearchAction\",\"target\":{\"@type\":\"EntryPoint\",\"urlTemplate\":\"https:\/\/www.safinel.fr\/?s={search_term_string}\"},\"query-input\":{\"@type\":\"PropertyValueSpecification\",\"valueRequired\":true,\"valueName\":\"search_term_string\"}}],\"inLanguage\":\"es\"},{\"@type\":\"Organization\",\"@id\":\"https:\/\/www.safinel.fr\/#organization\",\"name\":\"Safinel\",\"url\":\"https:\/\/www.safinel.fr\/\",\"logo\":{\"@type\":\"ImageObject\",\"inLanguage\":\"es\",\"@id\":\"https:\/\/www.safinel.fr\/#\/schema\/logo\/image\/\",\"url\":\"https:\/\/www.safinel.fr\/wp-content\/uploads\/2021\/05\/boutique-cosmetique.png\",\"contentUrl\":\"https:\/\/www.safinel.fr\/wp-content\/uploads\/2021\/05\/boutique-cosmetique.png\",\"width\":800,\"height\":200,\"caption\":\"Safinel\"},\"image\":{\"@id\":\"https:\/\/www.safinel.fr\/#\/schema\/logo\/image\/\"}}]}<\/script>\n<!-- \/ Yoast SEO plugin. -->","yoast_head_json":{"title":"Alholva en polvo I Polvo natural I Numerosos beneficios","description":"Si a usted tambi\u00e9n le gustar\u00eda beneficiarse de los tesoros de la naturaleza, conozca el fenogreco en polvo. \u00a1Ad\u00f3ptelo ya!","robots":{"index":"index","follow":"follow","max-snippet":"max-snippet:-1","max-image-preview":"max-image-preview:large","max-video-preview":"max-video-preview:-1"},"canonical":"https:\/\/www.safinel.fr\/es\/product-2\/alholva-en-polvo\/","og_locale":"es_ES","og_type":"article","og_title":"Poudre de fenugrec I Poudre naturelle I Bienfaits nombreux","og_description":"Si vous aussi vous souhaitez profiter de tr\u00e9sors de la nature, alors faites la rencontre avec la\u00a0poudre de fenugrec. Adoptez-l\u00e0 sans plus attendre !","og_url":"https:\/\/www.safinel.fr\/es\/product-2\/alholva-en-polvo\/","og_site_name":"Safinel","article_modified_time":"2023-12-28T17:15:44+00:00","og_image":[{"width":600,"height":600,"url":"https:\/\/www.safinel.fr\/wp-content\/uploads\/2023\/02\/poudre-de-fenugrec.jpg","type":"image\/jpeg"}],"twitter_card":"summary_large_image","twitter_misc":{"Tiempo de lectura":"3 minutos"},"schema":{"@context":"https:\/\/schema.org","@graph":[{"@type":"WebPage","@id":"https:\/\/www.safinel.fr\/produit\/poudre-de-fenugrec\/","url":"https:\/\/www.safinel.fr\/produit\/poudre-de-fenugrec\/","name":"Alholva en polvo I Polvo natural I Numerosos beneficios","isPartOf":{"@id":"https:\/\/www.safinel.fr\/#website"},"primaryImageOfPage":{"@id":"https:\/\/www.safinel.fr\/produit\/poudre-de-fenugrec\/#primaryimage"},"image":{"@id":"https:\/\/www.safinel.fr\/produit\/poudre-de-fenugrec\/#primaryimage"},"thumbnailUrl":"https:\/\/www.safinel.fr\/wp-content\/uploads\/2023\/02\/poudre-de-fenugrec.jpg","datePublished":"2023-02-09T06:40:38+00:00","dateModified":"2023-12-28T17:15:44+00:00","description":"Si a usted tambi\u00e9n le gustar\u00eda beneficiarse de los tesoros de la naturaleza, conozca el fenogreco en polvo. \u00a1Ad\u00f3ptelo ya!","breadcrumb":{"@id":"https:\/\/www.safinel.fr\/produit\/poudre-de-fenugrec\/#breadcrumb"},"inLanguage":"es","potentialAction":[{"@type":"ReadAction","target":["https:\/\/www.safinel.fr\/produit\/poudre-de-fenugrec\/"]}]},{"@type":"ImageObject","inLanguage":"es","@id":"https:\/\/www.safinel.fr\/produit\/poudre-de-fenugrec\/#primaryimage","url":"https:\/\/www.safinel.fr\/wp-content\/uploads\/2023\/02\/poudre-de-fenugrec.jpg","contentUrl":"https:\/\/www.safinel.fr\/wp-content\/uploads\/2023\/02\/poudre-de-fenugrec.jpg","width":600,"height":600,"caption":"Poudre de fenugrec 100g"},{"@type":"BreadcrumbList","@id":"https:\/\/www.safinel.fr\/produit\/poudre-de-fenugrec\/#breadcrumb","itemListElement":[{"@type":"ListItem","position":1,"name":"Accueil","item":"https:\/\/www.safinel.fr\/"},{"@type":"ListItem","position":2,"name":"Boutique","item":"https:\/\/www.safinel.fr\/boutique\/"},{"@type":"ListItem","position":3,"name":"Poudre de fenugrec 100g"}]},{"@type":"WebSite","@id":"https:\/\/www.safinel.fr\/#website","url":"https:\/\/www.safinel.fr\/","name":"Safinel","description":"","publisher":{"@id":"https:\/\/www.safinel.fr\/#organization"},"potentialAction":[{"@type":"SearchAction","target":{"@type":"EntryPoint","urlTemplate":"https:\/\/www.safinel.fr\/?s={search_term_string}"},"query-input":{"@type":"PropertyValueSpecification","valueRequired":true,"valueName":"search_term_string"}}],"inLanguage":"es"},{"@type":"Organization","@id":"https:\/\/www.safinel.fr\/#organization","name":"Safinel","url":"https:\/\/www.safinel.fr\/","logo":{"@type":"ImageObject","inLanguage":"es","@id":"https:\/\/www.safinel.fr\/#\/schema\/logo\/image\/","url":"https:\/\/www.safinel.fr\/wp-content\/uploads\/2021\/05\/boutique-cosmetique.png","contentUrl":"https:\/\/www.safinel.fr\/wp-content\/uploads\/2021\/05\/boutique-cosmetique.png","width":800,"height":200,"caption":"Safinel"},"image":{"@id":"https:\/\/www.safinel.fr\/#\/schema\/logo\/image\/"}}]}},"_links":{"self":[{"href":"https:\/\/www.safinel.fr\/es\/wp-json\/wp\/v2\/product\/4551","targetHints":{"allow":["GET"]}}],"collection":[{"href":"https:\/\/www.safinel.fr\/es\/wp-json\/wp\/v2\/product"}],"about":[{"href":"https:\/\/www.safinel.fr\/es\/wp-json\/wp\/v2\/types\/product"}],"wp:featuredmedia":[{"embeddable":true,"href":"https:\/\/www.safinel.fr\/es\/wp-json\/wp\/v2\/media\/4552"}],"wp:attachment":[{"href":"https:\/\/www.safinel.fr\/es\/wp-json\/wp\/v2\/media?parent=4551"}],"wp:term":[{"taxonomy":"product_brand","embeddable":true,"href":"https:\/\/www.safinel.fr\/es\/wp-json\/wp\/v2\/product_brand?post=4551"},{"taxonomy":"product_cat","embeddable":true,"href":"https:\/\/www.safinel.fr\/es\/wp-json\/wp\/v2\/product_cat?post=4551"},{"taxonomy":"product_tag","embeddable":true,"href":"https:\/\/www.safinel.fr\/es\/wp-json\/wp\/v2\/product_tag?post=4551"}],"curies":[{"name":"wp","href":"https:\/\/api.w.org\/{rel}","templated":true}]}}