{"id":4394,"date":"2023-01-30T14:08:24","date_gmt":"2023-01-30T14:08:24","guid":{"rendered":"https:\/\/www.safinel.fr\/?post_type=product&#038;p=4394"},"modified":"2023-12-28T17:15:43","modified_gmt":"2023-12-28T17:15:43","slug":"aceite-para-hormigas","status":"publish","type":"product","link":"https:\/\/www.safinel.fr\/es\/product-2\/aceite-para-hormigas\/","title":{"rendered":"Aceite para hormigas 100ml"},"content":{"rendered":"<p>L\u2019<strong>aceite para hormigas<\/strong> es un producto natural que ofrece considerables beneficios para la depilaci\u00f3n y el afeitado. Este ingrediente ha resurgido recientemente en el mundo de la belleza y la cosm\u00e9tica, aunque se utiliza desde hace mucho tiempo. Sus propiedades \u00fanicas lo hacen muy popular entre los consumidores, y su popularidad sigue creciendo.<\/p>\n<p>Descubra un producto sin igual, \u00a1con propiedades incre\u00edbles!<\/p>\n<h2><strong>Aceite de hormiga<\/strong><\/h2>\n<p>L\u2019<strong>aceite para hormigas<\/strong> es un producto obtenido a partir de los cuerpos de las hormigas. Estos cuerpos se secan y prensan para obtener un <strong>aceite rico en nutrientes<\/strong>. Se considera una alternativa saludable a las sustancias qu\u00edmicas utilizadas habitualmente en los productos para el cuidado de la piel y el cabello. Es rico en omega-3 y antioxidantes, lo que lo convierte en un producto muy nutritivo.<\/p>\n<p>L\u2019<strong>aceite para hormigas<\/strong> tambi\u00e9n es rico en \u00e1cidos grasos como el \u00e1cido oleico, el \u00e1cido linoleico y el \u00e1cido este\u00e1rico, conocidos por su capacidad para hidratar la piel y protegerla de las agresiones externas. Estos mismos \u00e1cidos grasos tambi\u00e9n son conocidos por su capacidad para reducir la inflamaci\u00f3n y mejorar la textura de la piel. A menudo se utiliza para hidratar, suavizar y proteger la piel.<\/p>\n<h2><strong>Tu nuevo aliado de belleza: el aceite vegetal de hormiga<\/strong><\/h2>\n<p>L\u2019<strong>aceite para hormigas<\/strong> es conocido por mejorar el resplandor y la luminosidad de la piel, y reducir la aparici\u00f3n de l\u00edneas finas y arrugas. Se sabe que los antioxidantes que contiene ayudan a combatir los da\u00f1os causados por los rayos UV.<\/p>\n<p>Tambi\u00e9n <strong>se sabe que ayuda a frenar el crecimiento del vello<\/strong>, Ayuda a que el pelo sea m\u00e1s fino. Esto se debe a que los \u00e1cidos grasos que contiene penetran profundamente en la piel y los fol\u00edculos pilosos. Esto bloquea las hormonas responsables del crecimiento del pelo. Como resultado <strong>reduce el ritmo de crecimiento del vello, haci\u00e9ndolo m\u00e1s fino y suave<\/strong>.<\/p>\n<p>Tambi\u00e9n se utiliza para mejorar la salud del cabello y protegerlo de los da\u00f1os causados por los productos qu\u00edmicos y las herramientas de calor, como las planchas y los secadores. Es rico en nutrientes esenciales como las vitaminas A, B, C y E, conocidas por favorecer el crecimiento del cabello y prevenir la formaci\u00f3n de caspa.<\/p>\n<p>Por \u00faltimo, el\u2019<strong>aceite para hormigas <\/strong>es conocida por su capacidad para aliviar y curar la piel sensible e irritada. Suele utilizarse para aliviar el picor y el enrojecimiento causados por alergias, eccemas y psoriasis. Tambi\u00e9n se sabe que alivia el dolor y la inflamaci\u00f3n asociados a la artritis y el dolor de espalda.<\/p>\n<h2><strong>\u00bfC\u00f3mo debe utilizarse el aceite para hormigas?<\/strong><\/h2>\n<p>He aqu\u00ed algunos consejos que le ayudar\u00e1n a utilizar el\u2019<strong>aceite para hormigas <\/strong>de forma segura y eficaz.<\/p>\n<p>Antes de utilizarlo, es importante asegurarse de que no se es al\u00e9rgico a ninguno de sus ingredientes. Puedes hacerlo mediante una prueba cut\u00e1nea de alergia. Si no tienes ninguna reacci\u00f3n, puedes utilizarlo sin miedo.<\/p>\n<p>Es muy f\u00e1cil de usar. Puede aplicarlo directamente sobre la piel o el cuero cabelludo. Tambi\u00e9n puedes a\u00f1adirlo a tu loci\u00f3n, crema u otro producto cosm\u00e9tico. Si lo haces, aseg\u00farate de utilizar productos de calidad.<\/p>\n<p>Este producto puede utilizarse como tratamiento para la caspa y el cabello seco y da\u00f1ado. Puedes utilizarlo como mascarilla capilar aplic\u00e1ndolo sobre el cabello h\u00famedo y dej\u00e1ndolo actuar durante una hora antes de aclarar con agua tibia.<\/p>\n<p>L\u2019<strong>aceite para hormigas <\/strong>tambi\u00e9n puede utilizarse para aliviar el dolor y la inflamaci\u00f3n. Para ello, apl\u00edquelo en la zona afectada y masajee suavemente. Dejar actuar unos minutos antes de aclarar con agua tibia.<\/p>\n<p>Para frenar el crecimiento del vello, debe utilizarse diariamente a largo plazo para ver sus efectos. Basta con masajear las zonas afectadas durante unos minutos cada d\u00eda hasta que penetre.<\/p>\n<h3><strong>Precauciones<\/strong><\/h3>\n<p>Aunque se considera seguro, es importante tomar ciertas precauciones al utilizarlo.<\/p>\n<p>El primer paso es realizar una prueba. As\u00ed se asegurar\u00e1 de que no es al\u00e9rgico a ninguno de sus ingredientes. A continuaci\u00f3n, util\u00edcelo seg\u00fan sus necesidades.<\/p>\n<p>En segundo lugar, la\u2019<strong>aceite para hormigas <\/strong>no debe consumirse nunca. S\u00f3lo se recomienda para uso externo. Tambi\u00e9n es importante asegurarse de que es compatible con su tipo de piel antes de usarlo.<\/p>\n<p>En tercer lugar, consulte a su m\u00e9dico antes de utilizar este producto, especialmente si est\u00e1 embarazada o en per\u00edodo de lactancia. Tambi\u00e9n es importante que comente con su m\u00e9dico cualquier posible efecto secundario.<\/p>\n<p>En cuarto lugar, es importante preservar la\u2019<strong>aceite para hormigas <\/strong>en un lugar fresco y seco, alejado de la luz solar directa. Se recomienda no dejarlo cerca de una fuente de calor o humedad.<\/p>\n<p>En quinto lugar, la\u2019<strong>aceite para hormigas<\/strong> sobre una herida abierta o la piel irritada. Tambi\u00e9n hay que tener en cuenta que puede provocar una sensaci\u00f3n de quemaz\u00f3n o escozor cuando se aplica sobre la piel.<\/p>\n<h3><strong>Lo mejor de la naturaleza en Safinel<\/strong><\/h3>\n<p>En <strong>productos naturales<\/strong> se elaboran a partir de materias primas de origen natural. A menudo se consideran m\u00e1s saludables que los productos artificiales. Estos \u00faltimos son ricos en nutrientes y antioxidantes, y pueden ser muy beneficiosos para la salud.<\/p>\n<p>Pueden ayudar a prevenir y tratar muchas enfermedades y afecciones. <strong>Safinel<\/strong> le ofrece diversas variedades de plantas. Pero tambi\u00e9n <a href=\"https:\/\/www.safinel.fr\/es\/product-category-2\/paquete-de-fertilidad\/\"><strong>paquetes de fertilidad<\/strong><\/a> o el <a href=\"https:\/\/www.safinel.fr\/es\/product-category-2\/apicultura\/\"><strong>miel<\/strong><\/a>.<\/p>\n<p>Se sabe incluso que algunas plantas reducen el riesgo de cardiopat\u00edas y ciertos tipos de c\u00e1ncer. Otras tambi\u00e9n pueden ayudar a mejorar la salud mental y el bienestar general.<\/p>\n<p>Nuestros productos son una excelente fuente de vitaminas, minerales y otros nutrientes esenciales. Pueden ayudar a mantener el sistema inmunitario y mejorar la salud en general.<\/p>","protected":false},"excerpt":{"rendered":"<p>L\u2019huile de fourmi est un produit naturel qui offre des avantages consid\u00e9rables et b\u00e9n\u00e9fiques pour l\u2019\u00e9pilation et le rasage. Cet ingr\u00e9dient a r\u00e9cemment refait son apparition dans le monde de la beaut\u00e9 et des cosm\u00e9tiques, bien qu\u2019il soit utilis\u00e9 depuis tr\u00e8s longtemps. Ses propri\u00e9t\u00e9s uniques en font un produit tr\u00e8s appr\u00e9ci\u00e9 par les consommateurs, et [&#8230;]","protected":false},"featured_media":4395,"template":"","meta":[],"product_brand":[],"product_cat":[122],"product_tag":[],"class_list":{"0":"post-4394","1":"product","2":"type-product","3":"status-publish","4":"has-post-thumbnail","6":"product_cat-huile-vegetale","8":"first","9":"instock","10":"shipping-taxable","11":"purchasable","12":"product-type-simple"},"yoast_head":"<!-- This site is optimized with the Yoast SEO plugin v26.6 - https:\/\/yoast.com\/wordpress\/plugins\/seo\/ -->\n<title>Huile de fourmi I Solution naturelle contre la pousse des poils<\/title>\n<meta name=\"description\" content=\"L\u2019huile de fourmi est un produit naturel qui offre des avantages consid\u00e9rables et b\u00e9n\u00e9fiques pour l\u2019\u00e9pilation et le rasage.\" \/>\n<meta name=\"robots\" content=\"index, follow, max-snippet:-1, max-image-preview:large, max-video-preview:-1\" \/>\n<link rel=\"canonical\" href=\"https:\/\/www.safinel.fr\/es\/product-2\/aceite-para-hormigas\/\" \/>\n<meta property=\"og:locale\" content=\"es_ES\" \/>\n<meta property=\"og:type\" content=\"article\" \/>\n<meta property=\"og:title\" content=\"Huile de fourmi I Solution naturelle contre la pousse des poils\" \/>\n<meta property=\"og:description\" content=\"L\u2019huile de fourmi est un produit naturel qui offre des avantages consid\u00e9rables et b\u00e9n\u00e9fiques pour l\u2019\u00e9pilation et le rasage.\" \/>\n<meta property=\"og:url\" content=\"https:\/\/www.safinel.fr\/es\/product-2\/aceite-para-hormigas\/\" \/>\n<meta property=\"og:site_name\" content=\"Safinel\" \/>\n<meta property=\"article:modified_time\" content=\"2023-12-28T17:15:43+00:00\" \/>\n<meta property=\"og:image\" content=\"https:\/\/www.safinel.fr\/wp-content\/uploads\/2023\/01\/huile-de-fourmi.jpg.webp\" \/>\n\t<meta property=\"og:image:width\" content=\"600\" \/>\n\t<meta property=\"og:image:height\" content=\"600\" \/>\n\t<meta property=\"og:image:type\" content=\"image\/webp\" \/>\n<meta name=\"twitter:card\" content=\"summary_large_image\" \/>\n<meta name=\"twitter:label1\" content=\"Tiempo de lectura\" \/>\n\t<meta name=\"twitter:data1\" content=\"5 minutos\" \/>\n<script type=\"application\/ld+json\" class=\"yoast-schema-graph\">{\"@context\":\"https:\/\/schema.org\",\"@graph\":[{\"@type\":\"WebPage\",\"@id\":\"https:\/\/www.safinel.fr\/produit\/huile-de-fourmi\/\",\"url\":\"https:\/\/www.safinel.fr\/produit\/huile-de-fourmi\/\",\"name\":\"Huile de fourmi I Solution naturelle contre la pousse des poils\",\"isPartOf\":{\"@id\":\"https:\/\/www.safinel.fr\/#website\"},\"primaryImageOfPage\":{\"@id\":\"https:\/\/www.safinel.fr\/produit\/huile-de-fourmi\/#primaryimage\"},\"image\":{\"@id\":\"https:\/\/www.safinel.fr\/produit\/huile-de-fourmi\/#primaryimage\"},\"thumbnailUrl\":\"https:\/\/www.safinel.fr\/wp-content\/uploads\/2023\/01\/huile-de-fourmi.jpg.webp\",\"datePublished\":\"2023-01-30T14:08:24+00:00\",\"dateModified\":\"2023-12-28T17:15:43+00:00\",\"description\":\"L\u2019huile de fourmi est un produit naturel qui offre des avantages consid\u00e9rables et b\u00e9n\u00e9fiques pour l\u2019\u00e9pilation et le rasage.\",\"breadcrumb\":{\"@id\":\"https:\/\/www.safinel.fr\/produit\/huile-de-fourmi\/#breadcrumb\"},\"inLanguage\":\"es\",\"potentialAction\":[{\"@type\":\"ReadAction\",\"target\":[\"https:\/\/www.safinel.fr\/produit\/huile-de-fourmi\/\"]}]},{\"@type\":\"ImageObject\",\"inLanguage\":\"es\",\"@id\":\"https:\/\/www.safinel.fr\/produit\/huile-de-fourmi\/#primaryimage\",\"url\":\"https:\/\/www.safinel.fr\/wp-content\/uploads\/2023\/01\/huile-de-fourmi.jpg.webp\",\"contentUrl\":\"https:\/\/www.safinel.fr\/wp-content\/uploads\/2023\/01\/huile-de-fourmi.jpg.webp\",\"width\":600,\"height\":600,\"caption\":\"huile de fourmi\"},{\"@type\":\"BreadcrumbList\",\"@id\":\"https:\/\/www.safinel.fr\/produit\/huile-de-fourmi\/#breadcrumb\",\"itemListElement\":[{\"@type\":\"ListItem\",\"position\":1,\"name\":\"Accueil\",\"item\":\"https:\/\/www.safinel.fr\/\"},{\"@type\":\"ListItem\",\"position\":2,\"name\":\"Boutique\",\"item\":\"https:\/\/www.safinel.fr\/boutique\/\"},{\"@type\":\"ListItem\",\"position\":3,\"name\":\"Huile de fourmi 100ml\"}]},{\"@type\":\"WebSite\",\"@id\":\"https:\/\/www.safinel.fr\/#website\",\"url\":\"https:\/\/www.safinel.fr\/\",\"name\":\"Safinel\",\"description\":\"\",\"publisher\":{\"@id\":\"https:\/\/www.safinel.fr\/#organization\"},\"potentialAction\":[{\"@type\":\"SearchAction\",\"target\":{\"@type\":\"EntryPoint\",\"urlTemplate\":\"https:\/\/www.safinel.fr\/?s={search_term_string}\"},\"query-input\":{\"@type\":\"PropertyValueSpecification\",\"valueRequired\":true,\"valueName\":\"search_term_string\"}}],\"inLanguage\":\"es\"},{\"@type\":\"Organization\",\"@id\":\"https:\/\/www.safinel.fr\/#organization\",\"name\":\"Safinel\",\"url\":\"https:\/\/www.safinel.fr\/\",\"logo\":{\"@type\":\"ImageObject\",\"inLanguage\":\"es\",\"@id\":\"https:\/\/www.safinel.fr\/#\/schema\/logo\/image\/\",\"url\":\"https:\/\/www.safinel.fr\/wp-content\/uploads\/2021\/05\/boutique-cosmetique.png\",\"contentUrl\":\"https:\/\/www.safinel.fr\/wp-content\/uploads\/2021\/05\/boutique-cosmetique.png\",\"width\":800,\"height\":200,\"caption\":\"Safinel\"},\"image\":{\"@id\":\"https:\/\/www.safinel.fr\/#\/schema\/logo\/image\/\"}}]}<\/script>\n<!-- \/ Yoast SEO plugin. -->","yoast_head_json":{"title":"Aceite de hormigas I Soluci\u00f3n natural contra el crecimiento del vello","description":"El aceite de hormiga es un producto natural que ofrece considerables beneficios para la depilaci\u00f3n y el afeitado.","robots":{"index":"index","follow":"follow","max-snippet":"max-snippet:-1","max-image-preview":"max-image-preview:large","max-video-preview":"max-video-preview:-1"},"canonical":"https:\/\/www.safinel.fr\/es\/product-2\/aceite-para-hormigas\/","og_locale":"es_ES","og_type":"article","og_title":"Huile de fourmi I Solution naturelle contre la pousse des poils","og_description":"L\u2019huile de fourmi est un produit naturel qui offre des avantages consid\u00e9rables et b\u00e9n\u00e9fiques pour l\u2019\u00e9pilation et le rasage.","og_url":"https:\/\/www.safinel.fr\/es\/product-2\/aceite-para-hormigas\/","og_site_name":"Safinel","article_modified_time":"2023-12-28T17:15:43+00:00","og_image":[{"width":600,"height":600,"url":"https:\/\/www.safinel.fr\/wp-content\/uploads\/2023\/01\/huile-de-fourmi.jpg.webp","type":"image\/webp"}],"twitter_card":"summary_large_image","twitter_misc":{"Tiempo de lectura":"5 minutos"},"schema":{"@context":"https:\/\/schema.org","@graph":[{"@type":"WebPage","@id":"https:\/\/www.safinel.fr\/produit\/huile-de-fourmi\/","url":"https:\/\/www.safinel.fr\/produit\/huile-de-fourmi\/","name":"Aceite de hormigas I Soluci\u00f3n natural contra el crecimiento del vello","isPartOf":{"@id":"https:\/\/www.safinel.fr\/#website"},"primaryImageOfPage":{"@id":"https:\/\/www.safinel.fr\/produit\/huile-de-fourmi\/#primaryimage"},"image":{"@id":"https:\/\/www.safinel.fr\/produit\/huile-de-fourmi\/#primaryimage"},"thumbnailUrl":"https:\/\/www.safinel.fr\/wp-content\/uploads\/2023\/01\/huile-de-fourmi.jpg.webp","datePublished":"2023-01-30T14:08:24+00:00","dateModified":"2023-12-28T17:15:43+00:00","description":"El aceite de hormiga es un producto natural que ofrece considerables beneficios para la depilaci\u00f3n y el afeitado.","breadcrumb":{"@id":"https:\/\/www.safinel.fr\/produit\/huile-de-fourmi\/#breadcrumb"},"inLanguage":"es","potentialAction":[{"@type":"ReadAction","target":["https:\/\/www.safinel.fr\/produit\/huile-de-fourmi\/"]}]},{"@type":"ImageObject","inLanguage":"es","@id":"https:\/\/www.safinel.fr\/produit\/huile-de-fourmi\/#primaryimage","url":"https:\/\/www.safinel.fr\/wp-content\/uploads\/2023\/01\/huile-de-fourmi.jpg.webp","contentUrl":"https:\/\/www.safinel.fr\/wp-content\/uploads\/2023\/01\/huile-de-fourmi.jpg.webp","width":600,"height":600,"caption":"huile de fourmi"},{"@type":"BreadcrumbList","@id":"https:\/\/www.safinel.fr\/produit\/huile-de-fourmi\/#breadcrumb","itemListElement":[{"@type":"ListItem","position":1,"name":"Accueil","item":"https:\/\/www.safinel.fr\/"},{"@type":"ListItem","position":2,"name":"Boutique","item":"https:\/\/www.safinel.fr\/boutique\/"},{"@type":"ListItem","position":3,"name":"Huile de fourmi 100ml"}]},{"@type":"WebSite","@id":"https:\/\/www.safinel.fr\/#website","url":"https:\/\/www.safinel.fr\/","name":"Safinel","description":"","publisher":{"@id":"https:\/\/www.safinel.fr\/#organization"},"potentialAction":[{"@type":"SearchAction","target":{"@type":"EntryPoint","urlTemplate":"https:\/\/www.safinel.fr\/?s={search_term_string}"},"query-input":{"@type":"PropertyValueSpecification","valueRequired":true,"valueName":"search_term_string"}}],"inLanguage":"es"},{"@type":"Organization","@id":"https:\/\/www.safinel.fr\/#organization","name":"Safinel","url":"https:\/\/www.safinel.fr\/","logo":{"@type":"ImageObject","inLanguage":"es","@id":"https:\/\/www.safinel.fr\/#\/schema\/logo\/image\/","url":"https:\/\/www.safinel.fr\/wp-content\/uploads\/2021\/05\/boutique-cosmetique.png","contentUrl":"https:\/\/www.safinel.fr\/wp-content\/uploads\/2021\/05\/boutique-cosmetique.png","width":800,"height":200,"caption":"Safinel"},"image":{"@id":"https:\/\/www.safinel.fr\/#\/schema\/logo\/image\/"}}]}},"_links":{"self":[{"href":"https:\/\/www.safinel.fr\/es\/wp-json\/wp\/v2\/product\/4394","targetHints":{"allow":["GET"]}}],"collection":[{"href":"https:\/\/www.safinel.fr\/es\/wp-json\/wp\/v2\/product"}],"about":[{"href":"https:\/\/www.safinel.fr\/es\/wp-json\/wp\/v2\/types\/product"}],"wp:featuredmedia":[{"embeddable":true,"href":"https:\/\/www.safinel.fr\/es\/wp-json\/wp\/v2\/media\/4395"}],"wp:attachment":[{"href":"https:\/\/www.safinel.fr\/es\/wp-json\/wp\/v2\/media?parent=4394"}],"wp:term":[{"taxonomy":"product_brand","embeddable":true,"href":"https:\/\/www.safinel.fr\/es\/wp-json\/wp\/v2\/product_brand?post=4394"},{"taxonomy":"product_cat","embeddable":true,"href":"https:\/\/www.safinel.fr\/es\/wp-json\/wp\/v2\/product_cat?post=4394"},{"taxonomy":"product_tag","embeddable":true,"href":"https:\/\/www.safinel.fr\/es\/wp-json\/wp\/v2\/product_tag?post=4394"}],"curies":[{"name":"wp","href":"https:\/\/api.w.org\/{rel}","templated":true}]}}