{"id":4301,"date":"2023-01-22T17:33:41","date_gmt":"2023-01-22T17:33:41","guid":{"rendered":"https:\/\/www.safinel.fr\/?post_type=product&#038;p=4301"},"modified":"2024-08-08T11:13:13","modified_gmt":"2024-08-08T11:13:13","slug":"grasa-de-camello","status":"publish","type":"product","link":"https:\/\/www.safinel.fr\/es\/product-2\/grasa-de-camello\/","title":{"rendered":"Grasa de camello 45g"},"content":{"rendered":"<p><strong>Grasa de camello.\u00a0<\/strong>Si a\u00fan no ha o\u00eddo el t\u00e9rmino, debe saber que detr\u00e1s de \u00e9l se esconde\u00a0<strong>un producto repleto de ventajas.<\/strong>\u00a0La grasa de camello, una nueva incorporaci\u00f3n a nuestra tienda que<strong>\u00a0que no querr\u00e1 perderse<\/strong><\/p>\n<h2><strong>Grasa de camello, una joya poco conocida<\/strong><\/h2>\n<p>De hecho, es un<strong>\u00a0un producto raro y poco conocido<\/strong>\u00a0de lo que estamos hablando. Visite\u00a0<a href=\"https:\/\/www.campings.ma\" target=\"_blank\" rel=\"noopener\"><strong>directamente de Marruecos<\/strong><\/a>, esta peque\u00f1a joya\u00a0<strong>tambi\u00e9n se conoce como daroua<\/strong>. As\u00ed pues, la leyenda de que las jorobas de los camellos contienen agua ha quedado abolida. Porque lo que contienen sus jorobas es grasa, y no cualquier tipo de grasa.<\/p>\n<p>Este\u00a0<strong>nos ofrece un producto de alta calidad que puede aliviar una amplia gama de dolencias articulares y cut\u00e1neas, en particular<\/strong>. Veamos m\u00e1s de cerca sus ventajas.<\/p>\n<h2><strong>Los beneficios de la grasa de la joroba de camello\u00a0<\/strong><\/h2>\n<p><strong>Los beneficios de la grasa de camello marroqu\u00ed<\/strong>, se observan en primer lugar\u00a0<strong>para problemas articulares<\/strong>. Si es propenso a<strong>\u00a0problemas de artritis, artrosis o reumatismo<\/strong>\u00a0\u00a1este es el producto para usted! La grasa tambi\u00e9n ser\u00e1 eficaz para su\u00a0<strong>dolores musculares, dolor de espalda<\/strong>\u00a0as\u00ed como para\u00a0<strong>aliviar el nervio ci\u00e1tico.\u00a0<\/strong><\/p>\n<p>La grasa de camello tambi\u00e9n es eficaz para tratar enfermedades de la piel como<strong>\u00a0eczema y psoriasis.<\/strong>\u00a0Tambi\u00e9n<strong>\u00a0alivia la piel seca y agrietada<\/strong>. Y ser\u00e1 igual de \u00fatil para\u00a0<strong>enfermedades respiratorias, en particular asma<\/strong>.  Por \u00faltimo, aproveche las ventajas de esta perla del desierto para<strong>\u00a0aliviar el dolor de las hemorroides<\/strong>. Te explicamos c\u00f3mo utilizarlo enseguida.<\/p>\n<h2><strong>Utilizar grasa de joroba de camello<\/strong><\/h2>\n<p>Dependiendo de lo que desee tratar, le indicamos c\u00f3mo aplicar la grasa de camello marroqu\u00ed sobre la piel. Por ejemplo, si desea aliviar el dolor,<strong>\u00a0masajear la grasa directamente en la zona deseada<\/strong>. Entonces, si desea deshacerse de los problemas de la piel en particular,\u00a0<a href=\"https:\/\/www.safinel.fr\/es\/product-2\/suero-antiacne-de-comino-negro\/\"><strong>se puede mezclar con aceite de comino negro<\/strong><\/a>\u00a0por ejemplo. Entonces\u00a0<strong>masajear localmente la zona de la piel que se desea tratar<\/strong>\u00a0y no dudes en repetir la operaci\u00f3n.<\/p>\n<p>Por \u00faltimo, para los problemas respiratorios, aplique grasa de camello.\u00a0<strong>masajear directamente en el pecho.<\/strong>\u00a0As\u00ed como\u00a0<strong>la parte superior de la espalda.<\/strong>\u00a0Por \u00faltimo, debe saber que\u00a0<strong>La grasa de camello tambi\u00e9n puede comerse sola o mezclada con miel.<\/strong>\u00a0Es especialmente eficaz para los problemas respiratorios.<\/p>\n<p>Ya te dijimos que era una aut\u00e9ntica joya. Indispensable en su farmacia natural, veamos c\u00f3mo conservarlo para preservar toda su eficacia.<\/p>\n<h3><strong>Consejos de conservaci\u00f3n\u00a0<\/strong><\/h3>\n<p>Para conservar la grasa de camello y todas sus virtudes,\u00a0<strong>Le recomendamos que lo guarde en un lugar fresco y preferiblemente seco.<\/strong>. As\u00ed como\u00a0<strong>lejos de la luz.<\/strong>\u00a0Por \u00faltimo, tenga en cuenta\u00a0<strong>no ponga su grasa de camello en contacto con el agua.\u00a0<\/strong><\/p>","protected":false},"excerpt":{"rendered":"<p>La graisse de chameau.\u00a0Si vous n&rsquo;avez pas encore entendu ce terme, sachez que se cache derri\u00e8re ce libell\u00e9\u00a0un produit rempli de bienfaits.\u00a0Zoom sur la graisse de chameau, une nouveaut\u00e9 sur notre boutique que\u00a0vous ne devez absolument pas manquer ! La graisse de chameau, une perle m\u00e9connue En effet, c&rsquo;est un\u00a0produit plut\u00f4t rare et m\u00e9connu\u00a0dont nous [&#8230;]","protected":false},"featured_media":4302,"template":"","meta":[],"product_brand":[],"product_cat":[41],"product_tag":[],"class_list":{"0":"post-4301","1":"product","2":"type-product","3":"status-publish","4":"has-post-thumbnail","6":"product_cat-produits-naturels-divers","8":"first","9":"instock","10":"shipping-taxable","11":"purchasable","12":"product-type-simple"},"yoast_head":"<!-- This site is optimized with the Yoast SEO plugin v26.6 - https:\/\/yoast.com\/wordpress\/plugins\/seo\/ -->\n<title>Graisse de chameau I Bienfaits nombreux I Originaire du Maroc<\/title>\n<meta name=\"description\" content=\"La graisse de chameau.\u00a0Si vous n&#039;avez pas encore entendu ce terme, sachez que se cache derri\u00e8re ce libell\u00e9\u00a0un produit rempli de bienfaits.\" \/>\n<meta name=\"robots\" content=\"index, follow, max-snippet:-1, max-image-preview:large, max-video-preview:-1\" \/>\n<link rel=\"canonical\" href=\"https:\/\/www.safinel.fr\/es\/product-2\/grasa-de-camello\/\" \/>\n<meta property=\"og:locale\" content=\"es_ES\" \/>\n<meta property=\"og:type\" content=\"article\" \/>\n<meta property=\"og:title\" content=\"Graisse de chameau I Bienfaits nombreux I Originaire du Maroc\" \/>\n<meta property=\"og:description\" content=\"La graisse de chameau.\u00a0Si vous n&#039;avez pas encore entendu ce terme, sachez que se cache derri\u00e8re ce libell\u00e9\u00a0un produit rempli de bienfaits.\" \/>\n<meta property=\"og:url\" content=\"https:\/\/www.safinel.fr\/es\/product-2\/grasa-de-camello\/\" \/>\n<meta property=\"og:site_name\" content=\"Safinel\" \/>\n<meta property=\"article:modified_time\" content=\"2024-08-08T11:13:13+00:00\" \/>\n<meta property=\"og:image\" content=\"https:\/\/www.safinel.fr\/wp-content\/uploads\/2023\/01\/graisse-de-chameau.jpg\" \/>\n\t<meta property=\"og:image:width\" content=\"600\" \/>\n\t<meta property=\"og:image:height\" content=\"600\" \/>\n\t<meta property=\"og:image:type\" content=\"image\/jpeg\" \/>\n<meta name=\"twitter:card\" content=\"summary_large_image\" \/>\n<meta name=\"twitter:label1\" content=\"Tiempo de lectura\" \/>\n\t<meta name=\"twitter:data1\" content=\"3 minutos\" \/>\n<script type=\"application\/ld+json\" class=\"yoast-schema-graph\">{\"@context\":\"https:\/\/schema.org\",\"@graph\":[{\"@type\":\"WebPage\",\"@id\":\"https:\/\/www.safinel.fr\/produit\/graisse-de-chameau\/\",\"url\":\"https:\/\/www.safinel.fr\/produit\/graisse-de-chameau\/\",\"name\":\"Graisse de chameau I Bienfaits nombreux I Originaire du Maroc\",\"isPartOf\":{\"@id\":\"https:\/\/www.safinel.fr\/#website\"},\"primaryImageOfPage\":{\"@id\":\"https:\/\/www.safinel.fr\/produit\/graisse-de-chameau\/#primaryimage\"},\"image\":{\"@id\":\"https:\/\/www.safinel.fr\/produit\/graisse-de-chameau\/#primaryimage\"},\"thumbnailUrl\":\"https:\/\/www.safinel.fr\/wp-content\/uploads\/2023\/01\/graisse-de-chameau.jpg\",\"datePublished\":\"2023-01-22T17:33:41+00:00\",\"dateModified\":\"2024-08-08T11:13:13+00:00\",\"description\":\"La graisse de chameau.\u00a0Si vous n'avez pas encore entendu ce terme, sachez que se cache derri\u00e8re ce libell\u00e9\u00a0un produit rempli de bienfaits.\",\"breadcrumb\":{\"@id\":\"https:\/\/www.safinel.fr\/produit\/graisse-de-chameau\/#breadcrumb\"},\"inLanguage\":\"es\",\"potentialAction\":[{\"@type\":\"ReadAction\",\"target\":[\"https:\/\/www.safinel.fr\/produit\/graisse-de-chameau\/\"]}]},{\"@type\":\"ImageObject\",\"inLanguage\":\"es\",\"@id\":\"https:\/\/www.safinel.fr\/produit\/graisse-de-chameau\/#primaryimage\",\"url\":\"https:\/\/www.safinel.fr\/wp-content\/uploads\/2023\/01\/graisse-de-chameau.jpg\",\"contentUrl\":\"https:\/\/www.safinel.fr\/wp-content\/uploads\/2023\/01\/graisse-de-chameau.jpg\",\"width\":600,\"height\":600,\"caption\":\"Graisse de chameau\"},{\"@type\":\"BreadcrumbList\",\"@id\":\"https:\/\/www.safinel.fr\/produit\/graisse-de-chameau\/#breadcrumb\",\"itemListElement\":[{\"@type\":\"ListItem\",\"position\":1,\"name\":\"Accueil\",\"item\":\"https:\/\/www.safinel.fr\/\"},{\"@type\":\"ListItem\",\"position\":2,\"name\":\"Boutique\",\"item\":\"https:\/\/www.safinel.fr\/boutique\/\"},{\"@type\":\"ListItem\",\"position\":3,\"name\":\"Graisse de chameau 45g\"}]},{\"@type\":\"WebSite\",\"@id\":\"https:\/\/www.safinel.fr\/#website\",\"url\":\"https:\/\/www.safinel.fr\/\",\"name\":\"Safinel\",\"description\":\"\",\"publisher\":{\"@id\":\"https:\/\/www.safinel.fr\/#organization\"},\"potentialAction\":[{\"@type\":\"SearchAction\",\"target\":{\"@type\":\"EntryPoint\",\"urlTemplate\":\"https:\/\/www.safinel.fr\/?s={search_term_string}\"},\"query-input\":{\"@type\":\"PropertyValueSpecification\",\"valueRequired\":true,\"valueName\":\"search_term_string\"}}],\"inLanguage\":\"es\"},{\"@type\":\"Organization\",\"@id\":\"https:\/\/www.safinel.fr\/#organization\",\"name\":\"Safinel\",\"url\":\"https:\/\/www.safinel.fr\/\",\"logo\":{\"@type\":\"ImageObject\",\"inLanguage\":\"es\",\"@id\":\"https:\/\/www.safinel.fr\/#\/schema\/logo\/image\/\",\"url\":\"https:\/\/www.safinel.fr\/wp-content\/uploads\/2021\/05\/boutique-cosmetique.png\",\"contentUrl\":\"https:\/\/www.safinel.fr\/wp-content\/uploads\/2021\/05\/boutique-cosmetique.png\",\"width\":800,\"height\":200,\"caption\":\"Safinel\"},\"image\":{\"@id\":\"https:\/\/www.safinel.fr\/#\/schema\/logo\/image\/\"}}]}<\/script>\n<!-- \/ Yoast SEO plugin. -->","yoast_head_json":{"title":"Grasa de camello I Numerosos beneficios I Originario de Marruecos","description":"Grasa de camello. Si a\u00fan no ha o\u00eddo hablar de este t\u00e9rmino, debe saber que tras su nombre se esconde un producto lleno de beneficios.","robots":{"index":"index","follow":"follow","max-snippet":"max-snippet:-1","max-image-preview":"max-image-preview:large","max-video-preview":"max-video-preview:-1"},"canonical":"https:\/\/www.safinel.fr\/es\/product-2\/grasa-de-camello\/","og_locale":"es_ES","og_type":"article","og_title":"Graisse de chameau I Bienfaits nombreux I Originaire du Maroc","og_description":"La graisse de chameau.\u00a0Si vous n'avez pas encore entendu ce terme, sachez que se cache derri\u00e8re ce libell\u00e9\u00a0un produit rempli de bienfaits.","og_url":"https:\/\/www.safinel.fr\/es\/product-2\/grasa-de-camello\/","og_site_name":"Safinel","article_modified_time":"2024-08-08T11:13:13+00:00","og_image":[{"width":600,"height":600,"url":"https:\/\/www.safinel.fr\/wp-content\/uploads\/2023\/01\/graisse-de-chameau.jpg","type":"image\/jpeg"}],"twitter_card":"summary_large_image","twitter_misc":{"Tiempo de lectura":"3 minutos"},"schema":{"@context":"https:\/\/schema.org","@graph":[{"@type":"WebPage","@id":"https:\/\/www.safinel.fr\/produit\/graisse-de-chameau\/","url":"https:\/\/www.safinel.fr\/produit\/graisse-de-chameau\/","name":"Grasa de camello I Numerosos beneficios I Originario de Marruecos","isPartOf":{"@id":"https:\/\/www.safinel.fr\/#website"},"primaryImageOfPage":{"@id":"https:\/\/www.safinel.fr\/produit\/graisse-de-chameau\/#primaryimage"},"image":{"@id":"https:\/\/www.safinel.fr\/produit\/graisse-de-chameau\/#primaryimage"},"thumbnailUrl":"https:\/\/www.safinel.fr\/wp-content\/uploads\/2023\/01\/graisse-de-chameau.jpg","datePublished":"2023-01-22T17:33:41+00:00","dateModified":"2024-08-08T11:13:13+00:00","description":"Grasa de camello. Si a\u00fan no ha o\u00eddo hablar de este t\u00e9rmino, debe saber que tras su nombre se esconde un producto lleno de beneficios.","breadcrumb":{"@id":"https:\/\/www.safinel.fr\/produit\/graisse-de-chameau\/#breadcrumb"},"inLanguage":"es","potentialAction":[{"@type":"ReadAction","target":["https:\/\/www.safinel.fr\/produit\/graisse-de-chameau\/"]}]},{"@type":"ImageObject","inLanguage":"es","@id":"https:\/\/www.safinel.fr\/produit\/graisse-de-chameau\/#primaryimage","url":"https:\/\/www.safinel.fr\/wp-content\/uploads\/2023\/01\/graisse-de-chameau.jpg","contentUrl":"https:\/\/www.safinel.fr\/wp-content\/uploads\/2023\/01\/graisse-de-chameau.jpg","width":600,"height":600,"caption":"Graisse de chameau"},{"@type":"BreadcrumbList","@id":"https:\/\/www.safinel.fr\/produit\/graisse-de-chameau\/#breadcrumb","itemListElement":[{"@type":"ListItem","position":1,"name":"Accueil","item":"https:\/\/www.safinel.fr\/"},{"@type":"ListItem","position":2,"name":"Boutique","item":"https:\/\/www.safinel.fr\/boutique\/"},{"@type":"ListItem","position":3,"name":"Graisse de chameau 45g"}]},{"@type":"WebSite","@id":"https:\/\/www.safinel.fr\/#website","url":"https:\/\/www.safinel.fr\/","name":"Safinel","description":"","publisher":{"@id":"https:\/\/www.safinel.fr\/#organization"},"potentialAction":[{"@type":"SearchAction","target":{"@type":"EntryPoint","urlTemplate":"https:\/\/www.safinel.fr\/?s={search_term_string}"},"query-input":{"@type":"PropertyValueSpecification","valueRequired":true,"valueName":"search_term_string"}}],"inLanguage":"es"},{"@type":"Organization","@id":"https:\/\/www.safinel.fr\/#organization","name":"Safinel","url":"https:\/\/www.safinel.fr\/","logo":{"@type":"ImageObject","inLanguage":"es","@id":"https:\/\/www.safinel.fr\/#\/schema\/logo\/image\/","url":"https:\/\/www.safinel.fr\/wp-content\/uploads\/2021\/05\/boutique-cosmetique.png","contentUrl":"https:\/\/www.safinel.fr\/wp-content\/uploads\/2021\/05\/boutique-cosmetique.png","width":800,"height":200,"caption":"Safinel"},"image":{"@id":"https:\/\/www.safinel.fr\/#\/schema\/logo\/image\/"}}]}},"_links":{"self":[{"href":"https:\/\/www.safinel.fr\/es\/wp-json\/wp\/v2\/product\/4301","targetHints":{"allow":["GET"]}}],"collection":[{"href":"https:\/\/www.safinel.fr\/es\/wp-json\/wp\/v2\/product"}],"about":[{"href":"https:\/\/www.safinel.fr\/es\/wp-json\/wp\/v2\/types\/product"}],"wp:featuredmedia":[{"embeddable":true,"href":"https:\/\/www.safinel.fr\/es\/wp-json\/wp\/v2\/media\/4302"}],"wp:attachment":[{"href":"https:\/\/www.safinel.fr\/es\/wp-json\/wp\/v2\/media?parent=4301"}],"wp:term":[{"taxonomy":"product_brand","embeddable":true,"href":"https:\/\/www.safinel.fr\/es\/wp-json\/wp\/v2\/product_brand?post=4301"},{"taxonomy":"product_cat","embeddable":true,"href":"https:\/\/www.safinel.fr\/es\/wp-json\/wp\/v2\/product_cat?post=4301"},{"taxonomy":"product_tag","embeddable":true,"href":"https:\/\/www.safinel.fr\/es\/wp-json\/wp\/v2\/product_tag?post=4301"}],"curies":[{"name":"wp","href":"https:\/\/api.w.org\/{rel}","templated":true}]}}