{"id":4232,"date":"2023-01-15T16:46:56","date_gmt":"2023-01-15T16:46:56","guid":{"rendered":"https:\/\/www.safinel.fr\/?post_type=product&#038;p=4232"},"modified":"2023-12-28T17:15:43","modified_gmt":"2023-12-28T17:15:43","slug":"aceite-de-hiltita","status":"publish","type":"product","link":"https:\/\/www.safinel.fr\/es\/product-2\/aceite-de-hiltita\/","title":{"rendered":"Hiltitis aceite 30ml - Hemani"},"content":{"rendered":"<p>L\u2019<strong>aceite de hiltita<\/strong>\u00a0o incluso\u00a0<strong>asaf\u00e9tida<\/strong>\u00a0es un aceite vegetal famoso por sus beneficios. Originaria de Oriente Pr\u00f3ximo, esta planta es una especie de hinojo gigante. M\u00e1s informaci\u00f3n sobre este producto.<\/p>\n<h2><strong>\u00bfDe d\u00f3nde procede el aceite de hiltita?\u00a0<\/strong><\/h2>\n<p>Este\u00a0<strong>aceite vegetal<\/strong>\u00a0se extrae de la planta asaf\u00e9tida, tambi\u00e9n conocida como ase f\u00e9tide o hantite. Se obtiene cortando las ra\u00edces de la planta.<\/p>\n<p>Este aceite tiene un olor muy fuerte, a veces desagradable para algunas personas. De hecho, a menudo se compara con la ruda, una planta con un olor caracter\u00edstico. Por cierto,\u00a0<strong><a href=\"https:\/\/www.safinel.fr\/es\/product-2\/aceite-para-calles\/\">la Rue<\/a>\u00a0<\/strong>est\u00e1 disponible en nuestra boutique Safinel.<\/p>\n<h2><strong>Los beneficios del aceite de hiltita\u00a0<\/strong><\/h2>\n<p>Descubre la<strong>\u00a0numerosos beneficios<\/strong>\u00a0de este producto :<\/p>\n<ul>\n<li>Esta planta facilita la digesti\u00f3n y alivia las flatulencias; ;<\/li>\n<li>Se utiliza en la medicina ayurv\u00e9dica por sus propiedades antiespasm\u00f3dicas; ;<\/li>\n<li>\u00datil contra los resfriados y la gripe; ;<\/li>\n<li>Laxante natural ;<\/li>\n<li>Facilita la respiraci\u00f3n; ;<\/li>\n<li>Favorece una buena salud cardiovascular ;<\/li>\n<\/ul>\n<h3><strong>\u00bfC\u00f3mo se utiliza este aceite vegetal?<\/strong><\/h3>\n<p>Puede utilizar este<strong>\u00a0aceite propio\u00a0<\/strong>o\u00a0<strong>externamente.\u00a0<\/strong>Por ejemplo, aplicando una crema en las zonas donde duela. Ingiriendo una cucharada por la ma\u00f1ana en ayunas. Para lavarse las partes \u00edntimas. Y muchos otros usos.<\/p>\n<p>No obstante, tenga cuidado de no superar las dosis indicadas.<\/p>\n<h3><strong>Descubre tambi\u00e9n el azufre en polvo\u00a0<\/strong><\/h3>\n<p>Tambi\u00e9n disponible en nuestra tienda, le ofrecemos\u00a0<strong>azufre en polvo<\/strong>. Tiene muchos beneficios para la salud y su uso est\u00e1 muy extendido. De hecho, entre sus beneficios, es \u00fatil para ciertas afecciones de o\u00eddo, nariz y garganta. Tambi\u00e9n se sabe que ayuda a aliviar ciertos problemas respiratorios.<\/p>\n<p>Para saber m\u00e1s, eche un vistazo a nuestra tienda en l\u00ednea.<\/p>\n<p>Tambi\u00e9n ofrecemos una gama de<strong>\u00a0<a href=\"https:\/\/www.safinel.fr\/es\/product-category-2\/apicultura\/\">mieles de los cuatro puntos cardinales<\/a><\/strong>, Venga a echar un vistazo. No le decepcionar\u00e1.<\/p>","protected":false},"excerpt":{"rendered":"<p>El aceite de hiltita o asaf\u00e9tida es un aceite vegetal conocido por sus beneficios. Originaria de Oriente Medio, esta planta es una especie de hinojo gigante. Para ello, descubra m\u00e1s detalles sobre este producto. \u00bfDe d\u00f3nde proviene el aceite de hiltita?  Este aceite vegetal se extrae de la planta asaf\u00e9tida, tambi\u00e9n llamada ase f\u00e9tide o hantita. Se obtiene mediante [\u2026]","protected":false},"featured_media":4233,"template":"","meta":[],"product_brand":[],"product_cat":[122],"product_tag":[],"class_list":{"0":"post-4232","1":"product","2":"type-product","3":"status-publish","4":"has-post-thumbnail","6":"product_cat-huile-vegetale","8":"first","9":"instock","10":"shipping-taxable","11":"purchasable","12":"product-type-simple"},"yoast_head":"<!-- This site is optimized with the Yoast SEO plugin v26.6 - https:\/\/yoast.com\/wordpress\/plugins\/seo\/ -->\n<title>Huile de hiltite I Huile de asafoetida I Bienfaits nombreux<\/title>\n<meta name=\"description\" content=\"L\u2019huile de hiltite\u00a0ou encore\u00a0asafoetida\u00a0est une huile v\u00e9g\u00e9tale reconnue pour ses bienfaits. Adoptez-l\u00e0 sans en quelques clics !\" \/>\n<meta name=\"robots\" content=\"index, follow, max-snippet:-1, max-image-preview:large, max-video-preview:-1\" \/>\n<link rel=\"canonical\" href=\"https:\/\/www.safinel.fr\/es\/product-2\/aceite-de-hiltita\/\" \/>\n<meta property=\"og:locale\" content=\"es_ES\" \/>\n<meta property=\"og:type\" content=\"article\" \/>\n<meta property=\"og:title\" content=\"Huile de hiltite I Huile de asafoetida I Bienfaits nombreux\" \/>\n<meta property=\"og:description\" content=\"L\u2019huile de hiltite\u00a0ou encore\u00a0asafoetida\u00a0est une huile v\u00e9g\u00e9tale reconnue pour ses bienfaits. Adoptez-l\u00e0 sans en quelques clics !\" \/>\n<meta property=\"og:url\" content=\"https:\/\/www.safinel.fr\/es\/product-2\/aceite-de-hiltita\/\" \/>\n<meta property=\"og:site_name\" content=\"Safinel\" \/>\n<meta property=\"article:modified_time\" content=\"2023-12-28T17:15:43+00:00\" \/>\n<meta property=\"og:image\" content=\"https:\/\/www.safinel.fr\/wp-content\/uploads\/2023\/01\/huile-de-hiltyte-hemani.jpg\" \/>\n\t<meta property=\"og:image:width\" content=\"600\" \/>\n\t<meta property=\"og:image:height\" content=\"600\" \/>\n\t<meta property=\"og:image:type\" content=\"image\/jpeg\" \/>\n<meta name=\"twitter:card\" content=\"summary_large_image\" \/>\n<meta name=\"twitter:label1\" content=\"Tiempo de lectura\" \/>\n\t<meta name=\"twitter:data1\" content=\"2 minutos\" \/>\n<script type=\"application\/ld+json\" class=\"yoast-schema-graph\">{\"@context\":\"https:\/\/schema.org\",\"@graph\":[{\"@type\":\"WebPage\",\"@id\":\"https:\/\/www.safinel.fr\/produit\/huile-de-hiltite\/\",\"url\":\"https:\/\/www.safinel.fr\/produit\/huile-de-hiltite\/\",\"name\":\"Huile de hiltite I Huile de asafoetida I Bienfaits nombreux\",\"isPartOf\":{\"@id\":\"https:\/\/www.safinel.fr\/#website\"},\"primaryImageOfPage\":{\"@id\":\"https:\/\/www.safinel.fr\/produit\/huile-de-hiltite\/#primaryimage\"},\"image\":{\"@id\":\"https:\/\/www.safinel.fr\/produit\/huile-de-hiltite\/#primaryimage\"},\"thumbnailUrl\":\"https:\/\/www.safinel.fr\/wp-content\/uploads\/2023\/01\/huile-de-hiltyte-hemani.jpg\",\"datePublished\":\"2023-01-15T16:46:56+00:00\",\"dateModified\":\"2023-12-28T17:15:43+00:00\",\"description\":\"L\u2019huile de hiltite\u00a0ou encore\u00a0asafoetida\u00a0est une huile v\u00e9g\u00e9tale reconnue pour ses bienfaits. Adoptez-l\u00e0 sans en quelques clics !\",\"breadcrumb\":{\"@id\":\"https:\/\/www.safinel.fr\/produit\/huile-de-hiltite\/#breadcrumb\"},\"inLanguage\":\"es\",\"potentialAction\":[{\"@type\":\"ReadAction\",\"target\":[\"https:\/\/www.safinel.fr\/produit\/huile-de-hiltite\/\"]}]},{\"@type\":\"ImageObject\",\"inLanguage\":\"es\",\"@id\":\"https:\/\/www.safinel.fr\/produit\/huile-de-hiltite\/#primaryimage\",\"url\":\"https:\/\/www.safinel.fr\/wp-content\/uploads\/2023\/01\/huile-de-hiltyte-hemani.jpg\",\"contentUrl\":\"https:\/\/www.safinel.fr\/wp-content\/uploads\/2023\/01\/huile-de-hiltyte-hemani.jpg\",\"width\":600,\"height\":600,\"caption\":\"Huile de hiltite 30ml - Hemani\"},{\"@type\":\"BreadcrumbList\",\"@id\":\"https:\/\/www.safinel.fr\/produit\/huile-de-hiltite\/#breadcrumb\",\"itemListElement\":[{\"@type\":\"ListItem\",\"position\":1,\"name\":\"Accueil\",\"item\":\"https:\/\/www.safinel.fr\/\"},{\"@type\":\"ListItem\",\"position\":2,\"name\":\"Boutique\",\"item\":\"https:\/\/www.safinel.fr\/boutique\/\"},{\"@type\":\"ListItem\",\"position\":3,\"name\":\"Huile de hiltite 30ml &#8211; Hemani\"}]},{\"@type\":\"WebSite\",\"@id\":\"https:\/\/www.safinel.fr\/#website\",\"url\":\"https:\/\/www.safinel.fr\/\",\"name\":\"Safinel\",\"description\":\"\",\"publisher\":{\"@id\":\"https:\/\/www.safinel.fr\/#organization\"},\"potentialAction\":[{\"@type\":\"SearchAction\",\"target\":{\"@type\":\"EntryPoint\",\"urlTemplate\":\"https:\/\/www.safinel.fr\/?s={search_term_string}\"},\"query-input\":{\"@type\":\"PropertyValueSpecification\",\"valueRequired\":true,\"valueName\":\"search_term_string\"}}],\"inLanguage\":\"es\"},{\"@type\":\"Organization\",\"@id\":\"https:\/\/www.safinel.fr\/#organization\",\"name\":\"Safinel\",\"url\":\"https:\/\/www.safinel.fr\/\",\"logo\":{\"@type\":\"ImageObject\",\"inLanguage\":\"es\",\"@id\":\"https:\/\/www.safinel.fr\/#\/schema\/logo\/image\/\",\"url\":\"https:\/\/www.safinel.fr\/wp-content\/uploads\/2021\/05\/boutique-cosmetique.png\",\"contentUrl\":\"https:\/\/www.safinel.fr\/wp-content\/uploads\/2021\/05\/boutique-cosmetique.png\",\"width\":800,\"height\":200,\"caption\":\"Safinel\"},\"image\":{\"@id\":\"https:\/\/www.safinel.fr\/#\/schema\/logo\/image\/\"}}]}<\/script>\n<!-- \/ Yoast SEO plugin. -->","yoast_head_json":{"title":"Aceite de hilita I Aceite de asaf\u00e9tida I Numerosos beneficios","description":"El aceite de hiltite o asaf\u00e9tida es un aceite vegetal famoso por sus beneficios. \u00a1Est\u00e1 a s\u00f3lo unos clics!","robots":{"index":"index","follow":"follow","max-snippet":"max-snippet:-1","max-image-preview":"max-image-preview:large","max-video-preview":"max-video-preview:-1"},"canonical":"https:\/\/www.safinel.fr\/es\/product-2\/aceite-de-hiltita\/","og_locale":"es_ES","og_type":"article","og_title":"Huile de hiltite I Huile de asafoetida I Bienfaits nombreux","og_description":"L\u2019huile de hiltite\u00a0ou encore\u00a0asafoetida\u00a0est une huile v\u00e9g\u00e9tale reconnue pour ses bienfaits. Adoptez-l\u00e0 sans en quelques clics !","og_url":"https:\/\/www.safinel.fr\/es\/product-2\/aceite-de-hiltita\/","og_site_name":"Safinel","article_modified_time":"2023-12-28T17:15:43+00:00","og_image":[{"width":600,"height":600,"url":"https:\/\/www.safinel.fr\/wp-content\/uploads\/2023\/01\/huile-de-hiltyte-hemani.jpg","type":"image\/jpeg"}],"twitter_card":"summary_large_image","twitter_misc":{"Tiempo de lectura":"2 minutos"},"schema":{"@context":"https:\/\/schema.org","@graph":[{"@type":"WebPage","@id":"https:\/\/www.safinel.fr\/produit\/huile-de-hiltite\/","url":"https:\/\/www.safinel.fr\/produit\/huile-de-hiltite\/","name":"Aceite de hilita I Aceite de asaf\u00e9tida I Numerosos beneficios","isPartOf":{"@id":"https:\/\/www.safinel.fr\/#website"},"primaryImageOfPage":{"@id":"https:\/\/www.safinel.fr\/produit\/huile-de-hiltite\/#primaryimage"},"image":{"@id":"https:\/\/www.safinel.fr\/produit\/huile-de-hiltite\/#primaryimage"},"thumbnailUrl":"https:\/\/www.safinel.fr\/wp-content\/uploads\/2023\/01\/huile-de-hiltyte-hemani.jpg","datePublished":"2023-01-15T16:46:56+00:00","dateModified":"2023-12-28T17:15:43+00:00","description":"El aceite de hiltite o asaf\u00e9tida es un aceite vegetal famoso por sus beneficios. \u00a1Est\u00e1 a s\u00f3lo unos clics!","breadcrumb":{"@id":"https:\/\/www.safinel.fr\/produit\/huile-de-hiltite\/#breadcrumb"},"inLanguage":"es","potentialAction":[{"@type":"ReadAction","target":["https:\/\/www.safinel.fr\/produit\/huile-de-hiltite\/"]}]},{"@type":"ImageObject","inLanguage":"es","@id":"https:\/\/www.safinel.fr\/produit\/huile-de-hiltite\/#primaryimage","url":"https:\/\/www.safinel.fr\/wp-content\/uploads\/2023\/01\/huile-de-hiltyte-hemani.jpg","contentUrl":"https:\/\/www.safinel.fr\/wp-content\/uploads\/2023\/01\/huile-de-hiltyte-hemani.jpg","width":600,"height":600,"caption":"Huile de hiltite 30ml - Hemani"},{"@type":"BreadcrumbList","@id":"https:\/\/www.safinel.fr\/produit\/huile-de-hiltite\/#breadcrumb","itemListElement":[{"@type":"ListItem","position":1,"name":"Accueil","item":"https:\/\/www.safinel.fr\/"},{"@type":"ListItem","position":2,"name":"Boutique","item":"https:\/\/www.safinel.fr\/boutique\/"},{"@type":"ListItem","position":3,"name":"Huile de hiltite 30ml &#8211; Hemani"}]},{"@type":"WebSite","@id":"https:\/\/www.safinel.fr\/#website","url":"https:\/\/www.safinel.fr\/","name":"Safinel","description":"","publisher":{"@id":"https:\/\/www.safinel.fr\/#organization"},"potentialAction":[{"@type":"SearchAction","target":{"@type":"EntryPoint","urlTemplate":"https:\/\/www.safinel.fr\/?s={search_term_string}"},"query-input":{"@type":"PropertyValueSpecification","valueRequired":true,"valueName":"search_term_string"}}],"inLanguage":"es"},{"@type":"Organization","@id":"https:\/\/www.safinel.fr\/#organization","name":"Safinel","url":"https:\/\/www.safinel.fr\/","logo":{"@type":"ImageObject","inLanguage":"es","@id":"https:\/\/www.safinel.fr\/#\/schema\/logo\/image\/","url":"https:\/\/www.safinel.fr\/wp-content\/uploads\/2021\/05\/boutique-cosmetique.png","contentUrl":"https:\/\/www.safinel.fr\/wp-content\/uploads\/2021\/05\/boutique-cosmetique.png","width":800,"height":200,"caption":"Safinel"},"image":{"@id":"https:\/\/www.safinel.fr\/#\/schema\/logo\/image\/"}}]}},"_links":{"self":[{"href":"https:\/\/www.safinel.fr\/es\/wp-json\/wp\/v2\/product\/4232","targetHints":{"allow":["GET"]}}],"collection":[{"href":"https:\/\/www.safinel.fr\/es\/wp-json\/wp\/v2\/product"}],"about":[{"href":"https:\/\/www.safinel.fr\/es\/wp-json\/wp\/v2\/types\/product"}],"wp:featuredmedia":[{"embeddable":true,"href":"https:\/\/www.safinel.fr\/es\/wp-json\/wp\/v2\/media\/4233"}],"wp:attachment":[{"href":"https:\/\/www.safinel.fr\/es\/wp-json\/wp\/v2\/media?parent=4232"}],"wp:term":[{"taxonomy":"product_brand","embeddable":true,"href":"https:\/\/www.safinel.fr\/es\/wp-json\/wp\/v2\/product_brand?post=4232"},{"taxonomy":"product_cat","embeddable":true,"href":"https:\/\/www.safinel.fr\/es\/wp-json\/wp\/v2\/product_cat?post=4232"},{"taxonomy":"product_tag","embeddable":true,"href":"https:\/\/www.safinel.fr\/es\/wp-json\/wp\/v2\/product_tag?post=4232"}],"curies":[{"name":"wp","href":"https:\/\/api.w.org\/{rel}","templated":true}]}}