{"id":4220,"date":"2023-01-14T14:52:32","date_gmt":"2023-01-14T14:52:32","guid":{"rendered":"https:\/\/www.safinel.fr\/?post_type=product&#038;p=4220"},"modified":"2023-12-30T12:16:51","modified_gmt":"2023-12-30T12:16:51","slug":"hojas-de-sene","status":"publish","type":"product","link":"https:\/\/www.safinel.fr\/es\/product-2\/hojas-de-sene\/","title":{"rendered":"Hojas de sen (100 g)"},"content":{"rendered":"<p>\u00bfConoces el\u00a0<strong>\u00bfHojas de sen?<\/strong>\u00a0Estas plantas son conocidas por sus eficaces efectos laxantes. Descubra esta planta, tambi\u00e9n conocida como Cassia Angustifolia.<\/p>\n<h2><strong>\u00bfQu\u00e9 son las hojas de sen?<\/strong><\/h2>\n<p>Le<strong>\u00a0sene\u00a0<\/strong>es originaria de la India y del \u00c1frica subsahariana, pero tambi\u00e9n se cultiva en el norte de \u00c1frica. Tambi\u00e9n se conoce como <a href=\"https:\/\/locadomtom.com\/mayotte-une-destination-de-choix\/\" target=\"_blank\" rel=\"noopener\"><strong>La Meca<\/strong><\/a> o sana makki, ya que se encuentra en la regi\u00f3n del Hiyaz.<\/p>\n<p>En<strong>\u00a0\u00c1rabes<\/strong>\u00a0fueron los primeros en descubrir los beneficios de esta planta. Luego la introdujeron en Europa, donde se convirti\u00f3 en un remedio eficaz.<\/p>\n<p>Desde entonces, el sen no ha dejado de suscitar inter\u00e9s y su uso se ha extendido por todo el mundo.<\/p>\n<h2><strong>Hojas de sen: una planta beneficiosa para la salud\u00a0<\/strong><\/h2>\n<p>Estos tienen\u00a0<strong>numerosos beneficios\u00a0<\/strong>para su salud :<\/p>\n<ul>\n<li>Actuar <a href=\"https:\/\/www.safinel.fr\/es\/product-2\/moringa\/\"><strong>para el estre\u00f1imiento ocasional<\/strong><\/a> ;<\/li>\n<li>Puede tener un efecto purgante cuando se consume en grandes cantidades; ;<\/li>\n<li>Puede utilizarse como purga intestinal; ;<\/li>\n<li>Esta planta tambi\u00e9n se recomienda para las hemorroides. Este laxante natural ayudar\u00e1 a prevenir las hemorragias.<\/li>\n<\/ul>\n<h2><strong>\u00bfC\u00f3mo deben utilizarse las hojas de sen?\u00a0<\/strong><\/h2>\n<p>Esta planta puede utilizarse tanto interna como externamente:<\/p>\n<ul>\n<li><strong>En la empresa :\u00a0<\/strong><\/li>\n<\/ul>\n<p>Para utilizar las hojas internamente, nada como una buena infusi\u00f3n. Para ello, calienta un poco de agua sin dejar que hierva y apaga el fuego. Por \u00faltimo, infusiona las hojas en agua tibia durante 10 minutos.<\/p>\n<p>Debe tomarse una taza por la ma\u00f1ana en ayunas. Y una taza por la noche si es necesario.<\/p>\n<ul>\n<li><strong>Exterior :\u00a0<\/strong><\/li>\n<\/ul>\n<p>Utiliza la infusi\u00f3n de sana makki como enjuague para el cabello. As\u00ed podr\u00e1s disfrutar de todos los beneficios de esta planta para un cabello bonito.<\/p>\n<h3><strong>Precauciones con el sana makki<\/strong><\/h3>\n<p>No deben superarse las dosis indicadas.<\/p>\n<p>Las mujeres embarazadas y en per\u00edodo de lactancia no deben utilizar esta planta.<\/p>","protected":false},"excerpt":{"rendered":"<p>\u00bfConoce las hojas de sen? Son conocidas por sus eficaces efectos laxantes. Para ello, descubra esta planta, tambi\u00e9n conocida como Cassia Angustifolia. Las hojas de sen: \u00bfqu\u00e9 son? El sen es originario de la India y del \u00c1frica subsahariana, pero tambi\u00e9n se cultiva en el norte de \u00c1frica. Tambi\u00e9n se le conoce como sen [\u2026]","protected":false},"featured_media":4221,"template":"","meta":[],"product_brand":[],"product_cat":[27],"product_tag":[],"class_list":{"0":"post-4220","1":"product","2":"type-product","3":"status-publish","4":"has-post-thumbnail","6":"product_cat-plantes-medicinales","8":"first","9":"instock","10":"shipping-taxable","11":"purchasable","12":"product-type-simple"},"yoast_head":"<!-- This site is optimized with the Yoast SEO plugin v26.6 - https:\/\/yoast.com\/wordpress\/plugins\/seo\/ -->\n<title>Feuilles de s\u00e9n\u00e9 I Sana Makki I Bienfaits nombreux<\/title>\n<meta name=\"description\" content=\"Connaissez-vous les\u00a0feuilles de s\u00e9n\u00e9 (Sana Makki) ?\u00a0Ces derni\u00e8res sont connues pour leurs effets laxatifs tr\u00e8s efficaces.\" \/>\n<meta name=\"robots\" content=\"index, follow, max-snippet:-1, max-image-preview:large, max-video-preview:-1\" \/>\n<link rel=\"canonical\" href=\"https:\/\/www.safinel.fr\/es\/product-2\/hojas-de-sene\/\" \/>\n<meta property=\"og:locale\" content=\"es_ES\" \/>\n<meta property=\"og:type\" content=\"article\" \/>\n<meta property=\"og:title\" content=\"Feuilles de s\u00e9n\u00e9 I Sana Makki I Bienfaits nombreux\" \/>\n<meta property=\"og:description\" content=\"Connaissez-vous les\u00a0feuilles de s\u00e9n\u00e9 (Sana Makki) ?\u00a0Ces derni\u00e8res sont connues pour leurs effets laxatifs tr\u00e8s efficaces.\" \/>\n<meta property=\"og:url\" content=\"https:\/\/www.safinel.fr\/es\/product-2\/hojas-de-sene\/\" \/>\n<meta property=\"og:site_name\" content=\"Safinel\" \/>\n<meta property=\"article:modified_time\" content=\"2023-12-30T12:16:51+00:00\" \/>\n<meta property=\"og:image\" content=\"https:\/\/www.safinel.fr\/wp-content\/uploads\/2023\/01\/feuilles-de-sene-makki.jpg\" \/>\n\t<meta property=\"og:image:width\" content=\"600\" \/>\n\t<meta property=\"og:image:height\" content=\"600\" \/>\n\t<meta property=\"og:image:type\" content=\"image\/jpeg\" \/>\n<meta name=\"twitter:card\" content=\"summary_large_image\" \/>\n<meta name=\"twitter:label1\" content=\"Tiempo de lectura\" \/>\n\t<meta name=\"twitter:data1\" content=\"2 minutos\" \/>\n<script type=\"application\/ld+json\" class=\"yoast-schema-graph\">{\"@context\":\"https:\/\/schema.org\",\"@graph\":[{\"@type\":\"WebPage\",\"@id\":\"https:\/\/www.safinel.fr\/produit\/feuilles-de-sene\/\",\"url\":\"https:\/\/www.safinel.fr\/produit\/feuilles-de-sene\/\",\"name\":\"Feuilles de s\u00e9n\u00e9 I Sana Makki I Bienfaits nombreux\",\"isPartOf\":{\"@id\":\"https:\/\/www.safinel.fr\/#website\"},\"primaryImageOfPage\":{\"@id\":\"https:\/\/www.safinel.fr\/produit\/feuilles-de-sene\/#primaryimage\"},\"image\":{\"@id\":\"https:\/\/www.safinel.fr\/produit\/feuilles-de-sene\/#primaryimage\"},\"thumbnailUrl\":\"https:\/\/www.safinel.fr\/wp-content\/uploads\/2023\/01\/feuilles-de-sene-makki.jpg\",\"datePublished\":\"2023-01-14T14:52:32+00:00\",\"dateModified\":\"2023-12-30T12:16:51+00:00\",\"description\":\"Connaissez-vous les\u00a0feuilles de s\u00e9n\u00e9 (Sana Makki) ?\u00a0Ces derni\u00e8res sont connues pour leurs effets laxatifs tr\u00e8s efficaces.\",\"breadcrumb\":{\"@id\":\"https:\/\/www.safinel.fr\/produit\/feuilles-de-sene\/#breadcrumb\"},\"inLanguage\":\"es\",\"potentialAction\":[{\"@type\":\"ReadAction\",\"target\":[\"https:\/\/www.safinel.fr\/produit\/feuilles-de-sene\/\"]}]},{\"@type\":\"ImageObject\",\"inLanguage\":\"es\",\"@id\":\"https:\/\/www.safinel.fr\/produit\/feuilles-de-sene\/#primaryimage\",\"url\":\"https:\/\/www.safinel.fr\/wp-content\/uploads\/2023\/01\/feuilles-de-sene-makki.jpg\",\"contentUrl\":\"https:\/\/www.safinel.fr\/wp-content\/uploads\/2023\/01\/feuilles-de-sene-makki.jpg\",\"width\":600,\"height\":600,\"caption\":\"Feuilles de s\u00e9n\u00e9 (100g)\"},{\"@type\":\"BreadcrumbList\",\"@id\":\"https:\/\/www.safinel.fr\/produit\/feuilles-de-sene\/#breadcrumb\",\"itemListElement\":[{\"@type\":\"ListItem\",\"position\":1,\"name\":\"Accueil\",\"item\":\"https:\/\/www.safinel.fr\/\"},{\"@type\":\"ListItem\",\"position\":2,\"name\":\"Boutique\",\"item\":\"https:\/\/www.safinel.fr\/boutique\/\"},{\"@type\":\"ListItem\",\"position\":3,\"name\":\"Feuilles de s\u00e9n\u00e9 (100g)\"}]},{\"@type\":\"WebSite\",\"@id\":\"https:\/\/www.safinel.fr\/#website\",\"url\":\"https:\/\/www.safinel.fr\/\",\"name\":\"Safinel\",\"description\":\"\",\"publisher\":{\"@id\":\"https:\/\/www.safinel.fr\/#organization\"},\"potentialAction\":[{\"@type\":\"SearchAction\",\"target\":{\"@type\":\"EntryPoint\",\"urlTemplate\":\"https:\/\/www.safinel.fr\/?s={search_term_string}\"},\"query-input\":{\"@type\":\"PropertyValueSpecification\",\"valueRequired\":true,\"valueName\":\"search_term_string\"}}],\"inLanguage\":\"es\"},{\"@type\":\"Organization\",\"@id\":\"https:\/\/www.safinel.fr\/#organization\",\"name\":\"Safinel\",\"url\":\"https:\/\/www.safinel.fr\/\",\"logo\":{\"@type\":\"ImageObject\",\"inLanguage\":\"es\",\"@id\":\"https:\/\/www.safinel.fr\/#\/schema\/logo\/image\/\",\"url\":\"https:\/\/www.safinel.fr\/wp-content\/uploads\/2021\/05\/boutique-cosmetique.png\",\"contentUrl\":\"https:\/\/www.safinel.fr\/wp-content\/uploads\/2021\/05\/boutique-cosmetique.png\",\"width\":800,\"height\":200,\"caption\":\"Safinel\"},\"image\":{\"@id\":\"https:\/\/www.safinel.fr\/#\/schema\/logo\/image\/\"}}]}<\/script>\n<!-- \/ Yoast SEO plugin. -->","yoast_head_json":{"title":"Hojas de sen I Sana Makki I Numerosos beneficios","description":"\u00bfConoce las hojas de sen (Sana Makki)? Son conocidas por sus eficaces efectos laxantes.","robots":{"index":"index","follow":"follow","max-snippet":"max-snippet:-1","max-image-preview":"max-image-preview:large","max-video-preview":"max-video-preview:-1"},"canonical":"https:\/\/www.safinel.fr\/es\/product-2\/hojas-de-sene\/","og_locale":"es_ES","og_type":"article","og_title":"Feuilles de s\u00e9n\u00e9 I Sana Makki I Bienfaits nombreux","og_description":"Connaissez-vous les\u00a0feuilles de s\u00e9n\u00e9 (Sana Makki) ?\u00a0Ces derni\u00e8res sont connues pour leurs effets laxatifs tr\u00e8s efficaces.","og_url":"https:\/\/www.safinel.fr\/es\/product-2\/hojas-de-sene\/","og_site_name":"Safinel","article_modified_time":"2023-12-30T12:16:51+00:00","og_image":[{"width":600,"height":600,"url":"https:\/\/www.safinel.fr\/wp-content\/uploads\/2023\/01\/feuilles-de-sene-makki.jpg","type":"image\/jpeg"}],"twitter_card":"summary_large_image","twitter_misc":{"Tiempo de lectura":"2 minutos"},"schema":{"@context":"https:\/\/schema.org","@graph":[{"@type":"WebPage","@id":"https:\/\/www.safinel.fr\/produit\/feuilles-de-sene\/","url":"https:\/\/www.safinel.fr\/produit\/feuilles-de-sene\/","name":"Hojas de sen I Sana Makki I Numerosos beneficios","isPartOf":{"@id":"https:\/\/www.safinel.fr\/#website"},"primaryImageOfPage":{"@id":"https:\/\/www.safinel.fr\/produit\/feuilles-de-sene\/#primaryimage"},"image":{"@id":"https:\/\/www.safinel.fr\/produit\/feuilles-de-sene\/#primaryimage"},"thumbnailUrl":"https:\/\/www.safinel.fr\/wp-content\/uploads\/2023\/01\/feuilles-de-sene-makki.jpg","datePublished":"2023-01-14T14:52:32+00:00","dateModified":"2023-12-30T12:16:51+00:00","description":"\u00bfConoce las hojas de sen (Sana Makki)? Son conocidas por sus eficaces efectos laxantes.","breadcrumb":{"@id":"https:\/\/www.safinel.fr\/produit\/feuilles-de-sene\/#breadcrumb"},"inLanguage":"es","potentialAction":[{"@type":"ReadAction","target":["https:\/\/www.safinel.fr\/produit\/feuilles-de-sene\/"]}]},{"@type":"ImageObject","inLanguage":"es","@id":"https:\/\/www.safinel.fr\/produit\/feuilles-de-sene\/#primaryimage","url":"https:\/\/www.safinel.fr\/wp-content\/uploads\/2023\/01\/feuilles-de-sene-makki.jpg","contentUrl":"https:\/\/www.safinel.fr\/wp-content\/uploads\/2023\/01\/feuilles-de-sene-makki.jpg","width":600,"height":600,"caption":"Feuilles de s\u00e9n\u00e9 (100g)"},{"@type":"BreadcrumbList","@id":"https:\/\/www.safinel.fr\/produit\/feuilles-de-sene\/#breadcrumb","itemListElement":[{"@type":"ListItem","position":1,"name":"Accueil","item":"https:\/\/www.safinel.fr\/"},{"@type":"ListItem","position":2,"name":"Boutique","item":"https:\/\/www.safinel.fr\/boutique\/"},{"@type":"ListItem","position":3,"name":"Feuilles de s\u00e9n\u00e9 (100g)"}]},{"@type":"WebSite","@id":"https:\/\/www.safinel.fr\/#website","url":"https:\/\/www.safinel.fr\/","name":"Safinel","description":"","publisher":{"@id":"https:\/\/www.safinel.fr\/#organization"},"potentialAction":[{"@type":"SearchAction","target":{"@type":"EntryPoint","urlTemplate":"https:\/\/www.safinel.fr\/?s={search_term_string}"},"query-input":{"@type":"PropertyValueSpecification","valueRequired":true,"valueName":"search_term_string"}}],"inLanguage":"es"},{"@type":"Organization","@id":"https:\/\/www.safinel.fr\/#organization","name":"Safinel","url":"https:\/\/www.safinel.fr\/","logo":{"@type":"ImageObject","inLanguage":"es","@id":"https:\/\/www.safinel.fr\/#\/schema\/logo\/image\/","url":"https:\/\/www.safinel.fr\/wp-content\/uploads\/2021\/05\/boutique-cosmetique.png","contentUrl":"https:\/\/www.safinel.fr\/wp-content\/uploads\/2021\/05\/boutique-cosmetique.png","width":800,"height":200,"caption":"Safinel"},"image":{"@id":"https:\/\/www.safinel.fr\/#\/schema\/logo\/image\/"}}]}},"_links":{"self":[{"href":"https:\/\/www.safinel.fr\/es\/wp-json\/wp\/v2\/product\/4220","targetHints":{"allow":["GET"]}}],"collection":[{"href":"https:\/\/www.safinel.fr\/es\/wp-json\/wp\/v2\/product"}],"about":[{"href":"https:\/\/www.safinel.fr\/es\/wp-json\/wp\/v2\/types\/product"}],"wp:featuredmedia":[{"embeddable":true,"href":"https:\/\/www.safinel.fr\/es\/wp-json\/wp\/v2\/media\/4221"}],"wp:attachment":[{"href":"https:\/\/www.safinel.fr\/es\/wp-json\/wp\/v2\/media?parent=4220"}],"wp:term":[{"taxonomy":"product_brand","embeddable":true,"href":"https:\/\/www.safinel.fr\/es\/wp-json\/wp\/v2\/product_brand?post=4220"},{"taxonomy":"product_cat","embeddable":true,"href":"https:\/\/www.safinel.fr\/es\/wp-json\/wp\/v2\/product_cat?post=4220"},{"taxonomy":"product_tag","embeddable":true,"href":"https:\/\/www.safinel.fr\/es\/wp-json\/wp\/v2\/product_tag?post=4220"}],"curies":[{"name":"wp","href":"https:\/\/api.w.org\/{rel}","templated":true}]}}