{"id":4203,"date":"2023-01-12T18:44:47","date_gmt":"2023-01-12T18:44:47","guid":{"rendered":"https:\/\/www.safinel.fr\/?post_type=product&#038;p=4203"},"modified":"2024-04-14T12:46:26","modified_gmt":"2024-04-14T12:46:26","slug":"dong-quai","status":"publish","type":"product","link":"https:\/\/www.safinel.fr\/es\/product-2\/dong-quai\/","title":{"rendered":"Dong Quai (\u5f53\u5f52 \/ \u7576\u6b78) 100g"},"content":{"rendered":"<p>Le\u00a0<strong>dong quai\u00a0<\/strong>se conoce y se utiliza en la\u00a0<strong>medicina tradicional china<\/strong>\u00a0por sus muchas virtudes. As\u00ed que l\u00e1nzate a descubrir\u00a0<strong>descubrimiento<\/strong>\u00a0de este producto disponible en nuestra tienda en l\u00ednea.<\/p>\n<h2><strong>\u00bfQu\u00e9 es el dong quai?\u00a0<\/strong><\/h2>\n<p>Tambi\u00e9n conocido como\u2019<strong>ang\u00e9lica sinensis<\/strong>, El dong quai es una hierba arom\u00e1tica que crece en China, Corea y Jap\u00f3n. Su reputaci\u00f3n la sit\u00faa por detr\u00e1s del ginseng e incluso se considera la planta t\u00f3nica m\u00e1s importante para las mujeres. De hecho, recibe el apodo de \u201c<strong>ginseng femenino<\/strong>\u201d.<\/p>\n<p>Se utiliza para pr\u00e1cticamente todas las afecciones ginecol\u00f3gicas. Desde la regulaci\u00f3n del ciclo menstrual hasta el tratamiento de los s\u00edntomas de la menopausia provocados por los cambios hormonales.<\/p>\n<p><strong>\u00bfLo sab\u00edas?\u00a0<\/strong>A finales del siglo XIX, un extracto de Dong Quai conocido como Eumenol se populariz\u00f3 en Europa como t\u00f3nico para la mujer. As\u00ed se empez\u00f3 a considerar en Occidente.<\/p>\n<h2><strong>Los beneficios del Dong Quai\u00a0<\/strong><\/h2>\n<p>Le\u00a0<strong>dong quai<\/strong>\u00a0es muy apreciada por sus diversas propiedades, en particular para los trastornos de la menopausia. Esta planta act\u00faa como regulador del sistema hormonal, equilibrando las cantidades de estr\u00f3geno y progesterona en el organismo de la mujer.<\/p>\n<p>Adem\u00e1s, es<strong>\u00a0excelente\u00a0<\/strong>para combatir los sofocos. Tambi\u00e9n es muy \u00fatil para aliviar el s\u00edndrome premenstrual, que precede a la aparici\u00f3n de la menopausia. <a href=\"https:\/\/www.safinel.fr\/es\/product-2\/tisana-reguladora-de-la-menstruacion\/\"><strong>menstruaci\u00f3n<\/strong><\/a>.<\/p>\n<p>Este producto tambi\u00e9n tiene propiedades inmunoestimulantes. Estimula al organismo a producir interfer\u00f3n. Puede utilizarse ventajosamente en todos los casos de falta de resistencia a las infecciones. Del mismo modo, esta planta puede utilizarse para todos los problemas de inflamaci\u00f3n.<\/p>\n<p>Se utiliza como\u00a0<strong>fitoterapia<\/strong>, Esta planta se utiliza para :<\/p>\n<ul>\n<li>Reforzar la salud de la sangre; ;<\/li>\n<li>Estimular o activar la circulaci\u00f3n sangu\u00ednea ;<\/li>\n<li>Ayudan a tratar las deficiencias sangu\u00edneas; ;<\/li>\n<li>Regulaci\u00f3n del sistema inmunitario ;<\/li>\n<li>Alivio del dolor; ;<\/li>\n<li>Relaja los intestinos.<\/li>\n<\/ul>\n<h2><strong>\u00bfC\u00f3mo se utiliza la ra\u00edz de dong quai?\u00a0<\/strong><\/h2>\n<p>S\u00f3lo el<strong>\u00a0Variedad china<\/strong>\u00a0es eficaz para los trastornos ginecol\u00f3gicos. En caso de s\u00edndrome premenstrual, irregularidades o dolores menstruales y sofocos, tomar 600 mg al d\u00eda.<\/p>\n<p>Tambi\u00e9n puedes combinar esta planta con sauzgatillo, regaliz o ginseng.<\/p>\n<h3><strong>Precauciones de uso\u00a0<\/strong><\/h3>\n<p>Esta planta tiene efectos secundarios que no deben pasarse por alto, como :<\/p>\n<ul>\n<li>Dificultades respiratorias; ;<\/li>\n<li>Reducir la presi\u00f3n arterial ;<\/li>\n<li>Somnolencia ;<\/li>\n<li>Y as\u00ed sucesivamente.<\/li>\n<\/ul>\n<p>Las personas al\u00e9rgicas a las plantas de la familia de la zanahoria no deben tomar esta planta.<\/p>\n<p>Tambi\u00e9n debe consultar a su m\u00e9dico antes de utilizar este producto. De hecho, esta planta es m\u00e1s bien un remedio terap\u00e9utico y no debe utilizarse como tratamiento de primera l\u00ednea.<\/p>\n<h3><strong>Productos Safinel\u00a0<\/strong><\/h3>\n<p>Nuestra tienda le ofrece\u00a0<strong>100 % natural<\/strong>\u00a0para su disfrute. Tenemos a su disposici\u00f3n toda una gama de plantas medicinales procedentes de los cuatro puntos cardinales.<\/p>\n<p>Para que pueda viajar por el mundo con nuestro\u00a0<strong>cosm\u00e9ticos.<\/strong>\u00a0Adem\u00e1s, nuestros productos proceden de la naturaleza. As\u00ed que puede pedirlos con los ojos cerrados.<\/p>\n<p>No dude en hacer su pedido.<\/p>","protected":false},"excerpt":{"rendered":"<p>Le\u00a0dong quai\u00a0est connu et utilis\u00e9 dans la\u00a0m\u00e9decine traditionnelle chinoise\u00a0pour ses nombreuses vertus. Ainsi, partez \u00e0 la\u00a0d\u00e9couverte\u00a0de ce produit disponible sur notre boutique en ligne. Le dong quai : c\u2019est quoi ?\u00a0 Aussi connue sous le nom d\u2019angelica sinensis, le dong quai est une herbe aromatique poussant en Chine, en Cor\u00e9e et au Japon. Sa r\u00e9putation [&#8230;]","protected":false},"featured_media":4204,"template":"","meta":[],"product_brand":[],"product_cat":[108],"product_tag":[],"class_list":{"0":"post-4203","1":"product","2":"type-product","3":"status-publish","4":"has-post-thumbnail","6":"product_cat-plantes-asiatiques","8":"first","9":"outofstock","10":"shipping-taxable","11":"purchasable","12":"product-type-simple"},"yoast_head":"<!-- This site is optimized with the Yoast SEO plugin v26.6 - https:\/\/yoast.com\/wordpress\/plugins\/seo\/ -->\n<title>Dong Quai I Ginseng f\u00e9minin I Bienfaits nombreux<\/title>\n<meta name=\"description\" content=\"Le\u00a0dong quai\u00a0est connu et utilis\u00e9 dans la\u00a0m\u00e9decine traditionnelle chinoise\u00a0pour ses nombreuses vertus. Adoptez-le sans plus attendre !\" \/>\n<meta name=\"robots\" content=\"index, follow, max-snippet:-1, max-image-preview:large, max-video-preview:-1\" \/>\n<link rel=\"canonical\" href=\"https:\/\/www.safinel.fr\/es\/product-2\/dong-quai\/\" \/>\n<meta property=\"og:locale\" content=\"es_ES\" \/>\n<meta property=\"og:type\" content=\"article\" \/>\n<meta property=\"og:title\" content=\"Dong Quai I Ginseng f\u00e9minin I Bienfaits nombreux\" \/>\n<meta property=\"og:description\" content=\"Le\u00a0dong quai\u00a0est connu et utilis\u00e9 dans la\u00a0m\u00e9decine traditionnelle chinoise\u00a0pour ses nombreuses vertus. Adoptez-le sans plus attendre !\" \/>\n<meta property=\"og:url\" content=\"https:\/\/www.safinel.fr\/es\/product-2\/dong-quai\/\" \/>\n<meta property=\"og:site_name\" content=\"Safinel\" \/>\n<meta property=\"article:modified_time\" content=\"2024-04-14T12:46:26+00:00\" \/>\n<meta property=\"og:image\" content=\"https:\/\/www.safinel.fr\/wp-content\/uploads\/2023\/01\/Dong-Quai.jpg\" \/>\n\t<meta property=\"og:image:width\" content=\"600\" \/>\n\t<meta property=\"og:image:height\" content=\"600\" \/>\n\t<meta property=\"og:image:type\" content=\"image\/jpeg\" \/>\n<meta name=\"twitter:card\" content=\"summary_large_image\" \/>\n<meta name=\"twitter:label1\" content=\"Tiempo de lectura\" \/>\n\t<meta name=\"twitter:data1\" content=\"3 minutos\" \/>\n<script type=\"application\/ld+json\" class=\"yoast-schema-graph\">{\"@context\":\"https:\/\/schema.org\",\"@graph\":[{\"@type\":\"WebPage\",\"@id\":\"https:\/\/www.safinel.fr\/produit\/dong-quai\/\",\"url\":\"https:\/\/www.safinel.fr\/produit\/dong-quai\/\",\"name\":\"Dong Quai I Ginseng f\u00e9minin I Bienfaits nombreux\",\"isPartOf\":{\"@id\":\"https:\/\/www.safinel.fr\/#website\"},\"primaryImageOfPage\":{\"@id\":\"https:\/\/www.safinel.fr\/produit\/dong-quai\/#primaryimage\"},\"image\":{\"@id\":\"https:\/\/www.safinel.fr\/produit\/dong-quai\/#primaryimage\"},\"thumbnailUrl\":\"https:\/\/www.safinel.fr\/wp-content\/uploads\/2023\/01\/Dong-Quai.jpg\",\"datePublished\":\"2023-01-12T18:44:47+00:00\",\"dateModified\":\"2024-04-14T12:46:26+00:00\",\"description\":\"Le\u00a0dong quai\u00a0est connu et utilis\u00e9 dans la\u00a0m\u00e9decine traditionnelle chinoise\u00a0pour ses nombreuses vertus. Adoptez-le sans plus attendre !\",\"breadcrumb\":{\"@id\":\"https:\/\/www.safinel.fr\/produit\/dong-quai\/#breadcrumb\"},\"inLanguage\":\"es\",\"potentialAction\":[{\"@type\":\"ReadAction\",\"target\":[\"https:\/\/www.safinel.fr\/produit\/dong-quai\/\"]}]},{\"@type\":\"ImageObject\",\"inLanguage\":\"es\",\"@id\":\"https:\/\/www.safinel.fr\/produit\/dong-quai\/#primaryimage\",\"url\":\"https:\/\/www.safinel.fr\/wp-content\/uploads\/2023\/01\/Dong-Quai.jpg\",\"contentUrl\":\"https:\/\/www.safinel.fr\/wp-content\/uploads\/2023\/01\/Dong-Quai.jpg\",\"width\":600,\"height\":600,\"caption\":\"Dong Quai (\u5f53\u5f52 \/ \u7576\u6b78) 100g\"},{\"@type\":\"BreadcrumbList\",\"@id\":\"https:\/\/www.safinel.fr\/produit\/dong-quai\/#breadcrumb\",\"itemListElement\":[{\"@type\":\"ListItem\",\"position\":1,\"name\":\"Accueil\",\"item\":\"https:\/\/www.safinel.fr\/\"},{\"@type\":\"ListItem\",\"position\":2,\"name\":\"Boutique\",\"item\":\"https:\/\/www.safinel.fr\/boutique\/\"},{\"@type\":\"ListItem\",\"position\":3,\"name\":\"Dong Quai (\u5f53\u5f52 \/ \u7576\u6b78) 100g\"}]},{\"@type\":\"WebSite\",\"@id\":\"https:\/\/www.safinel.fr\/#website\",\"url\":\"https:\/\/www.safinel.fr\/\",\"name\":\"Safinel\",\"description\":\"\",\"publisher\":{\"@id\":\"https:\/\/www.safinel.fr\/#organization\"},\"potentialAction\":[{\"@type\":\"SearchAction\",\"target\":{\"@type\":\"EntryPoint\",\"urlTemplate\":\"https:\/\/www.safinel.fr\/?s={search_term_string}\"},\"query-input\":{\"@type\":\"PropertyValueSpecification\",\"valueRequired\":true,\"valueName\":\"search_term_string\"}}],\"inLanguage\":\"es\"},{\"@type\":\"Organization\",\"@id\":\"https:\/\/www.safinel.fr\/#organization\",\"name\":\"Safinel\",\"url\":\"https:\/\/www.safinel.fr\/\",\"logo\":{\"@type\":\"ImageObject\",\"inLanguage\":\"es\",\"@id\":\"https:\/\/www.safinel.fr\/#\/schema\/logo\/image\/\",\"url\":\"https:\/\/www.safinel.fr\/wp-content\/uploads\/2021\/05\/boutique-cosmetique.png\",\"contentUrl\":\"https:\/\/www.safinel.fr\/wp-content\/uploads\/2021\/05\/boutique-cosmetique.png\",\"width\":800,\"height\":200,\"caption\":\"Safinel\"},\"image\":{\"@id\":\"https:\/\/www.safinel.fr\/#\/schema\/logo\/image\/\"}}]}<\/script>\n<!-- \/ Yoast SEO plugin. -->","yoast_head_json":{"title":"Dong Quai I Ginseng femenino I Numerosos beneficios","description":"El dong quai es conocido y utilizado en la medicina tradicional china por sus numerosas virtudes. \u00a1Ad\u00f3ptelo ya!","robots":{"index":"index","follow":"follow","max-snippet":"max-snippet:-1","max-image-preview":"max-image-preview:large","max-video-preview":"max-video-preview:-1"},"canonical":"https:\/\/www.safinel.fr\/es\/product-2\/dong-quai\/","og_locale":"es_ES","og_type":"article","og_title":"Dong Quai I Ginseng f\u00e9minin I Bienfaits nombreux","og_description":"Le\u00a0dong quai\u00a0est connu et utilis\u00e9 dans la\u00a0m\u00e9decine traditionnelle chinoise\u00a0pour ses nombreuses vertus. Adoptez-le sans plus attendre !","og_url":"https:\/\/www.safinel.fr\/es\/product-2\/dong-quai\/","og_site_name":"Safinel","article_modified_time":"2024-04-14T12:46:26+00:00","og_image":[{"width":600,"height":600,"url":"https:\/\/www.safinel.fr\/wp-content\/uploads\/2023\/01\/Dong-Quai.jpg","type":"image\/jpeg"}],"twitter_card":"summary_large_image","twitter_misc":{"Tiempo de lectura":"3 minutos"},"schema":{"@context":"https:\/\/schema.org","@graph":[{"@type":"WebPage","@id":"https:\/\/www.safinel.fr\/produit\/dong-quai\/","url":"https:\/\/www.safinel.fr\/produit\/dong-quai\/","name":"Dong Quai I Ginseng femenino I Numerosos beneficios","isPartOf":{"@id":"https:\/\/www.safinel.fr\/#website"},"primaryImageOfPage":{"@id":"https:\/\/www.safinel.fr\/produit\/dong-quai\/#primaryimage"},"image":{"@id":"https:\/\/www.safinel.fr\/produit\/dong-quai\/#primaryimage"},"thumbnailUrl":"https:\/\/www.safinel.fr\/wp-content\/uploads\/2023\/01\/Dong-Quai.jpg","datePublished":"2023-01-12T18:44:47+00:00","dateModified":"2024-04-14T12:46:26+00:00","description":"El dong quai es conocido y utilizado en la medicina tradicional china por sus numerosas virtudes. \u00a1Ad\u00f3ptelo ya!","breadcrumb":{"@id":"https:\/\/www.safinel.fr\/produit\/dong-quai\/#breadcrumb"},"inLanguage":"es","potentialAction":[{"@type":"ReadAction","target":["https:\/\/www.safinel.fr\/produit\/dong-quai\/"]}]},{"@type":"ImageObject","inLanguage":"es","@id":"https:\/\/www.safinel.fr\/produit\/dong-quai\/#primaryimage","url":"https:\/\/www.safinel.fr\/wp-content\/uploads\/2023\/01\/Dong-Quai.jpg","contentUrl":"https:\/\/www.safinel.fr\/wp-content\/uploads\/2023\/01\/Dong-Quai.jpg","width":600,"height":600,"caption":"Dong Quai (\u5f53\u5f52 \/ \u7576\u6b78) 100g"},{"@type":"BreadcrumbList","@id":"https:\/\/www.safinel.fr\/produit\/dong-quai\/#breadcrumb","itemListElement":[{"@type":"ListItem","position":1,"name":"Accueil","item":"https:\/\/www.safinel.fr\/"},{"@type":"ListItem","position":2,"name":"Boutique","item":"https:\/\/www.safinel.fr\/boutique\/"},{"@type":"ListItem","position":3,"name":"Dong Quai (\u5f53\u5f52 \/ \u7576\u6b78) 100g"}]},{"@type":"WebSite","@id":"https:\/\/www.safinel.fr\/#website","url":"https:\/\/www.safinel.fr\/","name":"Safinel","description":"","publisher":{"@id":"https:\/\/www.safinel.fr\/#organization"},"potentialAction":[{"@type":"SearchAction","target":{"@type":"EntryPoint","urlTemplate":"https:\/\/www.safinel.fr\/?s={search_term_string}"},"query-input":{"@type":"PropertyValueSpecification","valueRequired":true,"valueName":"search_term_string"}}],"inLanguage":"es"},{"@type":"Organization","@id":"https:\/\/www.safinel.fr\/#organization","name":"Safinel","url":"https:\/\/www.safinel.fr\/","logo":{"@type":"ImageObject","inLanguage":"es","@id":"https:\/\/www.safinel.fr\/#\/schema\/logo\/image\/","url":"https:\/\/www.safinel.fr\/wp-content\/uploads\/2021\/05\/boutique-cosmetique.png","contentUrl":"https:\/\/www.safinel.fr\/wp-content\/uploads\/2021\/05\/boutique-cosmetique.png","width":800,"height":200,"caption":"Safinel"},"image":{"@id":"https:\/\/www.safinel.fr\/#\/schema\/logo\/image\/"}}]}},"_links":{"self":[{"href":"https:\/\/www.safinel.fr\/es\/wp-json\/wp\/v2\/product\/4203","targetHints":{"allow":["GET"]}}],"collection":[{"href":"https:\/\/www.safinel.fr\/es\/wp-json\/wp\/v2\/product"}],"about":[{"href":"https:\/\/www.safinel.fr\/es\/wp-json\/wp\/v2\/types\/product"}],"wp:featuredmedia":[{"embeddable":true,"href":"https:\/\/www.safinel.fr\/es\/wp-json\/wp\/v2\/media\/4204"}],"wp:attachment":[{"href":"https:\/\/www.safinel.fr\/es\/wp-json\/wp\/v2\/media?parent=4203"}],"wp:term":[{"taxonomy":"product_brand","embeddable":true,"href":"https:\/\/www.safinel.fr\/es\/wp-json\/wp\/v2\/product_brand?post=4203"},{"taxonomy":"product_cat","embeddable":true,"href":"https:\/\/www.safinel.fr\/es\/wp-json\/wp\/v2\/product_cat?post=4203"},{"taxonomy":"product_tag","embeddable":true,"href":"https:\/\/www.safinel.fr\/es\/wp-json\/wp\/v2\/product_tag?post=4203"}],"curies":[{"name":"wp","href":"https:\/\/api.w.org\/{rel}","templated":true}]}}