{"id":4125,"date":"2023-01-06T19:06:51","date_gmt":"2023-01-06T19:06:51","guid":{"rendered":"https:\/\/www.safinel.fr\/?post_type=product&#038;p=4125"},"modified":"2026-02-04T09:37:21","modified_gmt":"2026-02-04T09:37:21","slug":"jus-attote","status":"publish","type":"product","link":"https:\/\/www.safinel.fr\/es\/product-2\/jus-attote\/","title":{"rendered":"Zumo de atote 500ml"},"content":{"rendered":"<p>Attote jus es una bebida energ\u00e9tica. Los hombres la utilizan para\u00a0<strong>aumentar su deseo <\/strong>y su rendimiento sexual. Para las mujeres, es un potenciador de la libido garantizado. Con este producto, encontrar\u00e1\u00a0<strong>armon\u00eda en su relaci\u00f3n<\/strong>. Te lo contamos todo.<\/p>\n<h2><strong>Zumo de at\u00fan: una inyecci\u00f3n de energ\u00eda diaria<\/strong><\/h2>\n<p>Esta bebida es\u00a0<strong>100% natural<\/strong>\u00a0y\u00a0<strong>sin alcohol<\/strong>. La receta de este elixir se inspira en la del attot\u00e9, un poderoso afrodis\u00edaco marfile\u00f1o. Elaborado con\u00a0<strong>cola<\/strong>,\u00a0<a href=\"https:\/\/www.safinel.fr\/es\/product-2\/cola-pequena\/\"><strong>cola peque\u00f1a<\/strong><\/a>,\u00a0<strong>jengibre<\/strong>\u00a0y\u00a0<strong>flores de hibisco<\/strong>, es el impulso que necesitas. Todos estos ingredientes son conocidos por su\u00a0<strong>propiedades afrodis\u00edacas<\/strong>,\u00a0<strong>estimulante<\/strong>\u00a0y\u00a0<strong>tonificante<\/strong>.<\/p>\n<h3><strong>Flor de hibisco: para el florecimiento de la sexualidad femenina<\/strong><\/h3>\n<p>Se utiliza aqu\u00ed por sus efectos sobre la\u00a0<strong>deseo femenino<\/strong>. La libido de la mujer se reavivar\u00e1. Gracias a ello, estar\u00e1\u00a0<strong>franqueado<\/strong>\u00a0de todos sus\u00a0<strong>bloqueos<\/strong>. Y encontrar\u00e1s o descubrir\u00e1s un\u00a0<strong>armon\u00eda en su sexualidad<\/strong>. Para aumentar su deseo de juegos preliminares, disfruten juntos de lo siguiente\u00a0<strong><a href=\"https:\/\/www.safinel.fr\/es\/product-2\/caramelo-afrodisiaco-de-terron-de-azucar\/\">caramelos afrodis\u00edacos de terr\u00f3n de az\u00facar<\/a>.<\/strong><\/p>\n<h3><strong>Nuez de cola y jengibre: aliados del hombre<\/strong><\/h3>\n<p>La cola se utiliza para\u00a0<strong>estimular la libido<\/strong>\u00a0en los seres humanos. Pero tambi\u00e9n por su\u00a0<strong>propiedades tonificantes y estimulantes<\/strong>. \u00c9ste es tambi\u00e9n el caso del jengibre, que, gracias a sus cualidades vasodilatadoras, curar\u00e1 la impotencia. Y le proporcionar\u00e1 una vitalidad y un rendimiento incomparables.<\/p>\n<h2><strong>Attote jus: una bebida que cumple las normas sanitarias<\/strong><\/h2>\n<p>Existen muchos remedios africanos energizantes. Por desgracia, a menudo son falsos. El zumo attote\u00a0<strong>cumple las normas sanitarias<\/strong>. Ha sido analizado por laboratorios certificados. El resultado es que es apto para el consumo y no presenta ning\u00fan riesgo para la salud.<\/p>\n<h3><strong>Despertar los sentidos<\/strong><\/h3>\n<p>Los problemas de impotencia o de ruptura sexual son mucho m\u00e1s frecuentes de lo que se cree. Y, por desgracia, los tab\u00faes asociados a la falta de rendimiento no ayudan en nada a estos hombres. Con esta bebida, estas preocupaciones quedar\u00e1n atr\u00e1s. Redescubrir\u00e1s tus sensaciones, e incluso se intensificar\u00e1n. Todo para su placer y el de su pareja. Esta mezcla de semillas, plantas y flores te ayudar\u00e1 a\u00a0<strong>proporcionar una llamada de atenci\u00f3n duradera<\/strong>.<\/p>\n<h3><strong>Para un mayor rendimiento<\/strong><\/h3>\n<p>Tambi\u00e9n puede utilizar este producto para prolongar las relaciones sexuales. Este es el caso de muchos hombres que no tienen problemas particulares. Como resultado, sus erecciones durar\u00e1n m\u00e1s tiempo. Conocido hoy en d\u00eda en todo el mundo, ya no son s\u00f3lo los africanos quienes dan fe de su eficacia, sino hombres de todos los or\u00edgenes.<\/p>\n<h3><strong>Promoci\u00f3n de los productos naturales de \u00c1frica<\/strong><\/h3>\n<p>M\u00e1s que una bebida, el attote jus representa el reconocimiento de las recetas energ\u00e9ticas naturales africanas. De hecho, son populares entre los lugare\u00f1os desde hace mucho tiempo, y cada d\u00eda conquistan a un p\u00fablico m\u00e1s amplio. Pruebe tambi\u00e9n el\u00a0<a href=\"https:\/\/www.safinel.fr\/es\/product-2\/kognon-mousso\/\"><strong>Kognon Mousso<\/strong><\/a>\u00a0conocido por estimular el deseo y aumentar el rendimiento sexual.<\/p>\n<h3><strong>\u00bfC\u00f3mo se toma el zumo de atote?<\/strong><\/h3>\n<p>Para una vitalidad duradera, beba un vaso al d\u00eda.<\/p>\n<p>La cola es muy amarga. Puedes a\u00f1adir zumo de fruta para endulzar su sabor. Por otro lado, las bebidas energ\u00e9ticas deben tomarse con\u00a0<strong>moderaci\u00f3n<\/strong>. Tambi\u00e9n son\u00a0<strong>no recomendado para mujeres embarazadas<\/strong>\u00a0y las personas que tienen un\u00a0<strong>fragilidad cardiaca<\/strong>.<\/p>\n<p>Botella de 500 ml<\/p>","protected":false},"excerpt":{"rendered":"<p><img decoding=\"async\" class=\"size-full wp-image-5091 aligncenter\" src=\"https:\/\/www.safinel.fr\/wp-content\/uploads\/2021\/06\/BANNIERE-ICONE-SAFINEL.webp\" alt=\"reaseguro de sat\u00e9n\" width=\"800\" height=\"200\" srcset=\"https:\/\/www.safinel.fr\/wp-content\/uploads\/2021\/06\/BANNIERE-ICONE-SAFINEL.webp 800w, https:\/\/www.safinel.fr\/wp-content\/uploads\/2021\/06\/BANNIERE-ICONE-SAFINEL-600x150.webp 600w, https:\/\/www.safinel.fr\/wp-content\/uploads\/2021\/06\/BANNIERE-ICONE-SAFINEL-768x192.webp 768w\" sizes=\"(max-width: 800px) 100vw, 800px\" \/><\/p>","protected":false},"featured_media":4126,"template":"","meta":[],"product_brand":[],"product_cat":[91],"product_tag":[],"class_list":{"0":"post-4125","1":"product","2":"type-product","3":"status-publish","4":"has-post-thumbnail","6":"product_cat-boisson-aphrodisiaque-africaine","8":"first","9":"instock","10":"shipping-taxable","11":"purchasable","12":"product-type-simple"},"yoast_head":"<!-- This site is optimized with the Yoast SEO plugin v26.6 - https:\/\/yoast.com\/wordpress\/plugins\/seo\/ -->\n<title>Attote jus I Boisson aphrodisiaque africaine par excellence<\/title>\n<meta name=\"description\" content=\"L\u2019attote jus est une boisson \u00e9nergisante. Elle est utilis\u00e9e par les hommes pour\u00a0augmenter leur d\u00e9sire et leurs performances sexuelles.\" \/>\n<meta name=\"robots\" content=\"index, follow, max-snippet:-1, max-image-preview:large, max-video-preview:-1\" \/>\n<link rel=\"canonical\" href=\"https:\/\/www.safinel.fr\/es\/product-2\/jus-attote\/\" \/>\n<meta property=\"og:locale\" content=\"es_ES\" \/>\n<meta property=\"og:type\" content=\"article\" \/>\n<meta property=\"og:title\" content=\"Attote jus I Boisson aphrodisiaque africaine par excellence\" \/>\n<meta property=\"og:description\" content=\"L\u2019attote jus est une boisson \u00e9nergisante. Elle est utilis\u00e9e par les hommes pour\u00a0augmenter leur d\u00e9sire et leurs performances sexuelles.\" \/>\n<meta property=\"og:url\" content=\"https:\/\/www.safinel.fr\/es\/product-2\/jus-attote\/\" \/>\n<meta property=\"og:site_name\" content=\"Safinel\" \/>\n<meta property=\"article:modified_time\" content=\"2026-02-04T09:37:21+00:00\" \/>\n<meta property=\"og:image\" content=\"https:\/\/www.safinel.fr\/wp-content\/uploads\/2023\/01\/attote.jpeg\" \/>\n\t<meta property=\"og:image:width\" content=\"600\" \/>\n\t<meta property=\"og:image:height\" content=\"600\" \/>\n\t<meta property=\"og:image:type\" content=\"image\/jpeg\" \/>\n<meta name=\"twitter:card\" content=\"summary_large_image\" \/>\n<meta name=\"twitter:label1\" content=\"Tiempo de lectura\" \/>\n\t<meta name=\"twitter:data1\" content=\"3 minutos\" \/>\n<script type=\"application\/ld+json\" class=\"yoast-schema-graph\">{\"@context\":\"https:\/\/schema.org\",\"@graph\":[{\"@type\":\"WebPage\",\"@id\":\"https:\/\/www.safinel.fr\/produit\/jus-attote\/\",\"url\":\"https:\/\/www.safinel.fr\/produit\/jus-attote\/\",\"name\":\"Attote jus I Boisson aphrodisiaque africaine par excellence\",\"isPartOf\":{\"@id\":\"https:\/\/www.safinel.fr\/#website\"},\"primaryImageOfPage\":{\"@id\":\"https:\/\/www.safinel.fr\/produit\/jus-attote\/#primaryimage\"},\"image\":{\"@id\":\"https:\/\/www.safinel.fr\/produit\/jus-attote\/#primaryimage\"},\"thumbnailUrl\":\"https:\/\/www.safinel.fr\/wp-content\/uploads\/2023\/01\/attote.jpeg\",\"datePublished\":\"2023-01-06T19:06:51+00:00\",\"dateModified\":\"2026-02-04T09:37:21+00:00\",\"description\":\"L\u2019attote jus est une boisson \u00e9nergisante. Elle est utilis\u00e9e par les hommes pour\u00a0augmenter leur d\u00e9sire et leurs performances sexuelles.\",\"breadcrumb\":{\"@id\":\"https:\/\/www.safinel.fr\/produit\/jus-attote\/#breadcrumb\"},\"inLanguage\":\"es\",\"potentialAction\":[{\"@type\":\"ReadAction\",\"target\":[\"https:\/\/www.safinel.fr\/produit\/jus-attote\/\"]}]},{\"@type\":\"ImageObject\",\"inLanguage\":\"es\",\"@id\":\"https:\/\/www.safinel.fr\/produit\/jus-attote\/#primaryimage\",\"url\":\"https:\/\/www.safinel.fr\/wp-content\/uploads\/2023\/01\/attote.jpeg\",\"contentUrl\":\"https:\/\/www.safinel.fr\/wp-content\/uploads\/2023\/01\/attote.jpeg\",\"width\":600,\"height\":600,\"caption\":\"Jus d'Attote\"},{\"@type\":\"BreadcrumbList\",\"@id\":\"https:\/\/www.safinel.fr\/produit\/jus-attote\/#breadcrumb\",\"itemListElement\":[{\"@type\":\"ListItem\",\"position\":1,\"name\":\"Accueil\",\"item\":\"https:\/\/www.safinel.fr\/\"},{\"@type\":\"ListItem\",\"position\":2,\"name\":\"Boutique\",\"item\":\"https:\/\/www.safinel.fr\/boutique\/\"},{\"@type\":\"ListItem\",\"position\":3,\"name\":\"Jus d&rsquo;Attote 500ml\"}]},{\"@type\":\"WebSite\",\"@id\":\"https:\/\/www.safinel.fr\/#website\",\"url\":\"https:\/\/www.safinel.fr\/\",\"name\":\"Safinel\",\"description\":\"\",\"publisher\":{\"@id\":\"https:\/\/www.safinel.fr\/#organization\"},\"potentialAction\":[{\"@type\":\"SearchAction\",\"target\":{\"@type\":\"EntryPoint\",\"urlTemplate\":\"https:\/\/www.safinel.fr\/?s={search_term_string}\"},\"query-input\":{\"@type\":\"PropertyValueSpecification\",\"valueRequired\":true,\"valueName\":\"search_term_string\"}}],\"inLanguage\":\"es\"},{\"@type\":\"Organization\",\"@id\":\"https:\/\/www.safinel.fr\/#organization\",\"name\":\"Safinel\",\"url\":\"https:\/\/www.safinel.fr\/\",\"logo\":{\"@type\":\"ImageObject\",\"inLanguage\":\"es\",\"@id\":\"https:\/\/www.safinel.fr\/#\/schema\/logo\/image\/\",\"url\":\"https:\/\/www.safinel.fr\/wp-content\/uploads\/2021\/05\/boutique-cosmetique.png\",\"contentUrl\":\"https:\/\/www.safinel.fr\/wp-content\/uploads\/2021\/05\/boutique-cosmetique.png\",\"width\":800,\"height\":200,\"caption\":\"Safinel\"},\"image\":{\"@id\":\"https:\/\/www.safinel.fr\/#\/schema\/logo\/image\/\"}}]}<\/script>\n<!-- \/ Yoast SEO plugin. -->","yoast_head_json":{"title":"Attote jus I Bebida afrodis\u00edaca africana por excelencia","description":"Attote jus es una bebida energ\u00e9tica. La utilizan los hombres para aumentar su deseo y su rendimiento sexual.","robots":{"index":"index","follow":"follow","max-snippet":"max-snippet:-1","max-image-preview":"max-image-preview:large","max-video-preview":"max-video-preview:-1"},"canonical":"https:\/\/www.safinel.fr\/es\/product-2\/jus-attote\/","og_locale":"es_ES","og_type":"article","og_title":"Attote jus I Boisson aphrodisiaque africaine par excellence","og_description":"L\u2019attote jus est une boisson \u00e9nergisante. Elle est utilis\u00e9e par les hommes pour\u00a0augmenter leur d\u00e9sire et leurs performances sexuelles.","og_url":"https:\/\/www.safinel.fr\/es\/product-2\/jus-attote\/","og_site_name":"Safinel","article_modified_time":"2026-02-04T09:37:21+00:00","og_image":[{"width":600,"height":600,"url":"https:\/\/www.safinel.fr\/wp-content\/uploads\/2023\/01\/attote.jpeg","type":"image\/jpeg"}],"twitter_card":"summary_large_image","twitter_misc":{"Tiempo de lectura":"3 minutos"},"schema":{"@context":"https:\/\/schema.org","@graph":[{"@type":"WebPage","@id":"https:\/\/www.safinel.fr\/produit\/jus-attote\/","url":"https:\/\/www.safinel.fr\/produit\/jus-attote\/","name":"Attote jus I Bebida afrodis\u00edaca africana por excelencia","isPartOf":{"@id":"https:\/\/www.safinel.fr\/#website"},"primaryImageOfPage":{"@id":"https:\/\/www.safinel.fr\/produit\/jus-attote\/#primaryimage"},"image":{"@id":"https:\/\/www.safinel.fr\/produit\/jus-attote\/#primaryimage"},"thumbnailUrl":"https:\/\/www.safinel.fr\/wp-content\/uploads\/2023\/01\/attote.jpeg","datePublished":"2023-01-06T19:06:51+00:00","dateModified":"2026-02-04T09:37:21+00:00","description":"Attote jus es una bebida energ\u00e9tica. La utilizan los hombres para aumentar su deseo y su rendimiento sexual.","breadcrumb":{"@id":"https:\/\/www.safinel.fr\/produit\/jus-attote\/#breadcrumb"},"inLanguage":"es","potentialAction":[{"@type":"ReadAction","target":["https:\/\/www.safinel.fr\/produit\/jus-attote\/"]}]},{"@type":"ImageObject","inLanguage":"es","@id":"https:\/\/www.safinel.fr\/produit\/jus-attote\/#primaryimage","url":"https:\/\/www.safinel.fr\/wp-content\/uploads\/2023\/01\/attote.jpeg","contentUrl":"https:\/\/www.safinel.fr\/wp-content\/uploads\/2023\/01\/attote.jpeg","width":600,"height":600,"caption":"Jus d'Attote"},{"@type":"BreadcrumbList","@id":"https:\/\/www.safinel.fr\/produit\/jus-attote\/#breadcrumb","itemListElement":[{"@type":"ListItem","position":1,"name":"Accueil","item":"https:\/\/www.safinel.fr\/"},{"@type":"ListItem","position":2,"name":"Boutique","item":"https:\/\/www.safinel.fr\/boutique\/"},{"@type":"ListItem","position":3,"name":"Jus d&rsquo;Attote 500ml"}]},{"@type":"WebSite","@id":"https:\/\/www.safinel.fr\/#website","url":"https:\/\/www.safinel.fr\/","name":"Safinel","description":"","publisher":{"@id":"https:\/\/www.safinel.fr\/#organization"},"potentialAction":[{"@type":"SearchAction","target":{"@type":"EntryPoint","urlTemplate":"https:\/\/www.safinel.fr\/?s={search_term_string}"},"query-input":{"@type":"PropertyValueSpecification","valueRequired":true,"valueName":"search_term_string"}}],"inLanguage":"es"},{"@type":"Organization","@id":"https:\/\/www.safinel.fr\/#organization","name":"Safinel","url":"https:\/\/www.safinel.fr\/","logo":{"@type":"ImageObject","inLanguage":"es","@id":"https:\/\/www.safinel.fr\/#\/schema\/logo\/image\/","url":"https:\/\/www.safinel.fr\/wp-content\/uploads\/2021\/05\/boutique-cosmetique.png","contentUrl":"https:\/\/www.safinel.fr\/wp-content\/uploads\/2021\/05\/boutique-cosmetique.png","width":800,"height":200,"caption":"Safinel"},"image":{"@id":"https:\/\/www.safinel.fr\/#\/schema\/logo\/image\/"}}]}},"_links":{"self":[{"href":"https:\/\/www.safinel.fr\/es\/wp-json\/wp\/v2\/product\/4125","targetHints":{"allow":["GET"]}}],"collection":[{"href":"https:\/\/www.safinel.fr\/es\/wp-json\/wp\/v2\/product"}],"about":[{"href":"https:\/\/www.safinel.fr\/es\/wp-json\/wp\/v2\/types\/product"}],"wp:featuredmedia":[{"embeddable":true,"href":"https:\/\/www.safinel.fr\/es\/wp-json\/wp\/v2\/media\/4126"}],"wp:attachment":[{"href":"https:\/\/www.safinel.fr\/es\/wp-json\/wp\/v2\/media?parent=4125"}],"wp:term":[{"taxonomy":"product_brand","embeddable":true,"href":"https:\/\/www.safinel.fr\/es\/wp-json\/wp\/v2\/product_brand?post=4125"},{"taxonomy":"product_cat","embeddable":true,"href":"https:\/\/www.safinel.fr\/es\/wp-json\/wp\/v2\/product_cat?post=4125"},{"taxonomy":"product_tag","embeddable":true,"href":"https:\/\/www.safinel.fr\/es\/wp-json\/wp\/v2\/product_tag?post=4125"}],"curies":[{"name":"wp","href":"https:\/\/api.w.org\/{rel}","templated":true}]}}