{"id":4089,"date":"2023-01-04T15:36:22","date_gmt":"2023-01-04T15:36:22","guid":{"rendered":"https:\/\/www.safinel.fr\/?post_type=product&#038;p=4089"},"modified":"2024-01-09T22:29:46","modified_gmt":"2024-01-09T22:29:46","slug":"mantequilla-de-kigelia-100g","status":"publish","type":"product","link":"https:\/\/www.safinel.fr\/es\/product-2\/mantequilla-de-kigelia-100g\/","title":{"rendered":"Manteca de kigelia 100 g"},"content":{"rendered":"<p>Si est\u00e1 buscando una forma natural de mejorar su figura y su silueta, tiene que descubrir el\u00a0<strong>mantequilla de kigelia.<\/strong>\u00a0Este asombroso extracto tiene un efecto moldeador que puede ayudar a mejorar la silueta y reducir la celulitis. Desc\u00fabralo ahora.<\/p>\n<h2><strong>Manteca de kigelia: \u00a1tu consejo de belleza!\u00a0<\/strong><\/h2>\n<p>La manteca de Kigelia es un extracto natural del \u00e1rbol de la salchicha, y tiene muchos efectos beneficiosos sobre la piel. Se utiliza mucho en \u00c1frica, sobre todo en Costa de Marfil, de donde es originario el \u00e1rbol.<\/p>\n<p>Si busca una forma de\u00a0<strong>moldea tu cuerpo\u00a0<\/strong>y obtener una forma m\u00e1s armoniosa, el\u00a0<strong>crema kigelia<\/strong>\u00a0es sin duda la soluci\u00f3n que busca. Adem\u00e1s, tiene muchos otros beneficios, como reducir la inflamaci\u00f3n y mejorar la salud de las articulaciones. \u00bfPor qu\u00e9 esperar? Empiece a utilizarlo hoy mismo y compruebe por s\u00ed mismo sus sorprendentes efectos.<\/p>\n<p>Este\u00a0<strong>crema de masaje reafirmante<\/strong>\u00a0est\u00e1 disponible en nuestra tienda Safinel, junto con muchos otros productos naturales de la misma gama. Por ejemplo,\u00a0<a href=\"https:\/\/www.safinel.fr\/es\/product-2\/yokebe\/\"><strong>Aceite de yokebe<\/strong><\/a>, o el\u00a0<a href=\"https:\/\/www.safinel.fr\/es\/product-2\/mantequilla-de-fenogreco\/\"><strong>mantequilla de fenogreco<\/strong><\/a>\u00a0!<\/p>\n<h2><strong>\u00bfCu\u00e1les son sus ventajas?\u00a0<\/strong><\/h2>\n<p>Tiene muchas ventajas:<\/p>\n<ul>\n<li>En primer lugar, la manteca de kigelia es un eficaz hidratante de la piel.<\/li>\n<li>Efecto beneficioso sobre la piel, que ayuda a reducir las arrugas y favorece un cutis sano.<\/li>\n<li>Adem\u00e1s, se sabe que la manteca de kigelia mejora la silueta al favorecer una forma armoniosa y reducir los dep\u00f3sitos de grasa.<\/li>\n<li>Reafirma el pecho.<\/li>\n<li>Tambi\u00e9n puede ayudar a mejorar el tono y la textura de la piel.<\/li>\n<li>Capacidad para mejorar el aspecto de las cicatrices del acn\u00e9 y las arrugas.<\/li>\n<li>Por \u00faltimo, ayuda a reducir la aparici\u00f3n de manchas de la edad<\/li>\n<\/ul>\n<h3><strong>\u00bfC\u00f3mo se utiliza la manteca de kigelia?\u00a0<\/strong><\/h3>\n<p>Basta con tomar una pizca de este producto natural africano y masajear las zonas del cuerpo a tratar.<\/p>\n<p>Mantener fuera del alcance de los ni\u00f1os.<\/p>","protected":false},"excerpt":{"rendered":"<p><img decoding=\"async\" class=\"size-full wp-image-5091 aligncenter\" src=\"https:\/\/www.safinel.fr\/wp-content\/uploads\/2021\/06\/BANNIERE-ICONE-SAFINEL.webp\" alt=\"reaseguro de sat\u00e9n\" width=\"800\" height=\"200\" srcset=\"https:\/\/www.safinel.fr\/wp-content\/uploads\/2021\/06\/BANNIERE-ICONE-SAFINEL.webp 800w, https:\/\/www.safinel.fr\/wp-content\/uploads\/2021\/06\/BANNIERE-ICONE-SAFINEL-600x150.webp 600w, https:\/\/www.safinel.fr\/wp-content\/uploads\/2021\/06\/BANNIERE-ICONE-SAFINEL-768x192.webp 768w\" sizes=\"(max-width: 800px) 100vw, 800px\" \/><\/p>","protected":false},"featured_media":5410,"template":"","meta":[],"product_brand":[],"product_cat":[41],"product_tag":[],"class_list":{"0":"post-4089","1":"product","2":"type-product","3":"status-publish","4":"has-post-thumbnail","6":"product_cat-produits-naturels-divers","8":"first","9":"outofstock","10":"shipping-taxable","11":"purchasable","12":"product-type-simple"},"yoast_head":"<!-- This site is optimized with the Yoast SEO plugin v26.6 - https:\/\/yoast.com\/wordpress\/plugins\/seo\/ -->\n<title>Beurre de kigelia I Hydratant cutan\u00e9 efficace I Bienfaits nombreux<\/title>\n<meta name=\"description\" content=\"Si vous cherchez un moyen naturel d&#039;am\u00e9liorer votre silhouette et vos formes, vous devez absolument d\u00e9couvrir le\u00a0beurre de kigelia.\" \/>\n<meta name=\"robots\" content=\"index, follow, max-snippet:-1, max-image-preview:large, max-video-preview:-1\" \/>\n<link rel=\"canonical\" href=\"https:\/\/www.safinel.fr\/es\/product-2\/mantequilla-de-kigelia-100g\/\" \/>\n<meta property=\"og:locale\" content=\"es_ES\" \/>\n<meta property=\"og:type\" content=\"article\" \/>\n<meta property=\"og:title\" content=\"Beurre de kigelia I Hydratant cutan\u00e9 efficace I Bienfaits nombreux\" \/>\n<meta property=\"og:description\" content=\"Si vous cherchez un moyen naturel d&#039;am\u00e9liorer votre silhouette et vos formes, vous devez absolument d\u00e9couvrir le\u00a0beurre de kigelia.\" \/>\n<meta property=\"og:url\" content=\"https:\/\/www.safinel.fr\/es\/product-2\/mantequilla-de-kigelia-100g\/\" \/>\n<meta property=\"og:site_name\" content=\"Safinel\" \/>\n<meta property=\"article:modified_time\" content=\"2024-01-09T22:29:46+00:00\" \/>\n<meta property=\"og:image\" content=\"https:\/\/www.safinel.fr\/wp-content\/uploads\/2023\/01\/beurre-de-kigelia-1.jpg\" \/>\n\t<meta property=\"og:image:width\" content=\"600\" \/>\n\t<meta property=\"og:image:height\" content=\"600\" \/>\n\t<meta property=\"og:image:type\" content=\"image\/jpeg\" \/>\n<meta name=\"twitter:card\" content=\"summary_large_image\" \/>\n<meta name=\"twitter:label1\" content=\"Tiempo de lectura\" \/>\n\t<meta name=\"twitter:data1\" content=\"2 minutos\" \/>\n<script type=\"application\/ld+json\" class=\"yoast-schema-graph\">{\"@context\":\"https:\/\/schema.org\",\"@graph\":[{\"@type\":\"WebPage\",\"@id\":\"https:\/\/www.safinel.fr\/produit\/beurre-de-kigelia-100g\/\",\"url\":\"https:\/\/www.safinel.fr\/produit\/beurre-de-kigelia-100g\/\",\"name\":\"Beurre de kigelia I Hydratant cutan\u00e9 efficace I Bienfaits nombreux\",\"isPartOf\":{\"@id\":\"https:\/\/www.safinel.fr\/#website\"},\"primaryImageOfPage\":{\"@id\":\"https:\/\/www.safinel.fr\/produit\/beurre-de-kigelia-100g\/#primaryimage\"},\"image\":{\"@id\":\"https:\/\/www.safinel.fr\/produit\/beurre-de-kigelia-100g\/#primaryimage\"},\"thumbnailUrl\":\"https:\/\/www.safinel.fr\/wp-content\/uploads\/2023\/01\/beurre-de-kigelia-1.jpg\",\"datePublished\":\"2023-01-04T15:36:22+00:00\",\"dateModified\":\"2024-01-09T22:29:46+00:00\",\"description\":\"Si vous cherchez un moyen naturel d'am\u00e9liorer votre silhouette et vos formes, vous devez absolument d\u00e9couvrir le\u00a0beurre de kigelia.\",\"breadcrumb\":{\"@id\":\"https:\/\/www.safinel.fr\/produit\/beurre-de-kigelia-100g\/#breadcrumb\"},\"inLanguage\":\"es\",\"potentialAction\":[{\"@type\":\"ReadAction\",\"target\":[\"https:\/\/www.safinel.fr\/produit\/beurre-de-kigelia-100g\/\"]}]},{\"@type\":\"ImageObject\",\"inLanguage\":\"es\",\"@id\":\"https:\/\/www.safinel.fr\/produit\/beurre-de-kigelia-100g\/#primaryimage\",\"url\":\"https:\/\/www.safinel.fr\/wp-content\/uploads\/2023\/01\/beurre-de-kigelia-1.jpg\",\"contentUrl\":\"https:\/\/www.safinel.fr\/wp-content\/uploads\/2023\/01\/beurre-de-kigelia-1.jpg\",\"width\":600,\"height\":600,\"caption\":\"Beurre de kigelia 100g\"},{\"@type\":\"BreadcrumbList\",\"@id\":\"https:\/\/www.safinel.fr\/produit\/beurre-de-kigelia-100g\/#breadcrumb\",\"itemListElement\":[{\"@type\":\"ListItem\",\"position\":1,\"name\":\"Accueil\",\"item\":\"https:\/\/www.safinel.fr\/\"},{\"@type\":\"ListItem\",\"position\":2,\"name\":\"Boutique\",\"item\":\"https:\/\/www.safinel.fr\/boutique\/\"},{\"@type\":\"ListItem\",\"position\":3,\"name\":\"Beurre de kigelia 100g\"}]},{\"@type\":\"WebSite\",\"@id\":\"https:\/\/www.safinel.fr\/#website\",\"url\":\"https:\/\/www.safinel.fr\/\",\"name\":\"Safinel\",\"description\":\"\",\"publisher\":{\"@id\":\"https:\/\/www.safinel.fr\/#organization\"},\"potentialAction\":[{\"@type\":\"SearchAction\",\"target\":{\"@type\":\"EntryPoint\",\"urlTemplate\":\"https:\/\/www.safinel.fr\/?s={search_term_string}\"},\"query-input\":{\"@type\":\"PropertyValueSpecification\",\"valueRequired\":true,\"valueName\":\"search_term_string\"}}],\"inLanguage\":\"es\"},{\"@type\":\"Organization\",\"@id\":\"https:\/\/www.safinel.fr\/#organization\",\"name\":\"Safinel\",\"url\":\"https:\/\/www.safinel.fr\/\",\"logo\":{\"@type\":\"ImageObject\",\"inLanguage\":\"es\",\"@id\":\"https:\/\/www.safinel.fr\/#\/schema\/logo\/image\/\",\"url\":\"https:\/\/www.safinel.fr\/wp-content\/uploads\/2021\/05\/boutique-cosmetique.png\",\"contentUrl\":\"https:\/\/www.safinel.fr\/wp-content\/uploads\/2021\/05\/boutique-cosmetique.png\",\"width\":800,\"height\":200,\"caption\":\"Safinel\"},\"image\":{\"@id\":\"https:\/\/www.safinel.fr\/#\/schema\/logo\/image\/\"}}]}<\/script>\n<!-- \/ Yoast SEO plugin. -->","yoast_head_json":{"title":"Manteca de kigelia I Eficaz hidratante de la piel I Numerosos beneficios","description":"Si buscas una forma natural de mejorar tu figura y tu figura, la manteca de kigelia es imprescindible.","robots":{"index":"index","follow":"follow","max-snippet":"max-snippet:-1","max-image-preview":"max-image-preview:large","max-video-preview":"max-video-preview:-1"},"canonical":"https:\/\/www.safinel.fr\/es\/product-2\/mantequilla-de-kigelia-100g\/","og_locale":"es_ES","og_type":"article","og_title":"Beurre de kigelia I Hydratant cutan\u00e9 efficace I Bienfaits nombreux","og_description":"Si vous cherchez un moyen naturel d'am\u00e9liorer votre silhouette et vos formes, vous devez absolument d\u00e9couvrir le\u00a0beurre de kigelia.","og_url":"https:\/\/www.safinel.fr\/es\/product-2\/mantequilla-de-kigelia-100g\/","og_site_name":"Safinel","article_modified_time":"2024-01-09T22:29:46+00:00","og_image":[{"width":600,"height":600,"url":"https:\/\/www.safinel.fr\/wp-content\/uploads\/2023\/01\/beurre-de-kigelia-1.jpg","type":"image\/jpeg"}],"twitter_card":"summary_large_image","twitter_misc":{"Tiempo de lectura":"2 minutos"},"schema":{"@context":"https:\/\/schema.org","@graph":[{"@type":"WebPage","@id":"https:\/\/www.safinel.fr\/produit\/beurre-de-kigelia-100g\/","url":"https:\/\/www.safinel.fr\/produit\/beurre-de-kigelia-100g\/","name":"Manteca de kigelia I Eficaz hidratante de la piel I Numerosos beneficios","isPartOf":{"@id":"https:\/\/www.safinel.fr\/#website"},"primaryImageOfPage":{"@id":"https:\/\/www.safinel.fr\/produit\/beurre-de-kigelia-100g\/#primaryimage"},"image":{"@id":"https:\/\/www.safinel.fr\/produit\/beurre-de-kigelia-100g\/#primaryimage"},"thumbnailUrl":"https:\/\/www.safinel.fr\/wp-content\/uploads\/2023\/01\/beurre-de-kigelia-1.jpg","datePublished":"2023-01-04T15:36:22+00:00","dateModified":"2024-01-09T22:29:46+00:00","description":"Si buscas una forma natural de mejorar tu figura y tu figura, la manteca de kigelia es imprescindible.","breadcrumb":{"@id":"https:\/\/www.safinel.fr\/produit\/beurre-de-kigelia-100g\/#breadcrumb"},"inLanguage":"es","potentialAction":[{"@type":"ReadAction","target":["https:\/\/www.safinel.fr\/produit\/beurre-de-kigelia-100g\/"]}]},{"@type":"ImageObject","inLanguage":"es","@id":"https:\/\/www.safinel.fr\/produit\/beurre-de-kigelia-100g\/#primaryimage","url":"https:\/\/www.safinel.fr\/wp-content\/uploads\/2023\/01\/beurre-de-kigelia-1.jpg","contentUrl":"https:\/\/www.safinel.fr\/wp-content\/uploads\/2023\/01\/beurre-de-kigelia-1.jpg","width":600,"height":600,"caption":"Beurre de kigelia 100g"},{"@type":"BreadcrumbList","@id":"https:\/\/www.safinel.fr\/produit\/beurre-de-kigelia-100g\/#breadcrumb","itemListElement":[{"@type":"ListItem","position":1,"name":"Accueil","item":"https:\/\/www.safinel.fr\/"},{"@type":"ListItem","position":2,"name":"Boutique","item":"https:\/\/www.safinel.fr\/boutique\/"},{"@type":"ListItem","position":3,"name":"Beurre de kigelia 100g"}]},{"@type":"WebSite","@id":"https:\/\/www.safinel.fr\/#website","url":"https:\/\/www.safinel.fr\/","name":"Safinel","description":"","publisher":{"@id":"https:\/\/www.safinel.fr\/#organization"},"potentialAction":[{"@type":"SearchAction","target":{"@type":"EntryPoint","urlTemplate":"https:\/\/www.safinel.fr\/?s={search_term_string}"},"query-input":{"@type":"PropertyValueSpecification","valueRequired":true,"valueName":"search_term_string"}}],"inLanguage":"es"},{"@type":"Organization","@id":"https:\/\/www.safinel.fr\/#organization","name":"Safinel","url":"https:\/\/www.safinel.fr\/","logo":{"@type":"ImageObject","inLanguage":"es","@id":"https:\/\/www.safinel.fr\/#\/schema\/logo\/image\/","url":"https:\/\/www.safinel.fr\/wp-content\/uploads\/2021\/05\/boutique-cosmetique.png","contentUrl":"https:\/\/www.safinel.fr\/wp-content\/uploads\/2021\/05\/boutique-cosmetique.png","width":800,"height":200,"caption":"Safinel"},"image":{"@id":"https:\/\/www.safinel.fr\/#\/schema\/logo\/image\/"}}]}},"_links":{"self":[{"href":"https:\/\/www.safinel.fr\/es\/wp-json\/wp\/v2\/product\/4089","targetHints":{"allow":["GET"]}}],"collection":[{"href":"https:\/\/www.safinel.fr\/es\/wp-json\/wp\/v2\/product"}],"about":[{"href":"https:\/\/www.safinel.fr\/es\/wp-json\/wp\/v2\/types\/product"}],"wp:featuredmedia":[{"embeddable":true,"href":"https:\/\/www.safinel.fr\/es\/wp-json\/wp\/v2\/media\/5410"}],"wp:attachment":[{"href":"https:\/\/www.safinel.fr\/es\/wp-json\/wp\/v2\/media?parent=4089"}],"wp:term":[{"taxonomy":"product_brand","embeddable":true,"href":"https:\/\/www.safinel.fr\/es\/wp-json\/wp\/v2\/product_brand?post=4089"},{"taxonomy":"product_cat","embeddable":true,"href":"https:\/\/www.safinel.fr\/es\/wp-json\/wp\/v2\/product_cat?post=4089"},{"taxonomy":"product_tag","embeddable":true,"href":"https:\/\/www.safinel.fr\/es\/wp-json\/wp\/v2\/product_tag?post=4089"}],"curies":[{"name":"wp","href":"https:\/\/api.w.org\/{rel}","templated":true}]}}