{"id":4009,"date":"2022-12-29T17:52:22","date_gmt":"2022-12-29T17:52:22","guid":{"rendered":"https:\/\/www.safinel.fr\/?post_type=product&#038;p=4009"},"modified":"2023-12-28T17:15:45","modified_gmt":"2023-12-28T17:15:45","slug":"miel-madurasa","status":"publish","type":"product","link":"https:\/\/www.safinel.fr\/es\/product-2\/miel-madurasa\/","title":{"rendered":"Miel Madurasa"},"content":{"rendered":"<p><strong>Redescubra el dulce placer de la alta calidad<\/strong>\u00a0de tu intimidad con tu pr\u00f3ximo nuevo aliado:<strong>\u00a0Miel Madurasa.<\/strong>\u00a0Esta miel tiene la particularidad de ser afrodis\u00edaca. Consumirla es\u00a0<strong>para garantizar la excelencia de su relaci\u00f3n \u00edntima,<\/strong>\u00a0atr\u00e1s. Aqu\u00ed te contamos todo lo que necesitas saber sobre este nuevo compa\u00f1ero de placer.<\/p>\n<h2><strong>\u00bfQu\u00e9 es la miel Madurasa?\u00a0<\/strong><\/h2>\n<p>Directo de\u00a0<strong>la isla de Madura,\u00a0<\/strong>La miel Madurasa procede de una isla del noreste de Java, en Indonesia, y como puede imaginar, es una miel afrodis\u00edaca. La encontrar\u00e1 en forma de bolsitas monodosis, compuestas precisamente de un<strong>\u00a0miel pura, enriquecida con la famosa jalea real y algunas especias.<\/strong>\u00a0Por lo tanto, ser\u00e1<strong>\u00a0f\u00e1cil de tomar en cualquier momento.\u00a0<\/strong><\/p>\n<h2><strong>\u00bfPor qu\u00e9 tomar miel Madurasa?<\/strong><\/h2>\n<p>Si su principal objetivo es<strong>\u00a0<a href=\"https:\/\/www.safinel.fr\/es\/product-2\/libidomiel\/\">aumentar la libido<\/a>,<\/strong>\u00a0La miel de Madurasa es la mejor para ti. Adem\u00e1s, es famosa por\u00a0<strong>su notable ayuda a la lubricaci\u00f3n vaginal.<\/strong>\u00a0De hecho, aumentar\u00e1 considerablemente la hidrataci\u00f3n y por lo tanto\u00a0<strong>evitar el fen\u00f3meno,<\/strong>\u00a0a menudo se encuentran muchas mujeres,\u00a0<strong>sequedad vaginal.\u00a0<\/strong><\/p>\n<p>En particular,<strong>\u00a0durante las relaciones \u00edntimas.<\/strong>\u00a0Por tanto, permite\u00a0<strong>una relaci\u00f3n m\u00e1s agradable para ambos miembros de la pareja.<\/strong>\u00a0Pero tambi\u00e9n\u00a0<strong>durante m\u00e1s tiempo.<\/strong>\u00a0Veamos c\u00f3mo utilizarlo para aprovechar al m\u00e1ximo sus efectos.<\/p>\n<h3><strong>\u00bfC\u00f3mo se come?\u00a0<\/strong><\/h3>\n<p>A la hora de consumir miel Madurasa, t\u00fa decides qu\u00e9 prefieres. Hay dos posibilidades. Tienes la\u2019<strong>opci\u00f3n de beberlo directamente.<\/strong>\u00a0O si no\u00a0<strong>a\u00f1\u00e1dalo a su caf\u00e9 o infusi\u00f3n si lo prefiere.<\/strong><\/p>\n<p>En todos los casos, recomendamos<strong>\u00a0t\u00f3melo durante al menos 1 hora<\/strong>\u00a0antes del coito, para que puedas disfrutar al m\u00e1ximo de sus beneficios. Despu\u00e9s, los momentos de placer compartido y, por supuesto, durante mucho tiempo.<\/p>","protected":false},"excerpt":{"rendered":"<p><img decoding=\"async\" class=\"size-full wp-image-5091 aligncenter\" src=\"https:\/\/www.safinel.fr\/wp-content\/uploads\/2021\/06\/BANNIERE-ICONE-SAFINEL.webp\" alt=\"reaseguro de sat\u00e9n\" width=\"800\" height=\"200\" srcset=\"https:\/\/www.safinel.fr\/wp-content\/uploads\/2021\/06\/BANNIERE-ICONE-SAFINEL.webp 800w, https:\/\/www.safinel.fr\/wp-content\/uploads\/2021\/06\/BANNIERE-ICONE-SAFINEL-600x150.webp 600w, https:\/\/www.safinel.fr\/wp-content\/uploads\/2021\/06\/BANNIERE-ICONE-SAFINEL-768x192.webp 768w\" sizes=\"(max-width: 800px) 100vw, 800px\" \/><\/p>","protected":false},"featured_media":4013,"template":"","meta":[],"product_brand":[],"product_cat":[24,72],"product_tag":[],"class_list":{"0":"post-4009","1":"product","2":"type-product","3":"status-publish","4":"has-post-thumbnail","6":"product_cat-apiculture","7":"product_cat-miel-aphrodisiaque","9":"first","10":"outofstock","11":"shipping-taxable","12":"purchasable","13":"product-type-variable"},"yoast_head":"<!-- This site is optimized with the Yoast SEO plugin v26.6 - https:\/\/yoast.com\/wordpress\/plugins\/seo\/ -->\n<title>Miel madurasa I Aphrodisiaque f\u00e9minin I Achat s\u00e9curis\u00e9<\/title>\n<meta name=\"description\" content=\"Retrouvez le doux plaisir et la grande qualit\u00e9\u00a0de votre intimit\u00e9 avec votre prochain nouvel alli\u00e9 :\u00a0le miel Madurasa. Adoptez-le sans plus attendre !\" \/>\n<meta name=\"robots\" content=\"index, follow, max-snippet:-1, max-image-preview:large, max-video-preview:-1\" \/>\n<link rel=\"canonical\" href=\"https:\/\/www.safinel.fr\/es\/product-2\/miel-madurasa\/\" \/>\n<meta property=\"og:locale\" content=\"es_ES\" \/>\n<meta property=\"og:type\" content=\"article\" \/>\n<meta property=\"og:title\" content=\"Miel madurasa I Aphrodisiaque f\u00e9minin I Achat s\u00e9curis\u00e9\" \/>\n<meta property=\"og:description\" content=\"Retrouvez le doux plaisir et la grande qualit\u00e9\u00a0de votre intimit\u00e9 avec votre prochain nouvel alli\u00e9 :\u00a0le miel Madurasa. Adoptez-le sans plus attendre !\" \/>\n<meta property=\"og:url\" content=\"https:\/\/www.safinel.fr\/es\/product-2\/miel-madurasa\/\" \/>\n<meta property=\"og:site_name\" content=\"Safinel\" \/>\n<meta property=\"article:modified_time\" content=\"2023-12-28T17:15:45+00:00\" \/>\n<meta property=\"og:image\" content=\"https:\/\/www.safinel.fr\/wp-content\/uploads\/2022\/12\/miel-madurasa-aphrodisiaque.jpg\" \/>\n\t<meta property=\"og:image:width\" content=\"600\" \/>\n\t<meta property=\"og:image:height\" content=\"600\" \/>\n\t<meta property=\"og:image:type\" content=\"image\/jpeg\" \/>\n<meta name=\"twitter:card\" content=\"summary_large_image\" \/>\n<meta name=\"twitter:label1\" content=\"Tiempo de lectura\" \/>\n\t<meta name=\"twitter:data1\" content=\"2 minutos\" \/>\n<script type=\"application\/ld+json\" class=\"yoast-schema-graph\">{\"@context\":\"https:\/\/schema.org\",\"@graph\":[{\"@type\":\"WebPage\",\"@id\":\"https:\/\/www.safinel.fr\/produit\/miel-madurasa\/\",\"url\":\"https:\/\/www.safinel.fr\/produit\/miel-madurasa\/\",\"name\":\"Miel madurasa I Aphrodisiaque f\u00e9minin I Achat s\u00e9curis\u00e9\",\"isPartOf\":{\"@id\":\"https:\/\/www.safinel.fr\/#website\"},\"primaryImageOfPage\":{\"@id\":\"https:\/\/www.safinel.fr\/produit\/miel-madurasa\/#primaryimage\"},\"image\":{\"@id\":\"https:\/\/www.safinel.fr\/produit\/miel-madurasa\/#primaryimage\"},\"thumbnailUrl\":\"https:\/\/www.safinel.fr\/wp-content\/uploads\/2022\/12\/miel-madurasa-aphrodisiaque.jpg\",\"datePublished\":\"2022-12-29T17:52:22+00:00\",\"dateModified\":\"2023-12-28T17:15:45+00:00\",\"description\":\"Retrouvez le doux plaisir et la grande qualit\u00e9\u00a0de votre intimit\u00e9 avec votre prochain nouvel alli\u00e9 :\u00a0le miel Madurasa. Adoptez-le sans plus attendre !\",\"breadcrumb\":{\"@id\":\"https:\/\/www.safinel.fr\/produit\/miel-madurasa\/#breadcrumb\"},\"inLanguage\":\"es\",\"potentialAction\":[{\"@type\":\"ReadAction\",\"target\":[\"https:\/\/www.safinel.fr\/produit\/miel-madurasa\/\"]}]},{\"@type\":\"ImageObject\",\"inLanguage\":\"es\",\"@id\":\"https:\/\/www.safinel.fr\/produit\/miel-madurasa\/#primaryimage\",\"url\":\"https:\/\/www.safinel.fr\/wp-content\/uploads\/2022\/12\/miel-madurasa-aphrodisiaque.jpg\",\"contentUrl\":\"https:\/\/www.safinel.fr\/wp-content\/uploads\/2022\/12\/miel-madurasa-aphrodisiaque.jpg\",\"width\":600,\"height\":600,\"caption\":\"miel madurasa aphrodisiaque\"},{\"@type\":\"BreadcrumbList\",\"@id\":\"https:\/\/www.safinel.fr\/produit\/miel-madurasa\/#breadcrumb\",\"itemListElement\":[{\"@type\":\"ListItem\",\"position\":1,\"name\":\"Accueil\",\"item\":\"https:\/\/www.safinel.fr\/\"},{\"@type\":\"ListItem\",\"position\":2,\"name\":\"Boutique\",\"item\":\"https:\/\/www.safinel.fr\/boutique\/\"},{\"@type\":\"ListItem\",\"position\":3,\"name\":\"Miel madurasa\"}]},{\"@type\":\"WebSite\",\"@id\":\"https:\/\/www.safinel.fr\/#website\",\"url\":\"https:\/\/www.safinel.fr\/\",\"name\":\"Safinel\",\"description\":\"\",\"publisher\":{\"@id\":\"https:\/\/www.safinel.fr\/#organization\"},\"potentialAction\":[{\"@type\":\"SearchAction\",\"target\":{\"@type\":\"EntryPoint\",\"urlTemplate\":\"https:\/\/www.safinel.fr\/?s={search_term_string}\"},\"query-input\":{\"@type\":\"PropertyValueSpecification\",\"valueRequired\":true,\"valueName\":\"search_term_string\"}}],\"inLanguage\":\"es\"},{\"@type\":\"Organization\",\"@id\":\"https:\/\/www.safinel.fr\/#organization\",\"name\":\"Safinel\",\"url\":\"https:\/\/www.safinel.fr\/\",\"logo\":{\"@type\":\"ImageObject\",\"inLanguage\":\"es\",\"@id\":\"https:\/\/www.safinel.fr\/#\/schema\/logo\/image\/\",\"url\":\"https:\/\/www.safinel.fr\/wp-content\/uploads\/2021\/05\/boutique-cosmetique.png\",\"contentUrl\":\"https:\/\/www.safinel.fr\/wp-content\/uploads\/2021\/05\/boutique-cosmetique.png\",\"width\":800,\"height\":200,\"caption\":\"Safinel\"},\"image\":{\"@id\":\"https:\/\/www.safinel.fr\/#\/schema\/logo\/image\/\"}}]}<\/script>\n<!-- \/ Yoast SEO plugin. -->","yoast_head_json":{"title":"Miel madurasa I Afrodis\u00edaco femenino I Compra segura","description":"Redescubra el dulce placer y la alta calidad de su intimidad con su pr\u00f3ximo nuevo aliado: la miel Madurasa. \u00a1Ad\u00f3ptela ahora!","robots":{"index":"index","follow":"follow","max-snippet":"max-snippet:-1","max-image-preview":"max-image-preview:large","max-video-preview":"max-video-preview:-1"},"canonical":"https:\/\/www.safinel.fr\/es\/product-2\/miel-madurasa\/","og_locale":"es_ES","og_type":"article","og_title":"Miel madurasa I Aphrodisiaque f\u00e9minin I Achat s\u00e9curis\u00e9","og_description":"Retrouvez le doux plaisir et la grande qualit\u00e9\u00a0de votre intimit\u00e9 avec votre prochain nouvel alli\u00e9 :\u00a0le miel Madurasa. Adoptez-le sans plus attendre !","og_url":"https:\/\/www.safinel.fr\/es\/product-2\/miel-madurasa\/","og_site_name":"Safinel","article_modified_time":"2023-12-28T17:15:45+00:00","og_image":[{"width":600,"height":600,"url":"https:\/\/www.safinel.fr\/wp-content\/uploads\/2022\/12\/miel-madurasa-aphrodisiaque.jpg","type":"image\/jpeg"}],"twitter_card":"summary_large_image","twitter_misc":{"Tiempo de lectura":"2 minutos"},"schema":{"@context":"https:\/\/schema.org","@graph":[{"@type":"WebPage","@id":"https:\/\/www.safinel.fr\/produit\/miel-madurasa\/","url":"https:\/\/www.safinel.fr\/produit\/miel-madurasa\/","name":"Miel madurasa I Afrodis\u00edaco femenino I Compra segura","isPartOf":{"@id":"https:\/\/www.safinel.fr\/#website"},"primaryImageOfPage":{"@id":"https:\/\/www.safinel.fr\/produit\/miel-madurasa\/#primaryimage"},"image":{"@id":"https:\/\/www.safinel.fr\/produit\/miel-madurasa\/#primaryimage"},"thumbnailUrl":"https:\/\/www.safinel.fr\/wp-content\/uploads\/2022\/12\/miel-madurasa-aphrodisiaque.jpg","datePublished":"2022-12-29T17:52:22+00:00","dateModified":"2023-12-28T17:15:45+00:00","description":"Redescubra el dulce placer y la alta calidad de su intimidad con su pr\u00f3ximo nuevo aliado: la miel Madurasa. \u00a1Ad\u00f3ptela ahora!","breadcrumb":{"@id":"https:\/\/www.safinel.fr\/produit\/miel-madurasa\/#breadcrumb"},"inLanguage":"es","potentialAction":[{"@type":"ReadAction","target":["https:\/\/www.safinel.fr\/produit\/miel-madurasa\/"]}]},{"@type":"ImageObject","inLanguage":"es","@id":"https:\/\/www.safinel.fr\/produit\/miel-madurasa\/#primaryimage","url":"https:\/\/www.safinel.fr\/wp-content\/uploads\/2022\/12\/miel-madurasa-aphrodisiaque.jpg","contentUrl":"https:\/\/www.safinel.fr\/wp-content\/uploads\/2022\/12\/miel-madurasa-aphrodisiaque.jpg","width":600,"height":600,"caption":"miel madurasa aphrodisiaque"},{"@type":"BreadcrumbList","@id":"https:\/\/www.safinel.fr\/produit\/miel-madurasa\/#breadcrumb","itemListElement":[{"@type":"ListItem","position":1,"name":"Accueil","item":"https:\/\/www.safinel.fr\/"},{"@type":"ListItem","position":2,"name":"Boutique","item":"https:\/\/www.safinel.fr\/boutique\/"},{"@type":"ListItem","position":3,"name":"Miel madurasa"}]},{"@type":"WebSite","@id":"https:\/\/www.safinel.fr\/#website","url":"https:\/\/www.safinel.fr\/","name":"Safinel","description":"","publisher":{"@id":"https:\/\/www.safinel.fr\/#organization"},"potentialAction":[{"@type":"SearchAction","target":{"@type":"EntryPoint","urlTemplate":"https:\/\/www.safinel.fr\/?s={search_term_string}"},"query-input":{"@type":"PropertyValueSpecification","valueRequired":true,"valueName":"search_term_string"}}],"inLanguage":"es"},{"@type":"Organization","@id":"https:\/\/www.safinel.fr\/#organization","name":"Safinel","url":"https:\/\/www.safinel.fr\/","logo":{"@type":"ImageObject","inLanguage":"es","@id":"https:\/\/www.safinel.fr\/#\/schema\/logo\/image\/","url":"https:\/\/www.safinel.fr\/wp-content\/uploads\/2021\/05\/boutique-cosmetique.png","contentUrl":"https:\/\/www.safinel.fr\/wp-content\/uploads\/2021\/05\/boutique-cosmetique.png","width":800,"height":200,"caption":"Safinel"},"image":{"@id":"https:\/\/www.safinel.fr\/#\/schema\/logo\/image\/"}}]}},"_links":{"self":[{"href":"https:\/\/www.safinel.fr\/es\/wp-json\/wp\/v2\/product\/4009","targetHints":{"allow":["GET"]}}],"collection":[{"href":"https:\/\/www.safinel.fr\/es\/wp-json\/wp\/v2\/product"}],"about":[{"href":"https:\/\/www.safinel.fr\/es\/wp-json\/wp\/v2\/types\/product"}],"wp:featuredmedia":[{"embeddable":true,"href":"https:\/\/www.safinel.fr\/es\/wp-json\/wp\/v2\/media\/4013"}],"wp:attachment":[{"href":"https:\/\/www.safinel.fr\/es\/wp-json\/wp\/v2\/media?parent=4009"}],"wp:term":[{"taxonomy":"product_brand","embeddable":true,"href":"https:\/\/www.safinel.fr\/es\/wp-json\/wp\/v2\/product_brand?post=4009"},{"taxonomy":"product_cat","embeddable":true,"href":"https:\/\/www.safinel.fr\/es\/wp-json\/wp\/v2\/product_cat?post=4009"},{"taxonomy":"product_tag","embeddable":true,"href":"https:\/\/www.safinel.fr\/es\/wp-json\/wp\/v2\/product_tag?post=4009"}],"curies":[{"name":"wp","href":"https:\/\/api.w.org\/{rel}","templated":true}]}}