{"id":4001,"date":"2022-12-29T16:50:43","date_gmt":"2022-12-29T16:50:43","guid":{"rendered":"https:\/\/www.safinel.fr\/?post_type=product&#038;p=4001"},"modified":"2023-12-28T17:15:40","modified_gmt":"2023-12-28T17:15:40","slug":"oliban-louban-dakar","status":"publish","type":"product","link":"https:\/\/www.safinel.fr\/es\/product-2\/oliban-louban-dakar\/","title":{"rendered":"Ol\u00edbano (Louban dakar) 100 g"},"content":{"rendered":"<p>\u00bfEst\u00e1 preparado para conocer el tesoro de la naturaleza? Desc\u00fabralo ahora con L'Oliban (<strong>Louban Dakar)\u00a0<\/strong>\u00a1! Es cierto que tiene un aroma dulce y amaderado que recuerda a la vainilla y a la madera... Es una fragancia popular para hombres, mujeres y ni\u00f1os, y se utiliza a menudo en los perfumes de las marcas de lujo.<\/p>\n<p>Tambi\u00e9n tiene otras cualidades que pueden sorprenderle...<\/p>\n<h2><strong>\u00a1La historia del Louban Dakar con su tienda Safinel!<\/strong><\/h2>\n<p>El incienso, o ol\u00edbano, es una resina derivada del \u00e1rbol del incienso llamado\u00a0<strong>Boswellia<\/strong>. Es una de las resinas arom\u00e1ticas m\u00e1s conocidas del mundo y es <a href=\"https:\/\/www.fragrance-imperiale.com\" target=\"_blank\" rel=\"noopener\"><strong>a menudo utilizado en fragancias<\/strong><\/a> y cosm\u00e9ticos.<\/p>\n<p>Se cree que el lub\u00e1n es originario de la actual Rep\u00fablica de Senegal. Los antiguos griegos y romanos apreciaban sus propiedades terap\u00e9uticas, e incluso los egipcios lo utilizaban como medicamento.<\/p>\n<h2><strong>Los m\u00faltiples beneficios del incienso<\/strong><\/h2>\n<p>Sabemos lo importante que es para usted\u00a0<strong>productos naturales<\/strong>\u00a0con una gran riqueza. Por eso, su boutique Safinel desea presentarle el famoso Louban Dakar. Aunque antes se utilizaba mucho en determinadas pr\u00e1cticas m\u00e9dicas, \u00bfcu\u00e1l es la situaci\u00f3n hoy en d\u00eda?<\/p>\n<p>Aunque el tiempo avanza, hay cosas que nunca cambian, sobre todo cuando su eficacia ha quedado demostrada. Tomemos el ejemplo del famoso louban...<\/p>\n<p>Hoy en d\u00eda, el lub\u00e1n se sigue utilizando para tratar diversas dolencias, como la ansiedad, la depresi\u00f3n y el estr\u00e9s. Tambi\u00e9n se utiliza para tratar problemas respiratorios y mejorar el estado de \u00e1nimo y la concentraci\u00f3n.<\/p>\n<h3><strong>El incienso de Dakar, un aroma muy buscado...<\/strong><\/h3>\n<p>Si t\u00fa tambi\u00e9n eres una de esas personas a las que les encanta<strong>\u00a0productos perfumados<\/strong>, Si es as\u00ed, el Dakar louban podr\u00eda ser para usted. Y si fuera el momento de contarte m\u00e1s cosas sobre esta resina arom\u00e1tica natural?<\/p>\n<p>De hecho, el lub\u00e1n es quiz\u00e1s m\u00e1s conocido por su fragancia: tiene un olor fuerte y dulce que a menudo se describe como \u00abpicante\u00bb. Se utiliza en productos como velas, lociones corporales y perfumes. Al ser tan raro y precioso, a menudo es dif\u00edcil encontrarlo fuera de las tiendas especializadas. Si quieres probarlo por ti mismo, no dudes en acudir a tu tienda Safinel m\u00e1s cercana, donde venden muchos productos naturales de uso seguro.<\/p>\n<h3><strong>\u00a1Productos para el bienestar en su tienda Safinel!<\/strong><\/h3>\n<p>Tienes predilecci\u00f3n por\u00a0<strong>plantas medicinales<\/strong>\u00a0? Entonces es probable que su tienda Safinel tenga justo lo que est\u00e1 buscando. \u00bfHa o\u00eddo hablar de <a href=\"https:\/\/www.safinel.fr\/es\/product-2\/hisopo\/\"><strong>hojas de hisopo<\/strong><\/a> ? Si no es as\u00ed, no se preocupe, \u00a1se lo contaremos todo!<\/p>\n<p>Originaria de Asia y Am\u00e9rica, es apreciada por sus numerosos beneficios. De hecho, \u00a1podr\u00eda ayudar a regular la tensi\u00f3n arterial y la congesti\u00f3n pulmonar! \u00a1Puede leer el art\u00edculo correspondiente aqu\u00ed!<\/p>\n<p>Tambi\u00e9n tendr\u00e1 la oportunidad de conocer las hojas de damiana. Esta planta medicinal poco conocida puede sorprenderle. Como puede ver, \u00a1no faltan opciones en su tienda de bienestar en l\u00ednea!<\/p>","protected":false},"excerpt":{"rendered":"<p>\u00bfEst\u00e1 preparado para conocer el tesoro de la naturaleza? \u00a1Desc\u00fabrelo ahora con L'Oliban (Louban Dakar)! Es cierto que tiene una fragancia dulce y amaderada que recuerda a la vainilla y la madera... Es un perfume popular para hombres, mujeres y ni\u00f1os, y [...].","protected":false},"featured_media":4008,"template":"","meta":[],"product_brand":[],"product_cat":[28],"product_tag":[],"class_list":{"0":"post-4001","1":"product","2":"type-product","3":"status-publish","4":"has-post-thumbnail","6":"product_cat-divers","8":"first","9":"outofstock","10":"shipping-taxable","11":"purchasable","12":"product-type-simple"},"yoast_head":"<!-- This site is optimized with the Yoast SEO plugin v26.6 - https:\/\/yoast.com\/wordpress\/plugins\/seo\/ -->\n<title>Oliban r\u00e9sine I Louban dakar I Bienfaits nombreux<\/title>\n<meta name=\"description\" content=\"\u00cates-vous pr\u00eat \u00e0 faire la rencontre avec un tr\u00e9sor de la nature ? Faites la d\u00e9couverte sans plus attendre avec L&#039;Oliban (Louban Dakar)\u00a0!\" \/>\n<meta name=\"robots\" content=\"index, follow, max-snippet:-1, max-image-preview:large, max-video-preview:-1\" \/>\n<link rel=\"canonical\" href=\"https:\/\/www.safinel.fr\/es\/product-2\/oliban-louban-dakar\/\" \/>\n<meta property=\"og:locale\" content=\"es_ES\" \/>\n<meta property=\"og:type\" content=\"article\" \/>\n<meta property=\"og:title\" content=\"Oliban r\u00e9sine I Louban dakar I Bienfaits nombreux\" \/>\n<meta property=\"og:description\" content=\"\u00cates-vous pr\u00eat \u00e0 faire la rencontre avec un tr\u00e9sor de la nature ? Faites la d\u00e9couverte sans plus attendre avec L&#039;Oliban (Louban Dakar)\u00a0!\" \/>\n<meta property=\"og:url\" content=\"https:\/\/www.safinel.fr\/es\/product-2\/oliban-louban-dakar\/\" \/>\n<meta property=\"og:site_name\" content=\"Safinel\" \/>\n<meta property=\"article:modified_time\" content=\"2023-12-28T17:15:40+00:00\" \/>\n<meta property=\"og:image\" content=\"https:\/\/www.safinel.fr\/wp-content\/uploads\/2022\/12\/louban-dakar.jpg\" \/>\n\t<meta property=\"og:image:width\" content=\"600\" \/>\n\t<meta property=\"og:image:height\" content=\"600\" \/>\n\t<meta property=\"og:image:type\" content=\"image\/jpeg\" \/>\n<meta name=\"twitter:card\" content=\"summary_large_image\" \/>\n<meta name=\"twitter:label1\" content=\"Tiempo de lectura\" \/>\n\t<meta name=\"twitter:data1\" content=\"3 minutos\" \/>\n<script type=\"application\/ld+json\" class=\"yoast-schema-graph\">{\"@context\":\"https:\/\/schema.org\",\"@graph\":[{\"@type\":\"WebPage\",\"@id\":\"https:\/\/www.safinel.fr\/produit\/oliban-louban-dakar\/\",\"url\":\"https:\/\/www.safinel.fr\/produit\/oliban-louban-dakar\/\",\"name\":\"Oliban r\u00e9sine I Louban dakar I Bienfaits nombreux\",\"isPartOf\":{\"@id\":\"https:\/\/www.safinel.fr\/#website\"},\"primaryImageOfPage\":{\"@id\":\"https:\/\/www.safinel.fr\/produit\/oliban-louban-dakar\/#primaryimage\"},\"image\":{\"@id\":\"https:\/\/www.safinel.fr\/produit\/oliban-louban-dakar\/#primaryimage\"},\"thumbnailUrl\":\"https:\/\/www.safinel.fr\/wp-content\/uploads\/2022\/12\/louban-dakar.jpg\",\"datePublished\":\"2022-12-29T16:50:43+00:00\",\"dateModified\":\"2023-12-28T17:15:40+00:00\",\"description\":\"\u00cates-vous pr\u00eat \u00e0 faire la rencontre avec un tr\u00e9sor de la nature ? Faites la d\u00e9couverte sans plus attendre avec L'Oliban (Louban Dakar)\u00a0!\",\"breadcrumb\":{\"@id\":\"https:\/\/www.safinel.fr\/produit\/oliban-louban-dakar\/#breadcrumb\"},\"inLanguage\":\"es\",\"potentialAction\":[{\"@type\":\"ReadAction\",\"target\":[\"https:\/\/www.safinel.fr\/produit\/oliban-louban-dakar\/\"]}]},{\"@type\":\"ImageObject\",\"inLanguage\":\"es\",\"@id\":\"https:\/\/www.safinel.fr\/produit\/oliban-louban-dakar\/#primaryimage\",\"url\":\"https:\/\/www.safinel.fr\/wp-content\/uploads\/2022\/12\/louban-dakar.jpg\",\"contentUrl\":\"https:\/\/www.safinel.fr\/wp-content\/uploads\/2022\/12\/louban-dakar.jpg\",\"width\":600,\"height\":600,\"caption\":\"Oliban (Louban dakar) 100g\"},{\"@type\":\"BreadcrumbList\",\"@id\":\"https:\/\/www.safinel.fr\/produit\/oliban-louban-dakar\/#breadcrumb\",\"itemListElement\":[{\"@type\":\"ListItem\",\"position\":1,\"name\":\"Accueil\",\"item\":\"https:\/\/www.safinel.fr\/\"},{\"@type\":\"ListItem\",\"position\":2,\"name\":\"Boutique\",\"item\":\"https:\/\/www.safinel.fr\/boutique\/\"},{\"@type\":\"ListItem\",\"position\":3,\"name\":\"Oliban (Louban dakar) 100g\"}]},{\"@type\":\"WebSite\",\"@id\":\"https:\/\/www.safinel.fr\/#website\",\"url\":\"https:\/\/www.safinel.fr\/\",\"name\":\"Safinel\",\"description\":\"\",\"publisher\":{\"@id\":\"https:\/\/www.safinel.fr\/#organization\"},\"potentialAction\":[{\"@type\":\"SearchAction\",\"target\":{\"@type\":\"EntryPoint\",\"urlTemplate\":\"https:\/\/www.safinel.fr\/?s={search_term_string}\"},\"query-input\":{\"@type\":\"PropertyValueSpecification\",\"valueRequired\":true,\"valueName\":\"search_term_string\"}}],\"inLanguage\":\"es\"},{\"@type\":\"Organization\",\"@id\":\"https:\/\/www.safinel.fr\/#organization\",\"name\":\"Safinel\",\"url\":\"https:\/\/www.safinel.fr\/\",\"logo\":{\"@type\":\"ImageObject\",\"inLanguage\":\"es\",\"@id\":\"https:\/\/www.safinel.fr\/#\/schema\/logo\/image\/\",\"url\":\"https:\/\/www.safinel.fr\/wp-content\/uploads\/2021\/05\/boutique-cosmetique.png\",\"contentUrl\":\"https:\/\/www.safinel.fr\/wp-content\/uploads\/2021\/05\/boutique-cosmetique.png\",\"width\":800,\"height\":200,\"caption\":\"Safinel\"},\"image\":{\"@id\":\"https:\/\/www.safinel.fr\/#\/schema\/logo\/image\/\"}}]}<\/script>\n<!-- \/ Yoast SEO plugin. -->","yoast_head_json":{"title":"Resina de ol\u00edbano I Louban dakar I Numerosos beneficios","description":"\u00bfEst\u00e1 preparado para conocer el tesoro de la naturaleza? \u00a1Desc\u00fabralo ahora con L'Oliban (Louban Dakar)!","robots":{"index":"index","follow":"follow","max-snippet":"max-snippet:-1","max-image-preview":"max-image-preview:large","max-video-preview":"max-video-preview:-1"},"canonical":"https:\/\/www.safinel.fr\/es\/product-2\/oliban-louban-dakar\/","og_locale":"es_ES","og_type":"article","og_title":"Oliban r\u00e9sine I Louban dakar I Bienfaits nombreux","og_description":"\u00cates-vous pr\u00eat \u00e0 faire la rencontre avec un tr\u00e9sor de la nature ? Faites la d\u00e9couverte sans plus attendre avec L'Oliban (Louban Dakar)\u00a0!","og_url":"https:\/\/www.safinel.fr\/es\/product-2\/oliban-louban-dakar\/","og_site_name":"Safinel","article_modified_time":"2023-12-28T17:15:40+00:00","og_image":[{"width":600,"height":600,"url":"https:\/\/www.safinel.fr\/wp-content\/uploads\/2022\/12\/louban-dakar.jpg","type":"image\/jpeg"}],"twitter_card":"summary_large_image","twitter_misc":{"Tiempo de lectura":"3 minutos"},"schema":{"@context":"https:\/\/schema.org","@graph":[{"@type":"WebPage","@id":"https:\/\/www.safinel.fr\/produit\/oliban-louban-dakar\/","url":"https:\/\/www.safinel.fr\/produit\/oliban-louban-dakar\/","name":"Resina de ol\u00edbano I Louban dakar I Numerosos beneficios","isPartOf":{"@id":"https:\/\/www.safinel.fr\/#website"},"primaryImageOfPage":{"@id":"https:\/\/www.safinel.fr\/produit\/oliban-louban-dakar\/#primaryimage"},"image":{"@id":"https:\/\/www.safinel.fr\/produit\/oliban-louban-dakar\/#primaryimage"},"thumbnailUrl":"https:\/\/www.safinel.fr\/wp-content\/uploads\/2022\/12\/louban-dakar.jpg","datePublished":"2022-12-29T16:50:43+00:00","dateModified":"2023-12-28T17:15:40+00:00","description":"\u00bfEst\u00e1 preparado para conocer el tesoro de la naturaleza? \u00a1Desc\u00fabralo ahora con L'Oliban (Louban Dakar)!","breadcrumb":{"@id":"https:\/\/www.safinel.fr\/produit\/oliban-louban-dakar\/#breadcrumb"},"inLanguage":"es","potentialAction":[{"@type":"ReadAction","target":["https:\/\/www.safinel.fr\/produit\/oliban-louban-dakar\/"]}]},{"@type":"ImageObject","inLanguage":"es","@id":"https:\/\/www.safinel.fr\/produit\/oliban-louban-dakar\/#primaryimage","url":"https:\/\/www.safinel.fr\/wp-content\/uploads\/2022\/12\/louban-dakar.jpg","contentUrl":"https:\/\/www.safinel.fr\/wp-content\/uploads\/2022\/12\/louban-dakar.jpg","width":600,"height":600,"caption":"Oliban (Louban dakar) 100g"},{"@type":"BreadcrumbList","@id":"https:\/\/www.safinel.fr\/produit\/oliban-louban-dakar\/#breadcrumb","itemListElement":[{"@type":"ListItem","position":1,"name":"Accueil","item":"https:\/\/www.safinel.fr\/"},{"@type":"ListItem","position":2,"name":"Boutique","item":"https:\/\/www.safinel.fr\/boutique\/"},{"@type":"ListItem","position":3,"name":"Oliban (Louban dakar) 100g"}]},{"@type":"WebSite","@id":"https:\/\/www.safinel.fr\/#website","url":"https:\/\/www.safinel.fr\/","name":"Safinel","description":"","publisher":{"@id":"https:\/\/www.safinel.fr\/#organization"},"potentialAction":[{"@type":"SearchAction","target":{"@type":"EntryPoint","urlTemplate":"https:\/\/www.safinel.fr\/?s={search_term_string}"},"query-input":{"@type":"PropertyValueSpecification","valueRequired":true,"valueName":"search_term_string"}}],"inLanguage":"es"},{"@type":"Organization","@id":"https:\/\/www.safinel.fr\/#organization","name":"Safinel","url":"https:\/\/www.safinel.fr\/","logo":{"@type":"ImageObject","inLanguage":"es","@id":"https:\/\/www.safinel.fr\/#\/schema\/logo\/image\/","url":"https:\/\/www.safinel.fr\/wp-content\/uploads\/2021\/05\/boutique-cosmetique.png","contentUrl":"https:\/\/www.safinel.fr\/wp-content\/uploads\/2021\/05\/boutique-cosmetique.png","width":800,"height":200,"caption":"Safinel"},"image":{"@id":"https:\/\/www.safinel.fr\/#\/schema\/logo\/image\/"}}]}},"_links":{"self":[{"href":"https:\/\/www.safinel.fr\/es\/wp-json\/wp\/v2\/product\/4001","targetHints":{"allow":["GET"]}}],"collection":[{"href":"https:\/\/www.safinel.fr\/es\/wp-json\/wp\/v2\/product"}],"about":[{"href":"https:\/\/www.safinel.fr\/es\/wp-json\/wp\/v2\/types\/product"}],"wp:featuredmedia":[{"embeddable":true,"href":"https:\/\/www.safinel.fr\/es\/wp-json\/wp\/v2\/media\/4008"}],"wp:attachment":[{"href":"https:\/\/www.safinel.fr\/es\/wp-json\/wp\/v2\/media?parent=4001"}],"wp:term":[{"taxonomy":"product_brand","embeddable":true,"href":"https:\/\/www.safinel.fr\/es\/wp-json\/wp\/v2\/product_brand?post=4001"},{"taxonomy":"product_cat","embeddable":true,"href":"https:\/\/www.safinel.fr\/es\/wp-json\/wp\/v2\/product_cat?post=4001"},{"taxonomy":"product_tag","embeddable":true,"href":"https:\/\/www.safinel.fr\/es\/wp-json\/wp\/v2\/product_tag?post=4001"}],"curies":[{"name":"wp","href":"https:\/\/api.w.org\/{rel}","templated":true}]}}