{"id":3932,"date":"2022-12-22T12:11:53","date_gmt":"2022-12-22T12:11:53","guid":{"rendered":"https:\/\/www.safinel.fr\/?post_type=product&#038;p=3932"},"modified":"2024-04-19T13:34:52","modified_gmt":"2024-04-19T13:34:52","slug":"san-qi-hua","status":"publish","type":"product","link":"https:\/\/www.safinel.fr\/es\/product-2\/san-qi-hua\/","title":{"rendered":"San qi hua (flores de notoginseng \u4e09\u4e03\u82b1) 100g"},"content":{"rendered":"<p>Le\u00a0<strong>san qi hua<\/strong>\u00a0o flores de notoginseng se cultivan sobre todo en el sur y el centro de China. As\u00ed que l\u00e1ncese a descubrir este\u00a0<strong>Planta asi\u00e1tica.\u00a0<\/strong><\/p>\n<h2><strong>San qi hua: \u00bfqu\u00e9 es?\u00a0<\/strong><\/h2>\n<p>Le\u00a0<strong>san qi hua<\/strong>\u00a0es una especie de primo lejano del ginseng. Descrita como \u201cm\u00e1s preciosa que el oro\u201d, su ra\u00edz est\u00e1 clasificada como hierba reguladora de la sangre por la medicina china.<\/p>\n<p>Adem\u00e1s, en el\u00a0<strong>Farmacopea china<\/strong>, Las flores de notoginseng tienen fama de calmar las hemorragias, vigorizar la sangre y transformar la estasis. Es importante saber que tambi\u00e9n se utiliza tradicionalmente para estimular la circulaci\u00f3n sangu\u00ednea y calmar la hinchaz\u00f3n.<\/p>\n<h2><strong>\u00bfC\u00f3mo se utiliza el san qi hua?\u00a0<\/strong><\/h2>\n<p>Para utilizar este\u00a0<strong>Planta asi\u00e1tica<\/strong>\u00a0Para preparar una tisana, a\u00f1ada 10 g de ra\u00edces a 500 ml de agua. A continuaci\u00f3n, llevar a ebullici\u00f3n y cocer a fuego lento durante diez minutos antes de servir.<\/p>\n<p>Para utilizarlo en polvo, puede diluir la dosis de polvo en una taza peque\u00f1a de agua hirviendo. A continuaci\u00f3n, mezclar bien y beber.<\/p>\n<p>No dude en venir a hacer un pedido de su planta asi\u00e1tica a<strong>\u00a0m\u00faltiples beneficios.\u00a0<\/strong><\/p>\n<h3><strong>Precauciones<\/strong><\/h3>\n<ul>\n<li>Mantener fuera del alcance de los ni\u00f1os.<\/li>\n<li>S\u00f3lo es apto para adultos y ni\u00f1os mayores de 12 a\u00f1os.<\/li>\n<li>No sustituye a una dieta diversificada y un estilo de vida saludable.<\/li>\n<li>Por \u00faltimo, consulte a su m\u00e9dico o farmac\u00e9utico antes de utilizarlo.<\/li>\n<\/ul>\n<h3><strong>Descubre tambi\u00e9n las hojas de loto\u00a0<\/strong><\/h3>\n<p>Le\u00a0<strong>loto<\/strong>\u00a0es una planta acu\u00e1tica emblem\u00e1tica de la regi\u00f3n de Asia Oriental. Sus hojas, conocidas como\u201c<a href=\"https:\/\/www.safinel.fr\/es\/product-2\/hoja-de-loto\/\"><strong>He ye<\/strong><\/a>\u201dUtilizados en la medicina tradicional, tienen la capacidad de favorecer la p\u00e9rdida de peso.<\/p>\n<p>Descubre las propiedades de esta planta y convi\u00e9rtela en tu nuevo aliado natural para adelgazar.<\/p>\n<p>Venga a hacer sus compras en nuestro\u00a0<strong>Sitio Safinel<\/strong>, la tienda natural de referencia.<\/p>","protected":false},"excerpt":{"rendered":"<p>El san qi hua, tambi\u00e9n conocido como flor de notoginseng, se cultiva principalmente en el sur y el centro de China. Descubra esta planta asi\u00e1tica.\u00a0 San qi hua: \u00bfqu\u00e9 es?  El san qi hua es una especie de primo lejano del ginseng. Descrito como \u201cm\u00e1s valioso que el oro\u201d, su ra\u00edz es [\u2026]","protected":false},"featured_media":3933,"template":"","meta":[],"product_brand":[],"product_cat":[108],"product_tag":[],"class_list":{"0":"post-3932","1":"product","2":"type-product","3":"status-publish","4":"has-post-thumbnail","6":"product_cat-plantes-asiatiques","8":"first","9":"outofstock","10":"shipping-taxable","11":"purchasable","12":"product-type-simple"},"yoast_head":"<!-- This site is optimized with the Yoast SEO plugin v26.6 - https:\/\/yoast.com\/wordpress\/plugins\/seo\/ -->\n<title>San qi hua I Fleurs de Notoginseng I Bienfaits nombreux<\/title>\n<meta name=\"description\" content=\"Le\u00a0san qi hua\u00a0ou encore les fleurs de notoginseng sont cultiv\u00e9s particuli\u00e8rement dans le Sud et dans le centre de la Chine.\" \/>\n<meta name=\"robots\" content=\"index, follow, max-snippet:-1, max-image-preview:large, max-video-preview:-1\" \/>\n<link rel=\"canonical\" href=\"https:\/\/www.safinel.fr\/es\/product-2\/san-qi-hua\/\" \/>\n<meta property=\"og:locale\" content=\"es_ES\" \/>\n<meta property=\"og:type\" content=\"article\" \/>\n<meta property=\"og:title\" content=\"San qi hua I Fleurs de Notoginseng I Bienfaits nombreux\" \/>\n<meta property=\"og:description\" content=\"Le\u00a0san qi hua\u00a0ou encore les fleurs de notoginseng sont cultiv\u00e9s particuli\u00e8rement dans le Sud et dans le centre de la Chine.\" \/>\n<meta property=\"og:url\" content=\"https:\/\/www.safinel.fr\/es\/product-2\/san-qi-hua\/\" \/>\n<meta property=\"og:site_name\" content=\"Safinel\" \/>\n<meta property=\"article:modified_time\" content=\"2024-04-19T13:34:52+00:00\" \/>\n<meta property=\"og:image\" content=\"https:\/\/www.safinel.fr\/wp-content\/uploads\/2022\/12\/San-qi-hua-Fleurs-de-Notoginseng-\u4e09\u4e03\u82b1-.jpg\" \/>\n\t<meta property=\"og:image:width\" content=\"600\" \/>\n\t<meta property=\"og:image:height\" content=\"600\" \/>\n\t<meta property=\"og:image:type\" content=\"image\/jpeg\" \/>\n<meta name=\"twitter:card\" content=\"summary_large_image\" \/>\n<meta name=\"twitter:label1\" content=\"Tiempo de lectura\" \/>\n\t<meta name=\"twitter:data1\" content=\"2 minutos\" \/>\n<script type=\"application\/ld+json\" class=\"yoast-schema-graph\">{\"@context\":\"https:\/\/schema.org\",\"@graph\":[{\"@type\":\"WebPage\",\"@id\":\"https:\/\/www.safinel.fr\/produit\/san-qi-hua\/\",\"url\":\"https:\/\/www.safinel.fr\/produit\/san-qi-hua\/\",\"name\":\"San qi hua I Fleurs de Notoginseng I Bienfaits nombreux\",\"isPartOf\":{\"@id\":\"https:\/\/www.safinel.fr\/#website\"},\"primaryImageOfPage\":{\"@id\":\"https:\/\/www.safinel.fr\/produit\/san-qi-hua\/#primaryimage\"},\"image\":{\"@id\":\"https:\/\/www.safinel.fr\/produit\/san-qi-hua\/#primaryimage\"},\"thumbnailUrl\":\"https:\/\/www.safinel.fr\/wp-content\/uploads\/2022\/12\/San-qi-hua-Fleurs-de-Notoginseng-\u4e09\u4e03\u82b1-.jpg\",\"datePublished\":\"2022-12-22T12:11:53+00:00\",\"dateModified\":\"2024-04-19T13:34:52+00:00\",\"description\":\"Le\u00a0san qi hua\u00a0ou encore les fleurs de notoginseng sont cultiv\u00e9s particuli\u00e8rement dans le Sud et dans le centre de la Chine.\",\"breadcrumb\":{\"@id\":\"https:\/\/www.safinel.fr\/produit\/san-qi-hua\/#breadcrumb\"},\"inLanguage\":\"es\",\"potentialAction\":[{\"@type\":\"ReadAction\",\"target\":[\"https:\/\/www.safinel.fr\/produit\/san-qi-hua\/\"]}]},{\"@type\":\"ImageObject\",\"inLanguage\":\"es\",\"@id\":\"https:\/\/www.safinel.fr\/produit\/san-qi-hua\/#primaryimage\",\"url\":\"https:\/\/www.safinel.fr\/wp-content\/uploads\/2022\/12\/San-qi-hua-Fleurs-de-Notoginseng-\u4e09\u4e03\u82b1-.jpg\",\"contentUrl\":\"https:\/\/www.safinel.fr\/wp-content\/uploads\/2022\/12\/San-qi-hua-Fleurs-de-Notoginseng-\u4e09\u4e03\u82b1-.jpg\",\"width\":600,\"height\":600,\"caption\":\"San qi hua (Fleurs de Notoginseng \u4e09\u4e03\u82b1) 100g\"},{\"@type\":\"BreadcrumbList\",\"@id\":\"https:\/\/www.safinel.fr\/produit\/san-qi-hua\/#breadcrumb\",\"itemListElement\":[{\"@type\":\"ListItem\",\"position\":1,\"name\":\"Accueil\",\"item\":\"https:\/\/www.safinel.fr\/\"},{\"@type\":\"ListItem\",\"position\":2,\"name\":\"Boutique\",\"item\":\"https:\/\/www.safinel.fr\/boutique\/\"},{\"@type\":\"ListItem\",\"position\":3,\"name\":\"San qi hua (Fleurs de Notoginseng \u4e09\u4e03\u82b1) 100g\"}]},{\"@type\":\"WebSite\",\"@id\":\"https:\/\/www.safinel.fr\/#website\",\"url\":\"https:\/\/www.safinel.fr\/\",\"name\":\"Safinel\",\"description\":\"\",\"publisher\":{\"@id\":\"https:\/\/www.safinel.fr\/#organization\"},\"potentialAction\":[{\"@type\":\"SearchAction\",\"target\":{\"@type\":\"EntryPoint\",\"urlTemplate\":\"https:\/\/www.safinel.fr\/?s={search_term_string}\"},\"query-input\":{\"@type\":\"PropertyValueSpecification\",\"valueRequired\":true,\"valueName\":\"search_term_string\"}}],\"inLanguage\":\"es\"},{\"@type\":\"Organization\",\"@id\":\"https:\/\/www.safinel.fr\/#organization\",\"name\":\"Safinel\",\"url\":\"https:\/\/www.safinel.fr\/\",\"logo\":{\"@type\":\"ImageObject\",\"inLanguage\":\"es\",\"@id\":\"https:\/\/www.safinel.fr\/#\/schema\/logo\/image\/\",\"url\":\"https:\/\/www.safinel.fr\/wp-content\/uploads\/2021\/05\/boutique-cosmetique.png\",\"contentUrl\":\"https:\/\/www.safinel.fr\/wp-content\/uploads\/2021\/05\/boutique-cosmetique.png\",\"width\":800,\"height\":200,\"caption\":\"Safinel\"},\"image\":{\"@id\":\"https:\/\/www.safinel.fr\/#\/schema\/logo\/image\/\"}}]}<\/script>\n<!-- \/ Yoast SEO plugin. -->","yoast_head_json":{"title":"San qi hua I Flores de notoginseng I Numerosos beneficios","description":"Las flores de san qi hua o notoginseng se cultivan sobre todo en el sur y el centro de China.","robots":{"index":"index","follow":"follow","max-snippet":"max-snippet:-1","max-image-preview":"max-image-preview:large","max-video-preview":"max-video-preview:-1"},"canonical":"https:\/\/www.safinel.fr\/es\/product-2\/san-qi-hua\/","og_locale":"es_ES","og_type":"article","og_title":"San qi hua I Fleurs de Notoginseng I Bienfaits nombreux","og_description":"Le\u00a0san qi hua\u00a0ou encore les fleurs de notoginseng sont cultiv\u00e9s particuli\u00e8rement dans le Sud et dans le centre de la Chine.","og_url":"https:\/\/www.safinel.fr\/es\/product-2\/san-qi-hua\/","og_site_name":"Safinel","article_modified_time":"2024-04-19T13:34:52+00:00","og_image":[{"width":600,"height":600,"url":"https:\/\/www.safinel.fr\/wp-content\/uploads\/2022\/12\/San-qi-hua-Fleurs-de-Notoginseng-\u4e09\u4e03\u82b1-.jpg","type":"image\/jpeg"}],"twitter_card":"summary_large_image","twitter_misc":{"Tiempo de lectura":"2 minutos"},"schema":{"@context":"https:\/\/schema.org","@graph":[{"@type":"WebPage","@id":"https:\/\/www.safinel.fr\/produit\/san-qi-hua\/","url":"https:\/\/www.safinel.fr\/produit\/san-qi-hua\/","name":"San qi hua I Flores de notoginseng I Numerosos beneficios","isPartOf":{"@id":"https:\/\/www.safinel.fr\/#website"},"primaryImageOfPage":{"@id":"https:\/\/www.safinel.fr\/produit\/san-qi-hua\/#primaryimage"},"image":{"@id":"https:\/\/www.safinel.fr\/produit\/san-qi-hua\/#primaryimage"},"thumbnailUrl":"https:\/\/www.safinel.fr\/wp-content\/uploads\/2022\/12\/San-qi-hua-Fleurs-de-Notoginseng-\u4e09\u4e03\u82b1-.jpg","datePublished":"2022-12-22T12:11:53+00:00","dateModified":"2024-04-19T13:34:52+00:00","description":"Las flores de san qi hua o notoginseng se cultivan sobre todo en el sur y el centro de China.","breadcrumb":{"@id":"https:\/\/www.safinel.fr\/produit\/san-qi-hua\/#breadcrumb"},"inLanguage":"es","potentialAction":[{"@type":"ReadAction","target":["https:\/\/www.safinel.fr\/produit\/san-qi-hua\/"]}]},{"@type":"ImageObject","inLanguage":"es","@id":"https:\/\/www.safinel.fr\/produit\/san-qi-hua\/#primaryimage","url":"https:\/\/www.safinel.fr\/wp-content\/uploads\/2022\/12\/San-qi-hua-Fleurs-de-Notoginseng-\u4e09\u4e03\u82b1-.jpg","contentUrl":"https:\/\/www.safinel.fr\/wp-content\/uploads\/2022\/12\/San-qi-hua-Fleurs-de-Notoginseng-\u4e09\u4e03\u82b1-.jpg","width":600,"height":600,"caption":"San qi hua (Fleurs de Notoginseng \u4e09\u4e03\u82b1) 100g"},{"@type":"BreadcrumbList","@id":"https:\/\/www.safinel.fr\/produit\/san-qi-hua\/#breadcrumb","itemListElement":[{"@type":"ListItem","position":1,"name":"Accueil","item":"https:\/\/www.safinel.fr\/"},{"@type":"ListItem","position":2,"name":"Boutique","item":"https:\/\/www.safinel.fr\/boutique\/"},{"@type":"ListItem","position":3,"name":"San qi hua (Fleurs de Notoginseng \u4e09\u4e03\u82b1) 100g"}]},{"@type":"WebSite","@id":"https:\/\/www.safinel.fr\/#website","url":"https:\/\/www.safinel.fr\/","name":"Safinel","description":"","publisher":{"@id":"https:\/\/www.safinel.fr\/#organization"},"potentialAction":[{"@type":"SearchAction","target":{"@type":"EntryPoint","urlTemplate":"https:\/\/www.safinel.fr\/?s={search_term_string}"},"query-input":{"@type":"PropertyValueSpecification","valueRequired":true,"valueName":"search_term_string"}}],"inLanguage":"es"},{"@type":"Organization","@id":"https:\/\/www.safinel.fr\/#organization","name":"Safinel","url":"https:\/\/www.safinel.fr\/","logo":{"@type":"ImageObject","inLanguage":"es","@id":"https:\/\/www.safinel.fr\/#\/schema\/logo\/image\/","url":"https:\/\/www.safinel.fr\/wp-content\/uploads\/2021\/05\/boutique-cosmetique.png","contentUrl":"https:\/\/www.safinel.fr\/wp-content\/uploads\/2021\/05\/boutique-cosmetique.png","width":800,"height":200,"caption":"Safinel"},"image":{"@id":"https:\/\/www.safinel.fr\/#\/schema\/logo\/image\/"}}]}},"_links":{"self":[{"href":"https:\/\/www.safinel.fr\/es\/wp-json\/wp\/v2\/product\/3932","targetHints":{"allow":["GET"]}}],"collection":[{"href":"https:\/\/www.safinel.fr\/es\/wp-json\/wp\/v2\/product"}],"about":[{"href":"https:\/\/www.safinel.fr\/es\/wp-json\/wp\/v2\/types\/product"}],"wp:featuredmedia":[{"embeddable":true,"href":"https:\/\/www.safinel.fr\/es\/wp-json\/wp\/v2\/media\/3933"}],"wp:attachment":[{"href":"https:\/\/www.safinel.fr\/es\/wp-json\/wp\/v2\/media?parent=3932"}],"wp:term":[{"taxonomy":"product_brand","embeddable":true,"href":"https:\/\/www.safinel.fr\/es\/wp-json\/wp\/v2\/product_brand?post=3932"},{"taxonomy":"product_cat","embeddable":true,"href":"https:\/\/www.safinel.fr\/es\/wp-json\/wp\/v2\/product_cat?post=3932"},{"taxonomy":"product_tag","embeddable":true,"href":"https:\/\/www.safinel.fr\/es\/wp-json\/wp\/v2\/product_tag?post=3932"}],"curies":[{"name":"wp","href":"https:\/\/api.w.org\/{rel}","templated":true}]}}