{"id":3930,"date":"2022-12-22T12:07:54","date_gmt":"2022-12-22T12:07:54","guid":{"rendered":"https:\/\/www.safinel.fr\/?post_type=product&#038;p=3930"},"modified":"2024-08-28T11:13:49","modified_gmt":"2024-08-28T11:13:49","slug":"bai-zhu-chao-datractylode-raiz","status":"publish","type":"product","link":"https:\/\/www.safinel.fr\/es\/product-2\/bai-zhu-chao-datractylode-raiz\/","title":{"rendered":"Bai zhu (Chao) - Preparado de ra\u00edz de Atractylode 100g"},"content":{"rendered":"<p>Le\u00a0<strong>bai zhu,<\/strong>\u00a0\u00bfLe suena? Tambi\u00e9n conocida como ra\u00edz de Atractylode, se trata de una planta asi\u00e1tica que tiene\u00a0<strong>propiedades terap\u00e9uticas\u00a0<\/strong>utilizado durante siglos en la medicina tradicional china. Para saber m\u00e1s, descubra la\u00a0<strong>bai zhu.<\/strong><\/p>\n<h2><strong>\u00bfQu\u00e9 es el bai zhu?\u00a0<\/strong><\/h2>\n<p>El bai zhu es un\u00a0<strong>planta herb\u00e1cea<\/strong>\u00a0Planta perenne de la familia de las Aster\u00e1ceas. Su altura media no supera los sesenta cent\u00edmetros. Su rizoma es carnoso y tiene el aspecto de un pu\u00f1o cerrado.<\/p>\n<p>Esta planta asi\u00e1tica crece muy poco en\u2019<strong>salvaje<\/strong>. Se cultiva sobre todo en China, Jap\u00f3n y Corea.<\/p>\n<p>Es m\u00e1s, es a partir de sus ra\u00edces que la\u00a0<strong>propiedades medicinales.<\/strong>\u00a0Le\u00a0<strong>bai zhu\u00a0<\/strong>se recolecta a finales de oto\u00f1o o principios de invierno. Se limpia de impurezas y se seca. A continuaci\u00f3n se eliminan las ra\u00edces fibrosas y se deja la planta en remojo en agua, cortada en tiras.<\/p>\n<h2><strong>Los beneficios del bai zhu\u00a0<\/strong><\/h2>\n<p>La\u00a0<strong>Atractylode ra\u00edz<\/strong>\u00a0se le atribuyen cualidades terap\u00e9uticas diur\u00e9ticas, sedantes, hipoglucemiantes, estomacales, t\u00f3nicas y carminativas. Incluso tiene propiedades antidiarreicas.<\/p>\n<p>Esta ra\u00edz es adecuada para tratar trastornos digestivos como la diarrea y los v\u00f3mitos. Pero tambi\u00e9n hinchaz\u00f3n, indigesti\u00f3n, p\u00e9rdida de apetito y p\u00e9rdida de peso.<\/p>\n<p>Incluso es eficaz para frenar la sudoraci\u00f3n excesiva y la retenci\u00f3n de l\u00edquidos. Se recomienda para la disuria, los edemas y para calmar la agitaci\u00f3n fetal (especialmente en casos de aborto espont\u00e1neo).<\/p>\n<p>Esta planta asi\u00e1tica es beneficiosa para tonificar el Qi, centr\u00e1ndose principalmente en el bazo y el est\u00f3mago. Tiene un sabor dulce y amargo y una propiedad c\u00e1lida.<\/p>\n<p>Utilizado para\u00a0<strong>siglos,<\/strong>\u00a0Drena, limpia, tonifica y estimula los organismos cansados.<\/p>\n<p>As\u00ed que no dude en probar esta ra\u00edz: no le decepcionar\u00e1.<\/p>\n<h2><strong>Bai zhu: modo de empleo\u00a0<\/strong><\/h2>\n<p>Para utilizar el<strong>\u00a0Atractylode ra\u00edz<\/strong>\u00a0en tisana, he aqu\u00ed algunas instrucciones:<\/p>\n<p>A\u00f1adir 10 g de ra\u00edces a 500 ml de agua, llevar a ebullici\u00f3n y cocer a fuego lento durante 10 minutos antes de servir.<\/p>\n<p>Para utilizarlo como polvo, diluir la dosis de polvo en una taza peque\u00f1a de agua hirviendo, remover y beber.<\/p>\n<p>En cuanto a la posolog\u00eda, es importante seguir las recomendaciones del prospecto. El t\u00f3nico debe tomarse durante al menos un mes. Y puede utilizarse a largo plazo.<\/p>\n<h3><strong>Precauciones de uso\u00a0<\/strong><\/h3>\n<p>Este\u00a0<strong>ra\u00edz\u00a0<\/strong>Debe almacenarse lejos de la luz y de fuentes de calor. Debe mantenerse fuera del alcance de los ni\u00f1os. Es un suplemento diet\u00e9tico s\u00f3lo para adultos y ni\u00f1os mayores de 12 a\u00f1os.<\/p>\n<p>Del mismo modo, el uso de este producto no debe sustituir a una dieta diversificada y un estilo de vida saludable.<\/p>\n<p>Por \u00faltimo, consulte a su m\u00e9dico o farmac\u00e9utico antes de utilizarlo.<\/p>\n<h3><strong>Descubra nuestras plantas asi\u00e1ticas\u00a0<\/strong><\/h3>\n<p>En\u00a0<strong>Plantas asi\u00e1ticas<\/strong>\u00a0son esenciales en la cocina. Venga a descubrir todas las plantas disponibles en nuestra tienda en l\u00ednea Safinel. Por ejemplo,\u00a0<strong><a href=\"https:\/\/www.safinel.fr\/es\/product-2\/san-qi-hua\/\">San qi hua<\/a>, <a href=\"https:\/\/www.safinel.fr\/es\/product-2\/kudzu\/\">Kudzu<\/a><\/strong>, etc.<\/p>","protected":false},"excerpt":{"rendered":"<p>\u00bfLe suena el bai zhu? Tambi\u00e9n conocida como ra\u00edz de Atractylode, es una planta asi\u00e1tica con propiedades terap\u00e9uticas que se utiliza desde hace siglos en la medicina tradicional china. Descubra el bai zhu. \u00bfQu\u00e9 es el bai zhu?  El bai zhu es una planta herb\u00e1cea perenne de la familia de las Aster\u00e1ceas. Es una [...]","protected":false},"featured_media":3931,"template":"","meta":[],"product_brand":[],"product_cat":[108],"product_tag":[],"class_list":{"0":"post-3930","1":"product","2":"type-product","3":"status-publish","4":"has-post-thumbnail","6":"product_cat-plantes-asiatiques","8":"first","9":"outofstock","10":"shipping-taxable","11":"purchasable","12":"product-type-simple"},"yoast_head":"<!-- This site is optimized with the Yoast SEO plugin v26.6 - https:\/\/yoast.com\/wordpress\/plugins\/seo\/ -->\n<title>Bai zhu I Racine d&#039;Atractylode I Bienfaits nombreux<\/title>\n<meta name=\"description\" content=\"Le\u00a0bai zhu,\u00a0cela vous dit quelque chose ? Aussi appel\u00e9 racine d\u2019Atractylode, il s\u2019agit d\u2019une plante asiatique ayant des\u00a0vertus th\u00e9rapeutiques.\" \/>\n<meta name=\"robots\" content=\"index, follow, max-snippet:-1, max-image-preview:large, max-video-preview:-1\" \/>\n<link rel=\"canonical\" href=\"https:\/\/www.safinel.fr\/es\/product-2\/bai-zhu-chao-datractylode-raiz\/\" \/>\n<meta property=\"og:locale\" content=\"es_ES\" \/>\n<meta property=\"og:type\" content=\"article\" \/>\n<meta property=\"og:title\" content=\"Bai zhu I Racine d&#039;Atractylode I Bienfaits nombreux\" \/>\n<meta property=\"og:description\" content=\"Le\u00a0bai zhu,\u00a0cela vous dit quelque chose ? Aussi appel\u00e9 racine d\u2019Atractylode, il s\u2019agit d\u2019une plante asiatique ayant des\u00a0vertus th\u00e9rapeutiques.\" \/>\n<meta property=\"og:url\" content=\"https:\/\/www.safinel.fr\/es\/product-2\/bai-zhu-chao-datractylode-raiz\/\" \/>\n<meta property=\"og:site_name\" content=\"Safinel\" \/>\n<meta property=\"article:modified_time\" content=\"2024-08-28T11:13:49+00:00\" \/>\n<meta property=\"og:image\" content=\"https:\/\/www.safinel.fr\/wp-content\/uploads\/2022\/12\/Bai-zhu-Chao-racine-dAtractylode-preparee-site.jpg\" \/>\n\t<meta property=\"og:image:width\" content=\"600\" \/>\n\t<meta property=\"og:image:height\" content=\"600\" \/>\n\t<meta property=\"og:image:type\" content=\"image\/jpeg\" \/>\n<meta name=\"twitter:card\" content=\"summary_large_image\" \/>\n<meta name=\"twitter:label1\" content=\"Tiempo de lectura\" \/>\n\t<meta name=\"twitter:data1\" content=\"3 minutos\" \/>\n<script type=\"application\/ld+json\" class=\"yoast-schema-graph\">{\"@context\":\"https:\/\/schema.org\",\"@graph\":[{\"@type\":\"WebPage\",\"@id\":\"https:\/\/www.safinel.fr\/produit\/bai-zhu-chao-racine-datractylode\/\",\"url\":\"https:\/\/www.safinel.fr\/produit\/bai-zhu-chao-racine-datractylode\/\",\"name\":\"Bai zhu I Racine d'Atractylode I Bienfaits nombreux\",\"isPartOf\":{\"@id\":\"https:\/\/www.safinel.fr\/#website\"},\"primaryImageOfPage\":{\"@id\":\"https:\/\/www.safinel.fr\/produit\/bai-zhu-chao-racine-datractylode\/#primaryimage\"},\"image\":{\"@id\":\"https:\/\/www.safinel.fr\/produit\/bai-zhu-chao-racine-datractylode\/#primaryimage\"},\"thumbnailUrl\":\"https:\/\/www.safinel.fr\/wp-content\/uploads\/2022\/12\/Bai-zhu-Chao-racine-dAtractylode-preparee-site.jpg\",\"datePublished\":\"2022-12-22T12:07:54+00:00\",\"dateModified\":\"2024-08-28T11:13:49+00:00\",\"description\":\"Le\u00a0bai zhu,\u00a0cela vous dit quelque chose ? Aussi appel\u00e9 racine d\u2019Atractylode, il s\u2019agit d\u2019une plante asiatique ayant des\u00a0vertus th\u00e9rapeutiques.\",\"breadcrumb\":{\"@id\":\"https:\/\/www.safinel.fr\/produit\/bai-zhu-chao-racine-datractylode\/#breadcrumb\"},\"inLanguage\":\"es\",\"potentialAction\":[{\"@type\":\"ReadAction\",\"target\":[\"https:\/\/www.safinel.fr\/produit\/bai-zhu-chao-racine-datractylode\/\"]}]},{\"@type\":\"ImageObject\",\"inLanguage\":\"es\",\"@id\":\"https:\/\/www.safinel.fr\/produit\/bai-zhu-chao-racine-datractylode\/#primaryimage\",\"url\":\"https:\/\/www.safinel.fr\/wp-content\/uploads\/2022\/12\/Bai-zhu-Chao-racine-dAtractylode-preparee-site.jpg\",\"contentUrl\":\"https:\/\/www.safinel.fr\/wp-content\/uploads\/2022\/12\/Bai-zhu-Chao-racine-dAtractylode-preparee-site.jpg\",\"width\":600,\"height\":600,\"caption\":\"Bai zhu (Chao) - Racine d'Atractylode pr\u00e9par\u00e9e 100g\"},{\"@type\":\"BreadcrumbList\",\"@id\":\"https:\/\/www.safinel.fr\/produit\/bai-zhu-chao-racine-datractylode\/#breadcrumb\",\"itemListElement\":[{\"@type\":\"ListItem\",\"position\":1,\"name\":\"Accueil\",\"item\":\"https:\/\/www.safinel.fr\/\"},{\"@type\":\"ListItem\",\"position\":2,\"name\":\"Boutique\",\"item\":\"https:\/\/www.safinel.fr\/boutique\/\"},{\"@type\":\"ListItem\",\"position\":3,\"name\":\"Bai zhu (Chao) &#8211; Racine d&#8217;Atractylode pr\u00e9par\u00e9e 100g\"}]},{\"@type\":\"WebSite\",\"@id\":\"https:\/\/www.safinel.fr\/#website\",\"url\":\"https:\/\/www.safinel.fr\/\",\"name\":\"Safinel\",\"description\":\"\",\"publisher\":{\"@id\":\"https:\/\/www.safinel.fr\/#organization\"},\"potentialAction\":[{\"@type\":\"SearchAction\",\"target\":{\"@type\":\"EntryPoint\",\"urlTemplate\":\"https:\/\/www.safinel.fr\/?s={search_term_string}\"},\"query-input\":{\"@type\":\"PropertyValueSpecification\",\"valueRequired\":true,\"valueName\":\"search_term_string\"}}],\"inLanguage\":\"es\"},{\"@type\":\"Organization\",\"@id\":\"https:\/\/www.safinel.fr\/#organization\",\"name\":\"Safinel\",\"url\":\"https:\/\/www.safinel.fr\/\",\"logo\":{\"@type\":\"ImageObject\",\"inLanguage\":\"es\",\"@id\":\"https:\/\/www.safinel.fr\/#\/schema\/logo\/image\/\",\"url\":\"https:\/\/www.safinel.fr\/wp-content\/uploads\/2021\/05\/boutique-cosmetique.png\",\"contentUrl\":\"https:\/\/www.safinel.fr\/wp-content\/uploads\/2021\/05\/boutique-cosmetique.png\",\"width\":800,\"height\":200,\"caption\":\"Safinel\"},\"image\":{\"@id\":\"https:\/\/www.safinel.fr\/#\/schema\/logo\/image\/\"}}]}<\/script>\n<!-- \/ Yoast SEO plugin. -->","yoast_head_json":{"title":"Bai zhu I Ra\u00edz de atractylodes I Numerosos beneficios","description":"\u00bfLe suena el bai zhu? Tambi\u00e9n conocida como ra\u00edz de Atractylode, es una planta asi\u00e1tica con propiedades terap\u00e9uticas.","robots":{"index":"index","follow":"follow","max-snippet":"max-snippet:-1","max-image-preview":"max-image-preview:large","max-video-preview":"max-video-preview:-1"},"canonical":"https:\/\/www.safinel.fr\/es\/product-2\/bai-zhu-chao-datractylode-raiz\/","og_locale":"es_ES","og_type":"article","og_title":"Bai zhu I Racine d'Atractylode I Bienfaits nombreux","og_description":"Le\u00a0bai zhu,\u00a0cela vous dit quelque chose ? Aussi appel\u00e9 racine d\u2019Atractylode, il s\u2019agit d\u2019une plante asiatique ayant des\u00a0vertus th\u00e9rapeutiques.","og_url":"https:\/\/www.safinel.fr\/es\/product-2\/bai-zhu-chao-datractylode-raiz\/","og_site_name":"Safinel","article_modified_time":"2024-08-28T11:13:49+00:00","og_image":[{"width":600,"height":600,"url":"https:\/\/www.safinel.fr\/wp-content\/uploads\/2022\/12\/Bai-zhu-Chao-racine-dAtractylode-preparee-site.jpg","type":"image\/jpeg"}],"twitter_card":"summary_large_image","twitter_misc":{"Tiempo de lectura":"3 minutos"},"schema":{"@context":"https:\/\/schema.org","@graph":[{"@type":"WebPage","@id":"https:\/\/www.safinel.fr\/produit\/bai-zhu-chao-racine-datractylode\/","url":"https:\/\/www.safinel.fr\/produit\/bai-zhu-chao-racine-datractylode\/","name":"Bai zhu I Ra\u00edz de atractylodes I Numerosos beneficios","isPartOf":{"@id":"https:\/\/www.safinel.fr\/#website"},"primaryImageOfPage":{"@id":"https:\/\/www.safinel.fr\/produit\/bai-zhu-chao-racine-datractylode\/#primaryimage"},"image":{"@id":"https:\/\/www.safinel.fr\/produit\/bai-zhu-chao-racine-datractylode\/#primaryimage"},"thumbnailUrl":"https:\/\/www.safinel.fr\/wp-content\/uploads\/2022\/12\/Bai-zhu-Chao-racine-dAtractylode-preparee-site.jpg","datePublished":"2022-12-22T12:07:54+00:00","dateModified":"2024-08-28T11:13:49+00:00","description":"\u00bfLe suena el bai zhu? Tambi\u00e9n conocida como ra\u00edz de Atractylode, es una planta asi\u00e1tica con propiedades terap\u00e9uticas.","breadcrumb":{"@id":"https:\/\/www.safinel.fr\/produit\/bai-zhu-chao-racine-datractylode\/#breadcrumb"},"inLanguage":"es","potentialAction":[{"@type":"ReadAction","target":["https:\/\/www.safinel.fr\/produit\/bai-zhu-chao-racine-datractylode\/"]}]},{"@type":"ImageObject","inLanguage":"es","@id":"https:\/\/www.safinel.fr\/produit\/bai-zhu-chao-racine-datractylode\/#primaryimage","url":"https:\/\/www.safinel.fr\/wp-content\/uploads\/2022\/12\/Bai-zhu-Chao-racine-dAtractylode-preparee-site.jpg","contentUrl":"https:\/\/www.safinel.fr\/wp-content\/uploads\/2022\/12\/Bai-zhu-Chao-racine-dAtractylode-preparee-site.jpg","width":600,"height":600,"caption":"Bai zhu (Chao) - Racine d'Atractylode pr\u00e9par\u00e9e 100g"},{"@type":"BreadcrumbList","@id":"https:\/\/www.safinel.fr\/produit\/bai-zhu-chao-racine-datractylode\/#breadcrumb","itemListElement":[{"@type":"ListItem","position":1,"name":"Accueil","item":"https:\/\/www.safinel.fr\/"},{"@type":"ListItem","position":2,"name":"Boutique","item":"https:\/\/www.safinel.fr\/boutique\/"},{"@type":"ListItem","position":3,"name":"Bai zhu (Chao) &#8211; Racine d&#8217;Atractylode pr\u00e9par\u00e9e 100g"}]},{"@type":"WebSite","@id":"https:\/\/www.safinel.fr\/#website","url":"https:\/\/www.safinel.fr\/","name":"Safinel","description":"","publisher":{"@id":"https:\/\/www.safinel.fr\/#organization"},"potentialAction":[{"@type":"SearchAction","target":{"@type":"EntryPoint","urlTemplate":"https:\/\/www.safinel.fr\/?s={search_term_string}"},"query-input":{"@type":"PropertyValueSpecification","valueRequired":true,"valueName":"search_term_string"}}],"inLanguage":"es"},{"@type":"Organization","@id":"https:\/\/www.safinel.fr\/#organization","name":"Safinel","url":"https:\/\/www.safinel.fr\/","logo":{"@type":"ImageObject","inLanguage":"es","@id":"https:\/\/www.safinel.fr\/#\/schema\/logo\/image\/","url":"https:\/\/www.safinel.fr\/wp-content\/uploads\/2021\/05\/boutique-cosmetique.png","contentUrl":"https:\/\/www.safinel.fr\/wp-content\/uploads\/2021\/05\/boutique-cosmetique.png","width":800,"height":200,"caption":"Safinel"},"image":{"@id":"https:\/\/www.safinel.fr\/#\/schema\/logo\/image\/"}}]}},"_links":{"self":[{"href":"https:\/\/www.safinel.fr\/es\/wp-json\/wp\/v2\/product\/3930","targetHints":{"allow":["GET"]}}],"collection":[{"href":"https:\/\/www.safinel.fr\/es\/wp-json\/wp\/v2\/product"}],"about":[{"href":"https:\/\/www.safinel.fr\/es\/wp-json\/wp\/v2\/types\/product"}],"wp:featuredmedia":[{"embeddable":true,"href":"https:\/\/www.safinel.fr\/es\/wp-json\/wp\/v2\/media\/3931"}],"wp:attachment":[{"href":"https:\/\/www.safinel.fr\/es\/wp-json\/wp\/v2\/media?parent=3930"}],"wp:term":[{"taxonomy":"product_brand","embeddable":true,"href":"https:\/\/www.safinel.fr\/es\/wp-json\/wp\/v2\/product_brand?post=3930"},{"taxonomy":"product_cat","embeddable":true,"href":"https:\/\/www.safinel.fr\/es\/wp-json\/wp\/v2\/product_cat?post=3930"},{"taxonomy":"product_tag","embeddable":true,"href":"https:\/\/www.safinel.fr\/es\/wp-json\/wp\/v2\/product_tag?post=3930"}],"curies":[{"name":"wp","href":"https:\/\/api.w.org\/{rel}","templated":true}]}}