{"id":3771,"date":"2022-12-07T17:33:58","date_gmt":"2022-12-07T17:33:58","guid":{"rendered":"https:\/\/www.safinel.fr\/?post_type=product&#038;p=3771"},"modified":"2024-11-25T20:45:39","modified_gmt":"2024-11-25T20:45:39","slug":"tolva-en-forma-de-husillo","status":"publish","type":"product","link":"https:\/\/www.safinel.fr\/es\/product-2\/tolva-en-forma-de-husillo\/","title":{"rendered":"Tolva en forma de huso (\u94f6\u6728\u8033) 100g"},"content":{"rendered":"<p>La tremela en forma de huso es un\u00a0<strong>setas<\/strong>\u00a0utilizado en el\u00a0<strong>Cocina asi\u00e1tica<\/strong>, Pero eso no es todo. De hecho, sus beneficios para la piel lo convierten en una estrella entre las mujeres que quieren cuidarse. De hecho, es un ingrediente 2 en 1, que deleita tu paladar y te cuida al mismo tiempo.<\/p>\n<h2><strong>La tremelle en forma de huso: un ingrediente de la cocina asi\u00e1tica<\/strong><\/h2>\n<p>Este hongo crece en grupos en los troncos de \u00e1rboles vivos o muertos en Asia. Es blanquecina y transl\u00facida. Tambi\u00e9n se conoce como seta blanca. Comestible, es especialmente apreciada en\u00a0<strong>sopas<\/strong>, el\u00a0<strong>ensaladas\u00a0<\/strong>y\u00a0<strong>postres\u00a0<\/strong>chino y japon\u00e9s. Pero tambi\u00e9n se utiliza en la farmacopea china por sus numerosos beneficios para el organismo. As\u00ed que, para darse un capricho, es costumbre comerlo cocin\u00e1ndolo en una deliciosa receta. Es el alimento que te hace estar bien y sentirte bien.<\/p>\n<h2><strong>Frena el envejecimiento cut\u00e1neo<\/strong><\/h2>\n<p>Sus principios activos, en particular los antioxidantes, act\u00faan sobre las c\u00e9lulas retrasando su deterioro, como la\u00a0<a href=\"https:\/\/www.safinel.fr\/es\/product-2\/karite-chantilly\/\"><strong>crema batida de karit\u00e9<\/strong><\/a>. Esto tiene un efecto positivo sobre la epidermis, pero tambi\u00e9n sobre las neuronas del cerebro. Otro beneficio es su capacidad para calmar la tos, como las pastillas para la tos.\u00a0<a href=\"https:\/\/www.safinel.fr\/es\/product-2\/miel-de-dragon\/\"><strong>Miel de daghmous de Marruecos<\/strong><\/a>.  Para obtener los mejores resultados, consuma unos 10 gramos al d\u00eda.<\/p>\n<h3><strong>Nuestra dulce receta para los temblores en forma de huso\u00a0<\/strong><\/h3>\n<p>Necesitar\u00e1s :<\/p>\n<ul>\n<li>40 gramos de champi\u00f1ones<\/li>\n<li>10\u00a0<strong>azufaifas secas<\/strong><\/li>\n<li>10 gramos de bayas de goji<\/li>\n<\/ul>\n<p>Remojar las tremellas en agua durante 4 horas. Cuando est\u00e9n hinchadas y transl\u00facidas, s\u00e1quelas del recipiente. Picarlas groseramente, teniendo cuidado de eliminar la parte amarilla de la ra\u00edz. Enjuagarlas antes de mezclarlas. Verter en un cazo y calentar con 1 litro de agua hasta que hierva. A continuaci\u00f3n, dejar a fuego lento durante 30 minutos antes de a\u00f1adir el\u00a0<strong>azufaifos\u00a0<\/strong>y bayas de goji. Remover y endulzar al gusto. S\u00f3lo te queda disfrutar.<\/p>","protected":false},"excerpt":{"rendered":"<p>La tremella fusiforme es un hongo utilizado en la cocina asi\u00e1tica, pero no solo ah\u00ed. De hecho, sus beneficios para la piel la convierten en una estrella entre las mujeres que quieren cuidarse. En realidad, es un ingrediente 2 en 1. Deleitar\u00e1 tu paladar y cuidar\u00e1 de ti al mismo tiempo. La tremella fusiforme: un [\u2026]","protected":false},"featured_media":3772,"template":"","meta":[],"product_brand":[],"product_cat":[108],"product_tag":[],"class_list":{"0":"post-3771","1":"product","2":"type-product","3":"status-publish","4":"has-post-thumbnail","6":"product_cat-plantes-asiatiques","8":"first","9":"outofstock","10":"shipping-taxable","11":"purchasable","12":"product-type-simple"},"yoast_head":"<!-- This site is optimized with the Yoast SEO plugin v26.6 - https:\/\/yoast.com\/wordpress\/plugins\/seo\/ -->\n<title>Tr\u00e9melle en fuseau I Champignon aux bienfaits nombreux<\/title>\n<meta name=\"description\" content=\"La tr\u00e9melle en fuseau est un\u00a0champignon\u00a0utilis\u00e9 dans la\u00a0cuisine asiatique, mais pas que. D\u00e9couvrez ses nombreux bienfaits rapidement !\" \/>\n<meta name=\"robots\" content=\"index, follow, max-snippet:-1, max-image-preview:large, max-video-preview:-1\" \/>\n<link rel=\"canonical\" href=\"https:\/\/www.safinel.fr\/es\/product-2\/tolva-en-forma-de-husillo\/\" \/>\n<meta property=\"og:locale\" content=\"es_ES\" \/>\n<meta property=\"og:type\" content=\"article\" \/>\n<meta property=\"og:title\" content=\"Tr\u00e9melle en fuseau I Champignon aux bienfaits nombreux\" \/>\n<meta property=\"og:description\" content=\"La tr\u00e9melle en fuseau est un\u00a0champignon\u00a0utilis\u00e9 dans la\u00a0cuisine asiatique, mais pas que. D\u00e9couvrez ses nombreux bienfaits rapidement !\" \/>\n<meta property=\"og:url\" content=\"https:\/\/www.safinel.fr\/es\/product-2\/tolva-en-forma-de-husillo\/\" \/>\n<meta property=\"og:site_name\" content=\"Safinel\" \/>\n<meta property=\"article:modified_time\" content=\"2024-11-25T20:45:39+00:00\" \/>\n<meta property=\"og:image\" content=\"https:\/\/www.safinel.fr\/wp-content\/uploads\/2022\/12\/Yin-mu-er-Tremelle-en-fuseau-site.jpg\" \/>\n\t<meta property=\"og:image:width\" content=\"600\" \/>\n\t<meta property=\"og:image:height\" content=\"594\" \/>\n\t<meta property=\"og:image:type\" content=\"image\/jpeg\" \/>\n<meta name=\"twitter:card\" content=\"summary_large_image\" \/>\n<meta name=\"twitter:label1\" content=\"Tiempo de lectura\" \/>\n\t<meta name=\"twitter:data1\" content=\"2 minutos\" \/>\n<script type=\"application\/ld+json\" class=\"yoast-schema-graph\">{\"@context\":\"https:\/\/schema.org\",\"@graph\":[{\"@type\":\"WebPage\",\"@id\":\"https:\/\/www.safinel.fr\/produit\/tremelle-en-fuseau\/\",\"url\":\"https:\/\/www.safinel.fr\/produit\/tremelle-en-fuseau\/\",\"name\":\"Tr\u00e9melle en fuseau I Champignon aux bienfaits nombreux\",\"isPartOf\":{\"@id\":\"https:\/\/www.safinel.fr\/#website\"},\"primaryImageOfPage\":{\"@id\":\"https:\/\/www.safinel.fr\/produit\/tremelle-en-fuseau\/#primaryimage\"},\"image\":{\"@id\":\"https:\/\/www.safinel.fr\/produit\/tremelle-en-fuseau\/#primaryimage\"},\"thumbnailUrl\":\"https:\/\/www.safinel.fr\/wp-content\/uploads\/2022\/12\/Yin-mu-er-Tremelle-en-fuseau-site.jpg\",\"datePublished\":\"2022-12-07T17:33:58+00:00\",\"dateModified\":\"2024-11-25T20:45:39+00:00\",\"description\":\"La tr\u00e9melle en fuseau est un\u00a0champignon\u00a0utilis\u00e9 dans la\u00a0cuisine asiatique, mais pas que. D\u00e9couvrez ses nombreux bienfaits rapidement !\",\"breadcrumb\":{\"@id\":\"https:\/\/www.safinel.fr\/produit\/tremelle-en-fuseau\/#breadcrumb\"},\"inLanguage\":\"es\",\"potentialAction\":[{\"@type\":\"ReadAction\",\"target\":[\"https:\/\/www.safinel.fr\/produit\/tremelle-en-fuseau\/\"]}]},{\"@type\":\"ImageObject\",\"inLanguage\":\"es\",\"@id\":\"https:\/\/www.safinel.fr\/produit\/tremelle-en-fuseau\/#primaryimage\",\"url\":\"https:\/\/www.safinel.fr\/wp-content\/uploads\/2022\/12\/Yin-mu-er-Tremelle-en-fuseau-site.jpg\",\"contentUrl\":\"https:\/\/www.safinel.fr\/wp-content\/uploads\/2022\/12\/Yin-mu-er-Tremelle-en-fuseau-site.jpg\",\"width\":600,\"height\":594,\"caption\":\"Tr\u00e9melle en fuseau (\u94f6\u6728\u8033) 100g\"},{\"@type\":\"BreadcrumbList\",\"@id\":\"https:\/\/www.safinel.fr\/produit\/tremelle-en-fuseau\/#breadcrumb\",\"itemListElement\":[{\"@type\":\"ListItem\",\"position\":1,\"name\":\"Accueil\",\"item\":\"https:\/\/www.safinel.fr\/\"},{\"@type\":\"ListItem\",\"position\":2,\"name\":\"Boutique\",\"item\":\"https:\/\/www.safinel.fr\/boutique\/\"},{\"@type\":\"ListItem\",\"position\":3,\"name\":\"Tr\u00e9melle en fuseau (\u94f6\u6728\u8033) 100g\"}]},{\"@type\":\"WebSite\",\"@id\":\"https:\/\/www.safinel.fr\/#website\",\"url\":\"https:\/\/www.safinel.fr\/\",\"name\":\"Safinel\",\"description\":\"\",\"publisher\":{\"@id\":\"https:\/\/www.safinel.fr\/#organization\"},\"potentialAction\":[{\"@type\":\"SearchAction\",\"target\":{\"@type\":\"EntryPoint\",\"urlTemplate\":\"https:\/\/www.safinel.fr\/?s={search_term_string}\"},\"query-input\":{\"@type\":\"PropertyValueSpecification\",\"valueRequired\":true,\"valueName\":\"search_term_string\"}}],\"inLanguage\":\"es\"},{\"@type\":\"Organization\",\"@id\":\"https:\/\/www.safinel.fr\/#organization\",\"name\":\"Safinel\",\"url\":\"https:\/\/www.safinel.fr\/\",\"logo\":{\"@type\":\"ImageObject\",\"inLanguage\":\"es\",\"@id\":\"https:\/\/www.safinel.fr\/#\/schema\/logo\/image\/\",\"url\":\"https:\/\/www.safinel.fr\/wp-content\/uploads\/2021\/05\/boutique-cosmetique.png\",\"contentUrl\":\"https:\/\/www.safinel.fr\/wp-content\/uploads\/2021\/05\/boutique-cosmetique.png\",\"width\":800,\"height\":200,\"caption\":\"Safinel\"},\"image\":{\"@id\":\"https:\/\/www.safinel.fr\/#\/schema\/logo\/image\/\"}}]}<\/script>\n<!-- \/ Yoast SEO plugin. -->","yoast_head_json":{"title":"Tr\u00e9melle en fuseau I Champi\u00f1\u00f3n con muchos beneficios","description":"El tr\u00e9bol fusiforme es una seta utilizada en la cocina asi\u00e1tica, pero no es la \u00fanica. \u00a1Descubra r\u00e1pidamente sus m\u00faltiples beneficios!","robots":{"index":"index","follow":"follow","max-snippet":"max-snippet:-1","max-image-preview":"max-image-preview:large","max-video-preview":"max-video-preview:-1"},"canonical":"https:\/\/www.safinel.fr\/es\/product-2\/tolva-en-forma-de-husillo\/","og_locale":"es_ES","og_type":"article","og_title":"Tr\u00e9melle en fuseau I Champignon aux bienfaits nombreux","og_description":"La tr\u00e9melle en fuseau est un\u00a0champignon\u00a0utilis\u00e9 dans la\u00a0cuisine asiatique, mais pas que. D\u00e9couvrez ses nombreux bienfaits rapidement !","og_url":"https:\/\/www.safinel.fr\/es\/product-2\/tolva-en-forma-de-husillo\/","og_site_name":"Safinel","article_modified_time":"2024-11-25T20:45:39+00:00","og_image":[{"width":600,"height":594,"url":"https:\/\/www.safinel.fr\/wp-content\/uploads\/2022\/12\/Yin-mu-er-Tremelle-en-fuseau-site.jpg","type":"image\/jpeg"}],"twitter_card":"summary_large_image","twitter_misc":{"Tiempo de lectura":"2 minutos"},"schema":{"@context":"https:\/\/schema.org","@graph":[{"@type":"WebPage","@id":"https:\/\/www.safinel.fr\/produit\/tremelle-en-fuseau\/","url":"https:\/\/www.safinel.fr\/produit\/tremelle-en-fuseau\/","name":"Tr\u00e9melle en fuseau I Champi\u00f1\u00f3n con muchos beneficios","isPartOf":{"@id":"https:\/\/www.safinel.fr\/#website"},"primaryImageOfPage":{"@id":"https:\/\/www.safinel.fr\/produit\/tremelle-en-fuseau\/#primaryimage"},"image":{"@id":"https:\/\/www.safinel.fr\/produit\/tremelle-en-fuseau\/#primaryimage"},"thumbnailUrl":"https:\/\/www.safinel.fr\/wp-content\/uploads\/2022\/12\/Yin-mu-er-Tremelle-en-fuseau-site.jpg","datePublished":"2022-12-07T17:33:58+00:00","dateModified":"2024-11-25T20:45:39+00:00","description":"El tr\u00e9bol fusiforme es una seta utilizada en la cocina asi\u00e1tica, pero no es la \u00fanica. \u00a1Descubra r\u00e1pidamente sus m\u00faltiples beneficios!","breadcrumb":{"@id":"https:\/\/www.safinel.fr\/produit\/tremelle-en-fuseau\/#breadcrumb"},"inLanguage":"es","potentialAction":[{"@type":"ReadAction","target":["https:\/\/www.safinel.fr\/produit\/tremelle-en-fuseau\/"]}]},{"@type":"ImageObject","inLanguage":"es","@id":"https:\/\/www.safinel.fr\/produit\/tremelle-en-fuseau\/#primaryimage","url":"https:\/\/www.safinel.fr\/wp-content\/uploads\/2022\/12\/Yin-mu-er-Tremelle-en-fuseau-site.jpg","contentUrl":"https:\/\/www.safinel.fr\/wp-content\/uploads\/2022\/12\/Yin-mu-er-Tremelle-en-fuseau-site.jpg","width":600,"height":594,"caption":"Tr\u00e9melle en fuseau (\u94f6\u6728\u8033) 100g"},{"@type":"BreadcrumbList","@id":"https:\/\/www.safinel.fr\/produit\/tremelle-en-fuseau\/#breadcrumb","itemListElement":[{"@type":"ListItem","position":1,"name":"Accueil","item":"https:\/\/www.safinel.fr\/"},{"@type":"ListItem","position":2,"name":"Boutique","item":"https:\/\/www.safinel.fr\/boutique\/"},{"@type":"ListItem","position":3,"name":"Tr\u00e9melle en fuseau (\u94f6\u6728\u8033) 100g"}]},{"@type":"WebSite","@id":"https:\/\/www.safinel.fr\/#website","url":"https:\/\/www.safinel.fr\/","name":"Safinel","description":"","publisher":{"@id":"https:\/\/www.safinel.fr\/#organization"},"potentialAction":[{"@type":"SearchAction","target":{"@type":"EntryPoint","urlTemplate":"https:\/\/www.safinel.fr\/?s={search_term_string}"},"query-input":{"@type":"PropertyValueSpecification","valueRequired":true,"valueName":"search_term_string"}}],"inLanguage":"es"},{"@type":"Organization","@id":"https:\/\/www.safinel.fr\/#organization","name":"Safinel","url":"https:\/\/www.safinel.fr\/","logo":{"@type":"ImageObject","inLanguage":"es","@id":"https:\/\/www.safinel.fr\/#\/schema\/logo\/image\/","url":"https:\/\/www.safinel.fr\/wp-content\/uploads\/2021\/05\/boutique-cosmetique.png","contentUrl":"https:\/\/www.safinel.fr\/wp-content\/uploads\/2021\/05\/boutique-cosmetique.png","width":800,"height":200,"caption":"Safinel"},"image":{"@id":"https:\/\/www.safinel.fr\/#\/schema\/logo\/image\/"}}]}},"_links":{"self":[{"href":"https:\/\/www.safinel.fr\/es\/wp-json\/wp\/v2\/product\/3771","targetHints":{"allow":["GET"]}}],"collection":[{"href":"https:\/\/www.safinel.fr\/es\/wp-json\/wp\/v2\/product"}],"about":[{"href":"https:\/\/www.safinel.fr\/es\/wp-json\/wp\/v2\/types\/product"}],"wp:featuredmedia":[{"embeddable":true,"href":"https:\/\/www.safinel.fr\/es\/wp-json\/wp\/v2\/media\/3772"}],"wp:attachment":[{"href":"https:\/\/www.safinel.fr\/es\/wp-json\/wp\/v2\/media?parent=3771"}],"wp:term":[{"taxonomy":"product_brand","embeddable":true,"href":"https:\/\/www.safinel.fr\/es\/wp-json\/wp\/v2\/product_brand?post=3771"},{"taxonomy":"product_cat","embeddable":true,"href":"https:\/\/www.safinel.fr\/es\/wp-json\/wp\/v2\/product_cat?post=3771"},{"taxonomy":"product_tag","embeddable":true,"href":"https:\/\/www.safinel.fr\/es\/wp-json\/wp\/v2\/product_tag?post=3771"}],"curies":[{"name":"wp","href":"https:\/\/api.w.org\/{rel}","templated":true}]}}