{"id":3632,"date":"2022-11-25T21:15:41","date_gmt":"2022-11-25T21:15:41","guid":{"rendered":"https:\/\/www.safinel.fr\/?post_type=product&#038;p=3632"},"modified":"2025-10-16T08:48:31","modified_gmt":"2025-10-16T08:48:31","slug":"semillas-de-berro","status":"publish","type":"product","link":"https:\/\/www.safinel.fr\/es\/product-2\/semillas-de-berro\/","title":{"rendered":"Semillas de berro (Hab el rechad) 100g"},"content":{"rendered":"<p>Aqu\u00ed presentamos la\u00a0<strong>las famosas semillas de berro<\/strong>. Uso en cosm\u00e9tica, diet\u00e9tica y cocina\u00a0<strong>estas peque\u00f1as semillas ofrecen un aut\u00e9ntico concentrado de beneficios<\/strong>. Las hemos reunido aqu\u00ed para que pueda sacarles el m\u00e1ximo partido. Y te contamos todo lo que necesitas saber sobre estas merecidas semillitas.<\/p>\n<h2><strong>\u00bfQu\u00e9 son las semillas de berro?\u00a0<\/strong><\/h2>\n<p>Estas peque\u00f1as semillas de Oriente Pr\u00f3ximo se llaman \u00abHab archad\u00bb en \u00e1rabe. Para ser m\u00e1s precisos\u00a0<strong>de Marruecos,<\/strong>\u00a0Se recolectan de los berros. Se trata de un\u00a0<strong>planta herb\u00e1cea de sabor picante<\/strong>. Suele alcanzar una altura de 40 cm. Estas semillas de berro representan\u00a0<strong>un remedio natural derivado de la medicina alternativa.<\/strong>\u00a0Muy reputadas por sus virtudes terap\u00e9uticas en los pa\u00edses \u00e1rabes musulmanes. Pero, \u00bfsabe realmente a qu\u00e9 atenerse?<\/p>\n<h2><strong>\u00bfQu\u00e9 sabor tienen las semillas de berro?\u00a0<\/strong><\/h2>\n<p>Antes de enumerar sus m\u00faltiples beneficios, ten\u00edamos que sorprenderte con el sabor que te espera. Pues bien\u00a0<strong>el sabor de las semillas de berro suele asociarse estrechamente con la mostaza y el berro<\/strong>. Entre otras cosas, por su\u00a0<strong>sabor picante.<\/strong><\/p>\n<p>Es muy popular por\u00a0<strong>aderezar un plato con almid\u00f3n o a\u00f1adir un delicioso toque a un bocadillo<\/strong>. No obstante, pueden ser\u00a0<strong>tambi\u00e9n puede a\u00f1adirse a una sopa o a una ensalada<\/strong>\u00a0del mismo modo que las m\u00e1s conocidas semillas de s\u00e9samo. Pero, \u00bfqu\u00e9 virtudes tienen?<\/p>\n<h2><strong>Peque\u00f1as semillas para reforzar la inmunidad<\/strong><\/h2>\n<p>\u00c9sta es una de las principales razones por las que nos gusta comerlas. As\u00ed es,\u00a0<strong>Las semillas de berro act\u00faan sobre el sistema inmunitario y le dan un peque\u00f1o impulso.<\/strong>\u00a0Para explicarlo, las semillas de berro tienen\u00a0<strong>Un alto contenido en vitamina C. Mucho mayor que el de las naranjas reci\u00e9n recolectadas.<\/strong>\u00a0Y as\u00ed es como van a\u00a0<strong>purificar la sangre<\/strong>. Pero tambi\u00e9n\u00a0<strong>eliminar todas las toxinas de tu cuerpo.<\/strong>\u00a0Y\u00a0<strong>regenerar completamente tu metabolismo<\/strong>. \u00a1Una pepita de salud como nunca sospechar\u00edas! \u00a1Y eso no es todo!<\/p>\n<h2><strong>\u00a1Semillas de berro o tu aliado de salud para todo lo que quieras!\u00a0<\/strong><\/h2>\n<p>As\u00ed que \u00a1prep\u00e1rese! Hay muchos \u00e1mbitos en los que las semillas de berro causan sensaci\u00f3n. Son especialmente \u00fatiles para\u00a0<strong>contra la anemia y la hipertensi\u00f3n.<\/strong>\u00a0Las semillas de berro son tambi\u00e9n una ayuda en la\u00a0<strong>tratamiento de trastornos g\u00e1stricos o intestinales. Y m\u00e1s concretamente en el caso del estre\u00f1imiento.\u00a0<\/strong><\/p>\n<p>Las famosas semillas tambi\u00e9n son un remedio en <strong>trastornos <a href=\"https:\/\/www.safinel.fr\/es\/product-2\/libidomiel\/\">libido<\/a> igual que la p\u00e9rdida de memoria.<\/strong>\u00a0De hecho, los \u00e1cidos grasos araqu\u00eddico y linoleico que contienen son excelentes para la memoria. Por \u00faltimo, pero no por ello menos importante,\u00a0<strong>Su alto contenido en minerales, sobre todo hierro, ayuda a prevenir la ca\u00edda del cabello. Y las vitaminas E y A que contienen aportar\u00e1n grosor a tu cabello.<\/strong>. Detendremos aqu\u00ed esta larga y magn\u00edfica lista. Pero antes de que se vaya, \u00a1le diremos c\u00f3mo comerlos!<\/p>\n<h3><strong>\u00bfC\u00f3mo se comen?<\/strong><\/h3>\n<p>Lo ideal es consumir\u00a0<strong>una cucharada diaria de este concentrado de beneficios<\/strong>. Pero si quieres acceder a una virtud concreta, como combatir los problemas digestivos<strong>, es una buena idea combinarlo con un <a href=\"https:\/\/www.safinel.fr\/es\/product-category-2\/apicultura\/\">miel<\/a><\/strong>\u00a0con propiedades muy similares. Como nuestra deliciosa miel de romero. S\u00f3lo una cucharada de esta preciosa mezcla y \u00a1te sentir\u00e1s mejor!<\/p>","protected":false},"excerpt":{"rendered":"<p>On vous pr\u00e9sente ici les\u00a0si renomm\u00e9es graines de cresson. Utiliser en cosm\u00e9tiques, en di\u00e9t\u00e9tique et en cuisine\u00a0ces petites graines offrent un v\u00e9ritable concentr\u00e9 de bienfaits. Nous les mettons \u00e0 votre disposition ici pour pourvoir en tirer tous les profits. Et on vous dit tout ce que vous devez savoir si ces petites graines si m\u00e9ritoires. [&#8230;]","protected":false},"featured_media":3633,"template":"","meta":[],"product_brand":[],"product_cat":[169,27],"product_tag":[],"class_list":{"0":"post-3632","1":"product","2":"type-product","3":"status-publish","4":"has-post-thumbnail","6":"product_cat-epices-du-monde","7":"product_cat-plantes-medicinales","9":"first","10":"outofstock","11":"shipping-taxable","12":"purchasable","13":"product-type-simple"},"yoast_head":"<!-- This site is optimized with the Yoast SEO plugin v26.6 - https:\/\/yoast.com\/wordpress\/plugins\/seo\/ -->\n<title>Graines de cresson I Hab el rechad I Bienfaits nombreux<\/title>\n<meta name=\"description\" content=\"On vous pr\u00e9sente ici les\u00a0si renomm\u00e9es graines de cresson. Ces petites graines offrent un v\u00e9ritable concentr\u00e9 de bienfaits.\" \/>\n<meta name=\"robots\" content=\"index, follow, max-snippet:-1, max-image-preview:large, max-video-preview:-1\" \/>\n<link rel=\"canonical\" href=\"https:\/\/www.safinel.fr\/es\/product-2\/semillas-de-berro\/\" \/>\n<meta property=\"og:locale\" content=\"es_ES\" \/>\n<meta property=\"og:type\" content=\"article\" \/>\n<meta property=\"og:title\" content=\"Graines de cresson I Hab el rechad I Bienfaits nombreux\" \/>\n<meta property=\"og:description\" content=\"On vous pr\u00e9sente ici les\u00a0si renomm\u00e9es graines de cresson. Ces petites graines offrent un v\u00e9ritable concentr\u00e9 de bienfaits.\" \/>\n<meta property=\"og:url\" content=\"https:\/\/www.safinel.fr\/es\/product-2\/semillas-de-berro\/\" \/>\n<meta property=\"og:site_name\" content=\"Safinel\" \/>\n<meta property=\"article:modified_time\" content=\"2025-10-16T08:48:31+00:00\" \/>\n<meta property=\"og:image\" content=\"https:\/\/www.safinel.fr\/wp-content\/uploads\/2022\/11\/graines-de-cresson.jpg\" \/>\n\t<meta property=\"og:image:width\" content=\"600\" \/>\n\t<meta property=\"og:image:height\" content=\"600\" \/>\n\t<meta property=\"og:image:type\" content=\"image\/jpeg\" \/>\n<meta name=\"twitter:card\" content=\"summary_large_image\" \/>\n<meta name=\"twitter:label1\" content=\"Tiempo de lectura\" \/>\n\t<meta name=\"twitter:data1\" content=\"3 minutos\" \/>\n<script type=\"application\/ld+json\" class=\"yoast-schema-graph\">{\"@context\":\"https:\/\/schema.org\",\"@graph\":[{\"@type\":\"WebPage\",\"@id\":\"https:\/\/www.safinel.fr\/produit\/graines-de-cresson\/\",\"url\":\"https:\/\/www.safinel.fr\/produit\/graines-de-cresson\/\",\"name\":\"Graines de cresson I Hab el rechad I Bienfaits nombreux\",\"isPartOf\":{\"@id\":\"https:\/\/www.safinel.fr\/#website\"},\"primaryImageOfPage\":{\"@id\":\"https:\/\/www.safinel.fr\/produit\/graines-de-cresson\/#primaryimage\"},\"image\":{\"@id\":\"https:\/\/www.safinel.fr\/produit\/graines-de-cresson\/#primaryimage\"},\"thumbnailUrl\":\"https:\/\/www.safinel.fr\/wp-content\/uploads\/2022\/11\/graines-de-cresson.jpg\",\"datePublished\":\"2022-11-25T21:15:41+00:00\",\"dateModified\":\"2025-10-16T08:48:31+00:00\",\"description\":\"On vous pr\u00e9sente ici les\u00a0si renomm\u00e9es graines de cresson. Ces petites graines offrent un v\u00e9ritable concentr\u00e9 de bienfaits.\",\"breadcrumb\":{\"@id\":\"https:\/\/www.safinel.fr\/produit\/graines-de-cresson\/#breadcrumb\"},\"inLanguage\":\"es\",\"potentialAction\":[{\"@type\":\"ReadAction\",\"target\":[\"https:\/\/www.safinel.fr\/produit\/graines-de-cresson\/\"]}]},{\"@type\":\"ImageObject\",\"inLanguage\":\"es\",\"@id\":\"https:\/\/www.safinel.fr\/produit\/graines-de-cresson\/#primaryimage\",\"url\":\"https:\/\/www.safinel.fr\/wp-content\/uploads\/2022\/11\/graines-de-cresson.jpg\",\"contentUrl\":\"https:\/\/www.safinel.fr\/wp-content\/uploads\/2022\/11\/graines-de-cresson.jpg\",\"width\":600,\"height\":600,\"caption\":\"Graines de Cresson (Hab el rechad) 100g\"},{\"@type\":\"BreadcrumbList\",\"@id\":\"https:\/\/www.safinel.fr\/produit\/graines-de-cresson\/#breadcrumb\",\"itemListElement\":[{\"@type\":\"ListItem\",\"position\":1,\"name\":\"Accueil\",\"item\":\"https:\/\/www.safinel.fr\/\"},{\"@type\":\"ListItem\",\"position\":2,\"name\":\"Boutique\",\"item\":\"https:\/\/www.safinel.fr\/boutique\/\"},{\"@type\":\"ListItem\",\"position\":3,\"name\":\"Graines de Cresson (Hab el rechad) 100g\"}]},{\"@type\":\"WebSite\",\"@id\":\"https:\/\/www.safinel.fr\/#website\",\"url\":\"https:\/\/www.safinel.fr\/\",\"name\":\"Safinel\",\"description\":\"\",\"publisher\":{\"@id\":\"https:\/\/www.safinel.fr\/#organization\"},\"potentialAction\":[{\"@type\":\"SearchAction\",\"target\":{\"@type\":\"EntryPoint\",\"urlTemplate\":\"https:\/\/www.safinel.fr\/?s={search_term_string}\"},\"query-input\":{\"@type\":\"PropertyValueSpecification\",\"valueRequired\":true,\"valueName\":\"search_term_string\"}}],\"inLanguage\":\"es\"},{\"@type\":\"Organization\",\"@id\":\"https:\/\/www.safinel.fr\/#organization\",\"name\":\"Safinel\",\"url\":\"https:\/\/www.safinel.fr\/\",\"logo\":{\"@type\":\"ImageObject\",\"inLanguage\":\"es\",\"@id\":\"https:\/\/www.safinel.fr\/#\/schema\/logo\/image\/\",\"url\":\"https:\/\/www.safinel.fr\/wp-content\/uploads\/2021\/05\/boutique-cosmetique.png\",\"contentUrl\":\"https:\/\/www.safinel.fr\/wp-content\/uploads\/2021\/05\/boutique-cosmetique.png\",\"width\":800,\"height\":200,\"caption\":\"Safinel\"},\"image\":{\"@id\":\"https:\/\/www.safinel.fr\/#\/schema\/logo\/image\/\"}}]}<\/script>\n<!-- \/ Yoast SEO plugin. -->","yoast_head_json":{"title":"Semillas de berro I Hab el rechad I Muchos beneficios","description":"Aqu\u00ed le presentamos las famosas semillas de berro. Estas peque\u00f1as semillas ofrecen un aut\u00e9ntico concentrado de beneficios.","robots":{"index":"index","follow":"follow","max-snippet":"max-snippet:-1","max-image-preview":"max-image-preview:large","max-video-preview":"max-video-preview:-1"},"canonical":"https:\/\/www.safinel.fr\/es\/product-2\/semillas-de-berro\/","og_locale":"es_ES","og_type":"article","og_title":"Graines de cresson I Hab el rechad I Bienfaits nombreux","og_description":"On vous pr\u00e9sente ici les\u00a0si renomm\u00e9es graines de cresson. Ces petites graines offrent un v\u00e9ritable concentr\u00e9 de bienfaits.","og_url":"https:\/\/www.safinel.fr\/es\/product-2\/semillas-de-berro\/","og_site_name":"Safinel","article_modified_time":"2025-10-16T08:48:31+00:00","og_image":[{"width":600,"height":600,"url":"https:\/\/www.safinel.fr\/wp-content\/uploads\/2022\/11\/graines-de-cresson.jpg","type":"image\/jpeg"}],"twitter_card":"summary_large_image","twitter_misc":{"Tiempo de lectura":"3 minutos"},"schema":{"@context":"https:\/\/schema.org","@graph":[{"@type":"WebPage","@id":"https:\/\/www.safinel.fr\/produit\/graines-de-cresson\/","url":"https:\/\/www.safinel.fr\/produit\/graines-de-cresson\/","name":"Semillas de berro I Hab el rechad I Muchos beneficios","isPartOf":{"@id":"https:\/\/www.safinel.fr\/#website"},"primaryImageOfPage":{"@id":"https:\/\/www.safinel.fr\/produit\/graines-de-cresson\/#primaryimage"},"image":{"@id":"https:\/\/www.safinel.fr\/produit\/graines-de-cresson\/#primaryimage"},"thumbnailUrl":"https:\/\/www.safinel.fr\/wp-content\/uploads\/2022\/11\/graines-de-cresson.jpg","datePublished":"2022-11-25T21:15:41+00:00","dateModified":"2025-10-16T08:48:31+00:00","description":"Aqu\u00ed le presentamos las famosas semillas de berro. Estas peque\u00f1as semillas ofrecen un aut\u00e9ntico concentrado de beneficios.","breadcrumb":{"@id":"https:\/\/www.safinel.fr\/produit\/graines-de-cresson\/#breadcrumb"},"inLanguage":"es","potentialAction":[{"@type":"ReadAction","target":["https:\/\/www.safinel.fr\/produit\/graines-de-cresson\/"]}]},{"@type":"ImageObject","inLanguage":"es","@id":"https:\/\/www.safinel.fr\/produit\/graines-de-cresson\/#primaryimage","url":"https:\/\/www.safinel.fr\/wp-content\/uploads\/2022\/11\/graines-de-cresson.jpg","contentUrl":"https:\/\/www.safinel.fr\/wp-content\/uploads\/2022\/11\/graines-de-cresson.jpg","width":600,"height":600,"caption":"Graines de Cresson (Hab el rechad) 100g"},{"@type":"BreadcrumbList","@id":"https:\/\/www.safinel.fr\/produit\/graines-de-cresson\/#breadcrumb","itemListElement":[{"@type":"ListItem","position":1,"name":"Accueil","item":"https:\/\/www.safinel.fr\/"},{"@type":"ListItem","position":2,"name":"Boutique","item":"https:\/\/www.safinel.fr\/boutique\/"},{"@type":"ListItem","position":3,"name":"Graines de Cresson (Hab el rechad) 100g"}]},{"@type":"WebSite","@id":"https:\/\/www.safinel.fr\/#website","url":"https:\/\/www.safinel.fr\/","name":"Safinel","description":"","publisher":{"@id":"https:\/\/www.safinel.fr\/#organization"},"potentialAction":[{"@type":"SearchAction","target":{"@type":"EntryPoint","urlTemplate":"https:\/\/www.safinel.fr\/?s={search_term_string}"},"query-input":{"@type":"PropertyValueSpecification","valueRequired":true,"valueName":"search_term_string"}}],"inLanguage":"es"},{"@type":"Organization","@id":"https:\/\/www.safinel.fr\/#organization","name":"Safinel","url":"https:\/\/www.safinel.fr\/","logo":{"@type":"ImageObject","inLanguage":"es","@id":"https:\/\/www.safinel.fr\/#\/schema\/logo\/image\/","url":"https:\/\/www.safinel.fr\/wp-content\/uploads\/2021\/05\/boutique-cosmetique.png","contentUrl":"https:\/\/www.safinel.fr\/wp-content\/uploads\/2021\/05\/boutique-cosmetique.png","width":800,"height":200,"caption":"Safinel"},"image":{"@id":"https:\/\/www.safinel.fr\/#\/schema\/logo\/image\/"}}]}},"_links":{"self":[{"href":"https:\/\/www.safinel.fr\/es\/wp-json\/wp\/v2\/product\/3632","targetHints":{"allow":["GET"]}}],"collection":[{"href":"https:\/\/www.safinel.fr\/es\/wp-json\/wp\/v2\/product"}],"about":[{"href":"https:\/\/www.safinel.fr\/es\/wp-json\/wp\/v2\/types\/product"}],"wp:featuredmedia":[{"embeddable":true,"href":"https:\/\/www.safinel.fr\/es\/wp-json\/wp\/v2\/media\/3633"}],"wp:attachment":[{"href":"https:\/\/www.safinel.fr\/es\/wp-json\/wp\/v2\/media?parent=3632"}],"wp:term":[{"taxonomy":"product_brand","embeddable":true,"href":"https:\/\/www.safinel.fr\/es\/wp-json\/wp\/v2\/product_brand?post=3632"},{"taxonomy":"product_cat","embeddable":true,"href":"https:\/\/www.safinel.fr\/es\/wp-json\/wp\/v2\/product_cat?post=3632"},{"taxonomy":"product_tag","embeddable":true,"href":"https:\/\/www.safinel.fr\/es\/wp-json\/wp\/v2\/product_tag?post=3632"}],"curies":[{"name":"wp","href":"https:\/\/api.w.org\/{rel}","templated":true}]}}