{"id":3627,"date":"2022-11-25T20:56:10","date_gmt":"2022-11-25T20:56:10","guid":{"rendered":"https:\/\/www.safinel.fr\/?post_type=product&#038;p=3627"},"modified":"2023-12-28T17:15:41","modified_gmt":"2023-12-28T17:15:41","slug":"tongkat-ali","status":"publish","type":"product","link":"https:\/\/www.safinel.fr\/es\/product-2\/tongkat-ali\/","title":{"rendered":"Tongkat ali"},"content":{"rendered":"<p>Asia es un continente de paisajes diversos y variados. Las altas monta\u00f1as, preservadas de la contaminaci\u00f3n y otras plagas, dan paso a plantas como el\u00a0<strong>Tongkat ali\u00a0<\/strong>!<\/p>\n<p>Procedente de uno de los continentes m\u00e1s ricos en tesoros naturales, \u00e9ste no es una excepci\u00f3n, sino todo lo contrario.<\/p>\n<h2><strong>Descubrir el Tongkat ali\u00a0<\/strong><\/h2>\n<p>Hagamos una visita guiada por Asia... y m\u00e1s concretamente por Malasia e Indonesia, donde se encuentra una planta llamada Tongkat ali. Por su nombre bot\u00e1nico\u00a0<strong>Simaroubaceae<\/strong>, Se reconoce no s\u00f3lo por sus hojas, sino tambi\u00e9n por su esbelto arbusto que puede alcanzar los 10 metros de altura.  La planta se encuentra en pa\u00edses como Laos y Tailandia, gracias a su clima favorable.<\/p>\n<p>Sin embargo, dependiendo del lugar del mundo en el que se encuentre, puede asociarse a varios nombres diferentes.<strong>\u00a0Penawar pahit<\/strong>, bedara putih, bidara laut y muchos otros. Dicho esto, la definici\u00f3n m\u00e1s com\u00fan de estos nombres es\u00a0<strong>medicina amarga<\/strong>, por su fuerte sabor.<\/p>\n<h2><strong>Safinel ofrece por fin Tongkat ali para su entrega en Francia<\/strong><\/h2>\n<p>Tu boutique natural est\u00e1 encantada de poder llevarte de viaje con productos de todo el mundo. Hoy hablamos del Tongkat ali france. Poco conocido, podr\u00eda sin embargo ser un elemento esencial de su vida cotidiana. Lo encontrar\u00e1 en la tienda en dos formas diferentes.<\/p>\n<ul>\n<li>En polvo, en envase de 100 g<\/li>\n<li>En c\u00e1psulas<\/li>\n<\/ul>\n<p>Si lo prefiere disuelto, entonces el polvo ser\u00e1 probablemente el m\u00e1s adecuado para usted. Dicho esto, para los que prefieren las c\u00e1psulas, el segundo formato es m\u00e1s adecuado.<\/p>\n<h2><strong>Los sorprendentes beneficios del Tongkat ali\u00a0<\/strong><\/h2>\n<p>Esta planta posee numerosas virtudes. De hecho, un estudio de 2010 demostr\u00f3 que esta famosa\u00a0<strong>el tesoro de la naturaleza\u00a0<\/strong>se ha utilizado para tratar diversas dolencias. Por ejemplo, como antipal\u00fadico, antipir\u00e9tico y antidiab\u00e9tico, pero tambi\u00e9n como afrodis\u00edaco.<\/p>\n<p>Es cierto que esta sorprendente planta tiene numerosas propiedades para aumentar la libido. Si la consumes a menudo, es muy posible que vuelvas a tener antojo de ella.<\/p>\n<p>Si a usted tambi\u00e9n le gustar\u00eda redescubrir su deseo, Tongkat ali bien podr\u00eda ser su aliado. No lo dudes m\u00e1s y \u00fanete a las filas de los que se atreven a confiar en el Tongkat ali.\u00a0<strong>productos naturales<\/strong>.<\/p>\n<h3><strong>Boutique Safinel tiene gusto, y usted tambi\u00e9n...<\/strong><\/h3>\n<p>Sabemos lo importantes que son para usted los productos de calidad, por eso su tienda especializada en\u00a0<strong>productos naturales<\/strong>, Seleccionamos cuidadosamente los productos m\u00e1s adecuados para usted.<\/p>\n<p>Adem\u00e1s, sabemos lo que significa el esteticismo para la sociedad... Por eso, si quieres saber c\u00f3mo conseguir un culo grande...<\/p>\n<p>Descubre la<strong>\u00a0<a href=\"https:\/\/www.safinel.fr\/es\/product-2\/supositorios-yokebe\/\">Yokebe supositorios<\/a><\/strong>\u00a0\u00a1! Reservadas a los adultos, son \u00fatiles para lucir un gran trasero. 100% naturales, \u00a1podr\u00edan convertirse en su producto favorito de la naturaleza! Tambi\u00e9n los encontrar\u00e1 en<strong>\u00a0tabletas<\/strong>.<\/p>\n<p>Ahora que sabes m\u00e1s, \u00a1conoce al yugobe y recupera la confianza en ti mismo!<\/p>","protected":false},"excerpt":{"rendered":"<p><img decoding=\"async\" class=\"size-full wp-image-5091 aligncenter\" src=\"https:\/\/www.safinel.fr\/wp-content\/uploads\/2021\/06\/BANNIERE-ICONE-SAFINEL.webp\" alt=\"reaseguro de sat\u00e9n\" width=\"800\" height=\"200\" srcset=\"https:\/\/www.safinel.fr\/wp-content\/uploads\/2021\/06\/BANNIERE-ICONE-SAFINEL.webp 800w, https:\/\/www.safinel.fr\/wp-content\/uploads\/2021\/06\/BANNIERE-ICONE-SAFINEL-600x150.webp 600w, https:\/\/www.safinel.fr\/wp-content\/uploads\/2021\/06\/BANNIERE-ICONE-SAFINEL-768x192.webp 768w\" sizes=\"(max-width: 800px) 100vw, 800px\" \/><\/p>","protected":false},"featured_media":3630,"template":"","meta":[],"product_brand":[],"product_cat":[27],"product_tag":[],"class_list":{"0":"post-3627","1":"product","2":"type-product","3":"status-publish","4":"has-post-thumbnail","6":"product_cat-plantes-medicinales","8":"first","9":"instock","10":"shipping-taxable","11":"purchasable","12":"product-type-variable"},"yoast_head":"<!-- This site is optimized with the Yoast SEO plugin v26.6 - https:\/\/yoast.com\/wordpress\/plugins\/seo\/ -->\n<title>Tongkat ali Simaroubaceae I Poudres &amp; G\u00e9lules I Achat en France<\/title>\n<meta name=\"description\" content=\"C\u2019est parti pour une visite guid\u00e9e de l\u2019Asie\u2026 Plus particuli\u00e8rement de la Malaisie et de l\u2019Indon\u00e9sie o\u00f9 l\u2019on peut trouver une plante nomm\u00e9e Tongkat ali !\" \/>\n<meta name=\"robots\" content=\"index, follow, max-snippet:-1, max-image-preview:large, max-video-preview:-1\" \/>\n<link rel=\"canonical\" href=\"https:\/\/www.safinel.fr\/es\/product-2\/tongkat-ali\/\" \/>\n<meta property=\"og:locale\" content=\"es_ES\" \/>\n<meta property=\"og:type\" content=\"article\" \/>\n<meta property=\"og:title\" content=\"Tongkat ali Simaroubaceae I Poudres &amp; G\u00e9lules I Achat en France\" \/>\n<meta property=\"og:description\" content=\"C\u2019est parti pour une visite guid\u00e9e de l\u2019Asie\u2026 Plus particuli\u00e8rement de la Malaisie et de l\u2019Indon\u00e9sie o\u00f9 l\u2019on peut trouver une plante nomm\u00e9e Tongkat ali !\" \/>\n<meta property=\"og:url\" content=\"https:\/\/www.safinel.fr\/es\/product-2\/tongkat-ali\/\" \/>\n<meta property=\"og:site_name\" content=\"Safinel\" \/>\n<meta property=\"article:modified_time\" content=\"2023-12-28T17:15:41+00:00\" \/>\n<meta property=\"og:image\" content=\"https:\/\/www.safinel.fr\/wp-content\/uploads\/2022\/11\/tongkat-ali-en-poudres.jpg\" \/>\n\t<meta property=\"og:image:width\" content=\"600\" \/>\n\t<meta property=\"og:image:height\" content=\"600\" \/>\n\t<meta property=\"og:image:type\" content=\"image\/jpeg\" \/>\n<meta name=\"twitter:card\" content=\"summary_large_image\" \/>\n<meta name=\"twitter:label1\" content=\"Tiempo de lectura\" \/>\n\t<meta name=\"twitter:data1\" content=\"3 minutos\" \/>\n<script type=\"application\/ld+json\" class=\"yoast-schema-graph\">{\"@context\":\"https:\/\/schema.org\",\"@graph\":[{\"@type\":\"WebPage\",\"@id\":\"https:\/\/www.safinel.fr\/produit\/tongkat-ali\/\",\"url\":\"https:\/\/www.safinel.fr\/produit\/tongkat-ali\/\",\"name\":\"Tongkat ali Simaroubaceae I Poudres & G\u00e9lules I Achat en France\",\"isPartOf\":{\"@id\":\"https:\/\/www.safinel.fr\/#website\"},\"primaryImageOfPage\":{\"@id\":\"https:\/\/www.safinel.fr\/produit\/tongkat-ali\/#primaryimage\"},\"image\":{\"@id\":\"https:\/\/www.safinel.fr\/produit\/tongkat-ali\/#primaryimage\"},\"thumbnailUrl\":\"https:\/\/www.safinel.fr\/wp-content\/uploads\/2022\/11\/tongkat-ali-en-poudres.jpg\",\"datePublished\":\"2022-11-25T20:56:10+00:00\",\"dateModified\":\"2023-12-28T17:15:41+00:00\",\"description\":\"C\u2019est parti pour une visite guid\u00e9e de l\u2019Asie\u2026 Plus particuli\u00e8rement de la Malaisie et de l\u2019Indon\u00e9sie o\u00f9 l\u2019on peut trouver une plante nomm\u00e9e Tongkat ali !\",\"breadcrumb\":{\"@id\":\"https:\/\/www.safinel.fr\/produit\/tongkat-ali\/#breadcrumb\"},\"inLanguage\":\"es\",\"potentialAction\":[{\"@type\":\"ReadAction\",\"target\":[\"https:\/\/www.safinel.fr\/produit\/tongkat-ali\/\"]}]},{\"@type\":\"ImageObject\",\"inLanguage\":\"es\",\"@id\":\"https:\/\/www.safinel.fr\/produit\/tongkat-ali\/#primaryimage\",\"url\":\"https:\/\/www.safinel.fr\/wp-content\/uploads\/2022\/11\/tongkat-ali-en-poudres.jpg\",\"contentUrl\":\"https:\/\/www.safinel.fr\/wp-content\/uploads\/2022\/11\/tongkat-ali-en-poudres.jpg\",\"width\":600,\"height\":600,\"caption\":\"tongkat ali en poudres\"},{\"@type\":\"BreadcrumbList\",\"@id\":\"https:\/\/www.safinel.fr\/produit\/tongkat-ali\/#breadcrumb\",\"itemListElement\":[{\"@type\":\"ListItem\",\"position\":1,\"name\":\"Accueil\",\"item\":\"https:\/\/www.safinel.fr\/\"},{\"@type\":\"ListItem\",\"position\":2,\"name\":\"Boutique\",\"item\":\"https:\/\/www.safinel.fr\/boutique\/\"},{\"@type\":\"ListItem\",\"position\":3,\"name\":\"Tongkat ali\"}]},{\"@type\":\"WebSite\",\"@id\":\"https:\/\/www.safinel.fr\/#website\",\"url\":\"https:\/\/www.safinel.fr\/\",\"name\":\"Safinel\",\"description\":\"\",\"publisher\":{\"@id\":\"https:\/\/www.safinel.fr\/#organization\"},\"potentialAction\":[{\"@type\":\"SearchAction\",\"target\":{\"@type\":\"EntryPoint\",\"urlTemplate\":\"https:\/\/www.safinel.fr\/?s={search_term_string}\"},\"query-input\":{\"@type\":\"PropertyValueSpecification\",\"valueRequired\":true,\"valueName\":\"search_term_string\"}}],\"inLanguage\":\"es\"},{\"@type\":\"Organization\",\"@id\":\"https:\/\/www.safinel.fr\/#organization\",\"name\":\"Safinel\",\"url\":\"https:\/\/www.safinel.fr\/\",\"logo\":{\"@type\":\"ImageObject\",\"inLanguage\":\"es\",\"@id\":\"https:\/\/www.safinel.fr\/#\/schema\/logo\/image\/\",\"url\":\"https:\/\/www.safinel.fr\/wp-content\/uploads\/2021\/05\/boutique-cosmetique.png\",\"contentUrl\":\"https:\/\/www.safinel.fr\/wp-content\/uploads\/2021\/05\/boutique-cosmetique.png\",\"width\":800,\"height\":200,\"caption\":\"Safinel\"},\"image\":{\"@id\":\"https:\/\/www.safinel.fr\/#\/schema\/logo\/image\/\"}}]}<\/script>\n<!-- \/ Yoast SEO plugin. -->","yoast_head_json":{"title":"Tongkat ali Simaroubaceae I Polvos y c\u00e1psulas I Comprar en Francia","description":"Hagamos una visita guiada por Asia... y m\u00e1s concretamente por Malasia e Indonesia, donde se encuentra una planta llamada Tongkat ali.","robots":{"index":"index","follow":"follow","max-snippet":"max-snippet:-1","max-image-preview":"max-image-preview:large","max-video-preview":"max-video-preview:-1"},"canonical":"https:\/\/www.safinel.fr\/es\/product-2\/tongkat-ali\/","og_locale":"es_ES","og_type":"article","og_title":"Tongkat ali Simaroubaceae I Poudres & G\u00e9lules I Achat en France","og_description":"C\u2019est parti pour une visite guid\u00e9e de l\u2019Asie\u2026 Plus particuli\u00e8rement de la Malaisie et de l\u2019Indon\u00e9sie o\u00f9 l\u2019on peut trouver une plante nomm\u00e9e Tongkat ali !","og_url":"https:\/\/www.safinel.fr\/es\/product-2\/tongkat-ali\/","og_site_name":"Safinel","article_modified_time":"2023-12-28T17:15:41+00:00","og_image":[{"width":600,"height":600,"url":"https:\/\/www.safinel.fr\/wp-content\/uploads\/2022\/11\/tongkat-ali-en-poudres.jpg","type":"image\/jpeg"}],"twitter_card":"summary_large_image","twitter_misc":{"Tiempo de lectura":"3 minutos"},"schema":{"@context":"https:\/\/schema.org","@graph":[{"@type":"WebPage","@id":"https:\/\/www.safinel.fr\/produit\/tongkat-ali\/","url":"https:\/\/www.safinel.fr\/produit\/tongkat-ali\/","name":"Tongkat ali Simaroubaceae I Polvos y c\u00e1psulas I Comprar en Francia","isPartOf":{"@id":"https:\/\/www.safinel.fr\/#website"},"primaryImageOfPage":{"@id":"https:\/\/www.safinel.fr\/produit\/tongkat-ali\/#primaryimage"},"image":{"@id":"https:\/\/www.safinel.fr\/produit\/tongkat-ali\/#primaryimage"},"thumbnailUrl":"https:\/\/www.safinel.fr\/wp-content\/uploads\/2022\/11\/tongkat-ali-en-poudres.jpg","datePublished":"2022-11-25T20:56:10+00:00","dateModified":"2023-12-28T17:15:41+00:00","description":"Hagamos una visita guiada por Asia... y m\u00e1s concretamente por Malasia e Indonesia, donde se encuentra una planta llamada Tongkat ali.","breadcrumb":{"@id":"https:\/\/www.safinel.fr\/produit\/tongkat-ali\/#breadcrumb"},"inLanguage":"es","potentialAction":[{"@type":"ReadAction","target":["https:\/\/www.safinel.fr\/produit\/tongkat-ali\/"]}]},{"@type":"ImageObject","inLanguage":"es","@id":"https:\/\/www.safinel.fr\/produit\/tongkat-ali\/#primaryimage","url":"https:\/\/www.safinel.fr\/wp-content\/uploads\/2022\/11\/tongkat-ali-en-poudres.jpg","contentUrl":"https:\/\/www.safinel.fr\/wp-content\/uploads\/2022\/11\/tongkat-ali-en-poudres.jpg","width":600,"height":600,"caption":"tongkat ali en poudres"},{"@type":"BreadcrumbList","@id":"https:\/\/www.safinel.fr\/produit\/tongkat-ali\/#breadcrumb","itemListElement":[{"@type":"ListItem","position":1,"name":"Accueil","item":"https:\/\/www.safinel.fr\/"},{"@type":"ListItem","position":2,"name":"Boutique","item":"https:\/\/www.safinel.fr\/boutique\/"},{"@type":"ListItem","position":3,"name":"Tongkat ali"}]},{"@type":"WebSite","@id":"https:\/\/www.safinel.fr\/#website","url":"https:\/\/www.safinel.fr\/","name":"Safinel","description":"","publisher":{"@id":"https:\/\/www.safinel.fr\/#organization"},"potentialAction":[{"@type":"SearchAction","target":{"@type":"EntryPoint","urlTemplate":"https:\/\/www.safinel.fr\/?s={search_term_string}"},"query-input":{"@type":"PropertyValueSpecification","valueRequired":true,"valueName":"search_term_string"}}],"inLanguage":"es"},{"@type":"Organization","@id":"https:\/\/www.safinel.fr\/#organization","name":"Safinel","url":"https:\/\/www.safinel.fr\/","logo":{"@type":"ImageObject","inLanguage":"es","@id":"https:\/\/www.safinel.fr\/#\/schema\/logo\/image\/","url":"https:\/\/www.safinel.fr\/wp-content\/uploads\/2021\/05\/boutique-cosmetique.png","contentUrl":"https:\/\/www.safinel.fr\/wp-content\/uploads\/2021\/05\/boutique-cosmetique.png","width":800,"height":200,"caption":"Safinel"},"image":{"@id":"https:\/\/www.safinel.fr\/#\/schema\/logo\/image\/"}}]}},"_links":{"self":[{"href":"https:\/\/www.safinel.fr\/es\/wp-json\/wp\/v2\/product\/3627","targetHints":{"allow":["GET"]}}],"collection":[{"href":"https:\/\/www.safinel.fr\/es\/wp-json\/wp\/v2\/product"}],"about":[{"href":"https:\/\/www.safinel.fr\/es\/wp-json\/wp\/v2\/types\/product"}],"wp:featuredmedia":[{"embeddable":true,"href":"https:\/\/www.safinel.fr\/es\/wp-json\/wp\/v2\/media\/3630"}],"wp:attachment":[{"href":"https:\/\/www.safinel.fr\/es\/wp-json\/wp\/v2\/media?parent=3627"}],"wp:term":[{"taxonomy":"product_brand","embeddable":true,"href":"https:\/\/www.safinel.fr\/es\/wp-json\/wp\/v2\/product_brand?post=3627"},{"taxonomy":"product_cat","embeddable":true,"href":"https:\/\/www.safinel.fr\/es\/wp-json\/wp\/v2\/product_cat?post=3627"},{"taxonomy":"product_tag","embeddable":true,"href":"https:\/\/www.safinel.fr\/es\/wp-json\/wp\/v2\/product_tag?post=3627"}],"curies":[{"name":"wp","href":"https:\/\/api.w.org\/{rel}","templated":true}]}}