{"id":3621,"date":"2022-11-25T20:30:15","date_gmt":"2022-11-25T20:30:15","guid":{"rendered":"https:\/\/www.safinel.fr\/?post_type=product&#038;p=3621"},"modified":"2024-01-08T08:35:25","modified_gmt":"2024-01-08T08:35:25","slug":"yohimbina","status":"publish","type":"product","link":"https:\/\/www.safinel.fr\/es\/product-2\/yohimbina\/","title":{"rendered":"Yohimbina"},"content":{"rendered":"<p>El placer de descubrir los productos de la naturaleza se siente en su boutique Safinel con el\u00a0<strong>yohimbina\u00a0<\/strong>\u00a1! Originaria de \u00c1frica, sus m\u00faltiples beneficios pueden sorprenderle...<\/p>\n<h2><strong>Qu\u00e9 es la yohimbina<\/strong><\/h2>\n<p>Su tienda online natural quiere que visite el continente africano... No por aire, sino por tierra. Para ello, est\u00e1 promocionando la yohimbina. Si se pregunta qu\u00e9 es la yohimbina, tenga paciencia, porque vamos a llegar a eso. Yohimbina es su nombre tropical. Proviene de \u00c1frica Occidental, m\u00e1s concretamente de un \u00e1rbol llamado<strong>\u00a0Pausinystalia yohimbe<\/strong>. Desde el<strong>\u00a0familia de las rubi\u00e1ceas<\/strong>, Este \u00e1rbol es conocido por sus efectos positivos sobre el organismo.<\/p>\n<h2><strong>Los beneficios de la yohimbina\u00a0<\/strong><\/h2>\n<p>Seguramente se preguntar\u00e1 qu\u00e9 hay detr\u00e1s de<strong>\u00a0yohimbe<\/strong>... Qu\u00e9dese quieto, porque puede llevarse una sorpresa. Este tesoro natural de \u00c1frica Occidental suele utilizarse para aliviar la ansiedad.<\/p>\n<p>Adem\u00e1s, este producto natural 100% es un excelente afrodis\u00edaco masculino, \u00a1y eso no es todo! Utilizado por deportistas para un secado r\u00e1pido o como<strong>\u00a0<a href=\"https:\/\/www.safinel.fr\/es\/product-2\/tallos-de-cerezo\/\">quemador de grasa<\/a>,<\/strong>\u00a0es un activo esencial. Sin embargo, su mayor activo es como afrodis\u00edaco. Puede ayudar contra<strong>\u00a0disfunci\u00f3n er\u00e9ctil<\/strong>\u00a0\u00a1sino tambi\u00e9n dar un empuj\u00f3n a tu libido!<\/p>\n<p>Ahora que ya sabe de qu\u00e9 se trata, \u00bfpor qu\u00e9 no darle un toque picante a sus noches de vapor? En c\u00e1psulas o en polvo, elija el que m\u00e1s le convenga. Antes de una sesi\u00f3n de deporte o de una relaci\u00f3n sexual, prep\u00e1rese para los efectos reales.<\/p>\n<h2><strong>Presentaciones de la yohimbina\u00a0<\/strong><\/h2>\n<p>\u00a1Manos a la obra! Por fin ha llegado el momento de presentarte la famosa yohimbina... Aunque no es muy conocida, se utiliza mucho en ciertas partes de \u00c1frica y Asia.<\/p>\n<p>Estas comunidades poseen una gran riqueza de conocimientos sobre la naturaleza, y hoy nos hacen el honor de mostrarnos este tesoro.<\/p>\n<p>Si a\u00fan se pregunta d\u00f3nde encontrar este producto, \u00a1ha llegado al lugar adecuado! Disponible en un envase de 100 g, es ideal para un consumo frecuente.<\/p>\n<p>Adem\u00e1s, su<strong>\u00a0tienda natural<\/strong>\u00a0tambi\u00e9n le ofrece<strong>\u00a0c\u00e1psulas de yohimbina<\/strong>\u00a0\u00a1! As\u00ed es. Eso lo hace a\u00fan m\u00e1s c\u00f3modo de sostener. Ahora es tu turno.<\/p>\n<h3><strong>La naturaleza tiene buen gusto...\u00a0<\/strong><\/h3>\n<p>Cuando hablamos de naturaleza, a menudo imaginamos verdor, o incluso r\u00edos, pero es tan vasta y tan rica en beneficios... \u00a1Y por eso su tienda online quiere ayudarle a descubrir un poco m\u00e1s!<\/p>\n<p>Como dice el refr\u00e1n, despacio y con constancia se gana la carrera... Si eso es cierto, \u00bfpor qu\u00e9 no dejarse llevar por el descubrimiento de nuestros deliciosos y apetitosos productos?\u00a0<a href=\"https:\/\/www.safinel.fr\/es\/product-category-2\/apicultura\/\"><strong>mieles del mundo<\/strong><\/a>\u00a0? Francia, Espa\u00f1a o incluso Marruecos: \u00a1no le faltar\u00e1 donde elegir! Incluso tendr\u00e1 la oportunidad de conocer nuestra gama de\u00a0<strong>mieles afrodis\u00edacas<\/strong>.<\/p>\n<p>Sobre una tostada o en su bebida caliente, usted elige.<\/p>","protected":false},"excerpt":{"rendered":"<p><img decoding=\"async\" class=\"size-full wp-image-5091 aligncenter\" src=\"https:\/\/www.safinel.fr\/wp-content\/uploads\/2021\/06\/BANNIERE-ICONE-SAFINEL.webp\" alt=\"reaseguro de sat\u00e9n\" width=\"800\" height=\"200\" srcset=\"https:\/\/www.safinel.fr\/wp-content\/uploads\/2021\/06\/BANNIERE-ICONE-SAFINEL.webp 800w, https:\/\/www.safinel.fr\/wp-content\/uploads\/2021\/06\/BANNIERE-ICONE-SAFINEL-600x150.webp 600w, https:\/\/www.safinel.fr\/wp-content\/uploads\/2021\/06\/BANNIERE-ICONE-SAFINEL-768x192.webp 768w\" sizes=\"(max-width: 800px) 100vw, 800px\" \/><\/p>","protected":false},"featured_media":3623,"template":"","meta":[],"product_brand":[],"product_cat":[27],"product_tag":[],"class_list":{"0":"post-3621","1":"product","2":"type-product","3":"status-publish","4":"has-post-thumbnail","6":"product_cat-plantes-medicinales","8":"first","9":"instock","10":"shipping-taxable","11":"purchasable","12":"product-type-variable"},"yoast_head":"<!-- This site is optimized with the Yoast SEO plugin v26.6 - https:\/\/yoast.com\/wordpress\/plugins\/seo\/ -->\n<title>Yohimbine I Bienfaits nombreux I Achat en ligne s\u00e9curis\u00e9<\/title>\n<meta name=\"description\" content=\"Le plaisir de d\u00e9couvrir les produits de la nature se ressent chez votre boutique Safinel avec la\u00a0yohimbine\u00a0! Adoptez-le sans plus attendre !\" \/>\n<meta name=\"robots\" content=\"index, follow, max-snippet:-1, max-image-preview:large, max-video-preview:-1\" \/>\n<link rel=\"canonical\" href=\"https:\/\/www.safinel.fr\/es\/product-2\/yohimbina\/\" \/>\n<meta property=\"og:locale\" content=\"es_ES\" \/>\n<meta property=\"og:type\" content=\"article\" \/>\n<meta property=\"og:title\" content=\"Yohimbine I Bienfaits nombreux I Achat en ligne s\u00e9curis\u00e9\" \/>\n<meta property=\"og:description\" content=\"Le plaisir de d\u00e9couvrir les produits de la nature se ressent chez votre boutique Safinel avec la\u00a0yohimbine\u00a0! Adoptez-le sans plus attendre !\" \/>\n<meta property=\"og:url\" content=\"https:\/\/www.safinel.fr\/es\/product-2\/yohimbina\/\" \/>\n<meta property=\"og:site_name\" content=\"Safinel\" \/>\n<meta property=\"article:modified_time\" content=\"2024-01-08T08:35:25+00:00\" \/>\n<meta property=\"og:image\" content=\"https:\/\/www.safinel.fr\/wp-content\/uploads\/2022\/11\/yohimbine-en-poudre.jpg\" \/>\n\t<meta property=\"og:image:width\" content=\"600\" \/>\n\t<meta property=\"og:image:height\" content=\"600\" \/>\n\t<meta property=\"og:image:type\" content=\"image\/jpeg\" \/>\n<meta name=\"twitter:card\" content=\"summary_large_image\" \/>\n<meta name=\"twitter:label1\" content=\"Tiempo de lectura\" \/>\n\t<meta name=\"twitter:data1\" content=\"3 minutos\" \/>\n<script type=\"application\/ld+json\" class=\"yoast-schema-graph\">{\"@context\":\"https:\/\/schema.org\",\"@graph\":[{\"@type\":\"WebPage\",\"@id\":\"https:\/\/www.safinel.fr\/produit\/yohimbine\/\",\"url\":\"https:\/\/www.safinel.fr\/produit\/yohimbine\/\",\"name\":\"Yohimbine I Bienfaits nombreux I Achat en ligne s\u00e9curis\u00e9\",\"isPartOf\":{\"@id\":\"https:\/\/www.safinel.fr\/#website\"},\"primaryImageOfPage\":{\"@id\":\"https:\/\/www.safinel.fr\/produit\/yohimbine\/#primaryimage\"},\"image\":{\"@id\":\"https:\/\/www.safinel.fr\/produit\/yohimbine\/#primaryimage\"},\"thumbnailUrl\":\"https:\/\/www.safinel.fr\/wp-content\/uploads\/2022\/11\/yohimbine-en-poudre.jpg\",\"datePublished\":\"2022-11-25T20:30:15+00:00\",\"dateModified\":\"2024-01-08T08:35:25+00:00\",\"description\":\"Le plaisir de d\u00e9couvrir les produits de la nature se ressent chez votre boutique Safinel avec la\u00a0yohimbine\u00a0! Adoptez-le sans plus attendre !\",\"breadcrumb\":{\"@id\":\"https:\/\/www.safinel.fr\/produit\/yohimbine\/#breadcrumb\"},\"inLanguage\":\"es\",\"potentialAction\":[{\"@type\":\"ReadAction\",\"target\":[\"https:\/\/www.safinel.fr\/produit\/yohimbine\/\"]}]},{\"@type\":\"ImageObject\",\"inLanguage\":\"es\",\"@id\":\"https:\/\/www.safinel.fr\/produit\/yohimbine\/#primaryimage\",\"url\":\"https:\/\/www.safinel.fr\/wp-content\/uploads\/2022\/11\/yohimbine-en-poudre.jpg\",\"contentUrl\":\"https:\/\/www.safinel.fr\/wp-content\/uploads\/2022\/11\/yohimbine-en-poudre.jpg\",\"width\":600,\"height\":600,\"caption\":\"yohimbine en poudre\"},{\"@type\":\"BreadcrumbList\",\"@id\":\"https:\/\/www.safinel.fr\/produit\/yohimbine\/#breadcrumb\",\"itemListElement\":[{\"@type\":\"ListItem\",\"position\":1,\"name\":\"Accueil\",\"item\":\"https:\/\/www.safinel.fr\/\"},{\"@type\":\"ListItem\",\"position\":2,\"name\":\"Boutique\",\"item\":\"https:\/\/www.safinel.fr\/boutique\/\"},{\"@type\":\"ListItem\",\"position\":3,\"name\":\"Yohimbine\"}]},{\"@type\":\"WebSite\",\"@id\":\"https:\/\/www.safinel.fr\/#website\",\"url\":\"https:\/\/www.safinel.fr\/\",\"name\":\"Safinel\",\"description\":\"\",\"publisher\":{\"@id\":\"https:\/\/www.safinel.fr\/#organization\"},\"potentialAction\":[{\"@type\":\"SearchAction\",\"target\":{\"@type\":\"EntryPoint\",\"urlTemplate\":\"https:\/\/www.safinel.fr\/?s={search_term_string}\"},\"query-input\":{\"@type\":\"PropertyValueSpecification\",\"valueRequired\":true,\"valueName\":\"search_term_string\"}}],\"inLanguage\":\"es\"},{\"@type\":\"Organization\",\"@id\":\"https:\/\/www.safinel.fr\/#organization\",\"name\":\"Safinel\",\"url\":\"https:\/\/www.safinel.fr\/\",\"logo\":{\"@type\":\"ImageObject\",\"inLanguage\":\"es\",\"@id\":\"https:\/\/www.safinel.fr\/#\/schema\/logo\/image\/\",\"url\":\"https:\/\/www.safinel.fr\/wp-content\/uploads\/2021\/05\/boutique-cosmetique.png\",\"contentUrl\":\"https:\/\/www.safinel.fr\/wp-content\/uploads\/2021\/05\/boutique-cosmetique.png\",\"width\":800,\"height\":200,\"caption\":\"Safinel\"},\"image\":{\"@id\":\"https:\/\/www.safinel.fr\/#\/schema\/logo\/image\/\"}}]}<\/script>\n<!-- \/ Yoast SEO plugin. -->","yoast_head_json":{"title":"Yohimbina I Numerosos beneficios I Compra segura online","description":"\u00a1El placer de descubrir los productos de la naturaleza se siente en su boutique Safinel con la yohimbina! \u00a1Adqui\u00e9rala ya!","robots":{"index":"index","follow":"follow","max-snippet":"max-snippet:-1","max-image-preview":"max-image-preview:large","max-video-preview":"max-video-preview:-1"},"canonical":"https:\/\/www.safinel.fr\/es\/product-2\/yohimbina\/","og_locale":"es_ES","og_type":"article","og_title":"Yohimbine I Bienfaits nombreux I Achat en ligne s\u00e9curis\u00e9","og_description":"Le plaisir de d\u00e9couvrir les produits de la nature se ressent chez votre boutique Safinel avec la\u00a0yohimbine\u00a0! Adoptez-le sans plus attendre !","og_url":"https:\/\/www.safinel.fr\/es\/product-2\/yohimbina\/","og_site_name":"Safinel","article_modified_time":"2024-01-08T08:35:25+00:00","og_image":[{"width":600,"height":600,"url":"https:\/\/www.safinel.fr\/wp-content\/uploads\/2022\/11\/yohimbine-en-poudre.jpg","type":"image\/jpeg"}],"twitter_card":"summary_large_image","twitter_misc":{"Tiempo de lectura":"3 minutos"},"schema":{"@context":"https:\/\/schema.org","@graph":[{"@type":"WebPage","@id":"https:\/\/www.safinel.fr\/produit\/yohimbine\/","url":"https:\/\/www.safinel.fr\/produit\/yohimbine\/","name":"Yohimbina I Numerosos beneficios I Compra segura online","isPartOf":{"@id":"https:\/\/www.safinel.fr\/#website"},"primaryImageOfPage":{"@id":"https:\/\/www.safinel.fr\/produit\/yohimbine\/#primaryimage"},"image":{"@id":"https:\/\/www.safinel.fr\/produit\/yohimbine\/#primaryimage"},"thumbnailUrl":"https:\/\/www.safinel.fr\/wp-content\/uploads\/2022\/11\/yohimbine-en-poudre.jpg","datePublished":"2022-11-25T20:30:15+00:00","dateModified":"2024-01-08T08:35:25+00:00","description":"\u00a1El placer de descubrir los productos de la naturaleza se siente en su boutique Safinel con la yohimbina! \u00a1Adqui\u00e9rala ya!","breadcrumb":{"@id":"https:\/\/www.safinel.fr\/produit\/yohimbine\/#breadcrumb"},"inLanguage":"es","potentialAction":[{"@type":"ReadAction","target":["https:\/\/www.safinel.fr\/produit\/yohimbine\/"]}]},{"@type":"ImageObject","inLanguage":"es","@id":"https:\/\/www.safinel.fr\/produit\/yohimbine\/#primaryimage","url":"https:\/\/www.safinel.fr\/wp-content\/uploads\/2022\/11\/yohimbine-en-poudre.jpg","contentUrl":"https:\/\/www.safinel.fr\/wp-content\/uploads\/2022\/11\/yohimbine-en-poudre.jpg","width":600,"height":600,"caption":"yohimbine en poudre"},{"@type":"BreadcrumbList","@id":"https:\/\/www.safinel.fr\/produit\/yohimbine\/#breadcrumb","itemListElement":[{"@type":"ListItem","position":1,"name":"Accueil","item":"https:\/\/www.safinel.fr\/"},{"@type":"ListItem","position":2,"name":"Boutique","item":"https:\/\/www.safinel.fr\/boutique\/"},{"@type":"ListItem","position":3,"name":"Yohimbine"}]},{"@type":"WebSite","@id":"https:\/\/www.safinel.fr\/#website","url":"https:\/\/www.safinel.fr\/","name":"Safinel","description":"","publisher":{"@id":"https:\/\/www.safinel.fr\/#organization"},"potentialAction":[{"@type":"SearchAction","target":{"@type":"EntryPoint","urlTemplate":"https:\/\/www.safinel.fr\/?s={search_term_string}"},"query-input":{"@type":"PropertyValueSpecification","valueRequired":true,"valueName":"search_term_string"}}],"inLanguage":"es"},{"@type":"Organization","@id":"https:\/\/www.safinel.fr\/#organization","name":"Safinel","url":"https:\/\/www.safinel.fr\/","logo":{"@type":"ImageObject","inLanguage":"es","@id":"https:\/\/www.safinel.fr\/#\/schema\/logo\/image\/","url":"https:\/\/www.safinel.fr\/wp-content\/uploads\/2021\/05\/boutique-cosmetique.png","contentUrl":"https:\/\/www.safinel.fr\/wp-content\/uploads\/2021\/05\/boutique-cosmetique.png","width":800,"height":200,"caption":"Safinel"},"image":{"@id":"https:\/\/www.safinel.fr\/#\/schema\/logo\/image\/"}}]}},"_links":{"self":[{"href":"https:\/\/www.safinel.fr\/es\/wp-json\/wp\/v2\/product\/3621","targetHints":{"allow":["GET"]}}],"collection":[{"href":"https:\/\/www.safinel.fr\/es\/wp-json\/wp\/v2\/product"}],"about":[{"href":"https:\/\/www.safinel.fr\/es\/wp-json\/wp\/v2\/types\/product"}],"wp:featuredmedia":[{"embeddable":true,"href":"https:\/\/www.safinel.fr\/es\/wp-json\/wp\/v2\/media\/3623"}],"wp:attachment":[{"href":"https:\/\/www.safinel.fr\/es\/wp-json\/wp\/v2\/media?parent=3621"}],"wp:term":[{"taxonomy":"product_brand","embeddable":true,"href":"https:\/\/www.safinel.fr\/es\/wp-json\/wp\/v2\/product_brand?post=3621"},{"taxonomy":"product_cat","embeddable":true,"href":"https:\/\/www.safinel.fr\/es\/wp-json\/wp\/v2\/product_cat?post=3621"},{"taxonomy":"product_tag","embeddable":true,"href":"https:\/\/www.safinel.fr\/es\/wp-json\/wp\/v2\/product_tag?post=3621"}],"curies":[{"name":"wp","href":"https:\/\/api.w.org\/{rel}","templated":true}]}}