{"id":3537,"date":"2021-11-17T11:01:33","date_gmt":"2021-11-17T11:01:33","guid":{"rendered":"https:\/\/www.safinel.fr\/?post_type=product&#038;p=3537"},"modified":"2023-12-30T13:31:13","modified_gmt":"2023-12-30T13:31:13","slug":"raiz-de-buplevre","status":"publish","type":"product","link":"https:\/\/www.safinel.fr\/es\/product-2\/raiz-de-buplevre\/","title":{"rendered":"Ra\u00edz de espino cerval"},"content":{"rendered":"<p>El espino cerval es una ra\u00edz utilizada en fitoterapia principalmente para tratar las siguientes afecciones\u00a0<strong>s\u00edndromes hep\u00e1ticos<\/strong>. Ser\u00e1 un excelente t\u00f3nico para dar una segunda juventud a su hogar.\u00a0<strong>h\u00edgado debilitado\u00a0<\/strong>por hepatitis o intoxicaci\u00f3n por drogas. Pero tambi\u00e9n es un muy buen antiinflamatorio. Esta es la planta que le tratar\u00e1 de forma natural y eficaz.<\/p>\n<h2><strong>\u00bfQu\u00e9 es la ra\u00edz de bupleur?<\/strong><\/h2>\n<p>Esta ra\u00edz procede de\u00a0<strong>China<\/strong>\u00a0es conocida por su\u00a0<strong>efectos limpiadores<\/strong>\u00a0y\u00a0<strong>t\u00f3nicos<\/strong>\u00a0en el\u00a0<strong>h\u00edgado<\/strong>. Es una planta grande muy\u00a0<strong>refrescante<\/strong>. Tiene un ligero\u00a0<strong>picante y amargo<\/strong>. Utilizada en la medicina tradicional china desde hace siglos, es poco conocida en el resto del mundo.<\/p>\n<h2><strong>\u00bfPor qu\u00e9 es tan importante cuidar el h\u00edgado?<\/strong><\/h2>\n<p>El h\u00edgado es un \u00f3rgano esencial para el buen funcionamiento del organismo. Sin \u00e9l, no se puede vivir. De hecho, su funci\u00f3n es ayudar en la\u00a0<strong>digesti\u00f3n<\/strong>. Esto es lo que transforma lo que comes en energ\u00eda. Como una madre que cuida de su prole, se encargar\u00e1 de que a tu cuerpo no le falte de nada.<\/p>\n<p>Adem\u00e1s, actuar\u00e1 como\u00a0<strong>filtro\u00a0<\/strong>por las toxinas que ingerimos. Es f\u00e1cil ver por qu\u00e9 necesitamos cuidarla.<\/p>\n<h2><strong>Ra\u00edz de espino cerval: devolver la vitalidad al h\u00edgado\u00a0<\/strong><\/h2>\n<p>Si su h\u00edgado est\u00e1 d\u00e9bil, debe actuar con rapidez. La ra\u00edz de Buplevre le ayudar\u00e1 a<strong>\u00a0limpiar de forma natural<\/strong>. De esta forma, se librar\u00e1 de sus toxinas y recuperar\u00e1 su\u00a0<strong>energ\u00eda y vitalidad<\/strong>.<\/p>\n<h3><strong>Amigo de la ves\u00edcula biliar<\/strong><\/h3>\n<p>Esta peque\u00f1a gl\u00e1ndula influye directamente en la digesti\u00f3n. La bilis que produce ayuda a descomponer las grasas. La planta\u00a0<strong>estimular su acci\u00f3n<\/strong>\u00a0y desintoxicarla. Lo mismo ocurre con\u00a0<strong><a href=\"https:\/\/www.safinel.fr\/es\/product-2\/raiz-de-diente-de-leon\/\">ra\u00edz de diente de le\u00f3n<\/a>,\u00a0<\/strong>que recomendamos.<\/p>\n<h3><strong>Un potente antiinflamatorio<\/strong><\/h3>\n<p>Sus propiedades refrescantes le permiten\u00a0<strong>aliviar la inflamaci\u00f3n<\/strong>. La frescura ayudar\u00e1 a\u00a0<strong>reducir la hinchaz\u00f3n\u00a0<\/strong>inflamaci\u00f3n. La ra\u00edz tambi\u00e9n tendr\u00e1 un efecto sobre\u00a0<strong>analg\u00e9sico<\/strong>\u00a0lo que reducir\u00e1 su dolor. Por \u00faltimo, tambi\u00e9n actuar\u00e1 sobre el\u00a0<strong>fiebre<\/strong>\u00a0que suele acompa\u00f1ar a estas irritaciones.<\/p>\n<h2><strong>Ra\u00edz de espino cerval: adelgazante<\/strong><\/h2>\n<p>Su acci\u00f3n sobre el h\u00edgado tendr\u00e1 un\u00a0<strong>impacto directo en la p\u00e9rdida de peso<\/strong>. Como hemos explicado, este \u00f3rgano digiere las grasas y las convierte en energ\u00eda. Pero cuando se tiene sobrepeso, suele estar cansado. Esto se debe a que ha almacenado mucha m\u00e1s grasa de la que podr\u00eda. La depuraci\u00f3n estimulada por esta ra\u00edz permitir\u00e1 al organismo\u00a0<strong>mejor eliminaci\u00f3n de grasas<\/strong>. As\u00ed le resultar\u00e1 m\u00e1s f\u00e1cil deshacerse de los kilos. Y para una eliminaci\u00f3n en profundidad, prueba el\u00a0<strong>Triphala<\/strong>.<\/p>\n<h3><strong>\u00bfC\u00f3mo se toma la ra\u00edz de bupleurum?<\/strong><\/h3>\n<p>La dosis recomendada es de 3 a 10 gramos. Tomar diariamente en decocci\u00f3n. Cuidado con las cantidades. Una sobredosis puede provocar s\u00edntomas como v\u00f3mitos y n\u00e1useas.<\/p>\n<p>Esta planta no se recomienda a las mujeres embarazadas o en per\u00edodo de lactancia ni a las personas con h\u00edgado hiperactivo.<\/p>","protected":false},"excerpt":{"rendered":"<p>La bupl\u00e8vre es una ra\u00edz utilizada en fitoterapia para tratar principalmente los s\u00edndromes hep\u00e1ticos. Por lo tanto, es un excelente t\u00f3nico para rejuvenecer un h\u00edgado debilitado por hepatitis o intoxicaciones medicamentosas. Pero tambi\u00e9n es un muy buen antiinflamatorio. Es la planta que le curar\u00e1 de forma natural y eficaz. La ra\u00edz de [\u2026]","protected":false},"featured_media":4094,"template":"","meta":[],"product_brand":[],"product_cat":[27],"product_tag":[],"class_list":{"0":"post-3537","1":"product","2":"type-product","3":"status-publish","4":"has-post-thumbnail","6":"product_cat-plantes-medicinales","8":"first","9":"outofstock","10":"shipping-taxable","11":"purchasable","12":"product-type-simple"},"yoast_head":"<!-- This site is optimized with the Yoast SEO plugin v26.6 - https:\/\/yoast.com\/wordpress\/plugins\/seo\/ -->\n<title>Racine de bupl\u00e8vre I Bienfaits nombreux pour le foie<\/title>\n<meta name=\"description\" content=\"La bupl\u00e8vre est une racine utilis\u00e9e en phytoth\u00e9rapie pour soigner en premier lieu les\u00a0syndromes du foie. D\u00e9couvrez-l\u00e0 sans plus attendre !\" \/>\n<meta name=\"robots\" content=\"index, follow, max-snippet:-1, max-image-preview:large, max-video-preview:-1\" \/>\n<link rel=\"canonical\" href=\"https:\/\/www.safinel.fr\/es\/product-2\/raiz-de-buplevre\/\" \/>\n<meta property=\"og:locale\" content=\"es_ES\" \/>\n<meta property=\"og:type\" content=\"article\" \/>\n<meta property=\"og:title\" content=\"Racine de bupl\u00e8vre I Bienfaits nombreux pour le foie\" \/>\n<meta property=\"og:description\" content=\"La bupl\u00e8vre est une racine utilis\u00e9e en phytoth\u00e9rapie pour soigner en premier lieu les\u00a0syndromes du foie. D\u00e9couvrez-l\u00e0 sans plus attendre !\" \/>\n<meta property=\"og:url\" content=\"https:\/\/www.safinel.fr\/es\/product-2\/raiz-de-buplevre\/\" \/>\n<meta property=\"og:site_name\" content=\"Safinel\" \/>\n<meta property=\"article:modified_time\" content=\"2023-12-30T13:31:13+00:00\" \/>\n<meta property=\"og:image\" content=\"https:\/\/www.safinel.fr\/wp-content\/uploads\/2021\/11\/Chai-Hu.jpg\" \/>\n\t<meta property=\"og:image:width\" content=\"600\" \/>\n\t<meta property=\"og:image:height\" content=\"600\" \/>\n\t<meta property=\"og:image:type\" content=\"image\/jpeg\" \/>\n<meta name=\"twitter:card\" content=\"summary_large_image\" \/>\n<meta name=\"twitter:label1\" content=\"Tiempo de lectura\" \/>\n\t<meta name=\"twitter:data1\" content=\"3 minutos\" \/>\n<script type=\"application\/ld+json\" class=\"yoast-schema-graph\">{\"@context\":\"https:\/\/schema.org\",\"@graph\":[{\"@type\":\"WebPage\",\"@id\":\"https:\/\/www.safinel.fr\/produit\/racine-de-buplevre\/\",\"url\":\"https:\/\/www.safinel.fr\/produit\/racine-de-buplevre\/\",\"name\":\"Racine de bupl\u00e8vre I Bienfaits nombreux pour le foie\",\"isPartOf\":{\"@id\":\"https:\/\/www.safinel.fr\/#website\"},\"primaryImageOfPage\":{\"@id\":\"https:\/\/www.safinel.fr\/produit\/racine-de-buplevre\/#primaryimage\"},\"image\":{\"@id\":\"https:\/\/www.safinel.fr\/produit\/racine-de-buplevre\/#primaryimage\"},\"thumbnailUrl\":\"https:\/\/www.safinel.fr\/wp-content\/uploads\/2021\/11\/Chai-Hu.jpg\",\"datePublished\":\"2021-11-17T11:01:33+00:00\",\"dateModified\":\"2023-12-30T13:31:13+00:00\",\"description\":\"La bupl\u00e8vre est une racine utilis\u00e9e en phytoth\u00e9rapie pour soigner en premier lieu les\u00a0syndromes du foie. D\u00e9couvrez-l\u00e0 sans plus attendre !\",\"breadcrumb\":{\"@id\":\"https:\/\/www.safinel.fr\/produit\/racine-de-buplevre\/#breadcrumb\"},\"inLanguage\":\"es\",\"potentialAction\":[{\"@type\":\"ReadAction\",\"target\":[\"https:\/\/www.safinel.fr\/produit\/racine-de-buplevre\/\"]}]},{\"@type\":\"ImageObject\",\"inLanguage\":\"es\",\"@id\":\"https:\/\/www.safinel.fr\/produit\/racine-de-buplevre\/#primaryimage\",\"url\":\"https:\/\/www.safinel.fr\/wp-content\/uploads\/2021\/11\/Chai-Hu.jpg\",\"contentUrl\":\"https:\/\/www.safinel.fr\/wp-content\/uploads\/2021\/11\/Chai-Hu.jpg\",\"width\":600,\"height\":600},{\"@type\":\"BreadcrumbList\",\"@id\":\"https:\/\/www.safinel.fr\/produit\/racine-de-buplevre\/#breadcrumb\",\"itemListElement\":[{\"@type\":\"ListItem\",\"position\":1,\"name\":\"Accueil\",\"item\":\"https:\/\/www.safinel.fr\/\"},{\"@type\":\"ListItem\",\"position\":2,\"name\":\"Boutique\",\"item\":\"https:\/\/www.safinel.fr\/boutique\/\"},{\"@type\":\"ListItem\",\"position\":3,\"name\":\"Racine de bupl\u00e8vre\"}]},{\"@type\":\"WebSite\",\"@id\":\"https:\/\/www.safinel.fr\/#website\",\"url\":\"https:\/\/www.safinel.fr\/\",\"name\":\"Safinel\",\"description\":\"\",\"publisher\":{\"@id\":\"https:\/\/www.safinel.fr\/#organization\"},\"potentialAction\":[{\"@type\":\"SearchAction\",\"target\":{\"@type\":\"EntryPoint\",\"urlTemplate\":\"https:\/\/www.safinel.fr\/?s={search_term_string}\"},\"query-input\":{\"@type\":\"PropertyValueSpecification\",\"valueRequired\":true,\"valueName\":\"search_term_string\"}}],\"inLanguage\":\"es\"},{\"@type\":\"Organization\",\"@id\":\"https:\/\/www.safinel.fr\/#organization\",\"name\":\"Safinel\",\"url\":\"https:\/\/www.safinel.fr\/\",\"logo\":{\"@type\":\"ImageObject\",\"inLanguage\":\"es\",\"@id\":\"https:\/\/www.safinel.fr\/#\/schema\/logo\/image\/\",\"url\":\"https:\/\/www.safinel.fr\/wp-content\/uploads\/2021\/05\/boutique-cosmetique.png\",\"contentUrl\":\"https:\/\/www.safinel.fr\/wp-content\/uploads\/2021\/05\/boutique-cosmetique.png\",\"width\":800,\"height\":200,\"caption\":\"Safinel\"},\"image\":{\"@id\":\"https:\/\/www.safinel.fr\/#\/schema\/logo\/image\/\"}}]}<\/script>\n<!-- \/ Yoast SEO plugin. -->","yoast_head_json":{"title":"Ra\u00edz de espino cerval I Numerosos beneficios para el h\u00edgado","description":"El espino cerval es una ra\u00edz utilizada en fitoterapia principalmente para tratar los s\u00edndromes hep\u00e1ticos. \u00a1Desc\u00fabralo ahora!","robots":{"index":"index","follow":"follow","max-snippet":"max-snippet:-1","max-image-preview":"max-image-preview:large","max-video-preview":"max-video-preview:-1"},"canonical":"https:\/\/www.safinel.fr\/es\/product-2\/raiz-de-buplevre\/","og_locale":"es_ES","og_type":"article","og_title":"Racine de bupl\u00e8vre I Bienfaits nombreux pour le foie","og_description":"La bupl\u00e8vre est une racine utilis\u00e9e en phytoth\u00e9rapie pour soigner en premier lieu les\u00a0syndromes du foie. D\u00e9couvrez-l\u00e0 sans plus attendre !","og_url":"https:\/\/www.safinel.fr\/es\/product-2\/raiz-de-buplevre\/","og_site_name":"Safinel","article_modified_time":"2023-12-30T13:31:13+00:00","og_image":[{"width":600,"height":600,"url":"https:\/\/www.safinel.fr\/wp-content\/uploads\/2021\/11\/Chai-Hu.jpg","type":"image\/jpeg"}],"twitter_card":"summary_large_image","twitter_misc":{"Tiempo de lectura":"3 minutos"},"schema":{"@context":"https:\/\/schema.org","@graph":[{"@type":"WebPage","@id":"https:\/\/www.safinel.fr\/produit\/racine-de-buplevre\/","url":"https:\/\/www.safinel.fr\/produit\/racine-de-buplevre\/","name":"Ra\u00edz de espino cerval I Numerosos beneficios para el h\u00edgado","isPartOf":{"@id":"https:\/\/www.safinel.fr\/#website"},"primaryImageOfPage":{"@id":"https:\/\/www.safinel.fr\/produit\/racine-de-buplevre\/#primaryimage"},"image":{"@id":"https:\/\/www.safinel.fr\/produit\/racine-de-buplevre\/#primaryimage"},"thumbnailUrl":"https:\/\/www.safinel.fr\/wp-content\/uploads\/2021\/11\/Chai-Hu.jpg","datePublished":"2021-11-17T11:01:33+00:00","dateModified":"2023-12-30T13:31:13+00:00","description":"El espino cerval es una ra\u00edz utilizada en fitoterapia principalmente para tratar los s\u00edndromes hep\u00e1ticos. \u00a1Desc\u00fabralo ahora!","breadcrumb":{"@id":"https:\/\/www.safinel.fr\/produit\/racine-de-buplevre\/#breadcrumb"},"inLanguage":"es","potentialAction":[{"@type":"ReadAction","target":["https:\/\/www.safinel.fr\/produit\/racine-de-buplevre\/"]}]},{"@type":"ImageObject","inLanguage":"es","@id":"https:\/\/www.safinel.fr\/produit\/racine-de-buplevre\/#primaryimage","url":"https:\/\/www.safinel.fr\/wp-content\/uploads\/2021\/11\/Chai-Hu.jpg","contentUrl":"https:\/\/www.safinel.fr\/wp-content\/uploads\/2021\/11\/Chai-Hu.jpg","width":600,"height":600},{"@type":"BreadcrumbList","@id":"https:\/\/www.safinel.fr\/produit\/racine-de-buplevre\/#breadcrumb","itemListElement":[{"@type":"ListItem","position":1,"name":"Accueil","item":"https:\/\/www.safinel.fr\/"},{"@type":"ListItem","position":2,"name":"Boutique","item":"https:\/\/www.safinel.fr\/boutique\/"},{"@type":"ListItem","position":3,"name":"Racine de bupl\u00e8vre"}]},{"@type":"WebSite","@id":"https:\/\/www.safinel.fr\/#website","url":"https:\/\/www.safinel.fr\/","name":"Safinel","description":"","publisher":{"@id":"https:\/\/www.safinel.fr\/#organization"},"potentialAction":[{"@type":"SearchAction","target":{"@type":"EntryPoint","urlTemplate":"https:\/\/www.safinel.fr\/?s={search_term_string}"},"query-input":{"@type":"PropertyValueSpecification","valueRequired":true,"valueName":"search_term_string"}}],"inLanguage":"es"},{"@type":"Organization","@id":"https:\/\/www.safinel.fr\/#organization","name":"Safinel","url":"https:\/\/www.safinel.fr\/","logo":{"@type":"ImageObject","inLanguage":"es","@id":"https:\/\/www.safinel.fr\/#\/schema\/logo\/image\/","url":"https:\/\/www.safinel.fr\/wp-content\/uploads\/2021\/05\/boutique-cosmetique.png","contentUrl":"https:\/\/www.safinel.fr\/wp-content\/uploads\/2021\/05\/boutique-cosmetique.png","width":800,"height":200,"caption":"Safinel"},"image":{"@id":"https:\/\/www.safinel.fr\/#\/schema\/logo\/image\/"}}]}},"_links":{"self":[{"href":"https:\/\/www.safinel.fr\/es\/wp-json\/wp\/v2\/product\/3537","targetHints":{"allow":["GET"]}}],"collection":[{"href":"https:\/\/www.safinel.fr\/es\/wp-json\/wp\/v2\/product"}],"about":[{"href":"https:\/\/www.safinel.fr\/es\/wp-json\/wp\/v2\/types\/product"}],"wp:featuredmedia":[{"embeddable":true,"href":"https:\/\/www.safinel.fr\/es\/wp-json\/wp\/v2\/media\/4094"}],"wp:attachment":[{"href":"https:\/\/www.safinel.fr\/es\/wp-json\/wp\/v2\/media?parent=3537"}],"wp:term":[{"taxonomy":"product_brand","embeddable":true,"href":"https:\/\/www.safinel.fr\/es\/wp-json\/wp\/v2\/product_brand?post=3537"},{"taxonomy":"product_cat","embeddable":true,"href":"https:\/\/www.safinel.fr\/es\/wp-json\/wp\/v2\/product_cat?post=3537"},{"taxonomy":"product_tag","embeddable":true,"href":"https:\/\/www.safinel.fr\/es\/wp-json\/wp\/v2\/product_tag?post=3537"}],"curies":[{"name":"wp","href":"https:\/\/api.w.org\/{rel}","templated":true}]}}