{"id":3468,"date":"2022-11-09T18:38:40","date_gmt":"2022-11-09T18:38:40","guid":{"rendered":"https:\/\/www.safinel.fr\/?post_type=product&#038;p=3468"},"modified":"2024-11-25T20:46:37","modified_gmt":"2024-11-25T20:46:37","slug":"hoja-de-loto","status":"publish","type":"product","link":"https:\/\/www.safinel.fr\/es\/product-2\/hoja-de-loto\/","title":{"rendered":"Hojas de loto (He Ye \u8377\u53f6)"},"content":{"rendered":"<p>\u00bfConoces el\u00a0<strong>hoja de loto (He ye)<\/strong>\u00a0? Muy extendido en Asia oriental, el loto es una planta acu\u00e1tica emblem\u00e1tica de esta regi\u00f3n del mundo. Sus hojas, llamadas \u201cHe ye\u201d en chino y utilizadas en medicina tradicional, tienen la propiedad de favorecer la p\u00e9rdida de peso. Descubra su nuevo\u00a0<strong>aliado natural para adelgazar\u00a0<\/strong>\u00a1en Safinel ahora!<\/p>\n<h2><strong>Descubra la hoja de loto (He ye), \u00a1un aliado ancestral para adelgazar!<\/strong><\/h2>\n<p>El hombre cultiva el loto desde hace m\u00e1s de 2.000 a\u00f1os.<\/p>\n<p>Actualmente se encuentra en casi todo el mundo, pero es sobre todo la planta emblem\u00e1tica de Asia. De hecho, es la flor nacional tanto de Vietnam como de la India. Sin embargo, su principal productor sigue siendo China.<\/p>\n<p>Se utilizan todas las partes de la planta: hojas, por supuesto, pero tambi\u00e9n semillas, flores y rizomas.<\/p>\n<p>La hoja de loto tambi\u00e9n es una planta esencial en la medicina tradicional china.<\/p>\n<p>ADVERTENCIA: Safinel rechaza cualquier creencia vinculada al loto, en particular su car\u00e1cter \u00abm\u00e1gico\u00bb y el ocultismo que se le asocia. Safinel comercializa sus hojas \u00fanicamente por su valor terap\u00e9utico.<\/p>\n<p>Tiene muchas virtudes. Sin embargo, es en el plano \u201cadelgazante\u201d donde ha demostrado su mayor eficacia. Regula los niveles de az\u00facar en sangre, los l\u00edpidos sangu\u00edneos y el tr\u00e1nsito... \u00a1Esta planta milenaria te ayudar\u00e1 a adelgazar de forma natural!<\/p>\n<h2><strong>\u00bfCu\u00e1les son los beneficios de la hoja de loto (He ye)?<\/strong><\/h2>\n<ul>\n<li>Facilitan la digesti\u00f3n, sobre todo gracias a la fibra y los hidratos de carbono complejos que contienen.<\/li>\n<li>Tambi\u00e9n ayudan a eliminar las toxinas del organismo. De hecho, en la medicina tradicional china, las hojas y las semillas tienen efectos reconocidos para fortalecer y desintoxicar el organismo.<\/li>\n<li>El loto tambi\u00e9n refuerza el sistema inmunitario y mejora los niveles de energ\u00eda. Sus virtudes se deben sobre todo a la vitamina C que contiene. Adem\u00e1s de cobre, f\u00f3sforo y potasio. Pero tambi\u00e9n fibra y vitamina B6.<\/li>\n<li>Tambi\u00e9n ayudan a reducir los niveles de l\u00edpidos y glucemia (niveles de l\u00edpidos y az\u00facar en sangre, respectivamente). Los estudios han confirmado que las hojas de loto reducen la absorci\u00f3n por el organismo de estos dos macronutrientes. Esto tiene la feliz consecuencia de reducir el aumento de peso, o incluso la p\u00e9rdida de peso, en los sujetos estudiados.<\/li>\n<li>Por \u00faltimo, drenan el organismo regulando el tr\u00e1nsito y favoreciendo la eliminaci\u00f3n renal.<\/li>\n<\/ul>\n<p>Por todas estas razones, \u00a1es una soluci\u00f3n ideal si quieres perder peso!<\/p>\n<h2><strong>\u00bfC\u00f3mo utilizo mi hoja de loto (He ye)?<\/strong><\/h2>\n<p>En\u00a0<strong>\u00c9l os deja<\/strong>\u00a0puede tomarse de diversas formas, como infusi\u00f3n, polvo o c\u00e1psulas.<\/p>\n<ul>\n<li>Si vas a preparar una tisana: Despu\u00e9s de limpiar las hojas, a\u00f1ade 10 g de plantas a 500 ml de agua y ll\u00e9valo a ebullici\u00f3n. Reduce el fuego y deja cocer a fuego lento durante 10 minutos. Cuela y bebe a lo largo del d\u00eda.<\/li>\n<li>Tambi\u00e9n puedes pulverizar las hojas (o comprarlas molidas). En este caso, consume unos 3 g por la ma\u00f1ana y por la noche, fuera de las comidas.<\/li>\n<li>Para ello, mezcle bien su dosis en una taza peque\u00f1a de agua hirviendo y luego beba la mezcla.<\/li>\n<li>C\u00e1psulas: tomar tres c\u00e1psulas por la ma\u00f1ana y por la noche con un gran vaso de agua, siempre entre las comidas.<\/li>\n<\/ul>\n<p>Adem\u00e1s, si est\u00e1s a dieta, te recomendamos combinarlo con nuestro\u00a0<a href=\"https:\/\/www.safinel.fr\/es\/product-2\/tallos-de-cerezo\/\"><strong>tallos de cerezo<\/strong><\/a>, \u00a1para un efecto drenante m\u00e1ximo!<\/p>\n<h3><strong>Precauciones de uso<\/strong><\/h3>\n<p>Guarde su\u00a0<strong>Planta china<\/strong>\u00a0lejos de la luz y de toda fuente de calor para preservar sus virtudes.<\/p>\n<ul>\n<li>La hoja de loto es un complemento alimenticio destinado a adultos y ni\u00f1os mayores de 12 a\u00f1os. Sin embargo, no sustituye a una dieta diversificada y un estilo de vida saludable.<\/li>\n<li>No superar la dosis diaria recomendada.<\/li>\n<li>No recomendado para mujeres embarazadas o en periodo de lactancia.<\/li>\n<li>Mantener fuera del alcance de los ni\u00f1os.<\/li>\n<\/ul>\n<p>Precauci\u00f3n: Consulte a su m\u00e9dico si est\u00e1 tomando anticoagulantes al mismo tiempo.<\/p>","protected":false},"excerpt":{"rendered":"<p>\u00bfConoce la hoja de loto (He ye)? Muy extendida en Asia oriental, el loto es una planta acu\u00e1tica emblem\u00e1tica de esta regi\u00f3n del mundo. Sus hojas, llamadas \u201cHe ye\u201d en chino y utilizadas en la medicina tradicional, tienen la propiedad de favorecer la p\u00e9rdida de peso. \u00a1Descubra sin m\u00e1s demora su nuevo aliado natural para adelgazar en Safinel! Descubra [\u2026]","protected":false},"featured_media":3475,"template":"","meta":[],"product_brand":[],"product_cat":[108],"product_tag":[],"class_list":{"0":"post-3468","1":"product","2":"type-product","3":"status-publish","4":"has-post-thumbnail","6":"product_cat-plantes-asiatiques","8":"first","9":"outofstock","10":"shipping-taxable","11":"purchasable","12":"product-type-variable"},"yoast_head":"<!-- This site is optimized with the Yoast SEO plugin v26.6 - https:\/\/yoast.com\/wordpress\/plugins\/seo\/ -->\n<title>Feuille de lotus I Nelumbo nucifera I Bienfaits nombreux<\/title>\n<meta name=\"description\" content=\"Connaissez-vous la\u00a0feuille de lotus (He ye)\u00a0? Largement r\u00e9pandue en Asie orientale, le lotus est une plante aquatique embl\u00e9matique de cette r\u00e9gion du monde.\" \/>\n<meta name=\"robots\" content=\"index, follow, max-snippet:-1, max-image-preview:large, max-video-preview:-1\" \/>\n<link rel=\"canonical\" href=\"https:\/\/www.safinel.fr\/es\/product-2\/hoja-de-loto\/\" \/>\n<meta property=\"og:locale\" content=\"es_ES\" \/>\n<meta property=\"og:type\" content=\"article\" \/>\n<meta property=\"og:title\" content=\"Feuille de lotus I Nelumbo nucifera I Bienfaits nombreux\" \/>\n<meta property=\"og:description\" content=\"Connaissez-vous la\u00a0feuille de lotus (He ye)\u00a0? Largement r\u00e9pandue en Asie orientale, le lotus est une plante aquatique embl\u00e9matique de cette r\u00e9gion du monde.\" \/>\n<meta property=\"og:url\" content=\"https:\/\/www.safinel.fr\/es\/product-2\/hoja-de-loto\/\" \/>\n<meta property=\"og:site_name\" content=\"Safinel\" \/>\n<meta property=\"article:modified_time\" content=\"2024-11-25T20:46:37+00:00\" \/>\n<meta property=\"og:image\" content=\"https:\/\/www.safinel.fr\/wp-content\/uploads\/2022\/11\/Feuilles-de-lotus-He-Ye-\u8377\u53f6.jpg\" \/>\n\t<meta property=\"og:image:width\" content=\"600\" \/>\n\t<meta property=\"og:image:height\" content=\"600\" \/>\n\t<meta property=\"og:image:type\" content=\"image\/jpeg\" \/>\n<meta name=\"twitter:card\" content=\"summary_large_image\" \/>\n<meta name=\"twitter:label1\" content=\"Tiempo de lectura\" \/>\n\t<meta name=\"twitter:data1\" content=\"4 minutos\" \/>\n<script type=\"application\/ld+json\" class=\"yoast-schema-graph\">{\"@context\":\"https:\/\/schema.org\",\"@graph\":[{\"@type\":\"WebPage\",\"@id\":\"https:\/\/www.safinel.fr\/produit\/feuille-de-lotus\/\",\"url\":\"https:\/\/www.safinel.fr\/produit\/feuille-de-lotus\/\",\"name\":\"Feuille de lotus I Nelumbo nucifera I Bienfaits nombreux\",\"isPartOf\":{\"@id\":\"https:\/\/www.safinel.fr\/#website\"},\"primaryImageOfPage\":{\"@id\":\"https:\/\/www.safinel.fr\/produit\/feuille-de-lotus\/#primaryimage\"},\"image\":{\"@id\":\"https:\/\/www.safinel.fr\/produit\/feuille-de-lotus\/#primaryimage\"},\"thumbnailUrl\":\"https:\/\/www.safinel.fr\/wp-content\/uploads\/2022\/11\/Feuilles-de-lotus-He-Ye-\u8377\u53f6.jpg\",\"datePublished\":\"2022-11-09T18:38:40+00:00\",\"dateModified\":\"2024-11-25T20:46:37+00:00\",\"description\":\"Connaissez-vous la\u00a0feuille de lotus (He ye)\u00a0? Largement r\u00e9pandue en Asie orientale, le lotus est une plante aquatique embl\u00e9matique de cette r\u00e9gion du monde.\",\"breadcrumb\":{\"@id\":\"https:\/\/www.safinel.fr\/produit\/feuille-de-lotus\/#breadcrumb\"},\"inLanguage\":\"es\",\"potentialAction\":[{\"@type\":\"ReadAction\",\"target\":[\"https:\/\/www.safinel.fr\/produit\/feuille-de-lotus\/\"]}]},{\"@type\":\"ImageObject\",\"inLanguage\":\"es\",\"@id\":\"https:\/\/www.safinel.fr\/produit\/feuille-de-lotus\/#primaryimage\",\"url\":\"https:\/\/www.safinel.fr\/wp-content\/uploads\/2022\/11\/Feuilles-de-lotus-He-Ye-\u8377\u53f6.jpg\",\"contentUrl\":\"https:\/\/www.safinel.fr\/wp-content\/uploads\/2022\/11\/Feuilles-de-lotus-He-Ye-\u8377\u53f6.jpg\",\"width\":600,\"height\":600,\"caption\":\"Feuilles de lotus (He Ye \u8377\u53f6)\"},{\"@type\":\"BreadcrumbList\",\"@id\":\"https:\/\/www.safinel.fr\/produit\/feuille-de-lotus\/#breadcrumb\",\"itemListElement\":[{\"@type\":\"ListItem\",\"position\":1,\"name\":\"Accueil\",\"item\":\"https:\/\/www.safinel.fr\/\"},{\"@type\":\"ListItem\",\"position\":2,\"name\":\"Boutique\",\"item\":\"https:\/\/www.safinel.fr\/boutique\/\"},{\"@type\":\"ListItem\",\"position\":3,\"name\":\"Feuilles de lotus (He Ye \u8377\u53f6)\"}]},{\"@type\":\"WebSite\",\"@id\":\"https:\/\/www.safinel.fr\/#website\",\"url\":\"https:\/\/www.safinel.fr\/\",\"name\":\"Safinel\",\"description\":\"\",\"publisher\":{\"@id\":\"https:\/\/www.safinel.fr\/#organization\"},\"potentialAction\":[{\"@type\":\"SearchAction\",\"target\":{\"@type\":\"EntryPoint\",\"urlTemplate\":\"https:\/\/www.safinel.fr\/?s={search_term_string}\"},\"query-input\":{\"@type\":\"PropertyValueSpecification\",\"valueRequired\":true,\"valueName\":\"search_term_string\"}}],\"inLanguage\":\"es\"},{\"@type\":\"Organization\",\"@id\":\"https:\/\/www.safinel.fr\/#organization\",\"name\":\"Safinel\",\"url\":\"https:\/\/www.safinel.fr\/\",\"logo\":{\"@type\":\"ImageObject\",\"inLanguage\":\"es\",\"@id\":\"https:\/\/www.safinel.fr\/#\/schema\/logo\/image\/\",\"url\":\"https:\/\/www.safinel.fr\/wp-content\/uploads\/2021\/05\/boutique-cosmetique.png\",\"contentUrl\":\"https:\/\/www.safinel.fr\/wp-content\/uploads\/2021\/05\/boutique-cosmetique.png\",\"width\":800,\"height\":200,\"caption\":\"Safinel\"},\"image\":{\"@id\":\"https:\/\/www.safinel.fr\/#\/schema\/logo\/image\/\"}}]}<\/script>\n<!-- \/ Yoast SEO plugin. -->","yoast_head_json":{"title":"Hoja de loto I Nelumbo nucifera I Numerosos beneficios","description":"\u00bfConoce la hoja de loto (He ye)? Muy extendido en Asia Oriental, el loto es una planta acu\u00e1tica emblem\u00e1tica de esta regi\u00f3n del mundo.","robots":{"index":"index","follow":"follow","max-snippet":"max-snippet:-1","max-image-preview":"max-image-preview:large","max-video-preview":"max-video-preview:-1"},"canonical":"https:\/\/www.safinel.fr\/es\/product-2\/hoja-de-loto\/","og_locale":"es_ES","og_type":"article","og_title":"Feuille de lotus I Nelumbo nucifera I Bienfaits nombreux","og_description":"Connaissez-vous la\u00a0feuille de lotus (He ye)\u00a0? Largement r\u00e9pandue en Asie orientale, le lotus est une plante aquatique embl\u00e9matique de cette r\u00e9gion du monde.","og_url":"https:\/\/www.safinel.fr\/es\/product-2\/hoja-de-loto\/","og_site_name":"Safinel","article_modified_time":"2024-11-25T20:46:37+00:00","og_image":[{"width":600,"height":600,"url":"https:\/\/www.safinel.fr\/wp-content\/uploads\/2022\/11\/Feuilles-de-lotus-He-Ye-\u8377\u53f6.jpg","type":"image\/jpeg"}],"twitter_card":"summary_large_image","twitter_misc":{"Tiempo de lectura":"4 minutos"},"schema":{"@context":"https:\/\/schema.org","@graph":[{"@type":"WebPage","@id":"https:\/\/www.safinel.fr\/produit\/feuille-de-lotus\/","url":"https:\/\/www.safinel.fr\/produit\/feuille-de-lotus\/","name":"Hoja de loto I Nelumbo nucifera I Numerosos beneficios","isPartOf":{"@id":"https:\/\/www.safinel.fr\/#website"},"primaryImageOfPage":{"@id":"https:\/\/www.safinel.fr\/produit\/feuille-de-lotus\/#primaryimage"},"image":{"@id":"https:\/\/www.safinel.fr\/produit\/feuille-de-lotus\/#primaryimage"},"thumbnailUrl":"https:\/\/www.safinel.fr\/wp-content\/uploads\/2022\/11\/Feuilles-de-lotus-He-Ye-\u8377\u53f6.jpg","datePublished":"2022-11-09T18:38:40+00:00","dateModified":"2024-11-25T20:46:37+00:00","description":"\u00bfConoce la hoja de loto (He ye)? Muy extendido en Asia Oriental, el loto es una planta acu\u00e1tica emblem\u00e1tica de esta regi\u00f3n del mundo.","breadcrumb":{"@id":"https:\/\/www.safinel.fr\/produit\/feuille-de-lotus\/#breadcrumb"},"inLanguage":"es","potentialAction":[{"@type":"ReadAction","target":["https:\/\/www.safinel.fr\/produit\/feuille-de-lotus\/"]}]},{"@type":"ImageObject","inLanguage":"es","@id":"https:\/\/www.safinel.fr\/produit\/feuille-de-lotus\/#primaryimage","url":"https:\/\/www.safinel.fr\/wp-content\/uploads\/2022\/11\/Feuilles-de-lotus-He-Ye-\u8377\u53f6.jpg","contentUrl":"https:\/\/www.safinel.fr\/wp-content\/uploads\/2022\/11\/Feuilles-de-lotus-He-Ye-\u8377\u53f6.jpg","width":600,"height":600,"caption":"Feuilles de lotus (He Ye \u8377\u53f6)"},{"@type":"BreadcrumbList","@id":"https:\/\/www.safinel.fr\/produit\/feuille-de-lotus\/#breadcrumb","itemListElement":[{"@type":"ListItem","position":1,"name":"Accueil","item":"https:\/\/www.safinel.fr\/"},{"@type":"ListItem","position":2,"name":"Boutique","item":"https:\/\/www.safinel.fr\/boutique\/"},{"@type":"ListItem","position":3,"name":"Feuilles de lotus (He Ye \u8377\u53f6)"}]},{"@type":"WebSite","@id":"https:\/\/www.safinel.fr\/#website","url":"https:\/\/www.safinel.fr\/","name":"Safinel","description":"","publisher":{"@id":"https:\/\/www.safinel.fr\/#organization"},"potentialAction":[{"@type":"SearchAction","target":{"@type":"EntryPoint","urlTemplate":"https:\/\/www.safinel.fr\/?s={search_term_string}"},"query-input":{"@type":"PropertyValueSpecification","valueRequired":true,"valueName":"search_term_string"}}],"inLanguage":"es"},{"@type":"Organization","@id":"https:\/\/www.safinel.fr\/#organization","name":"Safinel","url":"https:\/\/www.safinel.fr\/","logo":{"@type":"ImageObject","inLanguage":"es","@id":"https:\/\/www.safinel.fr\/#\/schema\/logo\/image\/","url":"https:\/\/www.safinel.fr\/wp-content\/uploads\/2021\/05\/boutique-cosmetique.png","contentUrl":"https:\/\/www.safinel.fr\/wp-content\/uploads\/2021\/05\/boutique-cosmetique.png","width":800,"height":200,"caption":"Safinel"},"image":{"@id":"https:\/\/www.safinel.fr\/#\/schema\/logo\/image\/"}}]}},"_links":{"self":[{"href":"https:\/\/www.safinel.fr\/es\/wp-json\/wp\/v2\/product\/3468","targetHints":{"allow":["GET"]}}],"collection":[{"href":"https:\/\/www.safinel.fr\/es\/wp-json\/wp\/v2\/product"}],"about":[{"href":"https:\/\/www.safinel.fr\/es\/wp-json\/wp\/v2\/types\/product"}],"wp:featuredmedia":[{"embeddable":true,"href":"https:\/\/www.safinel.fr\/es\/wp-json\/wp\/v2\/media\/3475"}],"wp:attachment":[{"href":"https:\/\/www.safinel.fr\/es\/wp-json\/wp\/v2\/media?parent=3468"}],"wp:term":[{"taxonomy":"product_brand","embeddable":true,"href":"https:\/\/www.safinel.fr\/es\/wp-json\/wp\/v2\/product_brand?post=3468"},{"taxonomy":"product_cat","embeddable":true,"href":"https:\/\/www.safinel.fr\/es\/wp-json\/wp\/v2\/product_cat?post=3468"},{"taxonomy":"product_tag","embeddable":true,"href":"https:\/\/www.safinel.fr\/es\/wp-json\/wp\/v2\/product_tag?post=3468"}],"curies":[{"name":"wp","href":"https:\/\/api.w.org\/{rel}","templated":true}]}}