{"id":3347,"date":"2022-09-30T18:43:43","date_gmt":"2022-09-30T18:43:43","guid":{"rendered":"https:\/\/www.safinel.fr\/?post_type=product&#038;p=3347"},"modified":"2023-12-28T17:15:39","modified_gmt":"2023-12-28T17:15:39","slug":"aceite-de-roucou","status":"publish","type":"product","link":"https:\/\/www.safinel.fr\/es\/product-2\/aceite-de-roucou\/","title":{"rendered":"Aceite Roucou"},"content":{"rendered":"<p><strong>Aceite Roucou<\/strong>\u00a0es un\u00a0<strong>aceite<\/strong>\u00a0beneficios de origen vegetal. Este\u00a0<strong>aceite<\/strong>\u00a0planta virtuosa de nombre poco com\u00fan, se utiliza en cosm\u00e9tica, farmacia y alimentaci\u00f3n.<\/p>\n<p>Descubramos juntos las asombrosas propiedades de este\u00a0<strong>aceite<\/strong>\u00a0que nos llega de otra parte.<\/p>\n<h2><strong>Origen y propiedades del aceite de Roucou<\/strong><\/h2>\n<p><strong>Aceite Roucou<\/strong>, es un\u00a0<strong>aceite<\/strong>\u00a0procede de un arbusto sudamericano llamado \u00abrocouyer\u2019. De esta hermosa planta surge un magn\u00edfico fruto en forma de coraz\u00f3n, no comestible, de color marr\u00f3n rojizo y cubierto de pelos r\u00edgidos. Adem\u00e1s, este fruto parecido a la casta\u00f1a recibe varios nombres. Por ejemplo\u2019<strong>urucum<\/strong>\u00a0\u00bb, \u00ab l\u2019<strong>\u00e1rbol de pintalabios<\/strong>\u00a0\u00bb, \u00ab\u00a0<strong>achiote<\/strong>\u00a0\u00bb, \u00ab\u00a0<strong>onoto<\/strong>\u00a0\u00bb o \u00abla\u00a0<strong>coo\u00a0<\/strong>\u00bb. En el punto \u00e1lgido de maduraci\u00f3n, el fruto se abre y libera m\u00faltiples semillas de color rojo oscuro. Estas semillas tienen un fuerte poder colorante.<\/p>\n<p>Los arbustos cultivados en algunas partes del mundo son poco conocidos en otros lugares. Dicho esto, este ventajoso\u00a0<strong>aceite<\/strong>\u00a0empieza a hacerse un nombre.<\/p>\n<h3><strong>Propiedades<\/strong>\u00a0:<\/h3>\n<p><strong>Aceite Roucou<\/strong>\u00a0incluye :<\/p>\n<p>Le\u00a0<strong>beta-caroteno<\/strong>, Vitamina E, zinc, azufre, magnesio, calcio, selenio, cobre, manganeso, \u00e1cido el\u00e1gico, norbixina, bixina, saponinas, taninos, celulosa y aceites esenciales.<\/p>\n<p>Como resultado, es una verdadera mina de oro de beneficios:<\/p>\n<ul>\n<li>Su poder\u00a0<strong>protector y calmante<\/strong>\u00a0para proteger la piel y el cabello de los rayos UV-A del sol. De hecho, gracias a su alto contenido en betacaroteno, es posible conseguir una\u00a0<strong>r\u00e1pida producci\u00f3n de melanina.<\/strong>\u00a0Por otro lado,\u00a0<strong>prepara la piel<\/strong>\u00a0al sol y\u00a0<strong>potencia el bronceado<\/strong>.<\/li>\n<li>Una acci\u00f3n\u00a0<strong>antimosquitos y antiveneno<\/strong>\u00a0por eso los indios son conocidos como \u00abpieles rojas\u00bb. De hecho, sol\u00edan cubrirse con este\u00a0<strong>sombra<\/strong>\u00a0para evitar\u00a0<strong>sol e insectos<\/strong>. Del mismo modo, aplicaron\u00a0<strong>aceite de urucum<\/strong>\u00a0para las mordeduras de serpiente.<\/li>\n<li><strong>El efecto antioxidante<\/strong>, que ayuda a\u00a0<strong>prevenir las enfermedades hep\u00e1ticas<\/strong>,\u00a0<strong>cardiaco<\/strong>\u00a0(optimiza la salud del coraz\u00f3n). Pero tambi\u00e9n, enfermedades\u00a0<strong>ojo, por\u00a0<\/strong>proteger los ojos de\u00a0<strong>degeneraci\u00f3n macular asociada a la edad<\/strong>\u00a0y\u00a0<strong>c\u00e1nceres<\/strong>.<\/li>\n<li>Sonido\u00a0<strong>acci\u00f3n antiarrugas<\/strong>, en\u00a0<strong>proteger las c\u00e9lulas de la piel<\/strong>\u00a0o\u00a0<strong>\u00f3rganos<\/strong>\u00a0de los efectos da\u00f1inos de los radicales libres. Como resultado\u00a0<strong>lucha<\/strong>\u00a0contra\u00a0<strong>envejecimiento prematuro<\/strong>.<\/li>\n<li>El efecto\u00a0<strong>antiinflamatorio<\/strong>, actuando sobre el\u00a0<strong>angina<\/strong>\u00a0y\u00a0<strong>Dolor de garganta<\/strong>, el\u00a0<strong>inflamaciones<\/strong>\u00a0<strong>ocular<\/strong>, l\u2019<strong>hepatitis<\/strong>, ...<\/li>\n<li>Ella\u00a0<strong>Tonifica<\/strong>\u00a0un sistema digestivo m\u00e1s lento y tambi\u00e9n\u00a0<strong>expectorante<\/strong>.<\/li>\n<li>Su triple acci\u00f3n;\u00a0<strong>antis\u00e9ptico<\/strong>,\u00a0<strong>antibacteriano<\/strong>\u00a0y\u00a0<strong>antimic\u00f3tico.<\/strong><\/li>\n<li>Ella\u00a0<strong>repara y regenera<\/strong>\u00a0<strong>piel y cabello<\/strong>,\u00a0<strong>cura<\/strong>\u00a0heridas y lesiones leves,\u00a0<strong>emoliente<\/strong>\u00a0y\u00a0<strong>nutritivo<\/strong>.<\/li>\n<\/ul>\n<h2><strong>El aceite Roucou y la historia de la cocina<\/strong><\/h2>\n<p>L<strong>\u2019aceite de roucou<\/strong>\u00a0tambi\u00e9n es una delicia culinaria. Con sus hermosas semillas rojizas, tiene un triple sabor;\u00a0<strong>amargo, afrutado y picante<\/strong>. Adem\u00e1s, para su\u00a0\u00a0<strong>potente poder colorante<\/strong>. Tambi\u00e9n se conoce como\u2019<strong>E160b<\/strong>\u00a0que representa la derivada de\u00a0<strong>roucou<\/strong>\u00a0en la industria alimentaria.<\/p>\n<p><strong>Semillas de achiote<\/strong>\u00a0puede utilizarse\u00a0<strong>todo<\/strong>, en\u00a0<strong>aceite de infusi\u00f3n<\/strong>,\u00a0<strong>tierra,<\/strong>\u00a0o en forma de\u00a0<strong>pegar<\/strong>. El queso Mimolette, el helado de vainilla y el queso cheddar obtienen su color de este colorante. El color var\u00eda entre el amarillo y el naranja, dependiendo de la concentraci\u00f3n de pigmentos en las semillas. Los sabores siguen siendo discretos. Lo que m\u00e1s se busca es el efecto de su colorante en los platos, como sustituto del tomate. Puede preparar su propio\u00a0<strong>aceite<\/strong>, y tu mantequilla\u00a0<strong>roucou<\/strong>.<\/p>\n<p>En cuanto a recetas, hay para todos los gustos, y combina de maravilla con el pescado. Por lo dem\u00e1s, hay toda una gama de recetas entre las que elegir, como :<\/p>\n<p>Crema de zanahoria con comino,\u00a0<strong>aceite de roucou<\/strong>\u00a0y gambas escalfadas. Pero tambi\u00e9n, la suculenta tortilla con\u00a0<strong>aceite de roucou<\/strong>, <a href=\"https:\/\/www.safinel.fr\/es\/product-2\/arroz-pegajoso\/\"><strong>arroz<\/strong><\/a> pilaf\u00a0<strong>urucum<\/strong>\u00a0y coco.<\/p>\n<h2><strong>Aceite Roucou, \u00a1silencio sobre bronce!<\/strong><\/h2>\n<p>Con la llegada del verano, est\u00e1s desesperado por prolongar el bronceado de tu piel. \u00bfPor qu\u00e9 no\u00a0<strong>mantener ese hermoso color dorado<\/strong>,\u00a0<strong>que no se empa\u00f1e<\/strong>, durante todas sus vacaciones?<\/p>\n<p>La soluci\u00f3n es aplicar\u00a0<strong>aceite bronceador roucou<\/strong>, antes y despu\u00e9s de la exposici\u00f3n al sol. Como resultado, su\u00a0<strong>la piel estar\u00e1 bien hidratada<\/strong>, Es una forma estupenda de cuidar la piel.\u00a0<strong>realzar la tez<\/strong>. Es m\u00e1s, se convertir\u00e1 r\u00e1pidamente en su\u00a0<strong>aceite<\/strong>\u00a0favorito durante el verano y, por qu\u00e9 no, durante todo el a\u00f1o.<\/p>\n<p>Adem\u00e1s, para obtener los m\u00e1ximos resultados, aplique\u00a0<strong>por la ma\u00f1ana<\/strong>\u00a0antes de ir a la playa, s\u00f3lo sobre el cuerpo. A continuaci\u00f3n, aplique su\u00a0<strong>aceite o crema bronceadora<\/strong>, con FPS adecuados a la temperatura y a tu tipo de piel. As\u00ed es,\u00a0<strong>aceite de recou<\/strong>\u00a0es un\u00a0<strong>potenciador del bronceado<\/strong>\u00a0y un\u00a0<strong>tratamiento<\/strong>. En cuanto al mantenimiento del bronceado, no olvides aplicarlo despu\u00e9s.<\/p>\n<h2><strong>Aceite Roucou, \u00bfpara qui\u00e9n?<\/strong><\/h2>\n<p><strong>Aceite de achiote<\/strong>\u00a0es ventajoso para\u00a0<strong>todos<\/strong>, excepto\u00a0<strong>mujeres embarazadas.<\/strong><\/p>\n<p>Esto se debe a que contiene una alta concentraci\u00f3n de\u00a0<strong>provitamina A<\/strong>. En general, no dude en pedir consejo a su m\u00e9dico, natur\u00f3pata o cualquier otro profesional de la salud antes de tomar\u2019<strong>onoto<\/strong>. Porque puede causar diarrea o dolor abdominal. O simplemente\u00a0<strong>intolerantes o al\u00e9rgicos<\/strong>, As\u00ed que ten cuidado cuando lo uses por primera vez.<\/p>\n<p>No olvide que\u00a0<strong>aceite de roucou<\/strong>\u00a0no es ciertamente un\u00a0<strong>aceite<\/strong>\u00a0<strong>protector<\/strong>\u00a0contra el sol. Pero un\u00a0<strong>tratamiento<\/strong>\u00a0para acompa\u00f1ar su\u00a0<strong>aceite o crema protectora<\/strong>\u00a0para\u00a0<strong>optimice su bronceado<\/strong>.<\/p>\n<p>Cuidado en la cocina Cuando prepares tus propios\u00a0<strong>aceite de roucou<\/strong>. Esto podr\u00eda manchar los pa\u00f1os de cocina y la ropa.<\/p>\n<h2><strong>\u00bfC\u00f3mo se utiliza?<\/strong><\/h2>\n<p>Las semillas de\u00a0<strong>roucou<\/strong>\u00a0se consumen en\u00a0<strong>decocci\u00f3n<\/strong>\u00a0hojas o semillas. Adem\u00e1s, en\u00a0<strong>cera<\/strong>,\u00a0<strong>pegar<\/strong>\u00a0o en forma de\u2019<strong>aceite<\/strong>. Con respecto a\u00a0<strong>polvo,\u00a0<\/strong>se a\u00f1ade como\u00a0<strong>arom\u00e1tico<\/strong>\u00a0o\u00a0<strong>tinte<\/strong>\u00a0en cremas cosm\u00e9ticas.<\/p>\n<p>He aqu\u00ed un ejemplo para una decocci\u00f3n: necesitas media cucharadita de semillas y hojas. A continuaci\u00f3n, dejar en infusi\u00f3n en agua caliente durante diez minutos y beber hasta 3 tazas al d\u00eda.<\/p>\n<p>L\u2019<strong>aceite<\/strong>\u00a0aplicado directamente a\u00a0<strong>pelo<\/strong>\u00a0y\u00a0<strong>la piel,<\/strong>\u00a0como tratamiento antes y despu\u00e9s de la exposici\u00f3n al sol. Para obtener los m\u00e1ximos resultados para su cabello, opte por un\u00a0<strong>ba\u00f1o de aceite,<\/strong>\u00a0para\u00a0<strong>unas horas<\/strong>\u00a0o\u00a0<strong>toda la noche<\/strong>. En cuanto al lavado, debe ser suave, as\u00ed que recuerda aclararte bien el pelo.<\/p>\n<p>Por \u00faltimo, a la hora de elaborar tus cosm\u00e9ticos, unos sencillos consejos te ayudar\u00e1n a aprovechar el tiempo al m\u00e1ximo.\u00a0<strong>gotas de aceite<\/strong>\u00a0es todo lo que necesita para animar sus cremas, productos para el cuidado de la piel y leches corporales.<\/p>\n<h3><strong>\u00bfD\u00f3nde puedo comprar aceite de roucou?<\/strong><\/h3>\n<p>Simplemente en su tienda online\u00a0<strong>safinel<\/strong>, su\u00a0<strong>boutique ex\u00f3tica por excelencia<\/strong>. No s\u00f3lo es completo en\u00a0<strong>productos de higiene<\/strong>,\u00a0<strong>plantas medicinales<\/strong>,\u00a0<strong>t\u00e9<\/strong>\u00a0y\u00a0<strong>infusiones<\/strong>,\u00a0<strong>especias<\/strong>,\u00a0<strong>apicultura<\/strong>,\u00a0<strong>higiene femenina<\/strong>. Pero tambi\u00e9n, en\u00a0<strong>productos para mejorar la fertilidad<\/strong>, Mant\u00e9ngase en contacto y disfrute de su salud.<\/p>","protected":false},"excerpt":{"rendered":"<p>El aceite de roucou es un aceite vegetal con m\u00faltiples beneficios. Este aceite virtuoso de nombre ins\u00f3lito se utiliza en cosm\u00e9tica, farmacia y alimentaci\u00f3n. Descubramos juntos las sorprendentes propiedades de este aceite que nos llega de otros lugares. Origen y propiedades del aceite de achiote El aceite de achiote es un aceite que se extrae de un arbusto sudamericano llamado achiote. A continuaci\u00f3n, emerge de [\u2026]","protected":false},"featured_media":0,"template":"","meta":[],"product_brand":[],"product_cat":[122,41],"product_tag":[],"class_list":{"0":"post-3347","1":"product","2":"type-product","3":"status-publish","5":"product_cat-huile-vegetale","6":"product_cat-produits-naturels-divers","8":"first","9":"instock","10":"shipping-taxable","11":"product-type-simple"},"yoast_head":"<!-- This site is optimized with the Yoast SEO plugin v26.6 - https:\/\/yoast.com\/wordpress\/plugins\/seo\/ -->\n<title>Huile de roucou I Bienfaits nombreux pour les cheveux<\/title>\n<meta name=\"description\" content=\"L\u2019huile de roucou\u00a0est une\u00a0huile\u00a0v\u00e9g\u00e9tale qui d\u00e9coule de bienfaits. Cette\u00a0huile est utilis\u00e9e en cosm\u00e9tique, pharmaceutique, et en alimentation.\" \/>\n<meta name=\"robots\" content=\"index, follow, max-snippet:-1, max-image-preview:large, max-video-preview:-1\" \/>\n<link rel=\"canonical\" href=\"https:\/\/www.safinel.fr\/es\/product-2\/aceite-de-roucou\/\" \/>\n<meta property=\"og:locale\" content=\"es_ES\" \/>\n<meta property=\"og:type\" content=\"article\" \/>\n<meta property=\"og:title\" content=\"Huile de roucou I Bienfaits nombreux pour les cheveux\" \/>\n<meta property=\"og:description\" content=\"L\u2019huile de roucou\u00a0est une\u00a0huile\u00a0v\u00e9g\u00e9tale qui d\u00e9coule de bienfaits. Cette\u00a0huile est utilis\u00e9e en cosm\u00e9tique, pharmaceutique, et en alimentation.\" \/>\n<meta property=\"og:url\" content=\"https:\/\/www.safinel.fr\/es\/product-2\/aceite-de-roucou\/\" \/>\n<meta property=\"og:site_name\" content=\"Safinel\" \/>\n<meta property=\"article:modified_time\" content=\"2023-12-28T17:15:39+00:00\" \/>\n<meta name=\"twitter:card\" content=\"summary_large_image\" \/>\n<meta name=\"twitter:label1\" content=\"Tiempo de lectura\" \/>\n\t<meta name=\"twitter:data1\" content=\"6 minutos\" \/>\n<script type=\"application\/ld+json\" class=\"yoast-schema-graph\">{\"@context\":\"https:\/\/schema.org\",\"@graph\":[{\"@type\":\"WebPage\",\"@id\":\"https:\/\/www.safinel.fr\/produit\/huile-de-roucou\/\",\"url\":\"https:\/\/www.safinel.fr\/produit\/huile-de-roucou\/\",\"name\":\"Huile de roucou I Bienfaits nombreux pour les cheveux\",\"isPartOf\":{\"@id\":\"https:\/\/www.safinel.fr\/#website\"},\"datePublished\":\"2022-09-30T18:43:43+00:00\",\"dateModified\":\"2023-12-28T17:15:39+00:00\",\"description\":\"L\u2019huile de roucou\u00a0est une\u00a0huile\u00a0v\u00e9g\u00e9tale qui d\u00e9coule de bienfaits. Cette\u00a0huile est utilis\u00e9e en cosm\u00e9tique, pharmaceutique, et en alimentation.\",\"breadcrumb\":{\"@id\":\"https:\/\/www.safinel.fr\/produit\/huile-de-roucou\/#breadcrumb\"},\"inLanguage\":\"es\",\"potentialAction\":[{\"@type\":\"ReadAction\",\"target\":[\"https:\/\/www.safinel.fr\/produit\/huile-de-roucou\/\"]}]},{\"@type\":\"BreadcrumbList\",\"@id\":\"https:\/\/www.safinel.fr\/produit\/huile-de-roucou\/#breadcrumb\",\"itemListElement\":[{\"@type\":\"ListItem\",\"position\":1,\"name\":\"Accueil\",\"item\":\"https:\/\/www.safinel.fr\/\"},{\"@type\":\"ListItem\",\"position\":2,\"name\":\"Boutique\",\"item\":\"https:\/\/www.safinel.fr\/boutique\/\"},{\"@type\":\"ListItem\",\"position\":3,\"name\":\"Huile de roucou\"}]},{\"@type\":\"WebSite\",\"@id\":\"https:\/\/www.safinel.fr\/#website\",\"url\":\"https:\/\/www.safinel.fr\/\",\"name\":\"Safinel\",\"description\":\"\",\"publisher\":{\"@id\":\"https:\/\/www.safinel.fr\/#organization\"},\"potentialAction\":[{\"@type\":\"SearchAction\",\"target\":{\"@type\":\"EntryPoint\",\"urlTemplate\":\"https:\/\/www.safinel.fr\/?s={search_term_string}\"},\"query-input\":{\"@type\":\"PropertyValueSpecification\",\"valueRequired\":true,\"valueName\":\"search_term_string\"}}],\"inLanguage\":\"es\"},{\"@type\":\"Organization\",\"@id\":\"https:\/\/www.safinel.fr\/#organization\",\"name\":\"Safinel\",\"url\":\"https:\/\/www.safinel.fr\/\",\"logo\":{\"@type\":\"ImageObject\",\"inLanguage\":\"es\",\"@id\":\"https:\/\/www.safinel.fr\/#\/schema\/logo\/image\/\",\"url\":\"https:\/\/www.safinel.fr\/wp-content\/uploads\/2021\/05\/boutique-cosmetique.png\",\"contentUrl\":\"https:\/\/www.safinel.fr\/wp-content\/uploads\/2021\/05\/boutique-cosmetique.png\",\"width\":800,\"height\":200,\"caption\":\"Safinel\"},\"image\":{\"@id\":\"https:\/\/www.safinel.fr\/#\/schema\/logo\/image\/\"}}]}<\/script>\n<!-- \/ Yoast SEO plugin. -->","yoast_head_json":{"title":"Aceite de Roucou I Numerosos beneficios para el cabello","description":"El aceite de rocou es un aceite vegetal muy beneficioso. Se utiliza en cosm\u00e9tica, farmacia y alimentaci\u00f3n.","robots":{"index":"index","follow":"follow","max-snippet":"max-snippet:-1","max-image-preview":"max-image-preview:large","max-video-preview":"max-video-preview:-1"},"canonical":"https:\/\/www.safinel.fr\/es\/product-2\/aceite-de-roucou\/","og_locale":"es_ES","og_type":"article","og_title":"Huile de roucou I Bienfaits nombreux pour les cheveux","og_description":"L\u2019huile de roucou\u00a0est une\u00a0huile\u00a0v\u00e9g\u00e9tale qui d\u00e9coule de bienfaits. Cette\u00a0huile est utilis\u00e9e en cosm\u00e9tique, pharmaceutique, et en alimentation.","og_url":"https:\/\/www.safinel.fr\/es\/product-2\/aceite-de-roucou\/","og_site_name":"Safinel","article_modified_time":"2023-12-28T17:15:39+00:00","twitter_card":"summary_large_image","twitter_misc":{"Tiempo de lectura":"6 minutos"},"schema":{"@context":"https:\/\/schema.org","@graph":[{"@type":"WebPage","@id":"https:\/\/www.safinel.fr\/produit\/huile-de-roucou\/","url":"https:\/\/www.safinel.fr\/produit\/huile-de-roucou\/","name":"Aceite de Roucou I Numerosos beneficios para el cabello","isPartOf":{"@id":"https:\/\/www.safinel.fr\/#website"},"datePublished":"2022-09-30T18:43:43+00:00","dateModified":"2023-12-28T17:15:39+00:00","description":"El aceite de rocou es un aceite vegetal muy beneficioso. Se utiliza en cosm\u00e9tica, farmacia y alimentaci\u00f3n.","breadcrumb":{"@id":"https:\/\/www.safinel.fr\/produit\/huile-de-roucou\/#breadcrumb"},"inLanguage":"es","potentialAction":[{"@type":"ReadAction","target":["https:\/\/www.safinel.fr\/produit\/huile-de-roucou\/"]}]},{"@type":"BreadcrumbList","@id":"https:\/\/www.safinel.fr\/produit\/huile-de-roucou\/#breadcrumb","itemListElement":[{"@type":"ListItem","position":1,"name":"Accueil","item":"https:\/\/www.safinel.fr\/"},{"@type":"ListItem","position":2,"name":"Boutique","item":"https:\/\/www.safinel.fr\/boutique\/"},{"@type":"ListItem","position":3,"name":"Huile de roucou"}]},{"@type":"WebSite","@id":"https:\/\/www.safinel.fr\/#website","url":"https:\/\/www.safinel.fr\/","name":"Safinel","description":"","publisher":{"@id":"https:\/\/www.safinel.fr\/#organization"},"potentialAction":[{"@type":"SearchAction","target":{"@type":"EntryPoint","urlTemplate":"https:\/\/www.safinel.fr\/?s={search_term_string}"},"query-input":{"@type":"PropertyValueSpecification","valueRequired":true,"valueName":"search_term_string"}}],"inLanguage":"es"},{"@type":"Organization","@id":"https:\/\/www.safinel.fr\/#organization","name":"Safinel","url":"https:\/\/www.safinel.fr\/","logo":{"@type":"ImageObject","inLanguage":"es","@id":"https:\/\/www.safinel.fr\/#\/schema\/logo\/image\/","url":"https:\/\/www.safinel.fr\/wp-content\/uploads\/2021\/05\/boutique-cosmetique.png","contentUrl":"https:\/\/www.safinel.fr\/wp-content\/uploads\/2021\/05\/boutique-cosmetique.png","width":800,"height":200,"caption":"Safinel"},"image":{"@id":"https:\/\/www.safinel.fr\/#\/schema\/logo\/image\/"}}]}},"_links":{"self":[{"href":"https:\/\/www.safinel.fr\/es\/wp-json\/wp\/v2\/product\/3347","targetHints":{"allow":["GET"]}}],"collection":[{"href":"https:\/\/www.safinel.fr\/es\/wp-json\/wp\/v2\/product"}],"about":[{"href":"https:\/\/www.safinel.fr\/es\/wp-json\/wp\/v2\/types\/product"}],"wp:attachment":[{"href":"https:\/\/www.safinel.fr\/es\/wp-json\/wp\/v2\/media?parent=3347"}],"wp:term":[{"taxonomy":"product_brand","embeddable":true,"href":"https:\/\/www.safinel.fr\/es\/wp-json\/wp\/v2\/product_brand?post=3347"},{"taxonomy":"product_cat","embeddable":true,"href":"https:\/\/www.safinel.fr\/es\/wp-json\/wp\/v2\/product_cat?post=3347"},{"taxonomy":"product_tag","embeddable":true,"href":"https:\/\/www.safinel.fr\/es\/wp-json\/wp\/v2\/product_tag?post=3347"}],"curies":[{"name":"wp","href":"https:\/\/api.w.org\/{rel}","templated":true}]}}