{"id":3324,"date":"2022-10-28T09:43:04","date_gmt":"2022-10-28T09:43:04","guid":{"rendered":"https:\/\/www.safinel.fr\/?post_type=product&#038;p=3324"},"modified":"2023-12-30T12:25:42","modified_gmt":"2023-12-30T12:25:42","slug":"du-zhong-eucommia-ulmoides","status":"publish","type":"product","link":"https:\/\/www.safinel.fr\/es\/product-2\/du-zhong-eucommia-ulmoides\/","title":{"rendered":"Du zhong (corteza de eucomina) 100 g"},"content":{"rendered":"<p>La corteza de eucomina Du Zhong se utiliza por sus efectos tonificantes sobre el organismo.\u00a0<strong>h\u00edgado<\/strong>, el\u00a0<strong>ri\u00f1\u00f3n<\/strong>, el\u00a0<strong>tendones<\/strong>\u00a0y\u00a0<strong>huesos<\/strong>. Esta medicina natural forma parte de la medicina natural china. Desconocida en Occidente durante siglos, ha ido ganando popularidad en los \u00faltimos a\u00f1os. Se utiliza regularmente en tratamientos fitoterap\u00e9uticos.\u00a0<strong>F\u00e1cil de preparar<\/strong>, Podr\u00e1s recargarte de forma natural en casa.<\/p>\n<h2><strong>\u00bfQu\u00e9 es la corteza de eucomina Du Zhong?<\/strong><\/h2>\n<p>Este \u00e1rbol procede de China, pero puede crecer en cualquier suelo h\u00famedo. Para que su corteza tenga sus propiedades vigorizantes, el tronco debe tener al menos 15 a\u00f1os.<\/p>\n<p>Cuenta la leyenda china que un hombre llamado\u00a0<strong>Du Zhong<\/strong>\u00a0sol\u00eda comer todos los d\u00edas la corteza de este \u00e1rbol. Como resultado, mejor\u00f3 considerablemente su rendimiento intelectual y vivi\u00f3 hasta los 100 a\u00f1os.<\/p>\n<p>La corteza debe su nombre a este hombre. Hoy en d\u00eda, si buscas este remedio natural, lo encontrar\u00e1s m\u00e1s f\u00e1cilmente con este nombre.<\/p>\n<h2><strong>Eucommia ulmoides (\u675c\u4ef2): un estimulante de los ri\u00f1ones y el h\u00edgado<\/strong><\/h2>\n<p>Los principios activos act\u00faan sobre\u00a0<strong>h\u00edgado y ri\u00f1\u00f3n<\/strong>. El h\u00edgado\u00a0<strong>aumenta tu vitalidad<\/strong>. Como resultado, se\u00a0<strong>m\u00e1s eficiente<\/strong>\u00a0para almacenar y redistribuir la energ\u00eda en su cuerpo. Se trata de una condici\u00f3n sine qua non para sentirse con energ\u00eda.\u00a0<strong>en forma<\/strong>. El ri\u00f1\u00f3n, por su parte, se librar\u00e1 del exceso de toxinas y podr\u00e1 seguir eliminando sus residuos org\u00e1nicos para mantener su organismo en equilibrio.<\/p>\n<h3><strong>Un regulador de la tensi\u00f3n arterial<\/strong><\/h3>\n<p>Aqu\u00ed, los \u00e1rboles son m\u00e1s conocidos por su efecto en el medio ambiente.\u2019<strong>hipertensi\u00f3n<\/strong>. Los estudios han demostrado que su acci\u00f3n puede reducir la presi\u00f3n arterial. Como resultado, se utiliza no s\u00f3lo para la prevenci\u00f3n, sino tambi\u00e9n para\u00a0<strong>curar las enfermedades cardiovasculares\u00a0<\/strong>ya que la hipertensi\u00f3n arterial es una de las principales causas. Para una buena regulaci\u00f3n, pruebe tambi\u00e9n\u00a0<a href=\"https:\/\/www.safinel.fr\/es\/product-2\/hojas-de-fumbwa\/\"><strong>Hojas de Fumbwa<\/strong><\/a>\u00a0comer como verduras<\/p>\n<h2><strong>Fortalecer tendones y huesos con Du Zhong<\/strong><\/h2>\n<p>Los chinos lo conocen como un remedio que\u00a0<strong>alivia dolores y molestias<\/strong>, sino tambi\u00e9n\u00a0<strong>debilidades \u00f3seas y ligamentosas<\/strong>. Tomarlo regularmente trata\u00a0<strong>dolor de espalda<\/strong>\u00a0y la inflamaci\u00f3n, en particular\u2019<strong>artritis<\/strong>. Tambi\u00e9n se recomienda para\u00a0<strong>aliviar la artrosis<\/strong>.<\/p>\n<h3><strong>Un amigo para los diab\u00e9ticos<\/strong><\/h3>\n<p>La captura de Du Zhong\u00a0<strong>(\u675c\u4ef2)<\/strong>, como\u00a0<a href=\"https:\/\/www.safinel.fr\/es\/product-2\/moringa\/\"><strong>polvo<\/strong>\u00a0<strong>Moringa<\/strong><\/a>, ayudar\u00e1\u00a0<strong>reducir los niveles de az\u00facar<\/strong>\u00a0cuando sube demasiado. Es el tratamiento natural esencial para los diab\u00e9ticos, como la\u00a0<a href=\"https:\/\/www.safinel.fr\/es\/product-2\/raiz-de-rehmannia\/\"><strong>Ra\u00edz de Rehmannia<\/strong><\/a>. Sin embargo, como todos los medicamentos naturales, tendr\u00e1 que esperar unas semanas para ver resultados convincentes.<\/p>\n<h3><strong>\u00bfSe puede administrar Du Zhong a todo el mundo?<\/strong><\/h3>\n<p>Est\u00e1 contraindicado para las personas que toman medicaci\u00f3n para tratar la diabetes, la hipertensi\u00f3n y todos los problemas relacionados con la coagulaci\u00f3n de la sangre.<\/p>\n<h3><strong>\u00bfC\u00f3mo se prepara la Eucommia ulmoides (\u675c\u4ef2)?<\/strong><\/h3>\n<ul>\n<li>La dosis diaria recomendada es de 15 gramos, que se preparan en decocci\u00f3n.<\/li>\n<li>Lavar y picar seg\u00fan sea necesario.<\/li>\n<li>Hervir durante un cuarto de hora y colar antes de beber.<\/li>\n<\/ul>\n<p>Le recordamos que los tratamientos naturales, a diferencia de los medicamentos qu\u00edmicos, deben tomarse con regularidad y durante un periodo m\u00e1s o menos largo para tener un efecto duradero. Espere de 3 a 5 semanas para obtener efectos concluyentes.<\/p>","protected":false},"excerpt":{"rendered":"<p>La corteza de Eucomine Du Zhong se utiliza por sus efectos tonificantes sobre el h\u00edgado, los ri\u00f1ones, los tendones y los huesos. Este medicamento natural forma parte de la medicina natural china. Desconocido en Occidente durante siglos, desde hace unos a\u00f1os est\u00e1 empezando a darse a conocer. As\u00ed, se encuentra habitualmente en tratamientos de fitoterapia. F\u00e1cil de preparar, podr\u00e1 [\u2026]","protected":false},"featured_media":3325,"template":"","meta":[],"product_brand":[],"product_cat":[15],"product_tag":[],"class_list":{"0":"post-3324","1":"product","2":"type-product","3":"status-publish","4":"has-post-thumbnail","6":"product_cat-fertilite","8":"first","9":"instock","10":"shipping-taxable","11":"purchasable","12":"product-type-simple"},"yoast_head":"<!-- This site is optimized with the Yoast SEO plugin v26.6 - https:\/\/yoast.com\/wordpress\/plugins\/seo\/ -->\n<title>Du zhong I Eucommia ulmoides (\u675c\u4ef2) I Contenance 100g<\/title>\n<meta name=\"description\" content=\"L\u2019\u00e9corce d\u2019Eucomine Du Zhong est utilis\u00e9e pour ses effets tonifiants sur le\u00a0foie, le\u00a0rein, les\u00a0tendons\u00a0et les\u00a0os. D\u00e9couvrez-l\u00e0 sans plus attendre !\" \/>\n<meta name=\"robots\" content=\"index, follow, max-snippet:-1, max-image-preview:large, max-video-preview:-1\" \/>\n<link rel=\"canonical\" href=\"https:\/\/www.safinel.fr\/es\/product-2\/du-zhong-eucommia-ulmoides\/\" \/>\n<meta property=\"og:locale\" content=\"es_ES\" \/>\n<meta property=\"og:type\" content=\"article\" \/>\n<meta property=\"og:title\" content=\"Du zhong I Eucommia ulmoides (\u675c\u4ef2) I Contenance 100g\" \/>\n<meta property=\"og:description\" content=\"L\u2019\u00e9corce d\u2019Eucomine Du Zhong est utilis\u00e9e pour ses effets tonifiants sur le\u00a0foie, le\u00a0rein, les\u00a0tendons\u00a0et les\u00a0os. D\u00e9couvrez-l\u00e0 sans plus attendre !\" \/>\n<meta property=\"og:url\" content=\"https:\/\/www.safinel.fr\/es\/product-2\/du-zhong-eucommia-ulmoides\/\" \/>\n<meta property=\"og:site_name\" content=\"Safinel\" \/>\n<meta property=\"article:modified_time\" content=\"2023-12-30T12:25:42+00:00\" \/>\n<meta property=\"og:image\" content=\"https:\/\/www.safinel.fr\/wp-content\/uploads\/2022\/10\/ecorce-dEucomine.jpg\" \/>\n\t<meta property=\"og:image:width\" content=\"600\" \/>\n\t<meta property=\"og:image:height\" content=\"600\" \/>\n\t<meta property=\"og:image:type\" content=\"image\/jpeg\" \/>\n<meta name=\"twitter:card\" content=\"summary_large_image\" \/>\n<meta name=\"twitter:label1\" content=\"Tiempo de lectura\" \/>\n\t<meta name=\"twitter:data1\" content=\"3 minutos\" \/>\n<script type=\"application\/ld+json\" class=\"yoast-schema-graph\">{\"@context\":\"https:\/\/schema.org\",\"@graph\":[{\"@type\":\"WebPage\",\"@id\":\"https:\/\/www.safinel.fr\/produit\/du-zhong-eucommia-ulmoides\/\",\"url\":\"https:\/\/www.safinel.fr\/produit\/du-zhong-eucommia-ulmoides\/\",\"name\":\"Du zhong I Eucommia ulmoides (\u675c\u4ef2) I Contenance 100g\",\"isPartOf\":{\"@id\":\"https:\/\/www.safinel.fr\/#website\"},\"primaryImageOfPage\":{\"@id\":\"https:\/\/www.safinel.fr\/produit\/du-zhong-eucommia-ulmoides\/#primaryimage\"},\"image\":{\"@id\":\"https:\/\/www.safinel.fr\/produit\/du-zhong-eucommia-ulmoides\/#primaryimage\"},\"thumbnailUrl\":\"https:\/\/www.safinel.fr\/wp-content\/uploads\/2022\/10\/ecorce-dEucomine.jpg\",\"datePublished\":\"2022-10-28T09:43:04+00:00\",\"dateModified\":\"2023-12-30T12:25:42+00:00\",\"description\":\"L\u2019\u00e9corce d\u2019Eucomine Du Zhong est utilis\u00e9e pour ses effets tonifiants sur le\u00a0foie, le\u00a0rein, les\u00a0tendons\u00a0et les\u00a0os. D\u00e9couvrez-l\u00e0 sans plus attendre !\",\"breadcrumb\":{\"@id\":\"https:\/\/www.safinel.fr\/produit\/du-zhong-eucommia-ulmoides\/#breadcrumb\"},\"inLanguage\":\"es\",\"potentialAction\":[{\"@type\":\"ReadAction\",\"target\":[\"https:\/\/www.safinel.fr\/produit\/du-zhong-eucommia-ulmoides\/\"]}]},{\"@type\":\"ImageObject\",\"inLanguage\":\"es\",\"@id\":\"https:\/\/www.safinel.fr\/produit\/du-zhong-eucommia-ulmoides\/#primaryimage\",\"url\":\"https:\/\/www.safinel.fr\/wp-content\/uploads\/2022\/10\/ecorce-dEucomine.jpg\",\"contentUrl\":\"https:\/\/www.safinel.fr\/wp-content\/uploads\/2022\/10\/ecorce-dEucomine.jpg\",\"width\":600,\"height\":600,\"caption\":\"Du zhong (\u00c9corce d\u2019Eucomine) 100g\"},{\"@type\":\"BreadcrumbList\",\"@id\":\"https:\/\/www.safinel.fr\/produit\/du-zhong-eucommia-ulmoides\/#breadcrumb\",\"itemListElement\":[{\"@type\":\"ListItem\",\"position\":1,\"name\":\"Accueil\",\"item\":\"https:\/\/www.safinel.fr\/\"},{\"@type\":\"ListItem\",\"position\":2,\"name\":\"Boutique\",\"item\":\"https:\/\/www.safinel.fr\/boutique\/\"},{\"@type\":\"ListItem\",\"position\":3,\"name\":\"Du zhong (\u00c9corce d&#8217;Eucomine) 100g\"}]},{\"@type\":\"WebSite\",\"@id\":\"https:\/\/www.safinel.fr\/#website\",\"url\":\"https:\/\/www.safinel.fr\/\",\"name\":\"Safinel\",\"description\":\"\",\"publisher\":{\"@id\":\"https:\/\/www.safinel.fr\/#organization\"},\"potentialAction\":[{\"@type\":\"SearchAction\",\"target\":{\"@type\":\"EntryPoint\",\"urlTemplate\":\"https:\/\/www.safinel.fr\/?s={search_term_string}\"},\"query-input\":{\"@type\":\"PropertyValueSpecification\",\"valueRequired\":true,\"valueName\":\"search_term_string\"}}],\"inLanguage\":\"es\"},{\"@type\":\"Organization\",\"@id\":\"https:\/\/www.safinel.fr\/#organization\",\"name\":\"Safinel\",\"url\":\"https:\/\/www.safinel.fr\/\",\"logo\":{\"@type\":\"ImageObject\",\"inLanguage\":\"es\",\"@id\":\"https:\/\/www.safinel.fr\/#\/schema\/logo\/image\/\",\"url\":\"https:\/\/www.safinel.fr\/wp-content\/uploads\/2021\/05\/boutique-cosmetique.png\",\"contentUrl\":\"https:\/\/www.safinel.fr\/wp-content\/uploads\/2021\/05\/boutique-cosmetique.png\",\"width\":800,\"height\":200,\"caption\":\"Safinel\"},\"image\":{\"@id\":\"https:\/\/www.safinel.fr\/#\/schema\/logo\/image\/\"}}]}<\/script>\n<!-- \/ Yoast SEO plugin. -->","yoast_head_json":{"title":"Du zhong I Eucommia ulmoides (\u675c\u4ef2) I Capacidad 100g","description":"La corteza de eucomina Du Zhong se utiliza por sus efectos tonificantes sobre el h\u00edgado, los ri\u00f1ones, los tendones y los huesos. \u00a1Desc\u00fabrala ahora!","robots":{"index":"index","follow":"follow","max-snippet":"max-snippet:-1","max-image-preview":"max-image-preview:large","max-video-preview":"max-video-preview:-1"},"canonical":"https:\/\/www.safinel.fr\/es\/product-2\/du-zhong-eucommia-ulmoides\/","og_locale":"es_ES","og_type":"article","og_title":"Du zhong I Eucommia ulmoides (\u675c\u4ef2) I Contenance 100g","og_description":"L\u2019\u00e9corce d\u2019Eucomine Du Zhong est utilis\u00e9e pour ses effets tonifiants sur le\u00a0foie, le\u00a0rein, les\u00a0tendons\u00a0et les\u00a0os. D\u00e9couvrez-l\u00e0 sans plus attendre !","og_url":"https:\/\/www.safinel.fr\/es\/product-2\/du-zhong-eucommia-ulmoides\/","og_site_name":"Safinel","article_modified_time":"2023-12-30T12:25:42+00:00","og_image":[{"width":600,"height":600,"url":"https:\/\/www.safinel.fr\/wp-content\/uploads\/2022\/10\/ecorce-dEucomine.jpg","type":"image\/jpeg"}],"twitter_card":"summary_large_image","twitter_misc":{"Tiempo de lectura":"3 minutos"},"schema":{"@context":"https:\/\/schema.org","@graph":[{"@type":"WebPage","@id":"https:\/\/www.safinel.fr\/produit\/du-zhong-eucommia-ulmoides\/","url":"https:\/\/www.safinel.fr\/produit\/du-zhong-eucommia-ulmoides\/","name":"Du zhong I Eucommia ulmoides (\u675c\u4ef2) I Capacidad 100g","isPartOf":{"@id":"https:\/\/www.safinel.fr\/#website"},"primaryImageOfPage":{"@id":"https:\/\/www.safinel.fr\/produit\/du-zhong-eucommia-ulmoides\/#primaryimage"},"image":{"@id":"https:\/\/www.safinel.fr\/produit\/du-zhong-eucommia-ulmoides\/#primaryimage"},"thumbnailUrl":"https:\/\/www.safinel.fr\/wp-content\/uploads\/2022\/10\/ecorce-dEucomine.jpg","datePublished":"2022-10-28T09:43:04+00:00","dateModified":"2023-12-30T12:25:42+00:00","description":"La corteza de eucomina Du Zhong se utiliza por sus efectos tonificantes sobre el h\u00edgado, los ri\u00f1ones, los tendones y los huesos. \u00a1Desc\u00fabrala ahora!","breadcrumb":{"@id":"https:\/\/www.safinel.fr\/produit\/du-zhong-eucommia-ulmoides\/#breadcrumb"},"inLanguage":"es","potentialAction":[{"@type":"ReadAction","target":["https:\/\/www.safinel.fr\/produit\/du-zhong-eucommia-ulmoides\/"]}]},{"@type":"ImageObject","inLanguage":"es","@id":"https:\/\/www.safinel.fr\/produit\/du-zhong-eucommia-ulmoides\/#primaryimage","url":"https:\/\/www.safinel.fr\/wp-content\/uploads\/2022\/10\/ecorce-dEucomine.jpg","contentUrl":"https:\/\/www.safinel.fr\/wp-content\/uploads\/2022\/10\/ecorce-dEucomine.jpg","width":600,"height":600,"caption":"Du zhong (\u00c9corce d\u2019Eucomine) 100g"},{"@type":"BreadcrumbList","@id":"https:\/\/www.safinel.fr\/produit\/du-zhong-eucommia-ulmoides\/#breadcrumb","itemListElement":[{"@type":"ListItem","position":1,"name":"Accueil","item":"https:\/\/www.safinel.fr\/"},{"@type":"ListItem","position":2,"name":"Boutique","item":"https:\/\/www.safinel.fr\/boutique\/"},{"@type":"ListItem","position":3,"name":"Du zhong (\u00c9corce d&#8217;Eucomine) 100g"}]},{"@type":"WebSite","@id":"https:\/\/www.safinel.fr\/#website","url":"https:\/\/www.safinel.fr\/","name":"Safinel","description":"","publisher":{"@id":"https:\/\/www.safinel.fr\/#organization"},"potentialAction":[{"@type":"SearchAction","target":{"@type":"EntryPoint","urlTemplate":"https:\/\/www.safinel.fr\/?s={search_term_string}"},"query-input":{"@type":"PropertyValueSpecification","valueRequired":true,"valueName":"search_term_string"}}],"inLanguage":"es"},{"@type":"Organization","@id":"https:\/\/www.safinel.fr\/#organization","name":"Safinel","url":"https:\/\/www.safinel.fr\/","logo":{"@type":"ImageObject","inLanguage":"es","@id":"https:\/\/www.safinel.fr\/#\/schema\/logo\/image\/","url":"https:\/\/www.safinel.fr\/wp-content\/uploads\/2021\/05\/boutique-cosmetique.png","contentUrl":"https:\/\/www.safinel.fr\/wp-content\/uploads\/2021\/05\/boutique-cosmetique.png","width":800,"height":200,"caption":"Safinel"},"image":{"@id":"https:\/\/www.safinel.fr\/#\/schema\/logo\/image\/"}}]}},"_links":{"self":[{"href":"https:\/\/www.safinel.fr\/es\/wp-json\/wp\/v2\/product\/3324","targetHints":{"allow":["GET"]}}],"collection":[{"href":"https:\/\/www.safinel.fr\/es\/wp-json\/wp\/v2\/product"}],"about":[{"href":"https:\/\/www.safinel.fr\/es\/wp-json\/wp\/v2\/types\/product"}],"wp:featuredmedia":[{"embeddable":true,"href":"https:\/\/www.safinel.fr\/es\/wp-json\/wp\/v2\/media\/3325"}],"wp:attachment":[{"href":"https:\/\/www.safinel.fr\/es\/wp-json\/wp\/v2\/media?parent=3324"}],"wp:term":[{"taxonomy":"product_brand","embeddable":true,"href":"https:\/\/www.safinel.fr\/es\/wp-json\/wp\/v2\/product_brand?post=3324"},{"taxonomy":"product_cat","embeddable":true,"href":"https:\/\/www.safinel.fr\/es\/wp-json\/wp\/v2\/product_cat?post=3324"},{"taxonomy":"product_tag","embeddable":true,"href":"https:\/\/www.safinel.fr\/es\/wp-json\/wp\/v2\/product_tag?post=3324"}],"curies":[{"name":"wp","href":"https:\/\/api.w.org\/{rel}","templated":true}]}}