{"id":3317,"date":"2021-10-27T09:52:03","date_gmt":"2021-10-27T09:52:03","guid":{"rendered":"https:\/\/www.safinel.fr\/?post_type=product&#038;p=3317"},"modified":"2024-01-22T16:40:07","modified_gmt":"2024-01-22T16:40:07","slug":"te-de-hierbas-para-el-cabello","status":"publish","type":"product","link":"https:\/\/www.safinel.fr\/es\/product-2\/te-de-hierbas-para-el-cabello\/","title":{"rendered":"Infusi\u00f3n para el cabello"},"content":{"rendered":"<p>\u00a1Tu tienda online Safinel tiene una sorpresa para ti! No espere m\u00e1s para descubrir un\u00a0<strong>cosm\u00e9tica capilar natural\u00a0<\/strong>que seguro que te conquistar\u00e1. Deja paso a<strong>\u00a0t\u00e9 de hierbas para el cabello<\/strong>\u00a0!<\/p>\n<h2><strong>Presentaciones de infusiones capilares\u00a0<\/strong><\/h2>\n<p>Baobab, neem, moringa e hibisco: he aqu\u00ed una mezcla ingeniosamente concebida para hacerle la vida m\u00e1s f\u00e1cil.\u00a0<strong><a href=\"https:\/\/www.safinel.fr\/es\/product-category-2\/botox-capilar\/\">cuidado del cabello<\/a>\u00a0<\/strong>\u00a1que promete tanto! Su boutique Safinel desea presentarle el<strong>\u00a0t\u00e9 de hierbas para el cabello<\/strong>\u00a0\u00a1! Muy conocida en algunos pa\u00edses africanos, esta tisana es una composici\u00f3n de ingredientes muy \u00fatiles, sobre todo para la\u00a0<strong>tratamiento capilar<\/strong>.<\/p>\n<p>Adem\u00e1s, como mascarilla, champ\u00fa y crema 3 en 1, \u00a1podr\u00eda convertirse en el producto imprescindible de su cuarto de ba\u00f1o! Su envase de 100 g es una aut\u00e9ntica ventaja para quienes desean un cuidado duradero del cabello.<\/p>\n<h2><strong>C\u00f3mo utilizar la tisana capilar\u00a0<\/strong><\/h2>\n<p>Ahora que est\u00e1 convencido de ello<strong>\u00a0cuidado del cabello<\/strong>, Ha llegado el momento de ponerse manos a la obra y hablar de aspectos pr\u00e1cticos.<\/p>\n<ul>\n<li>Para empezar, coge un recipiente grande.<\/li>\n<li>A continuaci\u00f3n, a\u00f1ada una cucharada y media de<strong>\u00a0t\u00e9 para el cabello<\/strong>.<\/li>\n<li>Al mismo tiempo, hierve unos 2 litros de agua.<\/li>\n<li>Una vez hirviendo, verter en el recipiente que contiene las hojas de t\u00e9.<\/li>\n<li>Tapar y dejar reposar. Desechar las hojas de t\u00e9<\/li>\n<li>Y ahora, \u00a1disfruta de esta infusi\u00f3n como se debe aplic\u00e1ndola directamente sobre el cabello!<\/li>\n<\/ul>\n<h3><strong>Tu tienda Safinel tiene algo nuevo para ti.\u00a0<\/strong><\/h3>\n<p>Por \u00faltimo, si a usted tambi\u00e9n le gustan las sorpresas, \u00a1est\u00e1 de enhorabuena! Su tienda en l\u00ednea especializada en\u00a0<strong>productos de bienestar<\/strong>\u00a0desea presentarle algunos productos nuevos.<\/p>\n<p>En primer lugar, \u00a1empecemos con un producto para mujeres! \u00bfHa o\u00eddo hablar alguna vez de<a href=\"https:\/\/www.safinel.fr\/es\/product-2\/yokebe\/\">\u2019<strong>aceite de yokobe<\/strong><\/a>\u00a0? Es conocido por a\u00f1adir volumen a tu trasero. Se\u00f1oras, prep\u00e1rense para ser la envidia de sus compa\u00f1eras...<\/p>\n<p>A continuaci\u00f3n, descubra la\u00a0<a href=\"https:\/\/www.safinel.fr\/es\/product-2\/turkesterona-en-polvo\/\"><strong>Turkesterone<\/strong><\/a>\u00a0\u00a1! Un producto que parece ser beneficioso para los deportistas, especialmente para aumentar la masa muscular.<\/p>","protected":false},"excerpt":{"rendered":"<p>Votre boutique en ligne Safinel a une surprise pour vous ! D\u00e9couvrez sans plus attendre un\u00a0cosm\u00e9tique capillaire naturel\u00a0qui risque de rapidement vous s\u00e9duire. Place \u00e0 la\u00a0tisane pour cheveux\u00a0! Les pr\u00e9sentations de la tisane pour cheveux\u00a0 Baobab, neem, moringa et hibiscus : voici un m\u00e9lange savamment con\u00e7u pour un\u00a0soin capillaire\u00a0qui promet ! En effet, votre boutique [&#8230;]","protected":false},"featured_media":4093,"template":"","meta":[],"product_brand":[],"product_cat":[19],"product_tag":[],"class_list":{"0":"post-3317","1":"product","2":"type-product","3":"status-publish","4":"has-post-thumbnail","6":"product_cat-thes-tisanes","8":"first","9":"outofstock","10":"shipping-taxable","11":"purchasable","12":"product-type-simple"},"yoast_head":"<!-- This site is optimized with the Yoast SEO plugin v26.6 - https:\/\/yoast.com\/wordpress\/plugins\/seo\/ -->\n<title>Tisane pour cheveux I Cosm\u00e9tique capillaire I Soin cheveux<\/title>\n<meta name=\"description\" content=\"D\u00e9couvrez sans plus attendre un\u00a0cosm\u00e9tique capillaire naturel\u00a0qui risque de rapidement vous s\u00e9duire. Place \u00e0 la\u00a0tisane pour cheveux\u00a0!\" \/>\n<meta name=\"robots\" content=\"index, follow, max-snippet:-1, max-image-preview:large, max-video-preview:-1\" \/>\n<link rel=\"canonical\" href=\"https:\/\/www.safinel.fr\/es\/product-2\/te-de-hierbas-para-el-cabello\/\" \/>\n<meta property=\"og:locale\" content=\"es_ES\" \/>\n<meta property=\"og:type\" content=\"article\" \/>\n<meta property=\"og:title\" content=\"Tisane pour cheveux I Cosm\u00e9tique capillaire I Soin cheveux\" \/>\n<meta property=\"og:description\" content=\"D\u00e9couvrez sans plus attendre un\u00a0cosm\u00e9tique capillaire naturel\u00a0qui risque de rapidement vous s\u00e9duire. Place \u00e0 la\u00a0tisane pour cheveux\u00a0!\" \/>\n<meta property=\"og:url\" content=\"https:\/\/www.safinel.fr\/es\/product-2\/te-de-hierbas-para-el-cabello\/\" \/>\n<meta property=\"og:site_name\" content=\"Safinel\" \/>\n<meta property=\"article:modified_time\" content=\"2024-01-22T16:40:07+00:00\" \/>\n<meta property=\"og:image\" content=\"https:\/\/www.safinel.fr\/wp-content\/uploads\/2021\/10\/tisane-cheveux.jpg\" \/>\n\t<meta property=\"og:image:width\" content=\"586\" \/>\n\t<meta property=\"og:image:height\" content=\"600\" \/>\n\t<meta property=\"og:image:type\" content=\"image\/jpeg\" \/>\n<meta name=\"twitter:card\" content=\"summary_large_image\" \/>\n<meta name=\"twitter:label1\" content=\"Tiempo de lectura\" \/>\n\t<meta name=\"twitter:data1\" content=\"2 minutos\" \/>\n<script type=\"application\/ld+json\" class=\"yoast-schema-graph\">{\"@context\":\"https:\/\/schema.org\",\"@graph\":[{\"@type\":\"WebPage\",\"@id\":\"https:\/\/www.safinel.fr\/produit\/tisane-pour-cheveux\/\",\"url\":\"https:\/\/www.safinel.fr\/produit\/tisane-pour-cheveux\/\",\"name\":\"Tisane pour cheveux I Cosm\u00e9tique capillaire I Soin cheveux\",\"isPartOf\":{\"@id\":\"https:\/\/www.safinel.fr\/#website\"},\"primaryImageOfPage\":{\"@id\":\"https:\/\/www.safinel.fr\/produit\/tisane-pour-cheveux\/#primaryimage\"},\"image\":{\"@id\":\"https:\/\/www.safinel.fr\/produit\/tisane-pour-cheveux\/#primaryimage\"},\"thumbnailUrl\":\"https:\/\/www.safinel.fr\/wp-content\/uploads\/2021\/10\/tisane-cheveux.jpg\",\"datePublished\":\"2021-10-27T09:52:03+00:00\",\"dateModified\":\"2024-01-22T16:40:07+00:00\",\"description\":\"D\u00e9couvrez sans plus attendre un\u00a0cosm\u00e9tique capillaire naturel\u00a0qui risque de rapidement vous s\u00e9duire. Place \u00e0 la\u00a0tisane pour cheveux\u00a0!\",\"breadcrumb\":{\"@id\":\"https:\/\/www.safinel.fr\/produit\/tisane-pour-cheveux\/#breadcrumb\"},\"inLanguage\":\"es\",\"potentialAction\":[{\"@type\":\"ReadAction\",\"target\":[\"https:\/\/www.safinel.fr\/produit\/tisane-pour-cheveux\/\"]}]},{\"@type\":\"ImageObject\",\"inLanguage\":\"es\",\"@id\":\"https:\/\/www.safinel.fr\/produit\/tisane-pour-cheveux\/#primaryimage\",\"url\":\"https:\/\/www.safinel.fr\/wp-content\/uploads\/2021\/10\/tisane-cheveux.jpg\",\"contentUrl\":\"https:\/\/www.safinel.fr\/wp-content\/uploads\/2021\/10\/tisane-cheveux.jpg\",\"width\":586,\"height\":600},{\"@type\":\"BreadcrumbList\",\"@id\":\"https:\/\/www.safinel.fr\/produit\/tisane-pour-cheveux\/#breadcrumb\",\"itemListElement\":[{\"@type\":\"ListItem\",\"position\":1,\"name\":\"Accueil\",\"item\":\"https:\/\/www.safinel.fr\/\"},{\"@type\":\"ListItem\",\"position\":2,\"name\":\"Boutique\",\"item\":\"https:\/\/www.safinel.fr\/boutique\/\"},{\"@type\":\"ListItem\",\"position\":3,\"name\":\"Tisane pour les cheveux\"}]},{\"@type\":\"WebSite\",\"@id\":\"https:\/\/www.safinel.fr\/#website\",\"url\":\"https:\/\/www.safinel.fr\/\",\"name\":\"Safinel\",\"description\":\"\",\"publisher\":{\"@id\":\"https:\/\/www.safinel.fr\/#organization\"},\"potentialAction\":[{\"@type\":\"SearchAction\",\"target\":{\"@type\":\"EntryPoint\",\"urlTemplate\":\"https:\/\/www.safinel.fr\/?s={search_term_string}\"},\"query-input\":{\"@type\":\"PropertyValueSpecification\",\"valueRequired\":true,\"valueName\":\"search_term_string\"}}],\"inLanguage\":\"es\"},{\"@type\":\"Organization\",\"@id\":\"https:\/\/www.safinel.fr\/#organization\",\"name\":\"Safinel\",\"url\":\"https:\/\/www.safinel.fr\/\",\"logo\":{\"@type\":\"ImageObject\",\"inLanguage\":\"es\",\"@id\":\"https:\/\/www.safinel.fr\/#\/schema\/logo\/image\/\",\"url\":\"https:\/\/www.safinel.fr\/wp-content\/uploads\/2021\/05\/boutique-cosmetique.png\",\"contentUrl\":\"https:\/\/www.safinel.fr\/wp-content\/uploads\/2021\/05\/boutique-cosmetique.png\",\"width\":800,\"height\":200,\"caption\":\"Safinel\"},\"image\":{\"@id\":\"https:\/\/www.safinel.fr\/#\/schema\/logo\/image\/\"}}]}<\/script>\n<!-- \/ Yoast SEO plugin. -->","yoast_head_json":{"title":"Infusiones para el cabello I Cosm\u00e9tica capilar I Cuidado del cabello","description":"Descubre un cosm\u00e9tico capilar natural que seguro te conquistar\u00e1. \u00a1Deja paso a la tisana capilar!","robots":{"index":"index","follow":"follow","max-snippet":"max-snippet:-1","max-image-preview":"max-image-preview:large","max-video-preview":"max-video-preview:-1"},"canonical":"https:\/\/www.safinel.fr\/es\/product-2\/te-de-hierbas-para-el-cabello\/","og_locale":"es_ES","og_type":"article","og_title":"Tisane pour cheveux I Cosm\u00e9tique capillaire I Soin cheveux","og_description":"D\u00e9couvrez sans plus attendre un\u00a0cosm\u00e9tique capillaire naturel\u00a0qui risque de rapidement vous s\u00e9duire. Place \u00e0 la\u00a0tisane pour cheveux\u00a0!","og_url":"https:\/\/www.safinel.fr\/es\/product-2\/te-de-hierbas-para-el-cabello\/","og_site_name":"Safinel","article_modified_time":"2024-01-22T16:40:07+00:00","og_image":[{"width":586,"height":600,"url":"https:\/\/www.safinel.fr\/wp-content\/uploads\/2021\/10\/tisane-cheveux.jpg","type":"image\/jpeg"}],"twitter_card":"summary_large_image","twitter_misc":{"Tiempo de lectura":"2 minutos"},"schema":{"@context":"https:\/\/schema.org","@graph":[{"@type":"WebPage","@id":"https:\/\/www.safinel.fr\/produit\/tisane-pour-cheveux\/","url":"https:\/\/www.safinel.fr\/produit\/tisane-pour-cheveux\/","name":"Infusiones para el cabello I Cosm\u00e9tica capilar I Cuidado del cabello","isPartOf":{"@id":"https:\/\/www.safinel.fr\/#website"},"primaryImageOfPage":{"@id":"https:\/\/www.safinel.fr\/produit\/tisane-pour-cheveux\/#primaryimage"},"image":{"@id":"https:\/\/www.safinel.fr\/produit\/tisane-pour-cheveux\/#primaryimage"},"thumbnailUrl":"https:\/\/www.safinel.fr\/wp-content\/uploads\/2021\/10\/tisane-cheveux.jpg","datePublished":"2021-10-27T09:52:03+00:00","dateModified":"2024-01-22T16:40:07+00:00","description":"Descubre un cosm\u00e9tico capilar natural que seguro te conquistar\u00e1. \u00a1Deja paso a la tisana capilar!","breadcrumb":{"@id":"https:\/\/www.safinel.fr\/produit\/tisane-pour-cheveux\/#breadcrumb"},"inLanguage":"es","potentialAction":[{"@type":"ReadAction","target":["https:\/\/www.safinel.fr\/produit\/tisane-pour-cheveux\/"]}]},{"@type":"ImageObject","inLanguage":"es","@id":"https:\/\/www.safinel.fr\/produit\/tisane-pour-cheveux\/#primaryimage","url":"https:\/\/www.safinel.fr\/wp-content\/uploads\/2021\/10\/tisane-cheveux.jpg","contentUrl":"https:\/\/www.safinel.fr\/wp-content\/uploads\/2021\/10\/tisane-cheveux.jpg","width":586,"height":600},{"@type":"BreadcrumbList","@id":"https:\/\/www.safinel.fr\/produit\/tisane-pour-cheveux\/#breadcrumb","itemListElement":[{"@type":"ListItem","position":1,"name":"Accueil","item":"https:\/\/www.safinel.fr\/"},{"@type":"ListItem","position":2,"name":"Boutique","item":"https:\/\/www.safinel.fr\/boutique\/"},{"@type":"ListItem","position":3,"name":"Tisane pour les cheveux"}]},{"@type":"WebSite","@id":"https:\/\/www.safinel.fr\/#website","url":"https:\/\/www.safinel.fr\/","name":"Safinel","description":"","publisher":{"@id":"https:\/\/www.safinel.fr\/#organization"},"potentialAction":[{"@type":"SearchAction","target":{"@type":"EntryPoint","urlTemplate":"https:\/\/www.safinel.fr\/?s={search_term_string}"},"query-input":{"@type":"PropertyValueSpecification","valueRequired":true,"valueName":"search_term_string"}}],"inLanguage":"es"},{"@type":"Organization","@id":"https:\/\/www.safinel.fr\/#organization","name":"Safinel","url":"https:\/\/www.safinel.fr\/","logo":{"@type":"ImageObject","inLanguage":"es","@id":"https:\/\/www.safinel.fr\/#\/schema\/logo\/image\/","url":"https:\/\/www.safinel.fr\/wp-content\/uploads\/2021\/05\/boutique-cosmetique.png","contentUrl":"https:\/\/www.safinel.fr\/wp-content\/uploads\/2021\/05\/boutique-cosmetique.png","width":800,"height":200,"caption":"Safinel"},"image":{"@id":"https:\/\/www.safinel.fr\/#\/schema\/logo\/image\/"}}]}},"_links":{"self":[{"href":"https:\/\/www.safinel.fr\/es\/wp-json\/wp\/v2\/product\/3317","targetHints":{"allow":["GET"]}}],"collection":[{"href":"https:\/\/www.safinel.fr\/es\/wp-json\/wp\/v2\/product"}],"about":[{"href":"https:\/\/www.safinel.fr\/es\/wp-json\/wp\/v2\/types\/product"}],"wp:featuredmedia":[{"embeddable":true,"href":"https:\/\/www.safinel.fr\/es\/wp-json\/wp\/v2\/media\/4093"}],"wp:attachment":[{"href":"https:\/\/www.safinel.fr\/es\/wp-json\/wp\/v2\/media?parent=3317"}],"wp:term":[{"taxonomy":"product_brand","embeddable":true,"href":"https:\/\/www.safinel.fr\/es\/wp-json\/wp\/v2\/product_brand?post=3317"},{"taxonomy":"product_cat","embeddable":true,"href":"https:\/\/www.safinel.fr\/es\/wp-json\/wp\/v2\/product_cat?post=3317"},{"taxonomy":"product_tag","embeddable":true,"href":"https:\/\/www.safinel.fr\/es\/wp-json\/wp\/v2\/product_tag?post=3317"}],"curies":[{"name":"wp","href":"https:\/\/api.w.org\/{rel}","templated":true}]}}