{"id":314,"date":"2021-07-24T18:59:49","date_gmt":"2021-07-24T18:59:49","guid":{"rendered":"https:\/\/www.safinel.fr\/?post_type=product&#038;p=314"},"modified":"2024-07-22T14:30:35","modified_gmt":"2024-07-22T14:30:35","slug":"dentifrico-natural-mentolado-con-polvo-de-siwak-30g","status":"publish","type":"product","link":"https:\/\/www.safinel.fr\/es\/product-2\/dentifrico-natural-mentolado-con-polvo-de-siwak-30g\/","title":{"rendered":"Polvo dent\u00edfrico natural siwak menta 30g"},"content":{"rendered":"<p>La pasta dent\u00edfrica con polvo de Siwak mentolado es un producto natural eficaz.<\/p>\n<p>Y tambi\u00e9n es un producto imprescindible que llenar\u00e1 los corazones de quienes tienen alma de proteger el planeta. Porque no contiene tensioactivos ni otras sustancias cancer\u00edgenas como el Triclos\u00e1n o el Fl\u00faor.<\/p>\n<p>No contiene colorantes, conservantes, productos sint\u00e9ticos ni perfumes, por lo que es un producto natural y vegano. .<\/p>\n<p>Este dent\u00edfrico es suave con los dientes, pero tambi\u00e9n con las enc\u00edas (que son extremadamente sensibles) y las fortalece con suavidad. Ser\u00e1 tu aliado contra la gingivitis. Es igual de eficaz contra la placa y el mal aliento.<\/p>\n<h3>Virtudes del dent\u00edfrico en polvo de menta siwak:<\/h3>\n<p>El dent\u00edfrico Siwak est\u00e1 elaborado con arcilla blanca, una aut\u00e9ntica bendici\u00f3n para enc\u00edas y dientes. Ideal para cosm\u00e9tica y cuidado de la piel, es perfecta para tratar cualquier peque\u00f1a herida e irritaci\u00f3n.<\/p>\n<p>Tambi\u00e9n contiene ramas de Salvadora, conocidas por sus propiedades purificantes y limpiadoras. Pero, sobre todo, es un\u00e1nimemente reconocida por sus propiedades blanqueadoras.<\/p>\n<p>Este dent\u00edfrico tambi\u00e9n contiene carbonato c\u00e1lcico y sus propiedades abrasivas permiten una limpieza impecable de los dientes. El carbonato c\u00e1lcico tambi\u00e9n es conocido por sus propiedades remineralizantes, que ayudan a cuidar el esmalte.<\/p>\n<p>Sin embargo, gracias a la incorporaci\u00f3n de cristales de menta al dent\u00edfrico en polvo Siwak, \u00a1podr\u00e1s olvidarte de tus peque\u00f1os problemas! Concentrados con aceite esencial de menta, revelan toda su frescura y te prometen un aliento por el que no tendr\u00e1s que ruborizarte.<\/p>\n<h3><strong>Instrucciones de uso de la pasta dent\u00edfrica en polvo de menta siwak :<\/strong><\/h3>\n<p>Su composici\u00f3n natural y sencilla est\u00e1 dise\u00f1ada con polvos para facilitar su uso por todos:<\/p>\n<ul>\n<li>Un poco de polvo siwak mentolado en el cepillo de dientes<\/li>\n<li>humedece el polvo y podr\u00e1s cepillarte como de costumbre.<\/li>\n<\/ul>","protected":false},"excerpt":{"rendered":"<p>Le dentifrice \u00e0 la poudre de Siwak menthol\u00e9 est un produit naturel aussi bien qu&rsquo;efficace. Et c&rsquo;est \u00e9galement un in\u00e9luctable qui sera combl\u00e9e le c\u0153ur de ceux qui ont l&rsquo;\u00e2me de prot\u00e9ger la plan\u00e8te . Puisqu&rsquo;il n\u2019est constitu\u00e9 d\u2019aucun tensioactif, ou autres substances canc\u00e9rog\u00e8nes telles que le Triclosan ou le Fluor. Il ne contient aucun [&#8230;]","protected":false},"featured_media":332,"template":"","meta":[],"product_brand":[],"product_cat":[34,40,35],"product_tag":[],"class_list":{"0":"post-314","1":"product","2":"type-product","3":"status-publish","4":"has-post-thumbnail","6":"product_cat-hygiene","7":"product_cat-kb-cosmetique","8":"product_cat-soins-dentaires","10":"first","11":"outofstock","12":"shipping-taxable","13":"purchasable","14":"product-type-simple"},"yoast_head":"<!-- This site is optimized with the Yoast SEO plugin v26.6 - https:\/\/yoast.com\/wordpress\/plugins\/seo\/ -->\n<title>Dentifrice naturel menthol\u00e9 en poudre de siwak 30g - Safinel<\/title>\n<meta name=\"robots\" content=\"index, follow, max-snippet:-1, max-image-preview:large, max-video-preview:-1\" \/>\n<link rel=\"canonical\" href=\"https:\/\/www.safinel.fr\/es\/product-2\/dentifrico-natural-mentolado-con-polvo-de-siwak-30g\/\" \/>\n<meta property=\"og:locale\" content=\"es_ES\" \/>\n<meta property=\"og:type\" content=\"article\" \/>\n<meta property=\"og:title\" content=\"Dentifrice naturel menthol\u00e9 en poudre de siwak 30g - Safinel\" \/>\n<meta property=\"og:description\" content=\"Le dentifrice \u00e0 la poudre de Siwak menthol\u00e9 est un produit naturel aussi bien qu&rsquo;efficace. Et c&rsquo;est \u00e9galement un in\u00e9luctable qui sera combl\u00e9e le c\u0153ur de ceux qui ont l&rsquo;\u00e2me de prot\u00e9ger la plan\u00e8te . Puisqu&rsquo;il n\u2019est constitu\u00e9 d\u2019aucun tensioactif, ou autres substances canc\u00e9rog\u00e8nes telles que le Triclosan ou le Fluor. Il ne contient aucun [...]\" \/>\n<meta property=\"og:url\" content=\"https:\/\/www.safinel.fr\/es\/product-2\/dentifrico-natural-mentolado-con-polvo-de-siwak-30g\/\" \/>\n<meta property=\"og:site_name\" content=\"Safinel\" \/>\n<meta property=\"article:modified_time\" content=\"2024-07-22T14:30:35+00:00\" \/>\n<meta property=\"og:image\" content=\"https:\/\/www.safinel.fr\/wp-content\/uploads\/2021\/07\/dentifrice-naturel-menthole-en-poudre-au-siwak-kb-cosmetique-1.jpg\" \/>\n\t<meta property=\"og:image:width\" content=\"1000\" \/>\n\t<meta property=\"og:image:height\" content=\"1300\" \/>\n\t<meta property=\"og:image:type\" content=\"image\/jpeg\" \/>\n<meta name=\"twitter:card\" content=\"summary_large_image\" \/>\n<meta name=\"twitter:label1\" content=\"Tiempo de lectura\" \/>\n\t<meta name=\"twitter:data1\" content=\"2 minutos\" \/>\n<script type=\"application\/ld+json\" class=\"yoast-schema-graph\">{\"@context\":\"https:\/\/schema.org\",\"@graph\":[{\"@type\":\"WebPage\",\"@id\":\"https:\/\/www.safinel.fr\/produit\/dentifrice-naturel-menthole-en-poudre-de-siwak-30g\/\",\"url\":\"https:\/\/www.safinel.fr\/produit\/dentifrice-naturel-menthole-en-poudre-de-siwak-30g\/\",\"name\":\"Dentifrice naturel menthol\u00e9 en poudre de siwak 30g - Safinel\",\"isPartOf\":{\"@id\":\"https:\/\/www.safinel.fr\/#website\"},\"primaryImageOfPage\":{\"@id\":\"https:\/\/www.safinel.fr\/produit\/dentifrice-naturel-menthole-en-poudre-de-siwak-30g\/#primaryimage\"},\"image\":{\"@id\":\"https:\/\/www.safinel.fr\/produit\/dentifrice-naturel-menthole-en-poudre-de-siwak-30g\/#primaryimage\"},\"thumbnailUrl\":\"https:\/\/www.safinel.fr\/wp-content\/uploads\/2021\/07\/dentifrice-naturel-menthole-en-poudre-au-siwak-kb-cosmetique-1.jpg\",\"datePublished\":\"2021-07-24T18:59:49+00:00\",\"dateModified\":\"2024-07-22T14:30:35+00:00\",\"breadcrumb\":{\"@id\":\"https:\/\/www.safinel.fr\/produit\/dentifrice-naturel-menthole-en-poudre-de-siwak-30g\/#breadcrumb\"},\"inLanguage\":\"es\",\"potentialAction\":[{\"@type\":\"ReadAction\",\"target\":[\"https:\/\/www.safinel.fr\/produit\/dentifrice-naturel-menthole-en-poudre-de-siwak-30g\/\"]}]},{\"@type\":\"ImageObject\",\"inLanguage\":\"es\",\"@id\":\"https:\/\/www.safinel.fr\/produit\/dentifrice-naturel-menthole-en-poudre-de-siwak-30g\/#primaryimage\",\"url\":\"https:\/\/www.safinel.fr\/wp-content\/uploads\/2021\/07\/dentifrice-naturel-menthole-en-poudre-au-siwak-kb-cosmetique-1.jpg\",\"contentUrl\":\"https:\/\/www.safinel.fr\/wp-content\/uploads\/2021\/07\/dentifrice-naturel-menthole-en-poudre-au-siwak-kb-cosmetique-1.jpg\",\"width\":1000,\"height\":1300},{\"@type\":\"BreadcrumbList\",\"@id\":\"https:\/\/www.safinel.fr\/produit\/dentifrice-naturel-menthole-en-poudre-de-siwak-30g\/#breadcrumb\",\"itemListElement\":[{\"@type\":\"ListItem\",\"position\":1,\"name\":\"Accueil\",\"item\":\"https:\/\/www.safinel.fr\/\"},{\"@type\":\"ListItem\",\"position\":2,\"name\":\"Boutique\",\"item\":\"https:\/\/www.safinel.fr\/boutique\/\"},{\"@type\":\"ListItem\",\"position\":3,\"name\":\"Dentifrice naturel menthol\u00e9 en poudre de siwak 30g\"}]},{\"@type\":\"WebSite\",\"@id\":\"https:\/\/www.safinel.fr\/#website\",\"url\":\"https:\/\/www.safinel.fr\/\",\"name\":\"Safinel\",\"description\":\"\",\"publisher\":{\"@id\":\"https:\/\/www.safinel.fr\/#organization\"},\"potentialAction\":[{\"@type\":\"SearchAction\",\"target\":{\"@type\":\"EntryPoint\",\"urlTemplate\":\"https:\/\/www.safinel.fr\/?s={search_term_string}\"},\"query-input\":{\"@type\":\"PropertyValueSpecification\",\"valueRequired\":true,\"valueName\":\"search_term_string\"}}],\"inLanguage\":\"es\"},{\"@type\":\"Organization\",\"@id\":\"https:\/\/www.safinel.fr\/#organization\",\"name\":\"Safinel\",\"url\":\"https:\/\/www.safinel.fr\/\",\"logo\":{\"@type\":\"ImageObject\",\"inLanguage\":\"es\",\"@id\":\"https:\/\/www.safinel.fr\/#\/schema\/logo\/image\/\",\"url\":\"https:\/\/www.safinel.fr\/wp-content\/uploads\/2021\/05\/boutique-cosmetique.png\",\"contentUrl\":\"https:\/\/www.safinel.fr\/wp-content\/uploads\/2021\/05\/boutique-cosmetique.png\",\"width\":800,\"height\":200,\"caption\":\"Safinel\"},\"image\":{\"@id\":\"https:\/\/www.safinel.fr\/#\/schema\/logo\/image\/\"}}]}<\/script>\n<!-- \/ Yoast SEO plugin. -->","yoast_head_json":{"title":"Polvo dent\u00edfrico natural siwak menta 30g - Safinel","robots":{"index":"index","follow":"follow","max-snippet":"max-snippet:-1","max-image-preview":"max-image-preview:large","max-video-preview":"max-video-preview:-1"},"canonical":"https:\/\/www.safinel.fr\/es\/product-2\/dentifrico-natural-mentolado-con-polvo-de-siwak-30g\/","og_locale":"es_ES","og_type":"article","og_title":"Dentifrice naturel menthol\u00e9 en poudre de siwak 30g - Safinel","og_description":"Le dentifrice \u00e0 la poudre de Siwak menthol\u00e9 est un produit naturel aussi bien qu&rsquo;efficace. Et c&rsquo;est \u00e9galement un in\u00e9luctable qui sera combl\u00e9e le c\u0153ur de ceux qui ont l&rsquo;\u00e2me de prot\u00e9ger la plan\u00e8te . Puisqu&rsquo;il n\u2019est constitu\u00e9 d\u2019aucun tensioactif, ou autres substances canc\u00e9rog\u00e8nes telles que le Triclosan ou le Fluor. Il ne contient aucun [...]","og_url":"https:\/\/www.safinel.fr\/es\/product-2\/dentifrico-natural-mentolado-con-polvo-de-siwak-30g\/","og_site_name":"Safinel","article_modified_time":"2024-07-22T14:30:35+00:00","og_image":[{"width":1000,"height":1300,"url":"https:\/\/www.safinel.fr\/wp-content\/uploads\/2021\/07\/dentifrice-naturel-menthole-en-poudre-au-siwak-kb-cosmetique-1.jpg","type":"image\/jpeg"}],"twitter_card":"summary_large_image","twitter_misc":{"Tiempo de lectura":"2 minutos"},"schema":{"@context":"https:\/\/schema.org","@graph":[{"@type":"WebPage","@id":"https:\/\/www.safinel.fr\/produit\/dentifrice-naturel-menthole-en-poudre-de-siwak-30g\/","url":"https:\/\/www.safinel.fr\/produit\/dentifrice-naturel-menthole-en-poudre-de-siwak-30g\/","name":"Polvo dent\u00edfrico natural siwak menta 30g - Safinel","isPartOf":{"@id":"https:\/\/www.safinel.fr\/#website"},"primaryImageOfPage":{"@id":"https:\/\/www.safinel.fr\/produit\/dentifrice-naturel-menthole-en-poudre-de-siwak-30g\/#primaryimage"},"image":{"@id":"https:\/\/www.safinel.fr\/produit\/dentifrice-naturel-menthole-en-poudre-de-siwak-30g\/#primaryimage"},"thumbnailUrl":"https:\/\/www.safinel.fr\/wp-content\/uploads\/2021\/07\/dentifrice-naturel-menthole-en-poudre-au-siwak-kb-cosmetique-1.jpg","datePublished":"2021-07-24T18:59:49+00:00","dateModified":"2024-07-22T14:30:35+00:00","breadcrumb":{"@id":"https:\/\/www.safinel.fr\/produit\/dentifrice-naturel-menthole-en-poudre-de-siwak-30g\/#breadcrumb"},"inLanguage":"es","potentialAction":[{"@type":"ReadAction","target":["https:\/\/www.safinel.fr\/produit\/dentifrice-naturel-menthole-en-poudre-de-siwak-30g\/"]}]},{"@type":"ImageObject","inLanguage":"es","@id":"https:\/\/www.safinel.fr\/produit\/dentifrice-naturel-menthole-en-poudre-de-siwak-30g\/#primaryimage","url":"https:\/\/www.safinel.fr\/wp-content\/uploads\/2021\/07\/dentifrice-naturel-menthole-en-poudre-au-siwak-kb-cosmetique-1.jpg","contentUrl":"https:\/\/www.safinel.fr\/wp-content\/uploads\/2021\/07\/dentifrice-naturel-menthole-en-poudre-au-siwak-kb-cosmetique-1.jpg","width":1000,"height":1300},{"@type":"BreadcrumbList","@id":"https:\/\/www.safinel.fr\/produit\/dentifrice-naturel-menthole-en-poudre-de-siwak-30g\/#breadcrumb","itemListElement":[{"@type":"ListItem","position":1,"name":"Accueil","item":"https:\/\/www.safinel.fr\/"},{"@type":"ListItem","position":2,"name":"Boutique","item":"https:\/\/www.safinel.fr\/boutique\/"},{"@type":"ListItem","position":3,"name":"Dentifrice naturel menthol\u00e9 en poudre de siwak 30g"}]},{"@type":"WebSite","@id":"https:\/\/www.safinel.fr\/#website","url":"https:\/\/www.safinel.fr\/","name":"Safinel","description":"","publisher":{"@id":"https:\/\/www.safinel.fr\/#organization"},"potentialAction":[{"@type":"SearchAction","target":{"@type":"EntryPoint","urlTemplate":"https:\/\/www.safinel.fr\/?s={search_term_string}"},"query-input":{"@type":"PropertyValueSpecification","valueRequired":true,"valueName":"search_term_string"}}],"inLanguage":"es"},{"@type":"Organization","@id":"https:\/\/www.safinel.fr\/#organization","name":"Safinel","url":"https:\/\/www.safinel.fr\/","logo":{"@type":"ImageObject","inLanguage":"es","@id":"https:\/\/www.safinel.fr\/#\/schema\/logo\/image\/","url":"https:\/\/www.safinel.fr\/wp-content\/uploads\/2021\/05\/boutique-cosmetique.png","contentUrl":"https:\/\/www.safinel.fr\/wp-content\/uploads\/2021\/05\/boutique-cosmetique.png","width":800,"height":200,"caption":"Safinel"},"image":{"@id":"https:\/\/www.safinel.fr\/#\/schema\/logo\/image\/"}}]}},"_links":{"self":[{"href":"https:\/\/www.safinel.fr\/es\/wp-json\/wp\/v2\/product\/314","targetHints":{"allow":["GET"]}}],"collection":[{"href":"https:\/\/www.safinel.fr\/es\/wp-json\/wp\/v2\/product"}],"about":[{"href":"https:\/\/www.safinel.fr\/es\/wp-json\/wp\/v2\/types\/product"}],"wp:featuredmedia":[{"embeddable":true,"href":"https:\/\/www.safinel.fr\/es\/wp-json\/wp\/v2\/media\/332"}],"wp:attachment":[{"href":"https:\/\/www.safinel.fr\/es\/wp-json\/wp\/v2\/media?parent=314"}],"wp:term":[{"taxonomy":"product_brand","embeddable":true,"href":"https:\/\/www.safinel.fr\/es\/wp-json\/wp\/v2\/product_brand?post=314"},{"taxonomy":"product_cat","embeddable":true,"href":"https:\/\/www.safinel.fr\/es\/wp-json\/wp\/v2\/product_cat?post=314"},{"taxonomy":"product_tag","embeddable":true,"href":"https:\/\/www.safinel.fr\/es\/wp-json\/wp\/v2\/product_tag?post=314"}],"curies":[{"name":"wp","href":"https:\/\/api.w.org\/{rel}","templated":true}]}}