{"id":3017,"date":"2022-10-04T17:27:44","date_gmt":"2022-10-04T17:27:44","guid":{"rendered":"https:\/\/www.safinel.fr\/?post_type=product&#038;p=3017"},"modified":"2023-12-28T17:15:37","modified_gmt":"2023-12-28T17:15:37","slug":"talbina-harina-desfiladero","status":"publish","type":"product","link":"https:\/\/www.safinel.fr\/es\/product-2\/talbina-harina-desfiladero\/","title":{"rendered":"Talbina (harina de cebada) 200 g"},"content":{"rendered":"<p>La Talbina es un\u00a0<strong>deliciosa preparaci\u00f3n culinaria<\/strong>\u00a0conocido por sus efectos beneficiosos para el organismo. Se conoce desde hace generaciones en los pa\u00edses musulmanes. De hecho, se recomienda en la tradici\u00f3n prof\u00e9tica por sus numerosos beneficios.\u00a0<strong>F\u00e1cil de preparar\u00a0<\/strong>para\u00a0<strong>toda la familia<\/strong>, Es la comida que hay que tener en la cocina.<\/p>\n<h2><strong>La Talbina de cerca<\/strong><\/h2>\n<p>Se trata de un\u00a0<strong>harina de cebada<\/strong>. Previamente, la cebada ha sido despojada de su c\u00e1scara no comestible. En otras palabras, el grano se ha pulido ligeramente sin alterarlo. As\u00ed, conserva todas sus propiedades. Esta es la principal diferencia entre este cereal y el trigo o el centeno. Sus vitaminas, amino\u00e1cidos y minerales son una valiosa fuente de energ\u00eda.\u00a0<strong>n\u00e9ctar para el cuerpo<\/strong>.<\/p>\n<p>Especialmente para personas con problemas digestivos.<\/p>\n<p>Pero tambi\u00e9n es perfecta para embarazadas, ni\u00f1os, ancianos y deportistas. Talbina se prepara con\u00a0<strong>leche<\/strong>\u00a0y\u00a0<a href=\"https:\/\/www.safinel.fr\/es\/product-category-2\/apicultura\/\"><strong>miel<\/strong><\/a>. Y, en funci\u00f3n de la cantidad de l\u00edquido, se puede tomar una bebida o, por el contrario, un pur\u00e9 o una papilla. Tambi\u00e9n sirve como comida completa. Por eso te recomendamos que no a\u00f1adas ning\u00fan plato extra.<\/p>\n<h2><strong>Talbina: una ayuda para tratar la depresi\u00f3n<\/strong><\/h2>\n<p>De hecho, minerales como el magnesio y el potasio tienen efectos sobre el cerebro. En particular,\u00a0<strong>estimular<\/strong>\u00a0neurotransmisores, ayudando a regular la mayor hipersensibilidad de los estados de tristeza intensa, tales como\u00a0<a href=\"https:\/\/www.safinel.fr\/es\/product-2\/melena-de-leon-hydne-herisson\/\"><strong>Melena de le\u00f3n<\/strong><\/a>. Adem\u00e1s, los \u00e1cidos animados estimular\u00e1n la\u00a0<strong>producci\u00f3n de serotonina<\/strong>.<\/p>\n<p>Desde hace algunos a\u00f1os se sabe que existe un v\u00ednculo entre los estados depresivos y una disminuci\u00f3n de esta sustancia.  Por \u00faltimo, la vitamina E act\u00faa como un escudo contra el envejecimiento celular y, por tanto, contra la senilidad.<\/p>\n<h2><strong>Un buen regulador\u00a0<\/strong><\/h2>\n<p>La fibra contenida en la cebada, que es soluble, tiene la capacidad de\u00a0<strong>reducir la velocidad<\/strong>\u00a0la absorci\u00f3n de az\u00facar. Por ello, este preparado se recomienda para\u00a0<strong>diab\u00e9ticos<\/strong>\u00a0como el\u00a0<strong>Ra\u00edz de Rehmannia.\u00a0<\/strong>De este modo, podr\u00e1n llevar de viaje a sus papilas gustativas sin arriesgarse a un r\u00e1pido aumento de sus niveles de az\u00facar en sangre. Adem\u00e1s, gracias a su contenido en potasio, este alimento le ayudar\u00e1 con los problemas de\u00a0<strong>retenci\u00f3n de agua<\/strong>.<\/p>\n<p>De hecho, act\u00faa como diur\u00e9tico para aliviar al paciente. Es m\u00e1s, estudios recientes han demostrado que ayuda a prevenir la aparici\u00f3n de\u00a0<strong>c\u00e1lculos renales<\/strong>. Pero tambi\u00e9n derrames cerebrales. Por \u00faltimo, tambi\u00e9n descubrir\u00e1 que tiene efectos beneficiosos para equilibrar el sistema inmunitario.\u00a0<strong>tensi\u00f3n arterial<\/strong>.<\/p>\n<h3><strong>Nuestra receta de Talbina<\/strong><\/h3>\n<p>Para 4 personas, calcula :<\/p>\n<ul>\n<li>60 gramos de harina (4 cucharadas soperas).<\/li>\n<li>1 litro de leche de vaca o leche vegetal (soja o almendras)<\/li>\n<li><a href=\"https:\/\/www.restaurant-lentredeuxverres.com\/le-miel-de-jujubier-en-cuisine-pour-quelle-utilisation\/\" target=\"_blank\" rel=\"noopener\"><strong>Miel de azufaifo<\/strong><\/a>\u00a0o\u2019<strong>Euphorbia<\/strong><\/li>\n<li>Frutos secos: pasas, almendras, anacardos, semillas de s\u00e9samo<\/li>\n<\/ul>\n<p>Verter el l\u00edquido en un cazo y a\u00f1adir poco a poco la harina de cebada, removiendo con un batidor de mano. Aseg\u00farese de que no queden grumos y, a continuaci\u00f3n, caliente la mezcla a fuego lento durante un cuarto de hora. Remover regularmente hasta obtener un pur\u00e9. En este punto, a\u00f1adir la miel al gusto. Una vez servido, espolvorear con frutos secos y \u00a1a disfrutar!<\/p>","protected":false},"excerpt":{"rendered":"<p>\u00a1Descubre el secreto de la deliciosa Talbina casera siguiendo estos sencillos pasos!<\/p>\n<p>Comience por calentar agua a fuego lento, procurando no superar los 40 grados para preservar todos los beneficios de los ingredientes. A continuaci\u00f3n, a\u00f1ada 10 g de leche de camello, conocida por sus excepcionales propiedades nutritivas.<\/p>\n<p>Una vez que la leche est\u00e9 bien incorporada, a\u00f1adir lentamente 15 g de harina de cebada para evitar grumos.<\/p>\n<p>Por \u00faltimo, para darle un toque dulce, a\u00f1ade una cucharada de miel. Y voil\u00e0, \u00a1tu deliciosa Talbina est\u00e1 lista para disfrutar! No pierdas la oportunidad de disfrutar de esta bebida sana y nutritiva, que deleitar\u00e1 tu paladar al tiempo que te aporta una dosis de bienestar.<\/p>\n<p><strong>P\u00eddalo ahora y disfrute de un momento de puro placer gustativo.<\/strong><\/p>","protected":false},"featured_media":4374,"template":"","meta":[],"product_brand":[],"product_cat":[41],"product_tag":[],"class_list":{"0":"post-3017","1":"product","2":"type-product","3":"status-publish","4":"has-post-thumbnail","6":"product_cat-produits-naturels-divers","8":"first","9":"instock","10":"shipping-taxable","11":"purchasable","12":"product-type-simple"},"yoast_head":"<!-- This site is optimized with the Yoast SEO plugin v26.6 - https:\/\/yoast.com\/wordpress\/plugins\/seo\/ -->\n<title>Talbina I Farine d&#039;orge I Boisson aux bienfaits nombreux<\/title>\n<meta name=\"description\" content=\"La Talbina est une\u00a0pr\u00e9paration culinaire d\u00e9licieuse\u00a0r\u00e9put\u00e9e pour son effet b\u00e9n\u00e9fique sur l\u2019organisme. Adoptez-l\u00e0 sans plus attendre !\" \/>\n<meta name=\"robots\" content=\"index, follow, max-snippet:-1, max-image-preview:large, max-video-preview:-1\" \/>\n<link rel=\"canonical\" href=\"https:\/\/www.safinel.fr\/es\/product-2\/talbina-harina-desfiladero\/\" \/>\n<meta property=\"og:locale\" content=\"es_ES\" \/>\n<meta property=\"og:type\" content=\"article\" \/>\n<meta property=\"og:title\" content=\"Talbina I Farine d&#039;orge I Boisson aux bienfaits nombreux\" \/>\n<meta property=\"og:description\" content=\"La Talbina est une\u00a0pr\u00e9paration culinaire d\u00e9licieuse\u00a0r\u00e9put\u00e9e pour son effet b\u00e9n\u00e9fique sur l\u2019organisme. Adoptez-l\u00e0 sans plus attendre !\" \/>\n<meta property=\"og:url\" content=\"https:\/\/www.safinel.fr\/es\/product-2\/talbina-harina-desfiladero\/\" \/>\n<meta property=\"og:site_name\" content=\"Safinel\" \/>\n<meta property=\"article:modified_time\" content=\"2023-12-28T17:15:37+00:00\" \/>\n<meta property=\"og:image\" content=\"https:\/\/www.safinel.fr\/wp-content\/uploads\/2022\/10\/talbina-farine-dorge.jpg\" \/>\n\t<meta property=\"og:image:width\" content=\"600\" \/>\n\t<meta property=\"og:image:height\" content=\"600\" \/>\n\t<meta property=\"og:image:type\" content=\"image\/jpeg\" \/>\n<meta name=\"twitter:card\" content=\"summary_large_image\" \/>\n<meta name=\"twitter:label1\" content=\"Tiempo de lectura\" \/>\n\t<meta name=\"twitter:data1\" content=\"3 minutos\" \/>\n<script type=\"application\/ld+json\" class=\"yoast-schema-graph\">{\"@context\":\"https:\/\/schema.org\",\"@graph\":[{\"@type\":\"WebPage\",\"@id\":\"https:\/\/www.safinel.fr\/produit\/talbina-farine-dorge\/\",\"url\":\"https:\/\/www.safinel.fr\/produit\/talbina-farine-dorge\/\",\"name\":\"Talbina I Farine d'orge I Boisson aux bienfaits nombreux\",\"isPartOf\":{\"@id\":\"https:\/\/www.safinel.fr\/#website\"},\"primaryImageOfPage\":{\"@id\":\"https:\/\/www.safinel.fr\/produit\/talbina-farine-dorge\/#primaryimage\"},\"image\":{\"@id\":\"https:\/\/www.safinel.fr\/produit\/talbina-farine-dorge\/#primaryimage\"},\"thumbnailUrl\":\"https:\/\/www.safinel.fr\/wp-content\/uploads\/2022\/10\/talbina-farine-dorge.jpg\",\"datePublished\":\"2022-10-04T17:27:44+00:00\",\"dateModified\":\"2023-12-28T17:15:37+00:00\",\"description\":\"La Talbina est une\u00a0pr\u00e9paration culinaire d\u00e9licieuse\u00a0r\u00e9put\u00e9e pour son effet b\u00e9n\u00e9fique sur l\u2019organisme. Adoptez-l\u00e0 sans plus attendre !\",\"breadcrumb\":{\"@id\":\"https:\/\/www.safinel.fr\/produit\/talbina-farine-dorge\/#breadcrumb\"},\"inLanguage\":\"es\",\"potentialAction\":[{\"@type\":\"ReadAction\",\"target\":[\"https:\/\/www.safinel.fr\/produit\/talbina-farine-dorge\/\"]}]},{\"@type\":\"ImageObject\",\"inLanguage\":\"es\",\"@id\":\"https:\/\/www.safinel.fr\/produit\/talbina-farine-dorge\/#primaryimage\",\"url\":\"https:\/\/www.safinel.fr\/wp-content\/uploads\/2022\/10\/talbina-farine-dorge.jpg\",\"contentUrl\":\"https:\/\/www.safinel.fr\/wp-content\/uploads\/2022\/10\/talbina-farine-dorge.jpg\",\"width\":600,\"height\":600,\"caption\":\"talbina farine d'orge\"},{\"@type\":\"BreadcrumbList\",\"@id\":\"https:\/\/www.safinel.fr\/produit\/talbina-farine-dorge\/#breadcrumb\",\"itemListElement\":[{\"@type\":\"ListItem\",\"position\":1,\"name\":\"Accueil\",\"item\":\"https:\/\/www.safinel.fr\/\"},{\"@type\":\"ListItem\",\"position\":2,\"name\":\"Boutique\",\"item\":\"https:\/\/www.safinel.fr\/boutique\/\"},{\"@type\":\"ListItem\",\"position\":3,\"name\":\"Talbina (farine d&#8217;orge) 200g\"}]},{\"@type\":\"WebSite\",\"@id\":\"https:\/\/www.safinel.fr\/#website\",\"url\":\"https:\/\/www.safinel.fr\/\",\"name\":\"Safinel\",\"description\":\"\",\"publisher\":{\"@id\":\"https:\/\/www.safinel.fr\/#organization\"},\"potentialAction\":[{\"@type\":\"SearchAction\",\"target\":{\"@type\":\"EntryPoint\",\"urlTemplate\":\"https:\/\/www.safinel.fr\/?s={search_term_string}\"},\"query-input\":{\"@type\":\"PropertyValueSpecification\",\"valueRequired\":true,\"valueName\":\"search_term_string\"}}],\"inLanguage\":\"es\"},{\"@type\":\"Organization\",\"@id\":\"https:\/\/www.safinel.fr\/#organization\",\"name\":\"Safinel\",\"url\":\"https:\/\/www.safinel.fr\/\",\"logo\":{\"@type\":\"ImageObject\",\"inLanguage\":\"es\",\"@id\":\"https:\/\/www.safinel.fr\/#\/schema\/logo\/image\/\",\"url\":\"https:\/\/www.safinel.fr\/wp-content\/uploads\/2021\/05\/boutique-cosmetique.png\",\"contentUrl\":\"https:\/\/www.safinel.fr\/wp-content\/uploads\/2021\/05\/boutique-cosmetique.png\",\"width\":800,\"height\":200,\"caption\":\"Safinel\"},\"image\":{\"@id\":\"https:\/\/www.safinel.fr\/#\/schema\/logo\/image\/\"}}]}<\/script>\n<!-- \/ Yoast SEO plugin. -->","yoast_head_json":{"title":"Talbina I Harina de cebada I Una bebida con muchos beneficios","description":"La talbina es un delicioso preparado culinario famoso por sus efectos beneficiosos para el organismo. \u00a1Ad\u00f3ptela sin demora!","robots":{"index":"index","follow":"follow","max-snippet":"max-snippet:-1","max-image-preview":"max-image-preview:large","max-video-preview":"max-video-preview:-1"},"canonical":"https:\/\/www.safinel.fr\/es\/product-2\/talbina-harina-desfiladero\/","og_locale":"es_ES","og_type":"article","og_title":"Talbina I Farine d'orge I Boisson aux bienfaits nombreux","og_description":"La Talbina est une\u00a0pr\u00e9paration culinaire d\u00e9licieuse\u00a0r\u00e9put\u00e9e pour son effet b\u00e9n\u00e9fique sur l\u2019organisme. Adoptez-l\u00e0 sans plus attendre !","og_url":"https:\/\/www.safinel.fr\/es\/product-2\/talbina-harina-desfiladero\/","og_site_name":"Safinel","article_modified_time":"2023-12-28T17:15:37+00:00","og_image":[{"width":600,"height":600,"url":"https:\/\/www.safinel.fr\/wp-content\/uploads\/2022\/10\/talbina-farine-dorge.jpg","type":"image\/jpeg"}],"twitter_card":"summary_large_image","twitter_misc":{"Tiempo de lectura":"3 minutos"},"schema":{"@context":"https:\/\/schema.org","@graph":[{"@type":"WebPage","@id":"https:\/\/www.safinel.fr\/produit\/talbina-farine-dorge\/","url":"https:\/\/www.safinel.fr\/produit\/talbina-farine-dorge\/","name":"Talbina I Harina de cebada I Una bebida con muchos beneficios","isPartOf":{"@id":"https:\/\/www.safinel.fr\/#website"},"primaryImageOfPage":{"@id":"https:\/\/www.safinel.fr\/produit\/talbina-farine-dorge\/#primaryimage"},"image":{"@id":"https:\/\/www.safinel.fr\/produit\/talbina-farine-dorge\/#primaryimage"},"thumbnailUrl":"https:\/\/www.safinel.fr\/wp-content\/uploads\/2022\/10\/talbina-farine-dorge.jpg","datePublished":"2022-10-04T17:27:44+00:00","dateModified":"2023-12-28T17:15:37+00:00","description":"La talbina es un delicioso preparado culinario famoso por sus efectos beneficiosos para el organismo. \u00a1Ad\u00f3ptela sin demora!","breadcrumb":{"@id":"https:\/\/www.safinel.fr\/produit\/talbina-farine-dorge\/#breadcrumb"},"inLanguage":"es","potentialAction":[{"@type":"ReadAction","target":["https:\/\/www.safinel.fr\/produit\/talbina-farine-dorge\/"]}]},{"@type":"ImageObject","inLanguage":"es","@id":"https:\/\/www.safinel.fr\/produit\/talbina-farine-dorge\/#primaryimage","url":"https:\/\/www.safinel.fr\/wp-content\/uploads\/2022\/10\/talbina-farine-dorge.jpg","contentUrl":"https:\/\/www.safinel.fr\/wp-content\/uploads\/2022\/10\/talbina-farine-dorge.jpg","width":600,"height":600,"caption":"talbina farine d'orge"},{"@type":"BreadcrumbList","@id":"https:\/\/www.safinel.fr\/produit\/talbina-farine-dorge\/#breadcrumb","itemListElement":[{"@type":"ListItem","position":1,"name":"Accueil","item":"https:\/\/www.safinel.fr\/"},{"@type":"ListItem","position":2,"name":"Boutique","item":"https:\/\/www.safinel.fr\/boutique\/"},{"@type":"ListItem","position":3,"name":"Talbina (farine d&#8217;orge) 200g"}]},{"@type":"WebSite","@id":"https:\/\/www.safinel.fr\/#website","url":"https:\/\/www.safinel.fr\/","name":"Safinel","description":"","publisher":{"@id":"https:\/\/www.safinel.fr\/#organization"},"potentialAction":[{"@type":"SearchAction","target":{"@type":"EntryPoint","urlTemplate":"https:\/\/www.safinel.fr\/?s={search_term_string}"},"query-input":{"@type":"PropertyValueSpecification","valueRequired":true,"valueName":"search_term_string"}}],"inLanguage":"es"},{"@type":"Organization","@id":"https:\/\/www.safinel.fr\/#organization","name":"Safinel","url":"https:\/\/www.safinel.fr\/","logo":{"@type":"ImageObject","inLanguage":"es","@id":"https:\/\/www.safinel.fr\/#\/schema\/logo\/image\/","url":"https:\/\/www.safinel.fr\/wp-content\/uploads\/2021\/05\/boutique-cosmetique.png","contentUrl":"https:\/\/www.safinel.fr\/wp-content\/uploads\/2021\/05\/boutique-cosmetique.png","width":800,"height":200,"caption":"Safinel"},"image":{"@id":"https:\/\/www.safinel.fr\/#\/schema\/logo\/image\/"}}]}},"_links":{"self":[{"href":"https:\/\/www.safinel.fr\/es\/wp-json\/wp\/v2\/product\/3017","targetHints":{"allow":["GET"]}}],"collection":[{"href":"https:\/\/www.safinel.fr\/es\/wp-json\/wp\/v2\/product"}],"about":[{"href":"https:\/\/www.safinel.fr\/es\/wp-json\/wp\/v2\/types\/product"}],"wp:featuredmedia":[{"embeddable":true,"href":"https:\/\/www.safinel.fr\/es\/wp-json\/wp\/v2\/media\/4374"}],"wp:attachment":[{"href":"https:\/\/www.safinel.fr\/es\/wp-json\/wp\/v2\/media?parent=3017"}],"wp:term":[{"taxonomy":"product_brand","embeddable":true,"href":"https:\/\/www.safinel.fr\/es\/wp-json\/wp\/v2\/product_brand?post=3017"},{"taxonomy":"product_cat","embeddable":true,"href":"https:\/\/www.safinel.fr\/es\/wp-json\/wp\/v2\/product_cat?post=3017"},{"taxonomy":"product_tag","embeddable":true,"href":"https:\/\/www.safinel.fr\/es\/wp-json\/wp\/v2\/product_tag?post=3017"}],"curies":[{"name":"wp","href":"https:\/\/api.w.org\/{rel}","templated":true}]}}