{"id":3009,"date":"2022-10-03T18:13:05","date_gmt":"2022-10-03T18:13:05","guid":{"rendered":"https:\/\/www.safinel.fr\/?post_type=product&#038;p=3009"},"modified":"2023-12-28T17:15:37","modified_gmt":"2023-12-28T17:15:37","slug":"jabon-de-zanahoria","status":"publish","type":"product","link":"https:\/\/www.safinel.fr\/es\/product-2\/jabon-de-zanahoria\/","title":{"rendered":"Jab\u00f3n de zanahoria 80 g"},"content":{"rendered":"<p>El bienestar y la belleza de tu piel son esenciales, seas hombre o mujer. Si est\u00e1 seca, se volver\u00e1 opaca y propensa a inflamaciones e irritaciones. Cuid\u00e1ndola, permanecer\u00e1\u00a0<strong>suave, el\u00e1stica y luminosa<\/strong>. Con el jab\u00f3n de zanahoria, podr\u00e1s mimar tu piel a diario y darle las soluciones que necesita para erradicar todas sus peque\u00f1as preocupaciones. Con una piel bonita y un cutis radiante, \u00a1seguro que la vida te sonr\u00ede!<\/p>\n<h2><strong>Jab\u00f3n de zanahoria: multitud de beneficios<\/strong><\/h2>\n<p>Un mal cutis o unos granos pueden afectar a tus ganas de vivir. Con este limpiador, podr\u00e1s combatir suavemente estas peque\u00f1as preocupaciones.<\/p>\n<p>La zanahoria se utiliza desde hace miles de a\u00f1os para ayudar a todo el organismo. De hecho, lo ayuda a combatir enfermedades, virus, da\u00f1os e inflamaciones. Para la piel, es un aut\u00e9ntico tesoro. Su\u00a0<strong>antioxidantes<\/strong>\u00a0y sus minerales, en particular el potasio, se\u00a0<strong>estimular la regeneraci\u00f3n<\/strong>\u00a0de sus c\u00e9lulas y la\u00a0<strong>vitamina A<\/strong>, reequilibrar el pH de la piel y\u00a0<strong>hidratar en profundidad<\/strong>.<\/p>\n<p>Vitaminas\u00a0<strong>B1<\/strong>\u00a0y\u00a0<strong>C<\/strong>\u00a0tambi\u00e9n ayudar\u00e1 a combatir el envejecimiento de las c\u00e9lulas, sino tambi\u00e9n la\u00a0<strong>manchas oscuras<\/strong>. \u00a1Tendr\u00e1s un cutis radiante y uniforme! Por \u00faltimo, el\u00a0<strong>vitamina K<\/strong>\u00a0ayudar\u00e1 a la curaci\u00f3n, en particular de la\u2019<strong>acn\u00e9<\/strong>\u00a0como el\u00a0<strong>jab\u00f3n de c\u00farcuma<\/strong>. Como puedes ver, este es el producto de belleza y bienestar que debes tener si quieres lucir un aspecto inmejorable.<\/p>\n<h2><strong>Jab\u00f3n de zanahoria: para un cutis radiante<\/strong><\/h2>\n<p>Sus ingredientes activos actuar\u00e1n sobre su piel y combatir\u00e1n la sequedad. Su f\u00f3rmula ecol\u00f3gica limpia e hidrata al mismo tiempo. A diferencia de los limpiadores qu\u00edmicos, que resecan considerablemente la piel. Aqu\u00ed, estar\u00e1 bien nutrida y conservar\u00e1 su\u00a0<strong>elasticidad<\/strong>\u00a0y su\u00a0<strong>tono<\/strong>. Adem\u00e1s, todo su organismo se beneficiar\u00e1 de los efectos de los antioxidantes y las vitaminas.<\/p>\n<p>Tu piel estar\u00e1 m\u00e1s tersa y ver\u00e1s c\u00f3mo tus granos se curan m\u00e1s r\u00e1pido y sus rastros desaparecen poco a poco. En el rostro, descubrir\u00e1s un\u00a0<strong>resplandor \u00fanico<\/strong>\u00a0que le encantar\u00e1. Toda la familia lo convertir\u00e1 en su neceser favorito. Y para una hidrataci\u00f3n ex\u00f3tica, pruebe el\u00a0<strong>Jab\u00f3n de papaya<\/strong>\u00a0que tiene las mismas propiedades hidratantes.<\/p>\n<h3><strong>Una rutina de bienestar para su piel<\/strong><\/h3>\n<p>A diario, debes acordarte de beber mucho l\u00edquido, ya que esto tendr\u00e1 un efecto inmediato en tu piel. Y, por si se te ha olvidado: recuerda que una piel bonita empieza con una buena noche de sue\u00f1o.\u00a0<strong>hidrataci\u00f3n intensa<\/strong>. Por eso tus c\u00e9lulas necesitan agua (1,5 litros al d\u00eda ser\u00eda lo ideal). Cuando te duches, elimina las c\u00e9lulas muertas de tu cuerpo, excepto de la cara, con un\u00a0<strong>guante exfoliante de sisal<\/strong>\u00a0para estimular la circulaci\u00f3n sangu\u00ednea y eliminar toxinas. Por \u00faltimo, aclarar con agua.\u00a0<strong>fr\u00edo<\/strong>.<\/p>\n<p>Esto te reafirmar\u00e1 y tonificar\u00e1. A continuaci\u00f3n, nutre tu cuerpo con una crema hidratante como\u00a0<strong>mantequilla<\/strong>\u00a0o el\u00a0<a href=\"https:\/\/www.safinel.fr\/es\/product-2\/karite-chantilly\/\"><strong>crema batida de karit\u00e9<\/strong><\/a>. Para la cara, si es sensible o propensa al acn\u00e9, aplique unas gotas del\u00a0<a href=\"https:\/\/www.safinel.fr\/es\/product-2\/suero-antiacne-de-comino-negro\/\"><strong>suero antiacn\u00e9 de comino negro<\/strong><\/a>.<\/p>","protected":false},"excerpt":{"rendered":"<p>El bienestar y la belleza de tu piel son esenciales, seas hombre o mujer. De hecho, si est\u00e1 seca, se apagar\u00e1 y ser\u00e1 propensa a inflamaciones e irritaciones. Si la cuidas, permanecer\u00e1 suave, el\u00e1stica y luminosa. Con el jab\u00f3n de zanahoria, la mimar\u00e1s a diario y le aportar\u00e1s [\u2026]","protected":false},"featured_media":3010,"template":"","meta":[],"product_brand":[],"product_cat":[41,123],"product_tag":[],"class_list":{"0":"post-3009","1":"product","2":"type-product","3":"status-publish","4":"has-post-thumbnail","6":"product_cat-produits-naturels-divers","7":"product_cat-savon","9":"first","10":"instock","11":"shipping-taxable","12":"purchasable","13":"product-type-simple"},"yoast_head":"<!-- This site is optimized with the Yoast SEO plugin v26.6 - https:\/\/yoast.com\/wordpress\/plugins\/seo\/ -->\n<title>Savon carotte I Pour un teint lumineux I Savon bio<\/title>\n<meta name=\"description\" content=\"Avec le savon carotte, vous chouchouterez au quotidien votre peau et lui apporterez les solutions pour \u00e9radiquer tous ses petits soucis.\" \/>\n<meta name=\"robots\" content=\"index, follow, max-snippet:-1, max-image-preview:large, max-video-preview:-1\" \/>\n<link rel=\"canonical\" href=\"https:\/\/www.safinel.fr\/es\/product-2\/jabon-de-zanahoria\/\" \/>\n<meta property=\"og:locale\" content=\"es_ES\" \/>\n<meta property=\"og:type\" content=\"article\" \/>\n<meta property=\"og:title\" content=\"Savon carotte I Pour un teint lumineux I Savon bio\" \/>\n<meta property=\"og:description\" content=\"Avec le savon carotte, vous chouchouterez au quotidien votre peau et lui apporterez les solutions pour \u00e9radiquer tous ses petits soucis.\" \/>\n<meta property=\"og:url\" content=\"https:\/\/www.safinel.fr\/es\/product-2\/jabon-de-zanahoria\/\" \/>\n<meta property=\"og:site_name\" content=\"Safinel\" \/>\n<meta property=\"article:modified_time\" content=\"2023-12-28T17:15:37+00:00\" \/>\n<meta property=\"og:image\" content=\"https:\/\/www.safinel.fr\/wp-content\/uploads\/2022\/10\/savon-carotte.jpg\" \/>\n\t<meta property=\"og:image:width\" content=\"600\" \/>\n\t<meta property=\"og:image:height\" content=\"600\" \/>\n\t<meta property=\"og:image:type\" content=\"image\/jpeg\" \/>\n<meta name=\"twitter:card\" content=\"summary_large_image\" \/>\n<meta name=\"twitter:label1\" content=\"Tiempo de lectura\" \/>\n\t<meta name=\"twitter:data1\" content=\"3 minutos\" \/>\n<script type=\"application\/ld+json\" class=\"yoast-schema-graph\">{\"@context\":\"https:\/\/schema.org\",\"@graph\":[{\"@type\":\"WebPage\",\"@id\":\"https:\/\/www.safinel.fr\/produit\/savon-carotte\/\",\"url\":\"https:\/\/www.safinel.fr\/produit\/savon-carotte\/\",\"name\":\"Savon carotte I Pour un teint lumineux I Savon bio\",\"isPartOf\":{\"@id\":\"https:\/\/www.safinel.fr\/#website\"},\"primaryImageOfPage\":{\"@id\":\"https:\/\/www.safinel.fr\/produit\/savon-carotte\/#primaryimage\"},\"image\":{\"@id\":\"https:\/\/www.safinel.fr\/produit\/savon-carotte\/#primaryimage\"},\"thumbnailUrl\":\"https:\/\/www.safinel.fr\/wp-content\/uploads\/2022\/10\/savon-carotte.jpg\",\"datePublished\":\"2022-10-03T18:13:05+00:00\",\"dateModified\":\"2023-12-28T17:15:37+00:00\",\"description\":\"Avec le savon carotte, vous chouchouterez au quotidien votre peau et lui apporterez les solutions pour \u00e9radiquer tous ses petits soucis.\",\"breadcrumb\":{\"@id\":\"https:\/\/www.safinel.fr\/produit\/savon-carotte\/#breadcrumb\"},\"inLanguage\":\"es\",\"potentialAction\":[{\"@type\":\"ReadAction\",\"target\":[\"https:\/\/www.safinel.fr\/produit\/savon-carotte\/\"]}]},{\"@type\":\"ImageObject\",\"inLanguage\":\"es\",\"@id\":\"https:\/\/www.safinel.fr\/produit\/savon-carotte\/#primaryimage\",\"url\":\"https:\/\/www.safinel.fr\/wp-content\/uploads\/2022\/10\/savon-carotte.jpg\",\"contentUrl\":\"https:\/\/www.safinel.fr\/wp-content\/uploads\/2022\/10\/savon-carotte.jpg\",\"width\":600,\"height\":600,\"caption\":\"Savon carotte\"},{\"@type\":\"BreadcrumbList\",\"@id\":\"https:\/\/www.safinel.fr\/produit\/savon-carotte\/#breadcrumb\",\"itemListElement\":[{\"@type\":\"ListItem\",\"position\":1,\"name\":\"Accueil\",\"item\":\"https:\/\/www.safinel.fr\/\"},{\"@type\":\"ListItem\",\"position\":2,\"name\":\"Boutique\",\"item\":\"https:\/\/www.safinel.fr\/boutique\/\"},{\"@type\":\"ListItem\",\"position\":3,\"name\":\"Savon carotte 80g\"}]},{\"@type\":\"WebSite\",\"@id\":\"https:\/\/www.safinel.fr\/#website\",\"url\":\"https:\/\/www.safinel.fr\/\",\"name\":\"Safinel\",\"description\":\"\",\"publisher\":{\"@id\":\"https:\/\/www.safinel.fr\/#organization\"},\"potentialAction\":[{\"@type\":\"SearchAction\",\"target\":{\"@type\":\"EntryPoint\",\"urlTemplate\":\"https:\/\/www.safinel.fr\/?s={search_term_string}\"},\"query-input\":{\"@type\":\"PropertyValueSpecification\",\"valueRequired\":true,\"valueName\":\"search_term_string\"}}],\"inLanguage\":\"es\"},{\"@type\":\"Organization\",\"@id\":\"https:\/\/www.safinel.fr\/#organization\",\"name\":\"Safinel\",\"url\":\"https:\/\/www.safinel.fr\/\",\"logo\":{\"@type\":\"ImageObject\",\"inLanguage\":\"es\",\"@id\":\"https:\/\/www.safinel.fr\/#\/schema\/logo\/image\/\",\"url\":\"https:\/\/www.safinel.fr\/wp-content\/uploads\/2021\/05\/boutique-cosmetique.png\",\"contentUrl\":\"https:\/\/www.safinel.fr\/wp-content\/uploads\/2021\/05\/boutique-cosmetique.png\",\"width\":800,\"height\":200,\"caption\":\"Safinel\"},\"image\":{\"@id\":\"https:\/\/www.safinel.fr\/#\/schema\/logo\/image\/\"}}]}<\/script>\n<!-- \/ Yoast SEO plugin. -->","yoast_head_json":{"title":"Jab\u00f3n de zanahoria I Para un cutis radiante I Jab\u00f3n ecol\u00f3gico","description":"Con el jab\u00f3n de zanahoria, puedes mimar tu piel a diario y darle las soluciones que necesita para erradicar todas sus peque\u00f1as preocupaciones.","robots":{"index":"index","follow":"follow","max-snippet":"max-snippet:-1","max-image-preview":"max-image-preview:large","max-video-preview":"max-video-preview:-1"},"canonical":"https:\/\/www.safinel.fr\/es\/product-2\/jabon-de-zanahoria\/","og_locale":"es_ES","og_type":"article","og_title":"Savon carotte I Pour un teint lumineux I Savon bio","og_description":"Avec le savon carotte, vous chouchouterez au quotidien votre peau et lui apporterez les solutions pour \u00e9radiquer tous ses petits soucis.","og_url":"https:\/\/www.safinel.fr\/es\/product-2\/jabon-de-zanahoria\/","og_site_name":"Safinel","article_modified_time":"2023-12-28T17:15:37+00:00","og_image":[{"width":600,"height":600,"url":"https:\/\/www.safinel.fr\/wp-content\/uploads\/2022\/10\/savon-carotte.jpg","type":"image\/jpeg"}],"twitter_card":"summary_large_image","twitter_misc":{"Tiempo de lectura":"3 minutos"},"schema":{"@context":"https:\/\/schema.org","@graph":[{"@type":"WebPage","@id":"https:\/\/www.safinel.fr\/produit\/savon-carotte\/","url":"https:\/\/www.safinel.fr\/produit\/savon-carotte\/","name":"Jab\u00f3n de zanahoria I Para un cutis radiante I Jab\u00f3n ecol\u00f3gico","isPartOf":{"@id":"https:\/\/www.safinel.fr\/#website"},"primaryImageOfPage":{"@id":"https:\/\/www.safinel.fr\/produit\/savon-carotte\/#primaryimage"},"image":{"@id":"https:\/\/www.safinel.fr\/produit\/savon-carotte\/#primaryimage"},"thumbnailUrl":"https:\/\/www.safinel.fr\/wp-content\/uploads\/2022\/10\/savon-carotte.jpg","datePublished":"2022-10-03T18:13:05+00:00","dateModified":"2023-12-28T17:15:37+00:00","description":"Con el jab\u00f3n de zanahoria, puedes mimar tu piel a diario y darle las soluciones que necesita para erradicar todas sus peque\u00f1as preocupaciones.","breadcrumb":{"@id":"https:\/\/www.safinel.fr\/produit\/savon-carotte\/#breadcrumb"},"inLanguage":"es","potentialAction":[{"@type":"ReadAction","target":["https:\/\/www.safinel.fr\/produit\/savon-carotte\/"]}]},{"@type":"ImageObject","inLanguage":"es","@id":"https:\/\/www.safinel.fr\/produit\/savon-carotte\/#primaryimage","url":"https:\/\/www.safinel.fr\/wp-content\/uploads\/2022\/10\/savon-carotte.jpg","contentUrl":"https:\/\/www.safinel.fr\/wp-content\/uploads\/2022\/10\/savon-carotte.jpg","width":600,"height":600,"caption":"Savon carotte"},{"@type":"BreadcrumbList","@id":"https:\/\/www.safinel.fr\/produit\/savon-carotte\/#breadcrumb","itemListElement":[{"@type":"ListItem","position":1,"name":"Accueil","item":"https:\/\/www.safinel.fr\/"},{"@type":"ListItem","position":2,"name":"Boutique","item":"https:\/\/www.safinel.fr\/boutique\/"},{"@type":"ListItem","position":3,"name":"Savon carotte 80g"}]},{"@type":"WebSite","@id":"https:\/\/www.safinel.fr\/#website","url":"https:\/\/www.safinel.fr\/","name":"Safinel","description":"","publisher":{"@id":"https:\/\/www.safinel.fr\/#organization"},"potentialAction":[{"@type":"SearchAction","target":{"@type":"EntryPoint","urlTemplate":"https:\/\/www.safinel.fr\/?s={search_term_string}"},"query-input":{"@type":"PropertyValueSpecification","valueRequired":true,"valueName":"search_term_string"}}],"inLanguage":"es"},{"@type":"Organization","@id":"https:\/\/www.safinel.fr\/#organization","name":"Safinel","url":"https:\/\/www.safinel.fr\/","logo":{"@type":"ImageObject","inLanguage":"es","@id":"https:\/\/www.safinel.fr\/#\/schema\/logo\/image\/","url":"https:\/\/www.safinel.fr\/wp-content\/uploads\/2021\/05\/boutique-cosmetique.png","contentUrl":"https:\/\/www.safinel.fr\/wp-content\/uploads\/2021\/05\/boutique-cosmetique.png","width":800,"height":200,"caption":"Safinel"},"image":{"@id":"https:\/\/www.safinel.fr\/#\/schema\/logo\/image\/"}}]}},"_links":{"self":[{"href":"https:\/\/www.safinel.fr\/es\/wp-json\/wp\/v2\/product\/3009","targetHints":{"allow":["GET"]}}],"collection":[{"href":"https:\/\/www.safinel.fr\/es\/wp-json\/wp\/v2\/product"}],"about":[{"href":"https:\/\/www.safinel.fr\/es\/wp-json\/wp\/v2\/types\/product"}],"wp:featuredmedia":[{"embeddable":true,"href":"https:\/\/www.safinel.fr\/es\/wp-json\/wp\/v2\/media\/3010"}],"wp:attachment":[{"href":"https:\/\/www.safinel.fr\/es\/wp-json\/wp\/v2\/media?parent=3009"}],"wp:term":[{"taxonomy":"product_brand","embeddable":true,"href":"https:\/\/www.safinel.fr\/es\/wp-json\/wp\/v2\/product_brand?post=3009"},{"taxonomy":"product_cat","embeddable":true,"href":"https:\/\/www.safinel.fr\/es\/wp-json\/wp\/v2\/product_cat?post=3009"},{"taxonomy":"product_tag","embeddable":true,"href":"https:\/\/www.safinel.fr\/es\/wp-json\/wp\/v2\/product_tag?post=3009"}],"curies":[{"name":"wp","href":"https:\/\/api.w.org\/{rel}","templated":true}]}}