{"id":294,"date":"2021-07-24T18:59:26","date_gmt":"2021-07-24T18:59:26","guid":{"rendered":"https:\/\/www.safinel.fr\/?post_type=product&#038;p=294"},"modified":"2023-12-30T13:52:28","modified_gmt":"2023-12-30T13:52:28","slug":"champu-solido-de-nigella-60g-fuente-de-nigella","status":"publish","type":"product","link":"https:\/\/www.safinel.fr\/es\/product-2\/champu-solido-de-nigella-60g-fuente-de-nigella\/","title":{"rendered":"Champ\u00fa S\u00f3lido Nigella 60g - Nigelle Source"},"content":{"rendered":"<p>Nunca antes su cuero cabelludo y su cabello se hab\u00edan beneficiado de tantos ingredientes activos combinados en un champ\u00fa de comino negro ...<\/p>\n<p>En primer lugar, este champ\u00fa de Nigella ser\u00e1 para siempre el aliado perfecto para su cabello y su cuero cabelludo. Gracias a los numerosos principios activos que contiene este champ\u00fa de comino negro.<\/p>\n<p>Lo realmente importante son los ingredientes activos que contiene el champ\u00fa s\u00f3lido. De hecho, los champ\u00fas l\u00edquidos contienen m\u00e1s de 90 % de agua, a diferencia de nuestros champ\u00fas s\u00f3lidos con comino negro.<\/p>\n<p>Est\u00e1 claro que este champ\u00fa de nigella cumplir\u00e1 plenamente su funci\u00f3n y dar\u00e1 a su cabello una segunda vida. Las m\u00faltiples cualidades de este producto fortalecer\u00e1n su cabello a la vez que lo estimular\u00e1n y suavizar\u00e1n, sin olvidar que le aportar\u00e1n un brillo impecable.<\/p>\n<p>Le ayudar\u00e1 a combatir cualquier problema relacionado con el cuero cabelludo, como eczemas con picores... Tambi\u00e9n le ayudar\u00e1 a combatir la ca\u00edda del cabello.<\/p>\n<h3><strong> Una soluci\u00f3n org\u00e1nica y ecol\u00f3gica:<\/strong><\/h3>\n<p>En primer lugar, se reconoce que el champ\u00fa s\u00f3lido es m\u00e1s econ\u00f3mico que el comprado en el supermercado y dura m\u00e1s. Tambi\u00e9n puede ayudarte a prescindir del acondicionador.<\/p>\n<p>En segundo lugar, este champ\u00fa de 90 g dura entre 100 y 120 lavados, el equivalente a 4 botes de champ\u00fa convencional. .<\/p>\n<p>En tercer lugar, es muy respetuoso con el medio ambiente gracias a su forma, que no requiere envases de pl\u00e1stico.<\/p>\n<p>Por \u00faltimo, este champ\u00fa s\u00f3lido es de lo m\u00e1s pr\u00e1ctico. Es f\u00e1cil de transportar sin el inconveniente de derramar un bote de champ\u00fa en la maleta.<\/p>\n<h3><strong>Modo de empleo :<\/strong><\/h3>\n<ul>\n<li>Humedece y frota el champ\u00fa s\u00f3lido en tus manos.<\/li>\n<li>Trabajar hasta obtener una espuma bastante espesa<\/li>\n<li>Aplica la espuma sobre el cabello y l\u00e1valo.<\/li>\n<li>Aclarar abundantemente.<\/li>\n<li>Deja secar el champ\u00fa en una jabonera y d\u00e9jalo secar al aire.<\/li>\n<\/ul>\n<h3><strong>Composici\u00f3n:<\/strong><\/h3>\n<ul>\n<li>Tensioactivo (sodio <span class=\"original-content\">cocoil <\/span><span class=\"original-content\">isetionato<\/span>)<\/li>\n<li>Semillas de comino negro en polvo.<\/li>\n<li>Lactato s\u00f3dico<\/li>\n<li>Aceite de Nigella et\u00edope<\/li>\n<li>Vitamina E ecol\u00f3gica<\/li>\n<li>Agua desmineralizada<\/li>\n<\/ul>","protected":false},"excerpt":{"rendered":"<p>Nunca antes su cuero cabelludo y su cabello se hab\u00edan beneficiado de tantos principios activos combinados en un champ\u00fa al comino negro... Ante todo, este champ\u00fa al comino negro se convertir\u00e1 para siempre en el aliado perfecto para su cabello y su cuero cabelludo. Gracias a los numerosos principios activos que contiene este champ\u00fa de comino negro. De hecho, lo que [...]","protected":false},"featured_media":327,"template":"","meta":[],"product_brand":[],"product_cat":[34,36],"product_tag":[],"class_list":{"0":"post-294","1":"product","2":"type-product","3":"status-publish","4":"has-post-thumbnail","6":"product_cat-hygiene","7":"product_cat-shampoing-solide","9":"first","10":"instock","11":"shipping-taxable","12":"purchasable","13":"product-type-simple"},"yoast_head":"<!-- This site is optimized with the Yoast SEO plugin v26.6 - https:\/\/yoast.com\/wordpress\/plugins\/seo\/ -->\n<title>Shampoing solide \u00e0 la nigelle 60g - Nigelle Source - Safinel<\/title>\n<meta name=\"robots\" content=\"index, follow, max-snippet:-1, max-image-preview:large, max-video-preview:-1\" \/>\n<link rel=\"canonical\" href=\"https:\/\/www.safinel.fr\/es\/product-2\/champu-solido-de-nigella-60g-fuente-de-nigella\/\" \/>\n<meta property=\"og:locale\" content=\"es_ES\" \/>\n<meta property=\"og:type\" content=\"article\" \/>\n<meta property=\"og:title\" content=\"Shampoing solide \u00e0 la nigelle 60g - Nigelle Source - Safinel\" \/>\n<meta property=\"og:description\" content=\"Jamais votre cuir chevelu et vos cheveux ne b\u00e9n\u00e9ficient d&rsquo;autant de principes actifs r\u00e9unis dans un shampoing \u00e0 la nigelle &#8230; Tout d&rsquo;abord, ce Shampoing \u00e0 la Nigelle deviendra \u00e0 jamais l&rsquo;alli\u00e9 parfait pour vos cheveux et votre cuir chevelu. Gr\u00e2ce aux nombreux principes actifs contenus dans ce shampoing \u00e0 la nigelle. Effectivement, ce qui [...]\" \/>\n<meta property=\"og:url\" content=\"https:\/\/www.safinel.fr\/es\/product-2\/champu-solido-de-nigella-60g-fuente-de-nigella\/\" \/>\n<meta property=\"og:site_name\" content=\"Safinel\" \/>\n<meta property=\"article:modified_time\" content=\"2023-12-30T13:52:28+00:00\" \/>\n<meta property=\"og:image\" content=\"https:\/\/www.safinel.fr\/wp-content\/uploads\/2021\/07\/shampoing-solid-3.jpg\" \/>\n\t<meta property=\"og:image:width\" content=\"954\" \/>\n\t<meta property=\"og:image:height\" content=\"800\" \/>\n\t<meta property=\"og:image:type\" content=\"image\/jpeg\" \/>\n<meta name=\"twitter:card\" content=\"summary_large_image\" \/>\n<meta name=\"twitter:label1\" content=\"Tiempo de lectura\" \/>\n\t<meta name=\"twitter:data1\" content=\"2 minutos\" \/>\n<script type=\"application\/ld+json\" class=\"yoast-schema-graph\">{\"@context\":\"https:\/\/schema.org\",\"@graph\":[{\"@type\":\"WebPage\",\"@id\":\"https:\/\/www.safinel.fr\/produit\/shampoing-solide-a-la-nigelle-60g-nigelle-source\/\",\"url\":\"https:\/\/www.safinel.fr\/produit\/shampoing-solide-a-la-nigelle-60g-nigelle-source\/\",\"name\":\"Shampoing solide \u00e0 la nigelle 60g - Nigelle Source - Safinel\",\"isPartOf\":{\"@id\":\"https:\/\/www.safinel.fr\/#website\"},\"primaryImageOfPage\":{\"@id\":\"https:\/\/www.safinel.fr\/produit\/shampoing-solide-a-la-nigelle-60g-nigelle-source\/#primaryimage\"},\"image\":{\"@id\":\"https:\/\/www.safinel.fr\/produit\/shampoing-solide-a-la-nigelle-60g-nigelle-source\/#primaryimage\"},\"thumbnailUrl\":\"https:\/\/www.safinel.fr\/wp-content\/uploads\/2021\/07\/shampoing-solid-3.jpg\",\"datePublished\":\"2021-07-24T18:59:26+00:00\",\"dateModified\":\"2023-12-30T13:52:28+00:00\",\"breadcrumb\":{\"@id\":\"https:\/\/www.safinel.fr\/produit\/shampoing-solide-a-la-nigelle-60g-nigelle-source\/#breadcrumb\"},\"inLanguage\":\"es\",\"potentialAction\":[{\"@type\":\"ReadAction\",\"target\":[\"https:\/\/www.safinel.fr\/produit\/shampoing-solide-a-la-nigelle-60g-nigelle-source\/\"]}]},{\"@type\":\"ImageObject\",\"inLanguage\":\"es\",\"@id\":\"https:\/\/www.safinel.fr\/produit\/shampoing-solide-a-la-nigelle-60g-nigelle-source\/#primaryimage\",\"url\":\"https:\/\/www.safinel.fr\/wp-content\/uploads\/2021\/07\/shampoing-solid-3.jpg\",\"contentUrl\":\"https:\/\/www.safinel.fr\/wp-content\/uploads\/2021\/07\/shampoing-solid-3.jpg\",\"width\":954,\"height\":800},{\"@type\":\"BreadcrumbList\",\"@id\":\"https:\/\/www.safinel.fr\/produit\/shampoing-solide-a-la-nigelle-60g-nigelle-source\/#breadcrumb\",\"itemListElement\":[{\"@type\":\"ListItem\",\"position\":1,\"name\":\"Accueil\",\"item\":\"https:\/\/www.safinel.fr\/\"},{\"@type\":\"ListItem\",\"position\":2,\"name\":\"Boutique\",\"item\":\"https:\/\/www.safinel.fr\/boutique\/\"},{\"@type\":\"ListItem\",\"position\":3,\"name\":\"Shampoing solide \u00e0 la nigelle 60g &#8211; Nigelle Source\"}]},{\"@type\":\"WebSite\",\"@id\":\"https:\/\/www.safinel.fr\/#website\",\"url\":\"https:\/\/www.safinel.fr\/\",\"name\":\"Safinel\",\"description\":\"\",\"publisher\":{\"@id\":\"https:\/\/www.safinel.fr\/#organization\"},\"potentialAction\":[{\"@type\":\"SearchAction\",\"target\":{\"@type\":\"EntryPoint\",\"urlTemplate\":\"https:\/\/www.safinel.fr\/?s={search_term_string}\"},\"query-input\":{\"@type\":\"PropertyValueSpecification\",\"valueRequired\":true,\"valueName\":\"search_term_string\"}}],\"inLanguage\":\"es\"},{\"@type\":\"Organization\",\"@id\":\"https:\/\/www.safinel.fr\/#organization\",\"name\":\"Safinel\",\"url\":\"https:\/\/www.safinel.fr\/\",\"logo\":{\"@type\":\"ImageObject\",\"inLanguage\":\"es\",\"@id\":\"https:\/\/www.safinel.fr\/#\/schema\/logo\/image\/\",\"url\":\"https:\/\/www.safinel.fr\/wp-content\/uploads\/2021\/05\/boutique-cosmetique.png\",\"contentUrl\":\"https:\/\/www.safinel.fr\/wp-content\/uploads\/2021\/05\/boutique-cosmetique.png\",\"width\":800,\"height\":200,\"caption\":\"Safinel\"},\"image\":{\"@id\":\"https:\/\/www.safinel.fr\/#\/schema\/logo\/image\/\"}}]}<\/script>\n<!-- \/ Yoast SEO plugin. -->","yoast_head_json":{"title":"Champ\u00fa S\u00f3lido Nigella 60g - Nigelle Source - Safinel","robots":{"index":"index","follow":"follow","max-snippet":"max-snippet:-1","max-image-preview":"max-image-preview:large","max-video-preview":"max-video-preview:-1"},"canonical":"https:\/\/www.safinel.fr\/es\/product-2\/champu-solido-de-nigella-60g-fuente-de-nigella\/","og_locale":"es_ES","og_type":"article","og_title":"Shampoing solide \u00e0 la nigelle 60g - Nigelle Source - Safinel","og_description":"Jamais votre cuir chevelu et vos cheveux ne b\u00e9n\u00e9ficient d&rsquo;autant de principes actifs r\u00e9unis dans un shampoing \u00e0 la nigelle &#8230; Tout d&rsquo;abord, ce Shampoing \u00e0 la Nigelle deviendra \u00e0 jamais l&rsquo;alli\u00e9 parfait pour vos cheveux et votre cuir chevelu. Gr\u00e2ce aux nombreux principes actifs contenus dans ce shampoing \u00e0 la nigelle. Effectivement, ce qui [...]","og_url":"https:\/\/www.safinel.fr\/es\/product-2\/champu-solido-de-nigella-60g-fuente-de-nigella\/","og_site_name":"Safinel","article_modified_time":"2023-12-30T13:52:28+00:00","og_image":[{"width":954,"height":800,"url":"https:\/\/www.safinel.fr\/wp-content\/uploads\/2021\/07\/shampoing-solid-3.jpg","type":"image\/jpeg"}],"twitter_card":"summary_large_image","twitter_misc":{"Tiempo de lectura":"2 minutos"},"schema":{"@context":"https:\/\/schema.org","@graph":[{"@type":"WebPage","@id":"https:\/\/www.safinel.fr\/produit\/shampoing-solide-a-la-nigelle-60g-nigelle-source\/","url":"https:\/\/www.safinel.fr\/produit\/shampoing-solide-a-la-nigelle-60g-nigelle-source\/","name":"Champ\u00fa S\u00f3lido Nigella 60g - Nigelle Source - Safinel","isPartOf":{"@id":"https:\/\/www.safinel.fr\/#website"},"primaryImageOfPage":{"@id":"https:\/\/www.safinel.fr\/produit\/shampoing-solide-a-la-nigelle-60g-nigelle-source\/#primaryimage"},"image":{"@id":"https:\/\/www.safinel.fr\/produit\/shampoing-solide-a-la-nigelle-60g-nigelle-source\/#primaryimage"},"thumbnailUrl":"https:\/\/www.safinel.fr\/wp-content\/uploads\/2021\/07\/shampoing-solid-3.jpg","datePublished":"2021-07-24T18:59:26+00:00","dateModified":"2023-12-30T13:52:28+00:00","breadcrumb":{"@id":"https:\/\/www.safinel.fr\/produit\/shampoing-solide-a-la-nigelle-60g-nigelle-source\/#breadcrumb"},"inLanguage":"es","potentialAction":[{"@type":"ReadAction","target":["https:\/\/www.safinel.fr\/produit\/shampoing-solide-a-la-nigelle-60g-nigelle-source\/"]}]},{"@type":"ImageObject","inLanguage":"es","@id":"https:\/\/www.safinel.fr\/produit\/shampoing-solide-a-la-nigelle-60g-nigelle-source\/#primaryimage","url":"https:\/\/www.safinel.fr\/wp-content\/uploads\/2021\/07\/shampoing-solid-3.jpg","contentUrl":"https:\/\/www.safinel.fr\/wp-content\/uploads\/2021\/07\/shampoing-solid-3.jpg","width":954,"height":800},{"@type":"BreadcrumbList","@id":"https:\/\/www.safinel.fr\/produit\/shampoing-solide-a-la-nigelle-60g-nigelle-source\/#breadcrumb","itemListElement":[{"@type":"ListItem","position":1,"name":"Accueil","item":"https:\/\/www.safinel.fr\/"},{"@type":"ListItem","position":2,"name":"Boutique","item":"https:\/\/www.safinel.fr\/boutique\/"},{"@type":"ListItem","position":3,"name":"Shampoing solide \u00e0 la nigelle 60g &#8211; Nigelle Source"}]},{"@type":"WebSite","@id":"https:\/\/www.safinel.fr\/#website","url":"https:\/\/www.safinel.fr\/","name":"Safinel","description":"","publisher":{"@id":"https:\/\/www.safinel.fr\/#organization"},"potentialAction":[{"@type":"SearchAction","target":{"@type":"EntryPoint","urlTemplate":"https:\/\/www.safinel.fr\/?s={search_term_string}"},"query-input":{"@type":"PropertyValueSpecification","valueRequired":true,"valueName":"search_term_string"}}],"inLanguage":"es"},{"@type":"Organization","@id":"https:\/\/www.safinel.fr\/#organization","name":"Safinel","url":"https:\/\/www.safinel.fr\/","logo":{"@type":"ImageObject","inLanguage":"es","@id":"https:\/\/www.safinel.fr\/#\/schema\/logo\/image\/","url":"https:\/\/www.safinel.fr\/wp-content\/uploads\/2021\/05\/boutique-cosmetique.png","contentUrl":"https:\/\/www.safinel.fr\/wp-content\/uploads\/2021\/05\/boutique-cosmetique.png","width":800,"height":200,"caption":"Safinel"},"image":{"@id":"https:\/\/www.safinel.fr\/#\/schema\/logo\/image\/"}}]}},"_links":{"self":[{"href":"https:\/\/www.safinel.fr\/es\/wp-json\/wp\/v2\/product\/294","targetHints":{"allow":["GET"]}}],"collection":[{"href":"https:\/\/www.safinel.fr\/es\/wp-json\/wp\/v2\/product"}],"about":[{"href":"https:\/\/www.safinel.fr\/es\/wp-json\/wp\/v2\/types\/product"}],"wp:featuredmedia":[{"embeddable":true,"href":"https:\/\/www.safinel.fr\/es\/wp-json\/wp\/v2\/media\/327"}],"wp:attachment":[{"href":"https:\/\/www.safinel.fr\/es\/wp-json\/wp\/v2\/media?parent=294"}],"wp:term":[{"taxonomy":"product_brand","embeddable":true,"href":"https:\/\/www.safinel.fr\/es\/wp-json\/wp\/v2\/product_brand?post=294"},{"taxonomy":"product_cat","embeddable":true,"href":"https:\/\/www.safinel.fr\/es\/wp-json\/wp\/v2\/product_cat?post=294"},{"taxonomy":"product_tag","embeddable":true,"href":"https:\/\/www.safinel.fr\/es\/wp-json\/wp\/v2\/product_tag?post=294"}],"curies":[{"name":"wp","href":"https:\/\/api.w.org\/{rel}","templated":true}]}}